{"id":75394,"date":"2024-09-06T08:54:15","date_gmt":"2024-09-06T06:54:15","guid":{"rendered":"https:\/\/www.hoogstra-autosport.nl\/?post_type=product&#038;p=75394"},"modified":"2025-06-23T11:34:00","modified_gmt":"2025-06-23T09:34:00","slug":"scott-goggle-fury-neon-yellow-yellow-chrome-works","status":"publish","type":"product","link":"https:\/\/www.hoogstra-autosport.nl\/fr\/produit\/scott-goggle-fury-neon-yellow-yellow-chrome-works\/","title":{"rendered":"Scott Goggle Fury Neon Yellow \/ Yellow Chrome Works"},"content":{"rendered":"<p>Les lunettes de protection SCOTT Fury ne manqueront pas de faire sensation. Fa\u00e7onn\u00e9 par l'innovation, la technologie et le design, le Fury suit les traces de notre masque phare, le Prospect. Avec notre syst\u00e8me \u00e9prouv\u00e9 SCOTT Lens Lock System, une mousse faciale \u00e0 3 couches, une sangle en silicone antid\u00e9rapante et un support pour tous les accessoires comme le Prospect, ce masque de motocross \u00e0 profil bas et \u00e0 haute performance est enti\u00e8rement con\u00e7u pour d\u00e9fendre votre vision dans toutes les conditions. TECHNOLOGIES DU CADRE - Lens Lock System - Mousse faciale moul\u00e9e \u00e0 3 couches - Sangle en silicone antid\u00e9rapante LENSTECHNOLOGIES - Protection UV 100%, traitement antibu\u00e9e NoFog\u2122, Single Lens Works EXTRA'S : - Lentille transparente en prime incluse.<\/p>","protected":false},"excerpt":{"rendered":"<p>De SCOTT Fury Goggle zorgt gegarandeerd voor opschudding. De Fury is gevormd door innovatie, technologie en design en volgt in de voetsporen van onze vlaggenschipbril, de Prospect. Met ons beproefde SCOTT Lens Lock System, 3-laags gezichtsfoam, antislip siliconenband en ondersteuning voor alle accessoires als de Prospect, is deze low-profile, high-performance motocrossbril volledig ontwikkeld om uw [&hellip;]<\/p>\n","protected":false},"featured_media":75395,"template":"","meta":{"_acf_changed":false},"product_brand":[],"product_cat":[4183,4283],"product_tag":[],"class_list":{"0":"post-75394","1":"product","2":"type-product","3":"status-publish","4":"has-post-thumbnail","6":"product_cat-scott-brillen-delen","7":"product_cat-scott-goggle-fury","8":"product_shipping_class-4016","10":"first","11":"instock","12":"taxable","13":"shipping-taxable","14":"purchasable","15":"product-type-simple"},"acf":[],"yoast_head":"<!-- This site is optimized with the Yoast SEO plugin v27.1.1 - https:\/\/yoast.com\/product\/yoast-seo-wordpress\/ -->\n<title>Scott Goggle Fury Neon Yellow \/ Yellow Chrome Works - Hoogstra Autosport<\/title>\n<meta name=\"robots\" content=\"index, follow, max-snippet:-1, max-image-preview:large, max-video-preview:-1\" \/>\n<link rel=\"canonical\" href=\"https:\/\/www.hoogstra-autosport.nl\/fr\/produit\/scott-goggle-fury-neon-yellow-yellow-chrome-works\/\" \/>\n<meta property=\"og:locale\" content=\"fr_FR\" \/>\n<meta property=\"og:type\" content=\"article\" \/>\n<meta property=\"og:title\" content=\"Scott Goggle Fury Neon Yellow \/ Yellow Chrome Works - Hoogstra Autosport\" \/>\n<meta property=\"og:description\" content=\"De SCOTT Fury Goggle zorgt gegarandeerd voor opschudding. De Fury is gevormd door innovatie, technologie en design en volgt in de voetsporen van onze vlaggenschipbril, de Prospect. Met ons beproefde SCOTT Lens Lock System, 3-laags gezichtsfoam, antislip siliconenband en ondersteuning voor alle accessoires als de Prospect, is deze low-profile, high-performance motocrossbril volledig ontwikkeld om uw [&hellip;]\" \/>\n<meta property=\"og:url\" content=\"https:\/\/www.hoogstra-autosport.nl\/fr\/produit\/scott-goggle-fury-neon-yellow-yellow-chrome-works\/\" \/>\n<meta property=\"og:site_name\" content=\"Hoogstra Autosport\" \/>\n<meta property=\"article:modified_time\" content=\"2025-06-23T09:34:00+00:00\" \/>\n<meta property=\"og:image\" content=\"https:\/\/www.hoogstra-autosport.nl\/teamkoen\/content\/uploads\/2024\/09\/neon-1.jpg\" \/>\n\t<meta property=\"og:image:width\" content=\"986\" \/>\n\t<meta property=\"og:image:height\" content=\"986\" \/>\n\t<meta property=\"og:image:type\" content=\"image\/jpeg\" \/>\n<meta name=\"twitter:card\" content=\"summary_large_image\" \/>\n<meta name=\"twitter:label1\" content=\"Dur\u00e9e de lecture estim\u00e9e\" \/>\n\t<meta name=\"twitter:data1\" content=\"1 minute\" \/>\n<script type=\"application\/ld+json\" class=\"yoast-schema-graph\">{\"@context\":\"https:\/\/schema.org\",\"@graph\":[{\"@type\":\"WebPage\",\"@id\":\"https:\/\/www.hoogstra-autosport.nl\/product\/scott-goggle-fury-neon-yellow-yellow-chrome-works\/\",\"url\":\"https:\/\/www.hoogstra-autosport.nl\/product\/scott-goggle-fury-neon-yellow-yellow-chrome-works\/\",\"name\":\"Scott Goggle Fury Neon Yellow \/ Yellow Chrome Works - Hoogstra Autosport\",\"isPartOf\":{\"@id\":\"https:\/\/www.hoogstra-autosport.nl\/#website\"},\"primaryImageOfPage\":{\"@id\":\"https:\/\/www.hoogstra-autosport.nl\/product\/scott-goggle-fury-neon-yellow-yellow-chrome-works\/#primaryimage\"},\"image\":{\"@id\":\"https:\/\/www.hoogstra-autosport.nl\/product\/scott-goggle-fury-neon-yellow-yellow-chrome-works\/#primaryimage\"},\"thumbnailUrl\":\"https:\/\/www.hoogstra-autosport.nl\/teamkoen\/wp-content\/uploads\/2024\/09\/neon-1.jpg\",\"datePublished\":\"2024-09-06T06:54:15+00:00\",\"dateModified\":\"2025-06-23T09:34:00+00:00\",\"breadcrumb\":{\"@id\":\"https:\/\/www.hoogstra-autosport.nl\/product\/scott-goggle-fury-neon-yellow-yellow-chrome-works\/#breadcrumb\"},\"inLanguage\":\"fr-FR\",\"potentialAction\":[{\"@type\":\"ReadAction\",\"target\":[\"https:\/\/www.hoogstra-autosport.nl\/product\/scott-goggle-fury-neon-yellow-yellow-chrome-works\/\"]}]},{\"@type\":\"ImageObject\",\"inLanguage\":\"fr-FR\",\"@id\":\"https:\/\/www.hoogstra-autosport.nl\/product\/scott-goggle-fury-neon-yellow-yellow-chrome-works\/#primaryimage\",\"url\":\"https:\/\/www.hoogstra-autosport.nl\/teamkoen\/wp-content\/uploads\/2024\/09\/neon-1.jpg\",\"contentUrl\":\"https:\/\/www.hoogstra-autosport.nl\/teamkoen\/wp-content\/uploads\/2024\/09\/neon-1.jpg\",\"width\":986,\"height\":986},{\"@type\":\"BreadcrumbList\",\"@id\":\"https:\/\/www.hoogstra-autosport.nl\/product\/scott-goggle-fury-neon-yellow-yellow-chrome-works\/#breadcrumb\",\"itemListElement\":[{\"@type\":\"ListItem\",\"position\":1,\"name\":\"Home\",\"item\":\"https:\/\/www.hoogstra-autosport.nl\/\"},{\"@type\":\"ListItem\",\"position\":2,\"name\":\"Uitrusting\",\"item\":\"https:\/\/www.hoogstra-autosport.nl\/product-categorie\/autosport-kleding-helmen\/\"},{\"@type\":\"ListItem\",\"position\":3,\"name\":\"Crossbrillen\",\"item\":\"https:\/\/www.hoogstra-autosport.nl\/product-categorie\/autosport-kleding-helmen\/crossbrillen\/\"},{\"@type\":\"ListItem\",\"position\":4,\"name\":\"Scott Brillen &amp; Delen\",\"item\":\"https:\/\/www.hoogstra-autosport.nl\/product-categorie\/autosport-kleding-helmen\/crossbrillen\/scott-brillen-delen\/\"},{\"@type\":\"ListItem\",\"position\":5,\"name\":\"Scott Goggle Fury\",\"item\":\"https:\/\/www.hoogstra-autosport.nl\/product-categorie\/autosport-kleding-helmen\/crossbrillen\/scott-brillen-delen\/scott-goggle-fury\/\"},{\"@type\":\"ListItem\",\"position\":6,\"name\":\"Scott Goggle Fury Neon Yellow \/ Yellow Chrome Works\"}]},{\"@type\":\"WebSite\",\"@id\":\"https:\/\/www.hoogstra-autosport.nl\/#website\",\"url\":\"https:\/\/www.hoogstra-autosport.nl\/\",\"name\":\"Hoogstra Autosport\",\"description\":\"Performance Autosport Parts!\",\"potentialAction\":[{\"@type\":\"SearchAction\",\"target\":{\"@type\":\"EntryPoint\",\"urlTemplate\":\"https:\/\/www.hoogstra-autosport.nl\/?s={search_term_string}\"},\"query-input\":{\"@type\":\"PropertyValueSpecification\",\"valueRequired\":true,\"valueName\":\"search_term_string\"}}],\"inLanguage\":\"fr-FR\"}]}<\/script>\n<!-- \/ Yoast SEO plugin. -->","yoast_head_json":{"title":"Scott Goggle Fury Neon Yellow \/ Yellow Chrome Works - Hoogstra Autosport","robots":{"index":"index","follow":"follow","max-snippet":"max-snippet:-1","max-image-preview":"max-image-preview:large","max-video-preview":"max-video-preview:-1"},"canonical":"https:\/\/www.hoogstra-autosport.nl\/fr\/produit\/scott-goggle-fury-neon-yellow-yellow-chrome-works\/","og_locale":"fr_FR","og_type":"article","og_title":"Scott Goggle Fury Neon Yellow \/ Yellow Chrome Works - Hoogstra Autosport","og_description":"De SCOTT Fury Goggle zorgt gegarandeerd voor opschudding. De Fury is gevormd door innovatie, technologie en design en volgt in de voetsporen van onze vlaggenschipbril, de Prospect. Met ons beproefde SCOTT Lens Lock System, 3-laags gezichtsfoam, antislip siliconenband en ondersteuning voor alle accessoires als de Prospect, is deze low-profile, high-performance motocrossbril volledig ontwikkeld om uw [&hellip;]","og_url":"https:\/\/www.hoogstra-autosport.nl\/fr\/produit\/scott-goggle-fury-neon-yellow-yellow-chrome-works\/","og_site_name":"Hoogstra Autosport","article_modified_time":"2025-06-23T09:34:00+00:00","og_image":[{"width":986,"height":986,"url":"https:\/\/www.hoogstra-autosport.nl\/teamkoen\/content\/uploads\/2024\/09\/neon-1.jpg","type":"image\/jpeg"}],"twitter_card":"summary_large_image","twitter_misc":{"Dur\u00e9e de lecture estim\u00e9e":"1 minute"},"schema":{"@context":"https:\/\/schema.org","@graph":[{"@type":"WebPage","@id":"https:\/\/www.hoogstra-autosport.nl\/product\/scott-goggle-fury-neon-yellow-yellow-chrome-works\/","url":"https:\/\/www.hoogstra-autosport.nl\/product\/scott-goggle-fury-neon-yellow-yellow-chrome-works\/","name":"Scott Goggle Fury Neon Yellow \/ Yellow Chrome Works - Hoogstra Autosport","isPartOf":{"@id":"https:\/\/www.hoogstra-autosport.nl\/#website"},"primaryImageOfPage":{"@id":"https:\/\/www.hoogstra-autosport.nl\/product\/scott-goggle-fury-neon-yellow-yellow-chrome-works\/#primaryimage"},"image":{"@id":"https:\/\/www.hoogstra-autosport.nl\/product\/scott-goggle-fury-neon-yellow-yellow-chrome-works\/#primaryimage"},"thumbnailUrl":"https:\/\/www.hoogstra-autosport.nl\/teamkoen\/wp-content\/uploads\/2024\/09\/neon-1.jpg","datePublished":"2024-09-06T06:54:15+00:00","dateModified":"2025-06-23T09:34:00+00:00","breadcrumb":{"@id":"https:\/\/www.hoogstra-autosport.nl\/product\/scott-goggle-fury-neon-yellow-yellow-chrome-works\/#breadcrumb"},"inLanguage":"fr-FR","potentialAction":[{"@type":"ReadAction","target":["https:\/\/www.hoogstra-autosport.nl\/product\/scott-goggle-fury-neon-yellow-yellow-chrome-works\/"]}]},{"@type":"ImageObject","inLanguage":"fr-FR","@id":"https:\/\/www.hoogstra-autosport.nl\/product\/scott-goggle-fury-neon-yellow-yellow-chrome-works\/#primaryimage","url":"https:\/\/www.hoogstra-autosport.nl\/teamkoen\/wp-content\/uploads\/2024\/09\/neon-1.jpg","contentUrl":"https:\/\/www.hoogstra-autosport.nl\/teamkoen\/wp-content\/uploads\/2024\/09\/neon-1.jpg","width":986,"height":986},{"@type":"BreadcrumbList","@id":"https:\/\/www.hoogstra-autosport.nl\/product\/scott-goggle-fury-neon-yellow-yellow-chrome-works\/#breadcrumb","itemListElement":[{"@type":"ListItem","position":1,"name":"Home","item":"https:\/\/www.hoogstra-autosport.nl\/"},{"@type":"ListItem","position":2,"name":"Uitrusting","item":"https:\/\/www.hoogstra-autosport.nl\/product-categorie\/autosport-kleding-helmen\/"},{"@type":"ListItem","position":3,"name":"Crossbrillen","item":"https:\/\/www.hoogstra-autosport.nl\/product-categorie\/autosport-kleding-helmen\/crossbrillen\/"},{"@type":"ListItem","position":4,"name":"Scott Brillen &amp; Delen","item":"https:\/\/www.hoogstra-autosport.nl\/product-categorie\/autosport-kleding-helmen\/crossbrillen\/scott-brillen-delen\/"},{"@type":"ListItem","position":5,"name":"Scott Goggle Fury","item":"https:\/\/www.hoogstra-autosport.nl\/product-categorie\/autosport-kleding-helmen\/crossbrillen\/scott-brillen-delen\/scott-goggle-fury\/"},{"@type":"ListItem","position":6,"name":"Scott Goggle Fury Neon Yellow \/ Yellow Chrome Works"}]},{"@type":"WebSite","@id":"https:\/\/www.hoogstra-autosport.nl\/#website","url":"https:\/\/www.hoogstra-autosport.nl\/","name":"Hoogstra Autosport","description":"Performance Autosport Parts!","potentialAction":[{"@type":"SearchAction","target":{"@type":"EntryPoint","urlTemplate":"https:\/\/www.hoogstra-autosport.nl\/?s={search_term_string}"},"query-input":{"@type":"PropertyValueSpecification","valueRequired":true,"valueName":"search_term_string"}}],"inLanguage":"fr-FR"}]}},"tiered_pricing_type":"fixed","tiered_pricing_fixed_rules":[],"tiered_pricing_product_settings":{"layout":"default","base_unit_name":{"singular":null,"plural":null},"default_variation":null},"tiered_pricing_minimum_quantity":null,"tiered_pricing_roles_data":[],"tiered_pricing_percentage_rules":[],"tiered_pricing_maximum_quantity":null,"tiered_pricing_quantity_step":null,"_links":{"self":[{"href":"https:\/\/www.hoogstra-autosport.nl\/fr\/wp-json\/wp\/v2\/product\/75394","targetHints":{"allow":["GET"]}}],"collection":[{"href":"https:\/\/www.hoogstra-autosport.nl\/fr\/wp-json\/wp\/v2\/product"}],"about":[{"href":"https:\/\/www.hoogstra-autosport.nl\/fr\/wp-json\/wp\/v2\/types\/product"}],"wp:featuredmedia":[{"embeddable":true,"href":"https:\/\/www.hoogstra-autosport.nl\/fr\/wp-json\/wp\/v2\/media\/75395"}],"wp:attachment":[{"href":"https:\/\/www.hoogstra-autosport.nl\/fr\/wp-json\/wp\/v2\/media?parent=75394"}],"wp:term":[{"taxonomy":"product_brand","embeddable":true,"href":"https:\/\/www.hoogstra-autosport.nl\/fr\/wp-json\/wp\/v2\/product_brand?post=75394"},{"taxonomy":"product_cat","embeddable":true,"href":"https:\/\/www.hoogstra-autosport.nl\/fr\/wp-json\/wp\/v2\/product_cat?post=75394"},{"taxonomy":"product_tag","embeddable":true,"href":"https:\/\/www.hoogstra-autosport.nl\/fr\/wp-json\/wp\/v2\/product_tag?post=75394"}],"curies":[{"name":"wp","href":"https:\/\/api.w.org\/{rel}","templated":true}]}}