{"id":72356,"date":"2024-06-13T15:56:09","date_gmt":"2024-06-13T13:56:09","guid":{"rendered":"https:\/\/www.hoogstra-autosport.nl\/?post_type=product&#038;p=72356"},"modified":"2024-06-13T15:56:10","modified_gmt":"2024-06-13T13:56:10","slug":"sw500-e-z-weegschaalsysteem","status":"publish","type":"product","link":"https:\/\/www.hoogstra-autosport.nl\/fr\/produit\/sw500-e-z-weegschaalsysteem\/","title":{"rendered":"Syst\u00e8me de pes\u00e9e SW500 E-Z"},"content":{"rendered":"<p><span class=\"jCAhz JxVs2d ChMk0b\"><span class=\"ryNqvb\">Y compris <\/span><\/span><span class=\"jCAhz JxVs2d ChMk0b\"><span class=\"ryNqvb\">Le syst\u00e8me comprend <\/span><\/span><span class=\"jCAhz JxVs2d ChMk0b\"><span class=\"ryNqvb\">15\u2033 x 15\u2033 x 2,5\u2033 (381 x 381 x 64 mm)<\/span><\/span><\/p>\n<p><span class=\"jCAhz JxVs2d ChMk0b\"><span class=\"ryNqvb\"> Plaquettes RFX\u2122 billettes <\/span><\/span><span class=\"jCAhz JxVs2d ChMk0b\"><span class=\"ryNqvb\">Indicateur filaire avec bo\u00eetier <\/span><\/span><span class=\"jCAhz JxVs2d ChMk0b\"><span class=\"ryNqvb\">Pile standard de 9 volts <\/span><\/span><\/p>\n<p><span class=\"jCAhz JxVs2d ChMk0b\"><span class=\"ryNqvb\">Le syst\u00e8me DELUXE comprend <\/span><\/span><span class=\"jCAhz JxVs2d ChMk0b\"><span class=\"ryNqvb\">Indicateur filaire avec bo\u00eetier <\/span><\/span><span class=\"jCAhz JxVs2d ChMk0b\"><span class=\"ryNqvb\">15\u2033 x 15\u2033 x 2,5\u2033 (381 x 381 x 64 mm)<\/span><\/span><\/p>\n<p><span class=\"jCAhz JxVs2d ChMk0b\"><span class=\"ryNqvb\"> Plaquettes RFX\u2122 billettes <\/span><\/span><span class=\"jCAhz JxVs2d ChMk0b\"><span class=\"ryNqvb\">Logiciel Raceweigh\u2122 <\/span><\/span><span class=\"jCAhz JxVs2d ChMk0b\"><span class=\"ryNqvb\">C\u00e2ble d'interface <\/span><\/span><span class=\"jCAhz JxVs2d\"><span class=\"ryNqvb\">Couvre-tampon <\/span><\/span><span class=\"jCAhz JxVs2d ChMk0b\"><span class=\"ryNqvb\">Pile standard de 9 volts<\/span><\/span><\/p>\n<p><span class=\"jCAhz JxVs2d ChMk0b\"><span class=\"ryNqvb\">Capacit\u00e9 de charge de 700 kg. <\/span><\/span><\/p>\n<p><span class=\"jCAhz JxVs2d ChMk0b\"><span class=\"ryNqvb\"><span class=\"jCAhz JxVs2d\">Capacit\u00e9 du syst\u00e8me de 2 800 kg (6 000 lb). <\/span><\/span><\/span><\/p>\n<p><span class=\"jCAhz JxVs2d ChMk0b\"><span class=\"ryNqvb\"><span class=\"jCAhz JxVs2d\">Sortie USB et RS232 <\/span><span class=\"jCAhz JxVs2d\">Certifi\u00e9 pour une pr\u00e9cision de 0,1% <\/span><span class=\"jCAhz JxVs2d\">POURCENTAGE DE POIDS\u2122<\/span><\/span><\/span><\/p>\n<p><span class=\"jCAhz JxVs2d ChMk0b\"><span class=\"ryNqvb\"><span class=\"jCAhz JxVs2d\"> Affichage des pourcentages de poids en centi\u00e8mes <\/span><span class=\"jCAhz JxVs2d\">M\u00e9morisation de 100 r\u00e9glages de ch\u00e2ssis <\/span><span class=\"jCAhz JxVs2d\">Rappel des param\u00e8tres de base<\/span><\/span><\/span><\/p>\n<p><span class=\"jCAhz JxVs2d ChMk0b\"><span class=\"ryNqvb\"> <span class=\"jCAhz JxVs2d\">Calcul du centre de gravit\u00e9 <\/span>Modes d'affichage s\u00e9lectionnables par l'utilisateur Fonction de r\u00e9glage de la cible<\/span><\/span><\/p>","protected":false},"excerpt":{"rendered":"<p>Inclusief Systeem omvat 15&#8243; x 15&#8243; x 2,5&#8243; (381 x 381 x 64 mm) RFX\u2122 billet-pads Bekabelde indicator met koffer Standaard 9-volt batterij DELUXE-systeem omvat Bekabelde indicator met koffer 15&#8243; x 15&#8243; x 2,5&#8243; (381 x 381 x 64 mm) RFX\u2122 billet-pads Raceweigh\u2122-software Interfacekabel Pad-hoesje Standaard 9-volt batterij Padcapaciteit van 700 kg (1.500 lb). Systeemcapaciteit [&hellip;]<\/p>\n","protected":false},"featured_media":72357,"template":"","meta":{"_acf_changed":false},"product_brand":[],"product_cat":[3810,2846],"product_tag":[],"class_list":{"0":"post-72356","1":"product","2":"type-product","3":"status-publish","4":"has-post-thumbnail","6":"product_cat-digitale-weegschalen","7":"product_cat-garage-werkplaats-onderhoud","8":"product_shipping_class-4016","10":"first","11":"instock","12":"taxable","13":"shipping-taxable","14":"purchasable","15":"product-type-simple"},"acf":[],"yoast_head":"<!-- This site is optimized with the Yoast SEO plugin v27.1.1 - https:\/\/yoast.com\/product\/yoast-seo-wordpress\/ -->\n<title>SW500 E-Z Weegschaalsysteem - Hoogstra Autosport<\/title>\n<meta name=\"robots\" content=\"index, follow, max-snippet:-1, max-image-preview:large, max-video-preview:-1\" \/>\n<link rel=\"canonical\" href=\"https:\/\/www.hoogstra-autosport.nl\/fr\/produit\/sw500-e-z-weegschaalsysteem\/\" \/>\n<meta property=\"og:locale\" content=\"fr_FR\" \/>\n<meta property=\"og:type\" content=\"article\" \/>\n<meta property=\"og:title\" content=\"SW500 E-Z Weegschaalsysteem - Hoogstra Autosport\" \/>\n<meta property=\"og:description\" content=\"Inclusief Systeem omvat 15&#8243; x 15&#8243; x 2,5&#8243; (381 x 381 x 64 mm) RFX\u2122 billet-pads Bekabelde indicator met koffer Standaard 9-volt batterij DELUXE-systeem omvat Bekabelde indicator met koffer 15&#8243; x 15&#8243; x 2,5&#8243; (381 x 381 x 64 mm) RFX\u2122 billet-pads Raceweigh\u2122-software Interfacekabel Pad-hoesje Standaard 9-volt batterij Padcapaciteit van 700 kg (1.500 lb). Systeemcapaciteit [&hellip;]\" \/>\n<meta property=\"og:url\" content=\"https:\/\/www.hoogstra-autosport.nl\/fr\/produit\/sw500-e-z-weegschaalsysteem\/\" \/>\n<meta property=\"og:site_name\" content=\"Hoogstra Autosport\" \/>\n<meta property=\"article:modified_time\" content=\"2024-06-13T13:56:10+00:00\" \/>\n<meta property=\"og:image\" content=\"https:\/\/hoogstra-autosport.nl\/teamkoen\/content\/uploads\/2024\/06\/70125.jpg\" \/>\n\t<meta property=\"og:image:width\" content=\"986\" \/>\n\t<meta property=\"og:image:height\" content=\"986\" \/>\n\t<meta property=\"og:image:type\" content=\"image\/jpeg\" \/>\n<meta name=\"twitter:card\" content=\"summary_large_image\" \/>\n<meta name=\"twitter:label1\" content=\"Dur\u00e9e de lecture estim\u00e9e\" \/>\n\t<meta name=\"twitter:data1\" content=\"1 minute\" \/>\n<script type=\"application\/ld+json\" class=\"yoast-schema-graph\">{\"@context\":\"https:\/\/schema.org\",\"@graph\":[{\"@type\":\"WebPage\",\"@id\":\"https:\/\/www.hoogstra-autosport.nl\/product\/sw500-e-z-weegschaalsysteem\/\",\"url\":\"https:\/\/www.hoogstra-autosport.nl\/product\/sw500-e-z-weegschaalsysteem\/\",\"name\":\"SW500 E-Z Weegschaalsysteem - Hoogstra Autosport\",\"isPartOf\":{\"@id\":\"https:\/\/www.hoogstra-autosport.nl\/#website\"},\"primaryImageOfPage\":{\"@id\":\"https:\/\/www.hoogstra-autosport.nl\/product\/sw500-e-z-weegschaalsysteem\/#primaryimage\"},\"image\":{\"@id\":\"https:\/\/www.hoogstra-autosport.nl\/product\/sw500-e-z-weegschaalsysteem\/#primaryimage\"},\"thumbnailUrl\":\"https:\/\/www.hoogstra-autosport.nl\/teamkoen\/wp-content\/uploads\/2024\/06\/70125.jpg\",\"datePublished\":\"2024-06-13T13:56:09+00:00\",\"dateModified\":\"2024-06-13T13:56:10+00:00\",\"breadcrumb\":{\"@id\":\"https:\/\/www.hoogstra-autosport.nl\/product\/sw500-e-z-weegschaalsysteem\/#breadcrumb\"},\"inLanguage\":\"fr-FR\",\"potentialAction\":[{\"@type\":\"ReadAction\",\"target\":[\"https:\/\/www.hoogstra-autosport.nl\/product\/sw500-e-z-weegschaalsysteem\/\"]}]},{\"@type\":\"ImageObject\",\"inLanguage\":\"fr-FR\",\"@id\":\"https:\/\/www.hoogstra-autosport.nl\/product\/sw500-e-z-weegschaalsysteem\/#primaryimage\",\"url\":\"https:\/\/www.hoogstra-autosport.nl\/teamkoen\/wp-content\/uploads\/2024\/06\/70125.jpg\",\"contentUrl\":\"https:\/\/www.hoogstra-autosport.nl\/teamkoen\/wp-content\/uploads\/2024\/06\/70125.jpg\",\"width\":986,\"height\":986},{\"@type\":\"BreadcrumbList\",\"@id\":\"https:\/\/www.hoogstra-autosport.nl\/product\/sw500-e-z-weegschaalsysteem\/#breadcrumb\",\"itemListElement\":[{\"@type\":\"ListItem\",\"position\":1,\"name\":\"Home\",\"item\":\"https:\/\/www.hoogstra-autosport.nl\/\"},{\"@type\":\"ListItem\",\"position\":2,\"name\":\"Werkplaats\",\"item\":\"https:\/\/www.hoogstra-autosport.nl\/product-categorie\/garage-werkplaats-onderhoud\/\"},{\"@type\":\"ListItem\",\"position\":3,\"name\":\"Digitale Weegschalen\",\"item\":\"https:\/\/www.hoogstra-autosport.nl\/product-categorie\/garage-werkplaats-onderhoud\/digitale-weegschalen\/\"},{\"@type\":\"ListItem\",\"position\":4,\"name\":\"SW500 E-Z Weegschaalsysteem\"}]},{\"@type\":\"WebSite\",\"@id\":\"https:\/\/www.hoogstra-autosport.nl\/#website\",\"url\":\"https:\/\/www.hoogstra-autosport.nl\/\",\"name\":\"Hoogstra Autosport\",\"description\":\"Performance Autosport Parts!\",\"potentialAction\":[{\"@type\":\"SearchAction\",\"target\":{\"@type\":\"EntryPoint\",\"urlTemplate\":\"https:\/\/www.hoogstra-autosport.nl\/?s={search_term_string}\"},\"query-input\":{\"@type\":\"PropertyValueSpecification\",\"valueRequired\":true,\"valueName\":\"search_term_string\"}}],\"inLanguage\":\"fr-FR\"}]}<\/script>\n<!-- \/ Yoast SEO plugin. -->","yoast_head_json":{"title":"SW500 E-Z Weegschaalsysteem - Hoogstra Autosport","robots":{"index":"index","follow":"follow","max-snippet":"max-snippet:-1","max-image-preview":"max-image-preview:large","max-video-preview":"max-video-preview:-1"},"canonical":"https:\/\/www.hoogstra-autosport.nl\/fr\/produit\/sw500-e-z-weegschaalsysteem\/","og_locale":"fr_FR","og_type":"article","og_title":"SW500 E-Z Weegschaalsysteem - Hoogstra Autosport","og_description":"Inclusief Systeem omvat 15&#8243; x 15&#8243; x 2,5&#8243; (381 x 381 x 64 mm) RFX\u2122 billet-pads Bekabelde indicator met koffer Standaard 9-volt batterij DELUXE-systeem omvat Bekabelde indicator met koffer 15&#8243; x 15&#8243; x 2,5&#8243; (381 x 381 x 64 mm) RFX\u2122 billet-pads Raceweigh\u2122-software Interfacekabel Pad-hoesje Standaard 9-volt batterij Padcapaciteit van 700 kg (1.500 lb). Systeemcapaciteit [&hellip;]","og_url":"https:\/\/www.hoogstra-autosport.nl\/fr\/produit\/sw500-e-z-weegschaalsysteem\/","og_site_name":"Hoogstra Autosport","article_modified_time":"2024-06-13T13:56:10+00:00","og_image":[{"width":986,"height":986,"url":"https:\/\/hoogstra-autosport.nl\/teamkoen\/content\/uploads\/2024\/06\/70125.jpg","type":"image\/jpeg"}],"twitter_card":"summary_large_image","twitter_misc":{"Dur\u00e9e de lecture estim\u00e9e":"1 minute"},"schema":{"@context":"https:\/\/schema.org","@graph":[{"@type":"WebPage","@id":"https:\/\/www.hoogstra-autosport.nl\/product\/sw500-e-z-weegschaalsysteem\/","url":"https:\/\/www.hoogstra-autosport.nl\/product\/sw500-e-z-weegschaalsysteem\/","name":"SW500 E-Z Weegschaalsysteem - Hoogstra Autosport","isPartOf":{"@id":"https:\/\/www.hoogstra-autosport.nl\/#website"},"primaryImageOfPage":{"@id":"https:\/\/www.hoogstra-autosport.nl\/product\/sw500-e-z-weegschaalsysteem\/#primaryimage"},"image":{"@id":"https:\/\/www.hoogstra-autosport.nl\/product\/sw500-e-z-weegschaalsysteem\/#primaryimage"},"thumbnailUrl":"https:\/\/www.hoogstra-autosport.nl\/teamkoen\/wp-content\/uploads\/2024\/06\/70125.jpg","datePublished":"2024-06-13T13:56:09+00:00","dateModified":"2024-06-13T13:56:10+00:00","breadcrumb":{"@id":"https:\/\/www.hoogstra-autosport.nl\/product\/sw500-e-z-weegschaalsysteem\/#breadcrumb"},"inLanguage":"fr-FR","potentialAction":[{"@type":"ReadAction","target":["https:\/\/www.hoogstra-autosport.nl\/product\/sw500-e-z-weegschaalsysteem\/"]}]},{"@type":"ImageObject","inLanguage":"fr-FR","@id":"https:\/\/www.hoogstra-autosport.nl\/product\/sw500-e-z-weegschaalsysteem\/#primaryimage","url":"https:\/\/www.hoogstra-autosport.nl\/teamkoen\/wp-content\/uploads\/2024\/06\/70125.jpg","contentUrl":"https:\/\/www.hoogstra-autosport.nl\/teamkoen\/wp-content\/uploads\/2024\/06\/70125.jpg","width":986,"height":986},{"@type":"BreadcrumbList","@id":"https:\/\/www.hoogstra-autosport.nl\/product\/sw500-e-z-weegschaalsysteem\/#breadcrumb","itemListElement":[{"@type":"ListItem","position":1,"name":"Home","item":"https:\/\/www.hoogstra-autosport.nl\/"},{"@type":"ListItem","position":2,"name":"Werkplaats","item":"https:\/\/www.hoogstra-autosport.nl\/product-categorie\/garage-werkplaats-onderhoud\/"},{"@type":"ListItem","position":3,"name":"Digitale Weegschalen","item":"https:\/\/www.hoogstra-autosport.nl\/product-categorie\/garage-werkplaats-onderhoud\/digitale-weegschalen\/"},{"@type":"ListItem","position":4,"name":"SW500 E-Z Weegschaalsysteem"}]},{"@type":"WebSite","@id":"https:\/\/www.hoogstra-autosport.nl\/#website","url":"https:\/\/www.hoogstra-autosport.nl\/","name":"Hoogstra Autosport","description":"Performance Autosport Parts!","potentialAction":[{"@type":"SearchAction","target":{"@type":"EntryPoint","urlTemplate":"https:\/\/www.hoogstra-autosport.nl\/?s={search_term_string}"},"query-input":{"@type":"PropertyValueSpecification","valueRequired":true,"valueName":"search_term_string"}}],"inLanguage":"fr-FR"}]}},"tiered_pricing_type":"fixed","tiered_pricing_fixed_rules":[],"tiered_pricing_product_settings":{"layout":"default","base_unit_name":{"singular":null,"plural":null},"default_variation":null},"tiered_pricing_minimum_quantity":null,"tiered_pricing_roles_data":[],"tiered_pricing_percentage_rules":[],"tiered_pricing_maximum_quantity":null,"tiered_pricing_quantity_step":null,"_links":{"self":[{"href":"https:\/\/www.hoogstra-autosport.nl\/fr\/wp-json\/wp\/v2\/product\/72356","targetHints":{"allow":["GET"]}}],"collection":[{"href":"https:\/\/www.hoogstra-autosport.nl\/fr\/wp-json\/wp\/v2\/product"}],"about":[{"href":"https:\/\/www.hoogstra-autosport.nl\/fr\/wp-json\/wp\/v2\/types\/product"}],"wp:featuredmedia":[{"embeddable":true,"href":"https:\/\/www.hoogstra-autosport.nl\/fr\/wp-json\/wp\/v2\/media\/72357"}],"wp:attachment":[{"href":"https:\/\/www.hoogstra-autosport.nl\/fr\/wp-json\/wp\/v2\/media?parent=72356"}],"wp:term":[{"taxonomy":"product_brand","embeddable":true,"href":"https:\/\/www.hoogstra-autosport.nl\/fr\/wp-json\/wp\/v2\/product_brand?post=72356"},{"taxonomy":"product_cat","embeddable":true,"href":"https:\/\/www.hoogstra-autosport.nl\/fr\/wp-json\/wp\/v2\/product_cat?post=72356"},{"taxonomy":"product_tag","embeddable":true,"href":"https:\/\/www.hoogstra-autosport.nl\/fr\/wp-json\/wp\/v2\/product_tag?post=72356"}],"curies":[{"name":"wp","href":"https:\/\/api.w.org\/{rel}","templated":true}]}}