{"id":72198,"date":"2024-06-11T09:46:49","date_gmt":"2024-06-11T07:46:49","guid":{"rendered":"https:\/\/www.hoogstra-autosport.nl\/?post_type=product&#038;p=72198"},"modified":"2025-07-07T13:33:42","modified_gmt":"2025-07-07T11:33:42","slug":"quick-release-sliding-tether-system","status":"publish","type":"product","link":"https:\/\/www.hoogstra-autosport.nl\/fr\/produit\/quick-release-sliding-tether-system\/","title":{"rendered":"Syst\u00e8me d'attache coulissant \u00e0 d\u00e9gagement rapide"},"content":{"rendered":"<p>Convient \u00e0 tous les syst\u00e8mes HANS<\/p>\n<p><span class=\"jCAhz JxVs2d ChMk0b\"><span class=\"ryNqvb\">Les sangles mobiles am\u00e9liorent la visibilit\u00e9 panoramique du conducteur en permettant une libert\u00e9 de mouvement maximale de la t\u00eate.<\/span><\/span> <span class=\"jCAhz JxVs2d\"><span class=\"ryNqvb\">La fonction de d\u00e9verrouillage rapide facilite la fixation et le retrait du syst\u00e8me HANS du casque, en tirant simplement sur les sangles de d\u00e9verrouillage jaune vif des clips.<\/span><\/span> <span class=\"jCAhz JxVs2d\"><span class=\"ryNqvb\">Cela permet d'ouvrir les supports et de d\u00e9tacher facilement le syst\u00e8me d'attache rapide du casque. <\/span><\/span><span class=\"jCAhz JxVs2d ChMk0b\"><span class=\"ryNqvb\">Les attaches rapides pour casque HANS ne sont pas incluses dans la livraison et doivent \u00eatre command\u00e9es s\u00e9par\u00e9ment. <\/span><\/span><span class=\"jCAhz JxVs2d\"><span class=\"ryNqvb\">Le kit comprend une cha\u00eene, des vis et des supports de montage. <\/span><\/span><span class=\"jCAhz JxVs2d\"><span class=\"ryNqvb\">FIA-label_8858-2010 <\/span><\/span><span class=\"jCAhz JxVs2d ChMk0b\"><span class=\"ryNqvb\">Les attaches rapides HANS sont disponibles en quatre longueurs diff\u00e9rentes.<\/span><\/span><span class=\"jCAhz JxVs2d ChMk0b\"><span class=\"ryNqvb\">(Longueur standard 17\u2033)<\/span><\/span><\/p>","protected":false},"excerpt":{"rendered":"<p>Past op elk HANS systeem Beweegbare riemen verbeteren het zicht rondom van de bestuurder door de grootst mogelijke bewegingsvrijheid voor het hoofd mogelijk te maken. De quick release-functie maakt het gemakkelijker om het HANS-systeem van de helm te bevestigen en te verwijderen &#8211; door simpelweg aan de felgele ontgrendelingsriemen op de clips te trekken. Hierdoor [&hellip;]<\/p>\n","protected":false},"featured_media":72203,"template":"","meta":{"_acf_changed":false},"product_brand":[],"product_cat":[4292],"product_tag":[],"class_list":{"0":"post-72198","1":"product","2":"type-product","3":"status-publish","4":"has-post-thumbnail","6":"product_cat-h-a-n-s","7":"product_shipping_class-4016","9":"first","10":"instock","11":"taxable","12":"shipping-taxable","13":"purchasable","14":"product-type-variable"},"acf":[],"yoast_head":"<!-- This site is optimized with the Yoast SEO plugin v27.1.1 - https:\/\/yoast.com\/product\/yoast-seo-wordpress\/ -->\n<title>Quick Release Sliding Tether System - Hoogstra Autosport<\/title>\n<meta name=\"robots\" content=\"index, follow, max-snippet:-1, max-image-preview:large, max-video-preview:-1\" \/>\n<link rel=\"canonical\" href=\"https:\/\/www.hoogstra-autosport.nl\/fr\/produit\/quick-release-sliding-tether-system\/\" \/>\n<meta property=\"og:locale\" content=\"fr_FR\" \/>\n<meta property=\"og:type\" content=\"article\" \/>\n<meta property=\"og:title\" content=\"Quick Release Sliding Tether System - Hoogstra Autosport\" \/>\n<meta property=\"og:description\" content=\"Past op elk HANS systeem Beweegbare riemen verbeteren het zicht rondom van de bestuurder door de grootst mogelijke bewegingsvrijheid voor het hoofd mogelijk te maken. De quick release-functie maakt het gemakkelijker om het HANS-systeem van de helm te bevestigen en te verwijderen &#8211; door simpelweg aan de felgele ontgrendelingsriemen op de clips te trekken. Hierdoor [&hellip;]\" \/>\n<meta property=\"og:url\" content=\"https:\/\/www.hoogstra-autosport.nl\/fr\/produit\/quick-release-sliding-tether-system\/\" \/>\n<meta property=\"og:site_name\" content=\"Hoogstra Autosport\" \/>\n<meta property=\"article:modified_time\" content=\"2025-07-07T11:33:42+00:00\" \/>\n<meta property=\"og:image\" content=\"https:\/\/www.hoogstra-autosport.nl\/teamkoen\/content\/uploads\/2024\/06\/bandje.jpg\" \/>\n\t<meta property=\"og:image:width\" content=\"986\" \/>\n\t<meta property=\"og:image:height\" content=\"986\" \/>\n\t<meta property=\"og:image:type\" content=\"image\/jpeg\" \/>\n<meta name=\"twitter:card\" content=\"summary_large_image\" \/>\n<meta name=\"twitter:label1\" content=\"Dur\u00e9e de lecture estim\u00e9e\" \/>\n\t<meta name=\"twitter:data1\" content=\"1 minute\" \/>\n<script type=\"application\/ld+json\" class=\"yoast-schema-graph\">{\"@context\":\"https:\/\/schema.org\",\"@graph\":[{\"@type\":\"WebPage\",\"@id\":\"https:\/\/www.hoogstra-autosport.nl\/product\/quick-release-sliding-tether-system\/\",\"url\":\"https:\/\/www.hoogstra-autosport.nl\/product\/quick-release-sliding-tether-system\/\",\"name\":\"Quick Release Sliding Tether System - Hoogstra Autosport\",\"isPartOf\":{\"@id\":\"https:\/\/www.hoogstra-autosport.nl\/#website\"},\"primaryImageOfPage\":{\"@id\":\"https:\/\/www.hoogstra-autosport.nl\/product\/quick-release-sliding-tether-system\/#primaryimage\"},\"image\":{\"@id\":\"https:\/\/www.hoogstra-autosport.nl\/product\/quick-release-sliding-tether-system\/#primaryimage\"},\"thumbnailUrl\":\"https:\/\/www.hoogstra-autosport.nl\/teamkoen\/wp-content\/uploads\/2024\/06\/bandje.jpg\",\"datePublished\":\"2024-06-11T07:46:49+00:00\",\"dateModified\":\"2025-07-07T11:33:42+00:00\",\"breadcrumb\":{\"@id\":\"https:\/\/www.hoogstra-autosport.nl\/product\/quick-release-sliding-tether-system\/#breadcrumb\"},\"inLanguage\":\"fr-FR\",\"potentialAction\":[{\"@type\":\"ReadAction\",\"target\":[\"https:\/\/www.hoogstra-autosport.nl\/product\/quick-release-sliding-tether-system\/\"]}]},{\"@type\":\"ImageObject\",\"inLanguage\":\"fr-FR\",\"@id\":\"https:\/\/www.hoogstra-autosport.nl\/product\/quick-release-sliding-tether-system\/#primaryimage\",\"url\":\"https:\/\/www.hoogstra-autosport.nl\/teamkoen\/wp-content\/uploads\/2024\/06\/bandje.jpg\",\"contentUrl\":\"https:\/\/www.hoogstra-autosport.nl\/teamkoen\/wp-content\/uploads\/2024\/06\/bandje.jpg\",\"width\":986,\"height\":986},{\"@type\":\"BreadcrumbList\",\"@id\":\"https:\/\/www.hoogstra-autosport.nl\/product\/quick-release-sliding-tether-system\/#breadcrumb\",\"itemListElement\":[{\"@type\":\"ListItem\",\"position\":1,\"name\":\"Home\",\"item\":\"https:\/\/www.hoogstra-autosport.nl\/\"},{\"@type\":\"ListItem\",\"position\":2,\"name\":\"Uitrusting\",\"item\":\"https:\/\/www.hoogstra-autosport.nl\/product-categorie\/autosport-kleding-helmen\/\"},{\"@type\":\"ListItem\",\"position\":3,\"name\":\"H.A.N.S. &amp; Simpson Systemen\",\"item\":\"https:\/\/www.hoogstra-autosport.nl\/product-categorie\/autosport-kleding-helmen\/hans-systeem\/\"},{\"@type\":\"ListItem\",\"position\":4,\"name\":\"H.A.N.S.\",\"item\":\"https:\/\/www.hoogstra-autosport.nl\/product-categorie\/autosport-kleding-helmen\/hans-systeem\/h-a-n-s\/\"},{\"@type\":\"ListItem\",\"position\":5,\"name\":\"Quick Release Sliding Tether System\"}]},{\"@type\":\"WebSite\",\"@id\":\"https:\/\/www.hoogstra-autosport.nl\/#website\",\"url\":\"https:\/\/www.hoogstra-autosport.nl\/\",\"name\":\"Hoogstra Autosport\",\"description\":\"Performance Autosport Parts!\",\"potentialAction\":[{\"@type\":\"SearchAction\",\"target\":{\"@type\":\"EntryPoint\",\"urlTemplate\":\"https:\/\/www.hoogstra-autosport.nl\/?s={search_term_string}\"},\"query-input\":{\"@type\":\"PropertyValueSpecification\",\"valueRequired\":true,\"valueName\":\"search_term_string\"}}],\"inLanguage\":\"fr-FR\"}]}<\/script>\n<!-- \/ Yoast SEO plugin. -->","yoast_head_json":{"title":"Quick Release Sliding Tether System - Hoogstra Autosport","robots":{"index":"index","follow":"follow","max-snippet":"max-snippet:-1","max-image-preview":"max-image-preview:large","max-video-preview":"max-video-preview:-1"},"canonical":"https:\/\/www.hoogstra-autosport.nl\/fr\/produit\/quick-release-sliding-tether-system\/","og_locale":"fr_FR","og_type":"article","og_title":"Quick Release Sliding Tether System - Hoogstra Autosport","og_description":"Past op elk HANS systeem Beweegbare riemen verbeteren het zicht rondom van de bestuurder door de grootst mogelijke bewegingsvrijheid voor het hoofd mogelijk te maken. De quick release-functie maakt het gemakkelijker om het HANS-systeem van de helm te bevestigen en te verwijderen &#8211; door simpelweg aan de felgele ontgrendelingsriemen op de clips te trekken. Hierdoor [&hellip;]","og_url":"https:\/\/www.hoogstra-autosport.nl\/fr\/produit\/quick-release-sliding-tether-system\/","og_site_name":"Hoogstra Autosport","article_modified_time":"2025-07-07T11:33:42+00:00","og_image":[{"width":986,"height":986,"url":"https:\/\/www.hoogstra-autosport.nl\/teamkoen\/content\/uploads\/2024\/06\/bandje.jpg","type":"image\/jpeg"}],"twitter_card":"summary_large_image","twitter_misc":{"Dur\u00e9e de lecture estim\u00e9e":"1 minute"},"schema":{"@context":"https:\/\/schema.org","@graph":[{"@type":"WebPage","@id":"https:\/\/www.hoogstra-autosport.nl\/product\/quick-release-sliding-tether-system\/","url":"https:\/\/www.hoogstra-autosport.nl\/product\/quick-release-sliding-tether-system\/","name":"Quick Release Sliding Tether System - Hoogstra Autosport","isPartOf":{"@id":"https:\/\/www.hoogstra-autosport.nl\/#website"},"primaryImageOfPage":{"@id":"https:\/\/www.hoogstra-autosport.nl\/product\/quick-release-sliding-tether-system\/#primaryimage"},"image":{"@id":"https:\/\/www.hoogstra-autosport.nl\/product\/quick-release-sliding-tether-system\/#primaryimage"},"thumbnailUrl":"https:\/\/www.hoogstra-autosport.nl\/teamkoen\/wp-content\/uploads\/2024\/06\/bandje.jpg","datePublished":"2024-06-11T07:46:49+00:00","dateModified":"2025-07-07T11:33:42+00:00","breadcrumb":{"@id":"https:\/\/www.hoogstra-autosport.nl\/product\/quick-release-sliding-tether-system\/#breadcrumb"},"inLanguage":"fr-FR","potentialAction":[{"@type":"ReadAction","target":["https:\/\/www.hoogstra-autosport.nl\/product\/quick-release-sliding-tether-system\/"]}]},{"@type":"ImageObject","inLanguage":"fr-FR","@id":"https:\/\/www.hoogstra-autosport.nl\/product\/quick-release-sliding-tether-system\/#primaryimage","url":"https:\/\/www.hoogstra-autosport.nl\/teamkoen\/wp-content\/uploads\/2024\/06\/bandje.jpg","contentUrl":"https:\/\/www.hoogstra-autosport.nl\/teamkoen\/wp-content\/uploads\/2024\/06\/bandje.jpg","width":986,"height":986},{"@type":"BreadcrumbList","@id":"https:\/\/www.hoogstra-autosport.nl\/product\/quick-release-sliding-tether-system\/#breadcrumb","itemListElement":[{"@type":"ListItem","position":1,"name":"Home","item":"https:\/\/www.hoogstra-autosport.nl\/"},{"@type":"ListItem","position":2,"name":"Uitrusting","item":"https:\/\/www.hoogstra-autosport.nl\/product-categorie\/autosport-kleding-helmen\/"},{"@type":"ListItem","position":3,"name":"H.A.N.S. &amp; Simpson Systemen","item":"https:\/\/www.hoogstra-autosport.nl\/product-categorie\/autosport-kleding-helmen\/hans-systeem\/"},{"@type":"ListItem","position":4,"name":"H.A.N.S.","item":"https:\/\/www.hoogstra-autosport.nl\/product-categorie\/autosport-kleding-helmen\/hans-systeem\/h-a-n-s\/"},{"@type":"ListItem","position":5,"name":"Quick Release Sliding Tether System"}]},{"@type":"WebSite","@id":"https:\/\/www.hoogstra-autosport.nl\/#website","url":"https:\/\/www.hoogstra-autosport.nl\/","name":"Hoogstra Autosport","description":"Performance Autosport Parts!","potentialAction":[{"@type":"SearchAction","target":{"@type":"EntryPoint","urlTemplate":"https:\/\/www.hoogstra-autosport.nl\/?s={search_term_string}"},"query-input":{"@type":"PropertyValueSpecification","valueRequired":true,"valueName":"search_term_string"}}],"inLanguage":"fr-FR"}]}},"tiered_pricing_type":"fixed","tiered_pricing_fixed_rules":[],"tiered_pricing_product_settings":{"layout":"default","base_unit_name":{"singular":null,"plural":null},"default_variation":null},"tiered_pricing_minimum_quantity":null,"tiered_pricing_roles_data":[],"tiered_pricing_percentage_rules":[],"tiered_pricing_maximum_quantity":null,"tiered_pricing_quantity_step":null,"_links":{"self":[{"href":"https:\/\/www.hoogstra-autosport.nl\/fr\/wp-json\/wp\/v2\/product\/72198","targetHints":{"allow":["GET"]}}],"collection":[{"href":"https:\/\/www.hoogstra-autosport.nl\/fr\/wp-json\/wp\/v2\/product"}],"about":[{"href":"https:\/\/www.hoogstra-autosport.nl\/fr\/wp-json\/wp\/v2\/types\/product"}],"wp:featuredmedia":[{"embeddable":true,"href":"https:\/\/www.hoogstra-autosport.nl\/fr\/wp-json\/wp\/v2\/media\/72203"}],"wp:attachment":[{"href":"https:\/\/www.hoogstra-autosport.nl\/fr\/wp-json\/wp\/v2\/media?parent=72198"}],"wp:term":[{"taxonomy":"product_brand","embeddable":true,"href":"https:\/\/www.hoogstra-autosport.nl\/fr\/wp-json\/wp\/v2\/product_brand?post=72198"},{"taxonomy":"product_cat","embeddable":true,"href":"https:\/\/www.hoogstra-autosport.nl\/fr\/wp-json\/wp\/v2\/product_cat?post=72198"},{"taxonomy":"product_tag","embeddable":true,"href":"https:\/\/www.hoogstra-autosport.nl\/fr\/wp-json\/wp\/v2\/product_tag?post=72198"}],"curies":[{"name":"wp","href":"https:\/\/api.w.org\/{rel}","templated":true}]}}