{"id":7060,"date":"2013-10-14T16:15:06","date_gmt":"2013-10-14T14:15:06","guid":{"rendered":"http:\/\/hoogstra-autosport.nl\/?product=luchtfilterbak-polyester"},"modified":"2025-11-25T17:11:33","modified_gmt":"2025-11-25T16:11:33","slug":"luchtfilterbak-polyester","status":"publish","type":"product","link":"https:\/\/www.hoogstra-autosport.nl\/fr\/produit\/luchtfilterbak-polyester\/","title":{"rendered":"Plateau de filtre \u00e0 air en polyester"},"content":{"rendered":"<p>Bo\u00eetier de filtre \u00e0 air Clapets d'\u00e9tranglement<\/p>\n<p>450 mm de long<\/p>\n<p>350 mm de long<\/p>\n<p>180 mm de profondeur<\/p>\n<p>belle forme pour mettre sur le filtre<\/p>\n<p>Id\u00e9al pour les moteurs honda<\/p>","protected":false},"excerpt":{"rendered":"<p>Luchtfilterbak Gaskleppen 450 mm lang 350 mm\u00a0lang 180 mm diep mooi vorm om over filter te zetten Ideaal voor honda motoren<\/p>","protected":false},"featured_media":93831,"template":"","meta":{"_acf_changed":false},"product_brand":[],"product_cat":[3934,2859,3935],"product_tag":[],"class_list":{"0":"post-7060","1":"product","2":"type-product","3":"status-publish","4":"has-post-thumbnail","6":"product_cat-kever-onderdelen","7":"product_cat-luchtfilter-platen-inlaat","8":"product_cat-sprinter-onderdelen","9":"product_shipping_class-4017","11":"first","12":"instock","13":"taxable","14":"shipping-taxable","15":"purchasable","16":"product-type-simple"},"acf":[],"yoast_head":"<!-- This site is optimized with the Yoast SEO plugin v27.1.1 - https:\/\/yoast.com\/product\/yoast-seo-wordpress\/ -->\n<title>Luchtfilterbak Polyester - Hoogstra Autosport<\/title>\n<meta name=\"robots\" content=\"index, follow, max-snippet:-1, max-image-preview:large, max-video-preview:-1\" \/>\n<link rel=\"canonical\" href=\"https:\/\/www.hoogstra-autosport.nl\/fr\/produit\/luchtfilterbak-polyester\/\" \/>\n<meta property=\"og:locale\" content=\"fr_FR\" \/>\n<meta property=\"og:type\" content=\"article\" \/>\n<meta property=\"og:title\" content=\"Luchtfilterbak Polyester - Hoogstra Autosport\" \/>\n<meta property=\"og:description\" content=\"Luchtfilterbak Gaskleppen 450 mm lang 350 mm\u00a0lang 180 mm diep mooi vorm om over filter te zetten Ideaal voor honda motoren\" \/>\n<meta property=\"og:url\" content=\"https:\/\/www.hoogstra-autosport.nl\/fr\/produit\/luchtfilterbak-polyester\/\" \/>\n<meta property=\"og:site_name\" content=\"Hoogstra Autosport\" \/>\n<meta property=\"article:modified_time\" content=\"2025-11-25T16:11:33+00:00\" \/>\n<meta property=\"og:image\" content=\"https:\/\/www.hoogstra-autosport.nl\/teamkoen\/wp-content\/uploads\/2013\/10\/Untitled-Project-36.jpg\" \/>\n\t<meta property=\"og:image:width\" content=\"1000\" \/>\n\t<meta property=\"og:image:height\" content=\"1000\" \/>\n\t<meta property=\"og:image:type\" content=\"image\/jpeg\" \/>\n<meta name=\"twitter:card\" content=\"summary_large_image\" \/>\n<meta name=\"twitter:label1\" content=\"Dur\u00e9e de lecture estim\u00e9e\" \/>\n\t<meta name=\"twitter:data1\" content=\"1 minute\" \/>\n<script type=\"application\/ld+json\" class=\"yoast-schema-graph\">{\"@context\":\"https:\/\/schema.org\",\"@graph\":[{\"@type\":\"WebPage\",\"@id\":\"https:\/\/www.hoogstra-autosport.nl\/product\/luchtfilterbak-polyester\/\",\"url\":\"https:\/\/www.hoogstra-autosport.nl\/product\/luchtfilterbak-polyester\/\",\"name\":\"Luchtfilterbak Polyester - Hoogstra Autosport\",\"isPartOf\":{\"@id\":\"https:\/\/www.hoogstra-autosport.nl\/#website\"},\"primaryImageOfPage\":{\"@id\":\"https:\/\/www.hoogstra-autosport.nl\/product\/luchtfilterbak-polyester\/#primaryimage\"},\"image\":{\"@id\":\"https:\/\/www.hoogstra-autosport.nl\/product\/luchtfilterbak-polyester\/#primaryimage\"},\"thumbnailUrl\":\"https:\/\/www.hoogstra-autosport.nl\/teamkoen\/wp-content\/uploads\/2013\/10\/Untitled-Project-36.jpg\",\"datePublished\":\"2013-10-14T14:15:06+00:00\",\"dateModified\":\"2025-11-25T16:11:33+00:00\",\"breadcrumb\":{\"@id\":\"https:\/\/www.hoogstra-autosport.nl\/product\/luchtfilterbak-polyester\/#breadcrumb\"},\"inLanguage\":\"fr-FR\",\"potentialAction\":[{\"@type\":\"ReadAction\",\"target\":[\"https:\/\/www.hoogstra-autosport.nl\/product\/luchtfilterbak-polyester\/\"]}]},{\"@type\":\"ImageObject\",\"inLanguage\":\"fr-FR\",\"@id\":\"https:\/\/www.hoogstra-autosport.nl\/product\/luchtfilterbak-polyester\/#primaryimage\",\"url\":\"https:\/\/www.hoogstra-autosport.nl\/teamkoen\/wp-content\/uploads\/2013\/10\/Untitled-Project-36.jpg\",\"contentUrl\":\"https:\/\/www.hoogstra-autosport.nl\/teamkoen\/wp-content\/uploads\/2013\/10\/Untitled-Project-36.jpg\",\"width\":1000,\"height\":1000},{\"@type\":\"BreadcrumbList\",\"@id\":\"https:\/\/www.hoogstra-autosport.nl\/product\/luchtfilterbak-polyester\/#breadcrumb\",\"itemListElement\":[{\"@type\":\"ListItem\",\"position\":1,\"name\":\"Home\",\"item\":\"https:\/\/www.hoogstra-autosport.nl\/\"},{\"@type\":\"ListItem\",\"position\":2,\"name\":\"Koeling &amp; Luchtfilters\",\"item\":\"https:\/\/www.hoogstra-autosport.nl\/product-categorie\/koeling-2\/\"},{\"@type\":\"ListItem\",\"position\":3,\"name\":\"Luchtfilters &amp; Toebehoren\",\"item\":\"https:\/\/www.hoogstra-autosport.nl\/product-categorie\/koeling-2\/luchtfilters-toebehoren\/\"},{\"@type\":\"ListItem\",\"position\":4,\"name\":\"Luchtfilter Platen Inlaat\",\"item\":\"https:\/\/www.hoogstra-autosport.nl\/product-categorie\/koeling-2\/luchtfilters-toebehoren\/luchtfilter-platen-inlaat\/\"},{\"@type\":\"ListItem\",\"position\":5,\"name\":\"Luchtfilterbak Polyester\"}]},{\"@type\":\"WebSite\",\"@id\":\"https:\/\/www.hoogstra-autosport.nl\/#website\",\"url\":\"https:\/\/www.hoogstra-autosport.nl\/\",\"name\":\"Hoogstra Autosport\",\"description\":\"Performance Autosport Parts!\",\"potentialAction\":[{\"@type\":\"SearchAction\",\"target\":{\"@type\":\"EntryPoint\",\"urlTemplate\":\"https:\/\/www.hoogstra-autosport.nl\/?s={search_term_string}\"},\"query-input\":{\"@type\":\"PropertyValueSpecification\",\"valueRequired\":true,\"valueName\":\"search_term_string\"}}],\"inLanguage\":\"fr-FR\"}]}<\/script>\n<!-- \/ Yoast SEO plugin. -->","yoast_head_json":{"title":"Luchtfilterbak Polyester - Hoogstra Autosport","robots":{"index":"index","follow":"follow","max-snippet":"max-snippet:-1","max-image-preview":"max-image-preview:large","max-video-preview":"max-video-preview:-1"},"canonical":"https:\/\/www.hoogstra-autosport.nl\/fr\/produit\/luchtfilterbak-polyester\/","og_locale":"fr_FR","og_type":"article","og_title":"Luchtfilterbak Polyester - Hoogstra Autosport","og_description":"Luchtfilterbak Gaskleppen 450 mm lang 350 mm\u00a0lang 180 mm diep mooi vorm om over filter te zetten Ideaal voor honda motoren","og_url":"https:\/\/www.hoogstra-autosport.nl\/fr\/produit\/luchtfilterbak-polyester\/","og_site_name":"Hoogstra Autosport","article_modified_time":"2025-11-25T16:11:33+00:00","og_image":[{"width":1000,"height":1000,"url":"https:\/\/www.hoogstra-autosport.nl\/teamkoen\/wp-content\/uploads\/2013\/10\/Untitled-Project-36.jpg","type":"image\/jpeg"}],"twitter_card":"summary_large_image","twitter_misc":{"Dur\u00e9e de lecture estim\u00e9e":"1 minute"},"schema":{"@context":"https:\/\/schema.org","@graph":[{"@type":"WebPage","@id":"https:\/\/www.hoogstra-autosport.nl\/product\/luchtfilterbak-polyester\/","url":"https:\/\/www.hoogstra-autosport.nl\/product\/luchtfilterbak-polyester\/","name":"Luchtfilterbak Polyester - Hoogstra Autosport","isPartOf":{"@id":"https:\/\/www.hoogstra-autosport.nl\/#website"},"primaryImageOfPage":{"@id":"https:\/\/www.hoogstra-autosport.nl\/product\/luchtfilterbak-polyester\/#primaryimage"},"image":{"@id":"https:\/\/www.hoogstra-autosport.nl\/product\/luchtfilterbak-polyester\/#primaryimage"},"thumbnailUrl":"https:\/\/www.hoogstra-autosport.nl\/teamkoen\/wp-content\/uploads\/2013\/10\/Untitled-Project-36.jpg","datePublished":"2013-10-14T14:15:06+00:00","dateModified":"2025-11-25T16:11:33+00:00","breadcrumb":{"@id":"https:\/\/www.hoogstra-autosport.nl\/product\/luchtfilterbak-polyester\/#breadcrumb"},"inLanguage":"fr-FR","potentialAction":[{"@type":"ReadAction","target":["https:\/\/www.hoogstra-autosport.nl\/product\/luchtfilterbak-polyester\/"]}]},{"@type":"ImageObject","inLanguage":"fr-FR","@id":"https:\/\/www.hoogstra-autosport.nl\/product\/luchtfilterbak-polyester\/#primaryimage","url":"https:\/\/www.hoogstra-autosport.nl\/teamkoen\/wp-content\/uploads\/2013\/10\/Untitled-Project-36.jpg","contentUrl":"https:\/\/www.hoogstra-autosport.nl\/teamkoen\/wp-content\/uploads\/2013\/10\/Untitled-Project-36.jpg","width":1000,"height":1000},{"@type":"BreadcrumbList","@id":"https:\/\/www.hoogstra-autosport.nl\/product\/luchtfilterbak-polyester\/#breadcrumb","itemListElement":[{"@type":"ListItem","position":1,"name":"Home","item":"https:\/\/www.hoogstra-autosport.nl\/"},{"@type":"ListItem","position":2,"name":"Koeling &amp; Luchtfilters","item":"https:\/\/www.hoogstra-autosport.nl\/product-categorie\/koeling-2\/"},{"@type":"ListItem","position":3,"name":"Luchtfilters &amp; Toebehoren","item":"https:\/\/www.hoogstra-autosport.nl\/product-categorie\/koeling-2\/luchtfilters-toebehoren\/"},{"@type":"ListItem","position":4,"name":"Luchtfilter Platen Inlaat","item":"https:\/\/www.hoogstra-autosport.nl\/product-categorie\/koeling-2\/luchtfilters-toebehoren\/luchtfilter-platen-inlaat\/"},{"@type":"ListItem","position":5,"name":"Luchtfilterbak Polyester"}]},{"@type":"WebSite","@id":"https:\/\/www.hoogstra-autosport.nl\/#website","url":"https:\/\/www.hoogstra-autosport.nl\/","name":"Hoogstra Autosport","description":"Performance Autosport Parts!","potentialAction":[{"@type":"SearchAction","target":{"@type":"EntryPoint","urlTemplate":"https:\/\/www.hoogstra-autosport.nl\/?s={search_term_string}"},"query-input":{"@type":"PropertyValueSpecification","valueRequired":true,"valueName":"search_term_string"}}],"inLanguage":"fr-FR"}]}},"tiered_pricing_type":"fixed","tiered_pricing_fixed_rules":[],"tiered_pricing_product_settings":{"layout":"default","base_unit_name":{"singular":null,"plural":null},"default_variation":null},"tiered_pricing_minimum_quantity":null,"tiered_pricing_roles_data":[],"tiered_pricing_percentage_rules":[],"tiered_pricing_maximum_quantity":null,"tiered_pricing_quantity_step":null,"_links":{"self":[{"href":"https:\/\/www.hoogstra-autosport.nl\/fr\/wp-json\/wp\/v2\/product\/7060","targetHints":{"allow":["GET"]}}],"collection":[{"href":"https:\/\/www.hoogstra-autosport.nl\/fr\/wp-json\/wp\/v2\/product"}],"about":[{"href":"https:\/\/www.hoogstra-autosport.nl\/fr\/wp-json\/wp\/v2\/types\/product"}],"wp:featuredmedia":[{"embeddable":true,"href":"https:\/\/www.hoogstra-autosport.nl\/fr\/wp-json\/wp\/v2\/media\/93831"}],"wp:attachment":[{"href":"https:\/\/www.hoogstra-autosport.nl\/fr\/wp-json\/wp\/v2\/media?parent=7060"}],"wp:term":[{"taxonomy":"product_brand","embeddable":true,"href":"https:\/\/www.hoogstra-autosport.nl\/fr\/wp-json\/wp\/v2\/product_brand?post=7060"},{"taxonomy":"product_cat","embeddable":true,"href":"https:\/\/www.hoogstra-autosport.nl\/fr\/wp-json\/wp\/v2\/product_cat?post=7060"},{"taxonomy":"product_tag","embeddable":true,"href":"https:\/\/www.hoogstra-autosport.nl\/fr\/wp-json\/wp\/v2\/product_tag?post=7060"}],"curies":[{"name":"wp","href":"https:\/\/api.w.org\/{rel}","templated":true}]}}