{"id":70447,"date":"2024-04-22T16:14:29","date_gmt":"2024-04-22T14:14:29","guid":{"rendered":"https:\/\/www.hoogstra-autosport.nl\/?post_type=product&#038;p=70447"},"modified":"2024-04-22T16:17:17","modified_gmt":"2024-04-22T14:17:17","slug":"mondmasker-full-face-bril","status":"publish","type":"product","link":"https:\/\/www.hoogstra-autosport.nl\/fr\/produit\/mondmasker-full-face-bril\/","title":{"rendered":"Masque buccal Lunettes de protection int\u00e9grale"},"content":{"rendered":"<p>Lunettes int\u00e9grales de Ripp'n roll<\/p>\n<p>Masques buccaux imprim\u00e9s en 3D<\/p>\n<p>Concerne le masque l\u00e2che<\/p>\n<p>Doit \u00eatre mont\u00e9 \u00e0 l'aide d'une vis et d'un produit d'\u00e9tanch\u00e9it\u00e9<\/p>\n<p>N'en attendez pas trop, mais utilisez-le.<\/p>\n<p>\u00e0 noter jusqu'\u00e0 \u00e9puisement des stocks !<\/p>\n<p>&nbsp;<\/p>","protected":false},"excerpt":{"rendered":"<p>Full Face bril van Ripp&#8217;n roll 3d geprinte mondmaskers Gaat om het losse masker Moet gemonteerd worden met schroefje en kit Verwacht er niet teveel van maar wel te gebruiken let op zolang de voorraad strekt! &nbsp;<\/p>","protected":false},"featured_media":50226,"template":"","meta":{"_acf_changed":false},"product_brand":[],"product_cat":[2708,3899,4188,4092],"product_tag":[],"class_list":{"0":"post-70447","1":"product","2":"type-product","3":"status-publish","4":"has-post-thumbnail","6":"product_cat-fullmask-crossbrillen","7":"product_cat-kleding-en-helmen","8":"product_cat-ripn-roll-delen","9":"product_cat-ripp-en-roll","10":"product_shipping_class-4016","12":"first","13":"instock","14":"sale","15":"taxable","16":"shipping-taxable","17":"purchasable","18":"product-type-simple"},"acf":[],"yoast_head":"<!-- This site is optimized with the Yoast SEO plugin v27.1.1 - https:\/\/yoast.com\/product\/yoast-seo-wordpress\/ -->\n<title>Mondmasker Full Face Bril - Hoogstra Autosport<\/title>\n<meta name=\"robots\" content=\"index, follow, max-snippet:-1, max-image-preview:large, max-video-preview:-1\" \/>\n<link rel=\"canonical\" href=\"https:\/\/www.hoogstra-autosport.nl\/fr\/produit\/mondmasker-full-face-bril\/\" \/>\n<meta property=\"og:locale\" content=\"fr_FR\" \/>\n<meta property=\"og:type\" content=\"article\" \/>\n<meta property=\"og:title\" content=\"Mondmasker Full Face Bril - Hoogstra Autosport\" \/>\n<meta property=\"og:description\" content=\"Full Face bril van Ripp&#8217;n roll 3d geprinte mondmaskers Gaat om het losse masker Moet gemonteerd worden met schroefje en kit Verwacht er niet teveel van maar wel te gebruiken let op zolang de voorraad strekt! &nbsp;\" \/>\n<meta property=\"og:url\" content=\"https:\/\/www.hoogstra-autosport.nl\/fr\/produit\/mondmasker-full-face-bril\/\" \/>\n<meta property=\"og:site_name\" content=\"Hoogstra Autosport\" \/>\n<meta property=\"article:modified_time\" content=\"2024-04-22T14:17:17+00:00\" \/>\n<meta property=\"og:image\" content=\"https:\/\/www.hoogstra-autosport.nl\/teamkoen\/content\/uploads\/2022\/10\/ripnrollmondbak.jpg\" \/>\n\t<meta property=\"og:image:width\" content=\"1206\" \/>\n\t<meta property=\"og:image:height\" content=\"1198\" \/>\n\t<meta property=\"og:image:type\" content=\"image\/jpeg\" \/>\n<meta name=\"twitter:card\" content=\"summary_large_image\" \/>\n<meta name=\"twitter:label1\" content=\"Dur\u00e9e de lecture estim\u00e9e\" \/>\n\t<meta name=\"twitter:data1\" content=\"1 minute\" \/>\n<script type=\"application\/ld+json\" class=\"yoast-schema-graph\">{\"@context\":\"https:\/\/schema.org\",\"@graph\":[{\"@type\":\"WebPage\",\"@id\":\"https:\/\/www.hoogstra-autosport.nl\/product\/mondmasker-full-face-bril\/\",\"url\":\"https:\/\/www.hoogstra-autosport.nl\/product\/mondmasker-full-face-bril\/\",\"name\":\"Mondmasker Full Face Bril - Hoogstra Autosport\",\"isPartOf\":{\"@id\":\"https:\/\/www.hoogstra-autosport.nl\/#website\"},\"primaryImageOfPage\":{\"@id\":\"https:\/\/www.hoogstra-autosport.nl\/product\/mondmasker-full-face-bril\/#primaryimage\"},\"image\":{\"@id\":\"https:\/\/www.hoogstra-autosport.nl\/product\/mondmasker-full-face-bril\/#primaryimage\"},\"thumbnailUrl\":\"https:\/\/www.hoogstra-autosport.nl\/teamkoen\/wp-content\/uploads\/2022\/10\/ripnrollmondbak.jpg\",\"datePublished\":\"2024-04-22T14:14:29+00:00\",\"dateModified\":\"2024-04-22T14:17:17+00:00\",\"breadcrumb\":{\"@id\":\"https:\/\/www.hoogstra-autosport.nl\/product\/mondmasker-full-face-bril\/#breadcrumb\"},\"inLanguage\":\"fr-FR\",\"potentialAction\":[{\"@type\":\"ReadAction\",\"target\":[\"https:\/\/www.hoogstra-autosport.nl\/product\/mondmasker-full-face-bril\/\"]}]},{\"@type\":\"ImageObject\",\"inLanguage\":\"fr-FR\",\"@id\":\"https:\/\/www.hoogstra-autosport.nl\/product\/mondmasker-full-face-bril\/#primaryimage\",\"url\":\"https:\/\/www.hoogstra-autosport.nl\/teamkoen\/wp-content\/uploads\/2022\/10\/ripnrollmondbak.jpg\",\"contentUrl\":\"https:\/\/www.hoogstra-autosport.nl\/teamkoen\/wp-content\/uploads\/2022\/10\/ripnrollmondbak.jpg\",\"width\":1206,\"height\":1198},{\"@type\":\"BreadcrumbList\",\"@id\":\"https:\/\/www.hoogstra-autosport.nl\/product\/mondmasker-full-face-bril\/#breadcrumb\",\"itemListElement\":[{\"@type\":\"ListItem\",\"position\":1,\"name\":\"Home\",\"item\":\"https:\/\/www.hoogstra-autosport.nl\/\"},{\"@type\":\"ListItem\",\"position\":2,\"name\":\"Uitrusting\",\"item\":\"https:\/\/www.hoogstra-autosport.nl\/product-categorie\/autosport-kleding-helmen\/\"},{\"@type\":\"ListItem\",\"position\":3,\"name\":\"Crossbrillen\",\"item\":\"https:\/\/www.hoogstra-autosport.nl\/product-categorie\/autosport-kleding-helmen\/crossbrillen\/\"},{\"@type\":\"ListItem\",\"position\":4,\"name\":\"Fullmask Crossbrillen\",\"item\":\"https:\/\/www.hoogstra-autosport.nl\/product-categorie\/autosport-kleding-helmen\/crossbrillen\/fullmask-crossbrillen\/\"},{\"@type\":\"ListItem\",\"position\":5,\"name\":\"Mondmasker Full Face Bril\"}]},{\"@type\":\"WebSite\",\"@id\":\"https:\/\/www.hoogstra-autosport.nl\/#website\",\"url\":\"https:\/\/www.hoogstra-autosport.nl\/\",\"name\":\"Hoogstra Autosport\",\"description\":\"Performance Autosport Parts!\",\"potentialAction\":[{\"@type\":\"SearchAction\",\"target\":{\"@type\":\"EntryPoint\",\"urlTemplate\":\"https:\/\/www.hoogstra-autosport.nl\/?s={search_term_string}\"},\"query-input\":{\"@type\":\"PropertyValueSpecification\",\"valueRequired\":true,\"valueName\":\"search_term_string\"}}],\"inLanguage\":\"fr-FR\"}]}<\/script>\n<!-- \/ Yoast SEO plugin. -->","yoast_head_json":{"title":"Mondmasker Full Face Bril - Hoogstra Autosport","robots":{"index":"index","follow":"follow","max-snippet":"max-snippet:-1","max-image-preview":"max-image-preview:large","max-video-preview":"max-video-preview:-1"},"canonical":"https:\/\/www.hoogstra-autosport.nl\/fr\/produit\/mondmasker-full-face-bril\/","og_locale":"fr_FR","og_type":"article","og_title":"Mondmasker Full Face Bril - Hoogstra Autosport","og_description":"Full Face bril van Ripp&#8217;n roll 3d geprinte mondmaskers Gaat om het losse masker Moet gemonteerd worden met schroefje en kit Verwacht er niet teveel van maar wel te gebruiken let op zolang de voorraad strekt! &nbsp;","og_url":"https:\/\/www.hoogstra-autosport.nl\/fr\/produit\/mondmasker-full-face-bril\/","og_site_name":"Hoogstra Autosport","article_modified_time":"2024-04-22T14:17:17+00:00","og_image":[{"width":1206,"height":1198,"url":"https:\/\/www.hoogstra-autosport.nl\/teamkoen\/content\/uploads\/2022\/10\/ripnrollmondbak.jpg","type":"image\/jpeg"}],"twitter_card":"summary_large_image","twitter_misc":{"Dur\u00e9e de lecture estim\u00e9e":"1 minute"},"schema":{"@context":"https:\/\/schema.org","@graph":[{"@type":"WebPage","@id":"https:\/\/www.hoogstra-autosport.nl\/product\/mondmasker-full-face-bril\/","url":"https:\/\/www.hoogstra-autosport.nl\/product\/mondmasker-full-face-bril\/","name":"Mondmasker Full Face Bril - Hoogstra Autosport","isPartOf":{"@id":"https:\/\/www.hoogstra-autosport.nl\/#website"},"primaryImageOfPage":{"@id":"https:\/\/www.hoogstra-autosport.nl\/product\/mondmasker-full-face-bril\/#primaryimage"},"image":{"@id":"https:\/\/www.hoogstra-autosport.nl\/product\/mondmasker-full-face-bril\/#primaryimage"},"thumbnailUrl":"https:\/\/www.hoogstra-autosport.nl\/teamkoen\/wp-content\/uploads\/2022\/10\/ripnrollmondbak.jpg","datePublished":"2024-04-22T14:14:29+00:00","dateModified":"2024-04-22T14:17:17+00:00","breadcrumb":{"@id":"https:\/\/www.hoogstra-autosport.nl\/product\/mondmasker-full-face-bril\/#breadcrumb"},"inLanguage":"fr-FR","potentialAction":[{"@type":"ReadAction","target":["https:\/\/www.hoogstra-autosport.nl\/product\/mondmasker-full-face-bril\/"]}]},{"@type":"ImageObject","inLanguage":"fr-FR","@id":"https:\/\/www.hoogstra-autosport.nl\/product\/mondmasker-full-face-bril\/#primaryimage","url":"https:\/\/www.hoogstra-autosport.nl\/teamkoen\/wp-content\/uploads\/2022\/10\/ripnrollmondbak.jpg","contentUrl":"https:\/\/www.hoogstra-autosport.nl\/teamkoen\/wp-content\/uploads\/2022\/10\/ripnrollmondbak.jpg","width":1206,"height":1198},{"@type":"BreadcrumbList","@id":"https:\/\/www.hoogstra-autosport.nl\/product\/mondmasker-full-face-bril\/#breadcrumb","itemListElement":[{"@type":"ListItem","position":1,"name":"Home","item":"https:\/\/www.hoogstra-autosport.nl\/"},{"@type":"ListItem","position":2,"name":"Uitrusting","item":"https:\/\/www.hoogstra-autosport.nl\/product-categorie\/autosport-kleding-helmen\/"},{"@type":"ListItem","position":3,"name":"Crossbrillen","item":"https:\/\/www.hoogstra-autosport.nl\/product-categorie\/autosport-kleding-helmen\/crossbrillen\/"},{"@type":"ListItem","position":4,"name":"Fullmask Crossbrillen","item":"https:\/\/www.hoogstra-autosport.nl\/product-categorie\/autosport-kleding-helmen\/crossbrillen\/fullmask-crossbrillen\/"},{"@type":"ListItem","position":5,"name":"Mondmasker Full Face Bril"}]},{"@type":"WebSite","@id":"https:\/\/www.hoogstra-autosport.nl\/#website","url":"https:\/\/www.hoogstra-autosport.nl\/","name":"Hoogstra Autosport","description":"Performance Autosport Parts!","potentialAction":[{"@type":"SearchAction","target":{"@type":"EntryPoint","urlTemplate":"https:\/\/www.hoogstra-autosport.nl\/?s={search_term_string}"},"query-input":{"@type":"PropertyValueSpecification","valueRequired":true,"valueName":"search_term_string"}}],"inLanguage":"fr-FR"}]}},"tiered_pricing_type":"fixed","tiered_pricing_fixed_rules":[],"tiered_pricing_product_settings":{"layout":"default","base_unit_name":{"singular":null,"plural":null},"default_variation":null},"tiered_pricing_minimum_quantity":null,"tiered_pricing_roles_data":[],"tiered_pricing_percentage_rules":[],"tiered_pricing_maximum_quantity":null,"tiered_pricing_quantity_step":null,"_links":{"self":[{"href":"https:\/\/www.hoogstra-autosport.nl\/fr\/wp-json\/wp\/v2\/product\/70447","targetHints":{"allow":["GET"]}}],"collection":[{"href":"https:\/\/www.hoogstra-autosport.nl\/fr\/wp-json\/wp\/v2\/product"}],"about":[{"href":"https:\/\/www.hoogstra-autosport.nl\/fr\/wp-json\/wp\/v2\/types\/product"}],"wp:featuredmedia":[{"embeddable":true,"href":"https:\/\/www.hoogstra-autosport.nl\/fr\/wp-json\/wp\/v2\/media\/50226"}],"wp:attachment":[{"href":"https:\/\/www.hoogstra-autosport.nl\/fr\/wp-json\/wp\/v2\/media?parent=70447"}],"wp:term":[{"taxonomy":"product_brand","embeddable":true,"href":"https:\/\/www.hoogstra-autosport.nl\/fr\/wp-json\/wp\/v2\/product_brand?post=70447"},{"taxonomy":"product_cat","embeddable":true,"href":"https:\/\/www.hoogstra-autosport.nl\/fr\/wp-json\/wp\/v2\/product_cat?post=70447"},{"taxonomy":"product_tag","embeddable":true,"href":"https:\/\/www.hoogstra-autosport.nl\/fr\/wp-json\/wp\/v2\/product_tag?post=70447"}],"curies":[{"name":"wp","href":"https:\/\/api.w.org\/{rel}","templated":true}]}}