{"id":7029,"date":"2013-07-16T21:57:25","date_gmt":"2013-07-16T19:57:25","guid":{"rendered":"http:\/\/hoogstra-autosport.nl\/?product=filter-olie-schuimfilter-putoline-action-fluid"},"modified":"2024-03-29T11:19:41","modified_gmt":"2024-03-29T10:19:41","slug":"filter-olie-schuimfilter-putoline-action-fluid","status":"publish","type":"product","link":"https:\/\/www.hoogstra-autosport.nl\/fr\/produit\/filter-olie-schuimfilter-putoline-action-fluid\/","title":{"rendered":"Filtre Huile Mousse Filtre Putoline Action Fluide"},"content":{"rendered":"<p>De la marque Putoline<\/p>\n<p>L'huile bleue pour filtre s'accroche et colle bien<\/p>\n<p>Contenu 1000 ml<\/p>\n<p>Emp\u00eache le sable de p\u00e9n\u00e9trer dans le filtre<\/p>\n<p>\u00a0<\/p>","protected":false},"excerpt":{"rendered":"<p>Van merk Putoline Blauwe filterolie pikt en plakt goed Inhoud 1000 ml Voorkomt zand door het filter \u00a0<\/p>","protected":false},"featured_media":7030,"template":"","meta":{"_acf_changed":false},"product_brand":[],"product_cat":[2673,4003,4120],"product_tag":[],"class_list":{"0":"post-7029","1":"product","2":"type-product","3":"status-publish","4":"has-post-thumbnail","6":"product_cat-filter-olie-en-cleaner","7":"product_cat-luchtfilter-olie-en-cleaner","8":"product_cat-putoline","9":"product_shipping_class-4016","11":"first","12":"instock","13":"taxable","14":"shipping-taxable","15":"purchasable","16":"product-type-simple"},"acf":[],"yoast_head":"<!-- This site is optimized with the Yoast SEO plugin v27.1.1 - https:\/\/yoast.com\/product\/yoast-seo-wordpress\/ -->\n<title>Filter Olie Schuimfilter Putoline Action Fluid - Hoogstra Autosport<\/title>\n<meta name=\"robots\" content=\"index, follow, max-snippet:-1, max-image-preview:large, max-video-preview:-1\" \/>\n<link rel=\"canonical\" href=\"https:\/\/www.hoogstra-autosport.nl\/fr\/produit\/filter-olie-schuimfilter-putoline-action-fluid\/\" \/>\n<meta property=\"og:locale\" content=\"fr_FR\" \/>\n<meta property=\"og:type\" content=\"article\" \/>\n<meta property=\"og:title\" content=\"Filter Olie Schuimfilter Putoline Action Fluid - Hoogstra Autosport\" \/>\n<meta property=\"og:description\" content=\"Van merk Putoline Blauwe filterolie pikt en plakt goed Inhoud 1000 ml Voorkomt zand door het filter \u00a0\" \/>\n<meta property=\"og:url\" content=\"https:\/\/www.hoogstra-autosport.nl\/fr\/produit\/filter-olie-schuimfilter-putoline-action-fluid\/\" \/>\n<meta property=\"og:site_name\" content=\"Hoogstra Autosport\" \/>\n<meta property=\"article:modified_time\" content=\"2024-03-29T10:19:41+00:00\" \/>\n<meta property=\"og:image\" content=\"https:\/\/www.hoogstra-autosport.nl\/teamkoen\/content\/uploads\/catalog\/product\/9686_l.jpg\" \/>\n\t<meta property=\"og:image:width\" content=\"480\" \/>\n\t<meta property=\"og:image:height\" content=\"480\" \/>\n\t<meta property=\"og:image:type\" content=\"image\/jpeg\" \/>\n<meta name=\"twitter:card\" content=\"summary_large_image\" \/>\n<script type=\"application\/ld+json\" class=\"yoast-schema-graph\">{\"@context\":\"https:\/\/schema.org\",\"@graph\":[{\"@type\":\"WebPage\",\"@id\":\"https:\/\/www.hoogstra-autosport.nl\/product\/filter-olie-schuimfilter-putoline-action-fluid\/\",\"url\":\"https:\/\/www.hoogstra-autosport.nl\/product\/filter-olie-schuimfilter-putoline-action-fluid\/\",\"name\":\"Filter Olie Schuimfilter Putoline Action Fluid - Hoogstra Autosport\",\"isPartOf\":{\"@id\":\"https:\/\/www.hoogstra-autosport.nl\/#website\"},\"primaryImageOfPage\":{\"@id\":\"https:\/\/www.hoogstra-autosport.nl\/product\/filter-olie-schuimfilter-putoline-action-fluid\/#primaryimage\"},\"image\":{\"@id\":\"https:\/\/www.hoogstra-autosport.nl\/product\/filter-olie-schuimfilter-putoline-action-fluid\/#primaryimage\"},\"thumbnailUrl\":\"https:\/\/www.hoogstra-autosport.nl\/teamkoen\/wp-content\/uploads\/catalog\/product\/9686_l.jpg\",\"datePublished\":\"2013-07-16T19:57:25+00:00\",\"dateModified\":\"2024-03-29T10:19:41+00:00\",\"breadcrumb\":{\"@id\":\"https:\/\/www.hoogstra-autosport.nl\/product\/filter-olie-schuimfilter-putoline-action-fluid\/#breadcrumb\"},\"inLanguage\":\"fr-FR\",\"potentialAction\":[{\"@type\":\"ReadAction\",\"target\":[\"https:\/\/www.hoogstra-autosport.nl\/product\/filter-olie-schuimfilter-putoline-action-fluid\/\"]}]},{\"@type\":\"ImageObject\",\"inLanguage\":\"fr-FR\",\"@id\":\"https:\/\/www.hoogstra-autosport.nl\/product\/filter-olie-schuimfilter-putoline-action-fluid\/#primaryimage\",\"url\":\"https:\/\/www.hoogstra-autosport.nl\/teamkoen\/wp-content\/uploads\/catalog\/product\/9686_l.jpg\",\"contentUrl\":\"https:\/\/www.hoogstra-autosport.nl\/teamkoen\/wp-content\/uploads\/catalog\/product\/9686_l.jpg\",\"width\":480,\"height\":480},{\"@type\":\"BreadcrumbList\",\"@id\":\"https:\/\/www.hoogstra-autosport.nl\/product\/filter-olie-schuimfilter-putoline-action-fluid\/#breadcrumb\",\"itemListElement\":[{\"@type\":\"ListItem\",\"position\":1,\"name\":\"Home\",\"item\":\"https:\/\/www.hoogstra-autosport.nl\/\"},{\"@type\":\"ListItem\",\"position\":2,\"name\":\"Koeling &amp; Luchtfilters\",\"item\":\"https:\/\/www.hoogstra-autosport.nl\/product-categorie\/koeling-2\/\"},{\"@type\":\"ListItem\",\"position\":3,\"name\":\"Luchtfilters &amp; Toebehoren\",\"item\":\"https:\/\/www.hoogstra-autosport.nl\/product-categorie\/koeling-2\/luchtfilters-toebehoren\/\"},{\"@type\":\"ListItem\",\"position\":4,\"name\":\"Filter olie en Cleaner\",\"item\":\"https:\/\/www.hoogstra-autosport.nl\/product-categorie\/koeling-2\/luchtfilters-toebehoren\/filter-olie-en-cleaner\/\"},{\"@type\":\"ListItem\",\"position\":5,\"name\":\"Filter Olie Schuimfilter Putoline Action Fluid\"}]},{\"@type\":\"WebSite\",\"@id\":\"https:\/\/www.hoogstra-autosport.nl\/#website\",\"url\":\"https:\/\/www.hoogstra-autosport.nl\/\",\"name\":\"Hoogstra Autosport\",\"description\":\"Performance Autosport Parts!\",\"potentialAction\":[{\"@type\":\"SearchAction\",\"target\":{\"@type\":\"EntryPoint\",\"urlTemplate\":\"https:\/\/www.hoogstra-autosport.nl\/?s={search_term_string}\"},\"query-input\":{\"@type\":\"PropertyValueSpecification\",\"valueRequired\":true,\"valueName\":\"search_term_string\"}}],\"inLanguage\":\"fr-FR\"}]}<\/script>\n<!-- \/ Yoast SEO plugin. -->","yoast_head_json":{"title":"Filter Olie Schuimfilter Putoline Action Fluid - Hoogstra Autosport","robots":{"index":"index","follow":"follow","max-snippet":"max-snippet:-1","max-image-preview":"max-image-preview:large","max-video-preview":"max-video-preview:-1"},"canonical":"https:\/\/www.hoogstra-autosport.nl\/fr\/produit\/filter-olie-schuimfilter-putoline-action-fluid\/","og_locale":"fr_FR","og_type":"article","og_title":"Filter Olie Schuimfilter Putoline Action Fluid - Hoogstra Autosport","og_description":"Van merk Putoline Blauwe filterolie pikt en plakt goed Inhoud 1000 ml Voorkomt zand door het filter \u00a0","og_url":"https:\/\/www.hoogstra-autosport.nl\/fr\/produit\/filter-olie-schuimfilter-putoline-action-fluid\/","og_site_name":"Hoogstra Autosport","article_modified_time":"2024-03-29T10:19:41+00:00","og_image":[{"width":480,"height":480,"url":"https:\/\/www.hoogstra-autosport.nl\/teamkoen\/content\/uploads\/catalog\/product\/9686_l.jpg","type":"image\/jpeg"}],"twitter_card":"summary_large_image","schema":{"@context":"https:\/\/schema.org","@graph":[{"@type":"WebPage","@id":"https:\/\/www.hoogstra-autosport.nl\/product\/filter-olie-schuimfilter-putoline-action-fluid\/","url":"https:\/\/www.hoogstra-autosport.nl\/product\/filter-olie-schuimfilter-putoline-action-fluid\/","name":"Filter Olie Schuimfilter Putoline Action Fluid - Hoogstra Autosport","isPartOf":{"@id":"https:\/\/www.hoogstra-autosport.nl\/#website"},"primaryImageOfPage":{"@id":"https:\/\/www.hoogstra-autosport.nl\/product\/filter-olie-schuimfilter-putoline-action-fluid\/#primaryimage"},"image":{"@id":"https:\/\/www.hoogstra-autosport.nl\/product\/filter-olie-schuimfilter-putoline-action-fluid\/#primaryimage"},"thumbnailUrl":"https:\/\/www.hoogstra-autosport.nl\/teamkoen\/wp-content\/uploads\/catalog\/product\/9686_l.jpg","datePublished":"2013-07-16T19:57:25+00:00","dateModified":"2024-03-29T10:19:41+00:00","breadcrumb":{"@id":"https:\/\/www.hoogstra-autosport.nl\/product\/filter-olie-schuimfilter-putoline-action-fluid\/#breadcrumb"},"inLanguage":"fr-FR","potentialAction":[{"@type":"ReadAction","target":["https:\/\/www.hoogstra-autosport.nl\/product\/filter-olie-schuimfilter-putoline-action-fluid\/"]}]},{"@type":"ImageObject","inLanguage":"fr-FR","@id":"https:\/\/www.hoogstra-autosport.nl\/product\/filter-olie-schuimfilter-putoline-action-fluid\/#primaryimage","url":"https:\/\/www.hoogstra-autosport.nl\/teamkoen\/wp-content\/uploads\/catalog\/product\/9686_l.jpg","contentUrl":"https:\/\/www.hoogstra-autosport.nl\/teamkoen\/wp-content\/uploads\/catalog\/product\/9686_l.jpg","width":480,"height":480},{"@type":"BreadcrumbList","@id":"https:\/\/www.hoogstra-autosport.nl\/product\/filter-olie-schuimfilter-putoline-action-fluid\/#breadcrumb","itemListElement":[{"@type":"ListItem","position":1,"name":"Home","item":"https:\/\/www.hoogstra-autosport.nl\/"},{"@type":"ListItem","position":2,"name":"Koeling &amp; Luchtfilters","item":"https:\/\/www.hoogstra-autosport.nl\/product-categorie\/koeling-2\/"},{"@type":"ListItem","position":3,"name":"Luchtfilters &amp; Toebehoren","item":"https:\/\/www.hoogstra-autosport.nl\/product-categorie\/koeling-2\/luchtfilters-toebehoren\/"},{"@type":"ListItem","position":4,"name":"Filter olie en Cleaner","item":"https:\/\/www.hoogstra-autosport.nl\/product-categorie\/koeling-2\/luchtfilters-toebehoren\/filter-olie-en-cleaner\/"},{"@type":"ListItem","position":5,"name":"Filter Olie Schuimfilter Putoline Action Fluid"}]},{"@type":"WebSite","@id":"https:\/\/www.hoogstra-autosport.nl\/#website","url":"https:\/\/www.hoogstra-autosport.nl\/","name":"Hoogstra Autosport","description":"Performance Autosport Parts!","potentialAction":[{"@type":"SearchAction","target":{"@type":"EntryPoint","urlTemplate":"https:\/\/www.hoogstra-autosport.nl\/?s={search_term_string}"},"query-input":{"@type":"PropertyValueSpecification","valueRequired":true,"valueName":"search_term_string"}}],"inLanguage":"fr-FR"}]}},"tiered_pricing_type":"fixed","tiered_pricing_fixed_rules":[],"tiered_pricing_product_settings":{"layout":"default","base_unit_name":{"singular":null,"plural":null},"default_variation":null},"tiered_pricing_minimum_quantity":null,"tiered_pricing_roles_data":[],"tiered_pricing_percentage_rules":[],"tiered_pricing_maximum_quantity":null,"tiered_pricing_quantity_step":null,"_links":{"self":[{"href":"https:\/\/www.hoogstra-autosport.nl\/fr\/wp-json\/wp\/v2\/product\/7029","targetHints":{"allow":["GET"]}}],"collection":[{"href":"https:\/\/www.hoogstra-autosport.nl\/fr\/wp-json\/wp\/v2\/product"}],"about":[{"href":"https:\/\/www.hoogstra-autosport.nl\/fr\/wp-json\/wp\/v2\/types\/product"}],"wp:featuredmedia":[{"embeddable":true,"href":"https:\/\/www.hoogstra-autosport.nl\/fr\/wp-json\/wp\/v2\/media\/7030"}],"wp:attachment":[{"href":"https:\/\/www.hoogstra-autosport.nl\/fr\/wp-json\/wp\/v2\/media?parent=7029"}],"wp:term":[{"taxonomy":"product_brand","embeddable":true,"href":"https:\/\/www.hoogstra-autosport.nl\/fr\/wp-json\/wp\/v2\/product_brand?post=7029"},{"taxonomy":"product_cat","embeddable":true,"href":"https:\/\/www.hoogstra-autosport.nl\/fr\/wp-json\/wp\/v2\/product_cat?post=7029"},{"taxonomy":"product_tag","embeddable":true,"href":"https:\/\/www.hoogstra-autosport.nl\/fr\/wp-json\/wp\/v2\/product_tag?post=7029"}],"curies":[{"name":"wp","href":"https:\/\/api.w.org\/{rel}","templated":true}]}}