{"id":70139,"date":"2024-04-16T13:23:22","date_gmt":"2024-04-16T11:23:22","guid":{"rendered":"https:\/\/www.hoogstra-autosport.nl\/?post_type=product&#038;p=70139"},"modified":"2025-12-01T10:26:17","modified_gmt":"2025-12-01T09:26:17","slug":"hydraulisch-druklager-howe","status":"publish","type":"product","link":"https:\/\/www.hoogstra-autosport.nl\/fr\/produit\/hydraulisch-druklager-howe\/","title":{"rendered":"Palier de but\u00e9e hydraulique Howe"},"content":{"rendered":"<p><span class=\"jCAhz ChMk0b\"><span class=\"ryNqvb\">Nouvellement con\u00e7u, il ne p\u00e8se que 1,4 kg.<\/span><\/span> <span class=\"jCAhz ChMk0b\"><span class=\"ryNqvb\">Ce palier de but\u00e9e hydraulique Howe est le plus l\u00e9ger disponible.<\/span><\/span> <span class=\"jCAhz ChMk0b\"><span class=\"ryNqvb\">Compatible avec la plupart des embrayages de course de petit diam\u00e8tre, y compris QuarterMaster et Tilton.<\/span><\/span> <span class=\"jCAhz ChMk0b\"><span class=\"ryNqvb\">Pour installer l'appareil, il suffit de remplacer le boulon de blocage du palier en position deux heures par le goujon fourni.<\/span><\/span> <span class=\"jCAhz ChMk0b\"><span class=\"ryNqvb\">Avec le kit de ventilation \u00e0 distance en option (8289), vous pouvez facilement ventiler le syst\u00e8me \u00e0 l'ext\u00e9rieur du carter de cloche.<\/span><\/span> <span class=\"jCAhz ChMk0b\"><span class=\"ryNqvb\">Ce roulement d'\u00e9jecteur convient \u00e0 la bo\u00eete de vitesses Saginaw \u00e0 3 rapports, \u00e0 la bo\u00eete de vitesses Muncie \u00e0 4 rapports, aux bo\u00eetes de vitesses T-10 et Jerico \u00e0 2 et 4 rapports.<\/span><\/span> <span class=\"jCAhz ChMk0b\"><span class=\"ryNqvb\">Il ne convient pas aux transmissions T-5 et ne fonctionne pas avec un embrayage standard ou un embrayage Ram.<\/span><\/span> <span class=\"jCAhz ChMk0b\"><span class=\"ryNqvb\">Enti\u00e8rement comprim\u00e9e, l'unit\u00e9 a une \u00e9paisseur de 2,311 pouces et n\u00e9cessite un espace de travail d'au moins 0,125 pouce. Enti\u00e8rement d\u00e9ploy\u00e9e, elle a une \u00e9paisseur de 2,715 pouces, ce qui donne une port\u00e9e de 0,404 pouce.<\/span><\/span><\/p>","protected":false},"excerpt":{"rendered":"<p>Nieuw ontworpen met een gewicht van slechts 1,4 kg. dit Howe hydraulische druklager is het lichtste dat verkrijgbaar is. Compatibel met de meeste racekoppelingen met kleinere diameter, waaronder QuarterMaster en Tilton. De unit wordt ge\u00efnstalleerd door simpelweg de lagerborgbout in de twee-uurpositie te vervangen door het meegeleverde tapeind. Met de optionele ontluchtingsset op afstand (8289) [&hellip;]<\/p>\n","protected":false},"featured_media":94121,"template":"","meta":{"_acf_changed":false},"product_brand":[],"product_cat":[2792],"product_tag":[],"class_list":{"0":"post-70139","1":"product","2":"type-product","3":"status-publish","4":"has-post-thumbnail","6":"product_cat-hydraulische-koppeling","7":"product_shipping_class-4016","9":"first","10":"instock","11":"taxable","12":"shipping-taxable","13":"purchasable","14":"product-type-simple"},"acf":[],"yoast_head":"<!-- This site is optimized with the Yoast SEO plugin v27.1.1 - https:\/\/yoast.com\/product\/yoast-seo-wordpress\/ -->\n<title>Hydraulisch druklager Howe - Hoogstra Autosport<\/title>\n<meta name=\"robots\" content=\"index, follow, max-snippet:-1, max-image-preview:large, max-video-preview:-1\" \/>\n<link rel=\"canonical\" href=\"https:\/\/www.hoogstra-autosport.nl\/fr\/produit\/hydraulisch-druklager-howe\/\" \/>\n<meta property=\"og:locale\" content=\"fr_FR\" \/>\n<meta property=\"og:type\" content=\"article\" \/>\n<meta property=\"og:title\" content=\"Hydraulisch druklager Howe - Hoogstra Autosport\" \/>\n<meta property=\"og:description\" content=\"Nieuw ontworpen met een gewicht van slechts 1,4 kg. dit Howe hydraulische druklager is het lichtste dat verkrijgbaar is. Compatibel met de meeste racekoppelingen met kleinere diameter, waaronder QuarterMaster en Tilton. De unit wordt ge\u00efnstalleerd door simpelweg de lagerborgbout in de twee-uurpositie te vervangen door het meegeleverde tapeind. Met de optionele ontluchtingsset op afstand (8289) [&hellip;]\" \/>\n<meta property=\"og:url\" content=\"https:\/\/www.hoogstra-autosport.nl\/fr\/produit\/hydraulisch-druklager-howe\/\" \/>\n<meta property=\"og:site_name\" content=\"Hoogstra Autosport\" \/>\n<meta property=\"article:modified_time\" content=\"2025-12-01T09:26:17+00:00\" \/>\n<meta property=\"og:image\" content=\"https:\/\/www.hoogstra-autosport.nl\/teamkoen\/wp-content\/uploads\/2024\/04\/Untitled-Project-75.jpg\" \/>\n\t<meta property=\"og:image:width\" content=\"1080\" \/>\n\t<meta property=\"og:image:height\" content=\"1080\" \/>\n\t<meta property=\"og:image:type\" content=\"image\/jpeg\" \/>\n<meta name=\"twitter:card\" content=\"summary_large_image\" \/>\n<meta name=\"twitter:label1\" content=\"Dur\u00e9e de lecture estim\u00e9e\" \/>\n\t<meta name=\"twitter:data1\" content=\"1 minute\" \/>\n<script type=\"application\/ld+json\" class=\"yoast-schema-graph\">{\"@context\":\"https:\/\/schema.org\",\"@graph\":[{\"@type\":\"WebPage\",\"@id\":\"https:\/\/www.hoogstra-autosport.nl\/product\/hydraulisch-druklager-howe\/\",\"url\":\"https:\/\/www.hoogstra-autosport.nl\/product\/hydraulisch-druklager-howe\/\",\"name\":\"Hydraulisch druklager Howe - Hoogstra Autosport\",\"isPartOf\":{\"@id\":\"https:\/\/www.hoogstra-autosport.nl\/#website\"},\"primaryImageOfPage\":{\"@id\":\"https:\/\/www.hoogstra-autosport.nl\/product\/hydraulisch-druklager-howe\/#primaryimage\"},\"image\":{\"@id\":\"https:\/\/www.hoogstra-autosport.nl\/product\/hydraulisch-druklager-howe\/#primaryimage\"},\"thumbnailUrl\":\"https:\/\/www.hoogstra-autosport.nl\/teamkoen\/wp-content\/uploads\/2024\/04\/Untitled-Project-75.jpg\",\"datePublished\":\"2024-04-16T11:23:22+00:00\",\"dateModified\":\"2025-12-01T09:26:17+00:00\",\"breadcrumb\":{\"@id\":\"https:\/\/www.hoogstra-autosport.nl\/product\/hydraulisch-druklager-howe\/#breadcrumb\"},\"inLanguage\":\"fr-FR\",\"potentialAction\":[{\"@type\":\"ReadAction\",\"target\":[\"https:\/\/www.hoogstra-autosport.nl\/product\/hydraulisch-druklager-howe\/\"]}]},{\"@type\":\"ImageObject\",\"inLanguage\":\"fr-FR\",\"@id\":\"https:\/\/www.hoogstra-autosport.nl\/product\/hydraulisch-druklager-howe\/#primaryimage\",\"url\":\"https:\/\/www.hoogstra-autosport.nl\/teamkoen\/wp-content\/uploads\/2024\/04\/Untitled-Project-75.jpg\",\"contentUrl\":\"https:\/\/www.hoogstra-autosport.nl\/teamkoen\/wp-content\/uploads\/2024\/04\/Untitled-Project-75.jpg\",\"width\":1080,\"height\":1080},{\"@type\":\"BreadcrumbList\",\"@id\":\"https:\/\/www.hoogstra-autosport.nl\/product\/hydraulisch-druklager-howe\/#breadcrumb\",\"itemListElement\":[{\"@type\":\"ListItem\",\"position\":1,\"name\":\"Home\",\"item\":\"https:\/\/www.hoogstra-autosport.nl\/\"},{\"@type\":\"ListItem\",\"position\":2,\"name\":\"Motorisch\",\"item\":\"https:\/\/www.hoogstra-autosport.nl\/product-categorie\/auto-techniek\/\"},{\"@type\":\"ListItem\",\"position\":3,\"name\":\"Koppeling , Versnellingsbak en Assen\",\"item\":\"https:\/\/www.hoogstra-autosport.nl\/product-categorie\/auto-techniek\/koppeling-versnellingsbak-en-assen\/\"},{\"@type\":\"ListItem\",\"position\":4,\"name\":\"Hydraulische Koppeling\",\"item\":\"https:\/\/www.hoogstra-autosport.nl\/product-categorie\/auto-techniek\/koppeling-versnellingsbak-en-assen\/hydraulische-koppeling\/\"},{\"@type\":\"ListItem\",\"position\":5,\"name\":\"Hydraulisch druklager Howe\"}]},{\"@type\":\"WebSite\",\"@id\":\"https:\/\/www.hoogstra-autosport.nl\/#website\",\"url\":\"https:\/\/www.hoogstra-autosport.nl\/\",\"name\":\"Hoogstra Autosport\",\"description\":\"Performance Autosport Parts!\",\"potentialAction\":[{\"@type\":\"SearchAction\",\"target\":{\"@type\":\"EntryPoint\",\"urlTemplate\":\"https:\/\/www.hoogstra-autosport.nl\/?s={search_term_string}\"},\"query-input\":{\"@type\":\"PropertyValueSpecification\",\"valueRequired\":true,\"valueName\":\"search_term_string\"}}],\"inLanguage\":\"fr-FR\"}]}<\/script>\n<!-- \/ Yoast SEO plugin. -->","yoast_head_json":{"title":"Hydraulisch druklager Howe - Hoogstra Autosport","robots":{"index":"index","follow":"follow","max-snippet":"max-snippet:-1","max-image-preview":"max-image-preview:large","max-video-preview":"max-video-preview:-1"},"canonical":"https:\/\/www.hoogstra-autosport.nl\/fr\/produit\/hydraulisch-druklager-howe\/","og_locale":"fr_FR","og_type":"article","og_title":"Hydraulisch druklager Howe - Hoogstra Autosport","og_description":"Nieuw ontworpen met een gewicht van slechts 1,4 kg. dit Howe hydraulische druklager is het lichtste dat verkrijgbaar is. Compatibel met de meeste racekoppelingen met kleinere diameter, waaronder QuarterMaster en Tilton. De unit wordt ge\u00efnstalleerd door simpelweg de lagerborgbout in de twee-uurpositie te vervangen door het meegeleverde tapeind. Met de optionele ontluchtingsset op afstand (8289) [&hellip;]","og_url":"https:\/\/www.hoogstra-autosport.nl\/fr\/produit\/hydraulisch-druklager-howe\/","og_site_name":"Hoogstra Autosport","article_modified_time":"2025-12-01T09:26:17+00:00","og_image":[{"width":1080,"height":1080,"url":"https:\/\/www.hoogstra-autosport.nl\/teamkoen\/wp-content\/uploads\/2024\/04\/Untitled-Project-75.jpg","type":"image\/jpeg"}],"twitter_card":"summary_large_image","twitter_misc":{"Dur\u00e9e de lecture estim\u00e9e":"1 minute"},"schema":{"@context":"https:\/\/schema.org","@graph":[{"@type":"WebPage","@id":"https:\/\/www.hoogstra-autosport.nl\/product\/hydraulisch-druklager-howe\/","url":"https:\/\/www.hoogstra-autosport.nl\/product\/hydraulisch-druklager-howe\/","name":"Hydraulisch druklager Howe - Hoogstra Autosport","isPartOf":{"@id":"https:\/\/www.hoogstra-autosport.nl\/#website"},"primaryImageOfPage":{"@id":"https:\/\/www.hoogstra-autosport.nl\/product\/hydraulisch-druklager-howe\/#primaryimage"},"image":{"@id":"https:\/\/www.hoogstra-autosport.nl\/product\/hydraulisch-druklager-howe\/#primaryimage"},"thumbnailUrl":"https:\/\/www.hoogstra-autosport.nl\/teamkoen\/wp-content\/uploads\/2024\/04\/Untitled-Project-75.jpg","datePublished":"2024-04-16T11:23:22+00:00","dateModified":"2025-12-01T09:26:17+00:00","breadcrumb":{"@id":"https:\/\/www.hoogstra-autosport.nl\/product\/hydraulisch-druklager-howe\/#breadcrumb"},"inLanguage":"fr-FR","potentialAction":[{"@type":"ReadAction","target":["https:\/\/www.hoogstra-autosport.nl\/product\/hydraulisch-druklager-howe\/"]}]},{"@type":"ImageObject","inLanguage":"fr-FR","@id":"https:\/\/www.hoogstra-autosport.nl\/product\/hydraulisch-druklager-howe\/#primaryimage","url":"https:\/\/www.hoogstra-autosport.nl\/teamkoen\/wp-content\/uploads\/2024\/04\/Untitled-Project-75.jpg","contentUrl":"https:\/\/www.hoogstra-autosport.nl\/teamkoen\/wp-content\/uploads\/2024\/04\/Untitled-Project-75.jpg","width":1080,"height":1080},{"@type":"BreadcrumbList","@id":"https:\/\/www.hoogstra-autosport.nl\/product\/hydraulisch-druklager-howe\/#breadcrumb","itemListElement":[{"@type":"ListItem","position":1,"name":"Home","item":"https:\/\/www.hoogstra-autosport.nl\/"},{"@type":"ListItem","position":2,"name":"Motorisch","item":"https:\/\/www.hoogstra-autosport.nl\/product-categorie\/auto-techniek\/"},{"@type":"ListItem","position":3,"name":"Koppeling , Versnellingsbak en Assen","item":"https:\/\/www.hoogstra-autosport.nl\/product-categorie\/auto-techniek\/koppeling-versnellingsbak-en-assen\/"},{"@type":"ListItem","position":4,"name":"Hydraulische Koppeling","item":"https:\/\/www.hoogstra-autosport.nl\/product-categorie\/auto-techniek\/koppeling-versnellingsbak-en-assen\/hydraulische-koppeling\/"},{"@type":"ListItem","position":5,"name":"Hydraulisch druklager Howe"}]},{"@type":"WebSite","@id":"https:\/\/www.hoogstra-autosport.nl\/#website","url":"https:\/\/www.hoogstra-autosport.nl\/","name":"Hoogstra Autosport","description":"Performance Autosport Parts!","potentialAction":[{"@type":"SearchAction","target":{"@type":"EntryPoint","urlTemplate":"https:\/\/www.hoogstra-autosport.nl\/?s={search_term_string}"},"query-input":{"@type":"PropertyValueSpecification","valueRequired":true,"valueName":"search_term_string"}}],"inLanguage":"fr-FR"}]}},"tiered_pricing_type":"fixed","tiered_pricing_fixed_rules":[],"tiered_pricing_product_settings":{"layout":"default","base_unit_name":{"singular":null,"plural":null},"default_variation":null},"tiered_pricing_minimum_quantity":null,"tiered_pricing_roles_data":[],"tiered_pricing_percentage_rules":[],"tiered_pricing_maximum_quantity":null,"tiered_pricing_quantity_step":null,"_links":{"self":[{"href":"https:\/\/www.hoogstra-autosport.nl\/fr\/wp-json\/wp\/v2\/product\/70139","targetHints":{"allow":["GET"]}}],"collection":[{"href":"https:\/\/www.hoogstra-autosport.nl\/fr\/wp-json\/wp\/v2\/product"}],"about":[{"href":"https:\/\/www.hoogstra-autosport.nl\/fr\/wp-json\/wp\/v2\/types\/product"}],"wp:featuredmedia":[{"embeddable":true,"href":"https:\/\/www.hoogstra-autosport.nl\/fr\/wp-json\/wp\/v2\/media\/94121"}],"wp:attachment":[{"href":"https:\/\/www.hoogstra-autosport.nl\/fr\/wp-json\/wp\/v2\/media?parent=70139"}],"wp:term":[{"taxonomy":"product_brand","embeddable":true,"href":"https:\/\/www.hoogstra-autosport.nl\/fr\/wp-json\/wp\/v2\/product_brand?post=70139"},{"taxonomy":"product_cat","embeddable":true,"href":"https:\/\/www.hoogstra-autosport.nl\/fr\/wp-json\/wp\/v2\/product_cat?post=70139"},{"taxonomy":"product_tag","embeddable":true,"href":"https:\/\/www.hoogstra-autosport.nl\/fr\/wp-json\/wp\/v2\/product_tag?post=70139"}],"curies":[{"name":"wp","href":"https:\/\/api.w.org\/{rel}","templated":true}]}}