{"id":70087,"date":"2024-04-16T10:09:30","date_gmt":"2024-04-16T08:09:30","guid":{"rendered":"https:\/\/www.hoogstra-autosport.nl\/?post_type=product&#038;p=70087"},"modified":"2024-12-18T15:58:39","modified_gmt":"2024-12-18T14:58:39","slug":"alpinestars-karthandschoen-tech-1k-v3-fia-8877-2022-rood","status":"publish","type":"product","link":"https:\/\/www.hoogstra-autosport.nl\/fr\/produit\/alpinestars-karthandschoen-tech-1k-v3-fia-8877-2022-rood\/","title":{"rendered":"Alpinestars Gant Karth Tech 1K v3 FIA 8877-2022 Rouge"},"content":{"rendered":"<p>Alpinestars Kart Glove Tech 1K v3Le gant Alpinestars TECH 1K v3 a \u00e9t\u00e9 sp\u00e9cialement con\u00e7u pour offrir aux pilotes de karting un gant exceptionnellement l\u00e9ger et profil\u00e9 avec des caract\u00e9ristiques exceptionnelles en termes de confort et d'exp\u00e9rience de conduite.<\/p>\n<p>Le design du gant impressionne particuli\u00e8rement avec ses graphiques sublim\u00e9s qui attirent l'attention. Il est dot\u00e9 d'un tissu extensible \u00e0 double couche, coll\u00e9 dans les quatre sens, et d'un traitement ergonomique de la prise en main en silicone, ce qui garantit un confort sup\u00e9rieur.<\/p>\n<p>Homologu\u00e9 selon la derni\u00e8re norme de s\u00e9curit\u00e9 FIA8877-2022 pour le karting.<\/p>\n<p>&nbsp;<\/p>\n<p>&nbsp;<\/p>\n<p>&nbsp;<\/p>","protected":false},"excerpt":{"rendered":"<p>Alpinestars Kart Glove Tech 1K v3De Alpinestars TECH 1K v3 is speciaal ontwikkeld om kartrijders te voorzien van een bijzonder lichte en gestroomlijnde handschoen met uitzonderlijke eigenschappen op het gebied van comfort en rijbeleving. Het handschoenontwerp maakt vooral indruk met zijn opvallende, gesublimeerde graphics. Met dubbellaagse, gebonden 4-way stretchstof en een ergonomisch gesneden siliconen gripbehandeling [&hellip;]<\/p>\n","protected":false},"featured_media":70093,"template":"","meta":{"_acf_changed":false},"product_brand":[],"product_cat":[4194,2594,4193],"product_tag":[],"class_list":{"0":"post-70087","1":"product","2":"type-product","3":"status-publish","4":"has-post-thumbnail","6":"product_cat-alpinestars-merken","7":"product_cat-handschoenen-2","8":"product_cat-alpinestar-handschoenen-fia","9":"product_shipping_class-4016","11":"first","12":"instock","13":"taxable","14":"shipping-taxable","15":"purchasable","16":"product-type-variable"},"acf":[],"yoast_head":"<!-- This site is optimized with the Yoast SEO plugin v27.1.1 - https:\/\/yoast.com\/product\/yoast-seo-wordpress\/ -->\n<title>Alpinestars Karthandschoen Tech 1K v3 FIA 8877-2022 Rood - Hoogstra Autosport<\/title>\n<meta name=\"robots\" content=\"index, follow, max-snippet:-1, max-image-preview:large, max-video-preview:-1\" \/>\n<link rel=\"canonical\" href=\"https:\/\/www.hoogstra-autosport.nl\/fr\/produit\/alpinestars-karthandschoen-tech-1k-v3-fia-8877-2022-rood\/\" \/>\n<meta property=\"og:locale\" content=\"fr_FR\" \/>\n<meta property=\"og:type\" content=\"article\" \/>\n<meta property=\"og:title\" content=\"Alpinestars Karthandschoen Tech 1K v3 FIA 8877-2022 Rood - Hoogstra Autosport\" \/>\n<meta property=\"og:description\" content=\"Alpinestars Kart Glove Tech 1K v3De Alpinestars TECH 1K v3 is speciaal ontwikkeld om kartrijders te voorzien van een bijzonder lichte en gestroomlijnde handschoen met uitzonderlijke eigenschappen op het gebied van comfort en rijbeleving. Het handschoenontwerp maakt vooral indruk met zijn opvallende, gesublimeerde graphics. Met dubbellaagse, gebonden 4-way stretchstof en een ergonomisch gesneden siliconen gripbehandeling [&hellip;]\" \/>\n<meta property=\"og:url\" content=\"https:\/\/www.hoogstra-autosport.nl\/fr\/produit\/alpinestars-karthandschoen-tech-1k-v3-fia-8877-2022-rood\/\" \/>\n<meta property=\"og:site_name\" content=\"Hoogstra Autosport\" \/>\n<meta property=\"article:modified_time\" content=\"2024-12-18T14:58:39+00:00\" \/>\n<meta property=\"og:image\" content=\"https:\/\/hoogstra-autosport.nl\/teamkoen\/content\/uploads\/2024\/04\/red.jpg\" \/>\n\t<meta property=\"og:image:width\" content=\"986\" \/>\n\t<meta property=\"og:image:height\" content=\"986\" \/>\n\t<meta property=\"og:image:type\" content=\"image\/jpeg\" \/>\n<meta name=\"twitter:card\" content=\"summary_large_image\" \/>\n<meta name=\"twitter:label1\" content=\"Dur\u00e9e de lecture estim\u00e9e\" \/>\n\t<meta name=\"twitter:data1\" content=\"1 minute\" \/>\n<script type=\"application\/ld+json\" class=\"yoast-schema-graph\">{\"@context\":\"https:\/\/schema.org\",\"@graph\":[{\"@type\":\"WebPage\",\"@id\":\"https:\/\/www.hoogstra-autosport.nl\/product\/alpinestars-karthandschoen-tech-1k-v3-fia-8877-2022-rood\/\",\"url\":\"https:\/\/www.hoogstra-autosport.nl\/product\/alpinestars-karthandschoen-tech-1k-v3-fia-8877-2022-rood\/\",\"name\":\"Alpinestars Karthandschoen Tech 1K v3 FIA 8877-2022 Rood - Hoogstra Autosport\",\"isPartOf\":{\"@id\":\"https:\/\/www.hoogstra-autosport.nl\/#website\"},\"primaryImageOfPage\":{\"@id\":\"https:\/\/www.hoogstra-autosport.nl\/product\/alpinestars-karthandschoen-tech-1k-v3-fia-8877-2022-rood\/#primaryimage\"},\"image\":{\"@id\":\"https:\/\/www.hoogstra-autosport.nl\/product\/alpinestars-karthandschoen-tech-1k-v3-fia-8877-2022-rood\/#primaryimage\"},\"thumbnailUrl\":\"https:\/\/www.hoogstra-autosport.nl\/teamkoen\/wp-content\/uploads\/2024\/04\/red.jpg\",\"datePublished\":\"2024-04-16T08:09:30+00:00\",\"dateModified\":\"2024-12-18T14:58:39+00:00\",\"breadcrumb\":{\"@id\":\"https:\/\/www.hoogstra-autosport.nl\/product\/alpinestars-karthandschoen-tech-1k-v3-fia-8877-2022-rood\/#breadcrumb\"},\"inLanguage\":\"fr-FR\",\"potentialAction\":[{\"@type\":\"ReadAction\",\"target\":[\"https:\/\/www.hoogstra-autosport.nl\/product\/alpinestars-karthandschoen-tech-1k-v3-fia-8877-2022-rood\/\"]}]},{\"@type\":\"ImageObject\",\"inLanguage\":\"fr-FR\",\"@id\":\"https:\/\/www.hoogstra-autosport.nl\/product\/alpinestars-karthandschoen-tech-1k-v3-fia-8877-2022-rood\/#primaryimage\",\"url\":\"https:\/\/www.hoogstra-autosport.nl\/teamkoen\/wp-content\/uploads\/2024\/04\/red.jpg\",\"contentUrl\":\"https:\/\/www.hoogstra-autosport.nl\/teamkoen\/wp-content\/uploads\/2024\/04\/red.jpg\",\"width\":986,\"height\":986},{\"@type\":\"BreadcrumbList\",\"@id\":\"https:\/\/www.hoogstra-autosport.nl\/product\/alpinestars-karthandschoen-tech-1k-v3-fia-8877-2022-rood\/#breadcrumb\",\"itemListElement\":[{\"@type\":\"ListItem\",\"position\":1,\"name\":\"Home\",\"item\":\"https:\/\/www.hoogstra-autosport.nl\/\"},{\"@type\":\"ListItem\",\"position\":2,\"name\":\"Uitrusting\",\"item\":\"https:\/\/www.hoogstra-autosport.nl\/product-categorie\/autosport-kleding-helmen\/\"},{\"@type\":\"ListItem\",\"position\":3,\"name\":\"Autosport Kleding\",\"item\":\"https:\/\/www.hoogstra-autosport.nl\/product-categorie\/autosport-kleding-helmen\/autosport-kleding\/\"},{\"@type\":\"ListItem\",\"position\":4,\"name\":\"Handschoenen\",\"item\":\"https:\/\/www.hoogstra-autosport.nl\/product-categorie\/autosport-kleding-helmen\/autosport-kleding\/handschoenen-2\/\"},{\"@type\":\"ListItem\",\"position\":5,\"name\":\"Alpinestars Karthandschoen Tech 1K v3 FIA 8877-2022 Rood\"}]},{\"@type\":\"WebSite\",\"@id\":\"https:\/\/www.hoogstra-autosport.nl\/#website\",\"url\":\"https:\/\/www.hoogstra-autosport.nl\/\",\"name\":\"Hoogstra Autosport\",\"description\":\"Performance Autosport Parts!\",\"potentialAction\":[{\"@type\":\"SearchAction\",\"target\":{\"@type\":\"EntryPoint\",\"urlTemplate\":\"https:\/\/www.hoogstra-autosport.nl\/?s={search_term_string}\"},\"query-input\":{\"@type\":\"PropertyValueSpecification\",\"valueRequired\":true,\"valueName\":\"search_term_string\"}}],\"inLanguage\":\"fr-FR\"}]}<\/script>\n<!-- \/ Yoast SEO plugin. -->","yoast_head_json":{"title":"Alpinestars Karthandschoen Tech 1K v3 FIA 8877-2022 Rood - Hoogstra Autosport","robots":{"index":"index","follow":"follow","max-snippet":"max-snippet:-1","max-image-preview":"max-image-preview:large","max-video-preview":"max-video-preview:-1"},"canonical":"https:\/\/www.hoogstra-autosport.nl\/fr\/produit\/alpinestars-karthandschoen-tech-1k-v3-fia-8877-2022-rood\/","og_locale":"fr_FR","og_type":"article","og_title":"Alpinestars Karthandschoen Tech 1K v3 FIA 8877-2022 Rood - Hoogstra Autosport","og_description":"Alpinestars Kart Glove Tech 1K v3De Alpinestars TECH 1K v3 is speciaal ontwikkeld om kartrijders te voorzien van een bijzonder lichte en gestroomlijnde handschoen met uitzonderlijke eigenschappen op het gebied van comfort en rijbeleving. Het handschoenontwerp maakt vooral indruk met zijn opvallende, gesublimeerde graphics. Met dubbellaagse, gebonden 4-way stretchstof en een ergonomisch gesneden siliconen gripbehandeling [&hellip;]","og_url":"https:\/\/www.hoogstra-autosport.nl\/fr\/produit\/alpinestars-karthandschoen-tech-1k-v3-fia-8877-2022-rood\/","og_site_name":"Hoogstra Autosport","article_modified_time":"2024-12-18T14:58:39+00:00","og_image":[{"width":986,"height":986,"url":"https:\/\/hoogstra-autosport.nl\/teamkoen\/content\/uploads\/2024\/04\/red.jpg","type":"image\/jpeg"}],"twitter_card":"summary_large_image","twitter_misc":{"Dur\u00e9e de lecture estim\u00e9e":"1 minute"},"schema":{"@context":"https:\/\/schema.org","@graph":[{"@type":"WebPage","@id":"https:\/\/www.hoogstra-autosport.nl\/product\/alpinestars-karthandschoen-tech-1k-v3-fia-8877-2022-rood\/","url":"https:\/\/www.hoogstra-autosport.nl\/product\/alpinestars-karthandschoen-tech-1k-v3-fia-8877-2022-rood\/","name":"Alpinestars Karthandschoen Tech 1K v3 FIA 8877-2022 Rood - Hoogstra Autosport","isPartOf":{"@id":"https:\/\/www.hoogstra-autosport.nl\/#website"},"primaryImageOfPage":{"@id":"https:\/\/www.hoogstra-autosport.nl\/product\/alpinestars-karthandschoen-tech-1k-v3-fia-8877-2022-rood\/#primaryimage"},"image":{"@id":"https:\/\/www.hoogstra-autosport.nl\/product\/alpinestars-karthandschoen-tech-1k-v3-fia-8877-2022-rood\/#primaryimage"},"thumbnailUrl":"https:\/\/www.hoogstra-autosport.nl\/teamkoen\/wp-content\/uploads\/2024\/04\/red.jpg","datePublished":"2024-04-16T08:09:30+00:00","dateModified":"2024-12-18T14:58:39+00:00","breadcrumb":{"@id":"https:\/\/www.hoogstra-autosport.nl\/product\/alpinestars-karthandschoen-tech-1k-v3-fia-8877-2022-rood\/#breadcrumb"},"inLanguage":"fr-FR","potentialAction":[{"@type":"ReadAction","target":["https:\/\/www.hoogstra-autosport.nl\/product\/alpinestars-karthandschoen-tech-1k-v3-fia-8877-2022-rood\/"]}]},{"@type":"ImageObject","inLanguage":"fr-FR","@id":"https:\/\/www.hoogstra-autosport.nl\/product\/alpinestars-karthandschoen-tech-1k-v3-fia-8877-2022-rood\/#primaryimage","url":"https:\/\/www.hoogstra-autosport.nl\/teamkoen\/wp-content\/uploads\/2024\/04\/red.jpg","contentUrl":"https:\/\/www.hoogstra-autosport.nl\/teamkoen\/wp-content\/uploads\/2024\/04\/red.jpg","width":986,"height":986},{"@type":"BreadcrumbList","@id":"https:\/\/www.hoogstra-autosport.nl\/product\/alpinestars-karthandschoen-tech-1k-v3-fia-8877-2022-rood\/#breadcrumb","itemListElement":[{"@type":"ListItem","position":1,"name":"Home","item":"https:\/\/www.hoogstra-autosport.nl\/"},{"@type":"ListItem","position":2,"name":"Uitrusting","item":"https:\/\/www.hoogstra-autosport.nl\/product-categorie\/autosport-kleding-helmen\/"},{"@type":"ListItem","position":3,"name":"Autosport Kleding","item":"https:\/\/www.hoogstra-autosport.nl\/product-categorie\/autosport-kleding-helmen\/autosport-kleding\/"},{"@type":"ListItem","position":4,"name":"Handschoenen","item":"https:\/\/www.hoogstra-autosport.nl\/product-categorie\/autosport-kleding-helmen\/autosport-kleding\/handschoenen-2\/"},{"@type":"ListItem","position":5,"name":"Alpinestars Karthandschoen Tech 1K v3 FIA 8877-2022 Rood"}]},{"@type":"WebSite","@id":"https:\/\/www.hoogstra-autosport.nl\/#website","url":"https:\/\/www.hoogstra-autosport.nl\/","name":"Hoogstra Autosport","description":"Performance Autosport Parts!","potentialAction":[{"@type":"SearchAction","target":{"@type":"EntryPoint","urlTemplate":"https:\/\/www.hoogstra-autosport.nl\/?s={search_term_string}"},"query-input":{"@type":"PropertyValueSpecification","valueRequired":true,"valueName":"search_term_string"}}],"inLanguage":"fr-FR"}]}},"tiered_pricing_type":"fixed","tiered_pricing_fixed_rules":[],"tiered_pricing_product_settings":{"layout":"default","base_unit_name":{"singular":null,"plural":null},"default_variation":null},"tiered_pricing_minimum_quantity":null,"tiered_pricing_roles_data":[],"tiered_pricing_percentage_rules":[],"tiered_pricing_maximum_quantity":null,"tiered_pricing_quantity_step":null,"_links":{"self":[{"href":"https:\/\/www.hoogstra-autosport.nl\/fr\/wp-json\/wp\/v2\/product\/70087","targetHints":{"allow":["GET"]}}],"collection":[{"href":"https:\/\/www.hoogstra-autosport.nl\/fr\/wp-json\/wp\/v2\/product"}],"about":[{"href":"https:\/\/www.hoogstra-autosport.nl\/fr\/wp-json\/wp\/v2\/types\/product"}],"wp:featuredmedia":[{"embeddable":true,"href":"https:\/\/www.hoogstra-autosport.nl\/fr\/wp-json\/wp\/v2\/media\/70093"}],"wp:attachment":[{"href":"https:\/\/www.hoogstra-autosport.nl\/fr\/wp-json\/wp\/v2\/media?parent=70087"}],"wp:term":[{"taxonomy":"product_brand","embeddable":true,"href":"https:\/\/www.hoogstra-autosport.nl\/fr\/wp-json\/wp\/v2\/product_brand?post=70087"},{"taxonomy":"product_cat","embeddable":true,"href":"https:\/\/www.hoogstra-autosport.nl\/fr\/wp-json\/wp\/v2\/product_cat?post=70087"},{"taxonomy":"product_tag","embeddable":true,"href":"https:\/\/www.hoogstra-autosport.nl\/fr\/wp-json\/wp\/v2\/product_tag?post=70087"}],"curies":[{"name":"wp","href":"https:\/\/api.w.org\/{rel}","templated":true}]}}