{"id":69431,"date":"2024-04-02T09:32:06","date_gmt":"2024-04-02T07:32:06","guid":{"rendered":"https:\/\/www.hoogstra-autosport.nl\/?post_type=product&#038;p=69431"},"modified":"2025-12-18T20:47:38","modified_gmt":"2025-12-18T19:47:38","slug":"sparco-kartoverall-kerb-kids-grijs-geel","status":"publish","type":"product","link":"https:\/\/www.hoogstra-autosport.nl\/fr\/produit\/sparco-kartoverall-kerb-kids-grijs-geel\/","title":{"rendered":"Sparco Kartoverall KERB (kids) Grijs\/Geel"},"content":{"rendered":"<p><span class=\"jCAhz ChMk0b\"><span class=\"ryNqvb\">Sparco Kartoverall KERB\"<\/span><\/span> <span class=\"jCAhz ChMk0b\"><span class=\"ryNqvb\">Le nouveau Sparco Kartoverall Curb impressionne par son grand confort et sa nouvelle coupe, en particulier gr\u00e2ce \u00e0 son nouveau design.<\/span><\/span> <span class=\"jCAhz ChMk0b\"><span class=\"ryNqvb\">Les a\u00e9rations \u00e9prouv\u00e9es au niveau des cuisses assurent une bonne ventilation cibl\u00e9e pour un confort agr\u00e9able, m\u00eame par des temp\u00e9ratures estivales.<\/span><\/span> <span class=\"jCAhz ChMk0b\"><span class=\"ryNqvb\">De grands inserts \u00e9lastiques sous les bras et dans le dos garantissent une libert\u00e9 de mouvement maximale quelle que soit la position assise.<\/span><\/span> <span class=\"jCAhz ChMk0b\"><span class=\"ryNqvb\">Pour un r\u00e9glage individuel de la largeur, des pattes de r\u00e9glage sont int\u00e9gr\u00e9es dans la zone de la taille sur le c\u00f4t\u00e9.<\/span><\/span> <span class=\"jCAhz ChMk0b\"><span class=\"ryNqvb\">Les appliqu\u00e9s de couleur contrastante, associ\u00e9s aux coutures diagonales contrast\u00e9es, lui conf\u00e8rent un look moderne et sportif.<\/span><\/span> <span class=\"jCAhz ChMk0b\"><span class=\"ryNqvb\">Son design sportif et sa forme g\u00e9n\u00e9rale ergonomique font du Sparco Curb un mod\u00e8le haut de gamme dans sa cat\u00e9gorie, tant sur le plan visuel que sur celui du confort.<\/span><\/span><\/p>\n<p>&nbsp;<\/p>\n<p>Homologu\u00e9 CIK-FIA 2013-1 niveau 2.<\/p>","protected":false},"excerpt":{"rendered":"<p>Sparco Kartoverall KERB&#8221; De nieuwe Sparco Kartoverall Curb overtuigt door zijn geweldige draagcomfort en nieuwe pasvorm, vooral door zijn frisse design. De beproefde ventilatieopeningen in het dijbeen zorgen voor gerichte goede ventilatie voor een aangenaam comfort &#8211; zelfs bij zomerse temperaturen. Grote, elastische inzetstukken onder de armen en in het ruggedeelte zorgen voor maximale bewegingsvrijheid [&hellip;]<\/p>\n","protected":false},"featured_media":95652,"template":"","meta":{"_acf_changed":false},"product_brand":[],"product_cat":[2700,4049],"product_tag":[],"class_list":{"0":"post-69431","1":"product","2":"type-product","3":"status-publish","4":"has-post-thumbnail","6":"product_cat-kart-monteurs-overalls","7":"product_cat-mini-kleding","8":"product_shipping_class-4016","10":"first","11":"instock","12":"taxable","13":"shipping-taxable","14":"purchasable","15":"product-type-variable"},"acf":[],"yoast_head":"<!-- This site is optimized with the Yoast SEO plugin v27.1.1 - https:\/\/yoast.com\/product\/yoast-seo-wordpress\/ -->\n<title>Sparco Kartoverall KERB (kids) Grijs\/Geel - Hoogstra Autosport<\/title>\n<meta name=\"robots\" content=\"index, follow, max-snippet:-1, max-image-preview:large, max-video-preview:-1\" \/>\n<link rel=\"canonical\" href=\"https:\/\/www.hoogstra-autosport.nl\/fr\/produit\/sparco-kartoverall-kerb-kids-grijs-geel\/\" \/>\n<meta property=\"og:locale\" content=\"fr_FR\" \/>\n<meta property=\"og:type\" content=\"article\" \/>\n<meta property=\"og:title\" content=\"Sparco Kartoverall KERB (kids) Grijs\/Geel - Hoogstra Autosport\" \/>\n<meta property=\"og:description\" content=\"Sparco Kartoverall KERB&#8221; De nieuwe Sparco Kartoverall Curb overtuigt door zijn geweldige draagcomfort en nieuwe pasvorm, vooral door zijn frisse design. De beproefde ventilatieopeningen in het dijbeen zorgen voor gerichte goede ventilatie voor een aangenaam comfort &#8211; zelfs bij zomerse temperaturen. Grote, elastische inzetstukken onder de armen en in het ruggedeelte zorgen voor maximale bewegingsvrijheid [&hellip;]\" \/>\n<meta property=\"og:url\" content=\"https:\/\/www.hoogstra-autosport.nl\/fr\/produit\/sparco-kartoverall-kerb-kids-grijs-geel\/\" \/>\n<meta property=\"og:site_name\" content=\"Hoogstra Autosport\" \/>\n<meta property=\"article:modified_time\" content=\"2025-12-18T19:47:38+00:00\" \/>\n<meta property=\"og:image\" content=\"https:\/\/www.hoogstra-autosport.nl\/teamkoen\/wp-content\/uploads\/2024\/04\/Sparco-Kerb-grijs-geel-voorkant.jpg\" \/>\n\t<meta property=\"og:image:width\" content=\"1080\" \/>\n\t<meta property=\"og:image:height\" content=\"1080\" \/>\n\t<meta property=\"og:image:type\" content=\"image\/jpeg\" \/>\n<meta name=\"twitter:card\" content=\"summary_large_image\" \/>\n<meta name=\"twitter:label1\" content=\"Dur\u00e9e de lecture estim\u00e9e\" \/>\n\t<meta name=\"twitter:data1\" content=\"1 minute\" \/>\n<script type=\"application\/ld+json\" class=\"yoast-schema-graph\">{\"@context\":\"https:\/\/schema.org\",\"@graph\":[{\"@type\":\"WebPage\",\"@id\":\"https:\/\/www.hoogstra-autosport.nl\/product\/sparco-kartoverall-kerb-kids-grijs-geel\/\",\"url\":\"https:\/\/www.hoogstra-autosport.nl\/product\/sparco-kartoverall-kerb-kids-grijs-geel\/\",\"name\":\"Sparco Kartoverall KERB (kids) Grijs\/Geel - Hoogstra Autosport\",\"isPartOf\":{\"@id\":\"https:\/\/www.hoogstra-autosport.nl\/#website\"},\"primaryImageOfPage\":{\"@id\":\"https:\/\/www.hoogstra-autosport.nl\/product\/sparco-kartoverall-kerb-kids-grijs-geel\/#primaryimage\"},\"image\":{\"@id\":\"https:\/\/www.hoogstra-autosport.nl\/product\/sparco-kartoverall-kerb-kids-grijs-geel\/#primaryimage\"},\"thumbnailUrl\":\"https:\/\/www.hoogstra-autosport.nl\/teamkoen\/wp-content\/uploads\/2024\/04\/Sparco-Kerb-grijs-geel-voorkant.jpg\",\"datePublished\":\"2024-04-02T07:32:06+00:00\",\"dateModified\":\"2025-12-18T19:47:38+00:00\",\"breadcrumb\":{\"@id\":\"https:\/\/www.hoogstra-autosport.nl\/product\/sparco-kartoverall-kerb-kids-grijs-geel\/#breadcrumb\"},\"inLanguage\":\"fr-FR\",\"potentialAction\":[{\"@type\":\"ReadAction\",\"target\":[\"https:\/\/www.hoogstra-autosport.nl\/product\/sparco-kartoverall-kerb-kids-grijs-geel\/\"]}]},{\"@type\":\"ImageObject\",\"inLanguage\":\"fr-FR\",\"@id\":\"https:\/\/www.hoogstra-autosport.nl\/product\/sparco-kartoverall-kerb-kids-grijs-geel\/#primaryimage\",\"url\":\"https:\/\/www.hoogstra-autosport.nl\/teamkoen\/wp-content\/uploads\/2024\/04\/Sparco-Kerb-grijs-geel-voorkant.jpg\",\"contentUrl\":\"https:\/\/www.hoogstra-autosport.nl\/teamkoen\/wp-content\/uploads\/2024\/04\/Sparco-Kerb-grijs-geel-voorkant.jpg\",\"width\":1080,\"height\":1080},{\"@type\":\"BreadcrumbList\",\"@id\":\"https:\/\/www.hoogstra-autosport.nl\/product\/sparco-kartoverall-kerb-kids-grijs-geel\/#breadcrumb\",\"itemListElement\":[{\"@type\":\"ListItem\",\"position\":1,\"name\":\"Home\",\"item\":\"https:\/\/www.hoogstra-autosport.nl\/\"},{\"@type\":\"ListItem\",\"position\":2,\"name\":\"Uitrusting\",\"item\":\"https:\/\/www.hoogstra-autosport.nl\/product-categorie\/autosport-kleding-helmen\/\"},{\"@type\":\"ListItem\",\"position\":3,\"name\":\"Autosport Kleding\",\"item\":\"https:\/\/www.hoogstra-autosport.nl\/product-categorie\/autosport-kleding-helmen\/autosport-kleding\/\"},{\"@type\":\"ListItem\",\"position\":4,\"name\":\"Overalls\",\"item\":\"https:\/\/www.hoogstra-autosport.nl\/product-categorie\/autosport-kleding-helmen\/autosport-kleding\/overalls\/\"},{\"@type\":\"ListItem\",\"position\":5,\"name\":\"Kart \/ Monteurs Overalls\",\"item\":\"https:\/\/www.hoogstra-autosport.nl\/product-categorie\/autosport-kleding-helmen\/autosport-kleding\/overalls\/kart-monteurs-overalls\/\"},{\"@type\":\"ListItem\",\"position\":6,\"name\":\"Sparco Kartoverall KERB (kids) Grijs\/Geel\"}]},{\"@type\":\"WebSite\",\"@id\":\"https:\/\/www.hoogstra-autosport.nl\/#website\",\"url\":\"https:\/\/www.hoogstra-autosport.nl\/\",\"name\":\"Hoogstra Autosport\",\"description\":\"Performance Autosport Parts!\",\"potentialAction\":[{\"@type\":\"SearchAction\",\"target\":{\"@type\":\"EntryPoint\",\"urlTemplate\":\"https:\/\/www.hoogstra-autosport.nl\/?s={search_term_string}\"},\"query-input\":{\"@type\":\"PropertyValueSpecification\",\"valueRequired\":true,\"valueName\":\"search_term_string\"}}],\"inLanguage\":\"fr-FR\"}]}<\/script>\n<!-- \/ Yoast SEO plugin. -->","yoast_head_json":{"title":"Sparco Kartoverall KERB (kids) Grijs\/Geel - Hoogstra Autosport","robots":{"index":"index","follow":"follow","max-snippet":"max-snippet:-1","max-image-preview":"max-image-preview:large","max-video-preview":"max-video-preview:-1"},"canonical":"https:\/\/www.hoogstra-autosport.nl\/fr\/produit\/sparco-kartoverall-kerb-kids-grijs-geel\/","og_locale":"fr_FR","og_type":"article","og_title":"Sparco Kartoverall KERB (kids) Grijs\/Geel - Hoogstra Autosport","og_description":"Sparco Kartoverall KERB&#8221; De nieuwe Sparco Kartoverall Curb overtuigt door zijn geweldige draagcomfort en nieuwe pasvorm, vooral door zijn frisse design. De beproefde ventilatieopeningen in het dijbeen zorgen voor gerichte goede ventilatie voor een aangenaam comfort &#8211; zelfs bij zomerse temperaturen. Grote, elastische inzetstukken onder de armen en in het ruggedeelte zorgen voor maximale bewegingsvrijheid [&hellip;]","og_url":"https:\/\/www.hoogstra-autosport.nl\/fr\/produit\/sparco-kartoverall-kerb-kids-grijs-geel\/","og_site_name":"Hoogstra Autosport","article_modified_time":"2025-12-18T19:47:38+00:00","og_image":[{"width":1080,"height":1080,"url":"https:\/\/www.hoogstra-autosport.nl\/teamkoen\/wp-content\/uploads\/2024\/04\/Sparco-Kerb-grijs-geel-voorkant.jpg","type":"image\/jpeg"}],"twitter_card":"summary_large_image","twitter_misc":{"Dur\u00e9e de lecture estim\u00e9e":"1 minute"},"schema":{"@context":"https:\/\/schema.org","@graph":[{"@type":"WebPage","@id":"https:\/\/www.hoogstra-autosport.nl\/product\/sparco-kartoverall-kerb-kids-grijs-geel\/","url":"https:\/\/www.hoogstra-autosport.nl\/product\/sparco-kartoverall-kerb-kids-grijs-geel\/","name":"Sparco Kartoverall KERB (kids) Grijs\/Geel - Hoogstra Autosport","isPartOf":{"@id":"https:\/\/www.hoogstra-autosport.nl\/#website"},"primaryImageOfPage":{"@id":"https:\/\/www.hoogstra-autosport.nl\/product\/sparco-kartoverall-kerb-kids-grijs-geel\/#primaryimage"},"image":{"@id":"https:\/\/www.hoogstra-autosport.nl\/product\/sparco-kartoverall-kerb-kids-grijs-geel\/#primaryimage"},"thumbnailUrl":"https:\/\/www.hoogstra-autosport.nl\/teamkoen\/wp-content\/uploads\/2024\/04\/Sparco-Kerb-grijs-geel-voorkant.jpg","datePublished":"2024-04-02T07:32:06+00:00","dateModified":"2025-12-18T19:47:38+00:00","breadcrumb":{"@id":"https:\/\/www.hoogstra-autosport.nl\/product\/sparco-kartoverall-kerb-kids-grijs-geel\/#breadcrumb"},"inLanguage":"fr-FR","potentialAction":[{"@type":"ReadAction","target":["https:\/\/www.hoogstra-autosport.nl\/product\/sparco-kartoverall-kerb-kids-grijs-geel\/"]}]},{"@type":"ImageObject","inLanguage":"fr-FR","@id":"https:\/\/www.hoogstra-autosport.nl\/product\/sparco-kartoverall-kerb-kids-grijs-geel\/#primaryimage","url":"https:\/\/www.hoogstra-autosport.nl\/teamkoen\/wp-content\/uploads\/2024\/04\/Sparco-Kerb-grijs-geel-voorkant.jpg","contentUrl":"https:\/\/www.hoogstra-autosport.nl\/teamkoen\/wp-content\/uploads\/2024\/04\/Sparco-Kerb-grijs-geel-voorkant.jpg","width":1080,"height":1080},{"@type":"BreadcrumbList","@id":"https:\/\/www.hoogstra-autosport.nl\/product\/sparco-kartoverall-kerb-kids-grijs-geel\/#breadcrumb","itemListElement":[{"@type":"ListItem","position":1,"name":"Home","item":"https:\/\/www.hoogstra-autosport.nl\/"},{"@type":"ListItem","position":2,"name":"Uitrusting","item":"https:\/\/www.hoogstra-autosport.nl\/product-categorie\/autosport-kleding-helmen\/"},{"@type":"ListItem","position":3,"name":"Autosport Kleding","item":"https:\/\/www.hoogstra-autosport.nl\/product-categorie\/autosport-kleding-helmen\/autosport-kleding\/"},{"@type":"ListItem","position":4,"name":"Overalls","item":"https:\/\/www.hoogstra-autosport.nl\/product-categorie\/autosport-kleding-helmen\/autosport-kleding\/overalls\/"},{"@type":"ListItem","position":5,"name":"Kart \/ Monteurs Overalls","item":"https:\/\/www.hoogstra-autosport.nl\/product-categorie\/autosport-kleding-helmen\/autosport-kleding\/overalls\/kart-monteurs-overalls\/"},{"@type":"ListItem","position":6,"name":"Sparco Kartoverall KERB (kids) Grijs\/Geel"}]},{"@type":"WebSite","@id":"https:\/\/www.hoogstra-autosport.nl\/#website","url":"https:\/\/www.hoogstra-autosport.nl\/","name":"Hoogstra Autosport","description":"Performance Autosport Parts!","potentialAction":[{"@type":"SearchAction","target":{"@type":"EntryPoint","urlTemplate":"https:\/\/www.hoogstra-autosport.nl\/?s={search_term_string}"},"query-input":{"@type":"PropertyValueSpecification","valueRequired":true,"valueName":"search_term_string"}}],"inLanguage":"fr-FR"}]}},"tiered_pricing_type":"fixed","tiered_pricing_fixed_rules":[],"tiered_pricing_product_settings":{"layout":"default","base_unit_name":{"singular":null,"plural":null},"default_variation":null},"tiered_pricing_minimum_quantity":null,"tiered_pricing_roles_data":[],"tiered_pricing_percentage_rules":[],"tiered_pricing_maximum_quantity":null,"tiered_pricing_quantity_step":null,"_links":{"self":[{"href":"https:\/\/www.hoogstra-autosport.nl\/fr\/wp-json\/wp\/v2\/product\/69431","targetHints":{"allow":["GET"]}}],"collection":[{"href":"https:\/\/www.hoogstra-autosport.nl\/fr\/wp-json\/wp\/v2\/product"}],"about":[{"href":"https:\/\/www.hoogstra-autosport.nl\/fr\/wp-json\/wp\/v2\/types\/product"}],"wp:featuredmedia":[{"embeddable":true,"href":"https:\/\/www.hoogstra-autosport.nl\/fr\/wp-json\/wp\/v2\/media\/95652"}],"wp:attachment":[{"href":"https:\/\/www.hoogstra-autosport.nl\/fr\/wp-json\/wp\/v2\/media?parent=69431"}],"wp:term":[{"taxonomy":"product_brand","embeddable":true,"href":"https:\/\/www.hoogstra-autosport.nl\/fr\/wp-json\/wp\/v2\/product_brand?post=69431"},{"taxonomy":"product_cat","embeddable":true,"href":"https:\/\/www.hoogstra-autosport.nl\/fr\/wp-json\/wp\/v2\/product_cat?post=69431"},{"taxonomy":"product_tag","embeddable":true,"href":"https:\/\/www.hoogstra-autosport.nl\/fr\/wp-json\/wp\/v2\/product_tag?post=69431"}],"curies":[{"name":"wp","href":"https:\/\/api.w.org\/{rel}","templated":true}]}}