{"id":68933,"date":"2024-03-22T15:01:35","date_gmt":"2024-03-22T14:01:35","guid":{"rendered":"https:\/\/www.hoogstra-autosport.nl\/?post_type=product&#038;p=68933"},"modified":"2024-03-22T15:03:33","modified_gmt":"2024-03-22T14:03:33","slug":"get-batterijlader","status":"publish","type":"product","link":"https:\/\/www.hoogstra-autosport.nl\/fr\/produit\/get-batterijlader\/","title":{"rendered":"GET Chargeur de batterie"},"content":{"rendered":"<p><strong>GET Chargeur de batterie<\/strong><\/p>\n<p>Battery Charger est le chargeur \u00e9lectronique num\u00e9rique multiphase portable par excellence pour les batteries plomb-acide et lithium-ion (LifePO4).<\/p>\n<p>Il effectue plusieurs analyses pour surveiller l'activit\u00e9 de la batterie afin d'assurer une charge s\u00fbre et efficace.<\/p>\n<p>Il est dot\u00e9 d'un d\u00e9sulfateur de batterie int\u00e9gr\u00e9 qui permet de rajeunir les batteries peu performantes.<\/p>\n<p>Si le microprocesseur d\u00e9branche accidentellement ou perd le courant, il se souvient de la derni\u00e8re phase de charge en cours.<\/p>\n<p>Le chargeur de batterie est \u00e9galement capable d'essayer de r\u00e9cup\u00e9rer des batteries profond\u00e9ment d\u00e9charg\u00e9es jusqu'\u00e0 2V.<\/p>\n<p>Il est super-s\u00fbr, sans \u00e9tincelles, prot\u00e9g\u00e9 contre les inversions de polarit\u00e9 et les courts-circuits et certifi\u00e9 IP65.<\/p>\n<p>La technologie CANbus permet de recharger les syst\u00e8mes \u00e9lectriques de BMW, Ducati, Triumph et Harley Davidson.<\/p>\n<ul>\n<li>Fr\u00e9quence : 50-60Hz.<\/li>\n<li>Courant nominal : 1A.<\/li>\n<li>Phases de chargement et d'analyse : 9.<\/li>\n<li>Tension de la batterie : 12V.<\/li>\n<li>Capacit\u00e9 de charge : 2Ah \u00f7 40Ah.<\/li>\n<li>Capacit\u00e9 de r\u00e9tention : 2Ah \u00f7 100Ah.<\/li>\n<li>Indice de protection IP : IP65.<\/li>\n<\/ul>","protected":false},"excerpt":{"rendered":"<p>GET Batterijlader Battery Charger is de ultieme draagbare meerfasige digitale elektronische oplader voor zowel loodzuur- als lithium-ionbatterijen (LifePO4). Het voert meerdere analyses uit om de batterijactiviteit te bewaken voor veilig en effici\u00ebnt opladen. Het beschikt over een ingebouwde batterijdesulfator om slecht presterende batterijen te verjongen. Wanneer de microprocessor per ongeluk de stekker uit het stopcontact [&hellip;]<\/p>\n","protected":false},"featured_media":68935,"template":"","meta":{"_acf_changed":false},"product_brand":[],"product_cat":[2611],"product_tag":[],"class_list":{"0":"post-68933","1":"product","2":"type-product","3":"status-publish","4":"has-post-thumbnail","6":"product_cat-accu","7":"product_shipping_class-4016","9":"first","10":"instock","11":"taxable","12":"shipping-taxable","13":"purchasable","14":"product-type-simple"},"acf":[],"yoast_head":"<!-- This site is optimized with the Yoast SEO plugin v27.1.1 - https:\/\/yoast.com\/product\/yoast-seo-wordpress\/ -->\n<title>GET Batterijlader - Hoogstra Autosport<\/title>\n<meta name=\"robots\" content=\"index, follow, max-snippet:-1, max-image-preview:large, max-video-preview:-1\" \/>\n<link rel=\"canonical\" href=\"https:\/\/www.hoogstra-autosport.nl\/fr\/produit\/get-batterijlader\/\" \/>\n<meta property=\"og:locale\" content=\"fr_FR\" \/>\n<meta property=\"og:type\" content=\"article\" \/>\n<meta property=\"og:title\" content=\"GET Batterijlader - Hoogstra Autosport\" \/>\n<meta property=\"og:description\" content=\"GET Batterijlader Battery Charger is de ultieme draagbare meerfasige digitale elektronische oplader voor zowel loodzuur- als lithium-ionbatterijen (LifePO4). Het voert meerdere analyses uit om de batterijactiviteit te bewaken voor veilig en effici\u00ebnt opladen. Het beschikt over een ingebouwde batterijdesulfator om slecht presterende batterijen te verjongen. Wanneer de microprocessor per ongeluk de stekker uit het stopcontact [&hellip;]\" \/>\n<meta property=\"og:url\" content=\"https:\/\/www.hoogstra-autosport.nl\/fr\/produit\/get-batterijlader\/\" \/>\n<meta property=\"og:site_name\" content=\"Hoogstra Autosport\" \/>\n<meta property=\"article:modified_time\" content=\"2024-03-22T14:03:33+00:00\" \/>\n<meta property=\"og:image\" content=\"https:\/\/hoogstra-autosport.nl\/teamkoen\/content\/uploads\/2024\/03\/batterijlader.jpg\" \/>\n\t<meta property=\"og:image:width\" content=\"986\" \/>\n\t<meta property=\"og:image:height\" content=\"986\" \/>\n\t<meta property=\"og:image:type\" content=\"image\/jpeg\" \/>\n<meta name=\"twitter:card\" content=\"summary_large_image\" \/>\n<meta name=\"twitter:label1\" content=\"Dur\u00e9e de lecture estim\u00e9e\" \/>\n\t<meta name=\"twitter:data1\" content=\"1 minute\" \/>\n<script type=\"application\/ld+json\" class=\"yoast-schema-graph\">{\"@context\":\"https:\/\/schema.org\",\"@graph\":[{\"@type\":\"WebPage\",\"@id\":\"https:\/\/www.hoogstra-autosport.nl\/product\/get-batterijlader\/\",\"url\":\"https:\/\/www.hoogstra-autosport.nl\/product\/get-batterijlader\/\",\"name\":\"GET Batterijlader - Hoogstra Autosport\",\"isPartOf\":{\"@id\":\"https:\/\/www.hoogstra-autosport.nl\/#website\"},\"primaryImageOfPage\":{\"@id\":\"https:\/\/www.hoogstra-autosport.nl\/product\/get-batterijlader\/#primaryimage\"},\"image\":{\"@id\":\"https:\/\/www.hoogstra-autosport.nl\/product\/get-batterijlader\/#primaryimage\"},\"thumbnailUrl\":\"https:\/\/www.hoogstra-autosport.nl\/teamkoen\/wp-content\/uploads\/2024\/03\/batterijlader.jpg\",\"datePublished\":\"2024-03-22T14:01:35+00:00\",\"dateModified\":\"2024-03-22T14:03:33+00:00\",\"breadcrumb\":{\"@id\":\"https:\/\/www.hoogstra-autosport.nl\/product\/get-batterijlader\/#breadcrumb\"},\"inLanguage\":\"fr-FR\",\"potentialAction\":[{\"@type\":\"ReadAction\",\"target\":[\"https:\/\/www.hoogstra-autosport.nl\/product\/get-batterijlader\/\"]}]},{\"@type\":\"ImageObject\",\"inLanguage\":\"fr-FR\",\"@id\":\"https:\/\/www.hoogstra-autosport.nl\/product\/get-batterijlader\/#primaryimage\",\"url\":\"https:\/\/www.hoogstra-autosport.nl\/teamkoen\/wp-content\/uploads\/2024\/03\/batterijlader.jpg\",\"contentUrl\":\"https:\/\/www.hoogstra-autosport.nl\/teamkoen\/wp-content\/uploads\/2024\/03\/batterijlader.jpg\",\"width\":986,\"height\":986},{\"@type\":\"BreadcrumbList\",\"@id\":\"https:\/\/www.hoogstra-autosport.nl\/product\/get-batterijlader\/#breadcrumb\",\"itemListElement\":[{\"@type\":\"ListItem\",\"position\":1,\"name\":\"Home\",\"item\":\"https:\/\/www.hoogstra-autosport.nl\/\"},{\"@type\":\"ListItem\",\"position\":2,\"name\":\"Elektriciteit\",\"item\":\"https:\/\/www.hoogstra-autosport.nl\/product-categorie\/elektriciteit\/\"},{\"@type\":\"ListItem\",\"position\":3,\"name\":\"Accu\",\"item\":\"https:\/\/www.hoogstra-autosport.nl\/product-categorie\/elektriciteit\/accu\/\"},{\"@type\":\"ListItem\",\"position\":4,\"name\":\"GET Batterijlader\"}]},{\"@type\":\"WebSite\",\"@id\":\"https:\/\/www.hoogstra-autosport.nl\/#website\",\"url\":\"https:\/\/www.hoogstra-autosport.nl\/\",\"name\":\"Hoogstra Autosport\",\"description\":\"Performance Autosport Parts!\",\"potentialAction\":[{\"@type\":\"SearchAction\",\"target\":{\"@type\":\"EntryPoint\",\"urlTemplate\":\"https:\/\/www.hoogstra-autosport.nl\/?s={search_term_string}\"},\"query-input\":{\"@type\":\"PropertyValueSpecification\",\"valueRequired\":true,\"valueName\":\"search_term_string\"}}],\"inLanguage\":\"fr-FR\"}]}<\/script>\n<!-- \/ Yoast SEO plugin. -->","yoast_head_json":{"title":"GET Batterijlader - Hoogstra Autosport","robots":{"index":"index","follow":"follow","max-snippet":"max-snippet:-1","max-image-preview":"max-image-preview:large","max-video-preview":"max-video-preview:-1"},"canonical":"https:\/\/www.hoogstra-autosport.nl\/fr\/produit\/get-batterijlader\/","og_locale":"fr_FR","og_type":"article","og_title":"GET Batterijlader - Hoogstra Autosport","og_description":"GET Batterijlader Battery Charger is de ultieme draagbare meerfasige digitale elektronische oplader voor zowel loodzuur- als lithium-ionbatterijen (LifePO4). Het voert meerdere analyses uit om de batterijactiviteit te bewaken voor veilig en effici\u00ebnt opladen. Het beschikt over een ingebouwde batterijdesulfator om slecht presterende batterijen te verjongen. Wanneer de microprocessor per ongeluk de stekker uit het stopcontact [&hellip;]","og_url":"https:\/\/www.hoogstra-autosport.nl\/fr\/produit\/get-batterijlader\/","og_site_name":"Hoogstra Autosport","article_modified_time":"2024-03-22T14:03:33+00:00","og_image":[{"width":986,"height":986,"url":"https:\/\/hoogstra-autosport.nl\/teamkoen\/content\/uploads\/2024\/03\/batterijlader.jpg","type":"image\/jpeg"}],"twitter_card":"summary_large_image","twitter_misc":{"Dur\u00e9e de lecture estim\u00e9e":"1 minute"},"schema":{"@context":"https:\/\/schema.org","@graph":[{"@type":"WebPage","@id":"https:\/\/www.hoogstra-autosport.nl\/product\/get-batterijlader\/","url":"https:\/\/www.hoogstra-autosport.nl\/product\/get-batterijlader\/","name":"GET Batterijlader - Hoogstra Autosport","isPartOf":{"@id":"https:\/\/www.hoogstra-autosport.nl\/#website"},"primaryImageOfPage":{"@id":"https:\/\/www.hoogstra-autosport.nl\/product\/get-batterijlader\/#primaryimage"},"image":{"@id":"https:\/\/www.hoogstra-autosport.nl\/product\/get-batterijlader\/#primaryimage"},"thumbnailUrl":"https:\/\/www.hoogstra-autosport.nl\/teamkoen\/wp-content\/uploads\/2024\/03\/batterijlader.jpg","datePublished":"2024-03-22T14:01:35+00:00","dateModified":"2024-03-22T14:03:33+00:00","breadcrumb":{"@id":"https:\/\/www.hoogstra-autosport.nl\/product\/get-batterijlader\/#breadcrumb"},"inLanguage":"fr-FR","potentialAction":[{"@type":"ReadAction","target":["https:\/\/www.hoogstra-autosport.nl\/product\/get-batterijlader\/"]}]},{"@type":"ImageObject","inLanguage":"fr-FR","@id":"https:\/\/www.hoogstra-autosport.nl\/product\/get-batterijlader\/#primaryimage","url":"https:\/\/www.hoogstra-autosport.nl\/teamkoen\/wp-content\/uploads\/2024\/03\/batterijlader.jpg","contentUrl":"https:\/\/www.hoogstra-autosport.nl\/teamkoen\/wp-content\/uploads\/2024\/03\/batterijlader.jpg","width":986,"height":986},{"@type":"BreadcrumbList","@id":"https:\/\/www.hoogstra-autosport.nl\/product\/get-batterijlader\/#breadcrumb","itemListElement":[{"@type":"ListItem","position":1,"name":"Home","item":"https:\/\/www.hoogstra-autosport.nl\/"},{"@type":"ListItem","position":2,"name":"Elektriciteit","item":"https:\/\/www.hoogstra-autosport.nl\/product-categorie\/elektriciteit\/"},{"@type":"ListItem","position":3,"name":"Accu","item":"https:\/\/www.hoogstra-autosport.nl\/product-categorie\/elektriciteit\/accu\/"},{"@type":"ListItem","position":4,"name":"GET Batterijlader"}]},{"@type":"WebSite","@id":"https:\/\/www.hoogstra-autosport.nl\/#website","url":"https:\/\/www.hoogstra-autosport.nl\/","name":"Hoogstra Autosport","description":"Performance Autosport Parts!","potentialAction":[{"@type":"SearchAction","target":{"@type":"EntryPoint","urlTemplate":"https:\/\/www.hoogstra-autosport.nl\/?s={search_term_string}"},"query-input":{"@type":"PropertyValueSpecification","valueRequired":true,"valueName":"search_term_string"}}],"inLanguage":"fr-FR"}]}},"tiered_pricing_type":"fixed","tiered_pricing_fixed_rules":[],"tiered_pricing_product_settings":{"layout":"default","base_unit_name":{"singular":null,"plural":null},"default_variation":null},"tiered_pricing_minimum_quantity":null,"tiered_pricing_roles_data":[],"tiered_pricing_percentage_rules":[],"tiered_pricing_maximum_quantity":null,"tiered_pricing_quantity_step":null,"_links":{"self":[{"href":"https:\/\/www.hoogstra-autosport.nl\/fr\/wp-json\/wp\/v2\/product\/68933","targetHints":{"allow":["GET"]}}],"collection":[{"href":"https:\/\/www.hoogstra-autosport.nl\/fr\/wp-json\/wp\/v2\/product"}],"about":[{"href":"https:\/\/www.hoogstra-autosport.nl\/fr\/wp-json\/wp\/v2\/types\/product"}],"wp:featuredmedia":[{"embeddable":true,"href":"https:\/\/www.hoogstra-autosport.nl\/fr\/wp-json\/wp\/v2\/media\/68935"}],"wp:attachment":[{"href":"https:\/\/www.hoogstra-autosport.nl\/fr\/wp-json\/wp\/v2\/media?parent=68933"}],"wp:term":[{"taxonomy":"product_brand","embeddable":true,"href":"https:\/\/www.hoogstra-autosport.nl\/fr\/wp-json\/wp\/v2\/product_brand?post=68933"},{"taxonomy":"product_cat","embeddable":true,"href":"https:\/\/www.hoogstra-autosport.nl\/fr\/wp-json\/wp\/v2\/product_cat?post=68933"},{"taxonomy":"product_tag","embeddable":true,"href":"https:\/\/www.hoogstra-autosport.nl\/fr\/wp-json\/wp\/v2\/product_tag?post=68933"}],"curies":[{"name":"wp","href":"https:\/\/api.w.org\/{rel}","templated":true}]}}