{"id":68540,"date":"2024-03-16T11:48:46","date_gmt":"2024-03-16T10:48:46","guid":{"rendered":"https:\/\/www.hoogstra-autosport.nl\/?post_type=product&#038;p=68540"},"modified":"2025-12-24T09:57:50","modified_gmt":"2025-12-24T08:57:50","slug":"indy-sport-f-profil-185-65-14","status":"publish","type":"product","link":"https:\/\/www.hoogstra-autosport.nl\/fr\/produit\/indy-sport-f-profil-185-65-14\/","title":{"rendered":"Indy Sport F Profil 185-65-14HD"},"content":{"rendered":"<p>De Indy Sport F-profil band is ontworpen voor optimale grip op losse ondergronden en klei. Het grove profiel en de stevige constructie zorgen voor goede tractie en controle tijdens rally- en autocross gebruik.<\/p>\n<p>185-65-14<\/p>\n<p>Compos\u00e9<\/p>\n<p>Moyen<\/p>\n<p>Douceur<\/p>\n<div id=\"article-tabs\" class=\"tab-content\">\n<div id=\"tab-description\" class=\"tab-pane fade in active\" role=\"tabpanel\">\n<div class=\"tab-content-wrapper\">\n<div class=\"desc\">\n<p>Il s'agit d'un pneu forestier tout usage avec des flancs renforc\u00e9s et un dessin grossier pour les sols en gravier. Ce dessin est \u00e9galement excellent pour les conditions humides et pour l'utilisation en Autocross et Rallye.<\/p>\n<p>- ECE marqu\u00e9<br \/>\n- L\u00e9galit\u00e9 routi\u00e8re<br \/>\n- Protection des jantes<\/p>\n<p><strong>Ce pneu pr\u00e9sente une nouvelle construction sp\u00e9ciale pour une grande rigidit\u00e9 et un flanc renforc\u00e9 !<\/strong><br \/>\n<strong>D\u00e9tails techniques :<\/strong><\/p>\n<div id=\"article-tabs\" class=\"tab-content\">\n<div id=\"tab-description\" class=\"tab-pane fade in active\" role=\"tabpanel\">\n<div class=\"tab-content-wrapper\"><\/div>\n<\/div>\n<\/div>\n<\/div>\n<\/div>\n<\/div>\n<\/div>","protected":false},"excerpt":{"rendered":"<p>De Indy Sport F-profil band is ontworpen voor optimale grip op losse ondergronden en klei. Het grove profiel en de stevige constructie zorgen voor goede tractie en controle tijdens rally- en autocross gebruik. 185-65-14 Compound Medium Soft This is an all purpose forest tyre with reinforced sidewalls and a coars pattern for gravel ground. This [&hellip;]<\/p>\n","protected":false},"featured_media":77768,"template":"","meta":{"_acf_changed":false},"product_brand":[],"product_cat":[4198,2675,3916],"product_tag":[],"class_list":{"0":"post-68540","1":"product","2":"type-product","3":"status-publish","4":"has-post-thumbnail","6":"product_cat-banden-opruiming","7":"product_cat-indy-sport-banden","8":"product_cat-indy-sport-rally-banden","9":"product_shipping_class-4017","11":"first","12":"instock","13":"taxable","14":"shipping-taxable","15":"purchasable","16":"product-type-variable"},"acf":[],"yoast_head":"<!-- This site is optimized with the Yoast SEO plugin v27.1.1 - https:\/\/yoast.com\/product\/yoast-seo-wordpress\/ -->\n<title>Indy Sport F Profil 185-65-14HD - Hoogstra Autosport<\/title>\n<meta name=\"robots\" content=\"index, follow, max-snippet:-1, max-image-preview:large, max-video-preview:-1\" \/>\n<link rel=\"canonical\" href=\"https:\/\/www.hoogstra-autosport.nl\/fr\/produit\/indy-sport-f-profil-185-65-14\/\" \/>\n<meta property=\"og:locale\" content=\"fr_FR\" \/>\n<meta property=\"og:type\" content=\"article\" \/>\n<meta property=\"og:title\" content=\"Indy Sport F Profil 185-65-14HD - Hoogstra Autosport\" \/>\n<meta property=\"og:description\" content=\"De Indy Sport F-profil band is ontworpen voor optimale grip op losse ondergronden en klei. Het grove profiel en de stevige constructie zorgen voor goede tractie en controle tijdens rally- en autocross gebruik. 185-65-14 Compound Medium Soft This is an all purpose forest tyre with reinforced sidewalls and a coars pattern for gravel ground. This [&hellip;]\" \/>\n<meta property=\"og:url\" content=\"https:\/\/www.hoogstra-autosport.nl\/fr\/produit\/indy-sport-f-profil-185-65-14\/\" \/>\n<meta property=\"og:site_name\" content=\"Hoogstra Autosport\" \/>\n<meta property=\"article:modified_time\" content=\"2025-12-24T08:57:50+00:00\" \/>\n<meta property=\"og:image\" content=\"https:\/\/www.hoogstra-autosport.nl\/teamkoen\/wp-content\/uploads\/2024\/03\/band.jpg\" \/>\n\t<meta property=\"og:image:width\" content=\"1170\" \/>\n\t<meta property=\"og:image:height\" content=\"1170\" \/>\n\t<meta property=\"og:image:type\" content=\"image\/jpeg\" \/>\n<meta name=\"twitter:card\" content=\"summary_large_image\" \/>\n<meta name=\"twitter:label1\" content=\"Dur\u00e9e de lecture estim\u00e9e\" \/>\n\t<meta name=\"twitter:data1\" content=\"1 minute\" \/>\n<script type=\"application\/ld+json\" class=\"yoast-schema-graph\">{\"@context\":\"https:\/\/schema.org\",\"@graph\":[{\"@type\":\"WebPage\",\"@id\":\"https:\/\/www.hoogstra-autosport.nl\/product\/indy-sport-f-profil-185-65-14\/\",\"url\":\"https:\/\/www.hoogstra-autosport.nl\/product\/indy-sport-f-profil-185-65-14\/\",\"name\":\"Indy Sport F Profil 185-65-14HD - Hoogstra Autosport\",\"isPartOf\":{\"@id\":\"https:\/\/www.hoogstra-autosport.nl\/#website\"},\"primaryImageOfPage\":{\"@id\":\"https:\/\/www.hoogstra-autosport.nl\/product\/indy-sport-f-profil-185-65-14\/#primaryimage\"},\"image\":{\"@id\":\"https:\/\/www.hoogstra-autosport.nl\/product\/indy-sport-f-profil-185-65-14\/#primaryimage\"},\"thumbnailUrl\":\"https:\/\/www.hoogstra-autosport.nl\/teamkoen\/wp-content\/uploads\/2024\/03\/band.jpg\",\"datePublished\":\"2024-03-16T10:48:46+00:00\",\"dateModified\":\"2025-12-24T08:57:50+00:00\",\"breadcrumb\":{\"@id\":\"https:\/\/www.hoogstra-autosport.nl\/product\/indy-sport-f-profil-185-65-14\/#breadcrumb\"},\"inLanguage\":\"fr-FR\",\"potentialAction\":[{\"@type\":\"ReadAction\",\"target\":[\"https:\/\/www.hoogstra-autosport.nl\/product\/indy-sport-f-profil-185-65-14\/\"]}]},{\"@type\":\"ImageObject\",\"inLanguage\":\"fr-FR\",\"@id\":\"https:\/\/www.hoogstra-autosport.nl\/product\/indy-sport-f-profil-185-65-14\/#primaryimage\",\"url\":\"https:\/\/www.hoogstra-autosport.nl\/teamkoen\/wp-content\/uploads\/2024\/03\/band.jpg\",\"contentUrl\":\"https:\/\/www.hoogstra-autosport.nl\/teamkoen\/wp-content\/uploads\/2024\/03\/band.jpg\",\"width\":1170,\"height\":1170},{\"@type\":\"BreadcrumbList\",\"@id\":\"https:\/\/www.hoogstra-autosport.nl\/product\/indy-sport-f-profil-185-65-14\/#breadcrumb\",\"itemListElement\":[{\"@type\":\"ListItem\",\"position\":1,\"name\":\"Home\",\"item\":\"https:\/\/www.hoogstra-autosport.nl\/\"},{\"@type\":\"ListItem\",\"position\":2,\"name\":\"Banden &amp; Velgen\",\"item\":\"https:\/\/www.hoogstra-autosport.nl\/product-categorie\/autocrossbanden-en-velgen\/\"},{\"@type\":\"ListItem\",\"position\":3,\"name\":\"Autocross Banden\",\"item\":\"https:\/\/www.hoogstra-autosport.nl\/product-categorie\/autocrossbanden-en-velgen\/autocross-banden\/\"},{\"@type\":\"ListItem\",\"position\":4,\"name\":\"Indy Sport Banden\",\"item\":\"https:\/\/www.hoogstra-autosport.nl\/product-categorie\/autocrossbanden-en-velgen\/autocross-banden\/indy-sport-banden\/\"},{\"@type\":\"ListItem\",\"position\":5,\"name\":\"Indy Sport F Profil 185-65-14HD\"}]},{\"@type\":\"WebSite\",\"@id\":\"https:\/\/www.hoogstra-autosport.nl\/#website\",\"url\":\"https:\/\/www.hoogstra-autosport.nl\/\",\"name\":\"Hoogstra Autosport\",\"description\":\"Performance Autosport Parts!\",\"potentialAction\":[{\"@type\":\"SearchAction\",\"target\":{\"@type\":\"EntryPoint\",\"urlTemplate\":\"https:\/\/www.hoogstra-autosport.nl\/?s={search_term_string}\"},\"query-input\":{\"@type\":\"PropertyValueSpecification\",\"valueRequired\":true,\"valueName\":\"search_term_string\"}}],\"inLanguage\":\"fr-FR\"}]}<\/script>\n<!-- \/ Yoast SEO plugin. -->","yoast_head_json":{"title":"Indy Sport F Profil 185-65-14HD - Hoogstra Autosport","robots":{"index":"index","follow":"follow","max-snippet":"max-snippet:-1","max-image-preview":"max-image-preview:large","max-video-preview":"max-video-preview:-1"},"canonical":"https:\/\/www.hoogstra-autosport.nl\/fr\/produit\/indy-sport-f-profil-185-65-14\/","og_locale":"fr_FR","og_type":"article","og_title":"Indy Sport F Profil 185-65-14HD - Hoogstra Autosport","og_description":"De Indy Sport F-profil band is ontworpen voor optimale grip op losse ondergronden en klei. Het grove profiel en de stevige constructie zorgen voor goede tractie en controle tijdens rally- en autocross gebruik. 185-65-14 Compound Medium Soft This is an all purpose forest tyre with reinforced sidewalls and a coars pattern for gravel ground. This [&hellip;]","og_url":"https:\/\/www.hoogstra-autosport.nl\/fr\/produit\/indy-sport-f-profil-185-65-14\/","og_site_name":"Hoogstra Autosport","article_modified_time":"2025-12-24T08:57:50+00:00","og_image":[{"width":1170,"height":1170,"url":"https:\/\/www.hoogstra-autosport.nl\/teamkoen\/wp-content\/uploads\/2024\/03\/band.jpg","type":"image\/jpeg"}],"twitter_card":"summary_large_image","twitter_misc":{"Dur\u00e9e de lecture estim\u00e9e":"1 minute"},"schema":{"@context":"https:\/\/schema.org","@graph":[{"@type":"WebPage","@id":"https:\/\/www.hoogstra-autosport.nl\/product\/indy-sport-f-profil-185-65-14\/","url":"https:\/\/www.hoogstra-autosport.nl\/product\/indy-sport-f-profil-185-65-14\/","name":"Indy Sport F Profil 185-65-14HD - Hoogstra Autosport","isPartOf":{"@id":"https:\/\/www.hoogstra-autosport.nl\/#website"},"primaryImageOfPage":{"@id":"https:\/\/www.hoogstra-autosport.nl\/product\/indy-sport-f-profil-185-65-14\/#primaryimage"},"image":{"@id":"https:\/\/www.hoogstra-autosport.nl\/product\/indy-sport-f-profil-185-65-14\/#primaryimage"},"thumbnailUrl":"https:\/\/www.hoogstra-autosport.nl\/teamkoen\/wp-content\/uploads\/2024\/03\/band.jpg","datePublished":"2024-03-16T10:48:46+00:00","dateModified":"2025-12-24T08:57:50+00:00","breadcrumb":{"@id":"https:\/\/www.hoogstra-autosport.nl\/product\/indy-sport-f-profil-185-65-14\/#breadcrumb"},"inLanguage":"fr-FR","potentialAction":[{"@type":"ReadAction","target":["https:\/\/www.hoogstra-autosport.nl\/product\/indy-sport-f-profil-185-65-14\/"]}]},{"@type":"ImageObject","inLanguage":"fr-FR","@id":"https:\/\/www.hoogstra-autosport.nl\/product\/indy-sport-f-profil-185-65-14\/#primaryimage","url":"https:\/\/www.hoogstra-autosport.nl\/teamkoen\/wp-content\/uploads\/2024\/03\/band.jpg","contentUrl":"https:\/\/www.hoogstra-autosport.nl\/teamkoen\/wp-content\/uploads\/2024\/03\/band.jpg","width":1170,"height":1170},{"@type":"BreadcrumbList","@id":"https:\/\/www.hoogstra-autosport.nl\/product\/indy-sport-f-profil-185-65-14\/#breadcrumb","itemListElement":[{"@type":"ListItem","position":1,"name":"Home","item":"https:\/\/www.hoogstra-autosport.nl\/"},{"@type":"ListItem","position":2,"name":"Banden &amp; Velgen","item":"https:\/\/www.hoogstra-autosport.nl\/product-categorie\/autocrossbanden-en-velgen\/"},{"@type":"ListItem","position":3,"name":"Autocross Banden","item":"https:\/\/www.hoogstra-autosport.nl\/product-categorie\/autocrossbanden-en-velgen\/autocross-banden\/"},{"@type":"ListItem","position":4,"name":"Indy Sport Banden","item":"https:\/\/www.hoogstra-autosport.nl\/product-categorie\/autocrossbanden-en-velgen\/autocross-banden\/indy-sport-banden\/"},{"@type":"ListItem","position":5,"name":"Indy Sport F Profil 185-65-14HD"}]},{"@type":"WebSite","@id":"https:\/\/www.hoogstra-autosport.nl\/#website","url":"https:\/\/www.hoogstra-autosport.nl\/","name":"Hoogstra Autosport","description":"Performance Autosport Parts!","potentialAction":[{"@type":"SearchAction","target":{"@type":"EntryPoint","urlTemplate":"https:\/\/www.hoogstra-autosport.nl\/?s={search_term_string}"},"query-input":{"@type":"PropertyValueSpecification","valueRequired":true,"valueName":"search_term_string"}}],"inLanguage":"fr-FR"}]}},"tiered_pricing_type":"fixed","tiered_pricing_fixed_rules":[],"tiered_pricing_product_settings":{"layout":"default","base_unit_name":{"singular":null,"plural":null},"default_variation":null},"tiered_pricing_minimum_quantity":null,"tiered_pricing_roles_data":[],"tiered_pricing_percentage_rules":[],"tiered_pricing_maximum_quantity":null,"tiered_pricing_quantity_step":null,"_links":{"self":[{"href":"https:\/\/www.hoogstra-autosport.nl\/fr\/wp-json\/wp\/v2\/product\/68540","targetHints":{"allow":["GET"]}}],"collection":[{"href":"https:\/\/www.hoogstra-autosport.nl\/fr\/wp-json\/wp\/v2\/product"}],"about":[{"href":"https:\/\/www.hoogstra-autosport.nl\/fr\/wp-json\/wp\/v2\/types\/product"}],"wp:featuredmedia":[{"embeddable":true,"href":"https:\/\/www.hoogstra-autosport.nl\/fr\/wp-json\/wp\/v2\/media\/77768"}],"wp:attachment":[{"href":"https:\/\/www.hoogstra-autosport.nl\/fr\/wp-json\/wp\/v2\/media?parent=68540"}],"wp:term":[{"taxonomy":"product_brand","embeddable":true,"href":"https:\/\/www.hoogstra-autosport.nl\/fr\/wp-json\/wp\/v2\/product_brand?post=68540"},{"taxonomy":"product_cat","embeddable":true,"href":"https:\/\/www.hoogstra-autosport.nl\/fr\/wp-json\/wp\/v2\/product_cat?post=68540"},{"taxonomy":"product_tag","embeddable":true,"href":"https:\/\/www.hoogstra-autosport.nl\/fr\/wp-json\/wp\/v2\/product_tag?post=68540"}],"curies":[{"name":"wp","href":"https:\/\/api.w.org\/{rel}","templated":true}]}}