{"id":67776,"date":"2024-02-28T13:17:30","date_gmt":"2024-02-28T12:17:30","guid":{"rendered":"https:\/\/www.hoogstra-autosport.nl\/?post_type=product&#038;p=67776"},"modified":"2025-12-12T10:27:37","modified_gmt":"2025-12-12T09:27:37","slug":"obp-pro-race-v2-pedaalbox-hangend","status":"publish","type":"product","link":"https:\/\/www.hoogstra-autosport.nl\/fr\/produit\/obp-pro-race-v2-pedaalbox-hangend\/","title":{"rendered":"Bo\u00eete \u00e0 p\u00e9dales OBP Pro-Race V2 suspendue"},"content":{"rendered":"<p>Le syst\u00e8me de p\u00e9dales OBP Pro-Race V2 est con\u00e7u pour ceux qui recherchent un p\u00e9dalier professionnel. Ce p\u00e9dalier est \u00e9quip\u00e9 de deux p\u00e9dales, d'autres options sont disponibles. Ce mod\u00e8le est mont\u00e9 sur le dessus et dispose d'une fixation pour cloison, mais d'autres versions sont \u00e9galement disponibles. La construction est un m\u00e9lange d'acier doux (support) et d'aluminium T6061 de qualit\u00e9 a\u00e9ronautique (p\u00e9dales), ce qui assure une excellente rigidit\u00e9 et am\u00e9liore les sensations. Les patins des p\u00e9dales sont r\u00e9glables. Le rapport de p\u00e9dale est \u00e9galement r\u00e9glable (4,9:1 \u00e0 5,24:1). Ce p\u00e9dalier est livr\u00e9 avec une bias rod. Les deux p\u00e9dales tournent sur des bagues impr\u00e9gn\u00e9es d'huile, ce qui cr\u00e9e un mouvement incroyablement doux avec tr\u00e8s peu d'entretien.<\/p>","protected":false},"excerpt":{"rendered":"<p>Het OBP Pro-Race V2-pedaalsysteem is ontworpen voor mensen die op zoek zijn naar een professionele pedalenbox. Deze pedalenbak heeft twee pedalen, andere opties zijn beschikbaar. Dit model is aan de bovenkant gemonteerd en heeft een schotbevestiging, maar er zijn ook andere versies beschikbaar. De constructie is een mix van zacht staal (houder) en T6061 aluminium [&hellip;]<\/p>\n","protected":false},"featured_media":95185,"template":"","meta":{"_acf_changed":false},"product_brand":[],"product_cat":[2761],"product_tag":[],"class_list":{"0":"post-67776","1":"product","2":"type-product","3":"status-publish","4":"has-post-thumbnail","6":"product_cat-pedaal-boxen","7":"product_shipping_class-4017","9":"first","10":"instock","11":"taxable","12":"shipping-taxable","13":"purchasable","14":"product-type-simple"},"acf":[],"yoast_head":"<!-- This site is optimized with the Yoast SEO plugin v27.1.1 - https:\/\/yoast.com\/product\/yoast-seo-wordpress\/ -->\n<title>OBP Pro-Race V2 Pedaalbox Hangend - Hoogstra Autosport<\/title>\n<meta name=\"robots\" content=\"index, follow, max-snippet:-1, max-image-preview:large, max-video-preview:-1\" \/>\n<link rel=\"canonical\" href=\"https:\/\/www.hoogstra-autosport.nl\/fr\/produit\/obp-pro-race-v2-pedaalbox-hangend\/\" \/>\n<meta property=\"og:locale\" content=\"fr_FR\" \/>\n<meta property=\"og:type\" content=\"article\" \/>\n<meta property=\"og:title\" content=\"OBP Pro-Race V2 Pedaalbox Hangend - Hoogstra Autosport\" \/>\n<meta property=\"og:description\" content=\"Het OBP Pro-Race V2-pedaalsysteem is ontworpen voor mensen die op zoek zijn naar een professionele pedalenbox. Deze pedalenbak heeft twee pedalen, andere opties zijn beschikbaar. Dit model is aan de bovenkant gemonteerd en heeft een schotbevestiging, maar er zijn ook andere versies beschikbaar. De constructie is een mix van zacht staal (houder) en T6061 aluminium [&hellip;]\" \/>\n<meta property=\"og:url\" content=\"https:\/\/www.hoogstra-autosport.nl\/fr\/produit\/obp-pro-race-v2-pedaalbox-hangend\/\" \/>\n<meta property=\"og:site_name\" content=\"Hoogstra Autosport\" \/>\n<meta property=\"article:modified_time\" content=\"2025-12-12T09:27:37+00:00\" \/>\n<meta property=\"og:image\" content=\"https:\/\/www.hoogstra-autosport.nl\/teamkoen\/wp-content\/uploads\/2024\/02\/Untitled-Project-67.jpg\" \/>\n\t<meta property=\"og:image:width\" content=\"1080\" \/>\n\t<meta property=\"og:image:height\" content=\"1080\" \/>\n\t<meta property=\"og:image:type\" content=\"image\/jpeg\" \/>\n<meta name=\"twitter:card\" content=\"summary_large_image\" \/>\n<meta name=\"twitter:label1\" content=\"Dur\u00e9e de lecture estim\u00e9e\" \/>\n\t<meta name=\"twitter:data1\" content=\"1 minute\" \/>\n<script type=\"application\/ld+json\" class=\"yoast-schema-graph\">{\"@context\":\"https:\/\/schema.org\",\"@graph\":[{\"@type\":\"WebPage\",\"@id\":\"https:\/\/www.hoogstra-autosport.nl\/product\/obp-pro-race-v2-pedaalbox-hangend\/\",\"url\":\"https:\/\/www.hoogstra-autosport.nl\/product\/obp-pro-race-v2-pedaalbox-hangend\/\",\"name\":\"OBP Pro-Race V2 Pedaalbox Hangend - Hoogstra Autosport\",\"isPartOf\":{\"@id\":\"https:\/\/www.hoogstra-autosport.nl\/#website\"},\"primaryImageOfPage\":{\"@id\":\"https:\/\/www.hoogstra-autosport.nl\/product\/obp-pro-race-v2-pedaalbox-hangend\/#primaryimage\"},\"image\":{\"@id\":\"https:\/\/www.hoogstra-autosport.nl\/product\/obp-pro-race-v2-pedaalbox-hangend\/#primaryimage\"},\"thumbnailUrl\":\"https:\/\/www.hoogstra-autosport.nl\/teamkoen\/wp-content\/uploads\/2024\/02\/Untitled-Project-67.jpg\",\"datePublished\":\"2024-02-28T12:17:30+00:00\",\"dateModified\":\"2025-12-12T09:27:37+00:00\",\"breadcrumb\":{\"@id\":\"https:\/\/www.hoogstra-autosport.nl\/product\/obp-pro-race-v2-pedaalbox-hangend\/#breadcrumb\"},\"inLanguage\":\"fr-FR\",\"potentialAction\":[{\"@type\":\"ReadAction\",\"target\":[\"https:\/\/www.hoogstra-autosport.nl\/product\/obp-pro-race-v2-pedaalbox-hangend\/\"]}]},{\"@type\":\"ImageObject\",\"inLanguage\":\"fr-FR\",\"@id\":\"https:\/\/www.hoogstra-autosport.nl\/product\/obp-pro-race-v2-pedaalbox-hangend\/#primaryimage\",\"url\":\"https:\/\/www.hoogstra-autosport.nl\/teamkoen\/wp-content\/uploads\/2024\/02\/Untitled-Project-67.jpg\",\"contentUrl\":\"https:\/\/www.hoogstra-autosport.nl\/teamkoen\/wp-content\/uploads\/2024\/02\/Untitled-Project-67.jpg\",\"width\":1080,\"height\":1080},{\"@type\":\"BreadcrumbList\",\"@id\":\"https:\/\/www.hoogstra-autosport.nl\/product\/obp-pro-race-v2-pedaalbox-hangend\/#breadcrumb\",\"itemListElement\":[{\"@type\":\"ListItem\",\"position\":1,\"name\":\"Home\",\"item\":\"https:\/\/www.hoogstra-autosport.nl\/\"},{\"@type\":\"ListItem\",\"position\":2,\"name\":\"Remmen\",\"item\":\"https:\/\/www.hoogstra-autosport.nl\/product-categorie\/remmen-2\/\"},{\"@type\":\"ListItem\",\"position\":3,\"name\":\"Pedaal Boxen\",\"item\":\"https:\/\/www.hoogstra-autosport.nl\/product-categorie\/remmen-2\/pedaal-boxen\/\"},{\"@type\":\"ListItem\",\"position\":4,\"name\":\"OBP Pro-Race V2 Pedaalbox Hangend\"}]},{\"@type\":\"WebSite\",\"@id\":\"https:\/\/www.hoogstra-autosport.nl\/#website\",\"url\":\"https:\/\/www.hoogstra-autosport.nl\/\",\"name\":\"Hoogstra Autosport\",\"description\":\"Performance Autosport Parts!\",\"potentialAction\":[{\"@type\":\"SearchAction\",\"target\":{\"@type\":\"EntryPoint\",\"urlTemplate\":\"https:\/\/www.hoogstra-autosport.nl\/?s={search_term_string}\"},\"query-input\":{\"@type\":\"PropertyValueSpecification\",\"valueRequired\":true,\"valueName\":\"search_term_string\"}}],\"inLanguage\":\"fr-FR\"}]}<\/script>\n<!-- \/ Yoast SEO plugin. -->","yoast_head_json":{"title":"OBP Pro-Race V2 Pedaalbox Hangend - Hoogstra Autosport","robots":{"index":"index","follow":"follow","max-snippet":"max-snippet:-1","max-image-preview":"max-image-preview:large","max-video-preview":"max-video-preview:-1"},"canonical":"https:\/\/www.hoogstra-autosport.nl\/fr\/produit\/obp-pro-race-v2-pedaalbox-hangend\/","og_locale":"fr_FR","og_type":"article","og_title":"OBP Pro-Race V2 Pedaalbox Hangend - Hoogstra Autosport","og_description":"Het OBP Pro-Race V2-pedaalsysteem is ontworpen voor mensen die op zoek zijn naar een professionele pedalenbox. Deze pedalenbak heeft twee pedalen, andere opties zijn beschikbaar. Dit model is aan de bovenkant gemonteerd en heeft een schotbevestiging, maar er zijn ook andere versies beschikbaar. De constructie is een mix van zacht staal (houder) en T6061 aluminium [&hellip;]","og_url":"https:\/\/www.hoogstra-autosport.nl\/fr\/produit\/obp-pro-race-v2-pedaalbox-hangend\/","og_site_name":"Hoogstra Autosport","article_modified_time":"2025-12-12T09:27:37+00:00","og_image":[{"width":1080,"height":1080,"url":"https:\/\/www.hoogstra-autosport.nl\/teamkoen\/wp-content\/uploads\/2024\/02\/Untitled-Project-67.jpg","type":"image\/jpeg"}],"twitter_card":"summary_large_image","twitter_misc":{"Dur\u00e9e de lecture estim\u00e9e":"1 minute"},"schema":{"@context":"https:\/\/schema.org","@graph":[{"@type":"WebPage","@id":"https:\/\/www.hoogstra-autosport.nl\/product\/obp-pro-race-v2-pedaalbox-hangend\/","url":"https:\/\/www.hoogstra-autosport.nl\/product\/obp-pro-race-v2-pedaalbox-hangend\/","name":"OBP Pro-Race V2 Pedaalbox Hangend - Hoogstra Autosport","isPartOf":{"@id":"https:\/\/www.hoogstra-autosport.nl\/#website"},"primaryImageOfPage":{"@id":"https:\/\/www.hoogstra-autosport.nl\/product\/obp-pro-race-v2-pedaalbox-hangend\/#primaryimage"},"image":{"@id":"https:\/\/www.hoogstra-autosport.nl\/product\/obp-pro-race-v2-pedaalbox-hangend\/#primaryimage"},"thumbnailUrl":"https:\/\/www.hoogstra-autosport.nl\/teamkoen\/wp-content\/uploads\/2024\/02\/Untitled-Project-67.jpg","datePublished":"2024-02-28T12:17:30+00:00","dateModified":"2025-12-12T09:27:37+00:00","breadcrumb":{"@id":"https:\/\/www.hoogstra-autosport.nl\/product\/obp-pro-race-v2-pedaalbox-hangend\/#breadcrumb"},"inLanguage":"fr-FR","potentialAction":[{"@type":"ReadAction","target":["https:\/\/www.hoogstra-autosport.nl\/product\/obp-pro-race-v2-pedaalbox-hangend\/"]}]},{"@type":"ImageObject","inLanguage":"fr-FR","@id":"https:\/\/www.hoogstra-autosport.nl\/product\/obp-pro-race-v2-pedaalbox-hangend\/#primaryimage","url":"https:\/\/www.hoogstra-autosport.nl\/teamkoen\/wp-content\/uploads\/2024\/02\/Untitled-Project-67.jpg","contentUrl":"https:\/\/www.hoogstra-autosport.nl\/teamkoen\/wp-content\/uploads\/2024\/02\/Untitled-Project-67.jpg","width":1080,"height":1080},{"@type":"BreadcrumbList","@id":"https:\/\/www.hoogstra-autosport.nl\/product\/obp-pro-race-v2-pedaalbox-hangend\/#breadcrumb","itemListElement":[{"@type":"ListItem","position":1,"name":"Home","item":"https:\/\/www.hoogstra-autosport.nl\/"},{"@type":"ListItem","position":2,"name":"Remmen","item":"https:\/\/www.hoogstra-autosport.nl\/product-categorie\/remmen-2\/"},{"@type":"ListItem","position":3,"name":"Pedaal Boxen","item":"https:\/\/www.hoogstra-autosport.nl\/product-categorie\/remmen-2\/pedaal-boxen\/"},{"@type":"ListItem","position":4,"name":"OBP Pro-Race V2 Pedaalbox Hangend"}]},{"@type":"WebSite","@id":"https:\/\/www.hoogstra-autosport.nl\/#website","url":"https:\/\/www.hoogstra-autosport.nl\/","name":"Hoogstra Autosport","description":"Performance Autosport Parts!","potentialAction":[{"@type":"SearchAction","target":{"@type":"EntryPoint","urlTemplate":"https:\/\/www.hoogstra-autosport.nl\/?s={search_term_string}"},"query-input":{"@type":"PropertyValueSpecification","valueRequired":true,"valueName":"search_term_string"}}],"inLanguage":"fr-FR"}]}},"tiered_pricing_type":"fixed","tiered_pricing_fixed_rules":[],"tiered_pricing_product_settings":{"layout":"default","base_unit_name":{"singular":null,"plural":null},"default_variation":null},"tiered_pricing_minimum_quantity":null,"tiered_pricing_roles_data":[],"tiered_pricing_percentage_rules":[],"tiered_pricing_maximum_quantity":null,"tiered_pricing_quantity_step":null,"_links":{"self":[{"href":"https:\/\/www.hoogstra-autosport.nl\/fr\/wp-json\/wp\/v2\/product\/67776","targetHints":{"allow":["GET"]}}],"collection":[{"href":"https:\/\/www.hoogstra-autosport.nl\/fr\/wp-json\/wp\/v2\/product"}],"about":[{"href":"https:\/\/www.hoogstra-autosport.nl\/fr\/wp-json\/wp\/v2\/types\/product"}],"wp:featuredmedia":[{"embeddable":true,"href":"https:\/\/www.hoogstra-autosport.nl\/fr\/wp-json\/wp\/v2\/media\/95185"}],"wp:attachment":[{"href":"https:\/\/www.hoogstra-autosport.nl\/fr\/wp-json\/wp\/v2\/media?parent=67776"}],"wp:term":[{"taxonomy":"product_brand","embeddable":true,"href":"https:\/\/www.hoogstra-autosport.nl\/fr\/wp-json\/wp\/v2\/product_brand?post=67776"},{"taxonomy":"product_cat","embeddable":true,"href":"https:\/\/www.hoogstra-autosport.nl\/fr\/wp-json\/wp\/v2\/product_cat?post=67776"},{"taxonomy":"product_tag","embeddable":true,"href":"https:\/\/www.hoogstra-autosport.nl\/fr\/wp-json\/wp\/v2\/product_tag?post=67776"}],"curies":[{"name":"wp","href":"https:\/\/api.w.org\/{rel}","templated":true}]}}