{"id":67592,"date":"2024-02-24T14:51:28","date_gmt":"2024-02-24T13:51:28","guid":{"rendered":"https:\/\/www.hoogstra-autosport.nl\/?post_type=product&#038;p=67592"},"modified":"2025-01-22T14:45:49","modified_gmt":"2025-01-22T13:45:49","slug":"kn-universeel-luchtfilter-konisch-64mm-aansluiting","status":"publish","type":"product","link":"https:\/\/www.hoogstra-autosport.nl\/fr\/produit\/kn-universeel-luchtfilter-konisch-64mm-aansluiting\/","title":{"rendered":"K&amp;N Filtre \u00e0 Air Universel Conique 64mm (KN RU4950)"},"content":{"rendered":"<p>)Filtre \u00e0 air universel K&amp;N conique 64mm<\/p>\n<p>152mm en dessous<\/p>\n<p>Dessus 127mm<\/p>\n<p>140 mm le plus haut<\/p>\n<p>Les filtres K&amp;N universels peuvent \u00eatre utilis\u00e9s pour une vari\u00e9t\u00e9 d'applications. Tous les filtres sont \u00e9quip\u00e9s d'une bride de raccordement en caoutchouc de haute qualit\u00e9. Cette bride r\u00e9siste aux vibrations et garantit un raccordement s\u00fbr. La bride a un jeu d'environ 2 mm.<\/p>\n<p>Avec un filtre \u00e0 air K&amp;N, vous optimisez l'alimentation en air de votre bloc moteur. Cela permet d'obtenir de meilleures performances et un son de moteur plus agr\u00e9able. En raison de cette caract\u00e9ristique, de nombreuses personnes l'appellent \u00e9galement un filtre de puissance. Les filtres universels K&amp;N sont disponibles avec un raccord rond ou ovale et dans une forme cylindrique, conique ou ovale.<\/p>","protected":false},"excerpt":{"rendered":"<p>)K&amp;N universeel luchtfilter konisch 64mm 152mm onder 127mm top 140mm hoogste Universele K&amp;N filters zijn voor diverse toepassingen te gebruiken. Alle filters hebben een rubberen aansluitflens van hoogwaardig rubber. Deze flens is bestand tegen trillingen en garandeert een veilige verbinding. De flens heeft een speling van ca. 2 mm. Met een K&amp;N Luchtfilter optimaliseer je [&hellip;]<\/p>\n","protected":false},"featured_media":67593,"template":"","meta":{"_acf_changed":false},"product_brand":[],"product_cat":[3860,2671],"product_tag":[],"class_list":{"0":"post-67592","1":"product","2":"type-product","3":"status-publish","4":"has-post-thumbnail","6":"product_cat-aansluiting-64mm","7":"product_cat-kn-filters","8":"product_shipping_class-4016","10":"first","11":"instock","12":"taxable","13":"shipping-taxable","14":"purchasable","15":"product-type-simple"},"acf":[],"yoast_head":"<!-- This site is optimized with the Yoast SEO plugin v27.1.1 - https:\/\/yoast.com\/product\/yoast-seo-wordpress\/ -->\n<title>K&amp;N Universeel Luchtfilter Konisch 64mm aansluiting (KN RU4950) - Hoogstra Autosport<\/title>\n<meta name=\"robots\" content=\"index, follow, max-snippet:-1, max-image-preview:large, max-video-preview:-1\" \/>\n<link rel=\"canonical\" href=\"https:\/\/www.hoogstra-autosport.nl\/fr\/produit\/kn-universeel-luchtfilter-konisch-64mm-aansluiting\/\" \/>\n<meta property=\"og:locale\" content=\"fr_FR\" \/>\n<meta property=\"og:type\" content=\"article\" \/>\n<meta property=\"og:title\" content=\"K&amp;N Universeel Luchtfilter Konisch 64mm aansluiting (KN RU4950) - Hoogstra Autosport\" \/>\n<meta property=\"og:description\" content=\")K&amp;N universeel luchtfilter konisch 64mm 152mm onder 127mm top 140mm hoogste Universele K&amp;N filters zijn voor diverse toepassingen te gebruiken. Alle filters hebben een rubberen aansluitflens van hoogwaardig rubber. Deze flens is bestand tegen trillingen en garandeert een veilige verbinding. De flens heeft een speling van ca. 2 mm. Met een K&amp;N Luchtfilter optimaliseer je [&hellip;]\" \/>\n<meta property=\"og:url\" content=\"https:\/\/www.hoogstra-autosport.nl\/fr\/produit\/kn-universeel-luchtfilter-konisch-64mm-aansluiting\/\" \/>\n<meta property=\"og:site_name\" content=\"Hoogstra Autosport\" \/>\n<meta property=\"article:modified_time\" content=\"2025-01-22T13:45:49+00:00\" \/>\n<meta property=\"og:image\" content=\"https:\/\/www.hoogstra-autosport.nl\/teamkoen\/content\/uploads\/2024\/02\/filter.jpg\" \/>\n\t<meta property=\"og:image:width\" content=\"986\" \/>\n\t<meta property=\"og:image:height\" content=\"986\" \/>\n\t<meta property=\"og:image:type\" content=\"image\/jpeg\" \/>\n<meta name=\"twitter:card\" content=\"summary_large_image\" \/>\n<meta name=\"twitter:label1\" content=\"Dur\u00e9e de lecture estim\u00e9e\" \/>\n\t<meta name=\"twitter:data1\" content=\"1 minute\" \/>\n<script type=\"application\/ld+json\" class=\"yoast-schema-graph\">{\"@context\":\"https:\/\/schema.org\",\"@graph\":[{\"@type\":\"WebPage\",\"@id\":\"https:\/\/www.hoogstra-autosport.nl\/product\/kn-universeel-luchtfilter-konisch-64mm-aansluiting\/\",\"url\":\"https:\/\/www.hoogstra-autosport.nl\/product\/kn-universeel-luchtfilter-konisch-64mm-aansluiting\/\",\"name\":\"K&N Universeel Luchtfilter Konisch 64mm aansluiting (KN RU4950) - Hoogstra Autosport\",\"isPartOf\":{\"@id\":\"https:\/\/www.hoogstra-autosport.nl\/#website\"},\"primaryImageOfPage\":{\"@id\":\"https:\/\/www.hoogstra-autosport.nl\/product\/kn-universeel-luchtfilter-konisch-64mm-aansluiting\/#primaryimage\"},\"image\":{\"@id\":\"https:\/\/www.hoogstra-autosport.nl\/product\/kn-universeel-luchtfilter-konisch-64mm-aansluiting\/#primaryimage\"},\"thumbnailUrl\":\"https:\/\/www.hoogstra-autosport.nl\/teamkoen\/wp-content\/uploads\/2024\/02\/filter.jpg\",\"datePublished\":\"2024-02-24T13:51:28+00:00\",\"dateModified\":\"2025-01-22T13:45:49+00:00\",\"breadcrumb\":{\"@id\":\"https:\/\/www.hoogstra-autosport.nl\/product\/kn-universeel-luchtfilter-konisch-64mm-aansluiting\/#breadcrumb\"},\"inLanguage\":\"fr-FR\",\"potentialAction\":[{\"@type\":\"ReadAction\",\"target\":[\"https:\/\/www.hoogstra-autosport.nl\/product\/kn-universeel-luchtfilter-konisch-64mm-aansluiting\/\"]}]},{\"@type\":\"ImageObject\",\"inLanguage\":\"fr-FR\",\"@id\":\"https:\/\/www.hoogstra-autosport.nl\/product\/kn-universeel-luchtfilter-konisch-64mm-aansluiting\/#primaryimage\",\"url\":\"https:\/\/www.hoogstra-autosport.nl\/teamkoen\/wp-content\/uploads\/2024\/02\/filter.jpg\",\"contentUrl\":\"https:\/\/www.hoogstra-autosport.nl\/teamkoen\/wp-content\/uploads\/2024\/02\/filter.jpg\",\"width\":986,\"height\":986},{\"@type\":\"BreadcrumbList\",\"@id\":\"https:\/\/www.hoogstra-autosport.nl\/product\/kn-universeel-luchtfilter-konisch-64mm-aansluiting\/#breadcrumb\",\"itemListElement\":[{\"@type\":\"ListItem\",\"position\":1,\"name\":\"Home\",\"item\":\"https:\/\/www.hoogstra-autosport.nl\/\"},{\"@type\":\"ListItem\",\"position\":2,\"name\":\"Koeling &amp; Luchtfilters\",\"item\":\"https:\/\/www.hoogstra-autosport.nl\/product-categorie\/koeling-2\/\"},{\"@type\":\"ListItem\",\"position\":3,\"name\":\"Luchtfilters &amp; Toebehoren\",\"item\":\"https:\/\/www.hoogstra-autosport.nl\/product-categorie\/koeling-2\/luchtfilters-toebehoren\/\"},{\"@type\":\"ListItem\",\"position\":4,\"name\":\"K&amp;N Filters\",\"item\":\"https:\/\/www.hoogstra-autosport.nl\/product-categorie\/koeling-2\/luchtfilters-toebehoren\/kn-filters\/\"},{\"@type\":\"ListItem\",\"position\":5,\"name\":\"K&N Filter Rond-Konisch\",\"item\":\"https:\/\/www.hoogstra-autosport.nl\/product-categorie\/koeling-2\/luchtfilters-toebehoren\/kn-filters\/kn-filter-rond-konisch\/\"},{\"@type\":\"ListItem\",\"position\":6,\"name\":\"Aansluiting 64mm\",\"item\":\"https:\/\/www.hoogstra-autosport.nl\/product-categorie\/koeling-2\/luchtfilters-toebehoren\/kn-filters\/kn-filter-rond-konisch\/aansluiting-64mm\/\"},{\"@type\":\"ListItem\",\"position\":7,\"name\":\"K&#038;N Universeel Luchtfilter Konisch 64mm aansluiting (KN RU4950)\"}]},{\"@type\":\"WebSite\",\"@id\":\"https:\/\/www.hoogstra-autosport.nl\/#website\",\"url\":\"https:\/\/www.hoogstra-autosport.nl\/\",\"name\":\"Hoogstra Autosport\",\"description\":\"Performance Autosport Parts!\",\"potentialAction\":[{\"@type\":\"SearchAction\",\"target\":{\"@type\":\"EntryPoint\",\"urlTemplate\":\"https:\/\/www.hoogstra-autosport.nl\/?s={search_term_string}\"},\"query-input\":{\"@type\":\"PropertyValueSpecification\",\"valueRequired\":true,\"valueName\":\"search_term_string\"}}],\"inLanguage\":\"fr-FR\"}]}<\/script>\n<!-- \/ Yoast SEO plugin. -->","yoast_head_json":{"title":"K&N Universeel Luchtfilter Konisch 64mm aansluiting (KN RU4950) - Hoogstra Autosport","robots":{"index":"index","follow":"follow","max-snippet":"max-snippet:-1","max-image-preview":"max-image-preview:large","max-video-preview":"max-video-preview:-1"},"canonical":"https:\/\/www.hoogstra-autosport.nl\/fr\/produit\/kn-universeel-luchtfilter-konisch-64mm-aansluiting\/","og_locale":"fr_FR","og_type":"article","og_title":"K&N Universeel Luchtfilter Konisch 64mm aansluiting (KN RU4950) - Hoogstra Autosport","og_description":")K&amp;N universeel luchtfilter konisch 64mm 152mm onder 127mm top 140mm hoogste Universele K&amp;N filters zijn voor diverse toepassingen te gebruiken. Alle filters hebben een rubberen aansluitflens van hoogwaardig rubber. Deze flens is bestand tegen trillingen en garandeert een veilige verbinding. De flens heeft een speling van ca. 2 mm. Met een K&amp;N Luchtfilter optimaliseer je [&hellip;]","og_url":"https:\/\/www.hoogstra-autosport.nl\/fr\/produit\/kn-universeel-luchtfilter-konisch-64mm-aansluiting\/","og_site_name":"Hoogstra Autosport","article_modified_time":"2025-01-22T13:45:49+00:00","og_image":[{"width":986,"height":986,"url":"https:\/\/www.hoogstra-autosport.nl\/teamkoen\/content\/uploads\/2024\/02\/filter.jpg","type":"image\/jpeg"}],"twitter_card":"summary_large_image","twitter_misc":{"Dur\u00e9e de lecture estim\u00e9e":"1 minute"},"schema":{"@context":"https:\/\/schema.org","@graph":[{"@type":"WebPage","@id":"https:\/\/www.hoogstra-autosport.nl\/product\/kn-universeel-luchtfilter-konisch-64mm-aansluiting\/","url":"https:\/\/www.hoogstra-autosport.nl\/product\/kn-universeel-luchtfilter-konisch-64mm-aansluiting\/","name":"K&N Universeel Luchtfilter Konisch 64mm aansluiting (KN RU4950) - Hoogstra Autosport","isPartOf":{"@id":"https:\/\/www.hoogstra-autosport.nl\/#website"},"primaryImageOfPage":{"@id":"https:\/\/www.hoogstra-autosport.nl\/product\/kn-universeel-luchtfilter-konisch-64mm-aansluiting\/#primaryimage"},"image":{"@id":"https:\/\/www.hoogstra-autosport.nl\/product\/kn-universeel-luchtfilter-konisch-64mm-aansluiting\/#primaryimage"},"thumbnailUrl":"https:\/\/www.hoogstra-autosport.nl\/teamkoen\/wp-content\/uploads\/2024\/02\/filter.jpg","datePublished":"2024-02-24T13:51:28+00:00","dateModified":"2025-01-22T13:45:49+00:00","breadcrumb":{"@id":"https:\/\/www.hoogstra-autosport.nl\/product\/kn-universeel-luchtfilter-konisch-64mm-aansluiting\/#breadcrumb"},"inLanguage":"fr-FR","potentialAction":[{"@type":"ReadAction","target":["https:\/\/www.hoogstra-autosport.nl\/product\/kn-universeel-luchtfilter-konisch-64mm-aansluiting\/"]}]},{"@type":"ImageObject","inLanguage":"fr-FR","@id":"https:\/\/www.hoogstra-autosport.nl\/product\/kn-universeel-luchtfilter-konisch-64mm-aansluiting\/#primaryimage","url":"https:\/\/www.hoogstra-autosport.nl\/teamkoen\/wp-content\/uploads\/2024\/02\/filter.jpg","contentUrl":"https:\/\/www.hoogstra-autosport.nl\/teamkoen\/wp-content\/uploads\/2024\/02\/filter.jpg","width":986,"height":986},{"@type":"BreadcrumbList","@id":"https:\/\/www.hoogstra-autosport.nl\/product\/kn-universeel-luchtfilter-konisch-64mm-aansluiting\/#breadcrumb","itemListElement":[{"@type":"ListItem","position":1,"name":"Home","item":"https:\/\/www.hoogstra-autosport.nl\/"},{"@type":"ListItem","position":2,"name":"Koeling &amp; Luchtfilters","item":"https:\/\/www.hoogstra-autosport.nl\/product-categorie\/koeling-2\/"},{"@type":"ListItem","position":3,"name":"Luchtfilters &amp; Toebehoren","item":"https:\/\/www.hoogstra-autosport.nl\/product-categorie\/koeling-2\/luchtfilters-toebehoren\/"},{"@type":"ListItem","position":4,"name":"K&amp;N Filters","item":"https:\/\/www.hoogstra-autosport.nl\/product-categorie\/koeling-2\/luchtfilters-toebehoren\/kn-filters\/"},{"@type":"ListItem","position":5,"name":"K&N Filter Rond-Konisch","item":"https:\/\/www.hoogstra-autosport.nl\/product-categorie\/koeling-2\/luchtfilters-toebehoren\/kn-filters\/kn-filter-rond-konisch\/"},{"@type":"ListItem","position":6,"name":"Aansluiting 64mm","item":"https:\/\/www.hoogstra-autosport.nl\/product-categorie\/koeling-2\/luchtfilters-toebehoren\/kn-filters\/kn-filter-rond-konisch\/aansluiting-64mm\/"},{"@type":"ListItem","position":7,"name":"K&#038;N Universeel Luchtfilter Konisch 64mm aansluiting (KN RU4950)"}]},{"@type":"WebSite","@id":"https:\/\/www.hoogstra-autosport.nl\/#website","url":"https:\/\/www.hoogstra-autosport.nl\/","name":"Hoogstra Autosport","description":"Performance Autosport Parts!","potentialAction":[{"@type":"SearchAction","target":{"@type":"EntryPoint","urlTemplate":"https:\/\/www.hoogstra-autosport.nl\/?s={search_term_string}"},"query-input":{"@type":"PropertyValueSpecification","valueRequired":true,"valueName":"search_term_string"}}],"inLanguage":"fr-FR"}]}},"tiered_pricing_type":"fixed","tiered_pricing_fixed_rules":[],"tiered_pricing_product_settings":{"layout":"default","base_unit_name":{"singular":null,"plural":null},"default_variation":null},"tiered_pricing_minimum_quantity":null,"tiered_pricing_roles_data":[],"tiered_pricing_percentage_rules":[],"tiered_pricing_maximum_quantity":null,"tiered_pricing_quantity_step":null,"_links":{"self":[{"href":"https:\/\/www.hoogstra-autosport.nl\/fr\/wp-json\/wp\/v2\/product\/67592","targetHints":{"allow":["GET"]}}],"collection":[{"href":"https:\/\/www.hoogstra-autosport.nl\/fr\/wp-json\/wp\/v2\/product"}],"about":[{"href":"https:\/\/www.hoogstra-autosport.nl\/fr\/wp-json\/wp\/v2\/types\/product"}],"wp:featuredmedia":[{"embeddable":true,"href":"https:\/\/www.hoogstra-autosport.nl\/fr\/wp-json\/wp\/v2\/media\/67593"}],"wp:attachment":[{"href":"https:\/\/www.hoogstra-autosport.nl\/fr\/wp-json\/wp\/v2\/media?parent=67592"}],"wp:term":[{"taxonomy":"product_brand","embeddable":true,"href":"https:\/\/www.hoogstra-autosport.nl\/fr\/wp-json\/wp\/v2\/product_brand?post=67592"},{"taxonomy":"product_cat","embeddable":true,"href":"https:\/\/www.hoogstra-autosport.nl\/fr\/wp-json\/wp\/v2\/product_cat?post=67592"},{"taxonomy":"product_tag","embeddable":true,"href":"https:\/\/www.hoogstra-autosport.nl\/fr\/wp-json\/wp\/v2\/product_tag?post=67592"}],"curies":[{"name":"wp","href":"https:\/\/api.w.org\/{rel}","templated":true}]}}