{"id":67453,"date":"2024-02-22T10:29:50","date_gmt":"2024-02-22T09:29:50","guid":{"rendered":"https:\/\/www.hoogstra-autosport.nl\/?post_type=product&#038;p=67453"},"modified":"2025-02-14T10:05:46","modified_gmt":"2025-02-14T09:05:46","slug":"benzinetank-fia-20l-incl-fia-hologram-sticker","status":"publish","type":"product","link":"https:\/\/www.hoogstra-autosport.nl\/fr\/produit\/benzinetank-fia-20l-incl-fia-hologram-sticker\/","title":{"rendered":"R\u00e9servoir d'essence FIA 20L (y compris l'autocollant hologramme FIA)"},"content":{"rendered":"<p>R\u00e9servoirs cellulaires Saver ATL FIA<br \/>\nR\u00e9servoir complet en plastique dur<br \/>\n20 L<\/p>\n<ul>\n<li>avec plaque de tope<\/li>\n<li>\u00a0avec de la mousse jaune<\/li>\n<\/ul>\n<p>La cellule de sauvegarde standard SA-AA-030 est livr\u00e9e avec :<\/p>\n<table border=\"0\">\n<tbody>\n<tr>\n<td><img loading=\"lazy\" decoding=\"async\" src=\"https:\/\/rpower.be\/wp-content\/uploads\/2020\/03\/Rpower_Bezinetank-FIA-20L-incl.-FIA-hologram-sticker.jpg\" alt=\"PL BE 003 ATL Top plat RPow\" width=\"121\" height=\"84\" \/>\u00a0 \u00a0 \u00a0 \u00a0 \u00a0 \u00a0 \u00a0 \u00a0 Plaque sup\u00e9rieure \u00a0 \u00a0\u00a0<img loading=\"lazy\" decoding=\"async\" src=\"https:\/\/rpower.be\/wp-content\/uploads\/2020\/03\/TF-AA-350-ontluchtingsvent.jpg\" alt=\"TF AA 350 ontluchtingsvent\" width=\"90\" height=\"83\" \/>Soupape de purge<\/td>\n<\/tr>\n<\/tbody>\n<\/table>\n<p>Plaque sup\u00e9rieure de cellule standard 4\u00d76 \" contient :<br \/>\nt\u00f4le d'aluminium bleu anodis\u00e9<br \/>\n12 trous de fixation<br \/>\n(1) soupape d'a\u00e9ration -6 soupape d'a\u00e9ration en cas de renversement<br \/>\n(1) sortie carburant 6 jic<\/p>\n<p>Veuillez noter que :<br \/>\nPour \u00eatre conforme \u00e0 la norme FIA, les Racells doivent \u00eatre install\u00e9s \u00e0 l'int\u00e9rieur d'un conteneur en aluminium.<br \/>\nIl est d\u00e9conseill\u00e9 aux clients de construire leurs propres conteneurs sans consulter ATL, afin de respecter les conditions de garantie d'ATL.<\/p>\n<p>Dimensions : 330 (L) x 330 (L) x 230 (H) mm<\/p>\n<p>Inspection : FIA FT3-1999<\/p>\n<p>&nbsp;<\/p>","protected":false},"excerpt":{"rendered":"<p>Saver cell Tanks ATL\u00a0 FIA Complete tank gemaakt uit harde kunststof 20 L met tope plate \u00a0met gele foam SA-AA-030 standaard saver cell wordt geleverd met : \u00a0 \u00a0 \u00a0 \u00a0 \u00a0 \u00a0 \u00a0 \u00a0 Top Plate \u00a0 \u00a0\u00a0Ontluchtingsventiel Standard Saver Cell Top plate 4\u00d76 \u201d bevat : geanodiseerd blauw aluminium plaat 12 bevestigingsgaten (1) [&hellip;]<\/p>\n","protected":false},"featured_media":67455,"template":"","meta":{"_acf_changed":false},"product_brand":[],"product_cat":[2749],"product_tag":[],"class_list":{"0":"post-67453","1":"product","2":"type-product","3":"status-publish","4":"has-post-thumbnail","6":"product_cat-atl-tank-jaz-kunststof-tank","7":"product_shipping_class-4016","9":"first","10":"instock","11":"taxable","12":"shipping-taxable","13":"purchasable","14":"product-type-simple"},"acf":[],"yoast_head":"<!-- This site is optimized with the Yoast SEO plugin v27.1.1 - https:\/\/yoast.com\/product\/yoast-seo-wordpress\/ -->\n<title>Benzinetank FIA 20L (incl. FIA hologram sticker) - Hoogstra Autosport<\/title>\n<meta name=\"robots\" content=\"index, follow, max-snippet:-1, max-image-preview:large, max-video-preview:-1\" \/>\n<link rel=\"canonical\" href=\"https:\/\/www.hoogstra-autosport.nl\/fr\/produit\/benzinetank-fia-20l-incl-fia-hologram-sticker\/\" \/>\n<meta property=\"og:locale\" content=\"fr_FR\" \/>\n<meta property=\"og:type\" content=\"article\" \/>\n<meta property=\"og:title\" content=\"Benzinetank FIA 20L (incl. FIA hologram sticker) - Hoogstra Autosport\" \/>\n<meta property=\"og:description\" content=\"Saver cell Tanks ATL\u00a0 FIA Complete tank gemaakt uit harde kunststof 20 L met tope plate \u00a0met gele foam SA-AA-030 standaard saver cell wordt geleverd met : \u00a0 \u00a0 \u00a0 \u00a0 \u00a0 \u00a0 \u00a0 \u00a0 Top Plate \u00a0 \u00a0\u00a0Ontluchtingsventiel Standard Saver Cell Top plate 4\u00d76 \u201d bevat : geanodiseerd blauw aluminium plaat 12 bevestigingsgaten (1) [&hellip;]\" \/>\n<meta property=\"og:url\" content=\"https:\/\/www.hoogstra-autosport.nl\/fr\/produit\/benzinetank-fia-20l-incl-fia-hologram-sticker\/\" \/>\n<meta property=\"og:site_name\" content=\"Hoogstra Autosport\" \/>\n<meta property=\"article:modified_time\" content=\"2025-02-14T09:05:46+00:00\" \/>\n<meta property=\"og:image\" content=\"https:\/\/hoogstra-autosport.nl\/teamkoen\/content\/uploads\/2024\/02\/atl-tank.jpg\" \/>\n\t<meta property=\"og:image:width\" content=\"986\" \/>\n\t<meta property=\"og:image:height\" content=\"986\" \/>\n\t<meta property=\"og:image:type\" content=\"image\/jpeg\" \/>\n<meta name=\"twitter:card\" content=\"summary_large_image\" \/>\n<meta name=\"twitter:label1\" content=\"Dur\u00e9e de lecture estim\u00e9e\" \/>\n\t<meta name=\"twitter:data1\" content=\"1 minute\" \/>\n<script type=\"application\/ld+json\" class=\"yoast-schema-graph\">{\"@context\":\"https:\/\/schema.org\",\"@graph\":[{\"@type\":\"WebPage\",\"@id\":\"https:\/\/www.hoogstra-autosport.nl\/product\/benzinetank-fia-20l-incl-fia-hologram-sticker\/\",\"url\":\"https:\/\/www.hoogstra-autosport.nl\/product\/benzinetank-fia-20l-incl-fia-hologram-sticker\/\",\"name\":\"Benzinetank FIA 20L (incl. FIA hologram sticker) - Hoogstra Autosport\",\"isPartOf\":{\"@id\":\"https:\/\/www.hoogstra-autosport.nl\/#website\"},\"primaryImageOfPage\":{\"@id\":\"https:\/\/www.hoogstra-autosport.nl\/product\/benzinetank-fia-20l-incl-fia-hologram-sticker\/#primaryimage\"},\"image\":{\"@id\":\"https:\/\/www.hoogstra-autosport.nl\/product\/benzinetank-fia-20l-incl-fia-hologram-sticker\/#primaryimage\"},\"thumbnailUrl\":\"https:\/\/www.hoogstra-autosport.nl\/teamkoen\/wp-content\/uploads\/2024\/02\/atl-tank.jpg\",\"datePublished\":\"2024-02-22T09:29:50+00:00\",\"dateModified\":\"2025-02-14T09:05:46+00:00\",\"breadcrumb\":{\"@id\":\"https:\/\/www.hoogstra-autosport.nl\/product\/benzinetank-fia-20l-incl-fia-hologram-sticker\/#breadcrumb\"},\"inLanguage\":\"fr-FR\",\"potentialAction\":[{\"@type\":\"ReadAction\",\"target\":[\"https:\/\/www.hoogstra-autosport.nl\/product\/benzinetank-fia-20l-incl-fia-hologram-sticker\/\"]}]},{\"@type\":\"ImageObject\",\"inLanguage\":\"fr-FR\",\"@id\":\"https:\/\/www.hoogstra-autosport.nl\/product\/benzinetank-fia-20l-incl-fia-hologram-sticker\/#primaryimage\",\"url\":\"https:\/\/www.hoogstra-autosport.nl\/teamkoen\/wp-content\/uploads\/2024\/02\/atl-tank.jpg\",\"contentUrl\":\"https:\/\/www.hoogstra-autosport.nl\/teamkoen\/wp-content\/uploads\/2024\/02\/atl-tank.jpg\",\"width\":986,\"height\":986,\"caption\":\"Benzinetank FIA 20L (incl. FIA hologram sticker) ATL SA-AA-030\"},{\"@type\":\"BreadcrumbList\",\"@id\":\"https:\/\/www.hoogstra-autosport.nl\/product\/benzinetank-fia-20l-incl-fia-hologram-sticker\/#breadcrumb\",\"itemListElement\":[{\"@type\":\"ListItem\",\"position\":1,\"name\":\"Home\",\"item\":\"https:\/\/www.hoogstra-autosport.nl\/\"},{\"@type\":\"ListItem\",\"position\":2,\"name\":\"Brandstof Systeem\",\"item\":\"https:\/\/www.hoogstra-autosport.nl\/product-categorie\/brandstof-systeem-2\/\"},{\"@type\":\"ListItem\",\"position\":3,\"name\":\"Brandstoftanken\",\"item\":\"https:\/\/www.hoogstra-autosport.nl\/product-categorie\/brandstof-systeem-2\/brandstoftanken\/\"},{\"@type\":\"ListItem\",\"position\":4,\"name\":\"ATL TANK \/ JAZ kunststof tank\",\"item\":\"https:\/\/www.hoogstra-autosport.nl\/product-categorie\/brandstof-systeem-2\/brandstoftanken\/atl-tank-jaz-kunststof-tank\/\"},{\"@type\":\"ListItem\",\"position\":5,\"name\":\"Benzinetank FIA 20L (incl. FIA hologram sticker)\"}]},{\"@type\":\"WebSite\",\"@id\":\"https:\/\/www.hoogstra-autosport.nl\/#website\",\"url\":\"https:\/\/www.hoogstra-autosport.nl\/\",\"name\":\"Hoogstra Autosport\",\"description\":\"Performance Autosport Parts!\",\"potentialAction\":[{\"@type\":\"SearchAction\",\"target\":{\"@type\":\"EntryPoint\",\"urlTemplate\":\"https:\/\/www.hoogstra-autosport.nl\/?s={search_term_string}\"},\"query-input\":{\"@type\":\"PropertyValueSpecification\",\"valueRequired\":true,\"valueName\":\"search_term_string\"}}],\"inLanguage\":\"fr-FR\"}]}<\/script>\n<!-- \/ Yoast SEO plugin. -->","yoast_head_json":{"title":"Benzinetank FIA 20L (incl. FIA hologram sticker) - Hoogstra Autosport","robots":{"index":"index","follow":"follow","max-snippet":"max-snippet:-1","max-image-preview":"max-image-preview:large","max-video-preview":"max-video-preview:-1"},"canonical":"https:\/\/www.hoogstra-autosport.nl\/fr\/produit\/benzinetank-fia-20l-incl-fia-hologram-sticker\/","og_locale":"fr_FR","og_type":"article","og_title":"Benzinetank FIA 20L (incl. FIA hologram sticker) - Hoogstra Autosport","og_description":"Saver cell Tanks ATL\u00a0 FIA Complete tank gemaakt uit harde kunststof 20 L met tope plate \u00a0met gele foam SA-AA-030 standaard saver cell wordt geleverd met : \u00a0 \u00a0 \u00a0 \u00a0 \u00a0 \u00a0 \u00a0 \u00a0 Top Plate \u00a0 \u00a0\u00a0Ontluchtingsventiel Standard Saver Cell Top plate 4\u00d76 \u201d bevat : geanodiseerd blauw aluminium plaat 12 bevestigingsgaten (1) [&hellip;]","og_url":"https:\/\/www.hoogstra-autosport.nl\/fr\/produit\/benzinetank-fia-20l-incl-fia-hologram-sticker\/","og_site_name":"Hoogstra Autosport","article_modified_time":"2025-02-14T09:05:46+00:00","og_image":[{"width":986,"height":986,"url":"https:\/\/hoogstra-autosport.nl\/teamkoen\/content\/uploads\/2024\/02\/atl-tank.jpg","type":"image\/jpeg"}],"twitter_card":"summary_large_image","twitter_misc":{"Dur\u00e9e de lecture estim\u00e9e":"1 minute"},"schema":{"@context":"https:\/\/schema.org","@graph":[{"@type":"WebPage","@id":"https:\/\/www.hoogstra-autosport.nl\/product\/benzinetank-fia-20l-incl-fia-hologram-sticker\/","url":"https:\/\/www.hoogstra-autosport.nl\/product\/benzinetank-fia-20l-incl-fia-hologram-sticker\/","name":"Benzinetank FIA 20L (incl. FIA hologram sticker) - Hoogstra Autosport","isPartOf":{"@id":"https:\/\/www.hoogstra-autosport.nl\/#website"},"primaryImageOfPage":{"@id":"https:\/\/www.hoogstra-autosport.nl\/product\/benzinetank-fia-20l-incl-fia-hologram-sticker\/#primaryimage"},"image":{"@id":"https:\/\/www.hoogstra-autosport.nl\/product\/benzinetank-fia-20l-incl-fia-hologram-sticker\/#primaryimage"},"thumbnailUrl":"https:\/\/www.hoogstra-autosport.nl\/teamkoen\/wp-content\/uploads\/2024\/02\/atl-tank.jpg","datePublished":"2024-02-22T09:29:50+00:00","dateModified":"2025-02-14T09:05:46+00:00","breadcrumb":{"@id":"https:\/\/www.hoogstra-autosport.nl\/product\/benzinetank-fia-20l-incl-fia-hologram-sticker\/#breadcrumb"},"inLanguage":"fr-FR","potentialAction":[{"@type":"ReadAction","target":["https:\/\/www.hoogstra-autosport.nl\/product\/benzinetank-fia-20l-incl-fia-hologram-sticker\/"]}]},{"@type":"ImageObject","inLanguage":"fr-FR","@id":"https:\/\/www.hoogstra-autosport.nl\/product\/benzinetank-fia-20l-incl-fia-hologram-sticker\/#primaryimage","url":"https:\/\/www.hoogstra-autosport.nl\/teamkoen\/wp-content\/uploads\/2024\/02\/atl-tank.jpg","contentUrl":"https:\/\/www.hoogstra-autosport.nl\/teamkoen\/wp-content\/uploads\/2024\/02\/atl-tank.jpg","width":986,"height":986,"caption":"Benzinetank FIA 20L (incl. FIA hologram sticker) ATL SA-AA-030"},{"@type":"BreadcrumbList","@id":"https:\/\/www.hoogstra-autosport.nl\/product\/benzinetank-fia-20l-incl-fia-hologram-sticker\/#breadcrumb","itemListElement":[{"@type":"ListItem","position":1,"name":"Home","item":"https:\/\/www.hoogstra-autosport.nl\/"},{"@type":"ListItem","position":2,"name":"Brandstof Systeem","item":"https:\/\/www.hoogstra-autosport.nl\/product-categorie\/brandstof-systeem-2\/"},{"@type":"ListItem","position":3,"name":"Brandstoftanken","item":"https:\/\/www.hoogstra-autosport.nl\/product-categorie\/brandstof-systeem-2\/brandstoftanken\/"},{"@type":"ListItem","position":4,"name":"ATL TANK \/ JAZ kunststof tank","item":"https:\/\/www.hoogstra-autosport.nl\/product-categorie\/brandstof-systeem-2\/brandstoftanken\/atl-tank-jaz-kunststof-tank\/"},{"@type":"ListItem","position":5,"name":"Benzinetank FIA 20L (incl. FIA hologram sticker)"}]},{"@type":"WebSite","@id":"https:\/\/www.hoogstra-autosport.nl\/#website","url":"https:\/\/www.hoogstra-autosport.nl\/","name":"Hoogstra Autosport","description":"Performance Autosport Parts!","potentialAction":[{"@type":"SearchAction","target":{"@type":"EntryPoint","urlTemplate":"https:\/\/www.hoogstra-autosport.nl\/?s={search_term_string}"},"query-input":{"@type":"PropertyValueSpecification","valueRequired":true,"valueName":"search_term_string"}}],"inLanguage":"fr-FR"}]}},"tiered_pricing_type":"fixed","tiered_pricing_fixed_rules":[],"tiered_pricing_product_settings":{"layout":"default","base_unit_name":{"singular":null,"plural":null},"default_variation":null},"tiered_pricing_minimum_quantity":null,"tiered_pricing_roles_data":[],"tiered_pricing_percentage_rules":[],"tiered_pricing_maximum_quantity":null,"tiered_pricing_quantity_step":null,"_links":{"self":[{"href":"https:\/\/www.hoogstra-autosport.nl\/fr\/wp-json\/wp\/v2\/product\/67453","targetHints":{"allow":["GET"]}}],"collection":[{"href":"https:\/\/www.hoogstra-autosport.nl\/fr\/wp-json\/wp\/v2\/product"}],"about":[{"href":"https:\/\/www.hoogstra-autosport.nl\/fr\/wp-json\/wp\/v2\/types\/product"}],"wp:featuredmedia":[{"embeddable":true,"href":"https:\/\/www.hoogstra-autosport.nl\/fr\/wp-json\/wp\/v2\/media\/67455"}],"wp:attachment":[{"href":"https:\/\/www.hoogstra-autosport.nl\/fr\/wp-json\/wp\/v2\/media?parent=67453"}],"wp:term":[{"taxonomy":"product_brand","embeddable":true,"href":"https:\/\/www.hoogstra-autosport.nl\/fr\/wp-json\/wp\/v2\/product_brand?post=67453"},{"taxonomy":"product_cat","embeddable":true,"href":"https:\/\/www.hoogstra-autosport.nl\/fr\/wp-json\/wp\/v2\/product_cat?post=67453"},{"taxonomy":"product_tag","embeddable":true,"href":"https:\/\/www.hoogstra-autosport.nl\/fr\/wp-json\/wp\/v2\/product_tag?post=67453"}],"curies":[{"name":"wp","href":"https:\/\/api.w.org\/{rel}","templated":true}]}}