{"id":66314,"date":"2024-01-19T09:26:41","date_gmt":"2024-01-19T08:26:41","guid":{"rendered":"https:\/\/www.hoogstra-autosport.nl\/?post_type=product&#038;p=66314"},"modified":"2025-11-13T21:23:27","modified_gmt":"2025-11-13T20:23:27","slug":"sparco-sprint-fia-gekeurd-voor-kids","status":"publish","type":"product","link":"https:\/\/www.hoogstra-autosport.nl\/fr\/produit\/sparco-sprint-fia-gekeurd-voor-kids\/","title":{"rendered":"Sparco Sprint approuv\u00e9 par la Fia (pour les enfants)"},"content":{"rendered":"<p>&nbsp;<\/p>\n<p>&nbsp;<\/p>\n<p>&nbsp;<\/p>\n<p>dans un design \u00e9l\u00e9gant et sportif. La nouvelle phase \u00e9volutive de la combinaison SPRINT s\u00e9duit non seulement par son grand confort et les propri\u00e9t\u00e9s r\u00e9vis\u00e9es des mat\u00e9riaux, mais aussi par son excellente coupe.<\/p>\n<p>Libert\u00e9 de mouvement optimale gr\u00e2ce \u00e0 des inserts flexibles en mati\u00e8re extensible. Poignets ultral\u00e9gers et ajust\u00e9s aux bras et aux jambes. Les \u00e9paulettes, typiques du sport automobile, sont maintenues tr\u00e8s plates, ce qui rend le port d'un HANS beaucoup plus confortable. Le Sparco SPRINT offre la qualit\u00e9 \u00e9prouv\u00e9e de Sparco \u00e0 un excellent rapport qualit\u00e9-prix.<\/p>\n<p>&nbsp;<\/p>","protected":false},"excerpt":{"rendered":"<p>&nbsp; &nbsp; &nbsp; in een strak, sportief design. De nieuwe evolutionaire fase van de SPRINT-jumpsuit maakt niet alleen indruk met zijn hoge draagcomfort en herziene materiaaleigenschappen, maar ook met zijn goede pasvorm. Optimale bewegingsvrijheid dankzij flexibele inzetstukken van stretchmateriaal. Ultralichte, nauwsluitende manchetten op armen en benen. De epauletten, die typisch zijn voor de autosport, worden [&hellip;]<\/p>\n","protected":false},"featured_media":92988,"template":"","meta":{"_acf_changed":false},"product_brand":[],"product_cat":[2787,2591,3941],"product_tag":[],"class_list":{"0":"post-66314","1":"product","2":"type-product","3":"status-publish","4":"has-post-thumbnail","6":"product_cat-baby-junior-overalls","7":"product_cat-overalls","8":"product_cat-sparco-overalls-fia","9":"product_shipping_class-4016","11":"first","12":"instock","13":"taxable","14":"shipping-taxable","15":"purchasable","16":"product-type-variable"},"acf":[],"yoast_head":"<!-- This site is optimized with the Yoast SEO plugin v27.1.1 - https:\/\/yoast.com\/product\/yoast-seo-wordpress\/ -->\n<title>Sparco Sprint Fia gekeurd (voor kids) - Hoogstra Autosport<\/title>\n<meta name=\"robots\" content=\"index, follow, max-snippet:-1, max-image-preview:large, max-video-preview:-1\" \/>\n<link rel=\"canonical\" href=\"https:\/\/www.hoogstra-autosport.nl\/fr\/produit\/sparco-sprint-fia-gekeurd-voor-kids\/\" \/>\n<meta property=\"og:locale\" content=\"fr_FR\" \/>\n<meta property=\"og:type\" content=\"article\" \/>\n<meta property=\"og:title\" content=\"Sparco Sprint Fia gekeurd (voor kids) - Hoogstra Autosport\" \/>\n<meta property=\"og:description\" content=\"&nbsp; &nbsp; &nbsp; in een strak, sportief design. De nieuwe evolutionaire fase van de SPRINT-jumpsuit maakt niet alleen indruk met zijn hoge draagcomfort en herziene materiaaleigenschappen, maar ook met zijn goede pasvorm. Optimale bewegingsvrijheid dankzij flexibele inzetstukken van stretchmateriaal. Ultralichte, nauwsluitende manchetten op armen en benen. De epauletten, die typisch zijn voor de autosport, worden [&hellip;]\" \/>\n<meta property=\"og:url\" content=\"https:\/\/www.hoogstra-autosport.nl\/fr\/produit\/sparco-sprint-fia-gekeurd-voor-kids\/\" \/>\n<meta property=\"og:site_name\" content=\"Hoogstra Autosport\" \/>\n<meta property=\"article:modified_time\" content=\"2025-11-13T20:23:27+00:00\" \/>\n<meta property=\"og:image\" content=\"https:\/\/www.hoogstra-autosport.nl\/teamkoen\/wp-content\/uploads\/2024\/01\/Sparco-sprint-zwart.jpg\" \/>\n\t<meta property=\"og:image:width\" content=\"1080\" \/>\n\t<meta property=\"og:image:height\" content=\"1080\" \/>\n\t<meta property=\"og:image:type\" content=\"image\/jpeg\" \/>\n<meta name=\"twitter:card\" content=\"summary_large_image\" \/>\n<meta name=\"twitter:label1\" content=\"Dur\u00e9e de lecture estim\u00e9e\" \/>\n\t<meta name=\"twitter:data1\" content=\"1 minute\" \/>\n<script type=\"application\/ld+json\" class=\"yoast-schema-graph\">{\"@context\":\"https:\/\/schema.org\",\"@graph\":[{\"@type\":\"WebPage\",\"@id\":\"https:\/\/www.hoogstra-autosport.nl\/product\/sparco-sprint-fia-gekeurd-voor-kids\/\",\"url\":\"https:\/\/www.hoogstra-autosport.nl\/product\/sparco-sprint-fia-gekeurd-voor-kids\/\",\"name\":\"Sparco Sprint Fia gekeurd (voor kids) - Hoogstra Autosport\",\"isPartOf\":{\"@id\":\"https:\/\/www.hoogstra-autosport.nl\/#website\"},\"primaryImageOfPage\":{\"@id\":\"https:\/\/www.hoogstra-autosport.nl\/product\/sparco-sprint-fia-gekeurd-voor-kids\/#primaryimage\"},\"image\":{\"@id\":\"https:\/\/www.hoogstra-autosport.nl\/product\/sparco-sprint-fia-gekeurd-voor-kids\/#primaryimage\"},\"thumbnailUrl\":\"https:\/\/www.hoogstra-autosport.nl\/teamkoen\/wp-content\/uploads\/2024\/01\/Sparco-sprint-zwart.jpg\",\"datePublished\":\"2024-01-19T08:26:41+00:00\",\"dateModified\":\"2025-11-13T20:23:27+00:00\",\"breadcrumb\":{\"@id\":\"https:\/\/www.hoogstra-autosport.nl\/product\/sparco-sprint-fia-gekeurd-voor-kids\/#breadcrumb\"},\"inLanguage\":\"fr-FR\",\"potentialAction\":[{\"@type\":\"ReadAction\",\"target\":[\"https:\/\/www.hoogstra-autosport.nl\/product\/sparco-sprint-fia-gekeurd-voor-kids\/\"]}]},{\"@type\":\"ImageObject\",\"inLanguage\":\"fr-FR\",\"@id\":\"https:\/\/www.hoogstra-autosport.nl\/product\/sparco-sprint-fia-gekeurd-voor-kids\/#primaryimage\",\"url\":\"https:\/\/www.hoogstra-autosport.nl\/teamkoen\/wp-content\/uploads\/2024\/01\/Sparco-sprint-zwart.jpg\",\"contentUrl\":\"https:\/\/www.hoogstra-autosport.nl\/teamkoen\/wp-content\/uploads\/2024\/01\/Sparco-sprint-zwart.jpg\",\"width\":1080,\"height\":1080},{\"@type\":\"BreadcrumbList\",\"@id\":\"https:\/\/www.hoogstra-autosport.nl\/product\/sparco-sprint-fia-gekeurd-voor-kids\/#breadcrumb\",\"itemListElement\":[{\"@type\":\"ListItem\",\"position\":1,\"name\":\"Home\",\"item\":\"https:\/\/www.hoogstra-autosport.nl\/\"},{\"@type\":\"ListItem\",\"position\":2,\"name\":\"Uitrusting\",\"item\":\"https:\/\/www.hoogstra-autosport.nl\/product-categorie\/autosport-kleding-helmen\/\"},{\"@type\":\"ListItem\",\"position\":3,\"name\":\"Autosport Kleding\",\"item\":\"https:\/\/www.hoogstra-autosport.nl\/product-categorie\/autosport-kleding-helmen\/autosport-kleding\/\"},{\"@type\":\"ListItem\",\"position\":4,\"name\":\"Overalls\",\"item\":\"https:\/\/www.hoogstra-autosport.nl\/product-categorie\/autosport-kleding-helmen\/autosport-kleding\/overalls\/\"},{\"@type\":\"ListItem\",\"position\":5,\"name\":\"Baby\/ Junior Overalls\",\"item\":\"https:\/\/www.hoogstra-autosport.nl\/product-categorie\/autosport-kleding-helmen\/autosport-kleding\/overalls\/baby-junior-overalls\/\"},{\"@type\":\"ListItem\",\"position\":6,\"name\":\"Sparco Sprint Fia gekeurd (voor kids)\"}]},{\"@type\":\"WebSite\",\"@id\":\"https:\/\/www.hoogstra-autosport.nl\/#website\",\"url\":\"https:\/\/www.hoogstra-autosport.nl\/\",\"name\":\"Hoogstra Autosport\",\"description\":\"Performance Autosport Parts!\",\"potentialAction\":[{\"@type\":\"SearchAction\",\"target\":{\"@type\":\"EntryPoint\",\"urlTemplate\":\"https:\/\/www.hoogstra-autosport.nl\/?s={search_term_string}\"},\"query-input\":{\"@type\":\"PropertyValueSpecification\",\"valueRequired\":true,\"valueName\":\"search_term_string\"}}],\"inLanguage\":\"fr-FR\"}]}<\/script>\n<!-- \/ Yoast SEO plugin. -->","yoast_head_json":{"title":"Sparco Sprint Fia gekeurd (voor kids) - Hoogstra Autosport","robots":{"index":"index","follow":"follow","max-snippet":"max-snippet:-1","max-image-preview":"max-image-preview:large","max-video-preview":"max-video-preview:-1"},"canonical":"https:\/\/www.hoogstra-autosport.nl\/fr\/produit\/sparco-sprint-fia-gekeurd-voor-kids\/","og_locale":"fr_FR","og_type":"article","og_title":"Sparco Sprint Fia gekeurd (voor kids) - Hoogstra Autosport","og_description":"&nbsp; &nbsp; &nbsp; in een strak, sportief design. De nieuwe evolutionaire fase van de SPRINT-jumpsuit maakt niet alleen indruk met zijn hoge draagcomfort en herziene materiaaleigenschappen, maar ook met zijn goede pasvorm. Optimale bewegingsvrijheid dankzij flexibele inzetstukken van stretchmateriaal. Ultralichte, nauwsluitende manchetten op armen en benen. De epauletten, die typisch zijn voor de autosport, worden [&hellip;]","og_url":"https:\/\/www.hoogstra-autosport.nl\/fr\/produit\/sparco-sprint-fia-gekeurd-voor-kids\/","og_site_name":"Hoogstra Autosport","article_modified_time":"2025-11-13T20:23:27+00:00","og_image":[{"width":1080,"height":1080,"url":"https:\/\/www.hoogstra-autosport.nl\/teamkoen\/wp-content\/uploads\/2024\/01\/Sparco-sprint-zwart.jpg","type":"image\/jpeg"}],"twitter_card":"summary_large_image","twitter_misc":{"Dur\u00e9e de lecture estim\u00e9e":"1 minute"},"schema":{"@context":"https:\/\/schema.org","@graph":[{"@type":"WebPage","@id":"https:\/\/www.hoogstra-autosport.nl\/product\/sparco-sprint-fia-gekeurd-voor-kids\/","url":"https:\/\/www.hoogstra-autosport.nl\/product\/sparco-sprint-fia-gekeurd-voor-kids\/","name":"Sparco Sprint Fia gekeurd (voor kids) - Hoogstra Autosport","isPartOf":{"@id":"https:\/\/www.hoogstra-autosport.nl\/#website"},"primaryImageOfPage":{"@id":"https:\/\/www.hoogstra-autosport.nl\/product\/sparco-sprint-fia-gekeurd-voor-kids\/#primaryimage"},"image":{"@id":"https:\/\/www.hoogstra-autosport.nl\/product\/sparco-sprint-fia-gekeurd-voor-kids\/#primaryimage"},"thumbnailUrl":"https:\/\/www.hoogstra-autosport.nl\/teamkoen\/wp-content\/uploads\/2024\/01\/Sparco-sprint-zwart.jpg","datePublished":"2024-01-19T08:26:41+00:00","dateModified":"2025-11-13T20:23:27+00:00","breadcrumb":{"@id":"https:\/\/www.hoogstra-autosport.nl\/product\/sparco-sprint-fia-gekeurd-voor-kids\/#breadcrumb"},"inLanguage":"fr-FR","potentialAction":[{"@type":"ReadAction","target":["https:\/\/www.hoogstra-autosport.nl\/product\/sparco-sprint-fia-gekeurd-voor-kids\/"]}]},{"@type":"ImageObject","inLanguage":"fr-FR","@id":"https:\/\/www.hoogstra-autosport.nl\/product\/sparco-sprint-fia-gekeurd-voor-kids\/#primaryimage","url":"https:\/\/www.hoogstra-autosport.nl\/teamkoen\/wp-content\/uploads\/2024\/01\/Sparco-sprint-zwart.jpg","contentUrl":"https:\/\/www.hoogstra-autosport.nl\/teamkoen\/wp-content\/uploads\/2024\/01\/Sparco-sprint-zwart.jpg","width":1080,"height":1080},{"@type":"BreadcrumbList","@id":"https:\/\/www.hoogstra-autosport.nl\/product\/sparco-sprint-fia-gekeurd-voor-kids\/#breadcrumb","itemListElement":[{"@type":"ListItem","position":1,"name":"Home","item":"https:\/\/www.hoogstra-autosport.nl\/"},{"@type":"ListItem","position":2,"name":"Uitrusting","item":"https:\/\/www.hoogstra-autosport.nl\/product-categorie\/autosport-kleding-helmen\/"},{"@type":"ListItem","position":3,"name":"Autosport Kleding","item":"https:\/\/www.hoogstra-autosport.nl\/product-categorie\/autosport-kleding-helmen\/autosport-kleding\/"},{"@type":"ListItem","position":4,"name":"Overalls","item":"https:\/\/www.hoogstra-autosport.nl\/product-categorie\/autosport-kleding-helmen\/autosport-kleding\/overalls\/"},{"@type":"ListItem","position":5,"name":"Baby\/ Junior Overalls","item":"https:\/\/www.hoogstra-autosport.nl\/product-categorie\/autosport-kleding-helmen\/autosport-kleding\/overalls\/baby-junior-overalls\/"},{"@type":"ListItem","position":6,"name":"Sparco Sprint Fia gekeurd (voor kids)"}]},{"@type":"WebSite","@id":"https:\/\/www.hoogstra-autosport.nl\/#website","url":"https:\/\/www.hoogstra-autosport.nl\/","name":"Hoogstra Autosport","description":"Performance Autosport Parts!","potentialAction":[{"@type":"SearchAction","target":{"@type":"EntryPoint","urlTemplate":"https:\/\/www.hoogstra-autosport.nl\/?s={search_term_string}"},"query-input":{"@type":"PropertyValueSpecification","valueRequired":true,"valueName":"search_term_string"}}],"inLanguage":"fr-FR"}]}},"tiered_pricing_type":"fixed","tiered_pricing_fixed_rules":[],"tiered_pricing_product_settings":{"layout":"default","base_unit_name":{"singular":null,"plural":null},"default_variation":null},"tiered_pricing_minimum_quantity":null,"tiered_pricing_roles_data":[],"tiered_pricing_percentage_rules":[],"tiered_pricing_maximum_quantity":null,"tiered_pricing_quantity_step":null,"_links":{"self":[{"href":"https:\/\/www.hoogstra-autosport.nl\/fr\/wp-json\/wp\/v2\/product\/66314","targetHints":{"allow":["GET"]}}],"collection":[{"href":"https:\/\/www.hoogstra-autosport.nl\/fr\/wp-json\/wp\/v2\/product"}],"about":[{"href":"https:\/\/www.hoogstra-autosport.nl\/fr\/wp-json\/wp\/v2\/types\/product"}],"wp:featuredmedia":[{"embeddable":true,"href":"https:\/\/www.hoogstra-autosport.nl\/fr\/wp-json\/wp\/v2\/media\/92988"}],"wp:attachment":[{"href":"https:\/\/www.hoogstra-autosport.nl\/fr\/wp-json\/wp\/v2\/media?parent=66314"}],"wp:term":[{"taxonomy":"product_brand","embeddable":true,"href":"https:\/\/www.hoogstra-autosport.nl\/fr\/wp-json\/wp\/v2\/product_brand?post=66314"},{"taxonomy":"product_cat","embeddable":true,"href":"https:\/\/www.hoogstra-autosport.nl\/fr\/wp-json\/wp\/v2\/product_cat?post=66314"},{"taxonomy":"product_tag","embeddable":true,"href":"https:\/\/www.hoogstra-autosport.nl\/fr\/wp-json\/wp\/v2\/product_tag?post=66314"}],"curies":[{"name":"wp","href":"https:\/\/api.w.org\/{rel}","templated":true}]}}