{"id":66238,"date":"2024-01-18T10:12:11","date_gmt":"2024-01-18T09:12:11","guid":{"rendered":"https:\/\/www.hoogstra-autosport.nl\/?post_type=product&#038;p=66238"},"modified":"2026-03-02T17:26:29","modified_gmt":"2026-03-02T16:26:29","slug":"bimarco-phantom-fia-stoel","status":"publish","type":"product","link":"https:\/\/www.hoogstra-autosport.nl\/fr\/produit\/bimarco-phantom-fia-stoel\/","title":{"rendered":"DGP Phantom Fia Chair"},"content":{"rendered":"<p>DGP Phantom est un si\u00e8ge de course confortable con\u00e7u pour les pilotes professionnels et les passionn\u00e9s de sport automobile. Fabriqu\u00e9 \u00e0 partir de mat\u00e9riaux de la plus haute qualit\u00e9, ce si\u00e8ge est con\u00e7u avec le souci du d\u00e9tail, combinant un excellent confort, la s\u00e9curit\u00e9 et un design unique.<\/p>\n<p>Le si\u00e8ge Phantom est fabriqu\u00e9 en fibre de verre l\u00e9g\u00e8re mais durable, ce qui lui conf\u00e8re l'excellente rigidit\u00e9 et la durabilit\u00e9 requises pour les conditions de course exigeantes. Gr\u00e2ce \u00e0 l'homologation de la FIA<\/p>\n<p>La selle r\u00e9pond aux normes de s\u00e9curit\u00e9 les plus strictes et est approuv\u00e9e pour une utilisation dans les courses automobiles professionnelles.<\/p>\n<p>La forme caract\u00e9ristique de la p\u00e2tisserie offre un excellent soutien lat\u00e9ral, minimisant les mouvements du corps lors des man\u0153uvres dynamiques sur la piste.<\/p>\n<p>Le rev\u00eatement en velours conf\u00e8re \u00e0 la chaise Phantom un aspect \u00e9l\u00e9gant tout en offrant un confort agr\u00e9able. Ce mat\u00e9riau est durable, facile \u00e0 nettoyer et r\u00e9sistant, ce qui permet \u00e0 la chaise de rester en excellent \u00e9tat m\u00eame apr\u00e8s une utilisation intensive.<\/p>\n<p>La selle r\u00e9pond aux normes de s\u00e9curit\u00e9 les plus strictes et est approuv\u00e9e pour une utilisation dans les courses automobiles professionnelles.<\/p>\n<p>La forme caract\u00e9ristique de la p\u00e2tisserie offre un excellent soutien lat\u00e9ral, minimisant les mouvements du corps lors des man\u0153uvres dynamiques sur la piste.<\/p>\n<p>Le rev\u00eatement en velours conf\u00e8re \u00e0 la chaise Phantom un aspect \u00e9l\u00e9gant tout en offrant un confort agr\u00e9able. Ce mat\u00e9riau est durable, facile \u00e0 nettoyer et r\u00e9sistant.<\/p>\n<p>Poids 9,8 kg<\/p>","protected":false},"excerpt":{"rendered":"<p>DGP Phantom is een comfortabele racestoel, ontworpen voor professionele coureurs en motorsportliefhebbers. Deze stoel is gemaakt van materialen van de hoogste kwaliteit en is ontworpen met aandacht voor detail, waarbij uitstekend comfort, veiligheid en een uniek design worden gecombineerd. Het Phantom-zadel is gemaakt van lichtgewicht maar duurzaam glasvezel, dat zorgt voor een uitstekende stijfheid en [&hellip;]<\/p>\n","protected":false},"featured_media":95898,"template":"","meta":{"_acf_changed":false},"product_brand":[],"product_cat":[4176,2605],"product_tag":[],"class_list":{"0":"post-66238","1":"product","2":"type-product","3":"status-publish","4":"has-post-thumbnail","6":"product_cat-dgp-stoelen-fia","7":"product_cat-stoelen","8":"product_shipping_class-4018","10":"first","11":"instock","12":"taxable","13":"shipping-taxable","14":"purchasable","15":"product-type-simple"},"acf":[],"yoast_head":"<!-- This site is optimized with the Yoast SEO plugin v27.1.1 - https:\/\/yoast.com\/product\/yoast-seo-wordpress\/ -->\n<title>DGP Phantom Fia Stoel - Hoogstra Autosport<\/title>\n<meta name=\"robots\" content=\"index, follow, max-snippet:-1, max-image-preview:large, max-video-preview:-1\" \/>\n<link rel=\"canonical\" href=\"https:\/\/www.hoogstra-autosport.nl\/fr\/produit\/bimarco-phantom-fia-stoel\/\" \/>\n<meta property=\"og:locale\" content=\"fr_FR\" \/>\n<meta property=\"og:type\" content=\"article\" \/>\n<meta property=\"og:title\" content=\"DGP Phantom Fia Stoel - Hoogstra Autosport\" \/>\n<meta property=\"og:description\" content=\"DGP Phantom is een comfortabele racestoel, ontworpen voor professionele coureurs en motorsportliefhebbers. Deze stoel is gemaakt van materialen van de hoogste kwaliteit en is ontworpen met aandacht voor detail, waarbij uitstekend comfort, veiligheid en een uniek design worden gecombineerd. Het Phantom-zadel is gemaakt van lichtgewicht maar duurzaam glasvezel, dat zorgt voor een uitstekende stijfheid en [&hellip;]\" \/>\n<meta property=\"og:url\" content=\"https:\/\/www.hoogstra-autosport.nl\/fr\/produit\/bimarco-phantom-fia-stoel\/\" \/>\n<meta property=\"og:site_name\" content=\"Hoogstra Autosport\" \/>\n<meta property=\"article:modified_time\" content=\"2026-03-02T16:26:29+00:00\" \/>\n<meta property=\"og:image\" content=\"https:\/\/www.hoogstra-autosport.nl\/teamkoen\/wp-content\/uploads\/2024\/01\/Untitled-Project-2025-12-24T111422.331.jpg\" \/>\n\t<meta property=\"og:image:width\" content=\"1080\" \/>\n\t<meta property=\"og:image:height\" content=\"1080\" \/>\n\t<meta property=\"og:image:type\" content=\"image\/jpeg\" \/>\n<meta name=\"twitter:card\" content=\"summary_large_image\" \/>\n<meta name=\"twitter:label1\" content=\"Dur\u00e9e de lecture estim\u00e9e\" \/>\n\t<meta name=\"twitter:data1\" content=\"2 minutes\" \/>\n<script type=\"application\/ld+json\" class=\"yoast-schema-graph\">{\"@context\":\"https:\/\/schema.org\",\"@graph\":[{\"@type\":\"WebPage\",\"@id\":\"https:\/\/www.hoogstra-autosport.nl\/product\/bimarco-phantom-fia-stoel\/\",\"url\":\"https:\/\/www.hoogstra-autosport.nl\/product\/bimarco-phantom-fia-stoel\/\",\"name\":\"DGP Phantom Fia Stoel - Hoogstra Autosport\",\"isPartOf\":{\"@id\":\"https:\/\/www.hoogstra-autosport.nl\/#website\"},\"primaryImageOfPage\":{\"@id\":\"https:\/\/www.hoogstra-autosport.nl\/product\/bimarco-phantom-fia-stoel\/#primaryimage\"},\"image\":{\"@id\":\"https:\/\/www.hoogstra-autosport.nl\/product\/bimarco-phantom-fia-stoel\/#primaryimage\"},\"thumbnailUrl\":\"https:\/\/www.hoogstra-autosport.nl\/teamkoen\/wp-content\/uploads\/2024\/01\/Untitled-Project-2025-12-24T111422.331.jpg\",\"datePublished\":\"2024-01-18T09:12:11+00:00\",\"dateModified\":\"2026-03-02T16:26:29+00:00\",\"breadcrumb\":{\"@id\":\"https:\/\/www.hoogstra-autosport.nl\/product\/bimarco-phantom-fia-stoel\/#breadcrumb\"},\"inLanguage\":\"fr-FR\",\"potentialAction\":[{\"@type\":\"ReadAction\",\"target\":[\"https:\/\/www.hoogstra-autosport.nl\/product\/bimarco-phantom-fia-stoel\/\"]}]},{\"@type\":\"ImageObject\",\"inLanguage\":\"fr-FR\",\"@id\":\"https:\/\/www.hoogstra-autosport.nl\/product\/bimarco-phantom-fia-stoel\/#primaryimage\",\"url\":\"https:\/\/www.hoogstra-autosport.nl\/teamkoen\/wp-content\/uploads\/2024\/01\/Untitled-Project-2025-12-24T111422.331.jpg\",\"contentUrl\":\"https:\/\/www.hoogstra-autosport.nl\/teamkoen\/wp-content\/uploads\/2024\/01\/Untitled-Project-2025-12-24T111422.331.jpg\",\"width\":1080,\"height\":1080},{\"@type\":\"BreadcrumbList\",\"@id\":\"https:\/\/www.hoogstra-autosport.nl\/product\/bimarco-phantom-fia-stoel\/#breadcrumb\",\"itemListElement\":[{\"@type\":\"ListItem\",\"position\":1,\"name\":\"Home\",\"item\":\"https:\/\/www.hoogstra-autosport.nl\/\"},{\"@type\":\"ListItem\",\"position\":2,\"name\":\"Interieur\",\"item\":\"https:\/\/www.hoogstra-autosport.nl\/product-categorie\/remmen-brandstof-tanken\/\"},{\"@type\":\"ListItem\",\"position\":3,\"name\":\"Stoelen\",\"item\":\"https:\/\/www.hoogstra-autosport.nl\/product-categorie\/remmen-brandstof-tanken\/stoelen\/\"},{\"@type\":\"ListItem\",\"position\":4,\"name\":\"DGP stoelen FIA\",\"item\":\"https:\/\/www.hoogstra-autosport.nl\/product-categorie\/remmen-brandstof-tanken\/stoelen\/dgp-stoelen-fia\/\"},{\"@type\":\"ListItem\",\"position\":5,\"name\":\"DGP Phantom Fia Stoel\"}]},{\"@type\":\"WebSite\",\"@id\":\"https:\/\/www.hoogstra-autosport.nl\/#website\",\"url\":\"https:\/\/www.hoogstra-autosport.nl\/\",\"name\":\"Hoogstra Autosport\",\"description\":\"Performance Autosport Parts!\",\"potentialAction\":[{\"@type\":\"SearchAction\",\"target\":{\"@type\":\"EntryPoint\",\"urlTemplate\":\"https:\/\/www.hoogstra-autosport.nl\/?s={search_term_string}\"},\"query-input\":{\"@type\":\"PropertyValueSpecification\",\"valueRequired\":true,\"valueName\":\"search_term_string\"}}],\"inLanguage\":\"fr-FR\"}]}<\/script>\n<!-- \/ Yoast SEO plugin. -->","yoast_head_json":{"title":"DGP Phantom Fia Stoel - Hoogstra Autosport","robots":{"index":"index","follow":"follow","max-snippet":"max-snippet:-1","max-image-preview":"max-image-preview:large","max-video-preview":"max-video-preview:-1"},"canonical":"https:\/\/www.hoogstra-autosport.nl\/fr\/produit\/bimarco-phantom-fia-stoel\/","og_locale":"fr_FR","og_type":"article","og_title":"DGP Phantom Fia Stoel - Hoogstra Autosport","og_description":"DGP Phantom is een comfortabele racestoel, ontworpen voor professionele coureurs en motorsportliefhebbers. Deze stoel is gemaakt van materialen van de hoogste kwaliteit en is ontworpen met aandacht voor detail, waarbij uitstekend comfort, veiligheid en een uniek design worden gecombineerd. Het Phantom-zadel is gemaakt van lichtgewicht maar duurzaam glasvezel, dat zorgt voor een uitstekende stijfheid en [&hellip;]","og_url":"https:\/\/www.hoogstra-autosport.nl\/fr\/produit\/bimarco-phantom-fia-stoel\/","og_site_name":"Hoogstra Autosport","article_modified_time":"2026-03-02T16:26:29+00:00","og_image":[{"width":1080,"height":1080,"url":"https:\/\/www.hoogstra-autosport.nl\/teamkoen\/wp-content\/uploads\/2024\/01\/Untitled-Project-2025-12-24T111422.331.jpg","type":"image\/jpeg"}],"twitter_card":"summary_large_image","twitter_misc":{"Dur\u00e9e de lecture estim\u00e9e":"2 minutes"},"schema":{"@context":"https:\/\/schema.org","@graph":[{"@type":"WebPage","@id":"https:\/\/www.hoogstra-autosport.nl\/product\/bimarco-phantom-fia-stoel\/","url":"https:\/\/www.hoogstra-autosport.nl\/product\/bimarco-phantom-fia-stoel\/","name":"DGP Phantom Fia Stoel - Hoogstra Autosport","isPartOf":{"@id":"https:\/\/www.hoogstra-autosport.nl\/#website"},"primaryImageOfPage":{"@id":"https:\/\/www.hoogstra-autosport.nl\/product\/bimarco-phantom-fia-stoel\/#primaryimage"},"image":{"@id":"https:\/\/www.hoogstra-autosport.nl\/product\/bimarco-phantom-fia-stoel\/#primaryimage"},"thumbnailUrl":"https:\/\/www.hoogstra-autosport.nl\/teamkoen\/wp-content\/uploads\/2024\/01\/Untitled-Project-2025-12-24T111422.331.jpg","datePublished":"2024-01-18T09:12:11+00:00","dateModified":"2026-03-02T16:26:29+00:00","breadcrumb":{"@id":"https:\/\/www.hoogstra-autosport.nl\/product\/bimarco-phantom-fia-stoel\/#breadcrumb"},"inLanguage":"fr-FR","potentialAction":[{"@type":"ReadAction","target":["https:\/\/www.hoogstra-autosport.nl\/product\/bimarco-phantom-fia-stoel\/"]}]},{"@type":"ImageObject","inLanguage":"fr-FR","@id":"https:\/\/www.hoogstra-autosport.nl\/product\/bimarco-phantom-fia-stoel\/#primaryimage","url":"https:\/\/www.hoogstra-autosport.nl\/teamkoen\/wp-content\/uploads\/2024\/01\/Untitled-Project-2025-12-24T111422.331.jpg","contentUrl":"https:\/\/www.hoogstra-autosport.nl\/teamkoen\/wp-content\/uploads\/2024\/01\/Untitled-Project-2025-12-24T111422.331.jpg","width":1080,"height":1080},{"@type":"BreadcrumbList","@id":"https:\/\/www.hoogstra-autosport.nl\/product\/bimarco-phantom-fia-stoel\/#breadcrumb","itemListElement":[{"@type":"ListItem","position":1,"name":"Home","item":"https:\/\/www.hoogstra-autosport.nl\/"},{"@type":"ListItem","position":2,"name":"Interieur","item":"https:\/\/www.hoogstra-autosport.nl\/product-categorie\/remmen-brandstof-tanken\/"},{"@type":"ListItem","position":3,"name":"Stoelen","item":"https:\/\/www.hoogstra-autosport.nl\/product-categorie\/remmen-brandstof-tanken\/stoelen\/"},{"@type":"ListItem","position":4,"name":"DGP stoelen FIA","item":"https:\/\/www.hoogstra-autosport.nl\/product-categorie\/remmen-brandstof-tanken\/stoelen\/dgp-stoelen-fia\/"},{"@type":"ListItem","position":5,"name":"DGP Phantom Fia Stoel"}]},{"@type":"WebSite","@id":"https:\/\/www.hoogstra-autosport.nl\/#website","url":"https:\/\/www.hoogstra-autosport.nl\/","name":"Hoogstra Autosport","description":"Performance Autosport Parts!","potentialAction":[{"@type":"SearchAction","target":{"@type":"EntryPoint","urlTemplate":"https:\/\/www.hoogstra-autosport.nl\/?s={search_term_string}"},"query-input":{"@type":"PropertyValueSpecification","valueRequired":true,"valueName":"search_term_string"}}],"inLanguage":"fr-FR"}]}},"tiered_pricing_type":"fixed","tiered_pricing_fixed_rules":[],"tiered_pricing_product_settings":{"layout":"default","base_unit_name":{"singular":null,"plural":null},"default_variation":null},"tiered_pricing_minimum_quantity":null,"tiered_pricing_roles_data":[],"tiered_pricing_percentage_rules":[],"tiered_pricing_maximum_quantity":null,"tiered_pricing_quantity_step":null,"_links":{"self":[{"href":"https:\/\/www.hoogstra-autosport.nl\/fr\/wp-json\/wp\/v2\/product\/66238","targetHints":{"allow":["GET"]}}],"collection":[{"href":"https:\/\/www.hoogstra-autosport.nl\/fr\/wp-json\/wp\/v2\/product"}],"about":[{"href":"https:\/\/www.hoogstra-autosport.nl\/fr\/wp-json\/wp\/v2\/types\/product"}],"wp:featuredmedia":[{"embeddable":true,"href":"https:\/\/www.hoogstra-autosport.nl\/fr\/wp-json\/wp\/v2\/media\/95898"}],"wp:attachment":[{"href":"https:\/\/www.hoogstra-autosport.nl\/fr\/wp-json\/wp\/v2\/media?parent=66238"}],"wp:term":[{"taxonomy":"product_brand","embeddable":true,"href":"https:\/\/www.hoogstra-autosport.nl\/fr\/wp-json\/wp\/v2\/product_brand?post=66238"},{"taxonomy":"product_cat","embeddable":true,"href":"https:\/\/www.hoogstra-autosport.nl\/fr\/wp-json\/wp\/v2\/product_cat?post=66238"},{"taxonomy":"product_tag","embeddable":true,"href":"https:\/\/www.hoogstra-autosport.nl\/fr\/wp-json\/wp\/v2\/product_tag?post=66238"}],"curies":[{"name":"wp","href":"https:\/\/api.w.org\/{rel}","templated":true}]}}