{"id":65940,"date":"2024-01-08T14:55:50","date_gmt":"2024-01-08T13:55:50","guid":{"rendered":"https:\/\/www.hoogstra-autosport.nl\/?post_type=product&#038;p=65940"},"modified":"2026-03-23T15:52:35","modified_gmt":"2026-03-23T14:52:35","slug":"gaas-cross-gaas-30x30","status":"publish","type":"product","link":"https:\/\/www.hoogstra-autosport.nl\/fr\/produit\/gaas-cross-gaas-30x30\/","title":{"rendered":"Gaze crois\u00e9e Gaze 30\u00d730"},"content":{"rendered":"<h1><strong>NOTE ! ENL\u00c8VEMENT UNIQUEMENT DANS LE MAGASIN !<\/strong><\/h1>\n<p>Maille 30x 30 mm d'espacement<\/p>\n<p>Maille pointue<\/p>\n<p><strong>Maille 30x30x3mm.<\/strong><\/p>\n<p>Id\u00e9al pour l'utilisation comme filet de fen\u00eatre, l'acier brillant est facile \u00e0 souder.<\/p>\n<p>Dimensions standard, 150 de haut x 100 de long<\/p>\n<p>Taille maximale des mailles pour les comp\u00e9titions d'autocross KNAF.<\/p>\n<p>PAS D'EXP\u00c9DITION POSSIBLE ! ENL\u00c8VEMENT EN MAGASIN UNIQUEMENT !<\/p>","protected":false},"excerpt":{"rendered":"<p>LET OP! ALLEEN AFHAAL IN WINKEL ! Gaas 30x 30 mm afstand van elkaar Gepuntlast gaas Gaas 30x30x3mm. Zeer geschikt om te gebruiken als raam net, blank staal dus goed las baar. Standaard afmetingen, 150 hoog x100 lang Maximale maaswijdte voor KNAF autocrosswedstrijden. VERZENDING NIET MOGELIJK! ALEEN AFHALEN IN WINKEL!<\/p>","protected":false},"featured_media":13735,"template":"","meta":{"_acf_changed":false},"product_brand":[],"product_cat":[2827],"product_tag":[],"class_list":{"0":"post-65940","1":"product","2":"type-product","3":"status-publish","4":"has-post-thumbnail","6":"product_cat-raamnetje-afsluitingen","7":"product_shipping_class-4016","9":"first","10":"instock","11":"taxable","12":"shipping-taxable","13":"purchasable","14":"product-type-simple"},"acf":[],"yoast_head":"<!-- This site is optimized with the Yoast SEO plugin v27.1.1 - https:\/\/yoast.com\/product\/yoast-seo-wordpress\/ -->\n<title>Gaas Cross Gaas 30x30 - Hoogstra Autosport<\/title>\n<meta name=\"robots\" content=\"index, follow, max-snippet:-1, max-image-preview:large, max-video-preview:-1\" \/>\n<link rel=\"canonical\" href=\"https:\/\/www.hoogstra-autosport.nl\/fr\/produit\/gaas-cross-gaas-30x30\/\" \/>\n<meta property=\"og:locale\" content=\"fr_FR\" \/>\n<meta property=\"og:type\" content=\"article\" \/>\n<meta property=\"og:title\" content=\"Gaas Cross Gaas 30x30 - Hoogstra Autosport\" \/>\n<meta property=\"og:description\" content=\"LET OP! ALLEEN AFHAAL IN WINKEL ! Gaas 30x 30 mm afstand van elkaar Gepuntlast gaas Gaas 30x30x3mm. Zeer geschikt om te gebruiken als raam net, blank staal dus goed las baar. Standaard afmetingen, 150 hoog x100 lang Maximale maaswijdte voor KNAF autocrosswedstrijden. VERZENDING NIET MOGELIJK! ALEEN AFHALEN IN WINKEL!\" \/>\n<meta property=\"og:url\" content=\"https:\/\/www.hoogstra-autosport.nl\/fr\/produit\/gaas-cross-gaas-30x30\/\" \/>\n<meta property=\"og:site_name\" content=\"Hoogstra Autosport\" \/>\n<meta property=\"article:modified_time\" content=\"2026-03-23T14:52:35+00:00\" \/>\n<meta property=\"og:image\" content=\"https:\/\/www.hoogstra-autosport.nl\/teamkoen\/wp-content\/uploads\/catalog\/product\/Autocrossgaas.jpg\" \/>\n\t<meta property=\"og:image:width\" content=\"640\" \/>\n\t<meta property=\"og:image:height\" content=\"480\" \/>\n\t<meta property=\"og:image:type\" content=\"image\/jpeg\" \/>\n<meta name=\"twitter:card\" content=\"summary_large_image\" \/>\n<meta name=\"twitter:label1\" content=\"Dur\u00e9e de lecture estim\u00e9e\" \/>\n\t<meta name=\"twitter:data1\" content=\"1 minute\" \/>\n<script type=\"application\/ld+json\" class=\"yoast-schema-graph\">{\"@context\":\"https:\/\/schema.org\",\"@graph\":[{\"@type\":\"WebPage\",\"@id\":\"https:\/\/www.hoogstra-autosport.nl\/product\/gaas-cross-gaas-30x30\/\",\"url\":\"https:\/\/www.hoogstra-autosport.nl\/product\/gaas-cross-gaas-30x30\/\",\"name\":\"Gaas Cross Gaas 30x30 - Hoogstra Autosport\",\"isPartOf\":{\"@id\":\"https:\/\/www.hoogstra-autosport.nl\/#website\"},\"primaryImageOfPage\":{\"@id\":\"https:\/\/www.hoogstra-autosport.nl\/product\/gaas-cross-gaas-30x30\/#primaryimage\"},\"image\":{\"@id\":\"https:\/\/www.hoogstra-autosport.nl\/product\/gaas-cross-gaas-30x30\/#primaryimage\"},\"thumbnailUrl\":\"https:\/\/www.hoogstra-autosport.nl\/teamkoen\/wp-content\/uploads\/catalog\/product\/Autocrossgaas.jpg\",\"datePublished\":\"2024-01-08T13:55:50+00:00\",\"dateModified\":\"2026-03-23T14:52:35+00:00\",\"breadcrumb\":{\"@id\":\"https:\/\/www.hoogstra-autosport.nl\/product\/gaas-cross-gaas-30x30\/#breadcrumb\"},\"inLanguage\":\"fr-FR\",\"potentialAction\":[{\"@type\":\"ReadAction\",\"target\":[\"https:\/\/www.hoogstra-autosport.nl\/product\/gaas-cross-gaas-30x30\/\"]}]},{\"@type\":\"ImageObject\",\"inLanguage\":\"fr-FR\",\"@id\":\"https:\/\/www.hoogstra-autosport.nl\/product\/gaas-cross-gaas-30x30\/#primaryimage\",\"url\":\"https:\/\/www.hoogstra-autosport.nl\/teamkoen\/wp-content\/uploads\/catalog\/product\/Autocrossgaas.jpg\",\"contentUrl\":\"https:\/\/www.hoogstra-autosport.nl\/teamkoen\/wp-content\/uploads\/catalog\/product\/Autocrossgaas.jpg\",\"width\":640,\"height\":480},{\"@type\":\"BreadcrumbList\",\"@id\":\"https:\/\/www.hoogstra-autosport.nl\/product\/gaas-cross-gaas-30x30\/#breadcrumb\",\"itemListElement\":[{\"@type\":\"ListItem\",\"position\":1,\"name\":\"Home\",\"item\":\"https:\/\/www.hoogstra-autosport.nl\/\"},{\"@type\":\"ListItem\",\"position\":2,\"name\":\"Carrosserie\",\"item\":\"https:\/\/www.hoogstra-autosport.nl\/product-categorie\/carroserie-bevestiging\/\"},{\"@type\":\"ListItem\",\"position\":3,\"name\":\"Raamnetje &amp; Afsluitingen\",\"item\":\"https:\/\/www.hoogstra-autosport.nl\/product-categorie\/carroserie-bevestiging\/raamnetje-afsluitingen\/\"},{\"@type\":\"ListItem\",\"position\":4,\"name\":\"Gaas Cross Gaas 30&#215;30\"}]},{\"@type\":\"WebSite\",\"@id\":\"https:\/\/www.hoogstra-autosport.nl\/#website\",\"url\":\"https:\/\/www.hoogstra-autosport.nl\/\",\"name\":\"Hoogstra Autosport\",\"description\":\"Performance Autosport Parts!\",\"potentialAction\":[{\"@type\":\"SearchAction\",\"target\":{\"@type\":\"EntryPoint\",\"urlTemplate\":\"https:\/\/www.hoogstra-autosport.nl\/?s={search_term_string}\"},\"query-input\":{\"@type\":\"PropertyValueSpecification\",\"valueRequired\":true,\"valueName\":\"search_term_string\"}}],\"inLanguage\":\"fr-FR\"}]}<\/script>\n<!-- \/ Yoast SEO plugin. -->","yoast_head_json":{"title":"Gaas Cross Gaas 30x30 - Hoogstra Autosport","robots":{"index":"index","follow":"follow","max-snippet":"max-snippet:-1","max-image-preview":"max-image-preview:large","max-video-preview":"max-video-preview:-1"},"canonical":"https:\/\/www.hoogstra-autosport.nl\/fr\/produit\/gaas-cross-gaas-30x30\/","og_locale":"fr_FR","og_type":"article","og_title":"Gaas Cross Gaas 30x30 - Hoogstra Autosport","og_description":"LET OP! ALLEEN AFHAAL IN WINKEL ! Gaas 30x 30 mm afstand van elkaar Gepuntlast gaas Gaas 30x30x3mm. Zeer geschikt om te gebruiken als raam net, blank staal dus goed las baar. Standaard afmetingen, 150 hoog x100 lang Maximale maaswijdte voor KNAF autocrosswedstrijden. VERZENDING NIET MOGELIJK! ALEEN AFHALEN IN WINKEL!","og_url":"https:\/\/www.hoogstra-autosport.nl\/fr\/produit\/gaas-cross-gaas-30x30\/","og_site_name":"Hoogstra Autosport","article_modified_time":"2026-03-23T14:52:35+00:00","og_image":[{"width":640,"height":480,"url":"https:\/\/www.hoogstra-autosport.nl\/teamkoen\/wp-content\/uploads\/catalog\/product\/Autocrossgaas.jpg","type":"image\/jpeg"}],"twitter_card":"summary_large_image","twitter_misc":{"Dur\u00e9e de lecture estim\u00e9e":"1 minute"},"schema":{"@context":"https:\/\/schema.org","@graph":[{"@type":"WebPage","@id":"https:\/\/www.hoogstra-autosport.nl\/product\/gaas-cross-gaas-30x30\/","url":"https:\/\/www.hoogstra-autosport.nl\/product\/gaas-cross-gaas-30x30\/","name":"Gaas Cross Gaas 30x30 - Hoogstra Autosport","isPartOf":{"@id":"https:\/\/www.hoogstra-autosport.nl\/#website"},"primaryImageOfPage":{"@id":"https:\/\/www.hoogstra-autosport.nl\/product\/gaas-cross-gaas-30x30\/#primaryimage"},"image":{"@id":"https:\/\/www.hoogstra-autosport.nl\/product\/gaas-cross-gaas-30x30\/#primaryimage"},"thumbnailUrl":"https:\/\/www.hoogstra-autosport.nl\/teamkoen\/wp-content\/uploads\/catalog\/product\/Autocrossgaas.jpg","datePublished":"2024-01-08T13:55:50+00:00","dateModified":"2026-03-23T14:52:35+00:00","breadcrumb":{"@id":"https:\/\/www.hoogstra-autosport.nl\/product\/gaas-cross-gaas-30x30\/#breadcrumb"},"inLanguage":"fr-FR","potentialAction":[{"@type":"ReadAction","target":["https:\/\/www.hoogstra-autosport.nl\/product\/gaas-cross-gaas-30x30\/"]}]},{"@type":"ImageObject","inLanguage":"fr-FR","@id":"https:\/\/www.hoogstra-autosport.nl\/product\/gaas-cross-gaas-30x30\/#primaryimage","url":"https:\/\/www.hoogstra-autosport.nl\/teamkoen\/wp-content\/uploads\/catalog\/product\/Autocrossgaas.jpg","contentUrl":"https:\/\/www.hoogstra-autosport.nl\/teamkoen\/wp-content\/uploads\/catalog\/product\/Autocrossgaas.jpg","width":640,"height":480},{"@type":"BreadcrumbList","@id":"https:\/\/www.hoogstra-autosport.nl\/product\/gaas-cross-gaas-30x30\/#breadcrumb","itemListElement":[{"@type":"ListItem","position":1,"name":"Home","item":"https:\/\/www.hoogstra-autosport.nl\/"},{"@type":"ListItem","position":2,"name":"Carrosserie","item":"https:\/\/www.hoogstra-autosport.nl\/product-categorie\/carroserie-bevestiging\/"},{"@type":"ListItem","position":3,"name":"Raamnetje &amp; Afsluitingen","item":"https:\/\/www.hoogstra-autosport.nl\/product-categorie\/carroserie-bevestiging\/raamnetje-afsluitingen\/"},{"@type":"ListItem","position":4,"name":"Gaas Cross Gaas 30&#215;30"}]},{"@type":"WebSite","@id":"https:\/\/www.hoogstra-autosport.nl\/#website","url":"https:\/\/www.hoogstra-autosport.nl\/","name":"Hoogstra Autosport","description":"Performance Autosport Parts!","potentialAction":[{"@type":"SearchAction","target":{"@type":"EntryPoint","urlTemplate":"https:\/\/www.hoogstra-autosport.nl\/?s={search_term_string}"},"query-input":{"@type":"PropertyValueSpecification","valueRequired":true,"valueName":"search_term_string"}}],"inLanguage":"fr-FR"}]}},"tiered_pricing_type":"fixed","tiered_pricing_fixed_rules":[],"tiered_pricing_product_settings":{"layout":"default","base_unit_name":{"singular":null,"plural":null},"default_variation":null},"tiered_pricing_minimum_quantity":null,"tiered_pricing_roles_data":[],"tiered_pricing_percentage_rules":[],"tiered_pricing_maximum_quantity":null,"tiered_pricing_quantity_step":null,"_links":{"self":[{"href":"https:\/\/www.hoogstra-autosport.nl\/fr\/wp-json\/wp\/v2\/product\/65940","targetHints":{"allow":["GET"]}}],"collection":[{"href":"https:\/\/www.hoogstra-autosport.nl\/fr\/wp-json\/wp\/v2\/product"}],"about":[{"href":"https:\/\/www.hoogstra-autosport.nl\/fr\/wp-json\/wp\/v2\/types\/product"}],"wp:featuredmedia":[{"embeddable":true,"href":"https:\/\/www.hoogstra-autosport.nl\/fr\/wp-json\/wp\/v2\/media\/13735"}],"wp:attachment":[{"href":"https:\/\/www.hoogstra-autosport.nl\/fr\/wp-json\/wp\/v2\/media?parent=65940"}],"wp:term":[{"taxonomy":"product_brand","embeddable":true,"href":"https:\/\/www.hoogstra-autosport.nl\/fr\/wp-json\/wp\/v2\/product_brand?post=65940"},{"taxonomy":"product_cat","embeddable":true,"href":"https:\/\/www.hoogstra-autosport.nl\/fr\/wp-json\/wp\/v2\/product_cat?post=65940"},{"taxonomy":"product_tag","embeddable":true,"href":"https:\/\/www.hoogstra-autosport.nl\/fr\/wp-json\/wp\/v2\/product_tag?post=65940"}],"curies":[{"name":"wp","href":"https:\/\/api.w.org\/{rel}","templated":true}]}}