{"id":64926,"date":"2023-12-09T16:01:21","date_gmt":"2023-12-09T15:01:21","guid":{"rendered":"https:\/\/www.hoogstra-autosport.nl\/?post_type=product&#038;p=64926"},"modified":"2024-02-13T14:34:13","modified_gmt":"2024-02-13T13:34:13","slug":"aim-mxs-strada-light-race-dash-5","status":"publish","type":"product","link":"https:\/\/www.hoogstra-autosport.nl\/fr\/produit\/aim-mxs-strada-light-race-dash-5\/","title":{"rendered":"AIM MXS Strada Light Race Dash 5\" (tableau de bord)"},"content":{"rendered":"<p>De AIM MXS Strada Light is een nieuw dash van AIM en is een zeer robuust dash met een 5\u2033 TFT scherm en aluminium behuizing.<\/p>\n<p>De MXS Strada Light is bijna hetzelfde als de gewone MXS Strada, alleen iets vereenvoudigd. Verschil met de MXS Strada 1.3 is: 4 ipv 8 analoge inputs, geen digitale rpm en speed input, geen digitale output en geen rs232 ecu communicatie. En 1 ipv 2 connectors achterop.<\/p>\n<p>De AIM MXS Strada Light is voorzien van de volgende kanalen:<br \/>\n-4x vrij configureerbaar analoog kanaal<br \/>\n-3x bus CAN (1x pour les modules d'extension et 2x pour l'ECU)<br \/>\n-ECU connectie ingangen: CAN bus en K-line\/OBDII<\/p>\n<p>Autres donn\u00e9es techniques Syst\u00e8me AIM MXS Strada :<br \/>\n-Pas de stockage de donn\u00e9es<br \/>\n-Voorzien van 1 multiconnector voor kabelboom<br \/>\n-6 LED ou ic\u00f4nes d'alarme librement programmables (multicolores)<br \/>\n-10 feux de changement de vitesse librement programmables (multicolores)<br \/>\nEntr\u00e9es de la cam\u00e9ra de recul -2<br \/>\n-Capteur de luminosit\u00e9 int\u00e9gr\u00e9<br \/>\n-Dimensions : 169,4x97x23 mm<br \/>\n-gewicht: 460 gram<br \/>\n-R\u00e9sistance aux intemp\u00e9ries : IP65<\/p>\n<p>De MXS Strada Light wordt standaard geleverd met een AIM MXS dashboard, 23 pins kabelboom (aansluitingen: CAN bus, USB download, 12V voeding, ECU connectie via K-line en CAN), USB kabel en Race Studio software.\u00a0<strong>Optioneel<\/strong>\u00a0is de 23p loom met daarin extra de 4 analoge input connectors (Binder 719 4p female).<\/p>\n<p>La connexion ECU permet de se connecter facilement \u00e0 plus de 1 000 ECU (programmables et d'origine), ce qui permet d'enregistrer de nombreux canaux suppl\u00e9mentaires.\u00a0<a href=\"https:\/\/www.aim-sportline.com\/en\/documentation.htm\" target=\"_blank\" rel=\"noopener\">V\u00e9rifiez la compatibilit\u00e9 de l'\u00e9cu ici.<\/a><\/p>\n<p>Tevens heeft de AIM MXS Strada Light de mogelijkheid tot het uitbreiden van kanalen en aansluiten van CAN modules zoals een AIM wide band lambdasensor, Channel expansion, GPS module, SmartyCam HD video camera, Thermokoppel hub etc. Meerdere layouts en alarmen programmeerbaar.<\/p>\n<p>Keuze tussen \u2018race\u2019 en \u2018street\u2019 icon leds.<\/p>","protected":false},"excerpt":{"rendered":"<p>De AIM MXS Strada Light is een nieuw dash van AIM en is een zeer robuust dash met een 5\u2033 TFT scherm en aluminium behuizing. De MXS Strada Light is bijna hetzelfde als de gewone MXS Strada, alleen iets vereenvoudigd. Verschil met de MXS Strada 1.3 is: 4 ipv 8 analoge inputs, geen digitale rpm [&hellip;]<\/p>\n","protected":false},"featured_media":64930,"template":"","meta":{"_acf_changed":false},"product_brand":[],"product_cat":[3927,4142],"product_tag":[],"class_list":{"0":"post-64926","1":"product","2":"type-product","3":"status-publish","4":"has-post-thumbnail","6":"product_cat-aim-displays","7":"product_cat-aim-solo","8":"product_shipping_class-4016","10":"first","11":"instock","12":"taxable","13":"shipping-taxable","14":"purchasable","15":"product-type-variable"},"acf":[],"yoast_head":"<!-- This site is optimized with the Yoast SEO plugin v27.1.1 - https:\/\/yoast.com\/product\/yoast-seo-wordpress\/ -->\n<title>AIM MXS Strada Light Race Dash 5&#039;&#039; - Hoogstra Autosport<\/title>\n<meta name=\"robots\" content=\"index, follow, max-snippet:-1, max-image-preview:large, max-video-preview:-1\" \/>\n<link rel=\"canonical\" href=\"https:\/\/www.hoogstra-autosport.nl\/fr\/produit\/aim-mxs-strada-light-race-dash-5\/\" \/>\n<meta property=\"og:locale\" content=\"fr_FR\" \/>\n<meta property=\"og:type\" content=\"article\" \/>\n<meta property=\"og:title\" content=\"AIM MXS Strada Light Race Dash 5&#039;&#039; - Hoogstra Autosport\" \/>\n<meta property=\"og:description\" content=\"De AIM MXS Strada Light is een nieuw dash van AIM en is een zeer robuust dash met een 5\u2033 TFT scherm en aluminium behuizing. De MXS Strada Light is bijna hetzelfde als de gewone MXS Strada, alleen iets vereenvoudigd. Verschil met de MXS Strada 1.3 is: 4 ipv 8 analoge inputs, geen digitale rpm [&hellip;]\" \/>\n<meta property=\"og:url\" content=\"https:\/\/www.hoogstra-autosport.nl\/fr\/produit\/aim-mxs-strada-light-race-dash-5\/\" \/>\n<meta property=\"og:site_name\" content=\"Hoogstra Autosport\" \/>\n<meta property=\"article:modified_time\" content=\"2024-02-13T13:34:13+00:00\" \/>\n<meta property=\"og:image\" content=\"https:\/\/www.hoogstra-autosport.nl\/teamkoen\/content\/uploads\/2023\/12\/AiM-MXS-official-photo-2.jpg\" \/>\n\t<meta property=\"og:image:width\" content=\"1500\" \/>\n\t<meta property=\"og:image:height\" content=\"1000\" \/>\n\t<meta property=\"og:image:type\" content=\"image\/jpeg\" \/>\n<meta name=\"twitter:card\" content=\"summary_large_image\" \/>\n<meta name=\"twitter:label1\" content=\"Dur\u00e9e de lecture estim\u00e9e\" \/>\n\t<meta name=\"twitter:data1\" content=\"2 minutes\" \/>\n<script type=\"application\/ld+json\" class=\"yoast-schema-graph\">{\"@context\":\"https:\/\/schema.org\",\"@graph\":[{\"@type\":\"WebPage\",\"@id\":\"https:\/\/www.hoogstra-autosport.nl\/product\/aim-mxs-strada-light-race-dash-5\/\",\"url\":\"https:\/\/www.hoogstra-autosport.nl\/product\/aim-mxs-strada-light-race-dash-5\/\",\"name\":\"AIM MXS Strada Light Race Dash 5'' - Hoogstra Autosport\",\"isPartOf\":{\"@id\":\"https:\/\/www.hoogstra-autosport.nl\/#website\"},\"primaryImageOfPage\":{\"@id\":\"https:\/\/www.hoogstra-autosport.nl\/product\/aim-mxs-strada-light-race-dash-5\/#primaryimage\"},\"image\":{\"@id\":\"https:\/\/www.hoogstra-autosport.nl\/product\/aim-mxs-strada-light-race-dash-5\/#primaryimage\"},\"thumbnailUrl\":\"https:\/\/www.hoogstra-autosport.nl\/teamkoen\/wp-content\/uploads\/2023\/12\/AiM-MXS-official-photo-2.jpg\",\"datePublished\":\"2023-12-09T15:01:21+00:00\",\"dateModified\":\"2024-02-13T13:34:13+00:00\",\"breadcrumb\":{\"@id\":\"https:\/\/www.hoogstra-autosport.nl\/product\/aim-mxs-strada-light-race-dash-5\/#breadcrumb\"},\"inLanguage\":\"fr-FR\",\"potentialAction\":[{\"@type\":\"ReadAction\",\"target\":[\"https:\/\/www.hoogstra-autosport.nl\/product\/aim-mxs-strada-light-race-dash-5\/\"]}]},{\"@type\":\"ImageObject\",\"inLanguage\":\"fr-FR\",\"@id\":\"https:\/\/www.hoogstra-autosport.nl\/product\/aim-mxs-strada-light-race-dash-5\/#primaryimage\",\"url\":\"https:\/\/www.hoogstra-autosport.nl\/teamkoen\/wp-content\/uploads\/2023\/12\/AiM-MXS-official-photo-2.jpg\",\"contentUrl\":\"https:\/\/www.hoogstra-autosport.nl\/teamkoen\/wp-content\/uploads\/2023\/12\/AiM-MXS-official-photo-2.jpg\",\"width\":1500,\"height\":1000},{\"@type\":\"BreadcrumbList\",\"@id\":\"https:\/\/www.hoogstra-autosport.nl\/product\/aim-mxs-strada-light-race-dash-5\/#breadcrumb\",\"itemListElement\":[{\"@type\":\"ListItem\",\"position\":1,\"name\":\"Home\",\"item\":\"https:\/\/www.hoogstra-autosport.nl\/\"},{\"@type\":\"ListItem\",\"position\":2,\"name\":\"Elektriciteit\",\"item\":\"https:\/\/www.hoogstra-autosport.nl\/product-categorie\/elektriciteit\/\"},{\"@type\":\"ListItem\",\"position\":3,\"name\":\"AIM Displays\",\"item\":\"https:\/\/www.hoogstra-autosport.nl\/product-categorie\/elektriciteit\/aim-displays\/\"},{\"@type\":\"ListItem\",\"position\":4,\"name\":\"AIM MXS Strada Light Race Dash 5&#8221;\"}]},{\"@type\":\"WebSite\",\"@id\":\"https:\/\/www.hoogstra-autosport.nl\/#website\",\"url\":\"https:\/\/www.hoogstra-autosport.nl\/\",\"name\":\"Hoogstra Autosport\",\"description\":\"Performance Autosport Parts!\",\"potentialAction\":[{\"@type\":\"SearchAction\",\"target\":{\"@type\":\"EntryPoint\",\"urlTemplate\":\"https:\/\/www.hoogstra-autosport.nl\/?s={search_term_string}\"},\"query-input\":{\"@type\":\"PropertyValueSpecification\",\"valueRequired\":true,\"valueName\":\"search_term_string\"}}],\"inLanguage\":\"fr-FR\"}]}<\/script>\n<!-- \/ Yoast SEO plugin. -->","yoast_head_json":{"title":"AIM MXS Strada Light Race Dash 5'' - Hoogstra Autosport","robots":{"index":"index","follow":"follow","max-snippet":"max-snippet:-1","max-image-preview":"max-image-preview:large","max-video-preview":"max-video-preview:-1"},"canonical":"https:\/\/www.hoogstra-autosport.nl\/fr\/produit\/aim-mxs-strada-light-race-dash-5\/","og_locale":"fr_FR","og_type":"article","og_title":"AIM MXS Strada Light Race Dash 5'' - Hoogstra Autosport","og_description":"De AIM MXS Strada Light is een nieuw dash van AIM en is een zeer robuust dash met een 5\u2033 TFT scherm en aluminium behuizing. De MXS Strada Light is bijna hetzelfde als de gewone MXS Strada, alleen iets vereenvoudigd. Verschil met de MXS Strada 1.3 is: 4 ipv 8 analoge inputs, geen digitale rpm [&hellip;]","og_url":"https:\/\/www.hoogstra-autosport.nl\/fr\/produit\/aim-mxs-strada-light-race-dash-5\/","og_site_name":"Hoogstra Autosport","article_modified_time":"2024-02-13T13:34:13+00:00","og_image":[{"width":1500,"height":1000,"url":"https:\/\/www.hoogstra-autosport.nl\/teamkoen\/content\/uploads\/2023\/12\/AiM-MXS-official-photo-2.jpg","type":"image\/jpeg"}],"twitter_card":"summary_large_image","twitter_misc":{"Dur\u00e9e de lecture estim\u00e9e":"2 minutes"},"schema":{"@context":"https:\/\/schema.org","@graph":[{"@type":"WebPage","@id":"https:\/\/www.hoogstra-autosport.nl\/product\/aim-mxs-strada-light-race-dash-5\/","url":"https:\/\/www.hoogstra-autosport.nl\/product\/aim-mxs-strada-light-race-dash-5\/","name":"AIM MXS Strada Light Race Dash 5'' - Hoogstra Autosport","isPartOf":{"@id":"https:\/\/www.hoogstra-autosport.nl\/#website"},"primaryImageOfPage":{"@id":"https:\/\/www.hoogstra-autosport.nl\/product\/aim-mxs-strada-light-race-dash-5\/#primaryimage"},"image":{"@id":"https:\/\/www.hoogstra-autosport.nl\/product\/aim-mxs-strada-light-race-dash-5\/#primaryimage"},"thumbnailUrl":"https:\/\/www.hoogstra-autosport.nl\/teamkoen\/wp-content\/uploads\/2023\/12\/AiM-MXS-official-photo-2.jpg","datePublished":"2023-12-09T15:01:21+00:00","dateModified":"2024-02-13T13:34:13+00:00","breadcrumb":{"@id":"https:\/\/www.hoogstra-autosport.nl\/product\/aim-mxs-strada-light-race-dash-5\/#breadcrumb"},"inLanguage":"fr-FR","potentialAction":[{"@type":"ReadAction","target":["https:\/\/www.hoogstra-autosport.nl\/product\/aim-mxs-strada-light-race-dash-5\/"]}]},{"@type":"ImageObject","inLanguage":"fr-FR","@id":"https:\/\/www.hoogstra-autosport.nl\/product\/aim-mxs-strada-light-race-dash-5\/#primaryimage","url":"https:\/\/www.hoogstra-autosport.nl\/teamkoen\/wp-content\/uploads\/2023\/12\/AiM-MXS-official-photo-2.jpg","contentUrl":"https:\/\/www.hoogstra-autosport.nl\/teamkoen\/wp-content\/uploads\/2023\/12\/AiM-MXS-official-photo-2.jpg","width":1500,"height":1000},{"@type":"BreadcrumbList","@id":"https:\/\/www.hoogstra-autosport.nl\/product\/aim-mxs-strada-light-race-dash-5\/#breadcrumb","itemListElement":[{"@type":"ListItem","position":1,"name":"Home","item":"https:\/\/www.hoogstra-autosport.nl\/"},{"@type":"ListItem","position":2,"name":"Elektriciteit","item":"https:\/\/www.hoogstra-autosport.nl\/product-categorie\/elektriciteit\/"},{"@type":"ListItem","position":3,"name":"AIM Displays","item":"https:\/\/www.hoogstra-autosport.nl\/product-categorie\/elektriciteit\/aim-displays\/"},{"@type":"ListItem","position":4,"name":"AIM MXS Strada Light Race Dash 5&#8221;"}]},{"@type":"WebSite","@id":"https:\/\/www.hoogstra-autosport.nl\/#website","url":"https:\/\/www.hoogstra-autosport.nl\/","name":"Hoogstra Autosport","description":"Performance Autosport Parts!","potentialAction":[{"@type":"SearchAction","target":{"@type":"EntryPoint","urlTemplate":"https:\/\/www.hoogstra-autosport.nl\/?s={search_term_string}"},"query-input":{"@type":"PropertyValueSpecification","valueRequired":true,"valueName":"search_term_string"}}],"inLanguage":"fr-FR"}]}},"tiered_pricing_type":"fixed","tiered_pricing_fixed_rules":[],"tiered_pricing_product_settings":{"layout":"default","base_unit_name":{"singular":null,"plural":null},"default_variation":null},"tiered_pricing_minimum_quantity":null,"tiered_pricing_roles_data":[],"tiered_pricing_percentage_rules":[],"tiered_pricing_maximum_quantity":null,"tiered_pricing_quantity_step":null,"_links":{"self":[{"href":"https:\/\/www.hoogstra-autosport.nl\/fr\/wp-json\/wp\/v2\/product\/64926","targetHints":{"allow":["GET"]}}],"collection":[{"href":"https:\/\/www.hoogstra-autosport.nl\/fr\/wp-json\/wp\/v2\/product"}],"about":[{"href":"https:\/\/www.hoogstra-autosport.nl\/fr\/wp-json\/wp\/v2\/types\/product"}],"wp:featuredmedia":[{"embeddable":true,"href":"https:\/\/www.hoogstra-autosport.nl\/fr\/wp-json\/wp\/v2\/media\/64930"}],"wp:attachment":[{"href":"https:\/\/www.hoogstra-autosport.nl\/fr\/wp-json\/wp\/v2\/media?parent=64926"}],"wp:term":[{"taxonomy":"product_brand","embeddable":true,"href":"https:\/\/www.hoogstra-autosport.nl\/fr\/wp-json\/wp\/v2\/product_brand?post=64926"},{"taxonomy":"product_cat","embeddable":true,"href":"https:\/\/www.hoogstra-autosport.nl\/fr\/wp-json\/wp\/v2\/product_cat?post=64926"},{"taxonomy":"product_tag","embeddable":true,"href":"https:\/\/www.hoogstra-autosport.nl\/fr\/wp-json\/wp\/v2\/product_tag?post=64926"}],"curies":[{"name":"wp","href":"https:\/\/api.w.org\/{rel}","templated":true}]}}