{"id":64349,"date":"2023-11-24T12:58:41","date_gmt":"2023-11-24T11:58:41","guid":{"rendered":"https:\/\/www.hoogstra-autosport.nl\/?post_type=product&#038;p=64349"},"modified":"2025-07-03T15:48:55","modified_gmt":"2025-07-03T13:48:55","slug":"scott-primal-roze-mondstuk-roll-off","status":"publish","type":"product","link":"https:\/\/www.hoogstra-autosport.nl\/fr\/produit\/scott-primal-roze-mondstuk-roll-off\/","title":{"rendered":"Scott Primal Pink + Embout + Roll Off"},"content":{"rendered":"<p>Tr\u00e8s belles lunettes Scott Full Mask Cross<\/p>\n<p>Bonne protection et options pour plusieurs lunettes<\/p>\n<p>Jolies combinaisons de couleurs<\/p>\n<p>Le masque SCOTT Primal est le dernier n\u00e9 de la gamme de masques tout-terrain SCOTT.<\/p>\n<p>Avec un m\u00e9lange parfait de simplicit\u00e9 et de style, ces lunettes sont id\u00e9ales pour les d\u00e9butants et les cyclistes exp\u00e9riment\u00e9s dont le budget est limit\u00e9.<\/p>\n<p>Avec des caract\u00e9ristiques telles que la mousse faciale \u00e0 2 couches et le traitement antibu\u00e9e NoFog\u2122 des lentilles, le Primal suit les traces de ses grands fr\u00e8res, le Prospect et le Fury.<\/p>","protected":false},"excerpt":{"rendered":"<p>Hele leuke Scott Full Mask Crossbril Goed beschermend en opties voor meerdere glazen Leuke kleuren combinaties De SCOTT Primal Goggle is de nieuwste toevoeging aan de SCOTT off-road goggle range Met zijn perfecte mix van eenvoud en stijl is deze bril ideaal voor nieuwkomers en ervaren rijders met een beperkt budget. Met functies zoals 2-laags [&hellip;]<\/p>\n","protected":false},"featured_media":87508,"template":"","meta":{"_acf_changed":false},"product_brand":[],"product_cat":[2708],"product_tag":[],"class_list":{"0":"post-64349","1":"product","2":"type-product","3":"status-publish","4":"has-post-thumbnail","6":"product_cat-fullmask-crossbrillen","7":"product_shipping_class-4016","9":"first","10":"instock","11":"taxable","12":"shipping-taxable","13":"purchasable","14":"product-type-variable"},"acf":[],"yoast_head":"<!-- This site is optimized with the Yoast SEO plugin v27.1.1 - https:\/\/yoast.com\/product\/yoast-seo-wordpress\/ -->\n<title>Scott Primal Roze + Mondstuk + Roll Off - Hoogstra Autosport<\/title>\n<meta name=\"robots\" content=\"index, follow, max-snippet:-1, max-image-preview:large, max-video-preview:-1\" \/>\n<link rel=\"canonical\" href=\"https:\/\/www.hoogstra-autosport.nl\/fr\/produit\/scott-primal-roze-mondstuk-roll-off\/\" \/>\n<meta property=\"og:locale\" content=\"fr_FR\" \/>\n<meta property=\"og:type\" content=\"article\" \/>\n<meta property=\"og:title\" content=\"Scott Primal Roze + Mondstuk + Roll Off - Hoogstra Autosport\" \/>\n<meta property=\"og:description\" content=\"Hele leuke Scott Full Mask Crossbril Goed beschermend en opties voor meerdere glazen Leuke kleuren combinaties De SCOTT Primal Goggle is de nieuwste toevoeging aan de SCOTT off-road goggle range Met zijn perfecte mix van eenvoud en stijl is deze bril ideaal voor nieuwkomers en ervaren rijders met een beperkt budget. Met functies zoals 2-laags [&hellip;]\" \/>\n<meta property=\"og:url\" content=\"https:\/\/www.hoogstra-autosport.nl\/fr\/produit\/scott-primal-roze-mondstuk-roll-off\/\" \/>\n<meta property=\"og:site_name\" content=\"Hoogstra Autosport\" \/>\n<meta property=\"article:modified_time\" content=\"2025-07-03T13:48:55+00:00\" \/>\n<meta property=\"og:image\" content=\"https:\/\/www.hoogstra-autosport.nl\/teamkoen\/content\/uploads\/2023\/11\/processed-B5EABFE9-5BEE-4482-9E7C-19D30C79795E.jpeg\" \/>\n\t<meta property=\"og:image:width\" content=\"1870\" \/>\n\t<meta property=\"og:image:height\" content=\"1870\" \/>\n\t<meta property=\"og:image:type\" content=\"image\/jpeg\" \/>\n<meta name=\"twitter:card\" content=\"summary_large_image\" \/>\n<meta name=\"twitter:label1\" content=\"Dur\u00e9e de lecture estim\u00e9e\" \/>\n\t<meta name=\"twitter:data1\" content=\"1 minute\" \/>\n<script type=\"application\/ld+json\" class=\"yoast-schema-graph\">{\"@context\":\"https:\/\/schema.org\",\"@graph\":[{\"@type\":\"WebPage\",\"@id\":\"https:\/\/www.hoogstra-autosport.nl\/product\/scott-primal-roze-mondstuk-roll-off\/\",\"url\":\"https:\/\/www.hoogstra-autosport.nl\/product\/scott-primal-roze-mondstuk-roll-off\/\",\"name\":\"Scott Primal Roze + Mondstuk + Roll Off - Hoogstra Autosport\",\"isPartOf\":{\"@id\":\"https:\/\/www.hoogstra-autosport.nl\/#website\"},\"primaryImageOfPage\":{\"@id\":\"https:\/\/www.hoogstra-autosport.nl\/product\/scott-primal-roze-mondstuk-roll-off\/#primaryimage\"},\"image\":{\"@id\":\"https:\/\/www.hoogstra-autosport.nl\/product\/scott-primal-roze-mondstuk-roll-off\/#primaryimage\"},\"thumbnailUrl\":\"https:\/\/www.hoogstra-autosport.nl\/teamkoen\/wp-content\/uploads\/2023\/11\/processed-B5EABFE9-5BEE-4482-9E7C-19D30C79795E.jpeg\",\"datePublished\":\"2023-11-24T11:58:41+00:00\",\"dateModified\":\"2025-07-03T13:48:55+00:00\",\"breadcrumb\":{\"@id\":\"https:\/\/www.hoogstra-autosport.nl\/product\/scott-primal-roze-mondstuk-roll-off\/#breadcrumb\"},\"inLanguage\":\"fr-FR\",\"potentialAction\":[{\"@type\":\"ReadAction\",\"target\":[\"https:\/\/www.hoogstra-autosport.nl\/product\/scott-primal-roze-mondstuk-roll-off\/\"]}]},{\"@type\":\"ImageObject\",\"inLanguage\":\"fr-FR\",\"@id\":\"https:\/\/www.hoogstra-autosport.nl\/product\/scott-primal-roze-mondstuk-roll-off\/#primaryimage\",\"url\":\"https:\/\/www.hoogstra-autosport.nl\/teamkoen\/wp-content\/uploads\/2023\/11\/processed-B5EABFE9-5BEE-4482-9E7C-19D30C79795E.jpeg\",\"contentUrl\":\"https:\/\/www.hoogstra-autosport.nl\/teamkoen\/wp-content\/uploads\/2023\/11\/processed-B5EABFE9-5BEE-4482-9E7C-19D30C79795E.jpeg\",\"width\":1870,\"height\":1870},{\"@type\":\"BreadcrumbList\",\"@id\":\"https:\/\/www.hoogstra-autosport.nl\/product\/scott-primal-roze-mondstuk-roll-off\/#breadcrumb\",\"itemListElement\":[{\"@type\":\"ListItem\",\"position\":1,\"name\":\"Home\",\"item\":\"https:\/\/www.hoogstra-autosport.nl\/\"},{\"@type\":\"ListItem\",\"position\":2,\"name\":\"Uitrusting\",\"item\":\"https:\/\/www.hoogstra-autosport.nl\/product-categorie\/autosport-kleding-helmen\/\"},{\"@type\":\"ListItem\",\"position\":3,\"name\":\"Crossbrillen\",\"item\":\"https:\/\/www.hoogstra-autosport.nl\/product-categorie\/autosport-kleding-helmen\/crossbrillen\/\"},{\"@type\":\"ListItem\",\"position\":4,\"name\":\"Fullmask Crossbrillen\",\"item\":\"https:\/\/www.hoogstra-autosport.nl\/product-categorie\/autosport-kleding-helmen\/crossbrillen\/fullmask-crossbrillen\/\"},{\"@type\":\"ListItem\",\"position\":5,\"name\":\"Scott Primal Roze + Mondstuk + Roll Off\"}]},{\"@type\":\"WebSite\",\"@id\":\"https:\/\/www.hoogstra-autosport.nl\/#website\",\"url\":\"https:\/\/www.hoogstra-autosport.nl\/\",\"name\":\"Hoogstra Autosport\",\"description\":\"Performance Autosport Parts!\",\"potentialAction\":[{\"@type\":\"SearchAction\",\"target\":{\"@type\":\"EntryPoint\",\"urlTemplate\":\"https:\/\/www.hoogstra-autosport.nl\/?s={search_term_string}\"},\"query-input\":{\"@type\":\"PropertyValueSpecification\",\"valueRequired\":true,\"valueName\":\"search_term_string\"}}],\"inLanguage\":\"fr-FR\"}]}<\/script>\n<!-- \/ Yoast SEO plugin. -->","yoast_head_json":{"title":"Scott Primal Roze + Mondstuk + Roll Off - Hoogstra Autosport","robots":{"index":"index","follow":"follow","max-snippet":"max-snippet:-1","max-image-preview":"max-image-preview:large","max-video-preview":"max-video-preview:-1"},"canonical":"https:\/\/www.hoogstra-autosport.nl\/fr\/produit\/scott-primal-roze-mondstuk-roll-off\/","og_locale":"fr_FR","og_type":"article","og_title":"Scott Primal Roze + Mondstuk + Roll Off - Hoogstra Autosport","og_description":"Hele leuke Scott Full Mask Crossbril Goed beschermend en opties voor meerdere glazen Leuke kleuren combinaties De SCOTT Primal Goggle is de nieuwste toevoeging aan de SCOTT off-road goggle range Met zijn perfecte mix van eenvoud en stijl is deze bril ideaal voor nieuwkomers en ervaren rijders met een beperkt budget. Met functies zoals 2-laags [&hellip;]","og_url":"https:\/\/www.hoogstra-autosport.nl\/fr\/produit\/scott-primal-roze-mondstuk-roll-off\/","og_site_name":"Hoogstra Autosport","article_modified_time":"2025-07-03T13:48:55+00:00","og_image":[{"width":1870,"height":1870,"url":"https:\/\/www.hoogstra-autosport.nl\/teamkoen\/content\/uploads\/2023\/11\/processed-B5EABFE9-5BEE-4482-9E7C-19D30C79795E.jpeg","type":"image\/jpeg"}],"twitter_card":"summary_large_image","twitter_misc":{"Dur\u00e9e de lecture estim\u00e9e":"1 minute"},"schema":{"@context":"https:\/\/schema.org","@graph":[{"@type":"WebPage","@id":"https:\/\/www.hoogstra-autosport.nl\/product\/scott-primal-roze-mondstuk-roll-off\/","url":"https:\/\/www.hoogstra-autosport.nl\/product\/scott-primal-roze-mondstuk-roll-off\/","name":"Scott Primal Roze + Mondstuk + Roll Off - Hoogstra Autosport","isPartOf":{"@id":"https:\/\/www.hoogstra-autosport.nl\/#website"},"primaryImageOfPage":{"@id":"https:\/\/www.hoogstra-autosport.nl\/product\/scott-primal-roze-mondstuk-roll-off\/#primaryimage"},"image":{"@id":"https:\/\/www.hoogstra-autosport.nl\/product\/scott-primal-roze-mondstuk-roll-off\/#primaryimage"},"thumbnailUrl":"https:\/\/www.hoogstra-autosport.nl\/teamkoen\/wp-content\/uploads\/2023\/11\/processed-B5EABFE9-5BEE-4482-9E7C-19D30C79795E.jpeg","datePublished":"2023-11-24T11:58:41+00:00","dateModified":"2025-07-03T13:48:55+00:00","breadcrumb":{"@id":"https:\/\/www.hoogstra-autosport.nl\/product\/scott-primal-roze-mondstuk-roll-off\/#breadcrumb"},"inLanguage":"fr-FR","potentialAction":[{"@type":"ReadAction","target":["https:\/\/www.hoogstra-autosport.nl\/product\/scott-primal-roze-mondstuk-roll-off\/"]}]},{"@type":"ImageObject","inLanguage":"fr-FR","@id":"https:\/\/www.hoogstra-autosport.nl\/product\/scott-primal-roze-mondstuk-roll-off\/#primaryimage","url":"https:\/\/www.hoogstra-autosport.nl\/teamkoen\/wp-content\/uploads\/2023\/11\/processed-B5EABFE9-5BEE-4482-9E7C-19D30C79795E.jpeg","contentUrl":"https:\/\/www.hoogstra-autosport.nl\/teamkoen\/wp-content\/uploads\/2023\/11\/processed-B5EABFE9-5BEE-4482-9E7C-19D30C79795E.jpeg","width":1870,"height":1870},{"@type":"BreadcrumbList","@id":"https:\/\/www.hoogstra-autosport.nl\/product\/scott-primal-roze-mondstuk-roll-off\/#breadcrumb","itemListElement":[{"@type":"ListItem","position":1,"name":"Home","item":"https:\/\/www.hoogstra-autosport.nl\/"},{"@type":"ListItem","position":2,"name":"Uitrusting","item":"https:\/\/www.hoogstra-autosport.nl\/product-categorie\/autosport-kleding-helmen\/"},{"@type":"ListItem","position":3,"name":"Crossbrillen","item":"https:\/\/www.hoogstra-autosport.nl\/product-categorie\/autosport-kleding-helmen\/crossbrillen\/"},{"@type":"ListItem","position":4,"name":"Fullmask Crossbrillen","item":"https:\/\/www.hoogstra-autosport.nl\/product-categorie\/autosport-kleding-helmen\/crossbrillen\/fullmask-crossbrillen\/"},{"@type":"ListItem","position":5,"name":"Scott Primal Roze + Mondstuk + Roll Off"}]},{"@type":"WebSite","@id":"https:\/\/www.hoogstra-autosport.nl\/#website","url":"https:\/\/www.hoogstra-autosport.nl\/","name":"Hoogstra Autosport","description":"Performance Autosport Parts!","potentialAction":[{"@type":"SearchAction","target":{"@type":"EntryPoint","urlTemplate":"https:\/\/www.hoogstra-autosport.nl\/?s={search_term_string}"},"query-input":{"@type":"PropertyValueSpecification","valueRequired":true,"valueName":"search_term_string"}}],"inLanguage":"fr-FR"}]}},"tiered_pricing_type":"fixed","tiered_pricing_fixed_rules":[],"tiered_pricing_product_settings":{"layout":"default","base_unit_name":{"singular":null,"plural":null},"default_variation":null},"tiered_pricing_minimum_quantity":null,"tiered_pricing_roles_data":[],"tiered_pricing_percentage_rules":[],"tiered_pricing_maximum_quantity":null,"tiered_pricing_quantity_step":null,"_links":{"self":[{"href":"https:\/\/www.hoogstra-autosport.nl\/fr\/wp-json\/wp\/v2\/product\/64349","targetHints":{"allow":["GET"]}}],"collection":[{"href":"https:\/\/www.hoogstra-autosport.nl\/fr\/wp-json\/wp\/v2\/product"}],"about":[{"href":"https:\/\/www.hoogstra-autosport.nl\/fr\/wp-json\/wp\/v2\/types\/product"}],"wp:featuredmedia":[{"embeddable":true,"href":"https:\/\/www.hoogstra-autosport.nl\/fr\/wp-json\/wp\/v2\/media\/87508"}],"wp:attachment":[{"href":"https:\/\/www.hoogstra-autosport.nl\/fr\/wp-json\/wp\/v2\/media?parent=64349"}],"wp:term":[{"taxonomy":"product_brand","embeddable":true,"href":"https:\/\/www.hoogstra-autosport.nl\/fr\/wp-json\/wp\/v2\/product_brand?post=64349"},{"taxonomy":"product_cat","embeddable":true,"href":"https:\/\/www.hoogstra-autosport.nl\/fr\/wp-json\/wp\/v2\/product_cat?post=64349"},{"taxonomy":"product_tag","embeddable":true,"href":"https:\/\/www.hoogstra-autosport.nl\/fr\/wp-json\/wp\/v2\/product_tag?post=64349"}],"curies":[{"name":"wp","href":"https:\/\/api.w.org\/{rel}","templated":true}]}}