{"id":63780,"date":"2023-11-08T14:06:16","date_gmt":"2023-11-08T13:06:16","guid":{"rendered":"https:\/\/www.hoogstra-autosport.nl\/?post_type=product&#038;p=63780"},"modified":"2025-11-12T15:44:20","modified_gmt":"2025-11-12T14:44:20","slug":"simpson-hybrid-pro-lite","status":"publish","type":"product","link":"https:\/\/www.hoogstra-autosport.nl\/fr\/produit\/simpson-hybrid-pro-lite\/","title":{"rendered":"Simpson Hybrid Pro Lite Carbon"},"content":{"rendered":"<p>Le Simpson Hybrid Pro Lite est une version extra-l\u00e9g\u00e8re en fibre de carbone de haute qualit\u00e9 - la symbiose maximale entre l'ergonomie, la l\u00e9g\u00e8ret\u00e9 et la s\u00e9curit\u00e9. Un look carbone \u00e9l\u00e9gant !<\/p>\n<p>Une forme particuli\u00e8rement petite et optimis\u00e9e avec des sangles int\u00e9gr\u00e9es et mobiles donne au conducteur une libert\u00e9 totale de mouvement de la t\u00eate pour une vision lat\u00e9rale sans restriction. Convient \u00e0 toutes les positions assises.<\/p>\n<p>Poids seulement ! (enti\u00e8rement \u00e9quip\u00e9 - y compris l'attache de la ceinture) : 715 g (pour la taille M)<\/p>\n<p>Un confort d'ajustement ultime !<\/p>\n<p>&nbsp;<\/p>","protected":false},"excerpt":{"rendered":"<p>De Simpson Hybrid Pro Lite is een extra lichte versie gemaakt van hoogwaardig koolstofvezel &#8211; de maximale symbiose tussen ergonomie, lichtheid en veiligheid. Mooi strak carbon uiterlijk ! Een bijzonder kleine en geoptimaliseerde vorm met ge\u00efntegreerde, beweegbare riemen geven de bestuurder volledige bewegingsvrijheid van het hoofd voor onbeperkt zijzicht. Geschikt voor alle zitposities. Gewicht slechts [&hellip;]<\/p>\n","protected":false},"featured_media":92814,"template":"","meta":{"_acf_changed":false},"product_brand":[],"product_cat":[4293],"product_tag":[],"class_list":{"0":"post-63780","1":"product","2":"type-product","3":"status-publish","4":"has-post-thumbnail","6":"product_cat-hybrid-hans-systeem","7":"product_shipping_class-4016","9":"first","10":"instock","11":"taxable","12":"shipping-taxable","13":"purchasable","14":"product-type-variable"},"acf":[],"yoast_head":"<!-- This site is optimized with the Yoast SEO plugin v27.1.1 - https:\/\/yoast.com\/product\/yoast-seo-wordpress\/ -->\n<title>Simpson Hybrid Pro Lite Carbon - Hoogstra Autosport<\/title>\n<meta name=\"robots\" content=\"index, follow, max-snippet:-1, max-image-preview:large, max-video-preview:-1\" \/>\n<link rel=\"canonical\" href=\"https:\/\/www.hoogstra-autosport.nl\/fr\/produit\/simpson-hybrid-pro-lite\/\" \/>\n<meta property=\"og:locale\" content=\"fr_FR\" \/>\n<meta property=\"og:type\" content=\"article\" \/>\n<meta property=\"og:title\" content=\"Simpson Hybrid Pro Lite Carbon - Hoogstra Autosport\" \/>\n<meta property=\"og:description\" content=\"De Simpson Hybrid Pro Lite is een extra lichte versie gemaakt van hoogwaardig koolstofvezel &#8211; de maximale symbiose tussen ergonomie, lichtheid en veiligheid. Mooi strak carbon uiterlijk ! Een bijzonder kleine en geoptimaliseerde vorm met ge\u00efntegreerde, beweegbare riemen geven de bestuurder volledige bewegingsvrijheid van het hoofd voor onbeperkt zijzicht. Geschikt voor alle zitposities. Gewicht slechts [&hellip;]\" \/>\n<meta property=\"og:url\" content=\"https:\/\/www.hoogstra-autosport.nl\/fr\/produit\/simpson-hybrid-pro-lite\/\" \/>\n<meta property=\"og:site_name\" content=\"Hoogstra Autosport\" \/>\n<meta property=\"article:modified_time\" content=\"2025-11-12T14:44:20+00:00\" \/>\n<meta property=\"og:image\" content=\"https:\/\/www.hoogstra-autosport.nl\/teamkoen\/wp-content\/uploads\/2023\/11\/carbonquick1.jpg\" \/>\n\t<meta property=\"og:image:width\" content=\"1000\" \/>\n\t<meta property=\"og:image:height\" content=\"1000\" \/>\n\t<meta property=\"og:image:type\" content=\"image\/jpeg\" \/>\n<meta name=\"twitter:card\" content=\"summary_large_image\" \/>\n<meta name=\"twitter:label1\" content=\"Dur\u00e9e de lecture estim\u00e9e\" \/>\n\t<meta name=\"twitter:data1\" content=\"1 minute\" \/>\n<script type=\"application\/ld+json\" class=\"yoast-schema-graph\">{\"@context\":\"https:\/\/schema.org\",\"@graph\":[{\"@type\":\"WebPage\",\"@id\":\"https:\/\/www.hoogstra-autosport.nl\/product\/simpson-hybrid-pro-lite\/\",\"url\":\"https:\/\/www.hoogstra-autosport.nl\/product\/simpson-hybrid-pro-lite\/\",\"name\":\"Simpson Hybrid Pro Lite Carbon - Hoogstra Autosport\",\"isPartOf\":{\"@id\":\"https:\/\/www.hoogstra-autosport.nl\/#website\"},\"primaryImageOfPage\":{\"@id\":\"https:\/\/www.hoogstra-autosport.nl\/product\/simpson-hybrid-pro-lite\/#primaryimage\"},\"image\":{\"@id\":\"https:\/\/www.hoogstra-autosport.nl\/product\/simpson-hybrid-pro-lite\/#primaryimage\"},\"thumbnailUrl\":\"https:\/\/www.hoogstra-autosport.nl\/teamkoen\/wp-content\/uploads\/2023\/11\/carbonquick1.jpg\",\"datePublished\":\"2023-11-08T13:06:16+00:00\",\"dateModified\":\"2025-11-12T14:44:20+00:00\",\"breadcrumb\":{\"@id\":\"https:\/\/www.hoogstra-autosport.nl\/product\/simpson-hybrid-pro-lite\/#breadcrumb\"},\"inLanguage\":\"fr-FR\",\"potentialAction\":[{\"@type\":\"ReadAction\",\"target\":[\"https:\/\/www.hoogstra-autosport.nl\/product\/simpson-hybrid-pro-lite\/\"]}]},{\"@type\":\"ImageObject\",\"inLanguage\":\"fr-FR\",\"@id\":\"https:\/\/www.hoogstra-autosport.nl\/product\/simpson-hybrid-pro-lite\/#primaryimage\",\"url\":\"https:\/\/www.hoogstra-autosport.nl\/teamkoen\/wp-content\/uploads\/2023\/11\/carbonquick1.jpg\",\"contentUrl\":\"https:\/\/www.hoogstra-autosport.nl\/teamkoen\/wp-content\/uploads\/2023\/11\/carbonquick1.jpg\",\"width\":1000,\"height\":1000},{\"@type\":\"BreadcrumbList\",\"@id\":\"https:\/\/www.hoogstra-autosport.nl\/product\/simpson-hybrid-pro-lite\/#breadcrumb\",\"itemListElement\":[{\"@type\":\"ListItem\",\"position\":1,\"name\":\"Home\",\"item\":\"https:\/\/www.hoogstra-autosport.nl\/\"},{\"@type\":\"ListItem\",\"position\":2,\"name\":\"Uitrusting\",\"item\":\"https:\/\/www.hoogstra-autosport.nl\/product-categorie\/autosport-kleding-helmen\/\"},{\"@type\":\"ListItem\",\"position\":3,\"name\":\"H.A.N.S. &amp; Simpson Systemen\",\"item\":\"https:\/\/www.hoogstra-autosport.nl\/product-categorie\/autosport-kleding-helmen\/hans-systeem\/\"},{\"@type\":\"ListItem\",\"position\":4,\"name\":\"Simpson Hybrid\",\"item\":\"https:\/\/www.hoogstra-autosport.nl\/product-categorie\/autosport-kleding-helmen\/hans-systeem\/hybrid-hans-systeem\/\"},{\"@type\":\"ListItem\",\"position\":5,\"name\":\"Simpson Hybrid Pro Lite Carbon\"}]},{\"@type\":\"WebSite\",\"@id\":\"https:\/\/www.hoogstra-autosport.nl\/#website\",\"url\":\"https:\/\/www.hoogstra-autosport.nl\/\",\"name\":\"Hoogstra Autosport\",\"description\":\"Performance Autosport Parts!\",\"potentialAction\":[{\"@type\":\"SearchAction\",\"target\":{\"@type\":\"EntryPoint\",\"urlTemplate\":\"https:\/\/www.hoogstra-autosport.nl\/?s={search_term_string}\"},\"query-input\":{\"@type\":\"PropertyValueSpecification\",\"valueRequired\":true,\"valueName\":\"search_term_string\"}}],\"inLanguage\":\"fr-FR\"}]}<\/script>\n<!-- \/ Yoast SEO plugin. -->","yoast_head_json":{"title":"Simpson Hybrid Pro Lite Carbon - Hoogstra Autosport","robots":{"index":"index","follow":"follow","max-snippet":"max-snippet:-1","max-image-preview":"max-image-preview:large","max-video-preview":"max-video-preview:-1"},"canonical":"https:\/\/www.hoogstra-autosport.nl\/fr\/produit\/simpson-hybrid-pro-lite\/","og_locale":"fr_FR","og_type":"article","og_title":"Simpson Hybrid Pro Lite Carbon - Hoogstra Autosport","og_description":"De Simpson Hybrid Pro Lite is een extra lichte versie gemaakt van hoogwaardig koolstofvezel &#8211; de maximale symbiose tussen ergonomie, lichtheid en veiligheid. Mooi strak carbon uiterlijk ! Een bijzonder kleine en geoptimaliseerde vorm met ge\u00efntegreerde, beweegbare riemen geven de bestuurder volledige bewegingsvrijheid van het hoofd voor onbeperkt zijzicht. Geschikt voor alle zitposities. Gewicht slechts [&hellip;]","og_url":"https:\/\/www.hoogstra-autosport.nl\/fr\/produit\/simpson-hybrid-pro-lite\/","og_site_name":"Hoogstra Autosport","article_modified_time":"2025-11-12T14:44:20+00:00","og_image":[{"width":1000,"height":1000,"url":"https:\/\/www.hoogstra-autosport.nl\/teamkoen\/wp-content\/uploads\/2023\/11\/carbonquick1.jpg","type":"image\/jpeg"}],"twitter_card":"summary_large_image","twitter_misc":{"Dur\u00e9e de lecture estim\u00e9e":"1 minute"},"schema":{"@context":"https:\/\/schema.org","@graph":[{"@type":"WebPage","@id":"https:\/\/www.hoogstra-autosport.nl\/product\/simpson-hybrid-pro-lite\/","url":"https:\/\/www.hoogstra-autosport.nl\/product\/simpson-hybrid-pro-lite\/","name":"Simpson Hybrid Pro Lite Carbon - Hoogstra Autosport","isPartOf":{"@id":"https:\/\/www.hoogstra-autosport.nl\/#website"},"primaryImageOfPage":{"@id":"https:\/\/www.hoogstra-autosport.nl\/product\/simpson-hybrid-pro-lite\/#primaryimage"},"image":{"@id":"https:\/\/www.hoogstra-autosport.nl\/product\/simpson-hybrid-pro-lite\/#primaryimage"},"thumbnailUrl":"https:\/\/www.hoogstra-autosport.nl\/teamkoen\/wp-content\/uploads\/2023\/11\/carbonquick1.jpg","datePublished":"2023-11-08T13:06:16+00:00","dateModified":"2025-11-12T14:44:20+00:00","breadcrumb":{"@id":"https:\/\/www.hoogstra-autosport.nl\/product\/simpson-hybrid-pro-lite\/#breadcrumb"},"inLanguage":"fr-FR","potentialAction":[{"@type":"ReadAction","target":["https:\/\/www.hoogstra-autosport.nl\/product\/simpson-hybrid-pro-lite\/"]}]},{"@type":"ImageObject","inLanguage":"fr-FR","@id":"https:\/\/www.hoogstra-autosport.nl\/product\/simpson-hybrid-pro-lite\/#primaryimage","url":"https:\/\/www.hoogstra-autosport.nl\/teamkoen\/wp-content\/uploads\/2023\/11\/carbonquick1.jpg","contentUrl":"https:\/\/www.hoogstra-autosport.nl\/teamkoen\/wp-content\/uploads\/2023\/11\/carbonquick1.jpg","width":1000,"height":1000},{"@type":"BreadcrumbList","@id":"https:\/\/www.hoogstra-autosport.nl\/product\/simpson-hybrid-pro-lite\/#breadcrumb","itemListElement":[{"@type":"ListItem","position":1,"name":"Home","item":"https:\/\/www.hoogstra-autosport.nl\/"},{"@type":"ListItem","position":2,"name":"Uitrusting","item":"https:\/\/www.hoogstra-autosport.nl\/product-categorie\/autosport-kleding-helmen\/"},{"@type":"ListItem","position":3,"name":"H.A.N.S. &amp; Simpson Systemen","item":"https:\/\/www.hoogstra-autosport.nl\/product-categorie\/autosport-kleding-helmen\/hans-systeem\/"},{"@type":"ListItem","position":4,"name":"Simpson Hybrid","item":"https:\/\/www.hoogstra-autosport.nl\/product-categorie\/autosport-kleding-helmen\/hans-systeem\/hybrid-hans-systeem\/"},{"@type":"ListItem","position":5,"name":"Simpson Hybrid Pro Lite Carbon"}]},{"@type":"WebSite","@id":"https:\/\/www.hoogstra-autosport.nl\/#website","url":"https:\/\/www.hoogstra-autosport.nl\/","name":"Hoogstra Autosport","description":"Performance Autosport Parts!","potentialAction":[{"@type":"SearchAction","target":{"@type":"EntryPoint","urlTemplate":"https:\/\/www.hoogstra-autosport.nl\/?s={search_term_string}"},"query-input":{"@type":"PropertyValueSpecification","valueRequired":true,"valueName":"search_term_string"}}],"inLanguage":"fr-FR"}]}},"tiered_pricing_type":"fixed","tiered_pricing_fixed_rules":[],"tiered_pricing_product_settings":{"layout":"default","base_unit_name":{"singular":null,"plural":null},"default_variation":null},"tiered_pricing_minimum_quantity":null,"tiered_pricing_roles_data":[],"tiered_pricing_percentage_rules":[],"tiered_pricing_maximum_quantity":null,"tiered_pricing_quantity_step":null,"_links":{"self":[{"href":"https:\/\/www.hoogstra-autosport.nl\/fr\/wp-json\/wp\/v2\/product\/63780","targetHints":{"allow":["GET"]}}],"collection":[{"href":"https:\/\/www.hoogstra-autosport.nl\/fr\/wp-json\/wp\/v2\/product"}],"about":[{"href":"https:\/\/www.hoogstra-autosport.nl\/fr\/wp-json\/wp\/v2\/types\/product"}],"wp:featuredmedia":[{"embeddable":true,"href":"https:\/\/www.hoogstra-autosport.nl\/fr\/wp-json\/wp\/v2\/media\/92814"}],"wp:attachment":[{"href":"https:\/\/www.hoogstra-autosport.nl\/fr\/wp-json\/wp\/v2\/media?parent=63780"}],"wp:term":[{"taxonomy":"product_brand","embeddable":true,"href":"https:\/\/www.hoogstra-autosport.nl\/fr\/wp-json\/wp\/v2\/product_brand?post=63780"},{"taxonomy":"product_cat","embeddable":true,"href":"https:\/\/www.hoogstra-autosport.nl\/fr\/wp-json\/wp\/v2\/product_cat?post=63780"},{"taxonomy":"product_tag","embeddable":true,"href":"https:\/\/www.hoogstra-autosport.nl\/fr\/wp-json\/wp\/v2\/product_tag?post=63780"}],"curies":[{"name":"wp","href":"https:\/\/api.w.org\/{rel}","templated":true}]}}