{"id":63746,"date":"2023-11-08T10:36:08","date_gmt":"2023-11-08T09:36:08","guid":{"rendered":"https:\/\/www.hoogstra-autosport.nl\/?post_type=product&#038;p=63746"},"modified":"2025-12-01T09:52:28","modified_gmt":"2025-12-01T08:52:28","slug":"ebc-rp1-remblokset-achterzijde-e46-m3","status":"publish","type":"product","link":"https:\/\/www.hoogstra-autosport.nl\/fr\/produit\/ebc-rp1-remblokset-achterzijde-e46-m3\/","title":{"rendered":"EBC RP1 Jeu de plaquettes de frein arri\u00e8re E46 M3"},"content":{"rendered":"<p>Le compos\u00e9 RP-1 d'EBC Racing est un compos\u00e9 de course et de piste ultra-haute performance con\u00e7u pour les v\u00e9hicules haute performance qui roulent dur sur la piste. Con\u00e7u pour les v\u00e9hicules qui roulent dur sur circuit, le RP-1 pr\u00e9sente un niveau de friction moyen \u00e9lev\u00e9 de 0,45 entre 100 et 750\u00b0C. La caract\u00e9ristique de r\u00e9ponse plus progressive de la RP-1 la rend bien adapt\u00e9e aux v\u00e9hicules intrins\u00e8quement \"sursollicit\u00e9s\" o\u00f9 un mat\u00e9riau de plaquette plus souple est souhaitable pour permettre plus de finesse lors du freinage. Les plaquettes RP-1 offrent une excellente modulation et procurent un contr\u00f4le et une sensation sans pr\u00e9c\u00e9dent. Elles sont int\u00e9gr\u00e9es thermiquement, \u00e9liminent l'\u00e9vanouissement en d\u00e9but de vie et ont un taux d'usure extr\u00eamement faible, ce qui en fait un v\u00e9ritable trackpad \"pr\u00eat \u00e0 l'emploi\".<\/p>\n<table id=\"product-attribute-specs-table\" class=\"data table additional-attributes\">\n<tbody>\n<tr>\n<th class=\"col label\" scope=\"row\">Blok &#8211; Dikte Binnenzijde(mm)<\/th>\n<td class=\"col data\" data-th=\"Blok - Dikte Binnenzijde(mm)\">0<\/td>\n<\/tr>\n<tr>\n<th class=\"col label\" scope=\"row\">Blok &#8211; Hoogte Binnenzijde(mm)<\/th>\n<td class=\"col data\" data-th=\"Blok - Hoogte Binnenzijde(mm)\">58<\/td>\n<\/tr>\n<tr>\n<th class=\"col label\" scope=\"row\">Blok &#8211; Breedte Binnenzijde(mm)<\/th>\n<td class=\"col data\" data-th=\"Blok - Breedte Binnenzijde(mm)\">123<\/td>\n<\/tr>\n<tr>\n<th class=\"col label\" scope=\"row\">Blok &#8211; Hoogte Buitenzijde(mm)<\/th>\n<td class=\"col data\" data-th=\"Blok - Hoogte Buitenzijde(mm)\">58<\/td>\n<\/tr>\n<tr>\n<th class=\"col label\" scope=\"row\">Blok &#8211; Dikte Buitenzijde(mm)<\/th>\n<td class=\"col data\" data-th=\"Blok - Dikte Buitenzijde(mm)\">0<\/td>\n<\/tr>\n<tr>\n<th class=\"col label\" scope=\"row\">Blok &#8211; Breedte Buitenzijde(mm)<\/th>\n<td class=\"col data\" data-th=\"Blok - Breedte Buitenzijde(mm)\">123<\/td>\n<\/tr>\n<\/tbody>\n<\/table>","protected":false},"excerpt":{"rendered":"<p>De RP\u20111-compound van EBC Racing is een circuit- en racepad met ultrahoge prestaties, ontworpen voor krachtige voertuigen die hard op het circuit rijden. RP-1 is ontworpen voor voertuigen die hard op het circuit rijden en beschikt over een gemiddeld hoog wrijvingsniveau van 0,45 tussen 100 \u2013 750\u00b0C. De meer progressieve responskarakteristiek van de RP-1 maakt [&hellip;]<\/p>\n","protected":false},"featured_media":94095,"template":"","meta":{"_acf_changed":false},"product_brand":[],"product_cat":[4061],"product_tag":[],"class_list":{"0":"post-63746","1":"product","2":"type-product","3":"status-publish","4":"has-post-thumbnail","6":"product_cat-bmw-e46","7":"product_shipping_class-4016","9":"first","10":"instock","11":"sale","12":"taxable","13":"shipping-taxable","14":"purchasable","15":"product-type-simple"},"acf":[],"yoast_head":"<!-- This site is optimized with the Yoast SEO plugin v27.1.1 - https:\/\/yoast.com\/product\/yoast-seo-wordpress\/ -->\n<title>EBC RP1 Remblokset Achterzijde E46 M3 - Hoogstra Autosport<\/title>\n<meta name=\"robots\" content=\"index, follow, max-snippet:-1, max-image-preview:large, max-video-preview:-1\" \/>\n<link rel=\"canonical\" href=\"https:\/\/www.hoogstra-autosport.nl\/fr\/produit\/ebc-rp1-remblokset-achterzijde-e46-m3\/\" \/>\n<meta property=\"og:locale\" content=\"fr_FR\" \/>\n<meta property=\"og:type\" content=\"article\" \/>\n<meta property=\"og:title\" content=\"EBC RP1 Remblokset Achterzijde E46 M3 - Hoogstra Autosport\" \/>\n<meta property=\"og:description\" content=\"De RP\u20111-compound van EBC Racing is een circuit- en racepad met ultrahoge prestaties, ontworpen voor krachtige voertuigen die hard op het circuit rijden. RP-1 is ontworpen voor voertuigen die hard op het circuit rijden en beschikt over een gemiddeld hoog wrijvingsniveau van 0,45 tussen 100 \u2013 750\u00b0C. De meer progressieve responskarakteristiek van de RP-1 maakt [&hellip;]\" \/>\n<meta property=\"og:url\" content=\"https:\/\/www.hoogstra-autosport.nl\/fr\/produit\/ebc-rp1-remblokset-achterzijde-e46-m3\/\" \/>\n<meta property=\"og:site_name\" content=\"Hoogstra Autosport\" \/>\n<meta property=\"article:modified_time\" content=\"2025-12-01T08:52:28+00:00\" \/>\n<meta property=\"og:image\" content=\"https:\/\/www.hoogstra-autosport.nl\/teamkoen\/wp-content\/uploads\/2023\/11\/Untitled-Project-61.jpg\" \/>\n\t<meta property=\"og:image:width\" content=\"1080\" \/>\n\t<meta property=\"og:image:height\" content=\"1080\" \/>\n\t<meta property=\"og:image:type\" content=\"image\/jpeg\" \/>\n<meta name=\"twitter:card\" content=\"summary_large_image\" \/>\n<meta name=\"twitter:label1\" content=\"Dur\u00e9e de lecture estim\u00e9e\" \/>\n\t<meta name=\"twitter:data1\" content=\"1 minute\" \/>\n<script type=\"application\/ld+json\" class=\"yoast-schema-graph\">{\"@context\":\"https:\/\/schema.org\",\"@graph\":[{\"@type\":\"WebPage\",\"@id\":\"https:\/\/www.hoogstra-autosport.nl\/product\/ebc-rp1-remblokset-achterzijde-e46-m3\/\",\"url\":\"https:\/\/www.hoogstra-autosport.nl\/product\/ebc-rp1-remblokset-achterzijde-e46-m3\/\",\"name\":\"EBC RP1 Remblokset Achterzijde E46 M3 - Hoogstra Autosport\",\"isPartOf\":{\"@id\":\"https:\/\/www.hoogstra-autosport.nl\/#website\"},\"primaryImageOfPage\":{\"@id\":\"https:\/\/www.hoogstra-autosport.nl\/product\/ebc-rp1-remblokset-achterzijde-e46-m3\/#primaryimage\"},\"image\":{\"@id\":\"https:\/\/www.hoogstra-autosport.nl\/product\/ebc-rp1-remblokset-achterzijde-e46-m3\/#primaryimage\"},\"thumbnailUrl\":\"https:\/\/www.hoogstra-autosport.nl\/teamkoen\/wp-content\/uploads\/2023\/11\/Untitled-Project-61.jpg\",\"datePublished\":\"2023-11-08T09:36:08+00:00\",\"dateModified\":\"2025-12-01T08:52:28+00:00\",\"breadcrumb\":{\"@id\":\"https:\/\/www.hoogstra-autosport.nl\/product\/ebc-rp1-remblokset-achterzijde-e46-m3\/#breadcrumb\"},\"inLanguage\":\"fr-FR\",\"potentialAction\":[{\"@type\":\"ReadAction\",\"target\":[\"https:\/\/www.hoogstra-autosport.nl\/product\/ebc-rp1-remblokset-achterzijde-e46-m3\/\"]}]},{\"@type\":\"ImageObject\",\"inLanguage\":\"fr-FR\",\"@id\":\"https:\/\/www.hoogstra-autosport.nl\/product\/ebc-rp1-remblokset-achterzijde-e46-m3\/#primaryimage\",\"url\":\"https:\/\/www.hoogstra-autosport.nl\/teamkoen\/wp-content\/uploads\/2023\/11\/Untitled-Project-61.jpg\",\"contentUrl\":\"https:\/\/www.hoogstra-autosport.nl\/teamkoen\/wp-content\/uploads\/2023\/11\/Untitled-Project-61.jpg\",\"width\":1080,\"height\":1080},{\"@type\":\"BreadcrumbList\",\"@id\":\"https:\/\/www.hoogstra-autosport.nl\/product\/ebc-rp1-remblokset-achterzijde-e46-m3\/#breadcrumb\",\"itemListElement\":[{\"@type\":\"ListItem\",\"position\":1,\"name\":\"Home\",\"item\":\"https:\/\/www.hoogstra-autosport.nl\/\"},{\"@type\":\"ListItem\",\"position\":2,\"name\":\"Remmen\",\"item\":\"https:\/\/www.hoogstra-autosport.nl\/product-categorie\/remmen-2\/\"},{\"@type\":\"ListItem\",\"position\":3,\"name\":\"EBC Remmen\",\"item\":\"https:\/\/www.hoogstra-autosport.nl\/product-categorie\/remmen-2\/ebc-remmen\/\"},{\"@type\":\"ListItem\",\"position\":4,\"name\":\"BMW E46\",\"item\":\"https:\/\/www.hoogstra-autosport.nl\/product-categorie\/remmen-2\/ebc-remmen\/bmw-e46\/\"},{\"@type\":\"ListItem\",\"position\":5,\"name\":\"EBC RP1 Remblokset Achterzijde E46 M3\"}]},{\"@type\":\"WebSite\",\"@id\":\"https:\/\/www.hoogstra-autosport.nl\/#website\",\"url\":\"https:\/\/www.hoogstra-autosport.nl\/\",\"name\":\"Hoogstra Autosport\",\"description\":\"Performance Autosport Parts!\",\"potentialAction\":[{\"@type\":\"SearchAction\",\"target\":{\"@type\":\"EntryPoint\",\"urlTemplate\":\"https:\/\/www.hoogstra-autosport.nl\/?s={search_term_string}\"},\"query-input\":{\"@type\":\"PropertyValueSpecification\",\"valueRequired\":true,\"valueName\":\"search_term_string\"}}],\"inLanguage\":\"fr-FR\"}]}<\/script>\n<!-- \/ Yoast SEO plugin. -->","yoast_head_json":{"title":"EBC RP1 Remblokset Achterzijde E46 M3 - Hoogstra Autosport","robots":{"index":"index","follow":"follow","max-snippet":"max-snippet:-1","max-image-preview":"max-image-preview:large","max-video-preview":"max-video-preview:-1"},"canonical":"https:\/\/www.hoogstra-autosport.nl\/fr\/produit\/ebc-rp1-remblokset-achterzijde-e46-m3\/","og_locale":"fr_FR","og_type":"article","og_title":"EBC RP1 Remblokset Achterzijde E46 M3 - Hoogstra Autosport","og_description":"De RP\u20111-compound van EBC Racing is een circuit- en racepad met ultrahoge prestaties, ontworpen voor krachtige voertuigen die hard op het circuit rijden. RP-1 is ontworpen voor voertuigen die hard op het circuit rijden en beschikt over een gemiddeld hoog wrijvingsniveau van 0,45 tussen 100 \u2013 750\u00b0C. De meer progressieve responskarakteristiek van de RP-1 maakt [&hellip;]","og_url":"https:\/\/www.hoogstra-autosport.nl\/fr\/produit\/ebc-rp1-remblokset-achterzijde-e46-m3\/","og_site_name":"Hoogstra Autosport","article_modified_time":"2025-12-01T08:52:28+00:00","og_image":[{"width":1080,"height":1080,"url":"https:\/\/www.hoogstra-autosport.nl\/teamkoen\/wp-content\/uploads\/2023\/11\/Untitled-Project-61.jpg","type":"image\/jpeg"}],"twitter_card":"summary_large_image","twitter_misc":{"Dur\u00e9e de lecture estim\u00e9e":"1 minute"},"schema":{"@context":"https:\/\/schema.org","@graph":[{"@type":"WebPage","@id":"https:\/\/www.hoogstra-autosport.nl\/product\/ebc-rp1-remblokset-achterzijde-e46-m3\/","url":"https:\/\/www.hoogstra-autosport.nl\/product\/ebc-rp1-remblokset-achterzijde-e46-m3\/","name":"EBC RP1 Remblokset Achterzijde E46 M3 - Hoogstra Autosport","isPartOf":{"@id":"https:\/\/www.hoogstra-autosport.nl\/#website"},"primaryImageOfPage":{"@id":"https:\/\/www.hoogstra-autosport.nl\/product\/ebc-rp1-remblokset-achterzijde-e46-m3\/#primaryimage"},"image":{"@id":"https:\/\/www.hoogstra-autosport.nl\/product\/ebc-rp1-remblokset-achterzijde-e46-m3\/#primaryimage"},"thumbnailUrl":"https:\/\/www.hoogstra-autosport.nl\/teamkoen\/wp-content\/uploads\/2023\/11\/Untitled-Project-61.jpg","datePublished":"2023-11-08T09:36:08+00:00","dateModified":"2025-12-01T08:52:28+00:00","breadcrumb":{"@id":"https:\/\/www.hoogstra-autosport.nl\/product\/ebc-rp1-remblokset-achterzijde-e46-m3\/#breadcrumb"},"inLanguage":"fr-FR","potentialAction":[{"@type":"ReadAction","target":["https:\/\/www.hoogstra-autosport.nl\/product\/ebc-rp1-remblokset-achterzijde-e46-m3\/"]}]},{"@type":"ImageObject","inLanguage":"fr-FR","@id":"https:\/\/www.hoogstra-autosport.nl\/product\/ebc-rp1-remblokset-achterzijde-e46-m3\/#primaryimage","url":"https:\/\/www.hoogstra-autosport.nl\/teamkoen\/wp-content\/uploads\/2023\/11\/Untitled-Project-61.jpg","contentUrl":"https:\/\/www.hoogstra-autosport.nl\/teamkoen\/wp-content\/uploads\/2023\/11\/Untitled-Project-61.jpg","width":1080,"height":1080},{"@type":"BreadcrumbList","@id":"https:\/\/www.hoogstra-autosport.nl\/product\/ebc-rp1-remblokset-achterzijde-e46-m3\/#breadcrumb","itemListElement":[{"@type":"ListItem","position":1,"name":"Home","item":"https:\/\/www.hoogstra-autosport.nl\/"},{"@type":"ListItem","position":2,"name":"Remmen","item":"https:\/\/www.hoogstra-autosport.nl\/product-categorie\/remmen-2\/"},{"@type":"ListItem","position":3,"name":"EBC Remmen","item":"https:\/\/www.hoogstra-autosport.nl\/product-categorie\/remmen-2\/ebc-remmen\/"},{"@type":"ListItem","position":4,"name":"BMW E46","item":"https:\/\/www.hoogstra-autosport.nl\/product-categorie\/remmen-2\/ebc-remmen\/bmw-e46\/"},{"@type":"ListItem","position":5,"name":"EBC RP1 Remblokset Achterzijde E46 M3"}]},{"@type":"WebSite","@id":"https:\/\/www.hoogstra-autosport.nl\/#website","url":"https:\/\/www.hoogstra-autosport.nl\/","name":"Hoogstra Autosport","description":"Performance Autosport Parts!","potentialAction":[{"@type":"SearchAction","target":{"@type":"EntryPoint","urlTemplate":"https:\/\/www.hoogstra-autosport.nl\/?s={search_term_string}"},"query-input":{"@type":"PropertyValueSpecification","valueRequired":true,"valueName":"search_term_string"}}],"inLanguage":"fr-FR"}]}},"tiered_pricing_type":"fixed","tiered_pricing_fixed_rules":[],"tiered_pricing_product_settings":{"layout":"default","base_unit_name":{"singular":null,"plural":null},"default_variation":null},"tiered_pricing_minimum_quantity":null,"tiered_pricing_roles_data":[],"tiered_pricing_percentage_rules":[],"tiered_pricing_maximum_quantity":null,"tiered_pricing_quantity_step":null,"_links":{"self":[{"href":"https:\/\/www.hoogstra-autosport.nl\/fr\/wp-json\/wp\/v2\/product\/63746","targetHints":{"allow":["GET"]}}],"collection":[{"href":"https:\/\/www.hoogstra-autosport.nl\/fr\/wp-json\/wp\/v2\/product"}],"about":[{"href":"https:\/\/www.hoogstra-autosport.nl\/fr\/wp-json\/wp\/v2\/types\/product"}],"wp:featuredmedia":[{"embeddable":true,"href":"https:\/\/www.hoogstra-autosport.nl\/fr\/wp-json\/wp\/v2\/media\/94095"}],"wp:attachment":[{"href":"https:\/\/www.hoogstra-autosport.nl\/fr\/wp-json\/wp\/v2\/media?parent=63746"}],"wp:term":[{"taxonomy":"product_brand","embeddable":true,"href":"https:\/\/www.hoogstra-autosport.nl\/fr\/wp-json\/wp\/v2\/product_brand?post=63746"},{"taxonomy":"product_cat","embeddable":true,"href":"https:\/\/www.hoogstra-autosport.nl\/fr\/wp-json\/wp\/v2\/product_cat?post=63746"},{"taxonomy":"product_tag","embeddable":true,"href":"https:\/\/www.hoogstra-autosport.nl\/fr\/wp-json\/wp\/v2\/product_tag?post=63746"}],"curies":[{"name":"wp","href":"https:\/\/api.w.org\/{rel}","templated":true}]}}