{"id":63708,"date":"2023-11-08T09:17:32","date_gmt":"2023-11-08T08:17:32","guid":{"rendered":"https:\/\/www.hoogstra-autosport.nl\/?post_type=product&#038;p=63708"},"modified":"2025-12-01T10:05:10","modified_gmt":"2025-12-01T09:05:10","slug":"ebc-ultimax-remschijf-voorzijde-e30","status":"publish","type":"product","link":"https:\/\/www.hoogstra-autosport.nl\/fr\/produit\/ebc-ultimax-remschijf-voorzijde-e30\/","title":{"rendered":"EBC Ultimax Brake Disc Front E30"},"content":{"rendered":"<p>EBC produit la gamme Ultimax de disques de frein de haute qualit\u00e9. La conception des rainures plus \u00e9troites du disque de frein sport Ultimax et l'angle progressif auquel les rainures sont frais\u00e9es dans le disque en font un disque sport silencieux qui pr\u00e9sente l'avantage d'\u00e9liminer les gaz, la salet\u00e9, l'eau et la poussi\u00e8re et d'assurer une usure parall\u00e8le des plaquettes de frein. Les disques de frein EBC Ultimax sont rev\u00eatus d'une couche de poudre noire pour \u00e9viter la corrosion. La conception rainur\u00e9e des disques Ultimax permet de cr\u00e9er une friction entre le disque et le bloc. Ce frottement am\u00e9liore l'adh\u00e9rence et r\u00e9duit la distance de freinage.<\/p>\n<table id=\"product-attribute-specs-table\" class=\"data table additional-attributes\">\n<tbody>\n<tr>\n<th class=\"col label\" scope=\"row\">Schijf &#8211; Aantal Boutgaten<\/th>\n<td class=\"col data\" data-th=\"Schijf - Aantal Boutgaten\">4,00<\/td>\n<\/tr>\n<tr>\n<th class=\"col label\" scope=\"row\">Schijf &#8211; Diameter(mm)<\/th>\n<td class=\"col data\" data-th=\"Schijf - Diameter(mm)\">260<\/td>\n<\/tr>\n<tr>\n<th class=\"col label\" scope=\"row\">Schijf &#8211; Oppervlakte Afwerking<\/th>\n<td class=\"col data\" data-th=\"Schijf - Oppervlakte Afwerking\">Recht Gegroefd<\/td>\n<\/tr>\n<tr>\n<th class=\"col label\" scope=\"row\">Schijf &#8211; Hoogte(mm)<\/th>\n<td class=\"col data\" data-th=\"Schijf - Hoogte(mm)\">36<\/td>\n<\/tr>\n<tr>\n<th class=\"col label\" scope=\"row\">Schijf &#8211; Constructie<\/th>\n<td class=\"col data\" data-th=\"Schijf - Constructie\">1-Delig<\/td>\n<\/tr>\n<tr>\n<th class=\"col label\" scope=\"row\">Schijf &#8211; Zijde<\/th>\n<td class=\"col data\" data-th=\"Schijf - Zijde\">Links\/Rechts<\/td>\n<\/tr>\n<tr>\n<th class=\"col label\" scope=\"row\">Schijf &#8211; Maximale Dikte<\/th>\n<td class=\"col data\" data-th=\"Schijf - Maximale Dikte\">22<\/td>\n<\/tr>\n<tr>\n<th class=\"col label\" scope=\"row\">Schijf &#8211; Minimale Dikte<\/th>\n<td class=\"col data\" data-th=\"Schijf - Minimale Dikte\">21<\/td>\n<\/tr>\n<tr>\n<th class=\"col label\" scope=\"row\">Schijf &#8211; Ventilatietype<\/th>\n<td class=\"col data\" data-th=\"Schijf - Ventilatietype\">Rechte Koelvin<\/td>\n<\/tr>\n<tr>\n<th class=\"col label\" scope=\"row\">Schijf &#8211; Type<\/th>\n<td class=\"col data\" data-th=\"Schijf - Type\">Geventileerd<\/td>\n<\/tr>\n<tr>\n<th class=\"col label\" scope=\"row\">Schijf &#8211; Kwaliteitsklasse<\/th>\n<td class=\"col data\" data-th=\"Schijf - Kwaliteitsklasse\">Prime<\/td>\n<\/tr>\n<tr>\n<th class=\"col label\" scope=\"row\">Mat\u00e9riau<\/th>\n<td class=\"col data\" data-th=\"Materiaal\">Gietijzer<\/td>\n<\/tr>\n<tr>\n<th class=\"col label\" scope=\"row\">Verpakking &#8211; Inhoud<\/th>\n<td class=\"col data\" data-th=\"Verpakking - Inhoud\">2 Remschijven<\/td>\n<\/tr>\n<\/tbody>\n<\/table>\n<p>&nbsp;<\/p>","protected":false},"excerpt":{"rendered":"<p>EBC produceert de Ultimax range met hoge kwaliteit remschijven. Het smallere groef ontwerp van de Ultimax sport remschijf en de progressieve hoek waaronder de groeven in de schijf zijn gefreesd, zorgt voor een stille sport schijf dat wel de voordelen van het verwijderen van gas, vuil, water en stof heeft en zorgt voor parallelle slijtage [&hellip;]<\/p>\n","protected":false},"featured_media":94092,"template":"","meta":{"_acf_changed":false},"product_brand":[],"product_cat":[4059],"product_tag":[],"class_list":{"0":"post-63708","1":"product","2":"type-product","3":"status-publish","4":"has-post-thumbnail","6":"product_cat-bmw-e30","7":"product_shipping_class-4016","9":"first","10":"instock","11":"taxable","12":"shipping-taxable","13":"purchasable","14":"product-type-simple"},"acf":[],"yoast_head":"<!-- This site is optimized with the Yoast SEO plugin v27.1.1 - https:\/\/yoast.com\/product\/yoast-seo-wordpress\/ -->\n<title>EBC Ultimax Remschijf Voorzijde E30 - Hoogstra Autosport<\/title>\n<meta name=\"robots\" content=\"index, follow, max-snippet:-1, max-image-preview:large, max-video-preview:-1\" \/>\n<link rel=\"canonical\" href=\"https:\/\/www.hoogstra-autosport.nl\/fr\/produit\/ebc-ultimax-remschijf-voorzijde-e30\/\" \/>\n<meta property=\"og:locale\" content=\"fr_FR\" \/>\n<meta property=\"og:type\" content=\"article\" \/>\n<meta property=\"og:title\" content=\"EBC Ultimax Remschijf Voorzijde E30 - Hoogstra Autosport\" \/>\n<meta property=\"og:description\" content=\"EBC produceert de Ultimax range met hoge kwaliteit remschijven. Het smallere groef ontwerp van de Ultimax sport remschijf en de progressieve hoek waaronder de groeven in de schijf zijn gefreesd, zorgt voor een stille sport schijf dat wel de voordelen van het verwijderen van gas, vuil, water en stof heeft en zorgt voor parallelle slijtage [&hellip;]\" \/>\n<meta property=\"og:url\" content=\"https:\/\/www.hoogstra-autosport.nl\/fr\/produit\/ebc-ultimax-remschijf-voorzijde-e30\/\" \/>\n<meta property=\"og:site_name\" content=\"Hoogstra Autosport\" \/>\n<meta property=\"article:modified_time\" content=\"2025-12-01T09:05:10+00:00\" \/>\n<meta property=\"og:image\" content=\"https:\/\/www.hoogstra-autosport.nl\/teamkoen\/wp-content\/uploads\/2023\/11\/Untitled-Project-58-1.jpg\" \/>\n\t<meta property=\"og:image:width\" content=\"1080\" \/>\n\t<meta property=\"og:image:height\" content=\"1080\" \/>\n\t<meta property=\"og:image:type\" content=\"image\/jpeg\" \/>\n<meta name=\"twitter:card\" content=\"summary_large_image\" \/>\n<meta name=\"twitter:label1\" content=\"Dur\u00e9e de lecture estim\u00e9e\" \/>\n\t<meta name=\"twitter:data1\" content=\"1 minute\" \/>\n<script type=\"application\/ld+json\" class=\"yoast-schema-graph\">{\"@context\":\"https:\/\/schema.org\",\"@graph\":[{\"@type\":\"WebPage\",\"@id\":\"https:\/\/www.hoogstra-autosport.nl\/product\/ebc-ultimax-remschijf-voorzijde-e30\/\",\"url\":\"https:\/\/www.hoogstra-autosport.nl\/product\/ebc-ultimax-remschijf-voorzijde-e30\/\",\"name\":\"EBC Ultimax Remschijf Voorzijde E30 - Hoogstra Autosport\",\"isPartOf\":{\"@id\":\"https:\/\/www.hoogstra-autosport.nl\/#website\"},\"primaryImageOfPage\":{\"@id\":\"https:\/\/www.hoogstra-autosport.nl\/product\/ebc-ultimax-remschijf-voorzijde-e30\/#primaryimage\"},\"image\":{\"@id\":\"https:\/\/www.hoogstra-autosport.nl\/product\/ebc-ultimax-remschijf-voorzijde-e30\/#primaryimage\"},\"thumbnailUrl\":\"https:\/\/www.hoogstra-autosport.nl\/teamkoen\/wp-content\/uploads\/2023\/11\/Untitled-Project-58-1.jpg\",\"datePublished\":\"2023-11-08T08:17:32+00:00\",\"dateModified\":\"2025-12-01T09:05:10+00:00\",\"breadcrumb\":{\"@id\":\"https:\/\/www.hoogstra-autosport.nl\/product\/ebc-ultimax-remschijf-voorzijde-e30\/#breadcrumb\"},\"inLanguage\":\"fr-FR\",\"potentialAction\":[{\"@type\":\"ReadAction\",\"target\":[\"https:\/\/www.hoogstra-autosport.nl\/product\/ebc-ultimax-remschijf-voorzijde-e30\/\"]}]},{\"@type\":\"ImageObject\",\"inLanguage\":\"fr-FR\",\"@id\":\"https:\/\/www.hoogstra-autosport.nl\/product\/ebc-ultimax-remschijf-voorzijde-e30\/#primaryimage\",\"url\":\"https:\/\/www.hoogstra-autosport.nl\/teamkoen\/wp-content\/uploads\/2023\/11\/Untitled-Project-58-1.jpg\",\"contentUrl\":\"https:\/\/www.hoogstra-autosport.nl\/teamkoen\/wp-content\/uploads\/2023\/11\/Untitled-Project-58-1.jpg\",\"width\":1080,\"height\":1080},{\"@type\":\"BreadcrumbList\",\"@id\":\"https:\/\/www.hoogstra-autosport.nl\/product\/ebc-ultimax-remschijf-voorzijde-e30\/#breadcrumb\",\"itemListElement\":[{\"@type\":\"ListItem\",\"position\":1,\"name\":\"Home\",\"item\":\"https:\/\/www.hoogstra-autosport.nl\/\"},{\"@type\":\"ListItem\",\"position\":2,\"name\":\"Remmen\",\"item\":\"https:\/\/www.hoogstra-autosport.nl\/product-categorie\/remmen-2\/\"},{\"@type\":\"ListItem\",\"position\":3,\"name\":\"EBC Remmen\",\"item\":\"https:\/\/www.hoogstra-autosport.nl\/product-categorie\/remmen-2\/ebc-remmen\/\"},{\"@type\":\"ListItem\",\"position\":4,\"name\":\"BMW E30\",\"item\":\"https:\/\/www.hoogstra-autosport.nl\/product-categorie\/remmen-2\/ebc-remmen\/bmw-e30\/\"},{\"@type\":\"ListItem\",\"position\":5,\"name\":\"EBC Ultimax Remschijf Voorzijde E30\"}]},{\"@type\":\"WebSite\",\"@id\":\"https:\/\/www.hoogstra-autosport.nl\/#website\",\"url\":\"https:\/\/www.hoogstra-autosport.nl\/\",\"name\":\"Hoogstra Autosport\",\"description\":\"Performance Autosport Parts!\",\"potentialAction\":[{\"@type\":\"SearchAction\",\"target\":{\"@type\":\"EntryPoint\",\"urlTemplate\":\"https:\/\/www.hoogstra-autosport.nl\/?s={search_term_string}\"},\"query-input\":{\"@type\":\"PropertyValueSpecification\",\"valueRequired\":true,\"valueName\":\"search_term_string\"}}],\"inLanguage\":\"fr-FR\"}]}<\/script>\n<!-- \/ Yoast SEO plugin. -->","yoast_head_json":{"title":"EBC Ultimax Remschijf Voorzijde E30 - Hoogstra Autosport","robots":{"index":"index","follow":"follow","max-snippet":"max-snippet:-1","max-image-preview":"max-image-preview:large","max-video-preview":"max-video-preview:-1"},"canonical":"https:\/\/www.hoogstra-autosport.nl\/fr\/produit\/ebc-ultimax-remschijf-voorzijde-e30\/","og_locale":"fr_FR","og_type":"article","og_title":"EBC Ultimax Remschijf Voorzijde E30 - Hoogstra Autosport","og_description":"EBC produceert de Ultimax range met hoge kwaliteit remschijven. Het smallere groef ontwerp van de Ultimax sport remschijf en de progressieve hoek waaronder de groeven in de schijf zijn gefreesd, zorgt voor een stille sport schijf dat wel de voordelen van het verwijderen van gas, vuil, water en stof heeft en zorgt voor parallelle slijtage [&hellip;]","og_url":"https:\/\/www.hoogstra-autosport.nl\/fr\/produit\/ebc-ultimax-remschijf-voorzijde-e30\/","og_site_name":"Hoogstra Autosport","article_modified_time":"2025-12-01T09:05:10+00:00","og_image":[{"width":1080,"height":1080,"url":"https:\/\/www.hoogstra-autosport.nl\/teamkoen\/wp-content\/uploads\/2023\/11\/Untitled-Project-58-1.jpg","type":"image\/jpeg"}],"twitter_card":"summary_large_image","twitter_misc":{"Dur\u00e9e de lecture estim\u00e9e":"1 minute"},"schema":{"@context":"https:\/\/schema.org","@graph":[{"@type":"WebPage","@id":"https:\/\/www.hoogstra-autosport.nl\/product\/ebc-ultimax-remschijf-voorzijde-e30\/","url":"https:\/\/www.hoogstra-autosport.nl\/product\/ebc-ultimax-remschijf-voorzijde-e30\/","name":"EBC Ultimax Remschijf Voorzijde E30 - Hoogstra Autosport","isPartOf":{"@id":"https:\/\/www.hoogstra-autosport.nl\/#website"},"primaryImageOfPage":{"@id":"https:\/\/www.hoogstra-autosport.nl\/product\/ebc-ultimax-remschijf-voorzijde-e30\/#primaryimage"},"image":{"@id":"https:\/\/www.hoogstra-autosport.nl\/product\/ebc-ultimax-remschijf-voorzijde-e30\/#primaryimage"},"thumbnailUrl":"https:\/\/www.hoogstra-autosport.nl\/teamkoen\/wp-content\/uploads\/2023\/11\/Untitled-Project-58-1.jpg","datePublished":"2023-11-08T08:17:32+00:00","dateModified":"2025-12-01T09:05:10+00:00","breadcrumb":{"@id":"https:\/\/www.hoogstra-autosport.nl\/product\/ebc-ultimax-remschijf-voorzijde-e30\/#breadcrumb"},"inLanguage":"fr-FR","potentialAction":[{"@type":"ReadAction","target":["https:\/\/www.hoogstra-autosport.nl\/product\/ebc-ultimax-remschijf-voorzijde-e30\/"]}]},{"@type":"ImageObject","inLanguage":"fr-FR","@id":"https:\/\/www.hoogstra-autosport.nl\/product\/ebc-ultimax-remschijf-voorzijde-e30\/#primaryimage","url":"https:\/\/www.hoogstra-autosport.nl\/teamkoen\/wp-content\/uploads\/2023\/11\/Untitled-Project-58-1.jpg","contentUrl":"https:\/\/www.hoogstra-autosport.nl\/teamkoen\/wp-content\/uploads\/2023\/11\/Untitled-Project-58-1.jpg","width":1080,"height":1080},{"@type":"BreadcrumbList","@id":"https:\/\/www.hoogstra-autosport.nl\/product\/ebc-ultimax-remschijf-voorzijde-e30\/#breadcrumb","itemListElement":[{"@type":"ListItem","position":1,"name":"Home","item":"https:\/\/www.hoogstra-autosport.nl\/"},{"@type":"ListItem","position":2,"name":"Remmen","item":"https:\/\/www.hoogstra-autosport.nl\/product-categorie\/remmen-2\/"},{"@type":"ListItem","position":3,"name":"EBC Remmen","item":"https:\/\/www.hoogstra-autosport.nl\/product-categorie\/remmen-2\/ebc-remmen\/"},{"@type":"ListItem","position":4,"name":"BMW E30","item":"https:\/\/www.hoogstra-autosport.nl\/product-categorie\/remmen-2\/ebc-remmen\/bmw-e30\/"},{"@type":"ListItem","position":5,"name":"EBC Ultimax Remschijf Voorzijde E30"}]},{"@type":"WebSite","@id":"https:\/\/www.hoogstra-autosport.nl\/#website","url":"https:\/\/www.hoogstra-autosport.nl\/","name":"Hoogstra Autosport","description":"Performance Autosport Parts!","potentialAction":[{"@type":"SearchAction","target":{"@type":"EntryPoint","urlTemplate":"https:\/\/www.hoogstra-autosport.nl\/?s={search_term_string}"},"query-input":{"@type":"PropertyValueSpecification","valueRequired":true,"valueName":"search_term_string"}}],"inLanguage":"fr-FR"}]}},"tiered_pricing_type":"fixed","tiered_pricing_fixed_rules":[],"tiered_pricing_product_settings":{"layout":"default","base_unit_name":{"singular":null,"plural":null},"default_variation":null},"tiered_pricing_minimum_quantity":null,"tiered_pricing_roles_data":[],"tiered_pricing_percentage_rules":[],"tiered_pricing_maximum_quantity":null,"tiered_pricing_quantity_step":null,"_links":{"self":[{"href":"https:\/\/www.hoogstra-autosport.nl\/fr\/wp-json\/wp\/v2\/product\/63708","targetHints":{"allow":["GET"]}}],"collection":[{"href":"https:\/\/www.hoogstra-autosport.nl\/fr\/wp-json\/wp\/v2\/product"}],"about":[{"href":"https:\/\/www.hoogstra-autosport.nl\/fr\/wp-json\/wp\/v2\/types\/product"}],"wp:featuredmedia":[{"embeddable":true,"href":"https:\/\/www.hoogstra-autosport.nl\/fr\/wp-json\/wp\/v2\/media\/94092"}],"wp:attachment":[{"href":"https:\/\/www.hoogstra-autosport.nl\/fr\/wp-json\/wp\/v2\/media?parent=63708"}],"wp:term":[{"taxonomy":"product_brand","embeddable":true,"href":"https:\/\/www.hoogstra-autosport.nl\/fr\/wp-json\/wp\/v2\/product_brand?post=63708"},{"taxonomy":"product_cat","embeddable":true,"href":"https:\/\/www.hoogstra-autosport.nl\/fr\/wp-json\/wp\/v2\/product_cat?post=63708"},{"taxonomy":"product_tag","embeddable":true,"href":"https:\/\/www.hoogstra-autosport.nl\/fr\/wp-json\/wp\/v2\/product_tag?post=63708"}],"curies":[{"name":"wp","href":"https:\/\/api.w.org\/{rel}","templated":true}]}}