{"id":63457,"date":"2023-11-02T09:37:22","date_gmt":"2023-11-02T08:37:22","guid":{"rendered":"https:\/\/www.hoogstra-autosport.nl\/?post_type=product&#038;p=63457"},"modified":"2024-02-29T11:17:05","modified_gmt":"2024-02-29T10:17:05","slug":"100-armega-forecast-kit-glazen","status":"publish","type":"product","link":"https:\/\/www.hoogstra-autosport.nl\/fr\/produit\/100-armega-forecast-kit-glazen\/","title":{"rendered":"100% Armega ForeCast Kit Glasses"},"content":{"rendered":"<p>Lentille de remplacement pour les lunettes de protection 100% Armega cross avec syst\u00e8me Forecast roll-off.<\/p>\n<p>&nbsp;<\/p>\n<p>Disponible en 4 options :<\/p>\n<ul>\n<li>Lentille unique fonc\u00e9e<\/li>\n<li>Lentille unique transparente<\/li>\n<li>Double lentille fonc\u00e9e<\/li>\n<li>Double lentille transparente<\/li>\n<\/ul>\n<p>&nbsp;<\/p>\n<p>Les lentilles fonc\u00e9es sont parfaites pour les jours de fort ensoleillement, elles fonctionnent comme des lunettes de soleil.<\/p>\n<p>Les verres translucides sont principalement utilis\u00e9s lorsque le soleil ne brille pas.<\/p>\n<p>&nbsp;<\/p>\n<p>Les doubles lentilles offrent une protection suppl\u00e9mentaire contre la bu\u00e9e gr\u00e2ce \u00e0 l'isolation suppl\u00e9mentaire.<\/p>","protected":false},"excerpt":{"rendered":"<p>Vervanging lens voor de 100% Armega crossbril met Forecast roll-off systeem. &nbsp; Verkrijgbaar in 4 opties: Donkere enkele lens Doorzichtige enkele lens Donkere dubbele lens Doorzichtige dubbele lens &nbsp; Donkere lenzen zijn perfect voor dagen met fel zonlicht, het werkt als een zonnebril. Doorzichtige lenzen worden voornamelijk gebruikt als de zon niet schijnt. &nbsp; De [&hellip;]<\/p>\n","protected":false},"featured_media":63458,"template":"","meta":{"_acf_changed":false},"product_brand":[],"product_cat":[4180],"product_tag":[],"class_list":{"0":"post-63457","1":"product","2":"type-product","3":"status-publish","4":"has-post-thumbnail","6":"product_cat-100-brillen-delen","7":"product_shipping_class-4016","9":"first","10":"instock","11":"taxable","12":"shipping-taxable","13":"purchasable","14":"product-type-variable"},"acf":[],"yoast_head":"<!-- This site is optimized with the Yoast SEO plugin v27.1.1 - https:\/\/yoast.com\/product\/yoast-seo-wordpress\/ -->\n<title>100% Armega ForeCast Kit Glazen - Hoogstra Autosport<\/title>\n<meta name=\"robots\" content=\"index, follow, max-snippet:-1, max-image-preview:large, max-video-preview:-1\" \/>\n<link rel=\"canonical\" href=\"https:\/\/www.hoogstra-autosport.nl\/fr\/produit\/100-armega-forecast-kit-glazen\/\" \/>\n<meta property=\"og:locale\" content=\"fr_FR\" \/>\n<meta property=\"og:type\" content=\"article\" \/>\n<meta property=\"og:title\" content=\"100% Armega ForeCast Kit Glazen - Hoogstra Autosport\" \/>\n<meta property=\"og:description\" content=\"Vervanging lens voor de 100% Armega crossbril met Forecast roll-off systeem. &nbsp; Verkrijgbaar in 4 opties: Donkere enkele lens Doorzichtige enkele lens Donkere dubbele lens Doorzichtige dubbele lens &nbsp; Donkere lenzen zijn perfect voor dagen met fel zonlicht, het werkt als een zonnebril. Doorzichtige lenzen worden voornamelijk gebruikt als de zon niet schijnt. &nbsp; De [&hellip;]\" \/>\n<meta property=\"og:url\" content=\"https:\/\/www.hoogstra-autosport.nl\/fr\/produit\/100-armega-forecast-kit-glazen\/\" \/>\n<meta property=\"og:site_name\" content=\"Hoogstra Autosport\" \/>\n<meta property=\"article:modified_time\" content=\"2024-02-29T10:17:05+00:00\" \/>\n<meta property=\"og:image\" content=\"https:\/\/hoogstra-autosport.nl\/teamkoen\/content\/uploads\/2023\/11\/100-one-51222-901-06.jpg\" \/>\n\t<meta property=\"og:image:width\" content=\"720\" \/>\n\t<meta property=\"og:image:height\" content=\"720\" \/>\n\t<meta property=\"og:image:type\" content=\"image\/jpeg\" \/>\n<meta name=\"twitter:card\" content=\"summary_large_image\" \/>\n<script type=\"application\/ld+json\" class=\"yoast-schema-graph\">{\"@context\":\"https:\/\/schema.org\",\"@graph\":[{\"@type\":\"WebPage\",\"@id\":\"https:\/\/www.hoogstra-autosport.nl\/product\/100-armega-forecast-kit-glazen\/\",\"url\":\"https:\/\/www.hoogstra-autosport.nl\/product\/100-armega-forecast-kit-glazen\/\",\"name\":\"100% Armega ForeCast Kit Glazen - Hoogstra Autosport\",\"isPartOf\":{\"@id\":\"https:\/\/www.hoogstra-autosport.nl\/#website\"},\"primaryImageOfPage\":{\"@id\":\"https:\/\/www.hoogstra-autosport.nl\/product\/100-armega-forecast-kit-glazen\/#primaryimage\"},\"image\":{\"@id\":\"https:\/\/www.hoogstra-autosport.nl\/product\/100-armega-forecast-kit-glazen\/#primaryimage\"},\"thumbnailUrl\":\"https:\/\/www.hoogstra-autosport.nl\/teamkoen\/wp-content\/uploads\/2023\/11\/100-one-51222-901-06.jpg\",\"datePublished\":\"2023-11-02T08:37:22+00:00\",\"dateModified\":\"2024-02-29T10:17:05+00:00\",\"breadcrumb\":{\"@id\":\"https:\/\/www.hoogstra-autosport.nl\/product\/100-armega-forecast-kit-glazen\/#breadcrumb\"},\"inLanguage\":\"fr-FR\",\"potentialAction\":[{\"@type\":\"ReadAction\",\"target\":[\"https:\/\/www.hoogstra-autosport.nl\/product\/100-armega-forecast-kit-glazen\/\"]}]},{\"@type\":\"ImageObject\",\"inLanguage\":\"fr-FR\",\"@id\":\"https:\/\/www.hoogstra-autosport.nl\/product\/100-armega-forecast-kit-glazen\/#primaryimage\",\"url\":\"https:\/\/www.hoogstra-autosport.nl\/teamkoen\/wp-content\/uploads\/2023\/11\/100-one-51222-901-06.jpg\",\"contentUrl\":\"https:\/\/www.hoogstra-autosport.nl\/teamkoen\/wp-content\/uploads\/2023\/11\/100-one-51222-901-06.jpg\",\"width\":720,\"height\":720},{\"@type\":\"BreadcrumbList\",\"@id\":\"https:\/\/www.hoogstra-autosport.nl\/product\/100-armega-forecast-kit-glazen\/#breadcrumb\",\"itemListElement\":[{\"@type\":\"ListItem\",\"position\":1,\"name\":\"Home\",\"item\":\"https:\/\/www.hoogstra-autosport.nl\/\"},{\"@type\":\"ListItem\",\"position\":2,\"name\":\"Uitrusting\",\"item\":\"https:\/\/www.hoogstra-autosport.nl\/product-categorie\/autosport-kleding-helmen\/\"},{\"@type\":\"ListItem\",\"position\":3,\"name\":\"Crossbrillen\",\"item\":\"https:\/\/www.hoogstra-autosport.nl\/product-categorie\/autosport-kleding-helmen\/crossbrillen\/\"},{\"@type\":\"ListItem\",\"position\":4,\"name\":\"100% Brillen &amp; Delen\",\"item\":\"https:\/\/www.hoogstra-autosport.nl\/product-categorie\/autosport-kleding-helmen\/crossbrillen\/100-brillen-delen\/\"},{\"@type\":\"ListItem\",\"position\":5,\"name\":\"100% Armega ForeCast Kit Glazen\"}]},{\"@type\":\"WebSite\",\"@id\":\"https:\/\/www.hoogstra-autosport.nl\/#website\",\"url\":\"https:\/\/www.hoogstra-autosport.nl\/\",\"name\":\"Hoogstra Autosport\",\"description\":\"Performance Autosport Parts!\",\"potentialAction\":[{\"@type\":\"SearchAction\",\"target\":{\"@type\":\"EntryPoint\",\"urlTemplate\":\"https:\/\/www.hoogstra-autosport.nl\/?s={search_term_string}\"},\"query-input\":{\"@type\":\"PropertyValueSpecification\",\"valueRequired\":true,\"valueName\":\"search_term_string\"}}],\"inLanguage\":\"fr-FR\"}]}<\/script>\n<!-- \/ Yoast SEO plugin. -->","yoast_head_json":{"title":"100% Armega ForeCast Kit Glazen - Hoogstra Autosport","robots":{"index":"index","follow":"follow","max-snippet":"max-snippet:-1","max-image-preview":"max-image-preview:large","max-video-preview":"max-video-preview:-1"},"canonical":"https:\/\/www.hoogstra-autosport.nl\/fr\/produit\/100-armega-forecast-kit-glazen\/","og_locale":"fr_FR","og_type":"article","og_title":"100% Armega ForeCast Kit Glazen - Hoogstra Autosport","og_description":"Vervanging lens voor de 100% Armega crossbril met Forecast roll-off systeem. &nbsp; Verkrijgbaar in 4 opties: Donkere enkele lens Doorzichtige enkele lens Donkere dubbele lens Doorzichtige dubbele lens &nbsp; Donkere lenzen zijn perfect voor dagen met fel zonlicht, het werkt als een zonnebril. Doorzichtige lenzen worden voornamelijk gebruikt als de zon niet schijnt. &nbsp; De [&hellip;]","og_url":"https:\/\/www.hoogstra-autosport.nl\/fr\/produit\/100-armega-forecast-kit-glazen\/","og_site_name":"Hoogstra Autosport","article_modified_time":"2024-02-29T10:17:05+00:00","og_image":[{"width":720,"height":720,"url":"https:\/\/hoogstra-autosport.nl\/teamkoen\/content\/uploads\/2023\/11\/100-one-51222-901-06.jpg","type":"image\/jpeg"}],"twitter_card":"summary_large_image","schema":{"@context":"https:\/\/schema.org","@graph":[{"@type":"WebPage","@id":"https:\/\/www.hoogstra-autosport.nl\/product\/100-armega-forecast-kit-glazen\/","url":"https:\/\/www.hoogstra-autosport.nl\/product\/100-armega-forecast-kit-glazen\/","name":"100% Armega ForeCast Kit Glazen - Hoogstra Autosport","isPartOf":{"@id":"https:\/\/www.hoogstra-autosport.nl\/#website"},"primaryImageOfPage":{"@id":"https:\/\/www.hoogstra-autosport.nl\/product\/100-armega-forecast-kit-glazen\/#primaryimage"},"image":{"@id":"https:\/\/www.hoogstra-autosport.nl\/product\/100-armega-forecast-kit-glazen\/#primaryimage"},"thumbnailUrl":"https:\/\/www.hoogstra-autosport.nl\/teamkoen\/wp-content\/uploads\/2023\/11\/100-one-51222-901-06.jpg","datePublished":"2023-11-02T08:37:22+00:00","dateModified":"2024-02-29T10:17:05+00:00","breadcrumb":{"@id":"https:\/\/www.hoogstra-autosport.nl\/product\/100-armega-forecast-kit-glazen\/#breadcrumb"},"inLanguage":"fr-FR","potentialAction":[{"@type":"ReadAction","target":["https:\/\/www.hoogstra-autosport.nl\/product\/100-armega-forecast-kit-glazen\/"]}]},{"@type":"ImageObject","inLanguage":"fr-FR","@id":"https:\/\/www.hoogstra-autosport.nl\/product\/100-armega-forecast-kit-glazen\/#primaryimage","url":"https:\/\/www.hoogstra-autosport.nl\/teamkoen\/wp-content\/uploads\/2023\/11\/100-one-51222-901-06.jpg","contentUrl":"https:\/\/www.hoogstra-autosport.nl\/teamkoen\/wp-content\/uploads\/2023\/11\/100-one-51222-901-06.jpg","width":720,"height":720},{"@type":"BreadcrumbList","@id":"https:\/\/www.hoogstra-autosport.nl\/product\/100-armega-forecast-kit-glazen\/#breadcrumb","itemListElement":[{"@type":"ListItem","position":1,"name":"Home","item":"https:\/\/www.hoogstra-autosport.nl\/"},{"@type":"ListItem","position":2,"name":"Uitrusting","item":"https:\/\/www.hoogstra-autosport.nl\/product-categorie\/autosport-kleding-helmen\/"},{"@type":"ListItem","position":3,"name":"Crossbrillen","item":"https:\/\/www.hoogstra-autosport.nl\/product-categorie\/autosport-kleding-helmen\/crossbrillen\/"},{"@type":"ListItem","position":4,"name":"100% Brillen &amp; Delen","item":"https:\/\/www.hoogstra-autosport.nl\/product-categorie\/autosport-kleding-helmen\/crossbrillen\/100-brillen-delen\/"},{"@type":"ListItem","position":5,"name":"100% Armega ForeCast Kit Glazen"}]},{"@type":"WebSite","@id":"https:\/\/www.hoogstra-autosport.nl\/#website","url":"https:\/\/www.hoogstra-autosport.nl\/","name":"Hoogstra Autosport","description":"Performance Autosport Parts!","potentialAction":[{"@type":"SearchAction","target":{"@type":"EntryPoint","urlTemplate":"https:\/\/www.hoogstra-autosport.nl\/?s={search_term_string}"},"query-input":{"@type":"PropertyValueSpecification","valueRequired":true,"valueName":"search_term_string"}}],"inLanguage":"fr-FR"}]}},"tiered_pricing_type":"fixed","tiered_pricing_fixed_rules":[],"tiered_pricing_product_settings":{"layout":"default","base_unit_name":{"singular":null,"plural":null},"default_variation":null},"tiered_pricing_minimum_quantity":null,"tiered_pricing_roles_data":[],"tiered_pricing_percentage_rules":[],"tiered_pricing_maximum_quantity":null,"tiered_pricing_quantity_step":null,"_links":{"self":[{"href":"https:\/\/www.hoogstra-autosport.nl\/fr\/wp-json\/wp\/v2\/product\/63457","targetHints":{"allow":["GET"]}}],"collection":[{"href":"https:\/\/www.hoogstra-autosport.nl\/fr\/wp-json\/wp\/v2\/product"}],"about":[{"href":"https:\/\/www.hoogstra-autosport.nl\/fr\/wp-json\/wp\/v2\/types\/product"}],"wp:featuredmedia":[{"embeddable":true,"href":"https:\/\/www.hoogstra-autosport.nl\/fr\/wp-json\/wp\/v2\/media\/63458"}],"wp:attachment":[{"href":"https:\/\/www.hoogstra-autosport.nl\/fr\/wp-json\/wp\/v2\/media?parent=63457"}],"wp:term":[{"taxonomy":"product_brand","embeddable":true,"href":"https:\/\/www.hoogstra-autosport.nl\/fr\/wp-json\/wp\/v2\/product_brand?post=63457"},{"taxonomy":"product_cat","embeddable":true,"href":"https:\/\/www.hoogstra-autosport.nl\/fr\/wp-json\/wp\/v2\/product_cat?post=63457"},{"taxonomy":"product_tag","embeddable":true,"href":"https:\/\/www.hoogstra-autosport.nl\/fr\/wp-json\/wp\/v2\/product_tag?post=63457"}],"curies":[{"name":"wp","href":"https:\/\/api.w.org\/{rel}","templated":true}]}}