{"id":63416,"date":"2023-11-01T09:02:18","date_gmt":"2023-11-01T08:02:18","guid":{"rendered":"https:\/\/www.hoogstra-autosport.nl\/?post_type=product&#038;p=63416"},"modified":"2025-10-22T15:32:23","modified_gmt":"2025-10-22T13:32:23","slug":"fia-hoofdstroom-xr-kit","status":"publish","type":"product","link":"https:\/\/www.hoogstra-autosport.nl\/fr\/produit\/fia-hoofdstroom-xr-kit\/","title":{"rendered":"Kit FIA Mainstream XR"},"content":{"rendered":"<p>Le kit comprend<br \/>\nIsolateur de batterie XR<\/p>\n<p>1x 2m de c\u00e2ble<\/p>\n<p>1 x bouton interne<\/p>\n<p>1 x bouton externe (3 couleurs au choix)<\/p>\n<p>1 x autocollant de s\u00e9curit\u00e9<\/p>\n<p>&nbsp;<\/p>\n<p>INTRODUCTION \u00c0 N'UTILISER QU'AVEC L'ECU MOTORSPORT OU LE PDM<\/p>\n<p>L'isolateur de batterie XR est la derni\u00e8re g\u00e9n\u00e9ration d'interrupteurs principaux CARTEK pour le sport automobile. Avec des dimensions plus petites de 30% et un poids plus l\u00e9ger de 40% que les pr\u00e9c\u00e9dents isolateurs \"standard\" et GT, cette version XR offre encore plus d'avantages et de performances par rapport aux interrupteurs principaux m\u00e9caniques traditionnels et aux d\u00e9connecteurs de s\u00e9curit\u00e9 \u00e9lectrom\u00e9caniques.<\/p>\n<p>CARACT\u00c9RISTIQUES<\/p>\n<p>Enti\u00e8rement \u00e9lectronique, sans pi\u00e8ces mobiles<\/p>\n<p>Totalement \u00e9tanche \u00e0 l'eau et \u00e0 la salet\u00e9<\/p>\n<p>R\u00e9sistance totale aux chocs et aux vibrations<\/p>\n<p>D\u00e9lai de 0,5 seconde entre l'envoi du signal d'arr\u00eat du moteur et la d\u00e9connexion de la batterie, ce qui donne \u00e0 l'ECU le temps d'effectuer une proc\u00e9dure d'arr\u00eat avant la coupure de courant.<\/p>\n<p>Enti\u00e8rement int\u00e9gr\u00e9 avec des circuits de d\u00e9charge de dynamo int\u00e9gr\u00e9s - Aucun composant suppl\u00e9mentaire n'est n\u00e9cessaire<\/p>\n<p>Commande du conducteur par un seul bouton\/interrupteur interne ON\/OFF<\/p>\n<p>Commande externe par un ou plusieurs bouton(s) de \"g\u00e2che\".<\/p>\n<p>Boutons\/interrupteurs connect\u00e9s \u00e0 l'isolateur \u00e0 l'aide d'un c\u00e2blage l\u00e9ger et d'un connecteur \u00e9tanche IP67<\/p>\n<p>Mont\u00e9 \u00e0 proximit\u00e9 de la batterie pour r\u00e9duire le c\u00e2blage<\/p>\n<p>Tr\u00e8s petit et ne pesant que 70g<\/p>\n<p>Con\u00e7u et fabriqu\u00e9 au Royaume-Uni \u00e0 partir de composants de haute qualit\u00e9.<\/p>\n<p>COMMENT \u00c7A MARCHE<\/p>\n<p>Le Cartek Battery Isolator XR offre deux fonctions. La premi\u00e8re est de d\u00e9connecter la batterie de tous les circuits \u00e9lectriques. La seconde est d'arr\u00eater le moteur.<\/p>\n<p>Isolation de la batterie<\/p>\n<p>L'isolateur de batterie Cartek XR est plac\u00e9 entre le c\u00f4t\u00e9 n\u00e9gatif de la batterie et le ch\u00e2ssis. Lorsque le bouton d'arr\u00eat externe est activ\u00e9 ou que le bouton interne est d\u00e9sactiv\u00e9, l'isolateur de batterie d\u00e9connecte le c\u00f4t\u00e9 n\u00e9gatif de la batterie du ch\u00e2ssis. Cela signifie qu'aucun courant ne peut circuler dans les circuits \u00e9lectriques parce qu'il y a une coupure dans le circuit.<\/p>\n<p>Moteur mort<\/p>\n<p>Ce dispositif n'a pas d'entr\u00e9e ni de sortie de courant. Il envoie un signal (12 V 0,2 A s'il est activ\u00e9, connect\u00e9 au ch\u00e2ssis\/\u00e0 la terre s'il est d\u00e9sactiv\u00e9) \u00e0 un module de distribution d'\u00e9nergie ou \u00e0 une unit\u00e9 de commande \u00e9lectronique Motorsport dot\u00e9e d'une entr\u00e9e de signal de contact. Le calculateur ou le module de distribution de puissance est alors d\u00e9sactiv\u00e9 lorsqu'il re\u00e7oit ce signal, ce qui arr\u00eate le moteur.<\/p>\n<p>Protection int\u00e9gr\u00e9e<\/p>\n<p>Le Cartek Battery Isolator XR est \u00e9quip\u00e9 d'une protection int\u00e9gr\u00e9e contre l'\u00e9puisement de l'alternateur, ce qui signifie qu'aucun c\u00e2blage ou composant suppl\u00e9mentaire n'est n\u00e9cessaire.<\/p>\n<p>Comment est-il contr\u00f4l\u00e9 ?<\/p>\n<p>Les deux circuits d'isolation \u00e9lectronique sont contr\u00f4l\u00e9s par des microprocesseurs et contiennent plusieurs syst\u00e8mes de s\u00e9curit\u00e9, y compris la surveillance de la surchauffe et de la surintensit\u00e9. Ces microprocesseurs contr\u00f4lent \u00e9galement les interrupteurs\/boutons d'arr\u00eat pour une activation instantan\u00e9e sans faux d\u00e9clenchement.<\/p>","protected":false},"excerpt":{"rendered":"<p>Kit bevat: Batterij isolator XR 1x 2m kabel 1 x interne knop 1 x externe knop (in 3 kleuren te kiezen) 1 x veiligheidstickers &nbsp; INVOERING\u00a0ALLEEN TE GEBRUIKEN MET MOTORSPORT ECU OF PDM De XR Battery Isolator is de nieuwste generatie motorsport hoofdschakelaars van CARTEK. Met 30% kleinere afmetingen en 40% lichter gewicht dan de [&hellip;]<\/p>\n","protected":false},"featured_media":63417,"template":"","meta":{"_acf_changed":false},"product_brand":[],"product_cat":[2635],"product_tag":[],"class_list":{"0":"post-63416","1":"product","2":"type-product","3":"status-publish","4":"has-post-thumbnail","6":"product_cat-schakelaars","7":"product_shipping_class-4016","9":"first","10":"instock","11":"taxable","12":"shipping-taxable","13":"purchasable","14":"product-type-simple"},"acf":[],"yoast_head":"<!-- This site is optimized with the Yoast SEO plugin v27.1.1 - https:\/\/yoast.com\/product\/yoast-seo-wordpress\/ -->\n<title>FIA Hoofdstroom XR Kit - Hoogstra Autosport<\/title>\n<meta name=\"robots\" content=\"index, follow, max-snippet:-1, max-image-preview:large, max-video-preview:-1\" \/>\n<link rel=\"canonical\" href=\"https:\/\/www.hoogstra-autosport.nl\/fr\/produit\/fia-hoofdstroom-xr-kit\/\" \/>\n<meta property=\"og:locale\" content=\"fr_FR\" \/>\n<meta property=\"og:type\" content=\"article\" \/>\n<meta property=\"og:title\" content=\"FIA Hoofdstroom XR Kit - Hoogstra Autosport\" \/>\n<meta property=\"og:description\" content=\"Kit bevat: Batterij isolator XR 1x 2m kabel 1 x interne knop 1 x externe knop (in 3 kleuren te kiezen) 1 x veiligheidstickers &nbsp; INVOERING\u00a0ALLEEN TE GEBRUIKEN MET MOTORSPORT ECU OF PDM De XR Battery Isolator is de nieuwste generatie motorsport hoofdschakelaars van CARTEK. Met 30% kleinere afmetingen en 40% lichter gewicht dan de [&hellip;]\" \/>\n<meta property=\"og:url\" content=\"https:\/\/www.hoogstra-autosport.nl\/fr\/produit\/fia-hoofdstroom-xr-kit\/\" \/>\n<meta property=\"og:site_name\" content=\"Hoogstra Autosport\" \/>\n<meta property=\"article:modified_time\" content=\"2025-10-22T13:32:23+00:00\" \/>\n<meta property=\"og:image\" content=\"https:\/\/www.hoogstra-autosport.nl\/teamkoen\/wp-content\/uploads\/2023\/11\/1-1781.jpg\" \/>\n\t<meta property=\"og:image:width\" content=\"748\" \/>\n\t<meta property=\"og:image:height\" content=\"552\" \/>\n\t<meta property=\"og:image:type\" content=\"image\/jpeg\" \/>\n<meta name=\"twitter:card\" content=\"summary_large_image\" \/>\n<meta name=\"twitter:label1\" content=\"Dur\u00e9e de lecture estim\u00e9e\" \/>\n\t<meta name=\"twitter:data1\" content=\"3 minutes\" \/>\n<script type=\"application\/ld+json\" class=\"yoast-schema-graph\">{\"@context\":\"https:\/\/schema.org\",\"@graph\":[{\"@type\":\"WebPage\",\"@id\":\"https:\/\/www.hoogstra-autosport.nl\/product\/fia-hoofdstroom-xr-kit\/\",\"url\":\"https:\/\/www.hoogstra-autosport.nl\/product\/fia-hoofdstroom-xr-kit\/\",\"name\":\"FIA Hoofdstroom XR Kit - Hoogstra Autosport\",\"isPartOf\":{\"@id\":\"https:\/\/www.hoogstra-autosport.nl\/#website\"},\"primaryImageOfPage\":{\"@id\":\"https:\/\/www.hoogstra-autosport.nl\/product\/fia-hoofdstroom-xr-kit\/#primaryimage\"},\"image\":{\"@id\":\"https:\/\/www.hoogstra-autosport.nl\/product\/fia-hoofdstroom-xr-kit\/#primaryimage\"},\"thumbnailUrl\":\"https:\/\/www.hoogstra-autosport.nl\/teamkoen\/wp-content\/uploads\/2023\/11\/1-1781.jpg\",\"datePublished\":\"2023-11-01T08:02:18+00:00\",\"dateModified\":\"2025-10-22T13:32:23+00:00\",\"breadcrumb\":{\"@id\":\"https:\/\/www.hoogstra-autosport.nl\/product\/fia-hoofdstroom-xr-kit\/#breadcrumb\"},\"inLanguage\":\"fr-FR\",\"potentialAction\":[{\"@type\":\"ReadAction\",\"target\":[\"https:\/\/www.hoogstra-autosport.nl\/product\/fia-hoofdstroom-xr-kit\/\"]}]},{\"@type\":\"ImageObject\",\"inLanguage\":\"fr-FR\",\"@id\":\"https:\/\/www.hoogstra-autosport.nl\/product\/fia-hoofdstroom-xr-kit\/#primaryimage\",\"url\":\"https:\/\/www.hoogstra-autosport.nl\/teamkoen\/wp-content\/uploads\/2023\/11\/1-1781.jpg\",\"contentUrl\":\"https:\/\/www.hoogstra-autosport.nl\/teamkoen\/wp-content\/uploads\/2023\/11\/1-1781.jpg\",\"width\":748,\"height\":552},{\"@type\":\"BreadcrumbList\",\"@id\":\"https:\/\/www.hoogstra-autosport.nl\/product\/fia-hoofdstroom-xr-kit\/#breadcrumb\",\"itemListElement\":[{\"@type\":\"ListItem\",\"position\":1,\"name\":\"Home\",\"item\":\"https:\/\/www.hoogstra-autosport.nl\/\"},{\"@type\":\"ListItem\",\"position\":2,\"name\":\"Elektriciteit\",\"item\":\"https:\/\/www.hoogstra-autosport.nl\/product-categorie\/elektriciteit\/\"},{\"@type\":\"ListItem\",\"position\":3,\"name\":\"Schakelaars\",\"item\":\"https:\/\/www.hoogstra-autosport.nl\/product-categorie\/elektriciteit\/schakelaars\/\"},{\"@type\":\"ListItem\",\"position\":4,\"name\":\"FIA Hoofdstroom XR Kit\"}]},{\"@type\":\"WebSite\",\"@id\":\"https:\/\/www.hoogstra-autosport.nl\/#website\",\"url\":\"https:\/\/www.hoogstra-autosport.nl\/\",\"name\":\"Hoogstra Autosport\",\"description\":\"Performance Autosport Parts!\",\"potentialAction\":[{\"@type\":\"SearchAction\",\"target\":{\"@type\":\"EntryPoint\",\"urlTemplate\":\"https:\/\/www.hoogstra-autosport.nl\/?s={search_term_string}\"},\"query-input\":{\"@type\":\"PropertyValueSpecification\",\"valueRequired\":true,\"valueName\":\"search_term_string\"}}],\"inLanguage\":\"fr-FR\"}]}<\/script>\n<!-- \/ Yoast SEO plugin. -->","yoast_head_json":{"title":"FIA Hoofdstroom XR Kit - Hoogstra Autosport","robots":{"index":"index","follow":"follow","max-snippet":"max-snippet:-1","max-image-preview":"max-image-preview:large","max-video-preview":"max-video-preview:-1"},"canonical":"https:\/\/www.hoogstra-autosport.nl\/fr\/produit\/fia-hoofdstroom-xr-kit\/","og_locale":"fr_FR","og_type":"article","og_title":"FIA Hoofdstroom XR Kit - Hoogstra Autosport","og_description":"Kit bevat: Batterij isolator XR 1x 2m kabel 1 x interne knop 1 x externe knop (in 3 kleuren te kiezen) 1 x veiligheidstickers &nbsp; INVOERING\u00a0ALLEEN TE GEBRUIKEN MET MOTORSPORT ECU OF PDM De XR Battery Isolator is de nieuwste generatie motorsport hoofdschakelaars van CARTEK. Met 30% kleinere afmetingen en 40% lichter gewicht dan de [&hellip;]","og_url":"https:\/\/www.hoogstra-autosport.nl\/fr\/produit\/fia-hoofdstroom-xr-kit\/","og_site_name":"Hoogstra Autosport","article_modified_time":"2025-10-22T13:32:23+00:00","og_image":[{"width":748,"height":552,"url":"https:\/\/www.hoogstra-autosport.nl\/teamkoen\/wp-content\/uploads\/2023\/11\/1-1781.jpg","type":"image\/jpeg"}],"twitter_card":"summary_large_image","twitter_misc":{"Dur\u00e9e de lecture estim\u00e9e":"3 minutes"},"schema":{"@context":"https:\/\/schema.org","@graph":[{"@type":"WebPage","@id":"https:\/\/www.hoogstra-autosport.nl\/product\/fia-hoofdstroom-xr-kit\/","url":"https:\/\/www.hoogstra-autosport.nl\/product\/fia-hoofdstroom-xr-kit\/","name":"FIA Hoofdstroom XR Kit - Hoogstra Autosport","isPartOf":{"@id":"https:\/\/www.hoogstra-autosport.nl\/#website"},"primaryImageOfPage":{"@id":"https:\/\/www.hoogstra-autosport.nl\/product\/fia-hoofdstroom-xr-kit\/#primaryimage"},"image":{"@id":"https:\/\/www.hoogstra-autosport.nl\/product\/fia-hoofdstroom-xr-kit\/#primaryimage"},"thumbnailUrl":"https:\/\/www.hoogstra-autosport.nl\/teamkoen\/wp-content\/uploads\/2023\/11\/1-1781.jpg","datePublished":"2023-11-01T08:02:18+00:00","dateModified":"2025-10-22T13:32:23+00:00","breadcrumb":{"@id":"https:\/\/www.hoogstra-autosport.nl\/product\/fia-hoofdstroom-xr-kit\/#breadcrumb"},"inLanguage":"fr-FR","potentialAction":[{"@type":"ReadAction","target":["https:\/\/www.hoogstra-autosport.nl\/product\/fia-hoofdstroom-xr-kit\/"]}]},{"@type":"ImageObject","inLanguage":"fr-FR","@id":"https:\/\/www.hoogstra-autosport.nl\/product\/fia-hoofdstroom-xr-kit\/#primaryimage","url":"https:\/\/www.hoogstra-autosport.nl\/teamkoen\/wp-content\/uploads\/2023\/11\/1-1781.jpg","contentUrl":"https:\/\/www.hoogstra-autosport.nl\/teamkoen\/wp-content\/uploads\/2023\/11\/1-1781.jpg","width":748,"height":552},{"@type":"BreadcrumbList","@id":"https:\/\/www.hoogstra-autosport.nl\/product\/fia-hoofdstroom-xr-kit\/#breadcrumb","itemListElement":[{"@type":"ListItem","position":1,"name":"Home","item":"https:\/\/www.hoogstra-autosport.nl\/"},{"@type":"ListItem","position":2,"name":"Elektriciteit","item":"https:\/\/www.hoogstra-autosport.nl\/product-categorie\/elektriciteit\/"},{"@type":"ListItem","position":3,"name":"Schakelaars","item":"https:\/\/www.hoogstra-autosport.nl\/product-categorie\/elektriciteit\/schakelaars\/"},{"@type":"ListItem","position":4,"name":"FIA Hoofdstroom XR Kit"}]},{"@type":"WebSite","@id":"https:\/\/www.hoogstra-autosport.nl\/#website","url":"https:\/\/www.hoogstra-autosport.nl\/","name":"Hoogstra Autosport","description":"Performance Autosport Parts!","potentialAction":[{"@type":"SearchAction","target":{"@type":"EntryPoint","urlTemplate":"https:\/\/www.hoogstra-autosport.nl\/?s={search_term_string}"},"query-input":{"@type":"PropertyValueSpecification","valueRequired":true,"valueName":"search_term_string"}}],"inLanguage":"fr-FR"}]}},"tiered_pricing_type":"fixed","tiered_pricing_fixed_rules":[],"tiered_pricing_product_settings":{"layout":"default","base_unit_name":{"singular":null,"plural":null},"default_variation":null},"tiered_pricing_minimum_quantity":null,"tiered_pricing_roles_data":[],"tiered_pricing_percentage_rules":[],"tiered_pricing_maximum_quantity":null,"tiered_pricing_quantity_step":null,"_links":{"self":[{"href":"https:\/\/www.hoogstra-autosport.nl\/fr\/wp-json\/wp\/v2\/product\/63416","targetHints":{"allow":["GET"]}}],"collection":[{"href":"https:\/\/www.hoogstra-autosport.nl\/fr\/wp-json\/wp\/v2\/product"}],"about":[{"href":"https:\/\/www.hoogstra-autosport.nl\/fr\/wp-json\/wp\/v2\/types\/product"}],"wp:featuredmedia":[{"embeddable":true,"href":"https:\/\/www.hoogstra-autosport.nl\/fr\/wp-json\/wp\/v2\/media\/63417"}],"wp:attachment":[{"href":"https:\/\/www.hoogstra-autosport.nl\/fr\/wp-json\/wp\/v2\/media?parent=63416"}],"wp:term":[{"taxonomy":"product_brand","embeddable":true,"href":"https:\/\/www.hoogstra-autosport.nl\/fr\/wp-json\/wp\/v2\/product_brand?post=63416"},{"taxonomy":"product_cat","embeddable":true,"href":"https:\/\/www.hoogstra-autosport.nl\/fr\/wp-json\/wp\/v2\/product_cat?post=63416"},{"taxonomy":"product_tag","embeddable":true,"href":"https:\/\/www.hoogstra-autosport.nl\/fr\/wp-json\/wp\/v2\/product_tag?post=63416"}],"curies":[{"name":"wp","href":"https:\/\/api.w.org\/{rel}","templated":true}]}}