{"id":63088,"date":"2023-10-23T09:50:43","date_gmt":"2023-10-23T07:50:43","guid":{"rendered":"https:\/\/www.hoogstra-autosport.nl\/?post_type=product&#038;p=63088"},"modified":"2025-11-24T16:53:16","modified_gmt":"2025-11-24T15:53:16","slug":"aluminium-sleutel-d08","status":"publish","type":"product","link":"https:\/\/www.hoogstra-autosport.nl\/fr\/produit\/aluminium-sleutel-d08\/","title":{"rendered":"Cl\u00e9 en aluminium D08"},"content":{"rendered":"<p>Cl\u00e9s en aluminium, parfaitement adapt\u00e9es aux dimensions sp\u00e9ciales \"Dash\" (AN). Id\u00e9ales pour \u00e9viter les dommages lors de l'assemblage des adaptateurs de tuyaux sur les embouts de connexion.  Taille D06 Egalement disponible en D4, D6, D8, D10, D12, D16. Note : - Ces cl\u00e9s servent \u00e0 monter les adaptateurs de tuyau sur les embouts de connexion.- Elles ne servent pas \u00e0 monter le tuyau dans les adaptateurs de tuyau.- La cl\u00e9 r\u00e9glable est utilis\u00e9e pour monter le tuyau dans les adaptateurs de tuyau.<\/p>","protected":false},"excerpt":{"rendered":"<p>Aluminium steeksleutels, perfect geschikt voor de speciale &#8220;Dash &#8221; maten (AN). Ideaal om beschadigingen te voorkomen tijdens montage van de slangadapters op de aansluitnippels.\u00a0 Maat D06 Ook leverbaar in D4, D6, D8, D10, D12, D16. Noot: &#8211; Deze sleutels zijn voor het monteren van de slangadapters op de aansluitnippels.- Ze zijn niet voor het monteren [&hellip;]<\/p>\n","protected":false},"featured_media":93681,"template":"","meta":{"_acf_changed":false},"product_brand":[],"product_cat":[4053],"product_tag":[],"class_list":{"0":"post-63088","1":"product","2":"type-product","3":"status-publish","4":"has-post-thumbnail","6":"product_cat-gereedschap-dash","7":"product_shipping_class-4016","9":"first","10":"instock","11":"taxable","12":"shipping-taxable","13":"purchasable","14":"product-type-simple"},"acf":[],"yoast_head":"<!-- This site is optimized with the Yoast SEO plugin v27.1.1 - https:\/\/yoast.com\/product\/yoast-seo-wordpress\/ -->\n<title>Aluminium sleutel D08 - Hoogstra Autosport<\/title>\n<meta name=\"robots\" content=\"index, follow, max-snippet:-1, max-image-preview:large, max-video-preview:-1\" \/>\n<link rel=\"canonical\" href=\"https:\/\/www.hoogstra-autosport.nl\/fr\/produit\/aluminium-sleutel-d08\/\" \/>\n<meta property=\"og:locale\" content=\"fr_FR\" \/>\n<meta property=\"og:type\" content=\"article\" \/>\n<meta property=\"og:title\" content=\"Aluminium sleutel D08 - Hoogstra Autosport\" \/>\n<meta property=\"og:description\" content=\"Aluminium steeksleutels, perfect geschikt voor de speciale &#8220;Dash &#8221; maten (AN). Ideaal om beschadigingen te voorkomen tijdens montage van de slangadapters op de aansluitnippels.\u00a0 Maat D06 Ook leverbaar in D4, D6, D8, D10, D12, D16. Noot: &#8211; Deze sleutels zijn voor het monteren van de slangadapters op de aansluitnippels.- Ze zijn niet voor het monteren [&hellip;]\" \/>\n<meta property=\"og:url\" content=\"https:\/\/www.hoogstra-autosport.nl\/fr\/produit\/aluminium-sleutel-d08\/\" \/>\n<meta property=\"og:site_name\" content=\"Hoogstra Autosport\" \/>\n<meta property=\"article:modified_time\" content=\"2025-11-24T15:53:16+00:00\" \/>\n<meta property=\"og:image\" content=\"https:\/\/www.hoogstra-autosport.nl\/teamkoen\/wp-content\/uploads\/2023\/10\/d8sleutel.jpg\" \/>\n\t<meta property=\"og:image:width\" content=\"1080\" \/>\n\t<meta property=\"og:image:height\" content=\"1080\" \/>\n\t<meta property=\"og:image:type\" content=\"image\/jpeg\" \/>\n<meta name=\"twitter:card\" content=\"summary_large_image\" \/>\n<meta name=\"twitter:label1\" content=\"Dur\u00e9e de lecture estim\u00e9e\" \/>\n\t<meta name=\"twitter:data1\" content=\"1 minute\" \/>\n<script type=\"application\/ld+json\" class=\"yoast-schema-graph\">{\"@context\":\"https:\/\/schema.org\",\"@graph\":[{\"@type\":\"WebPage\",\"@id\":\"https:\/\/www.hoogstra-autosport.nl\/product\/aluminium-sleutel-d08\/\",\"url\":\"https:\/\/www.hoogstra-autosport.nl\/product\/aluminium-sleutel-d08\/\",\"name\":\"Aluminium sleutel D08 - Hoogstra Autosport\",\"isPartOf\":{\"@id\":\"https:\/\/www.hoogstra-autosport.nl\/#website\"},\"primaryImageOfPage\":{\"@id\":\"https:\/\/www.hoogstra-autosport.nl\/product\/aluminium-sleutel-d08\/#primaryimage\"},\"image\":{\"@id\":\"https:\/\/www.hoogstra-autosport.nl\/product\/aluminium-sleutel-d08\/#primaryimage\"},\"thumbnailUrl\":\"https:\/\/www.hoogstra-autosport.nl\/teamkoen\/wp-content\/uploads\/2023\/10\/d8sleutel.jpg\",\"datePublished\":\"2023-10-23T07:50:43+00:00\",\"dateModified\":\"2025-11-24T15:53:16+00:00\",\"breadcrumb\":{\"@id\":\"https:\/\/www.hoogstra-autosport.nl\/product\/aluminium-sleutel-d08\/#breadcrumb\"},\"inLanguage\":\"fr-FR\",\"potentialAction\":[{\"@type\":\"ReadAction\",\"target\":[\"https:\/\/www.hoogstra-autosport.nl\/product\/aluminium-sleutel-d08\/\"]}]},{\"@type\":\"ImageObject\",\"inLanguage\":\"fr-FR\",\"@id\":\"https:\/\/www.hoogstra-autosport.nl\/product\/aluminium-sleutel-d08\/#primaryimage\",\"url\":\"https:\/\/www.hoogstra-autosport.nl\/teamkoen\/wp-content\/uploads\/2023\/10\/d8sleutel.jpg\",\"contentUrl\":\"https:\/\/www.hoogstra-autosport.nl\/teamkoen\/wp-content\/uploads\/2023\/10\/d8sleutel.jpg\",\"width\":1080,\"height\":1080},{\"@type\":\"BreadcrumbList\",\"@id\":\"https:\/\/www.hoogstra-autosport.nl\/product\/aluminium-sleutel-d08\/#breadcrumb\",\"itemListElement\":[{\"@type\":\"ListItem\",\"position\":1,\"name\":\"Home\",\"item\":\"https:\/\/www.hoogstra-autosport.nl\/\"},{\"@type\":\"ListItem\",\"position\":2,\"name\":\"Motorisch\",\"item\":\"https:\/\/www.hoogstra-autosport.nl\/product-categorie\/auto-techniek\/\"},{\"@type\":\"ListItem\",\"position\":3,\"name\":\"Slangen &amp; Dash Nippels\",\"item\":\"https:\/\/www.hoogstra-autosport.nl\/product-categorie\/auto-techniek\/dash-koppelingen\/\"},{\"@type\":\"ListItem\",\"position\":4,\"name\":\"Dash Gereedschap\",\"item\":\"https:\/\/www.hoogstra-autosport.nl\/product-categorie\/auto-techniek\/dash-koppelingen\/gereedschap-dash\/\"},{\"@type\":\"ListItem\",\"position\":5,\"name\":\"Aluminium sleutel D08\"}]},{\"@type\":\"WebSite\",\"@id\":\"https:\/\/www.hoogstra-autosport.nl\/#website\",\"url\":\"https:\/\/www.hoogstra-autosport.nl\/\",\"name\":\"Hoogstra Autosport\",\"description\":\"Performance Autosport Parts!\",\"potentialAction\":[{\"@type\":\"SearchAction\",\"target\":{\"@type\":\"EntryPoint\",\"urlTemplate\":\"https:\/\/www.hoogstra-autosport.nl\/?s={search_term_string}\"},\"query-input\":{\"@type\":\"PropertyValueSpecification\",\"valueRequired\":true,\"valueName\":\"search_term_string\"}}],\"inLanguage\":\"fr-FR\"}]}<\/script>\n<!-- \/ Yoast SEO plugin. -->","yoast_head_json":{"title":"Aluminium sleutel D08 - Hoogstra Autosport","robots":{"index":"index","follow":"follow","max-snippet":"max-snippet:-1","max-image-preview":"max-image-preview:large","max-video-preview":"max-video-preview:-1"},"canonical":"https:\/\/www.hoogstra-autosport.nl\/fr\/produit\/aluminium-sleutel-d08\/","og_locale":"fr_FR","og_type":"article","og_title":"Aluminium sleutel D08 - Hoogstra Autosport","og_description":"Aluminium steeksleutels, perfect geschikt voor de speciale &#8220;Dash &#8221; maten (AN). Ideaal om beschadigingen te voorkomen tijdens montage van de slangadapters op de aansluitnippels.\u00a0 Maat D06 Ook leverbaar in D4, D6, D8, D10, D12, D16. Noot: &#8211; Deze sleutels zijn voor het monteren van de slangadapters op de aansluitnippels.- Ze zijn niet voor het monteren [&hellip;]","og_url":"https:\/\/www.hoogstra-autosport.nl\/fr\/produit\/aluminium-sleutel-d08\/","og_site_name":"Hoogstra Autosport","article_modified_time":"2025-11-24T15:53:16+00:00","og_image":[{"width":1080,"height":1080,"url":"https:\/\/www.hoogstra-autosport.nl\/teamkoen\/wp-content\/uploads\/2023\/10\/d8sleutel.jpg","type":"image\/jpeg"}],"twitter_card":"summary_large_image","twitter_misc":{"Dur\u00e9e de lecture estim\u00e9e":"1 minute"},"schema":{"@context":"https:\/\/schema.org","@graph":[{"@type":"WebPage","@id":"https:\/\/www.hoogstra-autosport.nl\/product\/aluminium-sleutel-d08\/","url":"https:\/\/www.hoogstra-autosport.nl\/product\/aluminium-sleutel-d08\/","name":"Aluminium sleutel D08 - Hoogstra Autosport","isPartOf":{"@id":"https:\/\/www.hoogstra-autosport.nl\/#website"},"primaryImageOfPage":{"@id":"https:\/\/www.hoogstra-autosport.nl\/product\/aluminium-sleutel-d08\/#primaryimage"},"image":{"@id":"https:\/\/www.hoogstra-autosport.nl\/product\/aluminium-sleutel-d08\/#primaryimage"},"thumbnailUrl":"https:\/\/www.hoogstra-autosport.nl\/teamkoen\/wp-content\/uploads\/2023\/10\/d8sleutel.jpg","datePublished":"2023-10-23T07:50:43+00:00","dateModified":"2025-11-24T15:53:16+00:00","breadcrumb":{"@id":"https:\/\/www.hoogstra-autosport.nl\/product\/aluminium-sleutel-d08\/#breadcrumb"},"inLanguage":"fr-FR","potentialAction":[{"@type":"ReadAction","target":["https:\/\/www.hoogstra-autosport.nl\/product\/aluminium-sleutel-d08\/"]}]},{"@type":"ImageObject","inLanguage":"fr-FR","@id":"https:\/\/www.hoogstra-autosport.nl\/product\/aluminium-sleutel-d08\/#primaryimage","url":"https:\/\/www.hoogstra-autosport.nl\/teamkoen\/wp-content\/uploads\/2023\/10\/d8sleutel.jpg","contentUrl":"https:\/\/www.hoogstra-autosport.nl\/teamkoen\/wp-content\/uploads\/2023\/10\/d8sleutel.jpg","width":1080,"height":1080},{"@type":"BreadcrumbList","@id":"https:\/\/www.hoogstra-autosport.nl\/product\/aluminium-sleutel-d08\/#breadcrumb","itemListElement":[{"@type":"ListItem","position":1,"name":"Home","item":"https:\/\/www.hoogstra-autosport.nl\/"},{"@type":"ListItem","position":2,"name":"Motorisch","item":"https:\/\/www.hoogstra-autosport.nl\/product-categorie\/auto-techniek\/"},{"@type":"ListItem","position":3,"name":"Slangen &amp; Dash Nippels","item":"https:\/\/www.hoogstra-autosport.nl\/product-categorie\/auto-techniek\/dash-koppelingen\/"},{"@type":"ListItem","position":4,"name":"Dash Gereedschap","item":"https:\/\/www.hoogstra-autosport.nl\/product-categorie\/auto-techniek\/dash-koppelingen\/gereedschap-dash\/"},{"@type":"ListItem","position":5,"name":"Aluminium sleutel D08"}]},{"@type":"WebSite","@id":"https:\/\/www.hoogstra-autosport.nl\/#website","url":"https:\/\/www.hoogstra-autosport.nl\/","name":"Hoogstra Autosport","description":"Performance Autosport Parts!","potentialAction":[{"@type":"SearchAction","target":{"@type":"EntryPoint","urlTemplate":"https:\/\/www.hoogstra-autosport.nl\/?s={search_term_string}"},"query-input":{"@type":"PropertyValueSpecification","valueRequired":true,"valueName":"search_term_string"}}],"inLanguage":"fr-FR"}]}},"tiered_pricing_type":"fixed","tiered_pricing_fixed_rules":[],"tiered_pricing_product_settings":{"layout":"default","base_unit_name":{"singular":null,"plural":null},"default_variation":null},"tiered_pricing_minimum_quantity":null,"tiered_pricing_roles_data":[],"tiered_pricing_percentage_rules":[],"tiered_pricing_maximum_quantity":null,"tiered_pricing_quantity_step":null,"_links":{"self":[{"href":"https:\/\/www.hoogstra-autosport.nl\/fr\/wp-json\/wp\/v2\/product\/63088","targetHints":{"allow":["GET"]}}],"collection":[{"href":"https:\/\/www.hoogstra-autosport.nl\/fr\/wp-json\/wp\/v2\/product"}],"about":[{"href":"https:\/\/www.hoogstra-autosport.nl\/fr\/wp-json\/wp\/v2\/types\/product"}],"wp:featuredmedia":[{"embeddable":true,"href":"https:\/\/www.hoogstra-autosport.nl\/fr\/wp-json\/wp\/v2\/media\/93681"}],"wp:attachment":[{"href":"https:\/\/www.hoogstra-autosport.nl\/fr\/wp-json\/wp\/v2\/media?parent=63088"}],"wp:term":[{"taxonomy":"product_brand","embeddable":true,"href":"https:\/\/www.hoogstra-autosport.nl\/fr\/wp-json\/wp\/v2\/product_brand?post=63088"},{"taxonomy":"product_cat","embeddable":true,"href":"https:\/\/www.hoogstra-autosport.nl\/fr\/wp-json\/wp\/v2\/product_cat?post=63088"},{"taxonomy":"product_tag","embeddable":true,"href":"https:\/\/www.hoogstra-autosport.nl\/fr\/wp-json\/wp\/v2\/product_tag?post=63088"}],"curies":[{"name":"wp","href":"https:\/\/api.w.org\/{rel}","templated":true}]}}