{"id":62537,"date":"2023-10-11T13:36:52","date_gmt":"2023-10-11T11:36:52","guid":{"rendered":"https:\/\/www.hoogstra-autosport.nl\/?post_type=product&#038;p=62537"},"modified":"2024-01-20T13:20:45","modified_gmt":"2024-01-20T12:20:45","slug":"prodigy-brace-teenager-black","status":"publish","type":"product","link":"https:\/\/www.hoogstra-autosport.nl\/fr\/produit\/prodigy-brace-teenager-black\/","title":{"rendered":"Prodigy Brace (Teenager) Noir"},"content":{"rendered":"<p>Innovations<br \/>\nLes minerves Atlas sont connues pour leur conception flexible brevet\u00e9e, qui offre un maximum de confort et de mobilit\u00e9. La combinaison d'un design minimaliste et simpliste avec la flexibilit\u00e9, la suspension et le plus grand ratio de contact entre l'orth\u00e8se et le corps fait de la famille des orth\u00e8ses Atlas un leader incontestable de la cat\u00e9gorie dans toute la gamme.<\/p>\n<p>&nbsp;<\/p>\n<p>Construction en polym\u00e8re flexible<br \/>\nLa construction en polym\u00e8re robuste et r\u00e9sistant aux chocs est id\u00e9ale pour les impacts multiples. La nature flexible du mat\u00e9riau est con\u00e7ue pour ralentir les impacts violents afin de disperser et de r\u00e9duire les forces d'impact, plut\u00f4t que de s'arr\u00eater brusquement.<\/p>\n<p>Cadre Split-Flex<br \/>\nLa conception de l'armature Split-Flex permet \u00e0 l'arri\u00e8re de l'orth\u00e8se d'imiter les mouvements naturels de vos \u00e9paules afin d'offrir un confort et une mobilit\u00e9 optimaux.<\/p>\n<p>&nbsp;<\/p>","protected":false},"excerpt":{"rendered":"<p>Innovaties Atlas Neck Brace&#8217;\u00c4\u00f4s staan bekend om het gepatenteerde flexibele ontwerp, dat maximaal comfort en mobiliteit biedt. De combinatie van een simplistisch minimalistisch ontwerp met flexibiliteit, ophanging en de grootste brace-to-body contactverhouding maakt de Atlas-familie van beugels een duidelijke categorieleider in het hele assortiment. &nbsp; Flexibele polymeerconstructie De stevige, slagvaste polymeerconstructie is ideaal voor meerdere [&hellip;]<\/p>\n","protected":false},"featured_media":62473,"template":"","meta":{"_acf_changed":false},"product_brand":[],"product_cat":[4155,2650],"product_tag":[],"class_list":{"0":"post-62537","1":"product","2":"type-product","3":"status-publish","4":"has-post-thumbnail","6":"product_cat-atlas","7":"product_cat-nekbanden-2","8":"product_shipping_class-4016","10":"first","11":"instock","12":"taxable","13":"shipping-taxable","14":"purchasable","15":"product-type-simple"},"acf":[],"yoast_head":"<!-- This site is optimized with the Yoast SEO plugin v27.1.1 - https:\/\/yoast.com\/product\/yoast-seo-wordpress\/ -->\n<title>Prodigy Brace (Teenager) Black - Hoogstra Autosport<\/title>\n<meta name=\"robots\" content=\"index, follow, max-snippet:-1, max-image-preview:large, max-video-preview:-1\" \/>\n<link rel=\"canonical\" href=\"https:\/\/www.hoogstra-autosport.nl\/fr\/produit\/prodigy-brace-teenager-black\/\" \/>\n<meta property=\"og:locale\" content=\"fr_FR\" \/>\n<meta property=\"og:type\" content=\"article\" \/>\n<meta property=\"og:title\" content=\"Prodigy Brace (Teenager) Black - Hoogstra Autosport\" \/>\n<meta property=\"og:description\" content=\"Innovaties Atlas Neck Brace&#8217;\u00c4\u00f4s staan bekend om het gepatenteerde flexibele ontwerp, dat maximaal comfort en mobiliteit biedt. De combinatie van een simplistisch minimalistisch ontwerp met flexibiliteit, ophanging en de grootste brace-to-body contactverhouding maakt de Atlas-familie van beugels een duidelijke categorieleider in het hele assortiment. &nbsp; Flexibele polymeerconstructie De stevige, slagvaste polymeerconstructie is ideaal voor meerdere [&hellip;]\" \/>\n<meta property=\"og:url\" content=\"https:\/\/www.hoogstra-autosport.nl\/fr\/produit\/prodigy-brace-teenager-black\/\" \/>\n<meta property=\"og:site_name\" content=\"Hoogstra Autosport\" \/>\n<meta property=\"article:modified_time\" content=\"2024-01-20T12:20:45+00:00\" \/>\n<meta property=\"og:image\" content=\"https:\/\/hoogstra-autosport.nl\/teamkoen\/content\/uploads\/2023\/10\/brace-tyke.jpg\" \/>\n\t<meta property=\"og:image:width\" content=\"986\" \/>\n\t<meta property=\"og:image:height\" content=\"986\" \/>\n\t<meta property=\"og:image:type\" content=\"image\/jpeg\" \/>\n<meta name=\"twitter:card\" content=\"summary_large_image\" \/>\n<meta name=\"twitter:label1\" content=\"Dur\u00e9e de lecture estim\u00e9e\" \/>\n\t<meta name=\"twitter:data1\" content=\"1 minute\" \/>\n<script type=\"application\/ld+json\" class=\"yoast-schema-graph\">{\"@context\":\"https:\/\/schema.org\",\"@graph\":[{\"@type\":\"WebPage\",\"@id\":\"https:\/\/www.hoogstra-autosport.nl\/product\/prodigy-brace-teenager-black\/\",\"url\":\"https:\/\/www.hoogstra-autosport.nl\/product\/prodigy-brace-teenager-black\/\",\"name\":\"Prodigy Brace (Teenager) Black - Hoogstra Autosport\",\"isPartOf\":{\"@id\":\"https:\/\/www.hoogstra-autosport.nl\/#website\"},\"primaryImageOfPage\":{\"@id\":\"https:\/\/www.hoogstra-autosport.nl\/product\/prodigy-brace-teenager-black\/#primaryimage\"},\"image\":{\"@id\":\"https:\/\/www.hoogstra-autosport.nl\/product\/prodigy-brace-teenager-black\/#primaryimage\"},\"thumbnailUrl\":\"https:\/\/www.hoogstra-autosport.nl\/teamkoen\/wp-content\/uploads\/2023\/10\/brace-tyke.jpg\",\"datePublished\":\"2023-10-11T11:36:52+00:00\",\"dateModified\":\"2024-01-20T12:20:45+00:00\",\"breadcrumb\":{\"@id\":\"https:\/\/www.hoogstra-autosport.nl\/product\/prodigy-brace-teenager-black\/#breadcrumb\"},\"inLanguage\":\"fr-FR\",\"potentialAction\":[{\"@type\":\"ReadAction\",\"target\":[\"https:\/\/www.hoogstra-autosport.nl\/product\/prodigy-brace-teenager-black\/\"]}]},{\"@type\":\"ImageObject\",\"inLanguage\":\"fr-FR\",\"@id\":\"https:\/\/www.hoogstra-autosport.nl\/product\/prodigy-brace-teenager-black\/#primaryimage\",\"url\":\"https:\/\/www.hoogstra-autosport.nl\/teamkoen\/wp-content\/uploads\/2023\/10\/brace-tyke.jpg\",\"contentUrl\":\"https:\/\/www.hoogstra-autosport.nl\/teamkoen\/wp-content\/uploads\/2023\/10\/brace-tyke.jpg\",\"width\":986,\"height\":986},{\"@type\":\"BreadcrumbList\",\"@id\":\"https:\/\/www.hoogstra-autosport.nl\/product\/prodigy-brace-teenager-black\/#breadcrumb\",\"itemListElement\":[{\"@type\":\"ListItem\",\"position\":1,\"name\":\"Home\",\"item\":\"https:\/\/www.hoogstra-autosport.nl\/\"},{\"@type\":\"ListItem\",\"position\":2,\"name\":\"Uitrusting\",\"item\":\"https:\/\/www.hoogstra-autosport.nl\/product-categorie\/autosport-kleding-helmen\/\"},{\"@type\":\"ListItem\",\"position\":3,\"name\":\"Kleding Karting\",\"item\":\"https:\/\/www.hoogstra-autosport.nl\/product-categorie\/autosport-kleding-helmen\/kleding-karting\/\"},{\"@type\":\"ListItem\",\"position\":4,\"name\":\"Nekbanden\",\"item\":\"https:\/\/www.hoogstra-autosport.nl\/product-categorie\/autosport-kleding-helmen\/kleding-karting\/nekbanden-2\/\"},{\"@type\":\"ListItem\",\"position\":5,\"name\":\"Prodigy Brace (Teenager) Black\"}]},{\"@type\":\"WebSite\",\"@id\":\"https:\/\/www.hoogstra-autosport.nl\/#website\",\"url\":\"https:\/\/www.hoogstra-autosport.nl\/\",\"name\":\"Hoogstra Autosport\",\"description\":\"Performance Autosport Parts!\",\"potentialAction\":[{\"@type\":\"SearchAction\",\"target\":{\"@type\":\"EntryPoint\",\"urlTemplate\":\"https:\/\/www.hoogstra-autosport.nl\/?s={search_term_string}\"},\"query-input\":{\"@type\":\"PropertyValueSpecification\",\"valueRequired\":true,\"valueName\":\"search_term_string\"}}],\"inLanguage\":\"fr-FR\"}]}<\/script>\n<!-- \/ Yoast SEO plugin. -->","yoast_head_json":{"title":"Prodigy Brace (Teenager) Black - Hoogstra Autosport","robots":{"index":"index","follow":"follow","max-snippet":"max-snippet:-1","max-image-preview":"max-image-preview:large","max-video-preview":"max-video-preview:-1"},"canonical":"https:\/\/www.hoogstra-autosport.nl\/fr\/produit\/prodigy-brace-teenager-black\/","og_locale":"fr_FR","og_type":"article","og_title":"Prodigy Brace (Teenager) Black - Hoogstra Autosport","og_description":"Innovaties Atlas Neck Brace&#8217;\u00c4\u00f4s staan bekend om het gepatenteerde flexibele ontwerp, dat maximaal comfort en mobiliteit biedt. De combinatie van een simplistisch minimalistisch ontwerp met flexibiliteit, ophanging en de grootste brace-to-body contactverhouding maakt de Atlas-familie van beugels een duidelijke categorieleider in het hele assortiment. &nbsp; Flexibele polymeerconstructie De stevige, slagvaste polymeerconstructie is ideaal voor meerdere [&hellip;]","og_url":"https:\/\/www.hoogstra-autosport.nl\/fr\/produit\/prodigy-brace-teenager-black\/","og_site_name":"Hoogstra Autosport","article_modified_time":"2024-01-20T12:20:45+00:00","og_image":[{"width":986,"height":986,"url":"https:\/\/hoogstra-autosport.nl\/teamkoen\/content\/uploads\/2023\/10\/brace-tyke.jpg","type":"image\/jpeg"}],"twitter_card":"summary_large_image","twitter_misc":{"Dur\u00e9e de lecture estim\u00e9e":"1 minute"},"schema":{"@context":"https:\/\/schema.org","@graph":[{"@type":"WebPage","@id":"https:\/\/www.hoogstra-autosport.nl\/product\/prodigy-brace-teenager-black\/","url":"https:\/\/www.hoogstra-autosport.nl\/product\/prodigy-brace-teenager-black\/","name":"Prodigy Brace (Teenager) Black - Hoogstra Autosport","isPartOf":{"@id":"https:\/\/www.hoogstra-autosport.nl\/#website"},"primaryImageOfPage":{"@id":"https:\/\/www.hoogstra-autosport.nl\/product\/prodigy-brace-teenager-black\/#primaryimage"},"image":{"@id":"https:\/\/www.hoogstra-autosport.nl\/product\/prodigy-brace-teenager-black\/#primaryimage"},"thumbnailUrl":"https:\/\/www.hoogstra-autosport.nl\/teamkoen\/wp-content\/uploads\/2023\/10\/brace-tyke.jpg","datePublished":"2023-10-11T11:36:52+00:00","dateModified":"2024-01-20T12:20:45+00:00","breadcrumb":{"@id":"https:\/\/www.hoogstra-autosport.nl\/product\/prodigy-brace-teenager-black\/#breadcrumb"},"inLanguage":"fr-FR","potentialAction":[{"@type":"ReadAction","target":["https:\/\/www.hoogstra-autosport.nl\/product\/prodigy-brace-teenager-black\/"]}]},{"@type":"ImageObject","inLanguage":"fr-FR","@id":"https:\/\/www.hoogstra-autosport.nl\/product\/prodigy-brace-teenager-black\/#primaryimage","url":"https:\/\/www.hoogstra-autosport.nl\/teamkoen\/wp-content\/uploads\/2023\/10\/brace-tyke.jpg","contentUrl":"https:\/\/www.hoogstra-autosport.nl\/teamkoen\/wp-content\/uploads\/2023\/10\/brace-tyke.jpg","width":986,"height":986},{"@type":"BreadcrumbList","@id":"https:\/\/www.hoogstra-autosport.nl\/product\/prodigy-brace-teenager-black\/#breadcrumb","itemListElement":[{"@type":"ListItem","position":1,"name":"Home","item":"https:\/\/www.hoogstra-autosport.nl\/"},{"@type":"ListItem","position":2,"name":"Uitrusting","item":"https:\/\/www.hoogstra-autosport.nl\/product-categorie\/autosport-kleding-helmen\/"},{"@type":"ListItem","position":3,"name":"Kleding Karting","item":"https:\/\/www.hoogstra-autosport.nl\/product-categorie\/autosport-kleding-helmen\/kleding-karting\/"},{"@type":"ListItem","position":4,"name":"Nekbanden","item":"https:\/\/www.hoogstra-autosport.nl\/product-categorie\/autosport-kleding-helmen\/kleding-karting\/nekbanden-2\/"},{"@type":"ListItem","position":5,"name":"Prodigy Brace (Teenager) Black"}]},{"@type":"WebSite","@id":"https:\/\/www.hoogstra-autosport.nl\/#website","url":"https:\/\/www.hoogstra-autosport.nl\/","name":"Hoogstra Autosport","description":"Performance Autosport Parts!","potentialAction":[{"@type":"SearchAction","target":{"@type":"EntryPoint","urlTemplate":"https:\/\/www.hoogstra-autosport.nl\/?s={search_term_string}"},"query-input":{"@type":"PropertyValueSpecification","valueRequired":true,"valueName":"search_term_string"}}],"inLanguage":"fr-FR"}]}},"tiered_pricing_type":"fixed","tiered_pricing_fixed_rules":[],"tiered_pricing_product_settings":{"layout":"default","base_unit_name":{"singular":null,"plural":null},"default_variation":null},"tiered_pricing_minimum_quantity":null,"tiered_pricing_roles_data":[],"tiered_pricing_percentage_rules":[],"tiered_pricing_maximum_quantity":null,"tiered_pricing_quantity_step":null,"_links":{"self":[{"href":"https:\/\/www.hoogstra-autosport.nl\/fr\/wp-json\/wp\/v2\/product\/62537","targetHints":{"allow":["GET"]}}],"collection":[{"href":"https:\/\/www.hoogstra-autosport.nl\/fr\/wp-json\/wp\/v2\/product"}],"about":[{"href":"https:\/\/www.hoogstra-autosport.nl\/fr\/wp-json\/wp\/v2\/types\/product"}],"wp:featuredmedia":[{"embeddable":true,"href":"https:\/\/www.hoogstra-autosport.nl\/fr\/wp-json\/wp\/v2\/media\/62473"}],"wp:attachment":[{"href":"https:\/\/www.hoogstra-autosport.nl\/fr\/wp-json\/wp\/v2\/media?parent=62537"}],"wp:term":[{"taxonomy":"product_brand","embeddable":true,"href":"https:\/\/www.hoogstra-autosport.nl\/fr\/wp-json\/wp\/v2\/product_brand?post=62537"},{"taxonomy":"product_cat","embeddable":true,"href":"https:\/\/www.hoogstra-autosport.nl\/fr\/wp-json\/wp\/v2\/product_cat?post=62537"},{"taxonomy":"product_tag","embeddable":true,"href":"https:\/\/www.hoogstra-autosport.nl\/fr\/wp-json\/wp\/v2\/product_tag?post=62537"}],"curies":[{"name":"wp","href":"https:\/\/api.w.org\/{rel}","templated":true}]}}