{"id":62371,"date":"2023-10-05T09:48:45","date_gmt":"2023-10-05T07:48:45","guid":{"rendered":"https:\/\/www.hoogstra-autosport.nl\/?post_type=product&#038;p=62371"},"modified":"2024-01-20T13:20:37","modified_gmt":"2024-01-20T12:20:37","slug":"tube-coupler-40-mm-met-knaf-en-asn-keur","status":"publish","type":"product","link":"https:\/\/www.hoogstra-autosport.nl\/fr\/produit\/tube-coupler-40-mm-met-knaf-en-asn-keur\/","title":{"rendered":"COUPLEUR DE TUBE 40 MM AVEC APPROBATION KNAF ET ASN"},"content":{"rendered":"<p>Ces raccords de tuyauterie sont con\u00e7us pour offrir une solution solide et parfaite dans les situations o\u00f9\u00a0<a title=\"Tubes\" href=\"https:\/\/www.chassisparts.com\/nl-nl\/buizen\" target=\"_self\" rel=\"noopener\">tubes<\/a>\u00a0doit rester d\u00e9tachable. Ce produit est install\u00e9 par soudage, soudage des deux c\u00f4t\u00e9s avec MIG ou TIG dans le tuyau. Un raccord permet de connecter un tube. Convient aux tubes de 40\u00d72,0 mm.<\/p>\n<p>Fraisage CNC.<br \/>\nFixation par 2 vis (d'un c\u00f4t\u00e9). Ces 2 vis M10x25x1,5 ont un couple de serrage maximum de 54 Nm.<\/p>\n<p>Cet embrayage tubulaire a \u00e9t\u00e9 tr\u00e8s largement test\u00e9 et r\u00e9pond aux exigences strictes de la FIA en mati\u00e8re d'embrayages tubulaires. Cet embrayage tubulaire est donc approuv\u00e9 par la KNAF.<\/p>","protected":false},"excerpt":{"rendered":"<p>Deze buiskoppelingen zijn ontworpen voor een sterke en perfecte oplossing in situaties waar\u00a0buizen\u00a0nog los te koppelen dienen te zijn. Dit product word door lassen geplaatst, aan beide zijden lassen met MIG of TIG in de buis. E\u00e9n koppeling koppelt \u00e9\u00e9n buis. Geschikt voor buis 40&#215;2,0 mm. CNC gefreesd. Bevestiging met 2 schroeven (aan \u00e9\u00e9n zijde). [&hellip;]<\/p>\n","protected":false},"featured_media":62373,"template":"","meta":{"_acf_changed":false},"product_brand":[],"product_cat":[4208,2694],"product_tag":[],"class_list":{"0":"post-62371","1":"product","2":"type-product","3":"status-publish","4":"has-post-thumbnail","6":"product_cat-chassisparts","7":"product_cat-veiligheidskooi-delen","8":"product_shipping_class-4016","10":"first","11":"instock","12":"taxable","13":"shipping-taxable","14":"purchasable","15":"product-type-simple"},"acf":[],"yoast_head":"<!-- This site is optimized with the Yoast SEO plugin v27.1.1 - https:\/\/yoast.com\/product\/yoast-seo-wordpress\/ -->\n<title>TUBE COUPLER 40 MM MET KNAF EN ASN KEUR - Hoogstra Autosport<\/title>\n<meta name=\"robots\" content=\"index, follow, max-snippet:-1, max-image-preview:large, max-video-preview:-1\" \/>\n<link rel=\"canonical\" href=\"https:\/\/www.hoogstra-autosport.nl\/fr\/produit\/tube-coupler-40-mm-met-knaf-en-asn-keur\/\" \/>\n<meta property=\"og:locale\" content=\"fr_FR\" \/>\n<meta property=\"og:type\" content=\"article\" \/>\n<meta property=\"og:title\" content=\"TUBE COUPLER 40 MM MET KNAF EN ASN KEUR - Hoogstra Autosport\" \/>\n<meta property=\"og:description\" content=\"Deze buiskoppelingen zijn ontworpen voor een sterke en perfecte oplossing in situaties waar\u00a0buizen\u00a0nog los te koppelen dienen te zijn. Dit product word door lassen geplaatst, aan beide zijden lassen met MIG of TIG in de buis. E\u00e9n koppeling koppelt \u00e9\u00e9n buis. Geschikt voor buis 40&#215;2,0 mm. CNC gefreesd. Bevestiging met 2 schroeven (aan \u00e9\u00e9n zijde). [&hellip;]\" \/>\n<meta property=\"og:url\" content=\"https:\/\/www.hoogstra-autosport.nl\/fr\/produit\/tube-coupler-40-mm-met-knaf-en-asn-keur\/\" \/>\n<meta property=\"og:site_name\" content=\"Hoogstra Autosport\" \/>\n<meta property=\"article:modified_time\" content=\"2024-01-20T12:20:37+00:00\" \/>\n<meta property=\"og:image\" content=\"https:\/\/hoogstra-autosport.nl\/teamkoen\/content\/uploads\/2023\/10\/knaf-1.jpg\" \/>\n\t<meta property=\"og:image:width\" content=\"986\" \/>\n\t<meta property=\"og:image:height\" content=\"986\" \/>\n\t<meta property=\"og:image:type\" content=\"image\/jpeg\" \/>\n<meta name=\"twitter:card\" content=\"summary_large_image\" \/>\n<meta name=\"twitter:label1\" content=\"Dur\u00e9e de lecture estim\u00e9e\" \/>\n\t<meta name=\"twitter:data1\" content=\"1 minute\" \/>\n<script type=\"application\/ld+json\" class=\"yoast-schema-graph\">{\"@context\":\"https:\/\/schema.org\",\"@graph\":[{\"@type\":\"WebPage\",\"@id\":\"https:\/\/www.hoogstra-autosport.nl\/product\/tube-coupler-40-mm-met-knaf-en-asn-keur\/\",\"url\":\"https:\/\/www.hoogstra-autosport.nl\/product\/tube-coupler-40-mm-met-knaf-en-asn-keur\/\",\"name\":\"TUBE COUPLER 40 MM MET KNAF EN ASN KEUR - Hoogstra Autosport\",\"isPartOf\":{\"@id\":\"https:\/\/www.hoogstra-autosport.nl\/#website\"},\"primaryImageOfPage\":{\"@id\":\"https:\/\/www.hoogstra-autosport.nl\/product\/tube-coupler-40-mm-met-knaf-en-asn-keur\/#primaryimage\"},\"image\":{\"@id\":\"https:\/\/www.hoogstra-autosport.nl\/product\/tube-coupler-40-mm-met-knaf-en-asn-keur\/#primaryimage\"},\"thumbnailUrl\":\"https:\/\/www.hoogstra-autosport.nl\/teamkoen\/wp-content\/uploads\/2023\/10\/knaf-1.jpg\",\"datePublished\":\"2023-10-05T07:48:45+00:00\",\"dateModified\":\"2024-01-20T12:20:37+00:00\",\"breadcrumb\":{\"@id\":\"https:\/\/www.hoogstra-autosport.nl\/product\/tube-coupler-40-mm-met-knaf-en-asn-keur\/#breadcrumb\"},\"inLanguage\":\"fr-FR\",\"potentialAction\":[{\"@type\":\"ReadAction\",\"target\":[\"https:\/\/www.hoogstra-autosport.nl\/product\/tube-coupler-40-mm-met-knaf-en-asn-keur\/\"]}]},{\"@type\":\"ImageObject\",\"inLanguage\":\"fr-FR\",\"@id\":\"https:\/\/www.hoogstra-autosport.nl\/product\/tube-coupler-40-mm-met-knaf-en-asn-keur\/#primaryimage\",\"url\":\"https:\/\/www.hoogstra-autosport.nl\/teamkoen\/wp-content\/uploads\/2023\/10\/knaf-1.jpg\",\"contentUrl\":\"https:\/\/www.hoogstra-autosport.nl\/teamkoen\/wp-content\/uploads\/2023\/10\/knaf-1.jpg\",\"width\":986,\"height\":986},{\"@type\":\"BreadcrumbList\",\"@id\":\"https:\/\/www.hoogstra-autosport.nl\/product\/tube-coupler-40-mm-met-knaf-en-asn-keur\/#breadcrumb\",\"itemListElement\":[{\"@type\":\"ListItem\",\"position\":1,\"name\":\"Home\",\"item\":\"https:\/\/www.hoogstra-autosport.nl\/\"},{\"@type\":\"ListItem\",\"position\":2,\"name\":\"Carrosserie\",\"item\":\"https:\/\/www.hoogstra-autosport.nl\/product-categorie\/carroserie-bevestiging\/\"},{\"@type\":\"ListItem\",\"position\":3,\"name\":\"Veiligheidskooi delen\",\"item\":\"https:\/\/www.hoogstra-autosport.nl\/product-categorie\/carroserie-bevestiging\/veiligheidskooi-delen\/\"},{\"@type\":\"ListItem\",\"position\":4,\"name\":\"TUBE COUPLER 40 MM MET KNAF EN ASN KEUR\"}]},{\"@type\":\"WebSite\",\"@id\":\"https:\/\/www.hoogstra-autosport.nl\/#website\",\"url\":\"https:\/\/www.hoogstra-autosport.nl\/\",\"name\":\"Hoogstra Autosport\",\"description\":\"Performance Autosport Parts!\",\"potentialAction\":[{\"@type\":\"SearchAction\",\"target\":{\"@type\":\"EntryPoint\",\"urlTemplate\":\"https:\/\/www.hoogstra-autosport.nl\/?s={search_term_string}\"},\"query-input\":{\"@type\":\"PropertyValueSpecification\",\"valueRequired\":true,\"valueName\":\"search_term_string\"}}],\"inLanguage\":\"fr-FR\"}]}<\/script>\n<!-- \/ Yoast SEO plugin. -->","yoast_head_json":{"title":"TUBE COUPLER 40 MM MET KNAF EN ASN KEUR - Hoogstra Autosport","robots":{"index":"index","follow":"follow","max-snippet":"max-snippet:-1","max-image-preview":"max-image-preview:large","max-video-preview":"max-video-preview:-1"},"canonical":"https:\/\/www.hoogstra-autosport.nl\/fr\/produit\/tube-coupler-40-mm-met-knaf-en-asn-keur\/","og_locale":"fr_FR","og_type":"article","og_title":"TUBE COUPLER 40 MM MET KNAF EN ASN KEUR - Hoogstra Autosport","og_description":"Deze buiskoppelingen zijn ontworpen voor een sterke en perfecte oplossing in situaties waar\u00a0buizen\u00a0nog los te koppelen dienen te zijn. Dit product word door lassen geplaatst, aan beide zijden lassen met MIG of TIG in de buis. E\u00e9n koppeling koppelt \u00e9\u00e9n buis. Geschikt voor buis 40&#215;2,0 mm. CNC gefreesd. Bevestiging met 2 schroeven (aan \u00e9\u00e9n zijde). [&hellip;]","og_url":"https:\/\/www.hoogstra-autosport.nl\/fr\/produit\/tube-coupler-40-mm-met-knaf-en-asn-keur\/","og_site_name":"Hoogstra Autosport","article_modified_time":"2024-01-20T12:20:37+00:00","og_image":[{"width":986,"height":986,"url":"https:\/\/hoogstra-autosport.nl\/teamkoen\/content\/uploads\/2023\/10\/knaf-1.jpg","type":"image\/jpeg"}],"twitter_card":"summary_large_image","twitter_misc":{"Dur\u00e9e de lecture estim\u00e9e":"1 minute"},"schema":{"@context":"https:\/\/schema.org","@graph":[{"@type":"WebPage","@id":"https:\/\/www.hoogstra-autosport.nl\/product\/tube-coupler-40-mm-met-knaf-en-asn-keur\/","url":"https:\/\/www.hoogstra-autosport.nl\/product\/tube-coupler-40-mm-met-knaf-en-asn-keur\/","name":"TUBE COUPLER 40 MM MET KNAF EN ASN KEUR - Hoogstra Autosport","isPartOf":{"@id":"https:\/\/www.hoogstra-autosport.nl\/#website"},"primaryImageOfPage":{"@id":"https:\/\/www.hoogstra-autosport.nl\/product\/tube-coupler-40-mm-met-knaf-en-asn-keur\/#primaryimage"},"image":{"@id":"https:\/\/www.hoogstra-autosport.nl\/product\/tube-coupler-40-mm-met-knaf-en-asn-keur\/#primaryimage"},"thumbnailUrl":"https:\/\/www.hoogstra-autosport.nl\/teamkoen\/wp-content\/uploads\/2023\/10\/knaf-1.jpg","datePublished":"2023-10-05T07:48:45+00:00","dateModified":"2024-01-20T12:20:37+00:00","breadcrumb":{"@id":"https:\/\/www.hoogstra-autosport.nl\/product\/tube-coupler-40-mm-met-knaf-en-asn-keur\/#breadcrumb"},"inLanguage":"fr-FR","potentialAction":[{"@type":"ReadAction","target":["https:\/\/www.hoogstra-autosport.nl\/product\/tube-coupler-40-mm-met-knaf-en-asn-keur\/"]}]},{"@type":"ImageObject","inLanguage":"fr-FR","@id":"https:\/\/www.hoogstra-autosport.nl\/product\/tube-coupler-40-mm-met-knaf-en-asn-keur\/#primaryimage","url":"https:\/\/www.hoogstra-autosport.nl\/teamkoen\/wp-content\/uploads\/2023\/10\/knaf-1.jpg","contentUrl":"https:\/\/www.hoogstra-autosport.nl\/teamkoen\/wp-content\/uploads\/2023\/10\/knaf-1.jpg","width":986,"height":986},{"@type":"BreadcrumbList","@id":"https:\/\/www.hoogstra-autosport.nl\/product\/tube-coupler-40-mm-met-knaf-en-asn-keur\/#breadcrumb","itemListElement":[{"@type":"ListItem","position":1,"name":"Home","item":"https:\/\/www.hoogstra-autosport.nl\/"},{"@type":"ListItem","position":2,"name":"Carrosserie","item":"https:\/\/www.hoogstra-autosport.nl\/product-categorie\/carroserie-bevestiging\/"},{"@type":"ListItem","position":3,"name":"Veiligheidskooi delen","item":"https:\/\/www.hoogstra-autosport.nl\/product-categorie\/carroserie-bevestiging\/veiligheidskooi-delen\/"},{"@type":"ListItem","position":4,"name":"TUBE COUPLER 40 MM MET KNAF EN ASN KEUR"}]},{"@type":"WebSite","@id":"https:\/\/www.hoogstra-autosport.nl\/#website","url":"https:\/\/www.hoogstra-autosport.nl\/","name":"Hoogstra Autosport","description":"Performance Autosport Parts!","potentialAction":[{"@type":"SearchAction","target":{"@type":"EntryPoint","urlTemplate":"https:\/\/www.hoogstra-autosport.nl\/?s={search_term_string}"},"query-input":{"@type":"PropertyValueSpecification","valueRequired":true,"valueName":"search_term_string"}}],"inLanguage":"fr-FR"}]}},"tiered_pricing_type":"fixed","tiered_pricing_fixed_rules":[],"tiered_pricing_product_settings":{"layout":"default","base_unit_name":{"singular":null,"plural":null},"default_variation":null},"tiered_pricing_minimum_quantity":null,"tiered_pricing_roles_data":[],"tiered_pricing_percentage_rules":[],"tiered_pricing_maximum_quantity":null,"tiered_pricing_quantity_step":null,"_links":{"self":[{"href":"https:\/\/www.hoogstra-autosport.nl\/fr\/wp-json\/wp\/v2\/product\/62371","targetHints":{"allow":["GET"]}}],"collection":[{"href":"https:\/\/www.hoogstra-autosport.nl\/fr\/wp-json\/wp\/v2\/product"}],"about":[{"href":"https:\/\/www.hoogstra-autosport.nl\/fr\/wp-json\/wp\/v2\/types\/product"}],"wp:featuredmedia":[{"embeddable":true,"href":"https:\/\/www.hoogstra-autosport.nl\/fr\/wp-json\/wp\/v2\/media\/62373"}],"wp:attachment":[{"href":"https:\/\/www.hoogstra-autosport.nl\/fr\/wp-json\/wp\/v2\/media?parent=62371"}],"wp:term":[{"taxonomy":"product_brand","embeddable":true,"href":"https:\/\/www.hoogstra-autosport.nl\/fr\/wp-json\/wp\/v2\/product_brand?post=62371"},{"taxonomy":"product_cat","embeddable":true,"href":"https:\/\/www.hoogstra-autosport.nl\/fr\/wp-json\/wp\/v2\/product_cat?post=62371"},{"taxonomy":"product_tag","embeddable":true,"href":"https:\/\/www.hoogstra-autosport.nl\/fr\/wp-json\/wp\/v2\/product_tag?post=62371"}],"curies":[{"name":"wp","href":"https:\/\/api.w.org\/{rel}","templated":true}]}}