{"id":62079,"date":"2023-09-28T09:41:19","date_gmt":"2023-09-28T07:41:19","guid":{"rendered":"https:\/\/www.hoogstra-autosport.nl\/?post_type=product&#038;p=62079"},"modified":"2024-01-20T13:20:32","modified_gmt":"2024-01-20T12:20:32","slug":"tube-coupler-30-mm","status":"publish","type":"product","link":"https:\/\/www.hoogstra-autosport.nl\/fr\/produit\/tube-coupler-30-mm\/","title":{"rendered":"COUPLEUR DE TUBE 30 MM"},"content":{"rendered":"<p>Ces raccords de tuyauterie sont con\u00e7us pour offrir une solution solide et parfaite dans les situations o\u00f9\u00a0<a title=\"Tubes\" href=\"https:\/\/chassisparts.com\/nl-nl\/buizen\" target=\"_self\" rel=\"noopener\">tubes<\/a>\u00a0doit rester d\u00e9tachable. Ce produit est install\u00e9 par soudage, soudage des deux c\u00f4t\u00e9s avec MIG ou TIG dans le tuyau. Un raccord permet de connecter un tuyau. Convient aux tubes de 25\u00d71,5 \/ 30\u00d72,0 \/ 35\u00d72,0 \/ 40\u00d72,0 mm 4 tailles au choix Fraisage CNC Fixation avec 2 vis (une par c\u00f4t\u00e9)<\/p>","protected":false},"excerpt":{"rendered":"<p>Deze buiskoppelingen zijn ontworpen voor een sterke en perfecte oplossing in situaties waar\u00a0buizen\u00a0nog los te koppelen dienen te zijn. Dit product word door lassen geplaatst, aan beide zijden lassen met MIG of TIG in de buis. E\u00e9n koppeling koppelt \u00e9\u00e9n buis. Geschikt voor buis 25&#215;1,5 \/ 30&#215;2,0 \/ 35&#215;2,0 \/ 40&#215;2,0 mm 4 maten om [&hellip;]<\/p>\n","protected":false},"featured_media":62076,"template":"","meta":{"_acf_changed":false},"product_brand":[],"product_cat":[4208,2694],"product_tag":[],"class_list":{"0":"post-62079","1":"product","2":"type-product","3":"status-publish","4":"has-post-thumbnail","6":"product_cat-chassisparts","7":"product_cat-veiligheidskooi-delen","8":"product_shipping_class-4016","10":"first","11":"instock","12":"taxable","13":"shipping-taxable","14":"purchasable","15":"product-type-simple"},"acf":[],"yoast_head":"<!-- This site is optimized with the Yoast SEO plugin v27.1.1 - https:\/\/yoast.com\/product\/yoast-seo-wordpress\/ -->\n<title>TUBE COUPLER 30 MM - Hoogstra Autosport<\/title>\n<meta name=\"robots\" content=\"index, follow, max-snippet:-1, max-image-preview:large, max-video-preview:-1\" \/>\n<link rel=\"canonical\" href=\"https:\/\/www.hoogstra-autosport.nl\/fr\/produit\/tube-coupler-30-mm\/\" \/>\n<meta property=\"og:locale\" content=\"fr_FR\" \/>\n<meta property=\"og:type\" content=\"article\" \/>\n<meta property=\"og:title\" content=\"TUBE COUPLER 30 MM - Hoogstra Autosport\" \/>\n<meta property=\"og:description\" content=\"Deze buiskoppelingen zijn ontworpen voor een sterke en perfecte oplossing in situaties waar\u00a0buizen\u00a0nog los te koppelen dienen te zijn. Dit product word door lassen geplaatst, aan beide zijden lassen met MIG of TIG in de buis. E\u00e9n koppeling koppelt \u00e9\u00e9n buis. Geschikt voor buis 25&#215;1,5 \/ 30&#215;2,0 \/ 35&#215;2,0 \/ 40&#215;2,0 mm 4 maten om [&hellip;]\" \/>\n<meta property=\"og:url\" content=\"https:\/\/www.hoogstra-autosport.nl\/fr\/produit\/tube-coupler-30-mm\/\" \/>\n<meta property=\"og:site_name\" content=\"Hoogstra Autosport\" \/>\n<meta property=\"article:modified_time\" content=\"2024-01-20T12:20:32+00:00\" \/>\n<meta property=\"og:image\" content=\"https:\/\/hoogstra-autosport.nl\/teamkoen\/content\/uploads\/2023\/09\/couler.jpg\" \/>\n\t<meta property=\"og:image:width\" content=\"986\" \/>\n\t<meta property=\"og:image:height\" content=\"986\" \/>\n\t<meta property=\"og:image:type\" content=\"image\/jpeg\" \/>\n<meta name=\"twitter:card\" content=\"summary_large_image\" \/>\n<meta name=\"twitter:label1\" content=\"Dur\u00e9e de lecture estim\u00e9e\" \/>\n\t<meta name=\"twitter:data1\" content=\"1 minute\" \/>\n<script type=\"application\/ld+json\" class=\"yoast-schema-graph\">{\"@context\":\"https:\/\/schema.org\",\"@graph\":[{\"@type\":\"WebPage\",\"@id\":\"https:\/\/www.hoogstra-autosport.nl\/product\/tube-coupler-30-mm\/\",\"url\":\"https:\/\/www.hoogstra-autosport.nl\/product\/tube-coupler-30-mm\/\",\"name\":\"TUBE COUPLER 30 MM - Hoogstra Autosport\",\"isPartOf\":{\"@id\":\"https:\/\/www.hoogstra-autosport.nl\/#website\"},\"primaryImageOfPage\":{\"@id\":\"https:\/\/www.hoogstra-autosport.nl\/product\/tube-coupler-30-mm\/#primaryimage\"},\"image\":{\"@id\":\"https:\/\/www.hoogstra-autosport.nl\/product\/tube-coupler-30-mm\/#primaryimage\"},\"thumbnailUrl\":\"https:\/\/www.hoogstra-autosport.nl\/teamkoen\/wp-content\/uploads\/2023\/09\/couler.jpg\",\"datePublished\":\"2023-09-28T07:41:19+00:00\",\"dateModified\":\"2024-01-20T12:20:32+00:00\",\"breadcrumb\":{\"@id\":\"https:\/\/www.hoogstra-autosport.nl\/product\/tube-coupler-30-mm\/#breadcrumb\"},\"inLanguage\":\"fr-FR\",\"potentialAction\":[{\"@type\":\"ReadAction\",\"target\":[\"https:\/\/www.hoogstra-autosport.nl\/product\/tube-coupler-30-mm\/\"]}]},{\"@type\":\"ImageObject\",\"inLanguage\":\"fr-FR\",\"@id\":\"https:\/\/www.hoogstra-autosport.nl\/product\/tube-coupler-30-mm\/#primaryimage\",\"url\":\"https:\/\/www.hoogstra-autosport.nl\/teamkoen\/wp-content\/uploads\/2023\/09\/couler.jpg\",\"contentUrl\":\"https:\/\/www.hoogstra-autosport.nl\/teamkoen\/wp-content\/uploads\/2023\/09\/couler.jpg\",\"width\":986,\"height\":986},{\"@type\":\"BreadcrumbList\",\"@id\":\"https:\/\/www.hoogstra-autosport.nl\/product\/tube-coupler-30-mm\/#breadcrumb\",\"itemListElement\":[{\"@type\":\"ListItem\",\"position\":1,\"name\":\"Home\",\"item\":\"https:\/\/www.hoogstra-autosport.nl\/\"},{\"@type\":\"ListItem\",\"position\":2,\"name\":\"Carrosserie\",\"item\":\"https:\/\/www.hoogstra-autosport.nl\/product-categorie\/carroserie-bevestiging\/\"},{\"@type\":\"ListItem\",\"position\":3,\"name\":\"Veiligheidskooi delen\",\"item\":\"https:\/\/www.hoogstra-autosport.nl\/product-categorie\/carroserie-bevestiging\/veiligheidskooi-delen\/\"},{\"@type\":\"ListItem\",\"position\":4,\"name\":\"TUBE COUPLER 30 MM\"}]},{\"@type\":\"WebSite\",\"@id\":\"https:\/\/www.hoogstra-autosport.nl\/#website\",\"url\":\"https:\/\/www.hoogstra-autosport.nl\/\",\"name\":\"Hoogstra Autosport\",\"description\":\"Performance Autosport Parts!\",\"potentialAction\":[{\"@type\":\"SearchAction\",\"target\":{\"@type\":\"EntryPoint\",\"urlTemplate\":\"https:\/\/www.hoogstra-autosport.nl\/?s={search_term_string}\"},\"query-input\":{\"@type\":\"PropertyValueSpecification\",\"valueRequired\":true,\"valueName\":\"search_term_string\"}}],\"inLanguage\":\"fr-FR\"}]}<\/script>\n<!-- \/ Yoast SEO plugin. -->","yoast_head_json":{"title":"TUBE COUPLER 30 MM - Hoogstra Autosport","robots":{"index":"index","follow":"follow","max-snippet":"max-snippet:-1","max-image-preview":"max-image-preview:large","max-video-preview":"max-video-preview:-1"},"canonical":"https:\/\/www.hoogstra-autosport.nl\/fr\/produit\/tube-coupler-30-mm\/","og_locale":"fr_FR","og_type":"article","og_title":"TUBE COUPLER 30 MM - Hoogstra Autosport","og_description":"Deze buiskoppelingen zijn ontworpen voor een sterke en perfecte oplossing in situaties waar\u00a0buizen\u00a0nog los te koppelen dienen te zijn. Dit product word door lassen geplaatst, aan beide zijden lassen met MIG of TIG in de buis. E\u00e9n koppeling koppelt \u00e9\u00e9n buis. Geschikt voor buis 25&#215;1,5 \/ 30&#215;2,0 \/ 35&#215;2,0 \/ 40&#215;2,0 mm 4 maten om [&hellip;]","og_url":"https:\/\/www.hoogstra-autosport.nl\/fr\/produit\/tube-coupler-30-mm\/","og_site_name":"Hoogstra Autosport","article_modified_time":"2024-01-20T12:20:32+00:00","og_image":[{"width":986,"height":986,"url":"https:\/\/hoogstra-autosport.nl\/teamkoen\/content\/uploads\/2023\/09\/couler.jpg","type":"image\/jpeg"}],"twitter_card":"summary_large_image","twitter_misc":{"Dur\u00e9e de lecture estim\u00e9e":"1 minute"},"schema":{"@context":"https:\/\/schema.org","@graph":[{"@type":"WebPage","@id":"https:\/\/www.hoogstra-autosport.nl\/product\/tube-coupler-30-mm\/","url":"https:\/\/www.hoogstra-autosport.nl\/product\/tube-coupler-30-mm\/","name":"TUBE COUPLER 30 MM - Hoogstra Autosport","isPartOf":{"@id":"https:\/\/www.hoogstra-autosport.nl\/#website"},"primaryImageOfPage":{"@id":"https:\/\/www.hoogstra-autosport.nl\/product\/tube-coupler-30-mm\/#primaryimage"},"image":{"@id":"https:\/\/www.hoogstra-autosport.nl\/product\/tube-coupler-30-mm\/#primaryimage"},"thumbnailUrl":"https:\/\/www.hoogstra-autosport.nl\/teamkoen\/wp-content\/uploads\/2023\/09\/couler.jpg","datePublished":"2023-09-28T07:41:19+00:00","dateModified":"2024-01-20T12:20:32+00:00","breadcrumb":{"@id":"https:\/\/www.hoogstra-autosport.nl\/product\/tube-coupler-30-mm\/#breadcrumb"},"inLanguage":"fr-FR","potentialAction":[{"@type":"ReadAction","target":["https:\/\/www.hoogstra-autosport.nl\/product\/tube-coupler-30-mm\/"]}]},{"@type":"ImageObject","inLanguage":"fr-FR","@id":"https:\/\/www.hoogstra-autosport.nl\/product\/tube-coupler-30-mm\/#primaryimage","url":"https:\/\/www.hoogstra-autosport.nl\/teamkoen\/wp-content\/uploads\/2023\/09\/couler.jpg","contentUrl":"https:\/\/www.hoogstra-autosport.nl\/teamkoen\/wp-content\/uploads\/2023\/09\/couler.jpg","width":986,"height":986},{"@type":"BreadcrumbList","@id":"https:\/\/www.hoogstra-autosport.nl\/product\/tube-coupler-30-mm\/#breadcrumb","itemListElement":[{"@type":"ListItem","position":1,"name":"Home","item":"https:\/\/www.hoogstra-autosport.nl\/"},{"@type":"ListItem","position":2,"name":"Carrosserie","item":"https:\/\/www.hoogstra-autosport.nl\/product-categorie\/carroserie-bevestiging\/"},{"@type":"ListItem","position":3,"name":"Veiligheidskooi delen","item":"https:\/\/www.hoogstra-autosport.nl\/product-categorie\/carroserie-bevestiging\/veiligheidskooi-delen\/"},{"@type":"ListItem","position":4,"name":"TUBE COUPLER 30 MM"}]},{"@type":"WebSite","@id":"https:\/\/www.hoogstra-autosport.nl\/#website","url":"https:\/\/www.hoogstra-autosport.nl\/","name":"Hoogstra Autosport","description":"Performance Autosport Parts!","potentialAction":[{"@type":"SearchAction","target":{"@type":"EntryPoint","urlTemplate":"https:\/\/www.hoogstra-autosport.nl\/?s={search_term_string}"},"query-input":{"@type":"PropertyValueSpecification","valueRequired":true,"valueName":"search_term_string"}}],"inLanguage":"fr-FR"}]}},"tiered_pricing_type":"fixed","tiered_pricing_fixed_rules":[],"tiered_pricing_product_settings":{"layout":"default","base_unit_name":{"singular":null,"plural":null},"default_variation":null},"tiered_pricing_minimum_quantity":null,"tiered_pricing_roles_data":[],"tiered_pricing_percentage_rules":[],"tiered_pricing_maximum_quantity":null,"tiered_pricing_quantity_step":null,"_links":{"self":[{"href":"https:\/\/www.hoogstra-autosport.nl\/fr\/wp-json\/wp\/v2\/product\/62079","targetHints":{"allow":["GET"]}}],"collection":[{"href":"https:\/\/www.hoogstra-autosport.nl\/fr\/wp-json\/wp\/v2\/product"}],"about":[{"href":"https:\/\/www.hoogstra-autosport.nl\/fr\/wp-json\/wp\/v2\/types\/product"}],"wp:featuredmedia":[{"embeddable":true,"href":"https:\/\/www.hoogstra-autosport.nl\/fr\/wp-json\/wp\/v2\/media\/62076"}],"wp:attachment":[{"href":"https:\/\/www.hoogstra-autosport.nl\/fr\/wp-json\/wp\/v2\/media?parent=62079"}],"wp:term":[{"taxonomy":"product_brand","embeddable":true,"href":"https:\/\/www.hoogstra-autosport.nl\/fr\/wp-json\/wp\/v2\/product_brand?post=62079"},{"taxonomy":"product_cat","embeddable":true,"href":"https:\/\/www.hoogstra-autosport.nl\/fr\/wp-json\/wp\/v2\/product_cat?post=62079"},{"taxonomy":"product_tag","embeddable":true,"href":"https:\/\/www.hoogstra-autosport.nl\/fr\/wp-json\/wp\/v2\/product_tag?post=62079"}],"curies":[{"name":"wp","href":"https:\/\/api.w.org\/{rel}","templated":true}]}}