{"id":61499,"date":"2023-09-11T10:14:33","date_gmt":"2023-09-11T08:14:33","guid":{"rendered":"https:\/\/www.hoogstra-autosport.nl\/?post_type=product&#038;p=61499"},"modified":"2024-01-20T13:20:10","modified_gmt":"2024-01-20T12:20:10","slug":"oliepomp-elektrisch-12-volt","status":"publish","type":"product","link":"https:\/\/www.hoogstra-autosport.nl\/fr\/produit\/oliepomp-elektrisch-12-volt\/","title":{"rendered":"Pompe \u00e0 huile \u00e9lectrique 12 volts"},"content":{"rendered":"<p>Pompe \u00e0 huile \u00e9lectrique 12V tr\u00e8s compacte de QSP Products, convenant pour le diff\u00e9rentiel, la bo\u00eete de vitesses et la circulation d'huile lubrifiante, le pompage d'antigel, la vidange des carters de moteurs marins, entre autres. Remarque : nous recommandons vivement d'utiliser un filtre \u00e0 huile appropri\u00e9 en combinaison avec cette pompe \u00e0 huile.<\/p>\n<p>&nbsp;<\/p>\n<p><strong>Dimensions :<\/strong><\/p>\n<ul>\n<li>Hauteur = 136 mm<\/li>\n<li>Diam\u00e8tre = 65 mm (sans support)<\/li>\n<\/ul>\n<p>&nbsp;<\/p>\n<p><strong>Connexion :<\/strong><\/p>\n<ul>\n<li>2 ports femelles 3\/8 BSP<\/li>\n<\/ul>\n<p>&nbsp;<\/p>\n<p><strong>Donn\u00e9es techniques :<\/strong><\/p>\n<ul>\n<li>D\u00e9bit (mesur\u00e9 \u00e0 25 degr\u00e9s Celsius avec de l'huile SAE-30) :<br \/>\n\u00d8 13mm tuyau : 330 l\/h | tuyau \u00d8 8mm : 60 l\/h<\/li>\n<li>Temp\u00e9rature nominale de 150\u00b0C.<\/li>\n<li>Pression maximale sur le syst\u00e8me 2 Bar.<\/li>\n<li>Convient pour : Eau - Diesel - Huile de lubrification.<\/li>\n<li>NE convient PAS pour : Essence - liquides inflammables - d\u00e9graissant - produits chimiques agressifs.<\/li>\n<li>Ne convient pas pour pressuriser un syst\u00e8me d'huile. Cette pompe ne peut PAS remplacer la pompe \u00e0 huile d'origine.<\/li>\n<li>Corps de pompe en bronze avec des engrenages en bronze spiral\u00e9s et un arbre en acier inoxydable.<\/li>\n<li>Auto-amor\u00e7age* : 1 m\u00e8tre<br \/>\n*Les chaussures doivent \u00eatre mouill\u00e9es !<\/li>\n<li>Puissance du moteur 90 W.<\/li>\n<li>Joint FKM | IP67.<\/li>\n<li>12 volts DC (fusible \u00e0 appliquer : 7,5 amp\u00e8res).<\/li>\n<li>Poids : 1,4 kg.<\/li>\n<li>Anneaux de montage en caoutchouc inclus.<\/li>\n<li>Piliers de serpent inclus.<\/li>\n<li>La pompe peut \u00eatre mont\u00e9e horizontalement ou verticalement.<\/li>\n<\/ul>","protected":false},"excerpt":{"rendered":"<p>Zeer compacte elektrische 12V oliepomp van QSP Products, geschikt voor onder andere differetieel, versnellingsbak en het circuleren van onder andere smeerolie, verpompen van antivries, leegpompen carter van bijvoorbeeld scheepsmotoren. Let op: wij raden ten zeerste een geschikt oliefilter aan om te gebruiken in combinatie met deze oliepomp. &nbsp; Afmetingen: Hoogte = 136mm Diameter = 65mm [&hellip;]<\/p>\n","protected":false},"featured_media":61501,"template":"","meta":{"_acf_changed":false},"product_brand":[],"product_cat":[2743,4077],"product_tag":[],"class_list":{"0":"post-61499","1":"product","2":"type-product","3":"status-publish","4":"has-post-thumbnail","6":"product_cat-olieslangen-aansluiting","7":"product_cat-qsp","8":"product_shipping_class-4016","10":"first","11":"instock","12":"taxable","13":"shipping-taxable","14":"purchasable","15":"product-type-simple"},"acf":[],"yoast_head":"<!-- This site is optimized with the Yoast SEO plugin v27.5 - https:\/\/yoast.com\/product\/yoast-seo-wordpress\/ -->\n<title>Oliepomp elektrisch 12 volt - Hoogstra Autosport<\/title>\n<meta name=\"robots\" content=\"index, follow, max-snippet:-1, max-image-preview:large, max-video-preview:-1\" \/>\n<link rel=\"canonical\" href=\"https:\/\/www.hoogstra-autosport.nl\/fr\/produit\/oliepomp-elektrisch-12-volt\/\" \/>\n<meta property=\"og:locale\" content=\"fr_FR\" \/>\n<meta property=\"og:type\" content=\"article\" \/>\n<meta property=\"og:title\" content=\"Oliepomp elektrisch 12 volt - Hoogstra Autosport\" \/>\n<meta property=\"og:description\" content=\"Zeer compacte elektrische 12V oliepomp van QSP Products, geschikt voor onder andere differetieel, versnellingsbak en het circuleren van onder andere smeerolie, verpompen van antivries, leegpompen carter van bijvoorbeeld scheepsmotoren. Let op: wij raden ten zeerste een geschikt oliefilter aan om te gebruiken in combinatie met deze oliepomp. &nbsp; Afmetingen: Hoogte = 136mm Diameter = 65mm [&hellip;]\" \/>\n<meta property=\"og:url\" content=\"https:\/\/www.hoogstra-autosport.nl\/fr\/produit\/oliepomp-elektrisch-12-volt\/\" \/>\n<meta property=\"og:site_name\" content=\"Hoogstra Autosport\" \/>\n<meta property=\"article:modified_time\" content=\"2024-01-20T12:20:10+00:00\" \/>\n<meta property=\"og:image\" content=\"https:\/\/hoogstra-autosport.nl\/teamkoen\/content\/uploads\/2023\/09\/qsp-oliepomp.jpg\" \/>\n\t<meta property=\"og:image:width\" content=\"986\" \/>\n\t<meta property=\"og:image:height\" content=\"986\" \/>\n\t<meta property=\"og:image:type\" content=\"image\/jpeg\" \/>\n<meta name=\"twitter:card\" content=\"summary_large_image\" \/>\n<meta name=\"twitter:label1\" content=\"Dur\u00e9e de lecture estim\u00e9e\" \/>\n\t<meta name=\"twitter:data1\" content=\"1 minute\" \/>\n<script type=\"application\/ld+json\" class=\"yoast-schema-graph\">{\"@context\":\"https:\\\/\\\/schema.org\",\"@graph\":[{\"@type\":\"WebPage\",\"@id\":\"https:\\\/\\\/www.hoogstra-autosport.nl\\\/product\\\/oliepomp-elektrisch-12-volt\\\/\",\"url\":\"https:\\\/\\\/www.hoogstra-autosport.nl\\\/product\\\/oliepomp-elektrisch-12-volt\\\/\",\"name\":\"Oliepomp elektrisch 12 volt - Hoogstra Autosport\",\"isPartOf\":{\"@id\":\"https:\\\/\\\/www.hoogstra-autosport.nl\\\/#website\"},\"primaryImageOfPage\":{\"@id\":\"https:\\\/\\\/www.hoogstra-autosport.nl\\\/product\\\/oliepomp-elektrisch-12-volt\\\/#primaryimage\"},\"image\":{\"@id\":\"https:\\\/\\\/www.hoogstra-autosport.nl\\\/product\\\/oliepomp-elektrisch-12-volt\\\/#primaryimage\"},\"thumbnailUrl\":\"https:\\\/\\\/www.hoogstra-autosport.nl\\\/teamkoen\\\/wp-content\\\/uploads\\\/2023\\\/09\\\/qsp-oliepomp.jpg\",\"datePublished\":\"2023-09-11T08:14:33+00:00\",\"dateModified\":\"2024-01-20T12:20:10+00:00\",\"breadcrumb\":{\"@id\":\"https:\\\/\\\/www.hoogstra-autosport.nl\\\/product\\\/oliepomp-elektrisch-12-volt\\\/#breadcrumb\"},\"inLanguage\":\"fr-FR\",\"potentialAction\":[{\"@type\":\"ReadAction\",\"target\":[\"https:\\\/\\\/www.hoogstra-autosport.nl\\\/product\\\/oliepomp-elektrisch-12-volt\\\/\"]}]},{\"@type\":\"ImageObject\",\"inLanguage\":\"fr-FR\",\"@id\":\"https:\\\/\\\/www.hoogstra-autosport.nl\\\/product\\\/oliepomp-elektrisch-12-volt\\\/#primaryimage\",\"url\":\"https:\\\/\\\/www.hoogstra-autosport.nl\\\/teamkoen\\\/wp-content\\\/uploads\\\/2023\\\/09\\\/qsp-oliepomp.jpg\",\"contentUrl\":\"https:\\\/\\\/www.hoogstra-autosport.nl\\\/teamkoen\\\/wp-content\\\/uploads\\\/2023\\\/09\\\/qsp-oliepomp.jpg\",\"width\":986,\"height\":986},{\"@type\":\"BreadcrumbList\",\"@id\":\"https:\\\/\\\/www.hoogstra-autosport.nl\\\/product\\\/oliepomp-elektrisch-12-volt\\\/#breadcrumb\",\"itemListElement\":[{\"@type\":\"ListItem\",\"position\":1,\"name\":\"Home\",\"item\":\"https:\\\/\\\/www.hoogstra-autosport.nl\\\/\"},{\"@type\":\"ListItem\",\"position\":2,\"name\":\"Motorisch\",\"item\":\"https:\\\/\\\/www.hoogstra-autosport.nl\\\/product-categorie\\\/auto-techniek\\\/\"},{\"@type\":\"ListItem\",\"position\":3,\"name\":\"Olie Koelers &amp; Adapters\",\"item\":\"https:\\\/\\\/www.hoogstra-autosport.nl\\\/product-categorie\\\/auto-techniek\\\/motor-compartiment\\\/\"},{\"@type\":\"ListItem\",\"position\":4,\"name\":\"Olieslangen &amp; Kits &amp; Oliepompen\",\"item\":\"https:\\\/\\\/www.hoogstra-autosport.nl\\\/product-categorie\\\/auto-techniek\\\/motor-compartiment\\\/olieslangen-aansluiting\\\/\"},{\"@type\":\"ListItem\",\"position\":5,\"name\":\"Oliepomp elektrisch 12 volt\"}]},{\"@type\":\"WebSite\",\"@id\":\"https:\\\/\\\/www.hoogstra-autosport.nl\\\/#website\",\"url\":\"https:\\\/\\\/www.hoogstra-autosport.nl\\\/\",\"name\":\"Hoogstra Autosport\",\"description\":\"Performance Autosport Parts!\",\"potentialAction\":[{\"@type\":\"SearchAction\",\"target\":{\"@type\":\"EntryPoint\",\"urlTemplate\":\"https:\\\/\\\/www.hoogstra-autosport.nl\\\/?s={search_term_string}\"},\"query-input\":{\"@type\":\"PropertyValueSpecification\",\"valueRequired\":true,\"valueName\":\"search_term_string\"}}],\"inLanguage\":\"fr-FR\"}]}<\/script>\n<!-- \/ Yoast SEO plugin. -->","yoast_head_json":{"title":"Oliepomp elektrisch 12 volt - Hoogstra Autosport","robots":{"index":"index","follow":"follow","max-snippet":"max-snippet:-1","max-image-preview":"max-image-preview:large","max-video-preview":"max-video-preview:-1"},"canonical":"https:\/\/www.hoogstra-autosport.nl\/fr\/produit\/oliepomp-elektrisch-12-volt\/","og_locale":"fr_FR","og_type":"article","og_title":"Oliepomp elektrisch 12 volt - Hoogstra Autosport","og_description":"Zeer compacte elektrische 12V oliepomp van QSP Products, geschikt voor onder andere differetieel, versnellingsbak en het circuleren van onder andere smeerolie, verpompen van antivries, leegpompen carter van bijvoorbeeld scheepsmotoren. Let op: wij raden ten zeerste een geschikt oliefilter aan om te gebruiken in combinatie met deze oliepomp. &nbsp; Afmetingen: Hoogte = 136mm Diameter = 65mm [&hellip;]","og_url":"https:\/\/www.hoogstra-autosport.nl\/fr\/produit\/oliepomp-elektrisch-12-volt\/","og_site_name":"Hoogstra Autosport","article_modified_time":"2024-01-20T12:20:10+00:00","og_image":[{"width":986,"height":986,"url":"https:\/\/hoogstra-autosport.nl\/teamkoen\/content\/uploads\/2023\/09\/qsp-oliepomp.jpg","type":"image\/jpeg"}],"twitter_card":"summary_large_image","twitter_misc":{"Dur\u00e9e de lecture estim\u00e9e":"1 minute"},"schema":{"@context":"https:\/\/schema.org","@graph":[{"@type":"WebPage","@id":"https:\/\/www.hoogstra-autosport.nl\/product\/oliepomp-elektrisch-12-volt\/","url":"https:\/\/www.hoogstra-autosport.nl\/product\/oliepomp-elektrisch-12-volt\/","name":"Oliepomp elektrisch 12 volt - Hoogstra Autosport","isPartOf":{"@id":"https:\/\/www.hoogstra-autosport.nl\/#website"},"primaryImageOfPage":{"@id":"https:\/\/www.hoogstra-autosport.nl\/product\/oliepomp-elektrisch-12-volt\/#primaryimage"},"image":{"@id":"https:\/\/www.hoogstra-autosport.nl\/product\/oliepomp-elektrisch-12-volt\/#primaryimage"},"thumbnailUrl":"https:\/\/www.hoogstra-autosport.nl\/teamkoen\/wp-content\/uploads\/2023\/09\/qsp-oliepomp.jpg","datePublished":"2023-09-11T08:14:33+00:00","dateModified":"2024-01-20T12:20:10+00:00","breadcrumb":{"@id":"https:\/\/www.hoogstra-autosport.nl\/product\/oliepomp-elektrisch-12-volt\/#breadcrumb"},"inLanguage":"fr-FR","potentialAction":[{"@type":"ReadAction","target":["https:\/\/www.hoogstra-autosport.nl\/product\/oliepomp-elektrisch-12-volt\/"]}]},{"@type":"ImageObject","inLanguage":"fr-FR","@id":"https:\/\/www.hoogstra-autosport.nl\/product\/oliepomp-elektrisch-12-volt\/#primaryimage","url":"https:\/\/www.hoogstra-autosport.nl\/teamkoen\/wp-content\/uploads\/2023\/09\/qsp-oliepomp.jpg","contentUrl":"https:\/\/www.hoogstra-autosport.nl\/teamkoen\/wp-content\/uploads\/2023\/09\/qsp-oliepomp.jpg","width":986,"height":986},{"@type":"BreadcrumbList","@id":"https:\/\/www.hoogstra-autosport.nl\/product\/oliepomp-elektrisch-12-volt\/#breadcrumb","itemListElement":[{"@type":"ListItem","position":1,"name":"Home","item":"https:\/\/www.hoogstra-autosport.nl\/"},{"@type":"ListItem","position":2,"name":"Motorisch","item":"https:\/\/www.hoogstra-autosport.nl\/product-categorie\/auto-techniek\/"},{"@type":"ListItem","position":3,"name":"Olie Koelers &amp; Adapters","item":"https:\/\/www.hoogstra-autosport.nl\/product-categorie\/auto-techniek\/motor-compartiment\/"},{"@type":"ListItem","position":4,"name":"Olieslangen &amp; Kits &amp; Oliepompen","item":"https:\/\/www.hoogstra-autosport.nl\/product-categorie\/auto-techniek\/motor-compartiment\/olieslangen-aansluiting\/"},{"@type":"ListItem","position":5,"name":"Oliepomp elektrisch 12 volt"}]},{"@type":"WebSite","@id":"https:\/\/www.hoogstra-autosport.nl\/#website","url":"https:\/\/www.hoogstra-autosport.nl\/","name":"Hoogstra Autosport","description":"Performance Autosport Parts!","potentialAction":[{"@type":"SearchAction","target":{"@type":"EntryPoint","urlTemplate":"https:\/\/www.hoogstra-autosport.nl\/?s={search_term_string}"},"query-input":{"@type":"PropertyValueSpecification","valueRequired":true,"valueName":"search_term_string"}}],"inLanguage":"fr-FR"}]}},"tiered_pricing_type":"fixed","tiered_pricing_fixed_rules":[],"tiered_pricing_product_settings":{"layout":"default","base_unit_name":{"singular":null,"plural":null},"default_variation":null},"tiered_pricing_minimum_quantity":null,"tiered_pricing_roles_data":[],"tiered_pricing_percentage_rules":[],"tiered_pricing_maximum_quantity":null,"tiered_pricing_quantity_step":null,"_links":{"self":[{"href":"https:\/\/www.hoogstra-autosport.nl\/fr\/wp-json\/wp\/v2\/product\/61499","targetHints":{"allow":["GET"]}}],"collection":[{"href":"https:\/\/www.hoogstra-autosport.nl\/fr\/wp-json\/wp\/v2\/product"}],"about":[{"href":"https:\/\/www.hoogstra-autosport.nl\/fr\/wp-json\/wp\/v2\/types\/product"}],"wp:featuredmedia":[{"embeddable":true,"href":"https:\/\/www.hoogstra-autosport.nl\/fr\/wp-json\/wp\/v2\/media\/61501"}],"wp:attachment":[{"href":"https:\/\/www.hoogstra-autosport.nl\/fr\/wp-json\/wp\/v2\/media?parent=61499"}],"wp:term":[{"taxonomy":"product_brand","embeddable":true,"href":"https:\/\/www.hoogstra-autosport.nl\/fr\/wp-json\/wp\/v2\/product_brand?post=61499"},{"taxonomy":"product_cat","embeddable":true,"href":"https:\/\/www.hoogstra-autosport.nl\/fr\/wp-json\/wp\/v2\/product_cat?post=61499"},{"taxonomy":"product_tag","embeddable":true,"href":"https:\/\/www.hoogstra-autosport.nl\/fr\/wp-json\/wp\/v2\/product_tag?post=61499"}],"curies":[{"name":"wp","href":"https:\/\/api.w.org\/{rel}","templated":true}]}}