{"id":59767,"date":"2023-07-06T08:24:15","date_gmt":"2023-07-06T06:24:15","guid":{"rendered":"https:\/\/www.hoogstra-autosport.nl\/?post_type=product&#038;p=59767"},"modified":"2025-09-25T10:31:27","modified_gmt":"2025-09-25T08:31:27","slug":"stilo-wrc-koptelefoon","status":"publish","type":"product","link":"https:\/\/www.hoogstra-autosport.nl\/fr\/produit\/stilo-wrc-koptelefoon\/","title":{"rendered":"Casque Stilo WRC"},"content":{"rendered":"<p data-start=\"216\" data-end=\"528\">Le nouveau casque d'entra\u00eenement Stilo WRC est sp\u00e9cialement con\u00e7u pour une utilisation intensive pendant les longs trajets, m\u00eame dans les voitures de course et de rallye les plus bruyantes. Gr\u00e2ce \u00e0 son isolation phonique am\u00e9lior\u00e9e et \u00e0 son design confortable, vous pouvez communiquer pendant des heures sans \u00eatre g\u00ean\u00e9 par le bruit ambiant ou les points de pression.<\/p>\n<p data-start=\"530\" data-end=\"743\">Ce casque a \u00e9t\u00e9 con\u00e7u comme un compl\u00e9ment id\u00e9al au <strong data-start=\"585\" data-end=\"600\">Stilo WRC03<\/strong>, <strong data-start=\"602\" data-end=\"613\">WRC Des<\/strong> et le <strong data-start=\"620\" data-end=\"657\">Syst\u00e8mes d'interphone\/amplificateur ST30<\/strong>garantissant une transmission claire de la voix et des performances fiables.<\/p>\n<ul data-start=\"745\" data-end=\"1073\">\n<li data-start=\"745\" data-end=\"815\">\n<p data-start=\"747\" data-end=\"815\"><strong data-start=\"747\" data-end=\"780\">Am\u00e9lioration de l'ajustement et du confort<\/strong> - convient pour une utilisation \u00e0 long terme<\/p>\n<\/li>\n<li data-start=\"816\" data-end=\"907\">\n<p data-start=\"818\" data-end=\"907\"><strong data-start=\"818\" data-end=\"860\">Optimis\u00e9 pour la r\u00e9duction du bruit<\/strong> - son clair m\u00eame \u00e0 grande vitesse<\/p>\n<\/li>\n<li data-start=\"908\" data-end=\"966\">\n<p data-start=\"910\" data-end=\"966\"><strong data-start=\"910\" data-end=\"933\">Enti\u00e8rement compatible<\/strong> avec les interphones Stilo WRC<\/p>\n<\/li>\n<li data-start=\"967\" data-end=\"1073\">\n<p data-start=\"969\" data-end=\"1073\"><strong data-start=\"969\" data-end=\"996\">Durable et fiable<\/strong> - r\u00e9sistent \u00e0 une utilisation intensive lors des entra\u00eenements et des longues \u00e9tapes de rallye<\/p>\n<\/li>\n<\/ul>\n<p data-start=\"1075\" data-end=\"1274\">Que vous testiez pendant des heures sur des routes publiques ou que vous fassiez des kilom\u00e8tres suppl\u00e9mentaires en vue d'un rallye : le casque Stilo WRC practice assure une communication professionnelle et un confort maximal.<\/p>","protected":false},"excerpt":{"rendered":"<p>De vernieuwde Stilo WRC oefen-headset is speciaal ontworpen voor intensief gebruik tijdens lange ritten op de weg, zelfs in de meest lawaaierige race- en rallyauto\u2019s. Dankzij de verbeterde geluidsisolatie en het comfortabele ontwerp kun je urenlang communiceren zonder hinder van omgevingsgeluid of drukpunten. Deze headset is ontwikkeld als ideale aanvulling op de Stilo WRC03, WRC [&hellip;]<\/p>\n","protected":false},"featured_media":59770,"template":"","meta":{"_acf_changed":false},"product_brand":[],"product_cat":[4254],"product_tag":[],"class_list":{"0":"post-59767","1":"product","2":"type-product","3":"status-publish","4":"has-post-thumbnail","6":"product_cat-toebehoren","7":"product_shipping_class-4016","9":"first","10":"instock","11":"taxable","12":"shipping-taxable","13":"purchasable","14":"product-type-simple"},"acf":[],"yoast_head":"<!-- This site is optimized with the Yoast SEO plugin v27.1.1 - https:\/\/yoast.com\/product\/yoast-seo-wordpress\/ -->\n<title>Stilo WRC Koptelefoon - Hoogstra Autosport<\/title>\n<meta name=\"robots\" content=\"index, follow, max-snippet:-1, max-image-preview:large, max-video-preview:-1\" \/>\n<link rel=\"canonical\" href=\"https:\/\/www.hoogstra-autosport.nl\/fr\/produit\/stilo-wrc-koptelefoon\/\" \/>\n<meta property=\"og:locale\" content=\"fr_FR\" \/>\n<meta property=\"og:type\" content=\"article\" \/>\n<meta property=\"og:title\" content=\"Stilo WRC Koptelefoon - Hoogstra Autosport\" \/>\n<meta property=\"og:description\" content=\"De vernieuwde Stilo WRC oefen-headset is speciaal ontworpen voor intensief gebruik tijdens lange ritten op de weg, zelfs in de meest lawaaierige race- en rallyauto\u2019s. Dankzij de verbeterde geluidsisolatie en het comfortabele ontwerp kun je urenlang communiceren zonder hinder van omgevingsgeluid of drukpunten. Deze headset is ontwikkeld als ideale aanvulling op de Stilo WRC03, WRC [&hellip;]\" \/>\n<meta property=\"og:url\" content=\"https:\/\/www.hoogstra-autosport.nl\/fr\/produit\/stilo-wrc-koptelefoon\/\" \/>\n<meta property=\"og:site_name\" content=\"Hoogstra Autosport\" \/>\n<meta property=\"article:modified_time\" content=\"2025-09-25T08:31:27+00:00\" \/>\n<meta property=\"og:image\" content=\"https:\/\/www.hoogstra-autosport.nl\/teamkoen\/wp-content\/uploads\/2023\/07\/ad0210stiloheadset-df35_1_1.jpg\" \/>\n\t<meta property=\"og:image:width\" content=\"748\" \/>\n\t<meta property=\"og:image:height\" content=\"552\" \/>\n\t<meta property=\"og:image:type\" content=\"image\/jpeg\" \/>\n<meta name=\"twitter:card\" content=\"summary_large_image\" \/>\n<meta name=\"twitter:label1\" content=\"Dur\u00e9e de lecture estim\u00e9e\" \/>\n\t<meta name=\"twitter:data1\" content=\"1 minute\" \/>\n<script type=\"application\/ld+json\" class=\"yoast-schema-graph\">{\"@context\":\"https:\/\/schema.org\",\"@graph\":[{\"@type\":\"WebPage\",\"@id\":\"https:\/\/www.hoogstra-autosport.nl\/product\/stilo-wrc-koptelefoon\/\",\"url\":\"https:\/\/www.hoogstra-autosport.nl\/product\/stilo-wrc-koptelefoon\/\",\"name\":\"Stilo WRC Koptelefoon - Hoogstra Autosport\",\"isPartOf\":{\"@id\":\"https:\/\/www.hoogstra-autosport.nl\/#website\"},\"primaryImageOfPage\":{\"@id\":\"https:\/\/www.hoogstra-autosport.nl\/product\/stilo-wrc-koptelefoon\/#primaryimage\"},\"image\":{\"@id\":\"https:\/\/www.hoogstra-autosport.nl\/product\/stilo-wrc-koptelefoon\/#primaryimage\"},\"thumbnailUrl\":\"https:\/\/www.hoogstra-autosport.nl\/teamkoen\/wp-content\/uploads\/2023\/07\/ad0210stiloheadset-df35_1_1.jpg\",\"datePublished\":\"2023-07-06T06:24:15+00:00\",\"dateModified\":\"2025-09-25T08:31:27+00:00\",\"breadcrumb\":{\"@id\":\"https:\/\/www.hoogstra-autosport.nl\/product\/stilo-wrc-koptelefoon\/#breadcrumb\"},\"inLanguage\":\"fr-FR\",\"potentialAction\":[{\"@type\":\"ReadAction\",\"target\":[\"https:\/\/www.hoogstra-autosport.nl\/product\/stilo-wrc-koptelefoon\/\"]}]},{\"@type\":\"ImageObject\",\"inLanguage\":\"fr-FR\",\"@id\":\"https:\/\/www.hoogstra-autosport.nl\/product\/stilo-wrc-koptelefoon\/#primaryimage\",\"url\":\"https:\/\/www.hoogstra-autosport.nl\/teamkoen\/wp-content\/uploads\/2023\/07\/ad0210stiloheadset-df35_1_1.jpg\",\"contentUrl\":\"https:\/\/www.hoogstra-autosport.nl\/teamkoen\/wp-content\/uploads\/2023\/07\/ad0210stiloheadset-df35_1_1.jpg\",\"width\":748,\"height\":552},{\"@type\":\"BreadcrumbList\",\"@id\":\"https:\/\/www.hoogstra-autosport.nl\/product\/stilo-wrc-koptelefoon\/#breadcrumb\",\"itemListElement\":[{\"@type\":\"ListItem\",\"position\":1,\"name\":\"Home\",\"item\":\"https:\/\/www.hoogstra-autosport.nl\/\"},{\"@type\":\"ListItem\",\"position\":2,\"name\":\"Uitrusting\",\"item\":\"https:\/\/www.hoogstra-autosport.nl\/product-categorie\/autosport-kleding-helmen\/\"},{\"@type\":\"ListItem\",\"position\":3,\"name\":\"Intercoms &amp; Headsets\",\"item\":\"https:\/\/www.hoogstra-autosport.nl\/product-categorie\/autosport-kleding-helmen\/intercoms-heaqsets\/\"},{\"@type\":\"ListItem\",\"position\":4,\"name\":\"Intercom Toebehoren\",\"item\":\"https:\/\/www.hoogstra-autosport.nl\/product-categorie\/autosport-kleding-helmen\/intercoms-heaqsets\/toebehoren\/\"},{\"@type\":\"ListItem\",\"position\":5,\"name\":\"Stilo WRC Koptelefoon\"}]},{\"@type\":\"WebSite\",\"@id\":\"https:\/\/www.hoogstra-autosport.nl\/#website\",\"url\":\"https:\/\/www.hoogstra-autosport.nl\/\",\"name\":\"Hoogstra Autosport\",\"description\":\"Performance Autosport Parts!\",\"potentialAction\":[{\"@type\":\"SearchAction\",\"target\":{\"@type\":\"EntryPoint\",\"urlTemplate\":\"https:\/\/www.hoogstra-autosport.nl\/?s={search_term_string}\"},\"query-input\":{\"@type\":\"PropertyValueSpecification\",\"valueRequired\":true,\"valueName\":\"search_term_string\"}}],\"inLanguage\":\"fr-FR\"}]}<\/script>\n<!-- \/ Yoast SEO plugin. -->","yoast_head_json":{"title":"Stilo WRC Koptelefoon - Hoogstra Autosport","robots":{"index":"index","follow":"follow","max-snippet":"max-snippet:-1","max-image-preview":"max-image-preview:large","max-video-preview":"max-video-preview:-1"},"canonical":"https:\/\/www.hoogstra-autosport.nl\/fr\/produit\/stilo-wrc-koptelefoon\/","og_locale":"fr_FR","og_type":"article","og_title":"Stilo WRC Koptelefoon - Hoogstra Autosport","og_description":"De vernieuwde Stilo WRC oefen-headset is speciaal ontworpen voor intensief gebruik tijdens lange ritten op de weg, zelfs in de meest lawaaierige race- en rallyauto\u2019s. Dankzij de verbeterde geluidsisolatie en het comfortabele ontwerp kun je urenlang communiceren zonder hinder van omgevingsgeluid of drukpunten. Deze headset is ontwikkeld als ideale aanvulling op de Stilo WRC03, WRC [&hellip;]","og_url":"https:\/\/www.hoogstra-autosport.nl\/fr\/produit\/stilo-wrc-koptelefoon\/","og_site_name":"Hoogstra Autosport","article_modified_time":"2025-09-25T08:31:27+00:00","og_image":[{"width":748,"height":552,"url":"https:\/\/www.hoogstra-autosport.nl\/teamkoen\/wp-content\/uploads\/2023\/07\/ad0210stiloheadset-df35_1_1.jpg","type":"image\/jpeg"}],"twitter_card":"summary_large_image","twitter_misc":{"Dur\u00e9e de lecture estim\u00e9e":"1 minute"},"schema":{"@context":"https:\/\/schema.org","@graph":[{"@type":"WebPage","@id":"https:\/\/www.hoogstra-autosport.nl\/product\/stilo-wrc-koptelefoon\/","url":"https:\/\/www.hoogstra-autosport.nl\/product\/stilo-wrc-koptelefoon\/","name":"Stilo WRC Koptelefoon - Hoogstra Autosport","isPartOf":{"@id":"https:\/\/www.hoogstra-autosport.nl\/#website"},"primaryImageOfPage":{"@id":"https:\/\/www.hoogstra-autosport.nl\/product\/stilo-wrc-koptelefoon\/#primaryimage"},"image":{"@id":"https:\/\/www.hoogstra-autosport.nl\/product\/stilo-wrc-koptelefoon\/#primaryimage"},"thumbnailUrl":"https:\/\/www.hoogstra-autosport.nl\/teamkoen\/wp-content\/uploads\/2023\/07\/ad0210stiloheadset-df35_1_1.jpg","datePublished":"2023-07-06T06:24:15+00:00","dateModified":"2025-09-25T08:31:27+00:00","breadcrumb":{"@id":"https:\/\/www.hoogstra-autosport.nl\/product\/stilo-wrc-koptelefoon\/#breadcrumb"},"inLanguage":"fr-FR","potentialAction":[{"@type":"ReadAction","target":["https:\/\/www.hoogstra-autosport.nl\/product\/stilo-wrc-koptelefoon\/"]}]},{"@type":"ImageObject","inLanguage":"fr-FR","@id":"https:\/\/www.hoogstra-autosport.nl\/product\/stilo-wrc-koptelefoon\/#primaryimage","url":"https:\/\/www.hoogstra-autosport.nl\/teamkoen\/wp-content\/uploads\/2023\/07\/ad0210stiloheadset-df35_1_1.jpg","contentUrl":"https:\/\/www.hoogstra-autosport.nl\/teamkoen\/wp-content\/uploads\/2023\/07\/ad0210stiloheadset-df35_1_1.jpg","width":748,"height":552},{"@type":"BreadcrumbList","@id":"https:\/\/www.hoogstra-autosport.nl\/product\/stilo-wrc-koptelefoon\/#breadcrumb","itemListElement":[{"@type":"ListItem","position":1,"name":"Home","item":"https:\/\/www.hoogstra-autosport.nl\/"},{"@type":"ListItem","position":2,"name":"Uitrusting","item":"https:\/\/www.hoogstra-autosport.nl\/product-categorie\/autosport-kleding-helmen\/"},{"@type":"ListItem","position":3,"name":"Intercoms &amp; Headsets","item":"https:\/\/www.hoogstra-autosport.nl\/product-categorie\/autosport-kleding-helmen\/intercoms-heaqsets\/"},{"@type":"ListItem","position":4,"name":"Intercom Toebehoren","item":"https:\/\/www.hoogstra-autosport.nl\/product-categorie\/autosport-kleding-helmen\/intercoms-heaqsets\/toebehoren\/"},{"@type":"ListItem","position":5,"name":"Stilo WRC Koptelefoon"}]},{"@type":"WebSite","@id":"https:\/\/www.hoogstra-autosport.nl\/#website","url":"https:\/\/www.hoogstra-autosport.nl\/","name":"Hoogstra Autosport","description":"Performance Autosport Parts!","potentialAction":[{"@type":"SearchAction","target":{"@type":"EntryPoint","urlTemplate":"https:\/\/www.hoogstra-autosport.nl\/?s={search_term_string}"},"query-input":{"@type":"PropertyValueSpecification","valueRequired":true,"valueName":"search_term_string"}}],"inLanguage":"fr-FR"}]}},"tiered_pricing_type":"fixed","tiered_pricing_fixed_rules":[],"tiered_pricing_product_settings":{"layout":"default","base_unit_name":{"singular":null,"plural":null},"default_variation":null},"tiered_pricing_minimum_quantity":null,"tiered_pricing_roles_data":[],"tiered_pricing_percentage_rules":[],"tiered_pricing_maximum_quantity":null,"tiered_pricing_quantity_step":null,"_links":{"self":[{"href":"https:\/\/www.hoogstra-autosport.nl\/fr\/wp-json\/wp\/v2\/product\/59767","targetHints":{"allow":["GET"]}}],"collection":[{"href":"https:\/\/www.hoogstra-autosport.nl\/fr\/wp-json\/wp\/v2\/product"}],"about":[{"href":"https:\/\/www.hoogstra-autosport.nl\/fr\/wp-json\/wp\/v2\/types\/product"}],"wp:featuredmedia":[{"embeddable":true,"href":"https:\/\/www.hoogstra-autosport.nl\/fr\/wp-json\/wp\/v2\/media\/59770"}],"wp:attachment":[{"href":"https:\/\/www.hoogstra-autosport.nl\/fr\/wp-json\/wp\/v2\/media?parent=59767"}],"wp:term":[{"taxonomy":"product_brand","embeddable":true,"href":"https:\/\/www.hoogstra-autosport.nl\/fr\/wp-json\/wp\/v2\/product_brand?post=59767"},{"taxonomy":"product_cat","embeddable":true,"href":"https:\/\/www.hoogstra-autosport.nl\/fr\/wp-json\/wp\/v2\/product_cat?post=59767"},{"taxonomy":"product_tag","embeddable":true,"href":"https:\/\/www.hoogstra-autosport.nl\/fr\/wp-json\/wp\/v2\/product_tag?post=59767"}],"curies":[{"name":"wp","href":"https:\/\/api.w.org\/{rel}","templated":true}]}}