{"id":59530,"date":"2023-06-29T08:58:15","date_gmt":"2023-06-29T06:58:15","guid":{"rendered":"https:\/\/www.hoogstra-autosport.nl\/?post_type=product&#038;p=59530"},"modified":"2024-01-20T13:19:36","modified_gmt":"2024-01-20T12:19:36","slug":"armor-vision-36-mm-smart-lens-protector","status":"publish","type":"product","link":"https:\/\/www.hoogstra-autosport.nl\/fr\/produit\/armor-vision-36-mm-smart-lens-protector\/","title":{"rendered":"Armor Vision 36 MM Smart Lens Protector"},"content":{"rendered":"<p>Le syst\u00e8me de remplacement de l'arrachage Armor Vision, r\u00e9volutionnaire et tr\u00e8s pris\u00e9 (\u00e0 juste titre !), prend le monde d'assaut.... Le rev\u00eatement ultra-dur aux propri\u00e9t\u00e9s hydrophobes fait de ce produit un innovateur dans l'industrie. La boue, la poussi\u00e8re et le sable qui adh\u00e8rent s'enl\u00e8vent proprement dans presque toutes les conditions !<\/p>\n<p>Test\u00e9 par les meilleurs athl\u00e8tes du monde entier et de plus en plus d'entre eux rejoignent la r\u00e9volution chaque jour.<\/p>\n<p>De 36mm Smartfilm is ontworpen om te passen op de meeste kleinere frame en jeugdbrillen.<\/p>","protected":false},"excerpt":{"rendered":"<p>Armor Vision revolutionair en veel gehypet (allemaal met goede reden!) Scheur af vervangend systeem verovert de wereld stormenderhand.. Superharde coating met hydrofobe eigenschappen betekent dat dit product een innovator in de industrie is. Modder, Stof en Zand dat wel blijft plakken, veegt in bijna alle omstandigheden netjes weg! Beproefd en getest door topsporters over de [&hellip;]<\/p>\n","protected":false},"featured_media":59531,"template":"","meta":{"_acf_changed":false},"product_brand":[],"product_cat":[4045,4244,3899],"product_tag":[],"class_list":{"0":"post-59530","1":"product","2":"type-product","3":"status-publish","4":"has-post-thumbnail","6":"product_cat-armor-vision","7":"product_cat-armor-vision-merken","8":"product_cat-kleding-en-helmen","9":"product_shipping_class-4016","11":"first","12":"instock","13":"sale","14":"taxable","15":"shipping-taxable","16":"purchasable","17":"product-type-simple"},"acf":[],"yoast_head":"<!-- This site is optimized with the Yoast SEO plugin v27.1.1 - https:\/\/yoast.com\/product\/yoast-seo-wordpress\/ -->\n<title>Armor Vision 36 MM Smart Lens Protector - Hoogstra Autosport<\/title>\n<meta name=\"robots\" content=\"index, follow, max-snippet:-1, max-image-preview:large, max-video-preview:-1\" \/>\n<link rel=\"canonical\" href=\"https:\/\/www.hoogstra-autosport.nl\/fr\/produit\/armor-vision-36-mm-smart-lens-protector\/\" \/>\n<meta property=\"og:locale\" content=\"fr_FR\" \/>\n<meta property=\"og:type\" content=\"article\" \/>\n<meta property=\"og:title\" content=\"Armor Vision 36 MM Smart Lens Protector - Hoogstra Autosport\" \/>\n<meta property=\"og:description\" content=\"Armor Vision revolutionair en veel gehypet (allemaal met goede reden!) Scheur af vervangend systeem verovert de wereld stormenderhand.. Superharde coating met hydrofobe eigenschappen betekent dat dit product een innovator in de industrie is. Modder, Stof en Zand dat wel blijft plakken, veegt in bijna alle omstandigheden netjes weg! Beproefd en getest door topsporters over de [&hellip;]\" \/>\n<meta property=\"og:url\" content=\"https:\/\/www.hoogstra-autosport.nl\/fr\/produit\/armor-vision-36-mm-smart-lens-protector\/\" \/>\n<meta property=\"og:site_name\" content=\"Hoogstra Autosport\" \/>\n<meta property=\"article:modified_time\" content=\"2024-01-20T12:19:36+00:00\" \/>\n<meta property=\"og:image\" content=\"https:\/\/www.hoogstra-autosport.nl\/teamkoen\/content\/uploads\/2023\/06\/armor-vision-36mm.png\" \/>\n\t<meta property=\"og:image:width\" content=\"986\" \/>\n\t<meta property=\"og:image:height\" content=\"986\" \/>\n\t<meta property=\"og:image:type\" content=\"image\/png\" \/>\n<meta name=\"twitter:card\" content=\"summary_large_image\" \/>\n<meta name=\"twitter:label1\" content=\"Dur\u00e9e de lecture estim\u00e9e\" \/>\n\t<meta name=\"twitter:data1\" content=\"1 minute\" \/>\n<script type=\"application\/ld+json\" class=\"yoast-schema-graph\">{\"@context\":\"https:\/\/schema.org\",\"@graph\":[{\"@type\":\"WebPage\",\"@id\":\"https:\/\/www.hoogstra-autosport.nl\/product\/armor-vision-36-mm-smart-lens-protector\/\",\"url\":\"https:\/\/www.hoogstra-autosport.nl\/product\/armor-vision-36-mm-smart-lens-protector\/\",\"name\":\"Armor Vision 36 MM Smart Lens Protector - Hoogstra Autosport\",\"isPartOf\":{\"@id\":\"https:\/\/www.hoogstra-autosport.nl\/#website\"},\"primaryImageOfPage\":{\"@id\":\"https:\/\/www.hoogstra-autosport.nl\/product\/armor-vision-36-mm-smart-lens-protector\/#primaryimage\"},\"image\":{\"@id\":\"https:\/\/www.hoogstra-autosport.nl\/product\/armor-vision-36-mm-smart-lens-protector\/#primaryimage\"},\"thumbnailUrl\":\"https:\/\/www.hoogstra-autosport.nl\/teamkoen\/wp-content\/uploads\/2023\/06\/armor-vision-36mm.png\",\"datePublished\":\"2023-06-29T06:58:15+00:00\",\"dateModified\":\"2024-01-20T12:19:36+00:00\",\"breadcrumb\":{\"@id\":\"https:\/\/www.hoogstra-autosport.nl\/product\/armor-vision-36-mm-smart-lens-protector\/#breadcrumb\"},\"inLanguage\":\"fr-FR\",\"potentialAction\":[{\"@type\":\"ReadAction\",\"target\":[\"https:\/\/www.hoogstra-autosport.nl\/product\/armor-vision-36-mm-smart-lens-protector\/\"]}]},{\"@type\":\"ImageObject\",\"inLanguage\":\"fr-FR\",\"@id\":\"https:\/\/www.hoogstra-autosport.nl\/product\/armor-vision-36-mm-smart-lens-protector\/#primaryimage\",\"url\":\"https:\/\/www.hoogstra-autosport.nl\/teamkoen\/wp-content\/uploads\/2023\/06\/armor-vision-36mm.png\",\"contentUrl\":\"https:\/\/www.hoogstra-autosport.nl\/teamkoen\/wp-content\/uploads\/2023\/06\/armor-vision-36mm.png\",\"width\":986,\"height\":986},{\"@type\":\"BreadcrumbList\",\"@id\":\"https:\/\/www.hoogstra-autosport.nl\/product\/armor-vision-36-mm-smart-lens-protector\/#breadcrumb\",\"itemListElement\":[{\"@type\":\"ListItem\",\"position\":1,\"name\":\"Home\",\"item\":\"https:\/\/www.hoogstra-autosport.nl\/\"},{\"@type\":\"ListItem\",\"position\":2,\"name\":\"Uitrusting\",\"item\":\"https:\/\/www.hoogstra-autosport.nl\/product-categorie\/autosport-kleding-helmen\/\"},{\"@type\":\"ListItem\",\"position\":3,\"name\":\"Crossbrillen\",\"item\":\"https:\/\/www.hoogstra-autosport.nl\/product-categorie\/autosport-kleding-helmen\/crossbrillen\/\"},{\"@type\":\"ListItem\",\"position\":4,\"name\":\"Armor Vision\",\"item\":\"https:\/\/www.hoogstra-autosport.nl\/product-categorie\/autosport-kleding-helmen\/crossbrillen\/armor-vision\/\"},{\"@type\":\"ListItem\",\"position\":5,\"name\":\"Armor Vision 36 MM Smart Lens Protector\"}]},{\"@type\":\"WebSite\",\"@id\":\"https:\/\/www.hoogstra-autosport.nl\/#website\",\"url\":\"https:\/\/www.hoogstra-autosport.nl\/\",\"name\":\"Hoogstra Autosport\",\"description\":\"Performance Autosport Parts!\",\"potentialAction\":[{\"@type\":\"SearchAction\",\"target\":{\"@type\":\"EntryPoint\",\"urlTemplate\":\"https:\/\/www.hoogstra-autosport.nl\/?s={search_term_string}\"},\"query-input\":{\"@type\":\"PropertyValueSpecification\",\"valueRequired\":true,\"valueName\":\"search_term_string\"}}],\"inLanguage\":\"fr-FR\"}]}<\/script>\n<!-- \/ Yoast SEO plugin. -->","yoast_head_json":{"title":"Armor Vision 36 MM Smart Lens Protector - Hoogstra Autosport","robots":{"index":"index","follow":"follow","max-snippet":"max-snippet:-1","max-image-preview":"max-image-preview:large","max-video-preview":"max-video-preview:-1"},"canonical":"https:\/\/www.hoogstra-autosport.nl\/fr\/produit\/armor-vision-36-mm-smart-lens-protector\/","og_locale":"fr_FR","og_type":"article","og_title":"Armor Vision 36 MM Smart Lens Protector - Hoogstra Autosport","og_description":"Armor Vision revolutionair en veel gehypet (allemaal met goede reden!) Scheur af vervangend systeem verovert de wereld stormenderhand.. Superharde coating met hydrofobe eigenschappen betekent dat dit product een innovator in de industrie is. Modder, Stof en Zand dat wel blijft plakken, veegt in bijna alle omstandigheden netjes weg! Beproefd en getest door topsporters over de [&hellip;]","og_url":"https:\/\/www.hoogstra-autosport.nl\/fr\/produit\/armor-vision-36-mm-smart-lens-protector\/","og_site_name":"Hoogstra Autosport","article_modified_time":"2024-01-20T12:19:36+00:00","og_image":[{"width":986,"height":986,"url":"https:\/\/www.hoogstra-autosport.nl\/teamkoen\/content\/uploads\/2023\/06\/armor-vision-36mm.png","type":"image\/png"}],"twitter_card":"summary_large_image","twitter_misc":{"Dur\u00e9e de lecture estim\u00e9e":"1 minute"},"schema":{"@context":"https:\/\/schema.org","@graph":[{"@type":"WebPage","@id":"https:\/\/www.hoogstra-autosport.nl\/product\/armor-vision-36-mm-smart-lens-protector\/","url":"https:\/\/www.hoogstra-autosport.nl\/product\/armor-vision-36-mm-smart-lens-protector\/","name":"Armor Vision 36 MM Smart Lens Protector - Hoogstra Autosport","isPartOf":{"@id":"https:\/\/www.hoogstra-autosport.nl\/#website"},"primaryImageOfPage":{"@id":"https:\/\/www.hoogstra-autosport.nl\/product\/armor-vision-36-mm-smart-lens-protector\/#primaryimage"},"image":{"@id":"https:\/\/www.hoogstra-autosport.nl\/product\/armor-vision-36-mm-smart-lens-protector\/#primaryimage"},"thumbnailUrl":"https:\/\/www.hoogstra-autosport.nl\/teamkoen\/wp-content\/uploads\/2023\/06\/armor-vision-36mm.png","datePublished":"2023-06-29T06:58:15+00:00","dateModified":"2024-01-20T12:19:36+00:00","breadcrumb":{"@id":"https:\/\/www.hoogstra-autosport.nl\/product\/armor-vision-36-mm-smart-lens-protector\/#breadcrumb"},"inLanguage":"fr-FR","potentialAction":[{"@type":"ReadAction","target":["https:\/\/www.hoogstra-autosport.nl\/product\/armor-vision-36-mm-smart-lens-protector\/"]}]},{"@type":"ImageObject","inLanguage":"fr-FR","@id":"https:\/\/www.hoogstra-autosport.nl\/product\/armor-vision-36-mm-smart-lens-protector\/#primaryimage","url":"https:\/\/www.hoogstra-autosport.nl\/teamkoen\/wp-content\/uploads\/2023\/06\/armor-vision-36mm.png","contentUrl":"https:\/\/www.hoogstra-autosport.nl\/teamkoen\/wp-content\/uploads\/2023\/06\/armor-vision-36mm.png","width":986,"height":986},{"@type":"BreadcrumbList","@id":"https:\/\/www.hoogstra-autosport.nl\/product\/armor-vision-36-mm-smart-lens-protector\/#breadcrumb","itemListElement":[{"@type":"ListItem","position":1,"name":"Home","item":"https:\/\/www.hoogstra-autosport.nl\/"},{"@type":"ListItem","position":2,"name":"Uitrusting","item":"https:\/\/www.hoogstra-autosport.nl\/product-categorie\/autosport-kleding-helmen\/"},{"@type":"ListItem","position":3,"name":"Crossbrillen","item":"https:\/\/www.hoogstra-autosport.nl\/product-categorie\/autosport-kleding-helmen\/crossbrillen\/"},{"@type":"ListItem","position":4,"name":"Armor Vision","item":"https:\/\/www.hoogstra-autosport.nl\/product-categorie\/autosport-kleding-helmen\/crossbrillen\/armor-vision\/"},{"@type":"ListItem","position":5,"name":"Armor Vision 36 MM Smart Lens Protector"}]},{"@type":"WebSite","@id":"https:\/\/www.hoogstra-autosport.nl\/#website","url":"https:\/\/www.hoogstra-autosport.nl\/","name":"Hoogstra Autosport","description":"Performance Autosport Parts!","potentialAction":[{"@type":"SearchAction","target":{"@type":"EntryPoint","urlTemplate":"https:\/\/www.hoogstra-autosport.nl\/?s={search_term_string}"},"query-input":{"@type":"PropertyValueSpecification","valueRequired":true,"valueName":"search_term_string"}}],"inLanguage":"fr-FR"}]}},"tiered_pricing_type":"fixed","tiered_pricing_fixed_rules":[],"tiered_pricing_product_settings":{"layout":"default","base_unit_name":{"singular":null,"plural":null},"default_variation":null},"tiered_pricing_minimum_quantity":null,"tiered_pricing_roles_data":[],"tiered_pricing_percentage_rules":[],"tiered_pricing_maximum_quantity":null,"tiered_pricing_quantity_step":null,"_links":{"self":[{"href":"https:\/\/www.hoogstra-autosport.nl\/fr\/wp-json\/wp\/v2\/product\/59530","targetHints":{"allow":["GET"]}}],"collection":[{"href":"https:\/\/www.hoogstra-autosport.nl\/fr\/wp-json\/wp\/v2\/product"}],"about":[{"href":"https:\/\/www.hoogstra-autosport.nl\/fr\/wp-json\/wp\/v2\/types\/product"}],"wp:featuredmedia":[{"embeddable":true,"href":"https:\/\/www.hoogstra-autosport.nl\/fr\/wp-json\/wp\/v2\/media\/59531"}],"wp:attachment":[{"href":"https:\/\/www.hoogstra-autosport.nl\/fr\/wp-json\/wp\/v2\/media?parent=59530"}],"wp:term":[{"taxonomy":"product_brand","embeddable":true,"href":"https:\/\/www.hoogstra-autosport.nl\/fr\/wp-json\/wp\/v2\/product_brand?post=59530"},{"taxonomy":"product_cat","embeddable":true,"href":"https:\/\/www.hoogstra-autosport.nl\/fr\/wp-json\/wp\/v2\/product_cat?post=59530"},{"taxonomy":"product_tag","embeddable":true,"href":"https:\/\/www.hoogstra-autosport.nl\/fr\/wp-json\/wp\/v2\/product_tag?post=59530"}],"curies":[{"name":"wp","href":"https:\/\/api.w.org\/{rel}","templated":true}]}}