{"id":57748,"date":"2023-05-11T10:43:02","date_gmt":"2023-05-11T08:43:02","guid":{"rendered":"https:\/\/www.hoogstra-autosport.nl\/?post_type=product&#038;p=57748"},"modified":"2025-11-28T17:00:19","modified_gmt":"2025-11-28T16:00:19","slug":"hydraulisch-druklager-ap-racing-50mm","status":"publish","type":"product","link":"https:\/\/www.hoogstra-autosport.nl\/fr\/produit\/hydraulisch-druklager-ap-racing-50mm\/","title":{"rendered":"Palier de but\u00e9e hydraulique AP Racing 50MM"},"content":{"rendered":"<p>Palier de but\u00e9e hydrostatique AP racing<\/p>\n<p>Surface d'installation du cylindre 50 mm<\/p>\n<p>Le cylindre sort de 12 mm (course)<\/p>\n<p>Type de filetage M10x1,0<\/p>\n<p>&nbsp;<\/p>\n<div class=\"product attribute description\">\n<div class=\"value\">AP RACING CP6859 cylindre r\u00e9cepteur d'embrayage \u00d8 55 mm - roulement ext\u00e9rieur<\/div>\n<div class=\"value\">Sp\u00e9cifications de la s\u00e9rie CP6859 :<br \/>\n- Corps en alliage d'aluminium forg\u00e9.<br \/>\n- Piston en alliage d'aluminium.<br \/>\n- Surface r\u00e9elle : 920 mm\u00b2.<br \/>\n- Pression maximale : 1 250 psi (82,8 bars).<br \/>\n- Liquide sugg\u00e9r\u00e9 : AP660 ou AP600.<br \/>\n- Type : Hydraulique.Sp\u00e9cifications du CP6859<br \/>\n- Diam\u00e8tre du fulcrum : 55 mm.<br \/>\n- Course maximale : 12 mm.<br \/>\n- Poids : 346 g.<\/div>\n<\/div>","protected":false},"excerpt":{"rendered":"<p>AP racing Hydrualisch druklager Cilinder aanlegvlak 50 mm Cilinder komt 12 mm uit ( slag) Draad soort M10x1.0 &nbsp; AP RACING CP6859 clutch slave cylinder \u00d8 55 mm &#8211; outer bearing Specifications of the CP6859 series: &#8211; Forged aluminium alloy body. &#8211; Aluminium alloy piston. &#8211; Real surface: 920 mm\u00b2. &#8211; Max pressure: 1,250 psi [&hellip;]<\/p>\n","protected":false},"featured_media":94051,"template":"","meta":{"_acf_changed":false},"product_brand":[],"product_cat":[4037,2792],"product_tag":[],"class_list":{"0":"post-57748","1":"product","2":"type-product","3":"status-publish","4":"has-post-thumbnail","6":"product_cat-ap-racing","7":"product_cat-hydraulische-koppeling","8":"product_shipping_class-4016","10":"first","11":"instock","12":"taxable","13":"shipping-taxable","14":"purchasable","15":"product-type-simple"},"acf":[],"yoast_head":"<!-- This site is optimized with the Yoast SEO plugin v27.1.1 - https:\/\/yoast.com\/product\/yoast-seo-wordpress\/ -->\n<title>Hydraulisch Druklager AP Racing 50MM - Hoogstra Autosport<\/title>\n<meta name=\"robots\" content=\"index, follow, max-snippet:-1, max-image-preview:large, max-video-preview:-1\" \/>\n<link rel=\"canonical\" href=\"https:\/\/www.hoogstra-autosport.nl\/fr\/produit\/hydraulisch-druklager-ap-racing-50mm\/\" \/>\n<meta property=\"og:locale\" content=\"fr_FR\" \/>\n<meta property=\"og:type\" content=\"article\" \/>\n<meta property=\"og:title\" content=\"Hydraulisch Druklager AP Racing 50MM - Hoogstra Autosport\" \/>\n<meta property=\"og:description\" content=\"AP racing Hydrualisch druklager Cilinder aanlegvlak 50 mm Cilinder komt 12 mm uit ( slag) Draad soort M10x1.0 &nbsp; AP RACING CP6859 clutch slave cylinder \u00d8 55 mm &#8211; outer bearing Specifications of the CP6859 series: &#8211; Forged aluminium alloy body. &#8211; Aluminium alloy piston. &#8211; Real surface: 920 mm\u00b2. &#8211; Max pressure: 1,250 psi [&hellip;]\" \/>\n<meta property=\"og:url\" content=\"https:\/\/www.hoogstra-autosport.nl\/fr\/produit\/hydraulisch-druklager-ap-racing-50mm\/\" \/>\n<meta property=\"og:site_name\" content=\"Hoogstra Autosport\" \/>\n<meta property=\"article:modified_time\" content=\"2025-11-28T16:00:19+00:00\" \/>\n<meta property=\"og:image\" content=\"https:\/\/www.hoogstra-autosport.nl\/teamkoen\/wp-content\/uploads\/2023\/05\/Untitled-Project-53.jpg\" \/>\n\t<meta property=\"og:image:width\" content=\"1080\" \/>\n\t<meta property=\"og:image:height\" content=\"1080\" \/>\n\t<meta property=\"og:image:type\" content=\"image\/jpeg\" \/>\n<meta name=\"twitter:card\" content=\"summary_large_image\" \/>\n<meta name=\"twitter:label1\" content=\"Dur\u00e9e de lecture estim\u00e9e\" \/>\n\t<meta name=\"twitter:data1\" content=\"1 minute\" \/>\n<script type=\"application\/ld+json\" class=\"yoast-schema-graph\">{\"@context\":\"https:\/\/schema.org\",\"@graph\":[{\"@type\":\"WebPage\",\"@id\":\"https:\/\/www.hoogstra-autosport.nl\/product\/hydraulisch-druklager-ap-racing-50mm\/\",\"url\":\"https:\/\/www.hoogstra-autosport.nl\/product\/hydraulisch-druklager-ap-racing-50mm\/\",\"name\":\"Hydraulisch Druklager AP Racing 50MM - Hoogstra Autosport\",\"isPartOf\":{\"@id\":\"https:\/\/www.hoogstra-autosport.nl\/#website\"},\"primaryImageOfPage\":{\"@id\":\"https:\/\/www.hoogstra-autosport.nl\/product\/hydraulisch-druklager-ap-racing-50mm\/#primaryimage\"},\"image\":{\"@id\":\"https:\/\/www.hoogstra-autosport.nl\/product\/hydraulisch-druklager-ap-racing-50mm\/#primaryimage\"},\"thumbnailUrl\":\"https:\/\/www.hoogstra-autosport.nl\/teamkoen\/wp-content\/uploads\/2023\/05\/Untitled-Project-53.jpg\",\"datePublished\":\"2023-05-11T08:43:02+00:00\",\"dateModified\":\"2025-11-28T16:00:19+00:00\",\"breadcrumb\":{\"@id\":\"https:\/\/www.hoogstra-autosport.nl\/product\/hydraulisch-druklager-ap-racing-50mm\/#breadcrumb\"},\"inLanguage\":\"fr-FR\",\"potentialAction\":[{\"@type\":\"ReadAction\",\"target\":[\"https:\/\/www.hoogstra-autosport.nl\/product\/hydraulisch-druklager-ap-racing-50mm\/\"]}]},{\"@type\":\"ImageObject\",\"inLanguage\":\"fr-FR\",\"@id\":\"https:\/\/www.hoogstra-autosport.nl\/product\/hydraulisch-druklager-ap-racing-50mm\/#primaryimage\",\"url\":\"https:\/\/www.hoogstra-autosport.nl\/teamkoen\/wp-content\/uploads\/2023\/05\/Untitled-Project-53.jpg\",\"contentUrl\":\"https:\/\/www.hoogstra-autosport.nl\/teamkoen\/wp-content\/uploads\/2023\/05\/Untitled-Project-53.jpg\",\"width\":1080,\"height\":1080},{\"@type\":\"BreadcrumbList\",\"@id\":\"https:\/\/www.hoogstra-autosport.nl\/product\/hydraulisch-druklager-ap-racing-50mm\/#breadcrumb\",\"itemListElement\":[{\"@type\":\"ListItem\",\"position\":1,\"name\":\"Home\",\"item\":\"https:\/\/www.hoogstra-autosport.nl\/\"},{\"@type\":\"ListItem\",\"position\":2,\"name\":\"Motorisch\",\"item\":\"https:\/\/www.hoogstra-autosport.nl\/product-categorie\/auto-techniek\/\"},{\"@type\":\"ListItem\",\"position\":3,\"name\":\"Koppeling , Versnellingsbak en Assen\",\"item\":\"https:\/\/www.hoogstra-autosport.nl\/product-categorie\/auto-techniek\/koppeling-versnellingsbak-en-assen\/\"},{\"@type\":\"ListItem\",\"position\":4,\"name\":\"Hydraulische Koppeling\",\"item\":\"https:\/\/www.hoogstra-autosport.nl\/product-categorie\/auto-techniek\/koppeling-versnellingsbak-en-assen\/hydraulische-koppeling\/\"},{\"@type\":\"ListItem\",\"position\":5,\"name\":\"Hydraulisch Druklager AP Racing 50MM\"}]},{\"@type\":\"WebSite\",\"@id\":\"https:\/\/www.hoogstra-autosport.nl\/#website\",\"url\":\"https:\/\/www.hoogstra-autosport.nl\/\",\"name\":\"Hoogstra Autosport\",\"description\":\"Performance Autosport Parts!\",\"potentialAction\":[{\"@type\":\"SearchAction\",\"target\":{\"@type\":\"EntryPoint\",\"urlTemplate\":\"https:\/\/www.hoogstra-autosport.nl\/?s={search_term_string}\"},\"query-input\":{\"@type\":\"PropertyValueSpecification\",\"valueRequired\":true,\"valueName\":\"search_term_string\"}}],\"inLanguage\":\"fr-FR\"}]}<\/script>\n<!-- \/ Yoast SEO plugin. -->","yoast_head_json":{"title":"Hydraulisch Druklager AP Racing 50MM - Hoogstra Autosport","robots":{"index":"index","follow":"follow","max-snippet":"max-snippet:-1","max-image-preview":"max-image-preview:large","max-video-preview":"max-video-preview:-1"},"canonical":"https:\/\/www.hoogstra-autosport.nl\/fr\/produit\/hydraulisch-druklager-ap-racing-50mm\/","og_locale":"fr_FR","og_type":"article","og_title":"Hydraulisch Druklager AP Racing 50MM - Hoogstra Autosport","og_description":"AP racing Hydrualisch druklager Cilinder aanlegvlak 50 mm Cilinder komt 12 mm uit ( slag) Draad soort M10x1.0 &nbsp; AP RACING CP6859 clutch slave cylinder \u00d8 55 mm &#8211; outer bearing Specifications of the CP6859 series: &#8211; Forged aluminium alloy body. &#8211; Aluminium alloy piston. &#8211; Real surface: 920 mm\u00b2. &#8211; Max pressure: 1,250 psi [&hellip;]","og_url":"https:\/\/www.hoogstra-autosport.nl\/fr\/produit\/hydraulisch-druklager-ap-racing-50mm\/","og_site_name":"Hoogstra Autosport","article_modified_time":"2025-11-28T16:00:19+00:00","og_image":[{"width":1080,"height":1080,"url":"https:\/\/www.hoogstra-autosport.nl\/teamkoen\/wp-content\/uploads\/2023\/05\/Untitled-Project-53.jpg","type":"image\/jpeg"}],"twitter_card":"summary_large_image","twitter_misc":{"Dur\u00e9e de lecture estim\u00e9e":"1 minute"},"schema":{"@context":"https:\/\/schema.org","@graph":[{"@type":"WebPage","@id":"https:\/\/www.hoogstra-autosport.nl\/product\/hydraulisch-druklager-ap-racing-50mm\/","url":"https:\/\/www.hoogstra-autosport.nl\/product\/hydraulisch-druklager-ap-racing-50mm\/","name":"Hydraulisch Druklager AP Racing 50MM - Hoogstra Autosport","isPartOf":{"@id":"https:\/\/www.hoogstra-autosport.nl\/#website"},"primaryImageOfPage":{"@id":"https:\/\/www.hoogstra-autosport.nl\/product\/hydraulisch-druklager-ap-racing-50mm\/#primaryimage"},"image":{"@id":"https:\/\/www.hoogstra-autosport.nl\/product\/hydraulisch-druklager-ap-racing-50mm\/#primaryimage"},"thumbnailUrl":"https:\/\/www.hoogstra-autosport.nl\/teamkoen\/wp-content\/uploads\/2023\/05\/Untitled-Project-53.jpg","datePublished":"2023-05-11T08:43:02+00:00","dateModified":"2025-11-28T16:00:19+00:00","breadcrumb":{"@id":"https:\/\/www.hoogstra-autosport.nl\/product\/hydraulisch-druklager-ap-racing-50mm\/#breadcrumb"},"inLanguage":"fr-FR","potentialAction":[{"@type":"ReadAction","target":["https:\/\/www.hoogstra-autosport.nl\/product\/hydraulisch-druklager-ap-racing-50mm\/"]}]},{"@type":"ImageObject","inLanguage":"fr-FR","@id":"https:\/\/www.hoogstra-autosport.nl\/product\/hydraulisch-druklager-ap-racing-50mm\/#primaryimage","url":"https:\/\/www.hoogstra-autosport.nl\/teamkoen\/wp-content\/uploads\/2023\/05\/Untitled-Project-53.jpg","contentUrl":"https:\/\/www.hoogstra-autosport.nl\/teamkoen\/wp-content\/uploads\/2023\/05\/Untitled-Project-53.jpg","width":1080,"height":1080},{"@type":"BreadcrumbList","@id":"https:\/\/www.hoogstra-autosport.nl\/product\/hydraulisch-druklager-ap-racing-50mm\/#breadcrumb","itemListElement":[{"@type":"ListItem","position":1,"name":"Home","item":"https:\/\/www.hoogstra-autosport.nl\/"},{"@type":"ListItem","position":2,"name":"Motorisch","item":"https:\/\/www.hoogstra-autosport.nl\/product-categorie\/auto-techniek\/"},{"@type":"ListItem","position":3,"name":"Koppeling , Versnellingsbak en Assen","item":"https:\/\/www.hoogstra-autosport.nl\/product-categorie\/auto-techniek\/koppeling-versnellingsbak-en-assen\/"},{"@type":"ListItem","position":4,"name":"Hydraulische Koppeling","item":"https:\/\/www.hoogstra-autosport.nl\/product-categorie\/auto-techniek\/koppeling-versnellingsbak-en-assen\/hydraulische-koppeling\/"},{"@type":"ListItem","position":5,"name":"Hydraulisch Druklager AP Racing 50MM"}]},{"@type":"WebSite","@id":"https:\/\/www.hoogstra-autosport.nl\/#website","url":"https:\/\/www.hoogstra-autosport.nl\/","name":"Hoogstra Autosport","description":"Performance Autosport Parts!","potentialAction":[{"@type":"SearchAction","target":{"@type":"EntryPoint","urlTemplate":"https:\/\/www.hoogstra-autosport.nl\/?s={search_term_string}"},"query-input":{"@type":"PropertyValueSpecification","valueRequired":true,"valueName":"search_term_string"}}],"inLanguage":"fr-FR"}]}},"tiered_pricing_type":"fixed","tiered_pricing_fixed_rules":[],"tiered_pricing_product_settings":{"layout":"default","base_unit_name":{"singular":null,"plural":null},"default_variation":null},"tiered_pricing_minimum_quantity":null,"tiered_pricing_roles_data":[],"tiered_pricing_percentage_rules":[],"tiered_pricing_maximum_quantity":null,"tiered_pricing_quantity_step":null,"_links":{"self":[{"href":"https:\/\/www.hoogstra-autosport.nl\/fr\/wp-json\/wp\/v2\/product\/57748","targetHints":{"allow":["GET"]}}],"collection":[{"href":"https:\/\/www.hoogstra-autosport.nl\/fr\/wp-json\/wp\/v2\/product"}],"about":[{"href":"https:\/\/www.hoogstra-autosport.nl\/fr\/wp-json\/wp\/v2\/types\/product"}],"wp:featuredmedia":[{"embeddable":true,"href":"https:\/\/www.hoogstra-autosport.nl\/fr\/wp-json\/wp\/v2\/media\/94051"}],"wp:attachment":[{"href":"https:\/\/www.hoogstra-autosport.nl\/fr\/wp-json\/wp\/v2\/media?parent=57748"}],"wp:term":[{"taxonomy":"product_brand","embeddable":true,"href":"https:\/\/www.hoogstra-autosport.nl\/fr\/wp-json\/wp\/v2\/product_brand?post=57748"},{"taxonomy":"product_cat","embeddable":true,"href":"https:\/\/www.hoogstra-autosport.nl\/fr\/wp-json\/wp\/v2\/product_cat?post=57748"},{"taxonomy":"product_tag","embeddable":true,"href":"https:\/\/www.hoogstra-autosport.nl\/fr\/wp-json\/wp\/v2\/product_tag?post=57748"}],"curies":[{"name":"wp","href":"https:\/\/api.w.org\/{rel}","templated":true}]}}