{"id":57723,"date":"2023-05-11T09:17:38","date_gmt":"2023-05-11T07:17:38","guid":{"rendered":"https:\/\/www.hoogstra-autosport.nl\/?post_type=product&#038;p=57723"},"modified":"2025-12-02T15:21:01","modified_gmt":"2025-12-02T14:21:01","slug":"hjs-uitlaatdemper-incl-katalysator-60mm","status":"publish","type":"product","link":"https:\/\/www.hoogstra-autosport.nl\/fr\/produit\/hjs-uitlaatdemper-incl-katalysator-60mm\/","title":{"rendered":"HJS Silencieux d'\u00e9chappement avec catalyseur 60MM"},"content":{"rendered":"<p>Convient aux moteurs jusqu'\u00e0 2000cc<\/p>\n<p>Silencieux HJS avec catalyseur int\u00e9gr\u00e9<\/p>\n<p>tout en 1 id\u00e9al et super fonctionnel<\/p>\n<p><span class=\"goog-text-highlight\">Sa conception compacte permet de l'installer m\u00eame dans des v\u00e9hicules \u00e0 faible garde au sol.<\/span><\/p>\n<table id=\"katalysatorSchalldaempfersysteme\" class=\"shadow-lg\">\n<tbody>\n<tr>\n<td data-value=\"90950680\">90 95 0680<\/td>\n<td style=\"-webkit-font-smoothing: antialiased; text-rendering: optimizelegibility; font-family: 'Exo 2', sans-serif; box-sizing: border-box; --tw-border-opacity: 1; --tw-shadow: 0 0 #0000; --tw-ring-inset: var(--tw-empty, ); --tw-ring-offset-width: 0px; --tw-ring-offset-color: #fff; --tw-ring-color: rgba(59, 130, 246, 0.5); --tw-ring-offset-shadow: 0 0 #0000; --tw-ring-shadow: 0 0 #0000; font-size: 1em; padding: 1rem 2rem; font-weight: 600; border: 0px solid rgba(229,231,235,var(--tw-border-opacity));\" data-value=\"&lt;p&gt;142x420mm&lt;\/p&gt;\">142 x 420 mm<\/td>\n<td data-value=\"60\">60 mm<\/td>\n<td data-value=\"upto2.000ccm\/upto4.000ccm*\/300PS\">jusqu'\u00e0 2 000 ccm \/ jusqu'\u00e0 4 000 ccm* \/ 300 PS<\/td>\n<\/tr>\n<\/tbody>\n<\/table>\n<p><span class=\"goog-text-highlight\"><br \/>\n<\/span>La combinaison du silencieux et du\u00a0<a title=\"Catalyseurs PE\" href=\"http:\/\/www.hjs-motorsport.de\/products\/motorsport\/catalysts\/pe-catalysts.html\">Catalyseur PE<\/a>\u00a0permet de r\u00e9aliser des \u00e9conomies de poids significatives.<\/p>\n<p>L'unit\u00e9 catalytique interchangeable en poly\u00e9thyl\u00e8ne garantit un remplacement rentable.<\/p>\n<p>Raccordement 60MM<\/p>\n<p>Avec le papier FIA<\/p>","protected":false},"excerpt":{"rendered":"<p>Geschikt voor motoren tm 2000cc HJS uitlaatdemper inclusief ge\u00efntegreerde katalysator alles in 1 ideaal en super werkend De compacte constructie maakt de installatie ook in voertuigen met een lage bodemvrijheid. 90 95 0680 142 x 420 mm 60\u00a0mm up to 2.000 ccm \/ up to 4.000 ccm* \/ 300 PS De combinatie van geluiddemper en\u00a0PE [&hellip;]<\/p>\n","protected":false},"featured_media":94381,"template":"","meta":{"_acf_changed":false},"product_brand":[],"product_cat":[3876,3879],"product_tag":[],"class_list":{"0":"post-57723","1":"product","2":"type-product","3":"status-publish","4":"has-post-thumbnail","6":"product_cat-katalysator","7":"product_cat-uitlaatdemper-bochten-70-mm","8":"product_shipping_class-4016","10":"first","11":"instock","12":"taxable","13":"shipping-taxable","14":"purchasable","15":"product-type-simple"},"acf":[],"yoast_head":"<!-- This site is optimized with the Yoast SEO plugin v27.1.1 - https:\/\/yoast.com\/product\/yoast-seo-wordpress\/ -->\n<title>HJS Uitlaatdemper incl katalysator 60MM - Hoogstra Autosport<\/title>\n<meta name=\"robots\" content=\"index, follow, max-snippet:-1, max-image-preview:large, max-video-preview:-1\" \/>\n<link rel=\"canonical\" href=\"https:\/\/www.hoogstra-autosport.nl\/fr\/produit\/hjs-uitlaatdemper-incl-katalysator-60mm\/\" \/>\n<meta property=\"og:locale\" content=\"fr_FR\" \/>\n<meta property=\"og:type\" content=\"article\" \/>\n<meta property=\"og:title\" content=\"HJS Uitlaatdemper incl katalysator 60MM - Hoogstra Autosport\" \/>\n<meta property=\"og:description\" content=\"Geschikt voor motoren tm 2000cc HJS uitlaatdemper inclusief ge\u00efntegreerde katalysator alles in 1 ideaal en super werkend De compacte constructie maakt de installatie ook in voertuigen met een lage bodemvrijheid. 90 95 0680 142 x 420 mm 60\u00a0mm up to 2.000 ccm \/ up to 4.000 ccm* \/ 300 PS De combinatie van geluiddemper en\u00a0PE [&hellip;]\" \/>\n<meta property=\"og:url\" content=\"https:\/\/www.hoogstra-autosport.nl\/fr\/produit\/hjs-uitlaatdemper-incl-katalysator-60mm\/\" \/>\n<meta property=\"og:site_name\" content=\"Hoogstra Autosport\" \/>\n<meta property=\"article:modified_time\" content=\"2025-12-02T14:21:01+00:00\" \/>\n<meta property=\"og:image\" content=\"https:\/\/www.hoogstra-autosport.nl\/teamkoen\/wp-content\/uploads\/2021\/05\/Untitled-Project-2025-12-02T152016.614.jpg\" \/>\n\t<meta property=\"og:image:width\" content=\"1080\" \/>\n\t<meta property=\"og:image:height\" content=\"1080\" \/>\n\t<meta property=\"og:image:type\" content=\"image\/jpeg\" \/>\n<meta name=\"twitter:card\" content=\"summary_large_image\" \/>\n<meta name=\"twitter:label1\" content=\"Dur\u00e9e de lecture estim\u00e9e\" \/>\n\t<meta name=\"twitter:data1\" content=\"1 minute\" \/>\n<script type=\"application\/ld+json\" class=\"yoast-schema-graph\">{\"@context\":\"https:\/\/schema.org\",\"@graph\":[{\"@type\":\"WebPage\",\"@id\":\"https:\/\/www.hoogstra-autosport.nl\/product\/hjs-uitlaatdemper-incl-katalysator-60mm\/\",\"url\":\"https:\/\/www.hoogstra-autosport.nl\/product\/hjs-uitlaatdemper-incl-katalysator-60mm\/\",\"name\":\"HJS Uitlaatdemper incl katalysator 60MM - Hoogstra Autosport\",\"isPartOf\":{\"@id\":\"https:\/\/www.hoogstra-autosport.nl\/#website\"},\"primaryImageOfPage\":{\"@id\":\"https:\/\/www.hoogstra-autosport.nl\/product\/hjs-uitlaatdemper-incl-katalysator-60mm\/#primaryimage\"},\"image\":{\"@id\":\"https:\/\/www.hoogstra-autosport.nl\/product\/hjs-uitlaatdemper-incl-katalysator-60mm\/#primaryimage\"},\"thumbnailUrl\":\"https:\/\/www.hoogstra-autosport.nl\/teamkoen\/wp-content\/uploads\/2021\/05\/Untitled-Project-2025-12-02T152016.614.jpg\",\"datePublished\":\"2023-05-11T07:17:38+00:00\",\"dateModified\":\"2025-12-02T14:21:01+00:00\",\"breadcrumb\":{\"@id\":\"https:\/\/www.hoogstra-autosport.nl\/product\/hjs-uitlaatdemper-incl-katalysator-60mm\/#breadcrumb\"},\"inLanguage\":\"fr-FR\",\"potentialAction\":[{\"@type\":\"ReadAction\",\"target\":[\"https:\/\/www.hoogstra-autosport.nl\/product\/hjs-uitlaatdemper-incl-katalysator-60mm\/\"]}]},{\"@type\":\"ImageObject\",\"inLanguage\":\"fr-FR\",\"@id\":\"https:\/\/www.hoogstra-autosport.nl\/product\/hjs-uitlaatdemper-incl-katalysator-60mm\/#primaryimage\",\"url\":\"https:\/\/www.hoogstra-autosport.nl\/teamkoen\/wp-content\/uploads\/2021\/05\/Untitled-Project-2025-12-02T152016.614.jpg\",\"contentUrl\":\"https:\/\/www.hoogstra-autosport.nl\/teamkoen\/wp-content\/uploads\/2021\/05\/Untitled-Project-2025-12-02T152016.614.jpg\",\"width\":1080,\"height\":1080},{\"@type\":\"BreadcrumbList\",\"@id\":\"https:\/\/www.hoogstra-autosport.nl\/product\/hjs-uitlaatdemper-incl-katalysator-60mm\/#breadcrumb\",\"itemListElement\":[{\"@type\":\"ListItem\",\"position\":1,\"name\":\"Home\",\"item\":\"https:\/\/www.hoogstra-autosport.nl\/\"},{\"@type\":\"ListItem\",\"position\":2,\"name\":\"Motorisch\",\"item\":\"https:\/\/www.hoogstra-autosport.nl\/product-categorie\/auto-techniek\/\"},{\"@type\":\"ListItem\",\"position\":3,\"name\":\"Uitlaten &amp; Isolatie &amp; Motor\",\"item\":\"https:\/\/www.hoogstra-autosport.nl\/product-categorie\/auto-techniek\/motoren-techniek-inlaat-uitlaat\/\"},{\"@type\":\"ListItem\",\"position\":4,\"name\":\"Dempers &amp; Katalysatoren\",\"item\":\"https:\/\/www.hoogstra-autosport.nl\/product-categorie\/auto-techniek\/motoren-techniek-inlaat-uitlaat\/uitlaten-en-dempers\/\"},{\"@type\":\"ListItem\",\"position\":5,\"name\":\"Katalysator - HJS-Powersprint\",\"item\":\"https:\/\/www.hoogstra-autosport.nl\/product-categorie\/auto-techniek\/motoren-techniek-inlaat-uitlaat\/uitlaten-en-dempers\/katalysator\/\"},{\"@type\":\"ListItem\",\"position\":6,\"name\":\"HJS Uitlaatdemper incl katalysator 60MM\"}]},{\"@type\":\"WebSite\",\"@id\":\"https:\/\/www.hoogstra-autosport.nl\/#website\",\"url\":\"https:\/\/www.hoogstra-autosport.nl\/\",\"name\":\"Hoogstra Autosport\",\"description\":\"Performance Autosport Parts!\",\"potentialAction\":[{\"@type\":\"SearchAction\",\"target\":{\"@type\":\"EntryPoint\",\"urlTemplate\":\"https:\/\/www.hoogstra-autosport.nl\/?s={search_term_string}\"},\"query-input\":{\"@type\":\"PropertyValueSpecification\",\"valueRequired\":true,\"valueName\":\"search_term_string\"}}],\"inLanguage\":\"fr-FR\"}]}<\/script>\n<!-- \/ Yoast SEO plugin. -->","yoast_head_json":{"title":"HJS Uitlaatdemper incl katalysator 60MM - Hoogstra Autosport","robots":{"index":"index","follow":"follow","max-snippet":"max-snippet:-1","max-image-preview":"max-image-preview:large","max-video-preview":"max-video-preview:-1"},"canonical":"https:\/\/www.hoogstra-autosport.nl\/fr\/produit\/hjs-uitlaatdemper-incl-katalysator-60mm\/","og_locale":"fr_FR","og_type":"article","og_title":"HJS Uitlaatdemper incl katalysator 60MM - Hoogstra Autosport","og_description":"Geschikt voor motoren tm 2000cc HJS uitlaatdemper inclusief ge\u00efntegreerde katalysator alles in 1 ideaal en super werkend De compacte constructie maakt de installatie ook in voertuigen met een lage bodemvrijheid. 90 95 0680 142 x 420 mm 60\u00a0mm up to 2.000 ccm \/ up to 4.000 ccm* \/ 300 PS De combinatie van geluiddemper en\u00a0PE [&hellip;]","og_url":"https:\/\/www.hoogstra-autosport.nl\/fr\/produit\/hjs-uitlaatdemper-incl-katalysator-60mm\/","og_site_name":"Hoogstra Autosport","article_modified_time":"2025-12-02T14:21:01+00:00","og_image":[{"width":1080,"height":1080,"url":"https:\/\/www.hoogstra-autosport.nl\/teamkoen\/wp-content\/uploads\/2021\/05\/Untitled-Project-2025-12-02T152016.614.jpg","type":"image\/jpeg"}],"twitter_card":"summary_large_image","twitter_misc":{"Dur\u00e9e de lecture estim\u00e9e":"1 minute"},"schema":{"@context":"https:\/\/schema.org","@graph":[{"@type":"WebPage","@id":"https:\/\/www.hoogstra-autosport.nl\/product\/hjs-uitlaatdemper-incl-katalysator-60mm\/","url":"https:\/\/www.hoogstra-autosport.nl\/product\/hjs-uitlaatdemper-incl-katalysator-60mm\/","name":"HJS Uitlaatdemper incl katalysator 60MM - Hoogstra Autosport","isPartOf":{"@id":"https:\/\/www.hoogstra-autosport.nl\/#website"},"primaryImageOfPage":{"@id":"https:\/\/www.hoogstra-autosport.nl\/product\/hjs-uitlaatdemper-incl-katalysator-60mm\/#primaryimage"},"image":{"@id":"https:\/\/www.hoogstra-autosport.nl\/product\/hjs-uitlaatdemper-incl-katalysator-60mm\/#primaryimage"},"thumbnailUrl":"https:\/\/www.hoogstra-autosport.nl\/teamkoen\/wp-content\/uploads\/2021\/05\/Untitled-Project-2025-12-02T152016.614.jpg","datePublished":"2023-05-11T07:17:38+00:00","dateModified":"2025-12-02T14:21:01+00:00","breadcrumb":{"@id":"https:\/\/www.hoogstra-autosport.nl\/product\/hjs-uitlaatdemper-incl-katalysator-60mm\/#breadcrumb"},"inLanguage":"fr-FR","potentialAction":[{"@type":"ReadAction","target":["https:\/\/www.hoogstra-autosport.nl\/product\/hjs-uitlaatdemper-incl-katalysator-60mm\/"]}]},{"@type":"ImageObject","inLanguage":"fr-FR","@id":"https:\/\/www.hoogstra-autosport.nl\/product\/hjs-uitlaatdemper-incl-katalysator-60mm\/#primaryimage","url":"https:\/\/www.hoogstra-autosport.nl\/teamkoen\/wp-content\/uploads\/2021\/05\/Untitled-Project-2025-12-02T152016.614.jpg","contentUrl":"https:\/\/www.hoogstra-autosport.nl\/teamkoen\/wp-content\/uploads\/2021\/05\/Untitled-Project-2025-12-02T152016.614.jpg","width":1080,"height":1080},{"@type":"BreadcrumbList","@id":"https:\/\/www.hoogstra-autosport.nl\/product\/hjs-uitlaatdemper-incl-katalysator-60mm\/#breadcrumb","itemListElement":[{"@type":"ListItem","position":1,"name":"Home","item":"https:\/\/www.hoogstra-autosport.nl\/"},{"@type":"ListItem","position":2,"name":"Motorisch","item":"https:\/\/www.hoogstra-autosport.nl\/product-categorie\/auto-techniek\/"},{"@type":"ListItem","position":3,"name":"Uitlaten &amp; Isolatie &amp; Motor","item":"https:\/\/www.hoogstra-autosport.nl\/product-categorie\/auto-techniek\/motoren-techniek-inlaat-uitlaat\/"},{"@type":"ListItem","position":4,"name":"Dempers &amp; Katalysatoren","item":"https:\/\/www.hoogstra-autosport.nl\/product-categorie\/auto-techniek\/motoren-techniek-inlaat-uitlaat\/uitlaten-en-dempers\/"},{"@type":"ListItem","position":5,"name":"Katalysator - HJS-Powersprint","item":"https:\/\/www.hoogstra-autosport.nl\/product-categorie\/auto-techniek\/motoren-techniek-inlaat-uitlaat\/uitlaten-en-dempers\/katalysator\/"},{"@type":"ListItem","position":6,"name":"HJS Uitlaatdemper incl katalysator 60MM"}]},{"@type":"WebSite","@id":"https:\/\/www.hoogstra-autosport.nl\/#website","url":"https:\/\/www.hoogstra-autosport.nl\/","name":"Hoogstra Autosport","description":"Performance Autosport Parts!","potentialAction":[{"@type":"SearchAction","target":{"@type":"EntryPoint","urlTemplate":"https:\/\/www.hoogstra-autosport.nl\/?s={search_term_string}"},"query-input":{"@type":"PropertyValueSpecification","valueRequired":true,"valueName":"search_term_string"}}],"inLanguage":"fr-FR"}]}},"tiered_pricing_type":"fixed","tiered_pricing_fixed_rules":[],"tiered_pricing_product_settings":{"layout":"default","base_unit_name":{"singular":null,"plural":null},"default_variation":null},"tiered_pricing_minimum_quantity":null,"tiered_pricing_roles_data":[],"tiered_pricing_percentage_rules":[],"tiered_pricing_maximum_quantity":null,"tiered_pricing_quantity_step":null,"_links":{"self":[{"href":"https:\/\/www.hoogstra-autosport.nl\/fr\/wp-json\/wp\/v2\/product\/57723","targetHints":{"allow":["GET"]}}],"collection":[{"href":"https:\/\/www.hoogstra-autosport.nl\/fr\/wp-json\/wp\/v2\/product"}],"about":[{"href":"https:\/\/www.hoogstra-autosport.nl\/fr\/wp-json\/wp\/v2\/types\/product"}],"wp:featuredmedia":[{"embeddable":true,"href":"https:\/\/www.hoogstra-autosport.nl\/fr\/wp-json\/wp\/v2\/media\/94381"}],"wp:attachment":[{"href":"https:\/\/www.hoogstra-autosport.nl\/fr\/wp-json\/wp\/v2\/media?parent=57723"}],"wp:term":[{"taxonomy":"product_brand","embeddable":true,"href":"https:\/\/www.hoogstra-autosport.nl\/fr\/wp-json\/wp\/v2\/product_brand?post=57723"},{"taxonomy":"product_cat","embeddable":true,"href":"https:\/\/www.hoogstra-autosport.nl\/fr\/wp-json\/wp\/v2\/product_cat?post=57723"},{"taxonomy":"product_tag","embeddable":true,"href":"https:\/\/www.hoogstra-autosport.nl\/fr\/wp-json\/wp\/v2\/product_tag?post=57723"}],"curies":[{"name":"wp","href":"https:\/\/api.w.org\/{rel}","templated":true}]}}