{"id":5704,"date":"2011-01-23T19:52:14","date_gmt":"2011-01-23T19:52:14","guid":{"rendered":"http:\/\/hoogstra-autosport.nl\/?product=benzine-hogedrukfilter"},"modified":"2025-06-24T15:39:15","modified_gmt":"2025-06-24T13:39:15","slug":"benzine-hogedrukfilter","status":"publish","type":"product","link":"https:\/\/www.hoogstra-autosport.nl\/fr\/produit\/benzine-hogedrukfilter\/","title":{"rendered":"Filtre haute pression pour essence M14X1,5"},"content":{"rendered":"<p style=\"margin: 0cm 0cm 9.0pt 0cm;\">Le filtre \u00e0 carburant MANN WK 612\/5 assure une protection fiable de votre moteur en filtrant efficacement la salet\u00e9, la rouille et l'eau du carburant. Gr\u00e2ce \u00e0 son joint de haute qualit\u00e9 et \u00e0 son mat\u00e9riau filtrant durable, ce filtre garantit des performances optimales et une plus longue dur\u00e9e de vie du syst\u00e8me d'alimentation en carburant. Convient \u00e0 divers moteurs \u00e0 essence.<\/p>\n<p>Filtre \u00e0 essence de bonne qualit\u00e9 pour haute pression<\/p>\n<p>raccords M14 x 1,5<\/p>\n<p>&nbsp;<\/p>\n<p>&nbsp;<\/p>","protected":false},"excerpt":{"rendered":"<p>De MANN WK 612\/5 brandstoffilter biedt betrouwbare bescherming voor je motor door vuil, roest en water effectief uit de brandstof te filteren. Dankzij de hoogwaardige afdichting en duurzame filtermateriaal zorgt dit filter voor optimale prestaties en een langere levensduur van het brandstofsysteem. Geschikt voor diverse benzinemotoren. Goede kwaliteit Benzinefilter voor Hoge druk aansluitingen M14 x [&hellip;]<\/p>\n","protected":false},"featured_media":86983,"template":"","meta":{"_acf_changed":false},"product_brand":[],"product_cat":[2642],"product_tag":[],"class_list":{"0":"post-5704","1":"product","2":"type-product","3":"status-publish","4":"has-post-thumbnail","6":"product_cat-brandstof-filters","7":"product_shipping_class-4016","9":"first","10":"instock","11":"taxable","12":"shipping-taxable","13":"purchasable","14":"product-type-simple"},"acf":[],"yoast_head":"<!-- This site is optimized with the Yoast SEO plugin v27.1.1 - https:\/\/yoast.com\/product\/yoast-seo-wordpress\/ -->\n<title>Benzine Hogedrukfilter M14X1,5 - Hoogstra Autosport<\/title>\n<meta name=\"description\" content=\"Benzine Filters\" \/>\n<meta name=\"robots\" content=\"index, follow, max-snippet:-1, max-image-preview:large, max-video-preview:-1\" \/>\n<link rel=\"canonical\" href=\"https:\/\/www.hoogstra-autosport.nl\/fr\/produit\/benzine-hogedrukfilter\/\" \/>\n<meta property=\"og:locale\" content=\"fr_FR\" \/>\n<meta property=\"og:type\" content=\"article\" \/>\n<meta property=\"og:title\" content=\"Benzine Hogedrukfilter M14X1,5 - Hoogstra Autosport\" \/>\n<meta property=\"og:description\" content=\"Benzine Filters\" \/>\n<meta property=\"og:url\" content=\"https:\/\/www.hoogstra-autosport.nl\/fr\/produit\/benzine-hogedrukfilter\/\" \/>\n<meta property=\"og:site_name\" content=\"Hoogstra Autosport\" \/>\n<meta property=\"article:modified_time\" content=\"2025-06-24T13:39:15+00:00\" \/>\n<meta property=\"og:image\" content=\"https:\/\/www.hoogstra-autosport.nl\/teamkoen\/content\/uploads\/2011\/01\/processed-B200FE56-9570-47DB-9DC8-F493C71533F8.jpeg\" \/>\n\t<meta property=\"og:image:width\" content=\"1870\" \/>\n\t<meta property=\"og:image:height\" content=\"1870\" \/>\n\t<meta property=\"og:image:type\" content=\"image\/jpeg\" \/>\n<meta name=\"twitter:card\" content=\"summary_large_image\" \/>\n<meta name=\"twitter:label1\" content=\"Dur\u00e9e de lecture estim\u00e9e\" \/>\n\t<meta name=\"twitter:data1\" content=\"1 minute\" \/>\n<script type=\"application\/ld+json\" class=\"yoast-schema-graph\">{\"@context\":\"https:\/\/schema.org\",\"@graph\":[{\"@type\":\"WebPage\",\"@id\":\"https:\/\/www.hoogstra-autosport.nl\/product\/benzine-hogedrukfilter\/\",\"url\":\"https:\/\/www.hoogstra-autosport.nl\/product\/benzine-hogedrukfilter\/\",\"name\":\"Benzine Hogedrukfilter M14X1,5 - Hoogstra Autosport\",\"isPartOf\":{\"@id\":\"https:\/\/www.hoogstra-autosport.nl\/#website\"},\"primaryImageOfPage\":{\"@id\":\"https:\/\/www.hoogstra-autosport.nl\/product\/benzine-hogedrukfilter\/#primaryimage\"},\"image\":{\"@id\":\"https:\/\/www.hoogstra-autosport.nl\/product\/benzine-hogedrukfilter\/#primaryimage\"},\"thumbnailUrl\":\"https:\/\/www.hoogstra-autosport.nl\/teamkoen\/wp-content\/uploads\/2011\/01\/processed-B200FE56-9570-47DB-9DC8-F493C71533F8.jpeg\",\"datePublished\":\"2011-01-23T19:52:14+00:00\",\"dateModified\":\"2025-06-24T13:39:15+00:00\",\"description\":\"Benzine Filters\",\"breadcrumb\":{\"@id\":\"https:\/\/www.hoogstra-autosport.nl\/product\/benzine-hogedrukfilter\/#breadcrumb\"},\"inLanguage\":\"fr-FR\",\"potentialAction\":[{\"@type\":\"ReadAction\",\"target\":[\"https:\/\/www.hoogstra-autosport.nl\/product\/benzine-hogedrukfilter\/\"]}]},{\"@type\":\"ImageObject\",\"inLanguage\":\"fr-FR\",\"@id\":\"https:\/\/www.hoogstra-autosport.nl\/product\/benzine-hogedrukfilter\/#primaryimage\",\"url\":\"https:\/\/www.hoogstra-autosport.nl\/teamkoen\/wp-content\/uploads\/2011\/01\/processed-B200FE56-9570-47DB-9DC8-F493C71533F8.jpeg\",\"contentUrl\":\"https:\/\/www.hoogstra-autosport.nl\/teamkoen\/wp-content\/uploads\/2011\/01\/processed-B200FE56-9570-47DB-9DC8-F493C71533F8.jpeg\",\"width\":1870,\"height\":1870},{\"@type\":\"BreadcrumbList\",\"@id\":\"https:\/\/www.hoogstra-autosport.nl\/product\/benzine-hogedrukfilter\/#breadcrumb\",\"itemListElement\":[{\"@type\":\"ListItem\",\"position\":1,\"name\":\"Home\",\"item\":\"https:\/\/www.hoogstra-autosport.nl\/\"},{\"@type\":\"ListItem\",\"position\":2,\"name\":\"Brandstof Systeem\",\"item\":\"https:\/\/www.hoogstra-autosport.nl\/product-categorie\/brandstof-systeem-2\/\"},{\"@type\":\"ListItem\",\"position\":3,\"name\":\"Brandstof Filters\",\"item\":\"https:\/\/www.hoogstra-autosport.nl\/product-categorie\/brandstof-systeem-2\/brandstof-filters\/\"},{\"@type\":\"ListItem\",\"position\":4,\"name\":\"Benzine Hogedrukfilter M14X1,5\"}]},{\"@type\":\"WebSite\",\"@id\":\"https:\/\/www.hoogstra-autosport.nl\/#website\",\"url\":\"https:\/\/www.hoogstra-autosport.nl\/\",\"name\":\"Hoogstra Autosport\",\"description\":\"Performance Autosport Parts!\",\"potentialAction\":[{\"@type\":\"SearchAction\",\"target\":{\"@type\":\"EntryPoint\",\"urlTemplate\":\"https:\/\/www.hoogstra-autosport.nl\/?s={search_term_string}\"},\"query-input\":{\"@type\":\"PropertyValueSpecification\",\"valueRequired\":true,\"valueName\":\"search_term_string\"}}],\"inLanguage\":\"fr-FR\"}]}<\/script>\n<!-- \/ Yoast SEO plugin. -->","yoast_head_json":{"title":"Benzine Hogedrukfilter M14X1,5 - Hoogstra Autosport","description":"Benzine Filters","robots":{"index":"index","follow":"follow","max-snippet":"max-snippet:-1","max-image-preview":"max-image-preview:large","max-video-preview":"max-video-preview:-1"},"canonical":"https:\/\/www.hoogstra-autosport.nl\/fr\/produit\/benzine-hogedrukfilter\/","og_locale":"fr_FR","og_type":"article","og_title":"Benzine Hogedrukfilter M14X1,5 - Hoogstra Autosport","og_description":"Benzine Filters","og_url":"https:\/\/www.hoogstra-autosport.nl\/fr\/produit\/benzine-hogedrukfilter\/","og_site_name":"Hoogstra Autosport","article_modified_time":"2025-06-24T13:39:15+00:00","og_image":[{"width":1870,"height":1870,"url":"https:\/\/www.hoogstra-autosport.nl\/teamkoen\/content\/uploads\/2011\/01\/processed-B200FE56-9570-47DB-9DC8-F493C71533F8.jpeg","type":"image\/jpeg"}],"twitter_card":"summary_large_image","twitter_misc":{"Dur\u00e9e de lecture estim\u00e9e":"1 minute"},"schema":{"@context":"https:\/\/schema.org","@graph":[{"@type":"WebPage","@id":"https:\/\/www.hoogstra-autosport.nl\/product\/benzine-hogedrukfilter\/","url":"https:\/\/www.hoogstra-autosport.nl\/product\/benzine-hogedrukfilter\/","name":"Benzine Hogedrukfilter M14X1,5 - Hoogstra Autosport","isPartOf":{"@id":"https:\/\/www.hoogstra-autosport.nl\/#website"},"primaryImageOfPage":{"@id":"https:\/\/www.hoogstra-autosport.nl\/product\/benzine-hogedrukfilter\/#primaryimage"},"image":{"@id":"https:\/\/www.hoogstra-autosport.nl\/product\/benzine-hogedrukfilter\/#primaryimage"},"thumbnailUrl":"https:\/\/www.hoogstra-autosport.nl\/teamkoen\/wp-content\/uploads\/2011\/01\/processed-B200FE56-9570-47DB-9DC8-F493C71533F8.jpeg","datePublished":"2011-01-23T19:52:14+00:00","dateModified":"2025-06-24T13:39:15+00:00","description":"Benzine Filters","breadcrumb":{"@id":"https:\/\/www.hoogstra-autosport.nl\/product\/benzine-hogedrukfilter\/#breadcrumb"},"inLanguage":"fr-FR","potentialAction":[{"@type":"ReadAction","target":["https:\/\/www.hoogstra-autosport.nl\/product\/benzine-hogedrukfilter\/"]}]},{"@type":"ImageObject","inLanguage":"fr-FR","@id":"https:\/\/www.hoogstra-autosport.nl\/product\/benzine-hogedrukfilter\/#primaryimage","url":"https:\/\/www.hoogstra-autosport.nl\/teamkoen\/wp-content\/uploads\/2011\/01\/processed-B200FE56-9570-47DB-9DC8-F493C71533F8.jpeg","contentUrl":"https:\/\/www.hoogstra-autosport.nl\/teamkoen\/wp-content\/uploads\/2011\/01\/processed-B200FE56-9570-47DB-9DC8-F493C71533F8.jpeg","width":1870,"height":1870},{"@type":"BreadcrumbList","@id":"https:\/\/www.hoogstra-autosport.nl\/product\/benzine-hogedrukfilter\/#breadcrumb","itemListElement":[{"@type":"ListItem","position":1,"name":"Home","item":"https:\/\/www.hoogstra-autosport.nl\/"},{"@type":"ListItem","position":2,"name":"Brandstof Systeem","item":"https:\/\/www.hoogstra-autosport.nl\/product-categorie\/brandstof-systeem-2\/"},{"@type":"ListItem","position":3,"name":"Brandstof Filters","item":"https:\/\/www.hoogstra-autosport.nl\/product-categorie\/brandstof-systeem-2\/brandstof-filters\/"},{"@type":"ListItem","position":4,"name":"Benzine Hogedrukfilter M14X1,5"}]},{"@type":"WebSite","@id":"https:\/\/www.hoogstra-autosport.nl\/#website","url":"https:\/\/www.hoogstra-autosport.nl\/","name":"Hoogstra Autosport","description":"Performance Autosport Parts!","potentialAction":[{"@type":"SearchAction","target":{"@type":"EntryPoint","urlTemplate":"https:\/\/www.hoogstra-autosport.nl\/?s={search_term_string}"},"query-input":{"@type":"PropertyValueSpecification","valueRequired":true,"valueName":"search_term_string"}}],"inLanguage":"fr-FR"}]}},"tiered_pricing_type":"fixed","tiered_pricing_fixed_rules":[],"tiered_pricing_product_settings":{"layout":"default","base_unit_name":{"singular":null,"plural":null},"default_variation":null},"tiered_pricing_minimum_quantity":null,"tiered_pricing_roles_data":[],"tiered_pricing_percentage_rules":[],"tiered_pricing_maximum_quantity":null,"tiered_pricing_quantity_step":null,"_links":{"self":[{"href":"https:\/\/www.hoogstra-autosport.nl\/fr\/wp-json\/wp\/v2\/product\/5704","targetHints":{"allow":["GET"]}}],"collection":[{"href":"https:\/\/www.hoogstra-autosport.nl\/fr\/wp-json\/wp\/v2\/product"}],"about":[{"href":"https:\/\/www.hoogstra-autosport.nl\/fr\/wp-json\/wp\/v2\/types\/product"}],"wp:featuredmedia":[{"embeddable":true,"href":"https:\/\/www.hoogstra-autosport.nl\/fr\/wp-json\/wp\/v2\/media\/86983"}],"wp:attachment":[{"href":"https:\/\/www.hoogstra-autosport.nl\/fr\/wp-json\/wp\/v2\/media?parent=5704"}],"wp:term":[{"taxonomy":"product_brand","embeddable":true,"href":"https:\/\/www.hoogstra-autosport.nl\/fr\/wp-json\/wp\/v2\/product_brand?post=5704"},{"taxonomy":"product_cat","embeddable":true,"href":"https:\/\/www.hoogstra-autosport.nl\/fr\/wp-json\/wp\/v2\/product_cat?post=5704"},{"taxonomy":"product_tag","embeddable":true,"href":"https:\/\/www.hoogstra-autosport.nl\/fr\/wp-json\/wp\/v2\/product_tag?post=5704"}],"curies":[{"name":"wp","href":"https:\/\/api.w.org\/{rel}","templated":true}]}}