{"id":5698,"date":"2011-01-23T15:08:02","date_gmt":"2011-01-23T14:08:02","guid":{"rendered":"http:\/\/hoogstra-autosport.nl\/?product=schakellamp-omex-sequentieel"},"modified":"2024-01-20T12:56:41","modified_gmt":"2024-01-20T11:56:41","slug":"schakellamp-omex-sequentieel","status":"publish","type":"product","link":"https:\/\/www.hoogstra-autosport.nl\/fr\/produit\/schakellamp-omex-sequentieel\/","title":{"rendered":"Lampe \u00e0 commutation s\u00e9quentielle Omex"},"content":{"rendered":"<p>Syst\u00e8me de lampes \u00e0 interrupteur \u00e0 quatre niveaux. Les lampes LED s'allument de mani\u00e8re s\u00e9quentielle jusqu'\u00e0 ce que la vitesse souhait\u00e9e soit atteinte.<\/p>\n<p>\u00c9quip\u00e9 de quatre lumi\u00e8res LED brillantes<br \/>\nConvient aux moteurs 4\/6\/8\/12 cylindres<\/p>\n<p>Exemple : 8 000 tr\/min est le moment optimal pour passer \u00e0 la vitesse sup\u00e9rieure :<\/p>\n<p>La LED 1 s'allume \u00e0 7 400 tr\/min<br \/>\nLa LED 1 s'allume \u00e0 7 600 tr\/min<br \/>\nLa LED 1 s'allume \u00e0 7 800 tr\/min<br \/>\nLa LED 4 s'allume \u00e0 8 000 tr\/min<\/p>","protected":false},"excerpt":{"rendered":"<p>Schakellamp-systeem in vier stappen. De LED-lampen lichten opeenvolgend op totdat het gewenste toerental is bereikt. Voorzien van vier felle LED-lampen Geschikt voor 4\/6\/8\/12 cilinder motoren Voorbeeld, waarbij 8.000 toeren het optimale schakelmoment is: led 1 gaat branden bij 7.400 toeren led 1 gaat branden bij 7.600 toeren led 1 gaat branden bij 7.800 toeren led [&hellip;]<\/p>\n","protected":false},"featured_media":66159,"template":"","meta":{"_acf_changed":false},"product_brand":[],"product_cat":[4091,2636],"product_tag":[],"class_list":{"0":"post-5698","1":"product","2":"type-product","3":"status-publish","4":"has-post-thumbnail","6":"product_cat-omex","7":"product_cat-toerenbegrenzer","8":"product_shipping_class-4016","10":"first","11":"instock","12":"taxable","13":"shipping-taxable","14":"purchasable","15":"product-type-simple"},"acf":[],"yoast_head":"<!-- This site is optimized with the Yoast SEO plugin v27.1.1 - https:\/\/yoast.com\/product\/yoast-seo-wordpress\/ -->\n<title>Schakellamp Omex sequentieel - Hoogstra Autosport<\/title>\n<meta name=\"description\" content=\"toerenbegrenzer\" \/>\n<meta name=\"robots\" content=\"index, follow, max-snippet:-1, max-image-preview:large, max-video-preview:-1\" \/>\n<link rel=\"canonical\" href=\"https:\/\/www.hoogstra-autosport.nl\/fr\/produit\/schakellamp-omex-sequentieel\/\" \/>\n<meta property=\"og:locale\" content=\"fr_FR\" \/>\n<meta property=\"og:type\" content=\"article\" \/>\n<meta property=\"og:title\" content=\"Schakellamp Omex sequentieel - Hoogstra Autosport\" \/>\n<meta property=\"og:description\" content=\"toerenbegrenzer\" \/>\n<meta property=\"og:url\" content=\"https:\/\/www.hoogstra-autosport.nl\/fr\/produit\/schakellamp-omex-sequentieel\/\" \/>\n<meta property=\"og:site_name\" content=\"Hoogstra Autosport\" \/>\n<meta property=\"article:modified_time\" content=\"2024-01-20T11:56:41+00:00\" \/>\n<meta property=\"og:image\" content=\"https:\/\/hoogstra-autosport.nl\/teamkoen\/content\/uploads\/2011\/01\/omsls.jpg\" \/>\n\t<meta property=\"og:image:width\" content=\"986\" \/>\n\t<meta property=\"og:image:height\" content=\"986\" \/>\n\t<meta property=\"og:image:type\" content=\"image\/jpeg\" \/>\n<meta name=\"twitter:card\" content=\"summary_large_image\" \/>\n<meta name=\"twitter:label1\" content=\"Dur\u00e9e de lecture estim\u00e9e\" \/>\n\t<meta name=\"twitter:data1\" content=\"1 minute\" \/>\n<script type=\"application\/ld+json\" class=\"yoast-schema-graph\">{\"@context\":\"https:\/\/schema.org\",\"@graph\":[{\"@type\":\"WebPage\",\"@id\":\"https:\/\/www.hoogstra-autosport.nl\/product\/schakellamp-omex-sequentieel\/\",\"url\":\"https:\/\/www.hoogstra-autosport.nl\/product\/schakellamp-omex-sequentieel\/\",\"name\":\"Schakellamp Omex sequentieel - Hoogstra Autosport\",\"isPartOf\":{\"@id\":\"https:\/\/www.hoogstra-autosport.nl\/#website\"},\"primaryImageOfPage\":{\"@id\":\"https:\/\/www.hoogstra-autosport.nl\/product\/schakellamp-omex-sequentieel\/#primaryimage\"},\"image\":{\"@id\":\"https:\/\/www.hoogstra-autosport.nl\/product\/schakellamp-omex-sequentieel\/#primaryimage\"},\"thumbnailUrl\":\"https:\/\/www.hoogstra-autosport.nl\/teamkoen\/wp-content\/uploads\/2011\/01\/omsls.jpg\",\"datePublished\":\"2011-01-23T14:08:02+00:00\",\"dateModified\":\"2024-01-20T11:56:41+00:00\",\"description\":\"toerenbegrenzer\",\"breadcrumb\":{\"@id\":\"https:\/\/www.hoogstra-autosport.nl\/product\/schakellamp-omex-sequentieel\/#breadcrumb\"},\"inLanguage\":\"fr-FR\",\"potentialAction\":[{\"@type\":\"ReadAction\",\"target\":[\"https:\/\/www.hoogstra-autosport.nl\/product\/schakellamp-omex-sequentieel\/\"]}]},{\"@type\":\"ImageObject\",\"inLanguage\":\"fr-FR\",\"@id\":\"https:\/\/www.hoogstra-autosport.nl\/product\/schakellamp-omex-sequentieel\/#primaryimage\",\"url\":\"https:\/\/www.hoogstra-autosport.nl\/teamkoen\/wp-content\/uploads\/2011\/01\/omsls.jpg\",\"contentUrl\":\"https:\/\/www.hoogstra-autosport.nl\/teamkoen\/wp-content\/uploads\/2011\/01\/omsls.jpg\",\"width\":986,\"height\":986,\"caption\":\"Schakellamp Omex sequentieel omsls\"},{\"@type\":\"BreadcrumbList\",\"@id\":\"https:\/\/www.hoogstra-autosport.nl\/product\/schakellamp-omex-sequentieel\/#breadcrumb\",\"itemListElement\":[{\"@type\":\"ListItem\",\"position\":1,\"name\":\"Home\",\"item\":\"https:\/\/www.hoogstra-autosport.nl\/\"},{\"@type\":\"ListItem\",\"position\":2,\"name\":\"Merken\",\"item\":\"https:\/\/www.hoogstra-autosport.nl\/product-categorie\/merken\/\"},{\"@type\":\"ListItem\",\"position\":3,\"name\":\"Omex\",\"item\":\"https:\/\/www.hoogstra-autosport.nl\/product-categorie\/merken\/omex\/\"},{\"@type\":\"ListItem\",\"position\":4,\"name\":\"Schakellamp Omex sequentieel\"}]},{\"@type\":\"WebSite\",\"@id\":\"https:\/\/www.hoogstra-autosport.nl\/#website\",\"url\":\"https:\/\/www.hoogstra-autosport.nl\/\",\"name\":\"Hoogstra Autosport\",\"description\":\"Performance Autosport Parts!\",\"potentialAction\":[{\"@type\":\"SearchAction\",\"target\":{\"@type\":\"EntryPoint\",\"urlTemplate\":\"https:\/\/www.hoogstra-autosport.nl\/?s={search_term_string}\"},\"query-input\":{\"@type\":\"PropertyValueSpecification\",\"valueRequired\":true,\"valueName\":\"search_term_string\"}}],\"inLanguage\":\"fr-FR\"}]}<\/script>\n<!-- \/ Yoast SEO plugin. -->","yoast_head_json":{"title":"Schakellamp Omex sequentieel - Hoogstra Autosport","description":"toerenbegrenzer","robots":{"index":"index","follow":"follow","max-snippet":"max-snippet:-1","max-image-preview":"max-image-preview:large","max-video-preview":"max-video-preview:-1"},"canonical":"https:\/\/www.hoogstra-autosport.nl\/fr\/produit\/schakellamp-omex-sequentieel\/","og_locale":"fr_FR","og_type":"article","og_title":"Schakellamp Omex sequentieel - Hoogstra Autosport","og_description":"toerenbegrenzer","og_url":"https:\/\/www.hoogstra-autosport.nl\/fr\/produit\/schakellamp-omex-sequentieel\/","og_site_name":"Hoogstra Autosport","article_modified_time":"2024-01-20T11:56:41+00:00","og_image":[{"width":986,"height":986,"url":"https:\/\/hoogstra-autosport.nl\/teamkoen\/content\/uploads\/2011\/01\/omsls.jpg","type":"image\/jpeg"}],"twitter_card":"summary_large_image","twitter_misc":{"Dur\u00e9e de lecture estim\u00e9e":"1 minute"},"schema":{"@context":"https:\/\/schema.org","@graph":[{"@type":"WebPage","@id":"https:\/\/www.hoogstra-autosport.nl\/product\/schakellamp-omex-sequentieel\/","url":"https:\/\/www.hoogstra-autosport.nl\/product\/schakellamp-omex-sequentieel\/","name":"Schakellamp Omex sequentieel - Hoogstra Autosport","isPartOf":{"@id":"https:\/\/www.hoogstra-autosport.nl\/#website"},"primaryImageOfPage":{"@id":"https:\/\/www.hoogstra-autosport.nl\/product\/schakellamp-omex-sequentieel\/#primaryimage"},"image":{"@id":"https:\/\/www.hoogstra-autosport.nl\/product\/schakellamp-omex-sequentieel\/#primaryimage"},"thumbnailUrl":"https:\/\/www.hoogstra-autosport.nl\/teamkoen\/wp-content\/uploads\/2011\/01\/omsls.jpg","datePublished":"2011-01-23T14:08:02+00:00","dateModified":"2024-01-20T11:56:41+00:00","description":"toerenbegrenzer","breadcrumb":{"@id":"https:\/\/www.hoogstra-autosport.nl\/product\/schakellamp-omex-sequentieel\/#breadcrumb"},"inLanguage":"fr-FR","potentialAction":[{"@type":"ReadAction","target":["https:\/\/www.hoogstra-autosport.nl\/product\/schakellamp-omex-sequentieel\/"]}]},{"@type":"ImageObject","inLanguage":"fr-FR","@id":"https:\/\/www.hoogstra-autosport.nl\/product\/schakellamp-omex-sequentieel\/#primaryimage","url":"https:\/\/www.hoogstra-autosport.nl\/teamkoen\/wp-content\/uploads\/2011\/01\/omsls.jpg","contentUrl":"https:\/\/www.hoogstra-autosport.nl\/teamkoen\/wp-content\/uploads\/2011\/01\/omsls.jpg","width":986,"height":986,"caption":"Schakellamp Omex sequentieel omsls"},{"@type":"BreadcrumbList","@id":"https:\/\/www.hoogstra-autosport.nl\/product\/schakellamp-omex-sequentieel\/#breadcrumb","itemListElement":[{"@type":"ListItem","position":1,"name":"Home","item":"https:\/\/www.hoogstra-autosport.nl\/"},{"@type":"ListItem","position":2,"name":"Merken","item":"https:\/\/www.hoogstra-autosport.nl\/product-categorie\/merken\/"},{"@type":"ListItem","position":3,"name":"Omex","item":"https:\/\/www.hoogstra-autosport.nl\/product-categorie\/merken\/omex\/"},{"@type":"ListItem","position":4,"name":"Schakellamp Omex sequentieel"}]},{"@type":"WebSite","@id":"https:\/\/www.hoogstra-autosport.nl\/#website","url":"https:\/\/www.hoogstra-autosport.nl\/","name":"Hoogstra Autosport","description":"Performance Autosport Parts!","potentialAction":[{"@type":"SearchAction","target":{"@type":"EntryPoint","urlTemplate":"https:\/\/www.hoogstra-autosport.nl\/?s={search_term_string}"},"query-input":{"@type":"PropertyValueSpecification","valueRequired":true,"valueName":"search_term_string"}}],"inLanguage":"fr-FR"}]}},"tiered_pricing_type":"fixed","tiered_pricing_fixed_rules":[],"tiered_pricing_product_settings":{"layout":"default","base_unit_name":{"singular":null,"plural":null},"default_variation":null},"tiered_pricing_minimum_quantity":null,"tiered_pricing_roles_data":[],"tiered_pricing_percentage_rules":[],"tiered_pricing_maximum_quantity":null,"tiered_pricing_quantity_step":null,"_links":{"self":[{"href":"https:\/\/www.hoogstra-autosport.nl\/fr\/wp-json\/wp\/v2\/product\/5698","targetHints":{"allow":["GET"]}}],"collection":[{"href":"https:\/\/www.hoogstra-autosport.nl\/fr\/wp-json\/wp\/v2\/product"}],"about":[{"href":"https:\/\/www.hoogstra-autosport.nl\/fr\/wp-json\/wp\/v2\/types\/product"}],"wp:featuredmedia":[{"embeddable":true,"href":"https:\/\/www.hoogstra-autosport.nl\/fr\/wp-json\/wp\/v2\/media\/66159"}],"wp:attachment":[{"href":"https:\/\/www.hoogstra-autosport.nl\/fr\/wp-json\/wp\/v2\/media?parent=5698"}],"wp:term":[{"taxonomy":"product_brand","embeddable":true,"href":"https:\/\/www.hoogstra-autosport.nl\/fr\/wp-json\/wp\/v2\/product_brand?post=5698"},{"taxonomy":"product_cat","embeddable":true,"href":"https:\/\/www.hoogstra-autosport.nl\/fr\/wp-json\/wp\/v2\/product_cat?post=5698"},{"taxonomy":"product_tag","embeddable":true,"href":"https:\/\/www.hoogstra-autosport.nl\/fr\/wp-json\/wp\/v2\/product_tag?post=5698"}],"curies":[{"name":"wp","href":"https:\/\/api.w.org\/{rel}","templated":true}]}}