{"id":55710,"date":"2023-03-27T16:43:07","date_gmt":"2023-03-27T14:43:07","guid":{"rendered":"https:\/\/www.hoogstra-autosport.nl\/?post_type=product&#038;p=55710"},"modified":"2025-02-18T11:40:09","modified_gmt":"2025-02-18T10:40:09","slug":"race-ceiver-element","status":"publish","type":"product","link":"https:\/\/www.hoogstra-autosport.nl\/fr\/produit\/race-ceiver-element\/","title":{"rendered":"Jeu d'\u00e9l\u00e9ments de cuivres de course"},"content":{"rendered":"<div>L'\u00e9l\u00e9ment RACEceiver est con\u00e7u pour aider les conducteurs \u00e0 rester en s\u00e9curit\u00e9 et \u00e0 savoir pr\u00e9cis\u00e9ment ce qui se passe sur la piste \u00e0 tout moment.<\/div>\n<div><\/div>\n<div>Un son fort, clair et net vous aide \u00e0 rester inform\u00e9, \u00e0 faire la queue et \u00e0 vous mettre au vert.<\/div>\n<div><\/div>\n<div>Cha\u00eenes pr\u00e9programm\u00e9es, choisissez celle dont vous avez besoin et lancez-vous dans la course !<\/div>\n<div><\/div>\n<div>Geen gedoe \u2013 1-weg radio \u2013 legaal voor alle races<\/div>\n<div><\/div>\n<div>Des courses plus fluides, moins d'incidents et plus de temps sur la piste.<\/div>\n<div><\/div>\n<div><\/div>\n<div>\u2013 Ingebouwde oplaadbare Li-Ion-batterij de batterij gaat tot 24 uur mee<\/div>\n<div>\u2013 Water- en stofbestendig\u00a0 Ontworpen voor natte en vuile omgevingen<\/div>\n<div>\u2013 Knopvergrendeling\u00a0 Geen onbedoelde kanaalwisselingen meer<\/div>\n<div>\u2013 Luid genoeg om zelfs in de meest uitdagende omgevingen te horen<\/div>\n<div><\/div>\n<div><\/div>\n<div><\/div>\n<div>word geleverd als set inclusief oplader, oordoppen en houder<\/div>","protected":false},"excerpt":{"rendered":"<p>De RACEceiver Element is ontworpen om coureurs te helpen veilig te blijven en te allen tijde precies op de hoogte te zijn van wat er op het circuit gebeurt. Luide, heldere, heldere audio helpt je op de hoogte te blijven, in de rij te gaan staan en groen te krijgen. Voorgeprogrammeerde kanalen, kies gewoon het [&hellip;]<\/p>\n","protected":false},"featured_media":55711,"template":"","meta":{"_acf_changed":false},"product_brand":[],"product_cat":[3803,4255],"product_tag":[],"class_list":{"0":"post-55710","1":"product","2":"type-product","3":"status-publish","4":"has-post-thumbnail","6":"product_cat-intercoms-heaqsets","7":"product_cat-raceceivers","8":"product_shipping_class-4016","10":"first","11":"instock","12":"taxable","13":"shipping-taxable","14":"purchasable","15":"product-type-simple"},"acf":[],"yoast_head":"<!-- This site is optimized with the Yoast SEO plugin v27.1.1 - https:\/\/yoast.com\/product\/yoast-seo-wordpress\/ -->\n<title>Race Ceiver Element Set - Hoogstra Autosport<\/title>\n<meta name=\"robots\" content=\"index, follow, max-snippet:-1, max-image-preview:large, max-video-preview:-1\" \/>\n<link rel=\"canonical\" href=\"https:\/\/www.hoogstra-autosport.nl\/fr\/produit\/race-ceiver-element\/\" \/>\n<meta property=\"og:locale\" content=\"fr_FR\" \/>\n<meta property=\"og:type\" content=\"article\" \/>\n<meta property=\"og:title\" content=\"Race Ceiver Element Set - Hoogstra Autosport\" \/>\n<meta property=\"og:description\" content=\"De RACEceiver Element is ontworpen om coureurs te helpen veilig te blijven en te allen tijde precies op de hoogte te zijn van wat er op het circuit gebeurt. Luide, heldere, heldere audio helpt je op de hoogte te blijven, in de rij te gaan staan en groen te krijgen. Voorgeprogrammeerde kanalen, kies gewoon het [&hellip;]\" \/>\n<meta property=\"og:url\" content=\"https:\/\/www.hoogstra-autosport.nl\/fr\/produit\/race-ceiver-element\/\" \/>\n<meta property=\"og:site_name\" content=\"Hoogstra Autosport\" \/>\n<meta property=\"article:modified_time\" content=\"2025-02-18T10:40:09+00:00\" \/>\n<meta property=\"og:image\" content=\"https:\/\/www.hoogstra-autosport.nl\/teamkoen\/content\/uploads\/2023\/03\/race-Ceiver-Element.webp\" \/>\n\t<meta property=\"og:image:width\" content=\"1000\" \/>\n\t<meta property=\"og:image:height\" content=\"1000\" \/>\n\t<meta property=\"og:image:type\" content=\"image\/webp\" \/>\n<meta name=\"twitter:card\" content=\"summary_large_image\" \/>\n<meta name=\"twitter:label1\" content=\"Dur\u00e9e de lecture estim\u00e9e\" \/>\n\t<meta name=\"twitter:data1\" content=\"1 minute\" \/>\n<script type=\"application\/ld+json\" class=\"yoast-schema-graph\">{\"@context\":\"https:\/\/schema.org\",\"@graph\":[{\"@type\":\"WebPage\",\"@id\":\"https:\/\/www.hoogstra-autosport.nl\/product\/race-ceiver-element\/\",\"url\":\"https:\/\/www.hoogstra-autosport.nl\/product\/race-ceiver-element\/\",\"name\":\"Race Ceiver Element Set - Hoogstra Autosport\",\"isPartOf\":{\"@id\":\"https:\/\/www.hoogstra-autosport.nl\/#website\"},\"primaryImageOfPage\":{\"@id\":\"https:\/\/www.hoogstra-autosport.nl\/product\/race-ceiver-element\/#primaryimage\"},\"image\":{\"@id\":\"https:\/\/www.hoogstra-autosport.nl\/product\/race-ceiver-element\/#primaryimage\"},\"thumbnailUrl\":\"https:\/\/www.hoogstra-autosport.nl\/teamkoen\/wp-content\/uploads\/2023\/03\/race-Ceiver-Element.webp\",\"datePublished\":\"2023-03-27T14:43:07+00:00\",\"dateModified\":\"2025-02-18T10:40:09+00:00\",\"breadcrumb\":{\"@id\":\"https:\/\/www.hoogstra-autosport.nl\/product\/race-ceiver-element\/#breadcrumb\"},\"inLanguage\":\"fr-FR\",\"potentialAction\":[{\"@type\":\"ReadAction\",\"target\":[\"https:\/\/www.hoogstra-autosport.nl\/product\/race-ceiver-element\/\"]}]},{\"@type\":\"ImageObject\",\"inLanguage\":\"fr-FR\",\"@id\":\"https:\/\/www.hoogstra-autosport.nl\/product\/race-ceiver-element\/#primaryimage\",\"url\":\"https:\/\/www.hoogstra-autosport.nl\/teamkoen\/wp-content\/uploads\/2023\/03\/race-Ceiver-Element.webp\",\"contentUrl\":\"https:\/\/www.hoogstra-autosport.nl\/teamkoen\/wp-content\/uploads\/2023\/03\/race-Ceiver-Element.webp\",\"width\":1000,\"height\":1000},{\"@type\":\"BreadcrumbList\",\"@id\":\"https:\/\/www.hoogstra-autosport.nl\/product\/race-ceiver-element\/#breadcrumb\",\"itemListElement\":[{\"@type\":\"ListItem\",\"position\":1,\"name\":\"Home\",\"item\":\"https:\/\/www.hoogstra-autosport.nl\/\"},{\"@type\":\"ListItem\",\"position\":2,\"name\":\"Uitrusting\",\"item\":\"https:\/\/www.hoogstra-autosport.nl\/product-categorie\/autosport-kleding-helmen\/\"},{\"@type\":\"ListItem\",\"position\":3,\"name\":\"Intercoms &amp; Headsets\",\"item\":\"https:\/\/www.hoogstra-autosport.nl\/product-categorie\/autosport-kleding-helmen\/intercoms-heaqsets\/\"},{\"@type\":\"ListItem\",\"position\":4,\"name\":\"Race Ceiver Element Set\"}]},{\"@type\":\"WebSite\",\"@id\":\"https:\/\/www.hoogstra-autosport.nl\/#website\",\"url\":\"https:\/\/www.hoogstra-autosport.nl\/\",\"name\":\"Hoogstra Autosport\",\"description\":\"Performance Autosport Parts!\",\"potentialAction\":[{\"@type\":\"SearchAction\",\"target\":{\"@type\":\"EntryPoint\",\"urlTemplate\":\"https:\/\/www.hoogstra-autosport.nl\/?s={search_term_string}\"},\"query-input\":{\"@type\":\"PropertyValueSpecification\",\"valueRequired\":true,\"valueName\":\"search_term_string\"}}],\"inLanguage\":\"fr-FR\"}]}<\/script>\n<!-- \/ Yoast SEO plugin. -->","yoast_head_json":{"title":"Race Ceiver Element Set - Hoogstra Autosport","robots":{"index":"index","follow":"follow","max-snippet":"max-snippet:-1","max-image-preview":"max-image-preview:large","max-video-preview":"max-video-preview:-1"},"canonical":"https:\/\/www.hoogstra-autosport.nl\/fr\/produit\/race-ceiver-element\/","og_locale":"fr_FR","og_type":"article","og_title":"Race Ceiver Element Set - Hoogstra Autosport","og_description":"De RACEceiver Element is ontworpen om coureurs te helpen veilig te blijven en te allen tijde precies op de hoogte te zijn van wat er op het circuit gebeurt. Luide, heldere, heldere audio helpt je op de hoogte te blijven, in de rij te gaan staan en groen te krijgen. Voorgeprogrammeerde kanalen, kies gewoon het [&hellip;]","og_url":"https:\/\/www.hoogstra-autosport.nl\/fr\/produit\/race-ceiver-element\/","og_site_name":"Hoogstra Autosport","article_modified_time":"2025-02-18T10:40:09+00:00","og_image":[{"width":1000,"height":1000,"url":"https:\/\/www.hoogstra-autosport.nl\/teamkoen\/content\/uploads\/2023\/03\/race-Ceiver-Element.webp","type":"image\/webp"}],"twitter_card":"summary_large_image","twitter_misc":{"Dur\u00e9e de lecture estim\u00e9e":"1 minute"},"schema":{"@context":"https:\/\/schema.org","@graph":[{"@type":"WebPage","@id":"https:\/\/www.hoogstra-autosport.nl\/product\/race-ceiver-element\/","url":"https:\/\/www.hoogstra-autosport.nl\/product\/race-ceiver-element\/","name":"Race Ceiver Element Set - Hoogstra Autosport","isPartOf":{"@id":"https:\/\/www.hoogstra-autosport.nl\/#website"},"primaryImageOfPage":{"@id":"https:\/\/www.hoogstra-autosport.nl\/product\/race-ceiver-element\/#primaryimage"},"image":{"@id":"https:\/\/www.hoogstra-autosport.nl\/product\/race-ceiver-element\/#primaryimage"},"thumbnailUrl":"https:\/\/www.hoogstra-autosport.nl\/teamkoen\/wp-content\/uploads\/2023\/03\/race-Ceiver-Element.webp","datePublished":"2023-03-27T14:43:07+00:00","dateModified":"2025-02-18T10:40:09+00:00","breadcrumb":{"@id":"https:\/\/www.hoogstra-autosport.nl\/product\/race-ceiver-element\/#breadcrumb"},"inLanguage":"fr-FR","potentialAction":[{"@type":"ReadAction","target":["https:\/\/www.hoogstra-autosport.nl\/product\/race-ceiver-element\/"]}]},{"@type":"ImageObject","inLanguage":"fr-FR","@id":"https:\/\/www.hoogstra-autosport.nl\/product\/race-ceiver-element\/#primaryimage","url":"https:\/\/www.hoogstra-autosport.nl\/teamkoen\/wp-content\/uploads\/2023\/03\/race-Ceiver-Element.webp","contentUrl":"https:\/\/www.hoogstra-autosport.nl\/teamkoen\/wp-content\/uploads\/2023\/03\/race-Ceiver-Element.webp","width":1000,"height":1000},{"@type":"BreadcrumbList","@id":"https:\/\/www.hoogstra-autosport.nl\/product\/race-ceiver-element\/#breadcrumb","itemListElement":[{"@type":"ListItem","position":1,"name":"Home","item":"https:\/\/www.hoogstra-autosport.nl\/"},{"@type":"ListItem","position":2,"name":"Uitrusting","item":"https:\/\/www.hoogstra-autosport.nl\/product-categorie\/autosport-kleding-helmen\/"},{"@type":"ListItem","position":3,"name":"Intercoms &amp; Headsets","item":"https:\/\/www.hoogstra-autosport.nl\/product-categorie\/autosport-kleding-helmen\/intercoms-heaqsets\/"},{"@type":"ListItem","position":4,"name":"Race Ceiver Element Set"}]},{"@type":"WebSite","@id":"https:\/\/www.hoogstra-autosport.nl\/#website","url":"https:\/\/www.hoogstra-autosport.nl\/","name":"Hoogstra Autosport","description":"Performance Autosport Parts!","potentialAction":[{"@type":"SearchAction","target":{"@type":"EntryPoint","urlTemplate":"https:\/\/www.hoogstra-autosport.nl\/?s={search_term_string}"},"query-input":{"@type":"PropertyValueSpecification","valueRequired":true,"valueName":"search_term_string"}}],"inLanguage":"fr-FR"}]}},"tiered_pricing_type":"fixed","tiered_pricing_fixed_rules":[],"tiered_pricing_product_settings":{"layout":"default","base_unit_name":{"singular":null,"plural":null},"default_variation":null},"tiered_pricing_minimum_quantity":null,"tiered_pricing_roles_data":[],"tiered_pricing_percentage_rules":[],"tiered_pricing_maximum_quantity":null,"tiered_pricing_quantity_step":null,"_links":{"self":[{"href":"https:\/\/www.hoogstra-autosport.nl\/fr\/wp-json\/wp\/v2\/product\/55710","targetHints":{"allow":["GET"]}}],"collection":[{"href":"https:\/\/www.hoogstra-autosport.nl\/fr\/wp-json\/wp\/v2\/product"}],"about":[{"href":"https:\/\/www.hoogstra-autosport.nl\/fr\/wp-json\/wp\/v2\/types\/product"}],"wp:featuredmedia":[{"embeddable":true,"href":"https:\/\/www.hoogstra-autosport.nl\/fr\/wp-json\/wp\/v2\/media\/55711"}],"wp:attachment":[{"href":"https:\/\/www.hoogstra-autosport.nl\/fr\/wp-json\/wp\/v2\/media?parent=55710"}],"wp:term":[{"taxonomy":"product_brand","embeddable":true,"href":"https:\/\/www.hoogstra-autosport.nl\/fr\/wp-json\/wp\/v2\/product_brand?post=55710"},{"taxonomy":"product_cat","embeddable":true,"href":"https:\/\/www.hoogstra-autosport.nl\/fr\/wp-json\/wp\/v2\/product_cat?post=55710"},{"taxonomy":"product_tag","embeddable":true,"href":"https:\/\/www.hoogstra-autosport.nl\/fr\/wp-json\/wp\/v2\/product_tag?post=55710"}],"curies":[{"name":"wp","href":"https:\/\/api.w.org\/{rel}","templated":true}]}}