{"id":5556,"date":"2010-12-29T12:55:14","date_gmt":"2010-12-29T11:55:14","guid":{"rendered":"http:\/\/hoogstra-autosport.nl\/?product=redtop-accu-18ah-pc680-odysey"},"modified":"2025-09-23T21:22:56","modified_gmt":"2025-09-23T19:22:56","slug":"redtop-accu-18ah-pc680-odysey","status":"publish","type":"product","link":"https:\/\/www.hoogstra-autosport.nl\/fr\/produit\/redtop-accu-18ah-pc680-odysey\/","title":{"rendered":"Batterie Redtop - 18Ah pc680 Odysey"},"content":{"rendered":"<p>L185xL79x H169<\/p>\n<p>Possibilit\u00e9 d'aplatir cette batterie<\/p>\n<p>Y compris les boulons pour la fixation de l'actuel m6<\/p>\n<p>Tr\u00e8s l\u00e9ger 7 kg<\/p>\n<p>Certains utilisateurs exigent d'\u00e9normes courants de d\u00e9marrage. D'autres doivent faire face \u00e0 des charges de d\u00e9rivation importantes. D'autres encore exigent une r\u00e9sistance aux vibrations, une polyvalence ou une longue dur\u00e9e de vie. Tous ces utilisateurs trouveront une solution dans la gamme de produits Odyssey. Comme les batteries \u00e0 spirale couramment utilis\u00e9es, la batterie Odyssey utilise la technologie des cellules s\u00e8ches AGM. Dans une Odyssey, cependant, les plaques \u00e9troitement serr\u00e9es \u00e9vitent les espaces inutilis\u00e9s entre les cylindres d'un pack de six. Comme les plaques d'une batterie Odyssey sont faites de plomb pur et vierge, elles ont une r\u00e9sistance interne extr\u00eamement faible : cela signifie des courants de d\u00e9charge \u00e9lev\u00e9s, mais aussi une recharge plus rapide.<\/p>","protected":false},"excerpt":{"rendered":"<p>L185xB79x H169 Mogelijk om deze accu plat te leggen Inclusief bouten voor de bevestiging van de stroom m6 Erg licht 7 kg Sommige gebruikers vragen om enorme startstromen. Anderen kampen met diepe omtladingen. En weer anderen eisen vibratiebestendigheid, veleigheid of een lange levensduur. Al deze gebruikers vinden een oplossing in de Odyssey productrange. Net als [&hellip;]<\/p>\n","protected":false},"featured_media":30661,"template":"","meta":{"_acf_changed":false},"product_brand":[],"product_cat":[2611],"product_tag":[],"class_list":{"0":"post-5556","1":"product","2":"type-product","3":"status-publish","4":"has-post-thumbnail","6":"product_cat-accu","7":"product_shipping_class-4016","9":"first","10":"instock","11":"taxable","12":"shipping-taxable","13":"purchasable","14":"product-type-simple"},"acf":[],"yoast_head":"<!-- This site is optimized with the Yoast SEO plugin v27.1.1 - https:\/\/yoast.com\/product\/yoast-seo-wordpress\/ -->\n<title>Redtop Accu - 18Ah pc680 Odysey - Hoogstra Autosport<\/title>\n<meta name=\"robots\" content=\"index, follow, max-snippet:-1, max-image-preview:large, max-video-preview:-1\" \/>\n<link rel=\"canonical\" href=\"https:\/\/www.hoogstra-autosport.nl\/fr\/produit\/redtop-accu-18ah-pc680-odysey\/\" \/>\n<meta property=\"og:locale\" content=\"fr_FR\" \/>\n<meta property=\"og:type\" content=\"article\" \/>\n<meta property=\"og:title\" content=\"Redtop Accu - 18Ah pc680 Odysey - Hoogstra Autosport\" \/>\n<meta property=\"og:description\" content=\"L185xB79x H169 Mogelijk om deze accu plat te leggen Inclusief bouten voor de bevestiging van de stroom m6 Erg licht 7 kg Sommige gebruikers vragen om enorme startstromen. Anderen kampen met diepe omtladingen. En weer anderen eisen vibratiebestendigheid, veleigheid of een lange levensduur. Al deze gebruikers vinden een oplossing in de Odyssey productrange. Net als [&hellip;]\" \/>\n<meta property=\"og:url\" content=\"https:\/\/www.hoogstra-autosport.nl\/fr\/produit\/redtop-accu-18ah-pc680-odysey\/\" \/>\n<meta property=\"og:site_name\" content=\"Hoogstra Autosport\" \/>\n<meta property=\"article:modified_time\" content=\"2025-09-23T19:22:56+00:00\" \/>\n<meta property=\"og:image\" content=\"https:\/\/www.hoogstra-autosport.nl\/teamkoen\/wp-content\/uploads\/2010\/12\/odyssey.jpg\" \/>\n\t<meta property=\"og:image:width\" content=\"600\" \/>\n\t<meta property=\"og:image:height\" content=\"617\" \/>\n\t<meta property=\"og:image:type\" content=\"image\/jpeg\" \/>\n<meta name=\"twitter:card\" content=\"summary_large_image\" \/>\n<meta name=\"twitter:label1\" content=\"Dur\u00e9e de lecture estim\u00e9e\" \/>\n\t<meta name=\"twitter:data1\" content=\"1 minute\" \/>\n<script type=\"application\/ld+json\" class=\"yoast-schema-graph\">{\"@context\":\"https:\/\/schema.org\",\"@graph\":[{\"@type\":\"WebPage\",\"@id\":\"https:\/\/www.hoogstra-autosport.nl\/product\/redtop-accu-18ah-pc680-odysey\/\",\"url\":\"https:\/\/www.hoogstra-autosport.nl\/product\/redtop-accu-18ah-pc680-odysey\/\",\"name\":\"Redtop Accu - 18Ah pc680 Odysey - Hoogstra Autosport\",\"isPartOf\":{\"@id\":\"https:\/\/www.hoogstra-autosport.nl\/#website\"},\"primaryImageOfPage\":{\"@id\":\"https:\/\/www.hoogstra-autosport.nl\/product\/redtop-accu-18ah-pc680-odysey\/#primaryimage\"},\"image\":{\"@id\":\"https:\/\/www.hoogstra-autosport.nl\/product\/redtop-accu-18ah-pc680-odysey\/#primaryimage\"},\"thumbnailUrl\":\"https:\/\/www.hoogstra-autosport.nl\/teamkoen\/wp-content\/uploads\/2010\/12\/odyssey.jpg\",\"datePublished\":\"2010-12-29T11:55:14+00:00\",\"dateModified\":\"2025-09-23T19:22:56+00:00\",\"breadcrumb\":{\"@id\":\"https:\/\/www.hoogstra-autosport.nl\/product\/redtop-accu-18ah-pc680-odysey\/#breadcrumb\"},\"inLanguage\":\"fr-FR\",\"potentialAction\":[{\"@type\":\"ReadAction\",\"target\":[\"https:\/\/www.hoogstra-autosport.nl\/product\/redtop-accu-18ah-pc680-odysey\/\"]}]},{\"@type\":\"ImageObject\",\"inLanguage\":\"fr-FR\",\"@id\":\"https:\/\/www.hoogstra-autosport.nl\/product\/redtop-accu-18ah-pc680-odysey\/#primaryimage\",\"url\":\"https:\/\/www.hoogstra-autosport.nl\/teamkoen\/wp-content\/uploads\/2010\/12\/odyssey.jpg\",\"contentUrl\":\"https:\/\/www.hoogstra-autosport.nl\/teamkoen\/wp-content\/uploads\/2010\/12\/odyssey.jpg\",\"width\":600,\"height\":617},{\"@type\":\"BreadcrumbList\",\"@id\":\"https:\/\/www.hoogstra-autosport.nl\/product\/redtop-accu-18ah-pc680-odysey\/#breadcrumb\",\"itemListElement\":[{\"@type\":\"ListItem\",\"position\":1,\"name\":\"Home\",\"item\":\"https:\/\/www.hoogstra-autosport.nl\/\"},{\"@type\":\"ListItem\",\"position\":2,\"name\":\"Elektriciteit\",\"item\":\"https:\/\/www.hoogstra-autosport.nl\/product-categorie\/elektriciteit\/\"},{\"@type\":\"ListItem\",\"position\":3,\"name\":\"Accu\",\"item\":\"https:\/\/www.hoogstra-autosport.nl\/product-categorie\/elektriciteit\/accu\/\"},{\"@type\":\"ListItem\",\"position\":4,\"name\":\"Redtop Accu &#8211; 18Ah pc680 Odysey\"}]},{\"@type\":\"WebSite\",\"@id\":\"https:\/\/www.hoogstra-autosport.nl\/#website\",\"url\":\"https:\/\/www.hoogstra-autosport.nl\/\",\"name\":\"Hoogstra Autosport\",\"description\":\"Performance Autosport Parts!\",\"potentialAction\":[{\"@type\":\"SearchAction\",\"target\":{\"@type\":\"EntryPoint\",\"urlTemplate\":\"https:\/\/www.hoogstra-autosport.nl\/?s={search_term_string}\"},\"query-input\":{\"@type\":\"PropertyValueSpecification\",\"valueRequired\":true,\"valueName\":\"search_term_string\"}}],\"inLanguage\":\"fr-FR\"}]}<\/script>\n<!-- \/ Yoast SEO plugin. -->","yoast_head_json":{"title":"Redtop Accu - 18Ah pc680 Odysey - Hoogstra Autosport","robots":{"index":"index","follow":"follow","max-snippet":"max-snippet:-1","max-image-preview":"max-image-preview:large","max-video-preview":"max-video-preview:-1"},"canonical":"https:\/\/www.hoogstra-autosport.nl\/fr\/produit\/redtop-accu-18ah-pc680-odysey\/","og_locale":"fr_FR","og_type":"article","og_title":"Redtop Accu - 18Ah pc680 Odysey - Hoogstra Autosport","og_description":"L185xB79x H169 Mogelijk om deze accu plat te leggen Inclusief bouten voor de bevestiging van de stroom m6 Erg licht 7 kg Sommige gebruikers vragen om enorme startstromen. Anderen kampen met diepe omtladingen. En weer anderen eisen vibratiebestendigheid, veleigheid of een lange levensduur. Al deze gebruikers vinden een oplossing in de Odyssey productrange. Net als [&hellip;]","og_url":"https:\/\/www.hoogstra-autosport.nl\/fr\/produit\/redtop-accu-18ah-pc680-odysey\/","og_site_name":"Hoogstra Autosport","article_modified_time":"2025-09-23T19:22:56+00:00","og_image":[{"width":600,"height":617,"url":"https:\/\/www.hoogstra-autosport.nl\/teamkoen\/wp-content\/uploads\/2010\/12\/odyssey.jpg","type":"image\/jpeg"}],"twitter_card":"summary_large_image","twitter_misc":{"Dur\u00e9e de lecture estim\u00e9e":"1 minute"},"schema":{"@context":"https:\/\/schema.org","@graph":[{"@type":"WebPage","@id":"https:\/\/www.hoogstra-autosport.nl\/product\/redtop-accu-18ah-pc680-odysey\/","url":"https:\/\/www.hoogstra-autosport.nl\/product\/redtop-accu-18ah-pc680-odysey\/","name":"Redtop Accu - 18Ah pc680 Odysey - Hoogstra Autosport","isPartOf":{"@id":"https:\/\/www.hoogstra-autosport.nl\/#website"},"primaryImageOfPage":{"@id":"https:\/\/www.hoogstra-autosport.nl\/product\/redtop-accu-18ah-pc680-odysey\/#primaryimage"},"image":{"@id":"https:\/\/www.hoogstra-autosport.nl\/product\/redtop-accu-18ah-pc680-odysey\/#primaryimage"},"thumbnailUrl":"https:\/\/www.hoogstra-autosport.nl\/teamkoen\/wp-content\/uploads\/2010\/12\/odyssey.jpg","datePublished":"2010-12-29T11:55:14+00:00","dateModified":"2025-09-23T19:22:56+00:00","breadcrumb":{"@id":"https:\/\/www.hoogstra-autosport.nl\/product\/redtop-accu-18ah-pc680-odysey\/#breadcrumb"},"inLanguage":"fr-FR","potentialAction":[{"@type":"ReadAction","target":["https:\/\/www.hoogstra-autosport.nl\/product\/redtop-accu-18ah-pc680-odysey\/"]}]},{"@type":"ImageObject","inLanguage":"fr-FR","@id":"https:\/\/www.hoogstra-autosport.nl\/product\/redtop-accu-18ah-pc680-odysey\/#primaryimage","url":"https:\/\/www.hoogstra-autosport.nl\/teamkoen\/wp-content\/uploads\/2010\/12\/odyssey.jpg","contentUrl":"https:\/\/www.hoogstra-autosport.nl\/teamkoen\/wp-content\/uploads\/2010\/12\/odyssey.jpg","width":600,"height":617},{"@type":"BreadcrumbList","@id":"https:\/\/www.hoogstra-autosport.nl\/product\/redtop-accu-18ah-pc680-odysey\/#breadcrumb","itemListElement":[{"@type":"ListItem","position":1,"name":"Home","item":"https:\/\/www.hoogstra-autosport.nl\/"},{"@type":"ListItem","position":2,"name":"Elektriciteit","item":"https:\/\/www.hoogstra-autosport.nl\/product-categorie\/elektriciteit\/"},{"@type":"ListItem","position":3,"name":"Accu","item":"https:\/\/www.hoogstra-autosport.nl\/product-categorie\/elektriciteit\/accu\/"},{"@type":"ListItem","position":4,"name":"Redtop Accu &#8211; 18Ah pc680 Odysey"}]},{"@type":"WebSite","@id":"https:\/\/www.hoogstra-autosport.nl\/#website","url":"https:\/\/www.hoogstra-autosport.nl\/","name":"Hoogstra Autosport","description":"Performance Autosport Parts!","potentialAction":[{"@type":"SearchAction","target":{"@type":"EntryPoint","urlTemplate":"https:\/\/www.hoogstra-autosport.nl\/?s={search_term_string}"},"query-input":{"@type":"PropertyValueSpecification","valueRequired":true,"valueName":"search_term_string"}}],"inLanguage":"fr-FR"}]}},"tiered_pricing_type":"fixed","tiered_pricing_fixed_rules":[],"tiered_pricing_product_settings":{"layout":"default","base_unit_name":{"singular":null,"plural":null},"default_variation":null},"tiered_pricing_minimum_quantity":null,"tiered_pricing_roles_data":[],"tiered_pricing_percentage_rules":[],"tiered_pricing_maximum_quantity":null,"tiered_pricing_quantity_step":null,"_links":{"self":[{"href":"https:\/\/www.hoogstra-autosport.nl\/fr\/wp-json\/wp\/v2\/product\/5556","targetHints":{"allow":["GET"]}}],"collection":[{"href":"https:\/\/www.hoogstra-autosport.nl\/fr\/wp-json\/wp\/v2\/product"}],"about":[{"href":"https:\/\/www.hoogstra-autosport.nl\/fr\/wp-json\/wp\/v2\/types\/product"}],"wp:featuredmedia":[{"embeddable":true,"href":"https:\/\/www.hoogstra-autosport.nl\/fr\/wp-json\/wp\/v2\/media\/30661"}],"wp:attachment":[{"href":"https:\/\/www.hoogstra-autosport.nl\/fr\/wp-json\/wp\/v2\/media?parent=5556"}],"wp:term":[{"taxonomy":"product_brand","embeddable":true,"href":"https:\/\/www.hoogstra-autosport.nl\/fr\/wp-json\/wp\/v2\/product_brand?post=5556"},{"taxonomy":"product_cat","embeddable":true,"href":"https:\/\/www.hoogstra-autosport.nl\/fr\/wp-json\/wp\/v2\/product_cat?post=5556"},{"taxonomy":"product_tag","embeddable":true,"href":"https:\/\/www.hoogstra-autosport.nl\/fr\/wp-json\/wp\/v2\/product_tag?post=5556"}],"curies":[{"name":"wp","href":"https:\/\/api.w.org\/{rel}","templated":true}]}}