{"id":54138,"date":"2023-02-09T09:58:49","date_gmt":"2023-02-09T08:58:49","guid":{"rendered":"https:\/\/www.hoogstra-autosport.nl\/?post_type=product&#038;p=54138"},"modified":"2025-12-02T11:01:09","modified_gmt":"2025-12-02T10:01:09","slug":"powersprint-uitlaatreductiepijp-2-traps","status":"publish","type":"product","link":"https:\/\/www.hoogstra-autosport.nl\/fr\/produit\/powersprint-uitlaatreductiepijp-2-traps\/","title":{"rendered":"Pot d'\u00e9chappement Powersprint \u00e0 2 \u00e9tages"},"content":{"rendered":"<p>Pour raccorder diff\u00e9rents diam\u00e8tres de tuyaux d'\u00e9chappement.<\/p>\n<p>Diam\u00e8tre de raccordement int\u00e9rieur\/int\u00e9rieur 40\/35 \u00e0 89\/76 mm<\/p>\n<p>\u00c9paisseur de la paroi : 1,5 mm<br \/>\nLongueur totale : 100-120 mm<\/p>\n<p>Qu'ils soient \u00e0 2 ou 4 \u00e9tages, les tuyaux de r\u00e9duction Powersprint Construct sont parfaits pour \u00eatre install\u00e9s dans un syst\u00e8me d'\u00e9chappement avec diff\u00e9rents diam\u00e8tres de tuyaux.<\/p>\n<p>Alors que le manchon d'\u00e9chappement Powersprint Construct est destin\u00e9 \u00e0 raccorder des tuyaux d'\u00e9chappement de m\u00eame diam\u00e8tre, les tubes de r\u00e9duction Powersprint en acier inoxydable sont destin\u00e9s \u00e0 raccorder des tuyaux de diam\u00e8tres diff\u00e9rents.<\/p>\n<p>Les tailles sont mesur\u00e9es \u00e0 l'int\u00e9rieur.<\/p>","protected":false},"excerpt":{"rendered":"<p>Voor het aansluiten van verschillende uitlaatpijpdiameters. Aansluitdiameter binnen\/binnen 40\/35 tot 89\/76 mm Wanddikte: 1,5 mm Totale lengte: 100-120 mm Of het nu gaat om een 2-traps of 4-traps versie \u2013 de Powersprint Construct reductiepijpen zijn perfect voor installatie in een uitlaatsysteem met verschillende pijpdiameters. Terwijl de Powersprint Construct uitlaathuls bedoeld is voor het aansluiten van [&hellip;]<\/p>\n","protected":false},"featured_media":94349,"template":"","meta":{"_acf_changed":false},"product_brand":[],"product_cat":[3891],"product_tag":[],"class_list":{"0":"post-54138","1":"product","2":"type-product","3":"status-publish","4":"has-post-thumbnail","6":"product_cat-uitlaatbochten","7":"product_shipping_class-4016","9":"first","10":"instock","11":"taxable","12":"shipping-taxable","13":"purchasable","14":"product-type-variable"},"acf":[],"yoast_head":"<!-- This site is optimized with the Yoast SEO plugin v27.5 - https:\/\/yoast.com\/product\/yoast-seo-wordpress\/ -->\n<title>Powersprint uitlaatreductiepijp 2-traps - Hoogstra Autosport<\/title>\n<meta name=\"robots\" content=\"index, follow, max-snippet:-1, max-image-preview:large, max-video-preview:-1\" \/>\n<link rel=\"canonical\" href=\"https:\/\/www.hoogstra-autosport.nl\/fr\/produit\/powersprint-uitlaatreductiepijp-2-traps\/\" \/>\n<meta property=\"og:locale\" content=\"fr_FR\" \/>\n<meta property=\"og:type\" content=\"article\" \/>\n<meta property=\"og:title\" content=\"Powersprint uitlaatreductiepijp 2-traps - Hoogstra Autosport\" \/>\n<meta property=\"og:description\" content=\"Voor het aansluiten van verschillende uitlaatpijpdiameters. Aansluitdiameter binnen\/binnen 40\/35 tot 89\/76 mm Wanddikte: 1,5 mm Totale lengte: 100-120 mm Of het nu gaat om een 2-traps of 4-traps versie \u2013 de Powersprint Construct reductiepijpen zijn perfect voor installatie in een uitlaatsysteem met verschillende pijpdiameters. Terwijl de Powersprint Construct uitlaathuls bedoeld is voor het aansluiten van [&hellip;]\" \/>\n<meta property=\"og:url\" content=\"https:\/\/www.hoogstra-autosport.nl\/fr\/produit\/powersprint-uitlaatreductiepijp-2-traps\/\" \/>\n<meta property=\"og:site_name\" content=\"Hoogstra Autosport\" \/>\n<meta property=\"article:modified_time\" content=\"2025-12-02T10:01:09+00:00\" \/>\n<meta property=\"og:image\" content=\"https:\/\/www.hoogstra-autosport.nl\/teamkoen\/wp-content\/uploads\/2023\/02\/Untitled-Project-2025-12-02T110055.510.jpg\" \/>\n\t<meta property=\"og:image:width\" content=\"1080\" \/>\n\t<meta property=\"og:image:height\" content=\"1080\" \/>\n\t<meta property=\"og:image:type\" content=\"image\/jpeg\" \/>\n<meta name=\"twitter:card\" content=\"summary_large_image\" \/>\n<meta name=\"twitter:label1\" content=\"Dur\u00e9e de lecture estim\u00e9e\" \/>\n\t<meta name=\"twitter:data1\" content=\"1 minute\" \/>\n<script type=\"application\/ld+json\" class=\"yoast-schema-graph\">{\"@context\":\"https:\\\/\\\/schema.org\",\"@graph\":[{\"@type\":\"WebPage\",\"@id\":\"https:\\\/\\\/www.hoogstra-autosport.nl\\\/product\\\/powersprint-uitlaatreductiepijp-2-traps\\\/\",\"url\":\"https:\\\/\\\/www.hoogstra-autosport.nl\\\/product\\\/powersprint-uitlaatreductiepijp-2-traps\\\/\",\"name\":\"Powersprint uitlaatreductiepijp 2-traps - Hoogstra Autosport\",\"isPartOf\":{\"@id\":\"https:\\\/\\\/www.hoogstra-autosport.nl\\\/#website\"},\"primaryImageOfPage\":{\"@id\":\"https:\\\/\\\/www.hoogstra-autosport.nl\\\/product\\\/powersprint-uitlaatreductiepijp-2-traps\\\/#primaryimage\"},\"image\":{\"@id\":\"https:\\\/\\\/www.hoogstra-autosport.nl\\\/product\\\/powersprint-uitlaatreductiepijp-2-traps\\\/#primaryimage\"},\"thumbnailUrl\":\"https:\\\/\\\/www.hoogstra-autosport.nl\\\/teamkoen\\\/wp-content\\\/uploads\\\/2023\\\/02\\\/Untitled-Project-2025-12-02T110055.510.jpg\",\"datePublished\":\"2023-02-09T08:58:49+00:00\",\"dateModified\":\"2025-12-02T10:01:09+00:00\",\"breadcrumb\":{\"@id\":\"https:\\\/\\\/www.hoogstra-autosport.nl\\\/product\\\/powersprint-uitlaatreductiepijp-2-traps\\\/#breadcrumb\"},\"inLanguage\":\"fr-FR\",\"potentialAction\":[{\"@type\":\"ReadAction\",\"target\":[\"https:\\\/\\\/www.hoogstra-autosport.nl\\\/product\\\/powersprint-uitlaatreductiepijp-2-traps\\\/\"]}]},{\"@type\":\"ImageObject\",\"inLanguage\":\"fr-FR\",\"@id\":\"https:\\\/\\\/www.hoogstra-autosport.nl\\\/product\\\/powersprint-uitlaatreductiepijp-2-traps\\\/#primaryimage\",\"url\":\"https:\\\/\\\/www.hoogstra-autosport.nl\\\/teamkoen\\\/wp-content\\\/uploads\\\/2023\\\/02\\\/Untitled-Project-2025-12-02T110055.510.jpg\",\"contentUrl\":\"https:\\\/\\\/www.hoogstra-autosport.nl\\\/teamkoen\\\/wp-content\\\/uploads\\\/2023\\\/02\\\/Untitled-Project-2025-12-02T110055.510.jpg\",\"width\":1080,\"height\":1080},{\"@type\":\"BreadcrumbList\",\"@id\":\"https:\\\/\\\/www.hoogstra-autosport.nl\\\/product\\\/powersprint-uitlaatreductiepijp-2-traps\\\/#breadcrumb\",\"itemListElement\":[{\"@type\":\"ListItem\",\"position\":1,\"name\":\"Home\",\"item\":\"https:\\\/\\\/www.hoogstra-autosport.nl\\\/\"},{\"@type\":\"ListItem\",\"position\":2,\"name\":\"Motorisch\",\"item\":\"https:\\\/\\\/www.hoogstra-autosport.nl\\\/product-categorie\\\/auto-techniek\\\/\"},{\"@type\":\"ListItem\",\"position\":3,\"name\":\"Uitlaten &amp; Isolatie &amp; Motor\",\"item\":\"https:\\\/\\\/www.hoogstra-autosport.nl\\\/product-categorie\\\/auto-techniek\\\/motoren-techniek-inlaat-uitlaat\\\/\"},{\"@type\":\"ListItem\",\"position\":4,\"name\":\"Uitlaatbochten &amp; Stukken\",\"item\":\"https:\\\/\\\/www.hoogstra-autosport.nl\\\/product-categorie\\\/auto-techniek\\\/motoren-techniek-inlaat-uitlaat\\\/uitlaatbochten\\\/\"},{\"@type\":\"ListItem\",\"position\":5,\"name\":\"Powersprint uitlaatreductiepijp 2-traps\"}]},{\"@type\":\"WebSite\",\"@id\":\"https:\\\/\\\/www.hoogstra-autosport.nl\\\/#website\",\"url\":\"https:\\\/\\\/www.hoogstra-autosport.nl\\\/\",\"name\":\"Hoogstra Autosport\",\"description\":\"Performance Autosport Parts!\",\"potentialAction\":[{\"@type\":\"SearchAction\",\"target\":{\"@type\":\"EntryPoint\",\"urlTemplate\":\"https:\\\/\\\/www.hoogstra-autosport.nl\\\/?s={search_term_string}\"},\"query-input\":{\"@type\":\"PropertyValueSpecification\",\"valueRequired\":true,\"valueName\":\"search_term_string\"}}],\"inLanguage\":\"fr-FR\"}]}<\/script>\n<!-- \/ Yoast SEO plugin. -->","yoast_head_json":{"title":"Powersprint uitlaatreductiepijp 2-traps - Hoogstra Autosport","robots":{"index":"index","follow":"follow","max-snippet":"max-snippet:-1","max-image-preview":"max-image-preview:large","max-video-preview":"max-video-preview:-1"},"canonical":"https:\/\/www.hoogstra-autosport.nl\/fr\/produit\/powersprint-uitlaatreductiepijp-2-traps\/","og_locale":"fr_FR","og_type":"article","og_title":"Powersprint uitlaatreductiepijp 2-traps - Hoogstra Autosport","og_description":"Voor het aansluiten van verschillende uitlaatpijpdiameters. Aansluitdiameter binnen\/binnen 40\/35 tot 89\/76 mm Wanddikte: 1,5 mm Totale lengte: 100-120 mm Of het nu gaat om een 2-traps of 4-traps versie \u2013 de Powersprint Construct reductiepijpen zijn perfect voor installatie in een uitlaatsysteem met verschillende pijpdiameters. Terwijl de Powersprint Construct uitlaathuls bedoeld is voor het aansluiten van [&hellip;]","og_url":"https:\/\/www.hoogstra-autosport.nl\/fr\/produit\/powersprint-uitlaatreductiepijp-2-traps\/","og_site_name":"Hoogstra Autosport","article_modified_time":"2025-12-02T10:01:09+00:00","og_image":[{"width":1080,"height":1080,"url":"https:\/\/www.hoogstra-autosport.nl\/teamkoen\/wp-content\/uploads\/2023\/02\/Untitled-Project-2025-12-02T110055.510.jpg","type":"image\/jpeg"}],"twitter_card":"summary_large_image","twitter_misc":{"Dur\u00e9e de lecture estim\u00e9e":"1 minute"},"schema":{"@context":"https:\/\/schema.org","@graph":[{"@type":"WebPage","@id":"https:\/\/www.hoogstra-autosport.nl\/product\/powersprint-uitlaatreductiepijp-2-traps\/","url":"https:\/\/www.hoogstra-autosport.nl\/product\/powersprint-uitlaatreductiepijp-2-traps\/","name":"Powersprint uitlaatreductiepijp 2-traps - Hoogstra Autosport","isPartOf":{"@id":"https:\/\/www.hoogstra-autosport.nl\/#website"},"primaryImageOfPage":{"@id":"https:\/\/www.hoogstra-autosport.nl\/product\/powersprint-uitlaatreductiepijp-2-traps\/#primaryimage"},"image":{"@id":"https:\/\/www.hoogstra-autosport.nl\/product\/powersprint-uitlaatreductiepijp-2-traps\/#primaryimage"},"thumbnailUrl":"https:\/\/www.hoogstra-autosport.nl\/teamkoen\/wp-content\/uploads\/2023\/02\/Untitled-Project-2025-12-02T110055.510.jpg","datePublished":"2023-02-09T08:58:49+00:00","dateModified":"2025-12-02T10:01:09+00:00","breadcrumb":{"@id":"https:\/\/www.hoogstra-autosport.nl\/product\/powersprint-uitlaatreductiepijp-2-traps\/#breadcrumb"},"inLanguage":"fr-FR","potentialAction":[{"@type":"ReadAction","target":["https:\/\/www.hoogstra-autosport.nl\/product\/powersprint-uitlaatreductiepijp-2-traps\/"]}]},{"@type":"ImageObject","inLanguage":"fr-FR","@id":"https:\/\/www.hoogstra-autosport.nl\/product\/powersprint-uitlaatreductiepijp-2-traps\/#primaryimage","url":"https:\/\/www.hoogstra-autosport.nl\/teamkoen\/wp-content\/uploads\/2023\/02\/Untitled-Project-2025-12-02T110055.510.jpg","contentUrl":"https:\/\/www.hoogstra-autosport.nl\/teamkoen\/wp-content\/uploads\/2023\/02\/Untitled-Project-2025-12-02T110055.510.jpg","width":1080,"height":1080},{"@type":"BreadcrumbList","@id":"https:\/\/www.hoogstra-autosport.nl\/product\/powersprint-uitlaatreductiepijp-2-traps\/#breadcrumb","itemListElement":[{"@type":"ListItem","position":1,"name":"Home","item":"https:\/\/www.hoogstra-autosport.nl\/"},{"@type":"ListItem","position":2,"name":"Motorisch","item":"https:\/\/www.hoogstra-autosport.nl\/product-categorie\/auto-techniek\/"},{"@type":"ListItem","position":3,"name":"Uitlaten &amp; Isolatie &amp; Motor","item":"https:\/\/www.hoogstra-autosport.nl\/product-categorie\/auto-techniek\/motoren-techniek-inlaat-uitlaat\/"},{"@type":"ListItem","position":4,"name":"Uitlaatbochten &amp; Stukken","item":"https:\/\/www.hoogstra-autosport.nl\/product-categorie\/auto-techniek\/motoren-techniek-inlaat-uitlaat\/uitlaatbochten\/"},{"@type":"ListItem","position":5,"name":"Powersprint uitlaatreductiepijp 2-traps"}]},{"@type":"WebSite","@id":"https:\/\/www.hoogstra-autosport.nl\/#website","url":"https:\/\/www.hoogstra-autosport.nl\/","name":"Hoogstra Autosport","description":"Performance Autosport Parts!","potentialAction":[{"@type":"SearchAction","target":{"@type":"EntryPoint","urlTemplate":"https:\/\/www.hoogstra-autosport.nl\/?s={search_term_string}"},"query-input":{"@type":"PropertyValueSpecification","valueRequired":true,"valueName":"search_term_string"}}],"inLanguage":"fr-FR"}]}},"tiered_pricing_type":"fixed","tiered_pricing_fixed_rules":[],"tiered_pricing_product_settings":{"layout":"default","base_unit_name":{"singular":null,"plural":null},"default_variation":null},"tiered_pricing_minimum_quantity":null,"tiered_pricing_roles_data":[],"tiered_pricing_percentage_rules":[],"tiered_pricing_maximum_quantity":null,"tiered_pricing_quantity_step":null,"_links":{"self":[{"href":"https:\/\/www.hoogstra-autosport.nl\/fr\/wp-json\/wp\/v2\/product\/54138","targetHints":{"allow":["GET"]}}],"collection":[{"href":"https:\/\/www.hoogstra-autosport.nl\/fr\/wp-json\/wp\/v2\/product"}],"about":[{"href":"https:\/\/www.hoogstra-autosport.nl\/fr\/wp-json\/wp\/v2\/types\/product"}],"wp:featuredmedia":[{"embeddable":true,"href":"https:\/\/www.hoogstra-autosport.nl\/fr\/wp-json\/wp\/v2\/media\/94349"}],"wp:attachment":[{"href":"https:\/\/www.hoogstra-autosport.nl\/fr\/wp-json\/wp\/v2\/media?parent=54138"}],"wp:term":[{"taxonomy":"product_brand","embeddable":true,"href":"https:\/\/www.hoogstra-autosport.nl\/fr\/wp-json\/wp\/v2\/product_brand?post=54138"},{"taxonomy":"product_cat","embeddable":true,"href":"https:\/\/www.hoogstra-autosport.nl\/fr\/wp-json\/wp\/v2\/product_cat?post=54138"},{"taxonomy":"product_tag","embeddable":true,"href":"https:\/\/www.hoogstra-autosport.nl\/fr\/wp-json\/wp\/v2\/product_tag?post=54138"}],"curies":[{"name":"wp","href":"https:\/\/api.w.org\/{rel}","templated":true}]}}