{"id":54098,"date":"2023-02-07T20:09:54","date_gmt":"2023-02-07T19:09:54","guid":{"rendered":"https:\/\/www.hoogstra-autosport.nl\/?post_type=product&#038;p=54098"},"modified":"2026-03-23T15:52:49","modified_gmt":"2026-03-23T14:52:49","slug":"gaas-cross-gaas-40x40-gesneden","status":"publish","type":"product","link":"https:\/\/www.hoogstra-autosport.nl\/fr\/produit\/gaas-cross-gaas-40x40-gesneden\/","title":{"rendered":"Gaze crois\u00e9e Gaze 40\u00d740 coup\u00e9e"},"content":{"rendered":"<p><strong>Maille 40x40x3mm.<\/strong><\/p>\n<p>Id\u00e9al pour l'utilisation comme filet de fen\u00eatre, l'acier brillant est facile \u00e0 souder.<\/p>\n<p>Dimensions plus grandes dans le magasin ( le tapis entier fait 2.50 cm par 1.25 cm ) Enl\u00e8vement dans le magasin autres dimensions possibles<\/p>\n<p>Taille maximale des mailles pour les comp\u00e9titions d'autocross KNAF.<\/p>\n<p><strong>VEUILLEZ NOTER : Seulement en collection ! L'exp\u00e9dition n'est pas possible !<\/strong><\/p>","protected":false},"excerpt":{"rendered":"<p>Gaas 40x40x3mm. Zeer geschikt om te gebruiken als raam net, blank staal dus goed las baar. Grotere afmetingen in winkel ( hele mat is 2,50 cm bij 1,25 cm ) Bij afhaal n de winkel andere maat mogelijk Maximale maaswijdte voor KNAF autocrosswedstrijden. LET OP! Alleen afhalen! Verzenden niet mogelijk!<\/p>","protected":false},"featured_media":13735,"template":"","meta":{"_acf_changed":false},"product_brand":[],"product_cat":[2827],"product_tag":[],"class_list":{"0":"post-54098","1":"product","2":"type-product","3":"status-publish","4":"has-post-thumbnail","6":"product_cat-raamnetje-afsluitingen","8":"first","9":"instock","10":"taxable","11":"shipping-taxable","12":"purchasable","13":"product-type-simple"},"acf":[],"yoast_head":"<!-- This site is optimized with the Yoast SEO plugin v27.1.1 - https:\/\/yoast.com\/product\/yoast-seo-wordpress\/ -->\n<title>Gaas Cross Gaas 40x40 Gesneden - Hoogstra Autosport<\/title>\n<meta name=\"robots\" content=\"index, follow, max-snippet:-1, max-image-preview:large, max-video-preview:-1\" \/>\n<link rel=\"canonical\" href=\"https:\/\/www.hoogstra-autosport.nl\/fr\/produit\/gaas-cross-gaas-40x40-gesneden\/\" \/>\n<meta property=\"og:locale\" content=\"fr_FR\" \/>\n<meta property=\"og:type\" content=\"article\" \/>\n<meta property=\"og:title\" content=\"Gaas Cross Gaas 40x40 Gesneden - Hoogstra Autosport\" \/>\n<meta property=\"og:description\" content=\"Gaas 40x40x3mm. Zeer geschikt om te gebruiken als raam net, blank staal dus goed las baar. Grotere afmetingen in winkel ( hele mat is 2,50 cm bij 1,25 cm ) Bij afhaal n de winkel andere maat mogelijk Maximale maaswijdte voor KNAF autocrosswedstrijden. LET OP! Alleen afhalen! Verzenden niet mogelijk!\" \/>\n<meta property=\"og:url\" content=\"https:\/\/www.hoogstra-autosport.nl\/fr\/produit\/gaas-cross-gaas-40x40-gesneden\/\" \/>\n<meta property=\"og:site_name\" content=\"Hoogstra Autosport\" \/>\n<meta property=\"article:modified_time\" content=\"2026-03-23T14:52:49+00:00\" \/>\n<meta property=\"og:image\" content=\"https:\/\/www.hoogstra-autosport.nl\/teamkoen\/wp-content\/uploads\/catalog\/product\/Autocrossgaas.jpg\" \/>\n\t<meta property=\"og:image:width\" content=\"640\" \/>\n\t<meta property=\"og:image:height\" content=\"480\" \/>\n\t<meta property=\"og:image:type\" content=\"image\/jpeg\" \/>\n<meta name=\"twitter:card\" content=\"summary_large_image\" \/>\n<meta name=\"twitter:label1\" content=\"Dur\u00e9e de lecture estim\u00e9e\" \/>\n\t<meta name=\"twitter:data1\" content=\"1 minute\" \/>\n<script type=\"application\/ld+json\" class=\"yoast-schema-graph\">{\"@context\":\"https:\/\/schema.org\",\"@graph\":[{\"@type\":\"WebPage\",\"@id\":\"https:\/\/www.hoogstra-autosport.nl\/product\/gaas-cross-gaas-40x40-gesneden\/\",\"url\":\"https:\/\/www.hoogstra-autosport.nl\/product\/gaas-cross-gaas-40x40-gesneden\/\",\"name\":\"Gaas Cross Gaas 40x40 Gesneden - Hoogstra Autosport\",\"isPartOf\":{\"@id\":\"https:\/\/www.hoogstra-autosport.nl\/#website\"},\"primaryImageOfPage\":{\"@id\":\"https:\/\/www.hoogstra-autosport.nl\/product\/gaas-cross-gaas-40x40-gesneden\/#primaryimage\"},\"image\":{\"@id\":\"https:\/\/www.hoogstra-autosport.nl\/product\/gaas-cross-gaas-40x40-gesneden\/#primaryimage\"},\"thumbnailUrl\":\"https:\/\/www.hoogstra-autosport.nl\/teamkoen\/wp-content\/uploads\/catalog\/product\/Autocrossgaas.jpg\",\"datePublished\":\"2023-02-07T19:09:54+00:00\",\"dateModified\":\"2026-03-23T14:52:49+00:00\",\"breadcrumb\":{\"@id\":\"https:\/\/www.hoogstra-autosport.nl\/product\/gaas-cross-gaas-40x40-gesneden\/#breadcrumb\"},\"inLanguage\":\"fr-FR\",\"potentialAction\":[{\"@type\":\"ReadAction\",\"target\":[\"https:\/\/www.hoogstra-autosport.nl\/product\/gaas-cross-gaas-40x40-gesneden\/\"]}]},{\"@type\":\"ImageObject\",\"inLanguage\":\"fr-FR\",\"@id\":\"https:\/\/www.hoogstra-autosport.nl\/product\/gaas-cross-gaas-40x40-gesneden\/#primaryimage\",\"url\":\"https:\/\/www.hoogstra-autosport.nl\/teamkoen\/wp-content\/uploads\/catalog\/product\/Autocrossgaas.jpg\",\"contentUrl\":\"https:\/\/www.hoogstra-autosport.nl\/teamkoen\/wp-content\/uploads\/catalog\/product\/Autocrossgaas.jpg\",\"width\":640,\"height\":480},{\"@type\":\"BreadcrumbList\",\"@id\":\"https:\/\/www.hoogstra-autosport.nl\/product\/gaas-cross-gaas-40x40-gesneden\/#breadcrumb\",\"itemListElement\":[{\"@type\":\"ListItem\",\"position\":1,\"name\":\"Home\",\"item\":\"https:\/\/www.hoogstra-autosport.nl\/\"},{\"@type\":\"ListItem\",\"position\":2,\"name\":\"Carrosserie\",\"item\":\"https:\/\/www.hoogstra-autosport.nl\/product-categorie\/carroserie-bevestiging\/\"},{\"@type\":\"ListItem\",\"position\":3,\"name\":\"Raamnetje &amp; Afsluitingen\",\"item\":\"https:\/\/www.hoogstra-autosport.nl\/product-categorie\/carroserie-bevestiging\/raamnetje-afsluitingen\/\"},{\"@type\":\"ListItem\",\"position\":4,\"name\":\"Gaas Cross Gaas 40&#215;40 Gesneden\"}]},{\"@type\":\"WebSite\",\"@id\":\"https:\/\/www.hoogstra-autosport.nl\/#website\",\"url\":\"https:\/\/www.hoogstra-autosport.nl\/\",\"name\":\"Hoogstra Autosport\",\"description\":\"Performance Autosport Parts!\",\"potentialAction\":[{\"@type\":\"SearchAction\",\"target\":{\"@type\":\"EntryPoint\",\"urlTemplate\":\"https:\/\/www.hoogstra-autosport.nl\/?s={search_term_string}\"},\"query-input\":{\"@type\":\"PropertyValueSpecification\",\"valueRequired\":true,\"valueName\":\"search_term_string\"}}],\"inLanguage\":\"fr-FR\"}]}<\/script>\n<!-- \/ Yoast SEO plugin. -->","yoast_head_json":{"title":"Gaas Cross Gaas 40x40 Gesneden - Hoogstra Autosport","robots":{"index":"index","follow":"follow","max-snippet":"max-snippet:-1","max-image-preview":"max-image-preview:large","max-video-preview":"max-video-preview:-1"},"canonical":"https:\/\/www.hoogstra-autosport.nl\/fr\/produit\/gaas-cross-gaas-40x40-gesneden\/","og_locale":"fr_FR","og_type":"article","og_title":"Gaas Cross Gaas 40x40 Gesneden - Hoogstra Autosport","og_description":"Gaas 40x40x3mm. Zeer geschikt om te gebruiken als raam net, blank staal dus goed las baar. Grotere afmetingen in winkel ( hele mat is 2,50 cm bij 1,25 cm ) Bij afhaal n de winkel andere maat mogelijk Maximale maaswijdte voor KNAF autocrosswedstrijden. LET OP! Alleen afhalen! Verzenden niet mogelijk!","og_url":"https:\/\/www.hoogstra-autosport.nl\/fr\/produit\/gaas-cross-gaas-40x40-gesneden\/","og_site_name":"Hoogstra Autosport","article_modified_time":"2026-03-23T14:52:49+00:00","og_image":[{"width":640,"height":480,"url":"https:\/\/www.hoogstra-autosport.nl\/teamkoen\/wp-content\/uploads\/catalog\/product\/Autocrossgaas.jpg","type":"image\/jpeg"}],"twitter_card":"summary_large_image","twitter_misc":{"Dur\u00e9e de lecture estim\u00e9e":"1 minute"},"schema":{"@context":"https:\/\/schema.org","@graph":[{"@type":"WebPage","@id":"https:\/\/www.hoogstra-autosport.nl\/product\/gaas-cross-gaas-40x40-gesneden\/","url":"https:\/\/www.hoogstra-autosport.nl\/product\/gaas-cross-gaas-40x40-gesneden\/","name":"Gaas Cross Gaas 40x40 Gesneden - Hoogstra Autosport","isPartOf":{"@id":"https:\/\/www.hoogstra-autosport.nl\/#website"},"primaryImageOfPage":{"@id":"https:\/\/www.hoogstra-autosport.nl\/product\/gaas-cross-gaas-40x40-gesneden\/#primaryimage"},"image":{"@id":"https:\/\/www.hoogstra-autosport.nl\/product\/gaas-cross-gaas-40x40-gesneden\/#primaryimage"},"thumbnailUrl":"https:\/\/www.hoogstra-autosport.nl\/teamkoen\/wp-content\/uploads\/catalog\/product\/Autocrossgaas.jpg","datePublished":"2023-02-07T19:09:54+00:00","dateModified":"2026-03-23T14:52:49+00:00","breadcrumb":{"@id":"https:\/\/www.hoogstra-autosport.nl\/product\/gaas-cross-gaas-40x40-gesneden\/#breadcrumb"},"inLanguage":"fr-FR","potentialAction":[{"@type":"ReadAction","target":["https:\/\/www.hoogstra-autosport.nl\/product\/gaas-cross-gaas-40x40-gesneden\/"]}]},{"@type":"ImageObject","inLanguage":"fr-FR","@id":"https:\/\/www.hoogstra-autosport.nl\/product\/gaas-cross-gaas-40x40-gesneden\/#primaryimage","url":"https:\/\/www.hoogstra-autosport.nl\/teamkoen\/wp-content\/uploads\/catalog\/product\/Autocrossgaas.jpg","contentUrl":"https:\/\/www.hoogstra-autosport.nl\/teamkoen\/wp-content\/uploads\/catalog\/product\/Autocrossgaas.jpg","width":640,"height":480},{"@type":"BreadcrumbList","@id":"https:\/\/www.hoogstra-autosport.nl\/product\/gaas-cross-gaas-40x40-gesneden\/#breadcrumb","itemListElement":[{"@type":"ListItem","position":1,"name":"Home","item":"https:\/\/www.hoogstra-autosport.nl\/"},{"@type":"ListItem","position":2,"name":"Carrosserie","item":"https:\/\/www.hoogstra-autosport.nl\/product-categorie\/carroserie-bevestiging\/"},{"@type":"ListItem","position":3,"name":"Raamnetje &amp; Afsluitingen","item":"https:\/\/www.hoogstra-autosport.nl\/product-categorie\/carroserie-bevestiging\/raamnetje-afsluitingen\/"},{"@type":"ListItem","position":4,"name":"Gaas Cross Gaas 40&#215;40 Gesneden"}]},{"@type":"WebSite","@id":"https:\/\/www.hoogstra-autosport.nl\/#website","url":"https:\/\/www.hoogstra-autosport.nl\/","name":"Hoogstra Autosport","description":"Performance Autosport Parts!","potentialAction":[{"@type":"SearchAction","target":{"@type":"EntryPoint","urlTemplate":"https:\/\/www.hoogstra-autosport.nl\/?s={search_term_string}"},"query-input":{"@type":"PropertyValueSpecification","valueRequired":true,"valueName":"search_term_string"}}],"inLanguage":"fr-FR"}]}},"tiered_pricing_type":"fixed","tiered_pricing_fixed_rules":[],"tiered_pricing_product_settings":{"layout":"default","base_unit_name":{"singular":null,"plural":null},"default_variation":null},"tiered_pricing_minimum_quantity":null,"tiered_pricing_roles_data":[],"tiered_pricing_percentage_rules":[],"tiered_pricing_maximum_quantity":null,"tiered_pricing_quantity_step":null,"_links":{"self":[{"href":"https:\/\/www.hoogstra-autosport.nl\/fr\/wp-json\/wp\/v2\/product\/54098","targetHints":{"allow":["GET"]}}],"collection":[{"href":"https:\/\/www.hoogstra-autosport.nl\/fr\/wp-json\/wp\/v2\/product"}],"about":[{"href":"https:\/\/www.hoogstra-autosport.nl\/fr\/wp-json\/wp\/v2\/types\/product"}],"wp:featuredmedia":[{"embeddable":true,"href":"https:\/\/www.hoogstra-autosport.nl\/fr\/wp-json\/wp\/v2\/media\/13735"}],"wp:attachment":[{"href":"https:\/\/www.hoogstra-autosport.nl\/fr\/wp-json\/wp\/v2\/media?parent=54098"}],"wp:term":[{"taxonomy":"product_brand","embeddable":true,"href":"https:\/\/www.hoogstra-autosport.nl\/fr\/wp-json\/wp\/v2\/product_brand?post=54098"},{"taxonomy":"product_cat","embeddable":true,"href":"https:\/\/www.hoogstra-autosport.nl\/fr\/wp-json\/wp\/v2\/product_cat?post=54098"},{"taxonomy":"product_tag","embeddable":true,"href":"https:\/\/www.hoogstra-autosport.nl\/fr\/wp-json\/wp\/v2\/product_tag?post=54098"}],"curies":[{"name":"wp","href":"https:\/\/api.w.org\/{rel}","templated":true}]}}