{"id":53790,"date":"2023-01-31T13:11:31","date_gmt":"2023-01-31T12:11:31","guid":{"rendered":"https:\/\/www.hoogstra-autosport.nl\/?post_type=product&#038;p=53790"},"modified":"2025-01-17T12:55:11","modified_gmt":"2025-01-17T11:55:11","slug":"sparco-formula-schoenen-fia-blauw-wit","status":"publish","type":"product","link":"https:\/\/www.hoogstra-autosport.nl\/fr\/produit\/sparco-formula-schoenen-fia-blauw-wit\/","title":{"rendered":"Sparco Formula Shoes FIA Bleu\/Blanc"},"content":{"rendered":"<p><span class=\"jCAhz ChMk0b\"><span class=\"ryNqvb\">Chaussure d'\u00e9quitation Sparco FORMULE de haute qualit\u00e9 et trait\u00e9e avec soin, qui convainc non seulement par son look sportif, mais aussi par son faible poids et son confort agr\u00e9able.<\/span><\/span> <span class=\"jCAhz ChMk0b\"><span class=\"ryNqvb\">La tige en cuir souple et facile d'entretien est dot\u00e9e de petites perforations sur les c\u00f4t\u00e9s, qui permettent une meilleure ventilation.<\/span><\/span> <span class=\"jCAhz ChMk0b\"><span class=\"ryNqvb\">La coupe ergonomique et la semelle en caoutchouc unique garantissent une sensation de p\u00e9dalage optimale.<\/span><\/span><\/p>\n<p>&nbsp;<\/p>\n<p><span class=\"jCAhz ChMk0b\"><span class=\"ryNqvb\">Gr\u00e2ce \u00e0 la coupe mi-haute, au la\u00e7age haut et \u00e0 la fermeture velcro, la cheville est parfaitement envelopp\u00e9e et offre un soutien optimal.<\/span><\/span> <span class=\"jCAhz ChMk0b\"><span class=\"ryNqvb\">Un insert flexible dans la zone arri\u00e8re de l'arbre prot\u00e8ge et offre une grande libert\u00e9 de mouvement.<\/span><\/span> <span class=\"jCAhz ChMk0b\"><span class=\"ryNqvb\">Semelle r\u00e9sistante \u00e0 l'essence et \u00e0 l'huile.<\/span><\/span><\/p>","protected":false},"excerpt":{"rendered":"<p>Hoogwaardige en uitvoerig verwerkte Sparco-rijdersschoen FORMULE van de topklasse, die niet alleen overtuigt door zijn sportieve look, maar ook door zijn lage gewicht en aangenaam draagcomfort. Het bovenmateriaal van zacht, onderhoudsvriendelijk glad leer heeft kleine perforaties in het zijgedeelte, die voor een betere ventilatie zorgen. De ergonomische snit en de unieke rubberen zool garanderen een [&hellip;]<\/p>\n","protected":false},"featured_media":53796,"template":"","meta":{"_acf_changed":false},"product_brand":[],"product_cat":[3978],"product_tag":[],"class_list":{"0":"post-53790","1":"product","2":"type-product","3":"status-publish","4":"has-post-thumbnail","6":"product_cat-sparco-schoenen-fia-sparco-schoenen-fia","7":"product_shipping_class-4016","9":"first","10":"instock","11":"taxable","12":"shipping-taxable","13":"purchasable","14":"product-type-variable"},"acf":[],"yoast_head":"<!-- This site is optimized with the Yoast SEO plugin v27.1.1 - https:\/\/yoast.com\/product\/yoast-seo-wordpress\/ -->\n<title>Sparco Formula Schoenen FIA Blauw\/Wit - Hoogstra Autosport<\/title>\n<meta name=\"robots\" content=\"index, follow, max-snippet:-1, max-image-preview:large, max-video-preview:-1\" \/>\n<link rel=\"canonical\" href=\"https:\/\/www.hoogstra-autosport.nl\/fr\/produit\/sparco-formula-schoenen-fia-blauw-wit\/\" \/>\n<meta property=\"og:locale\" content=\"fr_FR\" \/>\n<meta property=\"og:type\" content=\"article\" \/>\n<meta property=\"og:title\" content=\"Sparco Formula Schoenen FIA Blauw\/Wit - Hoogstra Autosport\" \/>\n<meta property=\"og:description\" content=\"Hoogwaardige en uitvoerig verwerkte Sparco-rijdersschoen FORMULE van de topklasse, die niet alleen overtuigt door zijn sportieve look, maar ook door zijn lage gewicht en aangenaam draagcomfort. Het bovenmateriaal van zacht, onderhoudsvriendelijk glad leer heeft kleine perforaties in het zijgedeelte, die voor een betere ventilatie zorgen. De ergonomische snit en de unieke rubberen zool garanderen een [&hellip;]\" \/>\n<meta property=\"og:url\" content=\"https:\/\/www.hoogstra-autosport.nl\/fr\/produit\/sparco-formula-schoenen-fia-blauw-wit\/\" \/>\n<meta property=\"og:site_name\" content=\"Hoogstra Autosport\" \/>\n<meta property=\"article:modified_time\" content=\"2025-01-17T11:55:11+00:00\" \/>\n<meta property=\"og:image\" content=\"https:\/\/hoogstra-autosport.nl\/teamkoen\/content\/uploads\/2023\/01\/schoen-1.png\" \/>\n\t<meta property=\"og:image:width\" content=\"986\" \/>\n\t<meta property=\"og:image:height\" content=\"986\" \/>\n\t<meta property=\"og:image:type\" content=\"image\/png\" \/>\n<meta name=\"twitter:card\" content=\"summary_large_image\" \/>\n<meta name=\"twitter:label1\" content=\"Dur\u00e9e de lecture estim\u00e9e\" \/>\n\t<meta name=\"twitter:data1\" content=\"1 minute\" \/>\n<script type=\"application\/ld+json\" class=\"yoast-schema-graph\">{\"@context\":\"https:\/\/schema.org\",\"@graph\":[{\"@type\":\"WebPage\",\"@id\":\"https:\/\/www.hoogstra-autosport.nl\/product\/sparco-formula-schoenen-fia-blauw-wit\/\",\"url\":\"https:\/\/www.hoogstra-autosport.nl\/product\/sparco-formula-schoenen-fia-blauw-wit\/\",\"name\":\"Sparco Formula Schoenen FIA Blauw\/Wit - Hoogstra Autosport\",\"isPartOf\":{\"@id\":\"https:\/\/www.hoogstra-autosport.nl\/#website\"},\"primaryImageOfPage\":{\"@id\":\"https:\/\/www.hoogstra-autosport.nl\/product\/sparco-formula-schoenen-fia-blauw-wit\/#primaryimage\"},\"image\":{\"@id\":\"https:\/\/www.hoogstra-autosport.nl\/product\/sparco-formula-schoenen-fia-blauw-wit\/#primaryimage\"},\"thumbnailUrl\":\"https:\/\/www.hoogstra-autosport.nl\/teamkoen\/wp-content\/uploads\/2023\/01\/schoen-1.png\",\"datePublished\":\"2023-01-31T12:11:31+00:00\",\"dateModified\":\"2025-01-17T11:55:11+00:00\",\"breadcrumb\":{\"@id\":\"https:\/\/www.hoogstra-autosport.nl\/product\/sparco-formula-schoenen-fia-blauw-wit\/#breadcrumb\"},\"inLanguage\":\"fr-FR\",\"potentialAction\":[{\"@type\":\"ReadAction\",\"target\":[\"https:\/\/www.hoogstra-autosport.nl\/product\/sparco-formula-schoenen-fia-blauw-wit\/\"]}]},{\"@type\":\"ImageObject\",\"inLanguage\":\"fr-FR\",\"@id\":\"https:\/\/www.hoogstra-autosport.nl\/product\/sparco-formula-schoenen-fia-blauw-wit\/#primaryimage\",\"url\":\"https:\/\/www.hoogstra-autosport.nl\/teamkoen\/wp-content\/uploads\/2023\/01\/schoen-1.png\",\"contentUrl\":\"https:\/\/www.hoogstra-autosport.nl\/teamkoen\/wp-content\/uploads\/2023\/01\/schoen-1.png\",\"width\":986,\"height\":986,\"caption\":\"Sparco Formula Schoenen FIA Blauw\/Wit\"},{\"@type\":\"BreadcrumbList\",\"@id\":\"https:\/\/www.hoogstra-autosport.nl\/product\/sparco-formula-schoenen-fia-blauw-wit\/#breadcrumb\",\"itemListElement\":[{\"@type\":\"ListItem\",\"position\":1,\"name\":\"Home\",\"item\":\"https:\/\/www.hoogstra-autosport.nl\/\"},{\"@type\":\"ListItem\",\"position\":2,\"name\":\"Uitrusting\",\"item\":\"https:\/\/www.hoogstra-autosport.nl\/product-categorie\/autosport-kleding-helmen\/\"},{\"@type\":\"ListItem\",\"position\":3,\"name\":\"Autosport Kleding\",\"item\":\"https:\/\/www.hoogstra-autosport.nl\/product-categorie\/autosport-kleding-helmen\/autosport-kleding\/\"},{\"@type\":\"ListItem\",\"position\":4,\"name\":\"Schoenen\",\"item\":\"https:\/\/www.hoogstra-autosport.nl\/product-categorie\/autosport-kleding-helmen\/autosport-kleding\/schoenen\/\"},{\"@type\":\"ListItem\",\"position\":5,\"name\":\"Sparco Schoenen\",\"item\":\"https:\/\/www.hoogstra-autosport.nl\/product-categorie\/autosport-kleding-helmen\/autosport-kleding\/schoenen\/sparco-schoenen-fia\/\"},{\"@type\":\"ListItem\",\"position\":6,\"name\":\"Sparco Schoenen Fia\",\"item\":\"https:\/\/www.hoogstra-autosport.nl\/product-categorie\/autosport-kleding-helmen\/autosport-kleding\/schoenen\/sparco-schoenen-fia\/sparco-schoenen-fia-sparco-schoenen-fia\/\"},{\"@type\":\"ListItem\",\"position\":7,\"name\":\"Sparco Formula Schoenen FIA Blauw\/Wit\"}]},{\"@type\":\"WebSite\",\"@id\":\"https:\/\/www.hoogstra-autosport.nl\/#website\",\"url\":\"https:\/\/www.hoogstra-autosport.nl\/\",\"name\":\"Hoogstra Autosport\",\"description\":\"Performance Autosport Parts!\",\"potentialAction\":[{\"@type\":\"SearchAction\",\"target\":{\"@type\":\"EntryPoint\",\"urlTemplate\":\"https:\/\/www.hoogstra-autosport.nl\/?s={search_term_string}\"},\"query-input\":{\"@type\":\"PropertyValueSpecification\",\"valueRequired\":true,\"valueName\":\"search_term_string\"}}],\"inLanguage\":\"fr-FR\"}]}<\/script>\n<!-- \/ Yoast SEO plugin. -->","yoast_head_json":{"title":"Sparco Formula Schoenen FIA Blauw\/Wit - Hoogstra Autosport","robots":{"index":"index","follow":"follow","max-snippet":"max-snippet:-1","max-image-preview":"max-image-preview:large","max-video-preview":"max-video-preview:-1"},"canonical":"https:\/\/www.hoogstra-autosport.nl\/fr\/produit\/sparco-formula-schoenen-fia-blauw-wit\/","og_locale":"fr_FR","og_type":"article","og_title":"Sparco Formula Schoenen FIA Blauw\/Wit - Hoogstra Autosport","og_description":"Hoogwaardige en uitvoerig verwerkte Sparco-rijdersschoen FORMULE van de topklasse, die niet alleen overtuigt door zijn sportieve look, maar ook door zijn lage gewicht en aangenaam draagcomfort. Het bovenmateriaal van zacht, onderhoudsvriendelijk glad leer heeft kleine perforaties in het zijgedeelte, die voor een betere ventilatie zorgen. De ergonomische snit en de unieke rubberen zool garanderen een [&hellip;]","og_url":"https:\/\/www.hoogstra-autosport.nl\/fr\/produit\/sparco-formula-schoenen-fia-blauw-wit\/","og_site_name":"Hoogstra Autosport","article_modified_time":"2025-01-17T11:55:11+00:00","og_image":[{"width":986,"height":986,"url":"https:\/\/hoogstra-autosport.nl\/teamkoen\/content\/uploads\/2023\/01\/schoen-1.png","type":"image\/png"}],"twitter_card":"summary_large_image","twitter_misc":{"Dur\u00e9e de lecture estim\u00e9e":"1 minute"},"schema":{"@context":"https:\/\/schema.org","@graph":[{"@type":"WebPage","@id":"https:\/\/www.hoogstra-autosport.nl\/product\/sparco-formula-schoenen-fia-blauw-wit\/","url":"https:\/\/www.hoogstra-autosport.nl\/product\/sparco-formula-schoenen-fia-blauw-wit\/","name":"Sparco Formula Schoenen FIA Blauw\/Wit - Hoogstra Autosport","isPartOf":{"@id":"https:\/\/www.hoogstra-autosport.nl\/#website"},"primaryImageOfPage":{"@id":"https:\/\/www.hoogstra-autosport.nl\/product\/sparco-formula-schoenen-fia-blauw-wit\/#primaryimage"},"image":{"@id":"https:\/\/www.hoogstra-autosport.nl\/product\/sparco-formula-schoenen-fia-blauw-wit\/#primaryimage"},"thumbnailUrl":"https:\/\/www.hoogstra-autosport.nl\/teamkoen\/wp-content\/uploads\/2023\/01\/schoen-1.png","datePublished":"2023-01-31T12:11:31+00:00","dateModified":"2025-01-17T11:55:11+00:00","breadcrumb":{"@id":"https:\/\/www.hoogstra-autosport.nl\/product\/sparco-formula-schoenen-fia-blauw-wit\/#breadcrumb"},"inLanguage":"fr-FR","potentialAction":[{"@type":"ReadAction","target":["https:\/\/www.hoogstra-autosport.nl\/product\/sparco-formula-schoenen-fia-blauw-wit\/"]}]},{"@type":"ImageObject","inLanguage":"fr-FR","@id":"https:\/\/www.hoogstra-autosport.nl\/product\/sparco-formula-schoenen-fia-blauw-wit\/#primaryimage","url":"https:\/\/www.hoogstra-autosport.nl\/teamkoen\/wp-content\/uploads\/2023\/01\/schoen-1.png","contentUrl":"https:\/\/www.hoogstra-autosport.nl\/teamkoen\/wp-content\/uploads\/2023\/01\/schoen-1.png","width":986,"height":986,"caption":"Sparco Formula Schoenen FIA Blauw\/Wit"},{"@type":"BreadcrumbList","@id":"https:\/\/www.hoogstra-autosport.nl\/product\/sparco-formula-schoenen-fia-blauw-wit\/#breadcrumb","itemListElement":[{"@type":"ListItem","position":1,"name":"Home","item":"https:\/\/www.hoogstra-autosport.nl\/"},{"@type":"ListItem","position":2,"name":"Uitrusting","item":"https:\/\/www.hoogstra-autosport.nl\/product-categorie\/autosport-kleding-helmen\/"},{"@type":"ListItem","position":3,"name":"Autosport Kleding","item":"https:\/\/www.hoogstra-autosport.nl\/product-categorie\/autosport-kleding-helmen\/autosport-kleding\/"},{"@type":"ListItem","position":4,"name":"Schoenen","item":"https:\/\/www.hoogstra-autosport.nl\/product-categorie\/autosport-kleding-helmen\/autosport-kleding\/schoenen\/"},{"@type":"ListItem","position":5,"name":"Sparco Schoenen","item":"https:\/\/www.hoogstra-autosport.nl\/product-categorie\/autosport-kleding-helmen\/autosport-kleding\/schoenen\/sparco-schoenen-fia\/"},{"@type":"ListItem","position":6,"name":"Sparco Schoenen Fia","item":"https:\/\/www.hoogstra-autosport.nl\/product-categorie\/autosport-kleding-helmen\/autosport-kleding\/schoenen\/sparco-schoenen-fia\/sparco-schoenen-fia-sparco-schoenen-fia\/"},{"@type":"ListItem","position":7,"name":"Sparco Formula Schoenen FIA Blauw\/Wit"}]},{"@type":"WebSite","@id":"https:\/\/www.hoogstra-autosport.nl\/#website","url":"https:\/\/www.hoogstra-autosport.nl\/","name":"Hoogstra Autosport","description":"Performance Autosport Parts!","potentialAction":[{"@type":"SearchAction","target":{"@type":"EntryPoint","urlTemplate":"https:\/\/www.hoogstra-autosport.nl\/?s={search_term_string}"},"query-input":{"@type":"PropertyValueSpecification","valueRequired":true,"valueName":"search_term_string"}}],"inLanguage":"fr-FR"}]}},"tiered_pricing_type":"fixed","tiered_pricing_fixed_rules":[],"tiered_pricing_product_settings":{"layout":"default","base_unit_name":{"singular":null,"plural":null},"default_variation":null},"tiered_pricing_minimum_quantity":null,"tiered_pricing_roles_data":[],"tiered_pricing_percentage_rules":[],"tiered_pricing_maximum_quantity":null,"tiered_pricing_quantity_step":null,"_links":{"self":[{"href":"https:\/\/www.hoogstra-autosport.nl\/fr\/wp-json\/wp\/v2\/product\/53790","targetHints":{"allow":["GET"]}}],"collection":[{"href":"https:\/\/www.hoogstra-autosport.nl\/fr\/wp-json\/wp\/v2\/product"}],"about":[{"href":"https:\/\/www.hoogstra-autosport.nl\/fr\/wp-json\/wp\/v2\/types\/product"}],"wp:featuredmedia":[{"embeddable":true,"href":"https:\/\/www.hoogstra-autosport.nl\/fr\/wp-json\/wp\/v2\/media\/53796"}],"wp:attachment":[{"href":"https:\/\/www.hoogstra-autosport.nl\/fr\/wp-json\/wp\/v2\/media?parent=53790"}],"wp:term":[{"taxonomy":"product_brand","embeddable":true,"href":"https:\/\/www.hoogstra-autosport.nl\/fr\/wp-json\/wp\/v2\/product_brand?post=53790"},{"taxonomy":"product_cat","embeddable":true,"href":"https:\/\/www.hoogstra-autosport.nl\/fr\/wp-json\/wp\/v2\/product_cat?post=53790"},{"taxonomy":"product_tag","embeddable":true,"href":"https:\/\/www.hoogstra-autosport.nl\/fr\/wp-json\/wp\/v2\/product_tag?post=53790"}],"curies":[{"name":"wp","href":"https:\/\/api.w.org\/{rel}","templated":true}]}}