{"id":52245,"date":"2023-01-10T20:49:05","date_gmt":"2023-01-10T19:49:05","guid":{"rendered":"https:\/\/www.hoogstra-autosport.nl\/?post_type=product&#038;p=52245"},"modified":"2024-01-20T13:15:34","modified_gmt":"2024-01-20T12:15:34","slug":"sparco-kartoverall-fia-level-2-kerb-lady-geel","status":"publish","type":"product","link":"https:\/\/www.hoogstra-autosport.nl\/fr\/produit\/sparco-kartoverall-fia-level-2-kerb-lady-geel\/","title":{"rendered":"Sparco Kartoverall FIA Niveau 2 Kerb Lady Jaune"},"content":{"rendered":"<p>La nouvelle combinaison de karting Sparco KERB LADY impressionne par son grand confort et sa nouvelle coupe, notamment gr\u00e2ce \u00e0 son nouveau design. Les ouvertures de ventilation \u00e9prouv\u00e9es dans la zone des cuisses assurent une bonne ventilation cibl\u00e9e pour un confort agr\u00e9able, m\u00eame par des temp\u00e9ratures estivales. De grands inserts \u00e9lastiques sous les bras et \u00e0 l'arri\u00e8re garantissent une libert\u00e9 de mouvement maximale, quelle que soit la position assise.<\/p>\n<p>Des pattes de r\u00e9glage sont int\u00e9gr\u00e9es dans la zone lat\u00e9rale de la taille pour permettre un ajustement individuel de la largeur. Les applications contrast\u00e9es, combin\u00e9es aux coutures diagonales contrast\u00e9es, conf\u00e8rent \u00e0 l'ensemble un look moderne et sportif. Le design sportif et la forme g\u00e9n\u00e9rale ergonomique font du Sparco KERB LADY un mod\u00e8le haut de gamme dans sa cat\u00e9gorie en termes d'apparence et de confort.<\/p>\n<p>Homologu\u00e9 CIK-FIA 2013-1 niveau 2.<\/p>","protected":false},"excerpt":{"rendered":"<p>De nieuwe Sparco kart jumpsuit KERB LADY maakt indruk met zijn grote draagcomfort en een nieuwe pasvorm, vooral met zijn frisse design. De beproefde ventilatieopeningen in het dijgebied zorgen voor gerichte goede ventilatie voor aangenaam comfort &#8211; zelfs bij zomerse temperaturen. Grote, elastische inzetstukken onder de armen en in het achterste gedeelte zorgen voor maximale [&hellip;]<\/p>\n","protected":false},"featured_media":52248,"template":"","meta":{"_acf_changed":false},"product_brand":[],"product_cat":[2647,2646],"product_tag":[],"class_list":{"0":"post-52245","1":"product","2":"type-product","3":"status-publish","4":"has-post-thumbnail","6":"product_cat-kartoverall-junior","7":"product_cat-kartoveralls","8":"product_shipping_class-4016","10":"first","11":"instock","12":"taxable","13":"shipping-taxable","14":"purchasable","15":"product-type-variable"},"acf":[],"yoast_head":"<!-- This site is optimized with the Yoast SEO plugin v27.1.1 - https:\/\/yoast.com\/product\/yoast-seo-wordpress\/ -->\n<title>Sparco Kartoverall FIA Level 2 Kerb Lady Geel - Hoogstra Autosport<\/title>\n<meta name=\"robots\" content=\"index, follow, max-snippet:-1, max-image-preview:large, max-video-preview:-1\" \/>\n<link rel=\"canonical\" href=\"https:\/\/www.hoogstra-autosport.nl\/fr\/produit\/sparco-kartoverall-fia-level-2-kerb-lady-geel\/\" \/>\n<meta property=\"og:locale\" content=\"fr_FR\" \/>\n<meta property=\"og:type\" content=\"article\" \/>\n<meta property=\"og:title\" content=\"Sparco Kartoverall FIA Level 2 Kerb Lady Geel - Hoogstra Autosport\" \/>\n<meta property=\"og:description\" content=\"De nieuwe Sparco kart jumpsuit KERB LADY maakt indruk met zijn grote draagcomfort en een nieuwe pasvorm, vooral met zijn frisse design. De beproefde ventilatieopeningen in het dijgebied zorgen voor gerichte goede ventilatie voor aangenaam comfort &#8211; zelfs bij zomerse temperaturen. Grote, elastische inzetstukken onder de armen en in het achterste gedeelte zorgen voor maximale [&hellip;]\" \/>\n<meta property=\"og:url\" content=\"https:\/\/www.hoogstra-autosport.nl\/fr\/produit\/sparco-kartoverall-fia-level-2-kerb-lady-geel\/\" \/>\n<meta property=\"og:site_name\" content=\"Hoogstra Autosport\" \/>\n<meta property=\"article:modified_time\" content=\"2024-01-20T12:15:34+00:00\" \/>\n<meta property=\"og:image\" content=\"https:\/\/www.hoogstra-autosport.nl\/teamkoen\/content\/uploads\/2023\/01\/lady-geel.png\" \/>\n\t<meta property=\"og:image:width\" content=\"986\" \/>\n\t<meta property=\"og:image:height\" content=\"986\" \/>\n\t<meta property=\"og:image:type\" content=\"image\/png\" \/>\n<meta name=\"twitter:card\" content=\"summary_large_image\" \/>\n<meta name=\"twitter:label1\" content=\"Dur\u00e9e de lecture estim\u00e9e\" \/>\n\t<meta name=\"twitter:data1\" content=\"1 minute\" \/>\n<script type=\"application\/ld+json\" class=\"yoast-schema-graph\">{\"@context\":\"https:\/\/schema.org\",\"@graph\":[{\"@type\":\"WebPage\",\"@id\":\"https:\/\/www.hoogstra-autosport.nl\/product\/sparco-kartoverall-fia-level-2-kerb-lady-geel\/\",\"url\":\"https:\/\/www.hoogstra-autosport.nl\/product\/sparco-kartoverall-fia-level-2-kerb-lady-geel\/\",\"name\":\"Sparco Kartoverall FIA Level 2 Kerb Lady Geel - Hoogstra Autosport\",\"isPartOf\":{\"@id\":\"https:\/\/www.hoogstra-autosport.nl\/#website\"},\"primaryImageOfPage\":{\"@id\":\"https:\/\/www.hoogstra-autosport.nl\/product\/sparco-kartoverall-fia-level-2-kerb-lady-geel\/#primaryimage\"},\"image\":{\"@id\":\"https:\/\/www.hoogstra-autosport.nl\/product\/sparco-kartoverall-fia-level-2-kerb-lady-geel\/#primaryimage\"},\"thumbnailUrl\":\"https:\/\/www.hoogstra-autosport.nl\/teamkoen\/wp-content\/uploads\/2023\/01\/lady-geel.png\",\"datePublished\":\"2023-01-10T19:49:05+00:00\",\"dateModified\":\"2024-01-20T12:15:34+00:00\",\"breadcrumb\":{\"@id\":\"https:\/\/www.hoogstra-autosport.nl\/product\/sparco-kartoverall-fia-level-2-kerb-lady-geel\/#breadcrumb\"},\"inLanguage\":\"fr-FR\",\"potentialAction\":[{\"@type\":\"ReadAction\",\"target\":[\"https:\/\/www.hoogstra-autosport.nl\/product\/sparco-kartoverall-fia-level-2-kerb-lady-geel\/\"]}]},{\"@type\":\"ImageObject\",\"inLanguage\":\"fr-FR\",\"@id\":\"https:\/\/www.hoogstra-autosport.nl\/product\/sparco-kartoverall-fia-level-2-kerb-lady-geel\/#primaryimage\",\"url\":\"https:\/\/www.hoogstra-autosport.nl\/teamkoen\/wp-content\/uploads\/2023\/01\/lady-geel.png\",\"contentUrl\":\"https:\/\/www.hoogstra-autosport.nl\/teamkoen\/wp-content\/uploads\/2023\/01\/lady-geel.png\",\"width\":986,\"height\":986},{\"@type\":\"BreadcrumbList\",\"@id\":\"https:\/\/www.hoogstra-autosport.nl\/product\/sparco-kartoverall-fia-level-2-kerb-lady-geel\/#breadcrumb\",\"itemListElement\":[{\"@type\":\"ListItem\",\"position\":1,\"name\":\"Home\",\"item\":\"https:\/\/www.hoogstra-autosport.nl\/\"},{\"@type\":\"ListItem\",\"position\":2,\"name\":\"Uitrusting\",\"item\":\"https:\/\/www.hoogstra-autosport.nl\/product-categorie\/autosport-kleding-helmen\/\"},{\"@type\":\"ListItem\",\"position\":3,\"name\":\"Kleding Karting\",\"item\":\"https:\/\/www.hoogstra-autosport.nl\/product-categorie\/autosport-kleding-helmen\/kleding-karting\/\"},{\"@type\":\"ListItem\",\"position\":4,\"name\":\"Kartoveralls\",\"item\":\"https:\/\/www.hoogstra-autosport.nl\/product-categorie\/autosport-kleding-helmen\/kleding-karting\/kartoveralls\/\"},{\"@type\":\"ListItem\",\"position\":5,\"name\":\"Sparco Kartoverall FIA Level 2 Kerb Lady Geel\"}]},{\"@type\":\"WebSite\",\"@id\":\"https:\/\/www.hoogstra-autosport.nl\/#website\",\"url\":\"https:\/\/www.hoogstra-autosport.nl\/\",\"name\":\"Hoogstra Autosport\",\"description\":\"Performance Autosport Parts!\",\"potentialAction\":[{\"@type\":\"SearchAction\",\"target\":{\"@type\":\"EntryPoint\",\"urlTemplate\":\"https:\/\/www.hoogstra-autosport.nl\/?s={search_term_string}\"},\"query-input\":{\"@type\":\"PropertyValueSpecification\",\"valueRequired\":true,\"valueName\":\"search_term_string\"}}],\"inLanguage\":\"fr-FR\"}]}<\/script>\n<!-- \/ Yoast SEO plugin. -->","yoast_head_json":{"title":"Sparco Kartoverall FIA Level 2 Kerb Lady Geel - Hoogstra Autosport","robots":{"index":"index","follow":"follow","max-snippet":"max-snippet:-1","max-image-preview":"max-image-preview:large","max-video-preview":"max-video-preview:-1"},"canonical":"https:\/\/www.hoogstra-autosport.nl\/fr\/produit\/sparco-kartoverall-fia-level-2-kerb-lady-geel\/","og_locale":"fr_FR","og_type":"article","og_title":"Sparco Kartoverall FIA Level 2 Kerb Lady Geel - Hoogstra Autosport","og_description":"De nieuwe Sparco kart jumpsuit KERB LADY maakt indruk met zijn grote draagcomfort en een nieuwe pasvorm, vooral met zijn frisse design. De beproefde ventilatieopeningen in het dijgebied zorgen voor gerichte goede ventilatie voor aangenaam comfort &#8211; zelfs bij zomerse temperaturen. Grote, elastische inzetstukken onder de armen en in het achterste gedeelte zorgen voor maximale [&hellip;]","og_url":"https:\/\/www.hoogstra-autosport.nl\/fr\/produit\/sparco-kartoverall-fia-level-2-kerb-lady-geel\/","og_site_name":"Hoogstra Autosport","article_modified_time":"2024-01-20T12:15:34+00:00","og_image":[{"width":986,"height":986,"url":"https:\/\/www.hoogstra-autosport.nl\/teamkoen\/content\/uploads\/2023\/01\/lady-geel.png","type":"image\/png"}],"twitter_card":"summary_large_image","twitter_misc":{"Dur\u00e9e de lecture estim\u00e9e":"1 minute"},"schema":{"@context":"https:\/\/schema.org","@graph":[{"@type":"WebPage","@id":"https:\/\/www.hoogstra-autosport.nl\/product\/sparco-kartoverall-fia-level-2-kerb-lady-geel\/","url":"https:\/\/www.hoogstra-autosport.nl\/product\/sparco-kartoverall-fia-level-2-kerb-lady-geel\/","name":"Sparco Kartoverall FIA Level 2 Kerb Lady Geel - Hoogstra Autosport","isPartOf":{"@id":"https:\/\/www.hoogstra-autosport.nl\/#website"},"primaryImageOfPage":{"@id":"https:\/\/www.hoogstra-autosport.nl\/product\/sparco-kartoverall-fia-level-2-kerb-lady-geel\/#primaryimage"},"image":{"@id":"https:\/\/www.hoogstra-autosport.nl\/product\/sparco-kartoverall-fia-level-2-kerb-lady-geel\/#primaryimage"},"thumbnailUrl":"https:\/\/www.hoogstra-autosport.nl\/teamkoen\/wp-content\/uploads\/2023\/01\/lady-geel.png","datePublished":"2023-01-10T19:49:05+00:00","dateModified":"2024-01-20T12:15:34+00:00","breadcrumb":{"@id":"https:\/\/www.hoogstra-autosport.nl\/product\/sparco-kartoverall-fia-level-2-kerb-lady-geel\/#breadcrumb"},"inLanguage":"fr-FR","potentialAction":[{"@type":"ReadAction","target":["https:\/\/www.hoogstra-autosport.nl\/product\/sparco-kartoverall-fia-level-2-kerb-lady-geel\/"]}]},{"@type":"ImageObject","inLanguage":"fr-FR","@id":"https:\/\/www.hoogstra-autosport.nl\/product\/sparco-kartoverall-fia-level-2-kerb-lady-geel\/#primaryimage","url":"https:\/\/www.hoogstra-autosport.nl\/teamkoen\/wp-content\/uploads\/2023\/01\/lady-geel.png","contentUrl":"https:\/\/www.hoogstra-autosport.nl\/teamkoen\/wp-content\/uploads\/2023\/01\/lady-geel.png","width":986,"height":986},{"@type":"BreadcrumbList","@id":"https:\/\/www.hoogstra-autosport.nl\/product\/sparco-kartoverall-fia-level-2-kerb-lady-geel\/#breadcrumb","itemListElement":[{"@type":"ListItem","position":1,"name":"Home","item":"https:\/\/www.hoogstra-autosport.nl\/"},{"@type":"ListItem","position":2,"name":"Uitrusting","item":"https:\/\/www.hoogstra-autosport.nl\/product-categorie\/autosport-kleding-helmen\/"},{"@type":"ListItem","position":3,"name":"Kleding Karting","item":"https:\/\/www.hoogstra-autosport.nl\/product-categorie\/autosport-kleding-helmen\/kleding-karting\/"},{"@type":"ListItem","position":4,"name":"Kartoveralls","item":"https:\/\/www.hoogstra-autosport.nl\/product-categorie\/autosport-kleding-helmen\/kleding-karting\/kartoveralls\/"},{"@type":"ListItem","position":5,"name":"Sparco Kartoverall FIA Level 2 Kerb Lady Geel"}]},{"@type":"WebSite","@id":"https:\/\/www.hoogstra-autosport.nl\/#website","url":"https:\/\/www.hoogstra-autosport.nl\/","name":"Hoogstra Autosport","description":"Performance Autosport Parts!","potentialAction":[{"@type":"SearchAction","target":{"@type":"EntryPoint","urlTemplate":"https:\/\/www.hoogstra-autosport.nl\/?s={search_term_string}"},"query-input":{"@type":"PropertyValueSpecification","valueRequired":true,"valueName":"search_term_string"}}],"inLanguage":"fr-FR"}]}},"tiered_pricing_type":"fixed","tiered_pricing_fixed_rules":[],"tiered_pricing_product_settings":{"layout":"default","base_unit_name":{"singular":null,"plural":null},"default_variation":null},"tiered_pricing_minimum_quantity":null,"tiered_pricing_roles_data":[],"tiered_pricing_percentage_rules":[],"tiered_pricing_maximum_quantity":null,"tiered_pricing_quantity_step":null,"_links":{"self":[{"href":"https:\/\/www.hoogstra-autosport.nl\/fr\/wp-json\/wp\/v2\/product\/52245","targetHints":{"allow":["GET"]}}],"collection":[{"href":"https:\/\/www.hoogstra-autosport.nl\/fr\/wp-json\/wp\/v2\/product"}],"about":[{"href":"https:\/\/www.hoogstra-autosport.nl\/fr\/wp-json\/wp\/v2\/types\/product"}],"wp:featuredmedia":[{"embeddable":true,"href":"https:\/\/www.hoogstra-autosport.nl\/fr\/wp-json\/wp\/v2\/media\/52248"}],"wp:attachment":[{"href":"https:\/\/www.hoogstra-autosport.nl\/fr\/wp-json\/wp\/v2\/media?parent=52245"}],"wp:term":[{"taxonomy":"product_brand","embeddable":true,"href":"https:\/\/www.hoogstra-autosport.nl\/fr\/wp-json\/wp\/v2\/product_brand?post=52245"},{"taxonomy":"product_cat","embeddable":true,"href":"https:\/\/www.hoogstra-autosport.nl\/fr\/wp-json\/wp\/v2\/product_cat?post=52245"},{"taxonomy":"product_tag","embeddable":true,"href":"https:\/\/www.hoogstra-autosport.nl\/fr\/wp-json\/wp\/v2\/product_tag?post=52245"}],"curies":[{"name":"wp","href":"https:\/\/api.w.org\/{rel}","templated":true}]}}