{"id":52077,"date":"2023-01-09T11:03:00","date_gmt":"2023-01-09T10:03:00","guid":{"rendered":"https:\/\/www.hoogstra-autosport.nl\/?post_type=product&#038;p=52077"},"modified":"2025-01-17T11:24:37","modified_gmt":"2025-01-17T10:24:37","slug":"omp-balaclaaf-technica-evo","status":"publish","type":"product","link":"https:\/\/www.hoogstra-autosport.nl\/fr\/produit\/omp-balaclaaf-technica-evo\/","title":{"rendered":"OMP Balaclaaf Technica Evo 8856-2018"},"content":{"rendered":"<p>Gr\u00e2ce \u00e0 sa coupe ergonomique, le sous-v\u00eatement fonctionnel OMP Performance TECNICA EVO s'adapte comme une seconde peau, ne glisse pas et r\u00e9duit ainsi les irritations cutan\u00e9es. Le fin tissu extensible Nomex utilis\u00e9 et la coupe pr\u00e8s du corps garantissent une plus grande libert\u00e9 de mouvement. Particuli\u00e8rement respirant et r\u00e9gulateur de climat. Le mat\u00e9riau souple et \u00e9lastique est presque sans coutures et offre un excellent confort de port.<\/p>\n<p>&nbsp;<\/p>\n<p>Homologu\u00e9 selon la derni\u00e8re norme FIA 8856-2018<\/p>","protected":false},"excerpt":{"rendered":"<p>Dankzij de ergonomische pasvorm past het functionele OMP Performance ondergoed TECNICA EVO als een tweede huid, glijdt niet uit en vermindert zo huidirritatie. De dunne Nomex stretchstof die wordt gebruikt en de nauwsluitende snit zorgen voor meer bewegingsvrijheid. Bijzonder ademend en klimaatregulerend. Het zachte, elastische materiaal is bijna naadloos en biedt een uitstekend draagcomfort. &nbsp; [&hellip;]<\/p>\n","protected":false},"featured_media":52079,"template":"","meta":{"_acf_changed":false},"product_brand":[],"product_cat":[2644,3801],"product_tag":[],"class_list":{"0":"post-52077","1":"product","2":"type-product","3":"status-publish","4":"has-post-thumbnail","6":"product_cat-balaclavas-helmmuts","7":"product_cat-onderkleding-fia-omp","8":"product_shipping_class-4016","10":"first","11":"instock","12":"taxable","13":"shipping-taxable","14":"purchasable","15":"product-type-variable"},"acf":[],"yoast_head":"<!-- This site is optimized with the Yoast SEO plugin v27.1.1 - https:\/\/yoast.com\/product\/yoast-seo-wordpress\/ -->\n<title>OMP Balaclaaf Technica Evo 8856-2018 - Hoogstra Autosport<\/title>\n<meta name=\"robots\" content=\"index, follow, max-snippet:-1, max-image-preview:large, max-video-preview:-1\" \/>\n<link rel=\"canonical\" href=\"https:\/\/www.hoogstra-autosport.nl\/fr\/produit\/omp-balaclaaf-technica-evo\/\" \/>\n<meta property=\"og:locale\" content=\"fr_FR\" \/>\n<meta property=\"og:type\" content=\"article\" \/>\n<meta property=\"og:title\" content=\"OMP Balaclaaf Technica Evo 8856-2018 - Hoogstra Autosport\" \/>\n<meta property=\"og:description\" content=\"Dankzij de ergonomische pasvorm past het functionele OMP Performance ondergoed TECNICA EVO als een tweede huid, glijdt niet uit en vermindert zo huidirritatie. De dunne Nomex stretchstof die wordt gebruikt en de nauwsluitende snit zorgen voor meer bewegingsvrijheid. Bijzonder ademend en klimaatregulerend. Het zachte, elastische materiaal is bijna naadloos en biedt een uitstekend draagcomfort. &nbsp; [&hellip;]\" \/>\n<meta property=\"og:url\" content=\"https:\/\/www.hoogstra-autosport.nl\/fr\/produit\/omp-balaclaaf-technica-evo\/\" \/>\n<meta property=\"og:site_name\" content=\"Hoogstra Autosport\" \/>\n<meta property=\"article:modified_time\" content=\"2025-01-17T10:24:37+00:00\" \/>\n<meta property=\"og:image\" content=\"https:\/\/hoogstra-autosport.nl\/teamkoen\/content\/uploads\/2023\/01\/balaclaaf-technica-evo.png\" \/>\n\t<meta property=\"og:image:width\" content=\"986\" \/>\n\t<meta property=\"og:image:height\" content=\"986\" \/>\n\t<meta property=\"og:image:type\" content=\"image\/png\" \/>\n<meta name=\"twitter:card\" content=\"summary_large_image\" \/>\n<meta name=\"twitter:label1\" content=\"Dur\u00e9e de lecture estim\u00e9e\" \/>\n\t<meta name=\"twitter:data1\" content=\"1 minute\" \/>\n<script type=\"application\/ld+json\" class=\"yoast-schema-graph\">{\"@context\":\"https:\/\/schema.org\",\"@graph\":[{\"@type\":\"WebPage\",\"@id\":\"https:\/\/www.hoogstra-autosport.nl\/product\/omp-balaclaaf-technica-evo\/\",\"url\":\"https:\/\/www.hoogstra-autosport.nl\/product\/omp-balaclaaf-technica-evo\/\",\"name\":\"OMP Balaclaaf Technica Evo 8856-2018 - Hoogstra Autosport\",\"isPartOf\":{\"@id\":\"https:\/\/www.hoogstra-autosport.nl\/#website\"},\"primaryImageOfPage\":{\"@id\":\"https:\/\/www.hoogstra-autosport.nl\/product\/omp-balaclaaf-technica-evo\/#primaryimage\"},\"image\":{\"@id\":\"https:\/\/www.hoogstra-autosport.nl\/product\/omp-balaclaaf-technica-evo\/#primaryimage\"},\"thumbnailUrl\":\"https:\/\/www.hoogstra-autosport.nl\/teamkoen\/wp-content\/uploads\/2023\/01\/balaclaaf-technica-evo.png\",\"datePublished\":\"2023-01-09T10:03:00+00:00\",\"dateModified\":\"2025-01-17T10:24:37+00:00\",\"breadcrumb\":{\"@id\":\"https:\/\/www.hoogstra-autosport.nl\/product\/omp-balaclaaf-technica-evo\/#breadcrumb\"},\"inLanguage\":\"fr-FR\",\"potentialAction\":[{\"@type\":\"ReadAction\",\"target\":[\"https:\/\/www.hoogstra-autosport.nl\/product\/omp-balaclaaf-technica-evo\/\"]}]},{\"@type\":\"ImageObject\",\"inLanguage\":\"fr-FR\",\"@id\":\"https:\/\/www.hoogstra-autosport.nl\/product\/omp-balaclaaf-technica-evo\/#primaryimage\",\"url\":\"https:\/\/www.hoogstra-autosport.nl\/teamkoen\/wp-content\/uploads\/2023\/01\/balaclaaf-technica-evo.png\",\"contentUrl\":\"https:\/\/www.hoogstra-autosport.nl\/teamkoen\/wp-content\/uploads\/2023\/01\/balaclaaf-technica-evo.png\",\"width\":986,\"height\":986},{\"@type\":\"BreadcrumbList\",\"@id\":\"https:\/\/www.hoogstra-autosport.nl\/product\/omp-balaclaaf-technica-evo\/#breadcrumb\",\"itemListElement\":[{\"@type\":\"ListItem\",\"position\":1,\"name\":\"Home\",\"item\":\"https:\/\/www.hoogstra-autosport.nl\/\"},{\"@type\":\"ListItem\",\"position\":2,\"name\":\"Uitrusting\",\"item\":\"https:\/\/www.hoogstra-autosport.nl\/product-categorie\/autosport-kleding-helmen\/\"},{\"@type\":\"ListItem\",\"position\":3,\"name\":\"Autosport Kleding\",\"item\":\"https:\/\/www.hoogstra-autosport.nl\/product-categorie\/autosport-kleding-helmen\/autosport-kleding\/\"},{\"@type\":\"ListItem\",\"position\":4,\"name\":\"FIA\/SFI Brandwerende Onderkleding\",\"item\":\"https:\/\/www.hoogstra-autosport.nl\/product-categorie\/autosport-kleding-helmen\/autosport-kleding\/fia-brandwerende-onderkleding\/\"},{\"@type\":\"ListItem\",\"position\":5,\"name\":\"FIA Onderkleding OMP\",\"item\":\"https:\/\/www.hoogstra-autosport.nl\/product-categorie\/autosport-kleding-helmen\/autosport-kleding\/fia-brandwerende-onderkleding\/onderkleding-fia-omp\/\"},{\"@type\":\"ListItem\",\"position\":6,\"name\":\"OMP Balaclaaf Technica Evo 8856-2018\"}]},{\"@type\":\"WebSite\",\"@id\":\"https:\/\/www.hoogstra-autosport.nl\/#website\",\"url\":\"https:\/\/www.hoogstra-autosport.nl\/\",\"name\":\"Hoogstra Autosport\",\"description\":\"Performance Autosport Parts!\",\"potentialAction\":[{\"@type\":\"SearchAction\",\"target\":{\"@type\":\"EntryPoint\",\"urlTemplate\":\"https:\/\/www.hoogstra-autosport.nl\/?s={search_term_string}\"},\"query-input\":{\"@type\":\"PropertyValueSpecification\",\"valueRequired\":true,\"valueName\":\"search_term_string\"}}],\"inLanguage\":\"fr-FR\"}]}<\/script>\n<!-- \/ Yoast SEO plugin. -->","yoast_head_json":{"title":"OMP Balaclaaf Technica Evo 8856-2018 - Hoogstra Autosport","robots":{"index":"index","follow":"follow","max-snippet":"max-snippet:-1","max-image-preview":"max-image-preview:large","max-video-preview":"max-video-preview:-1"},"canonical":"https:\/\/www.hoogstra-autosport.nl\/fr\/produit\/omp-balaclaaf-technica-evo\/","og_locale":"fr_FR","og_type":"article","og_title":"OMP Balaclaaf Technica Evo 8856-2018 - Hoogstra Autosport","og_description":"Dankzij de ergonomische pasvorm past het functionele OMP Performance ondergoed TECNICA EVO als een tweede huid, glijdt niet uit en vermindert zo huidirritatie. De dunne Nomex stretchstof die wordt gebruikt en de nauwsluitende snit zorgen voor meer bewegingsvrijheid. Bijzonder ademend en klimaatregulerend. Het zachte, elastische materiaal is bijna naadloos en biedt een uitstekend draagcomfort. &nbsp; [&hellip;]","og_url":"https:\/\/www.hoogstra-autosport.nl\/fr\/produit\/omp-balaclaaf-technica-evo\/","og_site_name":"Hoogstra Autosport","article_modified_time":"2025-01-17T10:24:37+00:00","og_image":[{"width":986,"height":986,"url":"https:\/\/hoogstra-autosport.nl\/teamkoen\/content\/uploads\/2023\/01\/balaclaaf-technica-evo.png","type":"image\/png"}],"twitter_card":"summary_large_image","twitter_misc":{"Dur\u00e9e de lecture estim\u00e9e":"1 minute"},"schema":{"@context":"https:\/\/schema.org","@graph":[{"@type":"WebPage","@id":"https:\/\/www.hoogstra-autosport.nl\/product\/omp-balaclaaf-technica-evo\/","url":"https:\/\/www.hoogstra-autosport.nl\/product\/omp-balaclaaf-technica-evo\/","name":"OMP Balaclaaf Technica Evo 8856-2018 - Hoogstra Autosport","isPartOf":{"@id":"https:\/\/www.hoogstra-autosport.nl\/#website"},"primaryImageOfPage":{"@id":"https:\/\/www.hoogstra-autosport.nl\/product\/omp-balaclaaf-technica-evo\/#primaryimage"},"image":{"@id":"https:\/\/www.hoogstra-autosport.nl\/product\/omp-balaclaaf-technica-evo\/#primaryimage"},"thumbnailUrl":"https:\/\/www.hoogstra-autosport.nl\/teamkoen\/wp-content\/uploads\/2023\/01\/balaclaaf-technica-evo.png","datePublished":"2023-01-09T10:03:00+00:00","dateModified":"2025-01-17T10:24:37+00:00","breadcrumb":{"@id":"https:\/\/www.hoogstra-autosport.nl\/product\/omp-balaclaaf-technica-evo\/#breadcrumb"},"inLanguage":"fr-FR","potentialAction":[{"@type":"ReadAction","target":["https:\/\/www.hoogstra-autosport.nl\/product\/omp-balaclaaf-technica-evo\/"]}]},{"@type":"ImageObject","inLanguage":"fr-FR","@id":"https:\/\/www.hoogstra-autosport.nl\/product\/omp-balaclaaf-technica-evo\/#primaryimage","url":"https:\/\/www.hoogstra-autosport.nl\/teamkoen\/wp-content\/uploads\/2023\/01\/balaclaaf-technica-evo.png","contentUrl":"https:\/\/www.hoogstra-autosport.nl\/teamkoen\/wp-content\/uploads\/2023\/01\/balaclaaf-technica-evo.png","width":986,"height":986},{"@type":"BreadcrumbList","@id":"https:\/\/www.hoogstra-autosport.nl\/product\/omp-balaclaaf-technica-evo\/#breadcrumb","itemListElement":[{"@type":"ListItem","position":1,"name":"Home","item":"https:\/\/www.hoogstra-autosport.nl\/"},{"@type":"ListItem","position":2,"name":"Uitrusting","item":"https:\/\/www.hoogstra-autosport.nl\/product-categorie\/autosport-kleding-helmen\/"},{"@type":"ListItem","position":3,"name":"Autosport Kleding","item":"https:\/\/www.hoogstra-autosport.nl\/product-categorie\/autosport-kleding-helmen\/autosport-kleding\/"},{"@type":"ListItem","position":4,"name":"FIA\/SFI Brandwerende Onderkleding","item":"https:\/\/www.hoogstra-autosport.nl\/product-categorie\/autosport-kleding-helmen\/autosport-kleding\/fia-brandwerende-onderkleding\/"},{"@type":"ListItem","position":5,"name":"FIA Onderkleding OMP","item":"https:\/\/www.hoogstra-autosport.nl\/product-categorie\/autosport-kleding-helmen\/autosport-kleding\/fia-brandwerende-onderkleding\/onderkleding-fia-omp\/"},{"@type":"ListItem","position":6,"name":"OMP Balaclaaf Technica Evo 8856-2018"}]},{"@type":"WebSite","@id":"https:\/\/www.hoogstra-autosport.nl\/#website","url":"https:\/\/www.hoogstra-autosport.nl\/","name":"Hoogstra Autosport","description":"Performance Autosport Parts!","potentialAction":[{"@type":"SearchAction","target":{"@type":"EntryPoint","urlTemplate":"https:\/\/www.hoogstra-autosport.nl\/?s={search_term_string}"},"query-input":{"@type":"PropertyValueSpecification","valueRequired":true,"valueName":"search_term_string"}}],"inLanguage":"fr-FR"}]}},"tiered_pricing_type":"fixed","tiered_pricing_fixed_rules":[],"tiered_pricing_product_settings":{"layout":"default","base_unit_name":{"singular":null,"plural":null},"default_variation":null},"tiered_pricing_minimum_quantity":null,"tiered_pricing_roles_data":[],"tiered_pricing_percentage_rules":[],"tiered_pricing_maximum_quantity":null,"tiered_pricing_quantity_step":null,"_links":{"self":[{"href":"https:\/\/www.hoogstra-autosport.nl\/fr\/wp-json\/wp\/v2\/product\/52077","targetHints":{"allow":["GET"]}}],"collection":[{"href":"https:\/\/www.hoogstra-autosport.nl\/fr\/wp-json\/wp\/v2\/product"}],"about":[{"href":"https:\/\/www.hoogstra-autosport.nl\/fr\/wp-json\/wp\/v2\/types\/product"}],"wp:featuredmedia":[{"embeddable":true,"href":"https:\/\/www.hoogstra-autosport.nl\/fr\/wp-json\/wp\/v2\/media\/52079"}],"wp:attachment":[{"href":"https:\/\/www.hoogstra-autosport.nl\/fr\/wp-json\/wp\/v2\/media?parent=52077"}],"wp:term":[{"taxonomy":"product_brand","embeddable":true,"href":"https:\/\/www.hoogstra-autosport.nl\/fr\/wp-json\/wp\/v2\/product_brand?post=52077"},{"taxonomy":"product_cat","embeddable":true,"href":"https:\/\/www.hoogstra-autosport.nl\/fr\/wp-json\/wp\/v2\/product_cat?post=52077"},{"taxonomy":"product_tag","embeddable":true,"href":"https:\/\/www.hoogstra-autosport.nl\/fr\/wp-json\/wp\/v2\/product_tag?post=52077"}],"curies":[{"name":"wp","href":"https:\/\/api.w.org\/{rel}","templated":true}]}}