{"id":51837,"date":"2023-01-05T15:14:12","date_gmt":"2023-01-05T14:14:12","guid":{"rendered":"https:\/\/www.hoogstra-autosport.nl\/?post_type=product&#038;p=51837"},"modified":"2024-11-26T10:41:44","modified_gmt":"2024-11-26T09:41:44","slug":"stilo-intercom-dg-10-digitaal","status":"publish","type":"product","link":"https:\/\/www.hoogstra-autosport.nl\/fr\/produit\/stilo-intercom-dg-10-digitaal\/","title":{"rendered":"Stilo intercom DG-10 (digital)"},"content":{"rendered":"<p>Interphone num\u00e9rique pour une utilisation professionnelle. Le mod\u00e8le de base de la s\u00e9rie DG est \u00e9galement \u00e9quip\u00e9 d'un filtre de bruit num\u00e9rique actif (SDA) pour une communication claire et fiable, ainsi que de 3 r\u00e9glages de filtre de bruit (2 num\u00e9riques et 1 analogique).<\/p>\n<p>Le mode Stage\/Road permet d'activer ou de d\u00e9sactiver l'enregistrement de la cam\u00e9ra ainsi que la connexion \u00e0 la radio et au t\u00e9l\u00e9phone. R\u00e9glage s\u00e9par\u00e9 du volume pour le conducteur et le passager avant. R\u00e9tro-\u00e9clairage. Connexions audio pour la cam\u00e9ra et la radio. Connexion sans fil aux t\u00e9l\u00e9phones portables et smartphones compatibles Bluetooth* gr\u00e2ce au module Bluetooth int\u00e9gr\u00e9. Fonctionnement via la prise de courant de bord 12V.<\/p>\n<p>Stilo Digital Active Filter (SDA) - Filtrage num\u00e9rique actif du bruit : technologie avanc\u00e9e pour une r\u00e9duction consid\u00e9rable du bruit et la suppression du bruit ambiant. La communication sans bruit est synonyme de s\u00e9curit\u00e9 active et de performances optimales, permettant une conduite concentr\u00e9e et une communication ininterrompue entre le conducteur et le passager.<\/p>\n<p>Note : La fonction Bluetooth permettant de se connecter \u00e0 un t\u00e9l\u00e9phone portable ou \u00e0 un smartphone ne remplace pas un syst\u00e8me radio. Elle ne sert qu'\u00e0 passer des appels, par exemple en cas de panne.<\/p>","protected":false},"excerpt":{"rendered":"<p>Digitale intercom voor professioneel gebruik. Het basismodel van de DG-serie is ook uitgerust met een actief digitaal ruisfilter (SDA) voor heldere en betrouwbare communicatie, evenals 3 ruisfilterinstellingen (2 digitaal en een analoog). Met de Stage\/Road-modus kunnen camera-opname, radio- en telefoonverbinding worden geactiveerd of gedeactiveerd. Afzonderlijke volumeregeling voor bestuurder en voorpassagier. tegenlicht. Audio aansluitingen voor camera [&hellip;]<\/p>\n","protected":false},"featured_media":51844,"template":"","meta":{"_acf_changed":false},"product_brand":[],"product_cat":[4253],"product_tag":[],"class_list":{"0":"post-51837","1":"product","2":"type-product","3":"status-publish","4":"has-post-thumbnail","6":"product_cat-intercom-systemen","7":"product_shipping_class-4016","9":"first","10":"instock","11":"taxable","12":"shipping-taxable","13":"purchasable","14":"product-type-simple"},"acf":[],"yoast_head":"<!-- This site is optimized with the Yoast SEO plugin v27.1.1 - https:\/\/yoast.com\/product\/yoast-seo-wordpress\/ -->\n<title>Stilo intercom DG-10 (digitaal) - Hoogstra Autosport<\/title>\n<meta name=\"robots\" content=\"index, follow, max-snippet:-1, max-image-preview:large, max-video-preview:-1\" \/>\n<link rel=\"canonical\" href=\"https:\/\/www.hoogstra-autosport.nl\/fr\/produit\/stilo-intercom-dg-10-digitaal\/\" \/>\n<meta property=\"og:locale\" content=\"fr_FR\" \/>\n<meta property=\"og:type\" content=\"article\" \/>\n<meta property=\"og:title\" content=\"Stilo intercom DG-10 (digitaal) - Hoogstra Autosport\" \/>\n<meta property=\"og:description\" content=\"Digitale intercom voor professioneel gebruik. Het basismodel van de DG-serie is ook uitgerust met een actief digitaal ruisfilter (SDA) voor heldere en betrouwbare communicatie, evenals 3 ruisfilterinstellingen (2 digitaal en een analoog). Met de Stage\/Road-modus kunnen camera-opname, radio- en telefoonverbinding worden geactiveerd of gedeactiveerd. Afzonderlijke volumeregeling voor bestuurder en voorpassagier. tegenlicht. Audio aansluitingen voor camera [&hellip;]\" \/>\n<meta property=\"og:url\" content=\"https:\/\/www.hoogstra-autosport.nl\/fr\/produit\/stilo-intercom-dg-10-digitaal\/\" \/>\n<meta property=\"og:site_name\" content=\"Hoogstra Autosport\" \/>\n<meta property=\"article:modified_time\" content=\"2024-11-26T09:41:44+00:00\" \/>\n<meta property=\"og:image\" content=\"https:\/\/hoogstra-autosport.nl\/teamkoen\/content\/uploads\/2023\/01\/Stilo-intercom-DG-10-digitaal.png\" \/>\n\t<meta property=\"og:image:width\" content=\"986\" \/>\n\t<meta property=\"og:image:height\" content=\"986\" \/>\n\t<meta property=\"og:image:type\" content=\"image\/png\" \/>\n<meta name=\"twitter:card\" content=\"summary_large_image\" \/>\n<meta name=\"twitter:label1\" content=\"Dur\u00e9e de lecture estim\u00e9e\" \/>\n\t<meta name=\"twitter:data1\" content=\"2 minutes\" \/>\n<script type=\"application\/ld+json\" class=\"yoast-schema-graph\">{\"@context\":\"https:\/\/schema.org\",\"@graph\":[{\"@type\":\"WebPage\",\"@id\":\"https:\/\/www.hoogstra-autosport.nl\/product\/stilo-intercom-dg-10-digitaal\/\",\"url\":\"https:\/\/www.hoogstra-autosport.nl\/product\/stilo-intercom-dg-10-digitaal\/\",\"name\":\"Stilo intercom DG-10 (digitaal) - Hoogstra Autosport\",\"isPartOf\":{\"@id\":\"https:\/\/www.hoogstra-autosport.nl\/#website\"},\"primaryImageOfPage\":{\"@id\":\"https:\/\/www.hoogstra-autosport.nl\/product\/stilo-intercom-dg-10-digitaal\/#primaryimage\"},\"image\":{\"@id\":\"https:\/\/www.hoogstra-autosport.nl\/product\/stilo-intercom-dg-10-digitaal\/#primaryimage\"},\"thumbnailUrl\":\"https:\/\/www.hoogstra-autosport.nl\/teamkoen\/wp-content\/uploads\/2023\/01\/Stilo-intercom-DG-10-digitaal.png\",\"datePublished\":\"2023-01-05T14:14:12+00:00\",\"dateModified\":\"2024-11-26T09:41:44+00:00\",\"breadcrumb\":{\"@id\":\"https:\/\/www.hoogstra-autosport.nl\/product\/stilo-intercom-dg-10-digitaal\/#breadcrumb\"},\"inLanguage\":\"fr-FR\",\"potentialAction\":[{\"@type\":\"ReadAction\",\"target\":[\"https:\/\/www.hoogstra-autosport.nl\/product\/stilo-intercom-dg-10-digitaal\/\"]}]},{\"@type\":\"ImageObject\",\"inLanguage\":\"fr-FR\",\"@id\":\"https:\/\/www.hoogstra-autosport.nl\/product\/stilo-intercom-dg-10-digitaal\/#primaryimage\",\"url\":\"https:\/\/www.hoogstra-autosport.nl\/teamkoen\/wp-content\/uploads\/2023\/01\/Stilo-intercom-DG-10-digitaal.png\",\"contentUrl\":\"https:\/\/www.hoogstra-autosport.nl\/teamkoen\/wp-content\/uploads\/2023\/01\/Stilo-intercom-DG-10-digitaal.png\",\"width\":986,\"height\":986},{\"@type\":\"BreadcrumbList\",\"@id\":\"https:\/\/www.hoogstra-autosport.nl\/product\/stilo-intercom-dg-10-digitaal\/#breadcrumb\",\"itemListElement\":[{\"@type\":\"ListItem\",\"position\":1,\"name\":\"Home\",\"item\":\"https:\/\/www.hoogstra-autosport.nl\/\"},{\"@type\":\"ListItem\",\"position\":2,\"name\":\"Uitrusting\",\"item\":\"https:\/\/www.hoogstra-autosport.nl\/product-categorie\/autosport-kleding-helmen\/\"},{\"@type\":\"ListItem\",\"position\":3,\"name\":\"Intercoms &amp; Headsets\",\"item\":\"https:\/\/www.hoogstra-autosport.nl\/product-categorie\/autosport-kleding-helmen\/intercoms-heaqsets\/\"},{\"@type\":\"ListItem\",\"position\":4,\"name\":\"Stilo intercom DG-10 (digitaal)\"}]},{\"@type\":\"WebSite\",\"@id\":\"https:\/\/www.hoogstra-autosport.nl\/#website\",\"url\":\"https:\/\/www.hoogstra-autosport.nl\/\",\"name\":\"Hoogstra Autosport\",\"description\":\"Performance Autosport Parts!\",\"potentialAction\":[{\"@type\":\"SearchAction\",\"target\":{\"@type\":\"EntryPoint\",\"urlTemplate\":\"https:\/\/www.hoogstra-autosport.nl\/?s={search_term_string}\"},\"query-input\":{\"@type\":\"PropertyValueSpecification\",\"valueRequired\":true,\"valueName\":\"search_term_string\"}}],\"inLanguage\":\"fr-FR\"}]}<\/script>\n<!-- \/ Yoast SEO plugin. -->","yoast_head_json":{"title":"Stilo intercom DG-10 (digitaal) - Hoogstra Autosport","robots":{"index":"index","follow":"follow","max-snippet":"max-snippet:-1","max-image-preview":"max-image-preview:large","max-video-preview":"max-video-preview:-1"},"canonical":"https:\/\/www.hoogstra-autosport.nl\/fr\/produit\/stilo-intercom-dg-10-digitaal\/","og_locale":"fr_FR","og_type":"article","og_title":"Stilo intercom DG-10 (digitaal) - Hoogstra Autosport","og_description":"Digitale intercom voor professioneel gebruik. Het basismodel van de DG-serie is ook uitgerust met een actief digitaal ruisfilter (SDA) voor heldere en betrouwbare communicatie, evenals 3 ruisfilterinstellingen (2 digitaal en een analoog). Met de Stage\/Road-modus kunnen camera-opname, radio- en telefoonverbinding worden geactiveerd of gedeactiveerd. Afzonderlijke volumeregeling voor bestuurder en voorpassagier. tegenlicht. Audio aansluitingen voor camera [&hellip;]","og_url":"https:\/\/www.hoogstra-autosport.nl\/fr\/produit\/stilo-intercom-dg-10-digitaal\/","og_site_name":"Hoogstra Autosport","article_modified_time":"2024-11-26T09:41:44+00:00","og_image":[{"width":986,"height":986,"url":"https:\/\/hoogstra-autosport.nl\/teamkoen\/content\/uploads\/2023\/01\/Stilo-intercom-DG-10-digitaal.png","type":"image\/png"}],"twitter_card":"summary_large_image","twitter_misc":{"Dur\u00e9e de lecture estim\u00e9e":"2 minutes"},"schema":{"@context":"https:\/\/schema.org","@graph":[{"@type":"WebPage","@id":"https:\/\/www.hoogstra-autosport.nl\/product\/stilo-intercom-dg-10-digitaal\/","url":"https:\/\/www.hoogstra-autosport.nl\/product\/stilo-intercom-dg-10-digitaal\/","name":"Stilo intercom DG-10 (digitaal) - Hoogstra Autosport","isPartOf":{"@id":"https:\/\/www.hoogstra-autosport.nl\/#website"},"primaryImageOfPage":{"@id":"https:\/\/www.hoogstra-autosport.nl\/product\/stilo-intercom-dg-10-digitaal\/#primaryimage"},"image":{"@id":"https:\/\/www.hoogstra-autosport.nl\/product\/stilo-intercom-dg-10-digitaal\/#primaryimage"},"thumbnailUrl":"https:\/\/www.hoogstra-autosport.nl\/teamkoen\/wp-content\/uploads\/2023\/01\/Stilo-intercom-DG-10-digitaal.png","datePublished":"2023-01-05T14:14:12+00:00","dateModified":"2024-11-26T09:41:44+00:00","breadcrumb":{"@id":"https:\/\/www.hoogstra-autosport.nl\/product\/stilo-intercom-dg-10-digitaal\/#breadcrumb"},"inLanguage":"fr-FR","potentialAction":[{"@type":"ReadAction","target":["https:\/\/www.hoogstra-autosport.nl\/product\/stilo-intercom-dg-10-digitaal\/"]}]},{"@type":"ImageObject","inLanguage":"fr-FR","@id":"https:\/\/www.hoogstra-autosport.nl\/product\/stilo-intercom-dg-10-digitaal\/#primaryimage","url":"https:\/\/www.hoogstra-autosport.nl\/teamkoen\/wp-content\/uploads\/2023\/01\/Stilo-intercom-DG-10-digitaal.png","contentUrl":"https:\/\/www.hoogstra-autosport.nl\/teamkoen\/wp-content\/uploads\/2023\/01\/Stilo-intercom-DG-10-digitaal.png","width":986,"height":986},{"@type":"BreadcrumbList","@id":"https:\/\/www.hoogstra-autosport.nl\/product\/stilo-intercom-dg-10-digitaal\/#breadcrumb","itemListElement":[{"@type":"ListItem","position":1,"name":"Home","item":"https:\/\/www.hoogstra-autosport.nl\/"},{"@type":"ListItem","position":2,"name":"Uitrusting","item":"https:\/\/www.hoogstra-autosport.nl\/product-categorie\/autosport-kleding-helmen\/"},{"@type":"ListItem","position":3,"name":"Intercoms &amp; Headsets","item":"https:\/\/www.hoogstra-autosport.nl\/product-categorie\/autosport-kleding-helmen\/intercoms-heaqsets\/"},{"@type":"ListItem","position":4,"name":"Stilo intercom DG-10 (digitaal)"}]},{"@type":"WebSite","@id":"https:\/\/www.hoogstra-autosport.nl\/#website","url":"https:\/\/www.hoogstra-autosport.nl\/","name":"Hoogstra Autosport","description":"Performance Autosport Parts!","potentialAction":[{"@type":"SearchAction","target":{"@type":"EntryPoint","urlTemplate":"https:\/\/www.hoogstra-autosport.nl\/?s={search_term_string}"},"query-input":{"@type":"PropertyValueSpecification","valueRequired":true,"valueName":"search_term_string"}}],"inLanguage":"fr-FR"}]}},"tiered_pricing_type":"fixed","tiered_pricing_fixed_rules":[],"tiered_pricing_product_settings":{"layout":"default","base_unit_name":{"singular":null,"plural":null},"default_variation":null},"tiered_pricing_minimum_quantity":null,"tiered_pricing_roles_data":[],"tiered_pricing_percentage_rules":[],"tiered_pricing_maximum_quantity":null,"tiered_pricing_quantity_step":null,"_links":{"self":[{"href":"https:\/\/www.hoogstra-autosport.nl\/fr\/wp-json\/wp\/v2\/product\/51837","targetHints":{"allow":["GET"]}}],"collection":[{"href":"https:\/\/www.hoogstra-autosport.nl\/fr\/wp-json\/wp\/v2\/product"}],"about":[{"href":"https:\/\/www.hoogstra-autosport.nl\/fr\/wp-json\/wp\/v2\/types\/product"}],"wp:featuredmedia":[{"embeddable":true,"href":"https:\/\/www.hoogstra-autosport.nl\/fr\/wp-json\/wp\/v2\/media\/51844"}],"wp:attachment":[{"href":"https:\/\/www.hoogstra-autosport.nl\/fr\/wp-json\/wp\/v2\/media?parent=51837"}],"wp:term":[{"taxonomy":"product_brand","embeddable":true,"href":"https:\/\/www.hoogstra-autosport.nl\/fr\/wp-json\/wp\/v2\/product_brand?post=51837"},{"taxonomy":"product_cat","embeddable":true,"href":"https:\/\/www.hoogstra-autosport.nl\/fr\/wp-json\/wp\/v2\/product_cat?post=51837"},{"taxonomy":"product_tag","embeddable":true,"href":"https:\/\/www.hoogstra-autosport.nl\/fr\/wp-json\/wp\/v2\/product_tag?post=51837"}],"curies":[{"name":"wp","href":"https:\/\/api.w.org\/{rel}","templated":true}]}}