{"id":51745,"date":"2023-01-03T10:39:59","date_gmt":"2023-01-03T09:39:59","guid":{"rendered":"https:\/\/www.hoogstra-autosport.nl\/?post_type=product&#038;p=51745"},"modified":"2025-11-13T09:35:13","modified_gmt":"2025-11-13T08:35:13","slug":"bell-helm-mag-rally","status":"publish","type":"product","link":"https:\/\/www.hoogstra-autosport.nl\/fr\/produit\/bell-helm-mag-rally\/","title":{"rendered":"CASQUE BELL MAG RALLYE"},"content":{"rendered":"<p>Le tout nouveau BELL MAG RALLY est un casque jet d'entr\u00e9e de gamme au design moderne. La \"protection s\u00e9rieuse de la t\u00eate\" des casques Bell associ\u00e9e au syst\u00e8me de communication puissant et de haute qualit\u00e9 ZeroNoise\u00ae \u00e0 un prix tr\u00e8s abordable, du jamais vu ! Avec une coque en fibre de verre, une visi\u00e8re r\u00e9glable avec \u00e9cran solaire antireflet et un fantastique syst\u00e8me de communication, le MAG RALLY est le casque parfait pour les pilotes de rallye et les copilotes qui veulent un casque jet d'entr\u00e9e de gamme \u00e0 un prix tr\u00e8s abordable. Gr\u00e2ce \u00e0 l'\u00e9lectronique ZeroNoise\u00ae, \u00e0 des haut-parleurs puissants et \u00e0 un microphone antibruit, le MAG RALLY \u00e9tablit tout simplement de nouvelles normes dans sa cat\u00e9gorie.<\/p>\n<p>La connexion sur le casque pour l'intercom est un connecteur Nexus femelle. Le casque est compatible avec d'autres marques d'intercoms.<\/p>\n<p>S (57-58cm)<br \/>\nM (58-59cm)<br \/>\nL (60-61cm)<br \/>\nXL (61-62cm)<\/p>","protected":false},"excerpt":{"rendered":"<p>De gloednieuwe BELL MAG RALLY is een instapmodel jethelm in een modern design. Bell-helmen\u2019 \u201cSerieuze hoofdbescherming\u201d verbonden met ZeroNoise\u00ae hoogwaardig en krachtig communicatiesysteem tegen een zeer betaalbare prijs, nog nooit eerder gezien! Met een schaal van glasvezel, een verstelbare klep met anti-reflectie zonnescherm en een fantastisch communicatiesysteem, is de MAG RALLY de perfecte helm voor [&hellip;]<\/p>\n","protected":false},"featured_media":52140,"template":"","meta":{"_acf_changed":false},"product_brand":[],"product_cat":[3974],"product_tag":[],"class_list":{"0":"post-51745","1":"product","2":"type-product","3":"status-publish","4":"has-post-thumbnail","6":"product_cat-bell-open-face-fia","7":"product_shipping_class-4016","9":"first","10":"instock","11":"taxable","12":"shipping-taxable","13":"purchasable","14":"product-type-variable"},"acf":[],"yoast_head":"<!-- This site is optimized with the Yoast SEO plugin v27.1.1 - https:\/\/yoast.com\/product\/yoast-seo-wordpress\/ -->\n<title>BELL HELM MAG RALLY - Hoogstra Autosport<\/title>\n<meta name=\"robots\" content=\"index, follow, max-snippet:-1, max-image-preview:large, max-video-preview:-1\" \/>\n<link rel=\"canonical\" href=\"https:\/\/www.hoogstra-autosport.nl\/fr\/produit\/bell-helm-mag-rally\/\" \/>\n<meta property=\"og:locale\" content=\"fr_FR\" \/>\n<meta property=\"og:type\" content=\"article\" \/>\n<meta property=\"og:title\" content=\"BELL HELM MAG RALLY - Hoogstra Autosport\" \/>\n<meta property=\"og:description\" content=\"De gloednieuwe BELL MAG RALLY is een instapmodel jethelm in een modern design. Bell-helmen\u2019 \u201cSerieuze hoofdbescherming\u201d verbonden met ZeroNoise\u00ae hoogwaardig en krachtig communicatiesysteem tegen een zeer betaalbare prijs, nog nooit eerder gezien! Met een schaal van glasvezel, een verstelbare klep met anti-reflectie zonnescherm en een fantastisch communicatiesysteem, is de MAG RALLY de perfecte helm voor [&hellip;]\" \/>\n<meta property=\"og:url\" content=\"https:\/\/www.hoogstra-autosport.nl\/fr\/produit\/bell-helm-mag-rally\/\" \/>\n<meta property=\"og:site_name\" content=\"Hoogstra Autosport\" \/>\n<meta property=\"article:modified_time\" content=\"2025-11-13T08:35:13+00:00\" \/>\n<meta property=\"og:image\" content=\"https:\/\/www.hoogstra-autosport.nl\/teamkoen\/wp-content\/uploads\/2023\/01\/mag-rally.png\" \/>\n\t<meta property=\"og:image:width\" content=\"986\" \/>\n\t<meta property=\"og:image:height\" content=\"986\" \/>\n\t<meta property=\"og:image:type\" content=\"image\/png\" \/>\n<meta name=\"twitter:card\" content=\"summary_large_image\" \/>\n<meta name=\"twitter:label1\" content=\"Dur\u00e9e de lecture estim\u00e9e\" \/>\n\t<meta name=\"twitter:data1\" content=\"1 minute\" \/>\n<script type=\"application\/ld+json\" class=\"yoast-schema-graph\">{\"@context\":\"https:\/\/schema.org\",\"@graph\":[{\"@type\":\"WebPage\",\"@id\":\"https:\/\/www.hoogstra-autosport.nl\/product\/bell-helm-mag-rally\/\",\"url\":\"https:\/\/www.hoogstra-autosport.nl\/product\/bell-helm-mag-rally\/\",\"name\":\"BELL HELM MAG RALLY - Hoogstra Autosport\",\"isPartOf\":{\"@id\":\"https:\/\/www.hoogstra-autosport.nl\/#website\"},\"primaryImageOfPage\":{\"@id\":\"https:\/\/www.hoogstra-autosport.nl\/product\/bell-helm-mag-rally\/#primaryimage\"},\"image\":{\"@id\":\"https:\/\/www.hoogstra-autosport.nl\/product\/bell-helm-mag-rally\/#primaryimage\"},\"thumbnailUrl\":\"https:\/\/www.hoogstra-autosport.nl\/teamkoen\/wp-content\/uploads\/2023\/01\/mag-rally.png\",\"datePublished\":\"2023-01-03T09:39:59+00:00\",\"dateModified\":\"2025-11-13T08:35:13+00:00\",\"breadcrumb\":{\"@id\":\"https:\/\/www.hoogstra-autosport.nl\/product\/bell-helm-mag-rally\/#breadcrumb\"},\"inLanguage\":\"fr-FR\",\"potentialAction\":[{\"@type\":\"ReadAction\",\"target\":[\"https:\/\/www.hoogstra-autosport.nl\/product\/bell-helm-mag-rally\/\"]}]},{\"@type\":\"ImageObject\",\"inLanguage\":\"fr-FR\",\"@id\":\"https:\/\/www.hoogstra-autosport.nl\/product\/bell-helm-mag-rally\/#primaryimage\",\"url\":\"https:\/\/www.hoogstra-autosport.nl\/teamkoen\/wp-content\/uploads\/2023\/01\/mag-rally.png\",\"contentUrl\":\"https:\/\/www.hoogstra-autosport.nl\/teamkoen\/wp-content\/uploads\/2023\/01\/mag-rally.png\",\"width\":986,\"height\":986},{\"@type\":\"BreadcrumbList\",\"@id\":\"https:\/\/www.hoogstra-autosport.nl\/product\/bell-helm-mag-rally\/#breadcrumb\",\"itemListElement\":[{\"@type\":\"ListItem\",\"position\":1,\"name\":\"Home\",\"item\":\"https:\/\/www.hoogstra-autosport.nl\/\"},{\"@type\":\"ListItem\",\"position\":2,\"name\":\"Uitrusting\",\"item\":\"https:\/\/www.hoogstra-autosport.nl\/product-categorie\/autosport-kleding-helmen\/\"},{\"@type\":\"ListItem\",\"position\":3,\"name\":\"Helmen\",\"item\":\"https:\/\/www.hoogstra-autosport.nl\/product-categorie\/autosport-kleding-helmen\/helmen\/\"},{\"@type\":\"ListItem\",\"position\":4,\"name\":\"FIA Open Face Helmen\",\"item\":\"https:\/\/www.hoogstra-autosport.nl\/product-categorie\/autosport-kleding-helmen\/helmen\/helmen-open-face-fia-integraal\/\"},{\"@type\":\"ListItem\",\"position\":5,\"name\":\"Bell Open face FIA\",\"item\":\"https:\/\/www.hoogstra-autosport.nl\/product-categorie\/autosport-kleding-helmen\/helmen\/helmen-open-face-fia-integraal\/bell-open-face-fia\/\"},{\"@type\":\"ListItem\",\"position\":6,\"name\":\"BELL HELM MAG RALLY\"}]},{\"@type\":\"WebSite\",\"@id\":\"https:\/\/www.hoogstra-autosport.nl\/#website\",\"url\":\"https:\/\/www.hoogstra-autosport.nl\/\",\"name\":\"Hoogstra Autosport\",\"description\":\"Performance Autosport Parts!\",\"potentialAction\":[{\"@type\":\"SearchAction\",\"target\":{\"@type\":\"EntryPoint\",\"urlTemplate\":\"https:\/\/www.hoogstra-autosport.nl\/?s={search_term_string}\"},\"query-input\":{\"@type\":\"PropertyValueSpecification\",\"valueRequired\":true,\"valueName\":\"search_term_string\"}}],\"inLanguage\":\"fr-FR\"}]}<\/script>\n<!-- \/ Yoast SEO plugin. -->","yoast_head_json":{"title":"BELL HELM MAG RALLY - Hoogstra Autosport","robots":{"index":"index","follow":"follow","max-snippet":"max-snippet:-1","max-image-preview":"max-image-preview:large","max-video-preview":"max-video-preview:-1"},"canonical":"https:\/\/www.hoogstra-autosport.nl\/fr\/produit\/bell-helm-mag-rally\/","og_locale":"fr_FR","og_type":"article","og_title":"BELL HELM MAG RALLY - Hoogstra Autosport","og_description":"De gloednieuwe BELL MAG RALLY is een instapmodel jethelm in een modern design. Bell-helmen\u2019 \u201cSerieuze hoofdbescherming\u201d verbonden met ZeroNoise\u00ae hoogwaardig en krachtig communicatiesysteem tegen een zeer betaalbare prijs, nog nooit eerder gezien! Met een schaal van glasvezel, een verstelbare klep met anti-reflectie zonnescherm en een fantastisch communicatiesysteem, is de MAG RALLY de perfecte helm voor [&hellip;]","og_url":"https:\/\/www.hoogstra-autosport.nl\/fr\/produit\/bell-helm-mag-rally\/","og_site_name":"Hoogstra Autosport","article_modified_time":"2025-11-13T08:35:13+00:00","og_image":[{"width":986,"height":986,"url":"https:\/\/www.hoogstra-autosport.nl\/teamkoen\/wp-content\/uploads\/2023\/01\/mag-rally.png","type":"image\/png"}],"twitter_card":"summary_large_image","twitter_misc":{"Dur\u00e9e de lecture estim\u00e9e":"1 minute"},"schema":{"@context":"https:\/\/schema.org","@graph":[{"@type":"WebPage","@id":"https:\/\/www.hoogstra-autosport.nl\/product\/bell-helm-mag-rally\/","url":"https:\/\/www.hoogstra-autosport.nl\/product\/bell-helm-mag-rally\/","name":"BELL HELM MAG RALLY - Hoogstra Autosport","isPartOf":{"@id":"https:\/\/www.hoogstra-autosport.nl\/#website"},"primaryImageOfPage":{"@id":"https:\/\/www.hoogstra-autosport.nl\/product\/bell-helm-mag-rally\/#primaryimage"},"image":{"@id":"https:\/\/www.hoogstra-autosport.nl\/product\/bell-helm-mag-rally\/#primaryimage"},"thumbnailUrl":"https:\/\/www.hoogstra-autosport.nl\/teamkoen\/wp-content\/uploads\/2023\/01\/mag-rally.png","datePublished":"2023-01-03T09:39:59+00:00","dateModified":"2025-11-13T08:35:13+00:00","breadcrumb":{"@id":"https:\/\/www.hoogstra-autosport.nl\/product\/bell-helm-mag-rally\/#breadcrumb"},"inLanguage":"fr-FR","potentialAction":[{"@type":"ReadAction","target":["https:\/\/www.hoogstra-autosport.nl\/product\/bell-helm-mag-rally\/"]}]},{"@type":"ImageObject","inLanguage":"fr-FR","@id":"https:\/\/www.hoogstra-autosport.nl\/product\/bell-helm-mag-rally\/#primaryimage","url":"https:\/\/www.hoogstra-autosport.nl\/teamkoen\/wp-content\/uploads\/2023\/01\/mag-rally.png","contentUrl":"https:\/\/www.hoogstra-autosport.nl\/teamkoen\/wp-content\/uploads\/2023\/01\/mag-rally.png","width":986,"height":986},{"@type":"BreadcrumbList","@id":"https:\/\/www.hoogstra-autosport.nl\/product\/bell-helm-mag-rally\/#breadcrumb","itemListElement":[{"@type":"ListItem","position":1,"name":"Home","item":"https:\/\/www.hoogstra-autosport.nl\/"},{"@type":"ListItem","position":2,"name":"Uitrusting","item":"https:\/\/www.hoogstra-autosport.nl\/product-categorie\/autosport-kleding-helmen\/"},{"@type":"ListItem","position":3,"name":"Helmen","item":"https:\/\/www.hoogstra-autosport.nl\/product-categorie\/autosport-kleding-helmen\/helmen\/"},{"@type":"ListItem","position":4,"name":"FIA Open Face Helmen","item":"https:\/\/www.hoogstra-autosport.nl\/product-categorie\/autosport-kleding-helmen\/helmen\/helmen-open-face-fia-integraal\/"},{"@type":"ListItem","position":5,"name":"Bell Open face FIA","item":"https:\/\/www.hoogstra-autosport.nl\/product-categorie\/autosport-kleding-helmen\/helmen\/helmen-open-face-fia-integraal\/bell-open-face-fia\/"},{"@type":"ListItem","position":6,"name":"BELL HELM MAG RALLY"}]},{"@type":"WebSite","@id":"https:\/\/www.hoogstra-autosport.nl\/#website","url":"https:\/\/www.hoogstra-autosport.nl\/","name":"Hoogstra Autosport","description":"Performance Autosport Parts!","potentialAction":[{"@type":"SearchAction","target":{"@type":"EntryPoint","urlTemplate":"https:\/\/www.hoogstra-autosport.nl\/?s={search_term_string}"},"query-input":{"@type":"PropertyValueSpecification","valueRequired":true,"valueName":"search_term_string"}}],"inLanguage":"fr-FR"}]}},"tiered_pricing_type":"fixed","tiered_pricing_fixed_rules":[],"tiered_pricing_product_settings":{"layout":"default","base_unit_name":{"singular":null,"plural":null},"default_variation":null},"tiered_pricing_minimum_quantity":null,"tiered_pricing_roles_data":[],"tiered_pricing_percentage_rules":[],"tiered_pricing_maximum_quantity":null,"tiered_pricing_quantity_step":null,"_links":{"self":[{"href":"https:\/\/www.hoogstra-autosport.nl\/fr\/wp-json\/wp\/v2\/product\/51745","targetHints":{"allow":["GET"]}}],"collection":[{"href":"https:\/\/www.hoogstra-autosport.nl\/fr\/wp-json\/wp\/v2\/product"}],"about":[{"href":"https:\/\/www.hoogstra-autosport.nl\/fr\/wp-json\/wp\/v2\/types\/product"}],"wp:featuredmedia":[{"embeddable":true,"href":"https:\/\/www.hoogstra-autosport.nl\/fr\/wp-json\/wp\/v2\/media\/52140"}],"wp:attachment":[{"href":"https:\/\/www.hoogstra-autosport.nl\/fr\/wp-json\/wp\/v2\/media?parent=51745"}],"wp:term":[{"taxonomy":"product_brand","embeddable":true,"href":"https:\/\/www.hoogstra-autosport.nl\/fr\/wp-json\/wp\/v2\/product_brand?post=51745"},{"taxonomy":"product_cat","embeddable":true,"href":"https:\/\/www.hoogstra-autosport.nl\/fr\/wp-json\/wp\/v2\/product_cat?post=51745"},{"taxonomy":"product_tag","embeddable":true,"href":"https:\/\/www.hoogstra-autosport.nl\/fr\/wp-json\/wp\/v2\/product_tag?post=51745"}],"curies":[{"name":"wp","href":"https:\/\/api.w.org\/{rel}","templated":true}]}}