{"id":51666,"date":"2022-12-30T16:07:19","date_gmt":"2022-12-30T15:07:19","guid":{"rendered":"https:\/\/www.hoogstra-autosport.nl\/?post_type=product&#038;p=51666"},"modified":"2026-01-29T15:50:04","modified_gmt":"2026-01-29T14:50:04","slug":"bell-helm-mag-10-sport-rally","status":"publish","type":"product","link":"https:\/\/www.hoogstra-autosport.nl\/fr\/produit\/bell-helm-mag-10-sport-rally\/","title":{"rendered":"BELL Helm MAG-10 SPORT"},"content":{"rendered":"<p>Le MAG-10 RALLY SPORT est un casque jet conventionnel au design \u00e9pur\u00e9 qui offre d'excellentes performances tout en restant abordable. Avec une coque en composite carbone-verre, une visi\u00e8re r\u00e9glable combin\u00e9e \u00e0 notre nouveau pare-soleil r\u00e9glable et int\u00e9gr\u00e9, une excellente isolation phonique et l'\u00e9lectronique ZeroNoise\u00ae, des haut-parleurs puissants et un microphone antibruit, le MAG-10 RALLY SPORT est le casque parfait pour les pilotes de rallye et les co-pilotes qui recherchent un visage ouvert plus traditionnel.<\/p>\n<p>Avec visi\u00e8re<\/p>\n<p>avec ou sans clips<\/p>\n<p>Couleur BLANC<\/p>\n<p>Conforme \u00e0 la norme Snell SA 2015<\/p>\n<p>Tailles 55 \u00e0 61+<\/p>","protected":false},"excerpt":{"rendered":"<p>MAG-10 RALLY SPORT is een conventionele jethelm met een strak design die geweldige prestaties levert en toch betaalbaar is. Met een schaal van koolstof-glascomposiet, een verstelbare klep gecombineerd met ons nieuwe verstelbare en ge\u00efntegreerde zonnescherm, uitstekende geluidsisolatie en ZeroNoise\u00ae elektronica, krachtige luidsprekers en ruisonderdrukkende microfoon, MAG-10 RALLY SPORT is de perfecte helm voor rallyrijders en [&hellip;]<\/p>\n","protected":false},"featured_media":52146,"template":"","meta":{"_acf_changed":false},"product_brand":[],"product_cat":[3974],"product_tag":[],"class_list":{"0":"post-51666","1":"product","2":"type-product","3":"status-publish","4":"has-post-thumbnail","6":"product_cat-bell-open-face-fia","7":"product_shipping_class-4016","9":"first","10":"instock","11":"taxable","12":"shipping-taxable","13":"purchasable","14":"product-type-variable"},"acf":[],"yoast_head":"<!-- This site is optimized with the Yoast SEO plugin v27.1.1 - https:\/\/yoast.com\/product\/yoast-seo-wordpress\/ -->\n<title>BELL Helm MAG-10 SPORT - Hoogstra Autosport<\/title>\n<meta name=\"robots\" content=\"index, follow, max-snippet:-1, max-image-preview:large, max-video-preview:-1\" \/>\n<link rel=\"canonical\" href=\"https:\/\/www.hoogstra-autosport.nl\/fr\/produit\/bell-helm-mag-10-sport-rally\/\" \/>\n<meta property=\"og:locale\" content=\"fr_FR\" \/>\n<meta property=\"og:type\" content=\"article\" \/>\n<meta property=\"og:title\" content=\"BELL Helm MAG-10 SPORT - Hoogstra Autosport\" \/>\n<meta property=\"og:description\" content=\"MAG-10 RALLY SPORT is een conventionele jethelm met een strak design die geweldige prestaties levert en toch betaalbaar is. Met een schaal van koolstof-glascomposiet, een verstelbare klep gecombineerd met ons nieuwe verstelbare en ge\u00efntegreerde zonnescherm, uitstekende geluidsisolatie en ZeroNoise\u00ae elektronica, krachtige luidsprekers en ruisonderdrukkende microfoon, MAG-10 RALLY SPORT is de perfecte helm voor rallyrijders en [&hellip;]\" \/>\n<meta property=\"og:url\" content=\"https:\/\/www.hoogstra-autosport.nl\/fr\/produit\/bell-helm-mag-10-sport-rally\/\" \/>\n<meta property=\"og:site_name\" content=\"Hoogstra Autosport\" \/>\n<meta property=\"article:modified_time\" content=\"2026-01-29T14:50:04+00:00\" \/>\n<meta property=\"og:image\" content=\"https:\/\/www.hoogstra-autosport.nl\/teamkoen\/wp-content\/uploads\/2022\/12\/mag.png\" \/>\n\t<meta property=\"og:image:width\" content=\"986\" \/>\n\t<meta property=\"og:image:height\" content=\"986\" \/>\n\t<meta property=\"og:image:type\" content=\"image\/png\" \/>\n<meta name=\"twitter:card\" content=\"summary_large_image\" \/>\n<meta name=\"twitter:label1\" content=\"Dur\u00e9e de lecture estim\u00e9e\" \/>\n\t<meta name=\"twitter:data1\" content=\"1 minute\" \/>\n<script type=\"application\/ld+json\" class=\"yoast-schema-graph\">{\"@context\":\"https:\/\/schema.org\",\"@graph\":[{\"@type\":\"WebPage\",\"@id\":\"https:\/\/www.hoogstra-autosport.nl\/product\/bell-helm-mag-10-sport-rally\/\",\"url\":\"https:\/\/www.hoogstra-autosport.nl\/product\/bell-helm-mag-10-sport-rally\/\",\"name\":\"BELL Helm MAG-10 SPORT - Hoogstra Autosport\",\"isPartOf\":{\"@id\":\"https:\/\/www.hoogstra-autosport.nl\/#website\"},\"primaryImageOfPage\":{\"@id\":\"https:\/\/www.hoogstra-autosport.nl\/product\/bell-helm-mag-10-sport-rally\/#primaryimage\"},\"image\":{\"@id\":\"https:\/\/www.hoogstra-autosport.nl\/product\/bell-helm-mag-10-sport-rally\/#primaryimage\"},\"thumbnailUrl\":\"https:\/\/www.hoogstra-autosport.nl\/teamkoen\/wp-content\/uploads\/2022\/12\/mag.png\",\"datePublished\":\"2022-12-30T15:07:19+00:00\",\"dateModified\":\"2026-01-29T14:50:04+00:00\",\"breadcrumb\":{\"@id\":\"https:\/\/www.hoogstra-autosport.nl\/product\/bell-helm-mag-10-sport-rally\/#breadcrumb\"},\"inLanguage\":\"fr-FR\",\"potentialAction\":[{\"@type\":\"ReadAction\",\"target\":[\"https:\/\/www.hoogstra-autosport.nl\/product\/bell-helm-mag-10-sport-rally\/\"]}]},{\"@type\":\"ImageObject\",\"inLanguage\":\"fr-FR\",\"@id\":\"https:\/\/www.hoogstra-autosport.nl\/product\/bell-helm-mag-10-sport-rally\/#primaryimage\",\"url\":\"https:\/\/www.hoogstra-autosport.nl\/teamkoen\/wp-content\/uploads\/2022\/12\/mag.png\",\"contentUrl\":\"https:\/\/www.hoogstra-autosport.nl\/teamkoen\/wp-content\/uploads\/2022\/12\/mag.png\",\"width\":986,\"height\":986},{\"@type\":\"BreadcrumbList\",\"@id\":\"https:\/\/www.hoogstra-autosport.nl\/product\/bell-helm-mag-10-sport-rally\/#breadcrumb\",\"itemListElement\":[{\"@type\":\"ListItem\",\"position\":1,\"name\":\"Home\",\"item\":\"https:\/\/www.hoogstra-autosport.nl\/\"},{\"@type\":\"ListItem\",\"position\":2,\"name\":\"Uitrusting\",\"item\":\"https:\/\/www.hoogstra-autosport.nl\/product-categorie\/autosport-kleding-helmen\/\"},{\"@type\":\"ListItem\",\"position\":3,\"name\":\"Helmen\",\"item\":\"https:\/\/www.hoogstra-autosport.nl\/product-categorie\/autosport-kleding-helmen\/helmen\/\"},{\"@type\":\"ListItem\",\"position\":4,\"name\":\"FIA Open Face Helmen\",\"item\":\"https:\/\/www.hoogstra-autosport.nl\/product-categorie\/autosport-kleding-helmen\/helmen\/helmen-open-face-fia-integraal\/\"},{\"@type\":\"ListItem\",\"position\":5,\"name\":\"Bell Open face FIA\",\"item\":\"https:\/\/www.hoogstra-autosport.nl\/product-categorie\/autosport-kleding-helmen\/helmen\/helmen-open-face-fia-integraal\/bell-open-face-fia\/\"},{\"@type\":\"ListItem\",\"position\":6,\"name\":\"BELL Helm MAG-10 SPORT\"}]},{\"@type\":\"WebSite\",\"@id\":\"https:\/\/www.hoogstra-autosport.nl\/#website\",\"url\":\"https:\/\/www.hoogstra-autosport.nl\/\",\"name\":\"Hoogstra Autosport\",\"description\":\"Performance Autosport Parts!\",\"potentialAction\":[{\"@type\":\"SearchAction\",\"target\":{\"@type\":\"EntryPoint\",\"urlTemplate\":\"https:\/\/www.hoogstra-autosport.nl\/?s={search_term_string}\"},\"query-input\":{\"@type\":\"PropertyValueSpecification\",\"valueRequired\":true,\"valueName\":\"search_term_string\"}}],\"inLanguage\":\"fr-FR\"}]}<\/script>\n<!-- \/ Yoast SEO plugin. -->","yoast_head_json":{"title":"BELL Helm MAG-10 SPORT - Hoogstra Autosport","robots":{"index":"index","follow":"follow","max-snippet":"max-snippet:-1","max-image-preview":"max-image-preview:large","max-video-preview":"max-video-preview:-1"},"canonical":"https:\/\/www.hoogstra-autosport.nl\/fr\/produit\/bell-helm-mag-10-sport-rally\/","og_locale":"fr_FR","og_type":"article","og_title":"BELL Helm MAG-10 SPORT - Hoogstra Autosport","og_description":"MAG-10 RALLY SPORT is een conventionele jethelm met een strak design die geweldige prestaties levert en toch betaalbaar is. Met een schaal van koolstof-glascomposiet, een verstelbare klep gecombineerd met ons nieuwe verstelbare en ge\u00efntegreerde zonnescherm, uitstekende geluidsisolatie en ZeroNoise\u00ae elektronica, krachtige luidsprekers en ruisonderdrukkende microfoon, MAG-10 RALLY SPORT is de perfecte helm voor rallyrijders en [&hellip;]","og_url":"https:\/\/www.hoogstra-autosport.nl\/fr\/produit\/bell-helm-mag-10-sport-rally\/","og_site_name":"Hoogstra Autosport","article_modified_time":"2026-01-29T14:50:04+00:00","og_image":[{"width":986,"height":986,"url":"https:\/\/www.hoogstra-autosport.nl\/teamkoen\/wp-content\/uploads\/2022\/12\/mag.png","type":"image\/png"}],"twitter_card":"summary_large_image","twitter_misc":{"Dur\u00e9e de lecture estim\u00e9e":"1 minute"},"schema":{"@context":"https:\/\/schema.org","@graph":[{"@type":"WebPage","@id":"https:\/\/www.hoogstra-autosport.nl\/product\/bell-helm-mag-10-sport-rally\/","url":"https:\/\/www.hoogstra-autosport.nl\/product\/bell-helm-mag-10-sport-rally\/","name":"BELL Helm MAG-10 SPORT - Hoogstra Autosport","isPartOf":{"@id":"https:\/\/www.hoogstra-autosport.nl\/#website"},"primaryImageOfPage":{"@id":"https:\/\/www.hoogstra-autosport.nl\/product\/bell-helm-mag-10-sport-rally\/#primaryimage"},"image":{"@id":"https:\/\/www.hoogstra-autosport.nl\/product\/bell-helm-mag-10-sport-rally\/#primaryimage"},"thumbnailUrl":"https:\/\/www.hoogstra-autosport.nl\/teamkoen\/wp-content\/uploads\/2022\/12\/mag.png","datePublished":"2022-12-30T15:07:19+00:00","dateModified":"2026-01-29T14:50:04+00:00","breadcrumb":{"@id":"https:\/\/www.hoogstra-autosport.nl\/product\/bell-helm-mag-10-sport-rally\/#breadcrumb"},"inLanguage":"fr-FR","potentialAction":[{"@type":"ReadAction","target":["https:\/\/www.hoogstra-autosport.nl\/product\/bell-helm-mag-10-sport-rally\/"]}]},{"@type":"ImageObject","inLanguage":"fr-FR","@id":"https:\/\/www.hoogstra-autosport.nl\/product\/bell-helm-mag-10-sport-rally\/#primaryimage","url":"https:\/\/www.hoogstra-autosport.nl\/teamkoen\/wp-content\/uploads\/2022\/12\/mag.png","contentUrl":"https:\/\/www.hoogstra-autosport.nl\/teamkoen\/wp-content\/uploads\/2022\/12\/mag.png","width":986,"height":986},{"@type":"BreadcrumbList","@id":"https:\/\/www.hoogstra-autosport.nl\/product\/bell-helm-mag-10-sport-rally\/#breadcrumb","itemListElement":[{"@type":"ListItem","position":1,"name":"Home","item":"https:\/\/www.hoogstra-autosport.nl\/"},{"@type":"ListItem","position":2,"name":"Uitrusting","item":"https:\/\/www.hoogstra-autosport.nl\/product-categorie\/autosport-kleding-helmen\/"},{"@type":"ListItem","position":3,"name":"Helmen","item":"https:\/\/www.hoogstra-autosport.nl\/product-categorie\/autosport-kleding-helmen\/helmen\/"},{"@type":"ListItem","position":4,"name":"FIA Open Face Helmen","item":"https:\/\/www.hoogstra-autosport.nl\/product-categorie\/autosport-kleding-helmen\/helmen\/helmen-open-face-fia-integraal\/"},{"@type":"ListItem","position":5,"name":"Bell Open face FIA","item":"https:\/\/www.hoogstra-autosport.nl\/product-categorie\/autosport-kleding-helmen\/helmen\/helmen-open-face-fia-integraal\/bell-open-face-fia\/"},{"@type":"ListItem","position":6,"name":"BELL Helm MAG-10 SPORT"}]},{"@type":"WebSite","@id":"https:\/\/www.hoogstra-autosport.nl\/#website","url":"https:\/\/www.hoogstra-autosport.nl\/","name":"Hoogstra Autosport","description":"Performance Autosport Parts!","potentialAction":[{"@type":"SearchAction","target":{"@type":"EntryPoint","urlTemplate":"https:\/\/www.hoogstra-autosport.nl\/?s={search_term_string}"},"query-input":{"@type":"PropertyValueSpecification","valueRequired":true,"valueName":"search_term_string"}}],"inLanguage":"fr-FR"}]}},"tiered_pricing_type":"fixed","tiered_pricing_fixed_rules":[],"tiered_pricing_product_settings":{"layout":"default","base_unit_name":{"singular":null,"plural":null},"default_variation":null},"tiered_pricing_minimum_quantity":null,"tiered_pricing_roles_data":[],"tiered_pricing_percentage_rules":[],"tiered_pricing_maximum_quantity":null,"tiered_pricing_quantity_step":null,"_links":{"self":[{"href":"https:\/\/www.hoogstra-autosport.nl\/fr\/wp-json\/wp\/v2\/product\/51666","targetHints":{"allow":["GET"]}}],"collection":[{"href":"https:\/\/www.hoogstra-autosport.nl\/fr\/wp-json\/wp\/v2\/product"}],"about":[{"href":"https:\/\/www.hoogstra-autosport.nl\/fr\/wp-json\/wp\/v2\/types\/product"}],"wp:featuredmedia":[{"embeddable":true,"href":"https:\/\/www.hoogstra-autosport.nl\/fr\/wp-json\/wp\/v2\/media\/52146"}],"wp:attachment":[{"href":"https:\/\/www.hoogstra-autosport.nl\/fr\/wp-json\/wp\/v2\/media?parent=51666"}],"wp:term":[{"taxonomy":"product_brand","embeddable":true,"href":"https:\/\/www.hoogstra-autosport.nl\/fr\/wp-json\/wp\/v2\/product_brand?post=51666"},{"taxonomy":"product_cat","embeddable":true,"href":"https:\/\/www.hoogstra-autosport.nl\/fr\/wp-json\/wp\/v2\/product_cat?post=51666"},{"taxonomy":"product_tag","embeddable":true,"href":"https:\/\/www.hoogstra-autosport.nl\/fr\/wp-json\/wp\/v2\/product_tag?post=51666"}],"curies":[{"name":"wp","href":"https:\/\/api.w.org\/{rel}","templated":true}]}}