{"id":51543,"date":"2022-12-27T10:19:39","date_gmt":"2022-12-27T09:19:39","guid":{"rendered":"https:\/\/www.hoogstra-autosport.nl\/?post_type=product&#038;p=51543"},"modified":"2026-04-14T10:19:29","modified_gmt":"2026-04-14T08:19:29","slug":"maxxis-ceros-26-9-15","status":"publish","type":"product","link":"https:\/\/www.hoogstra-autosport.nl\/fr\/produit\/maxxis-ceros-26-9-15\/","title":{"rendered":"Maxxis Ceros 26-9-15"},"content":{"rendered":"<p>Pneu adapt\u00e9 aux pistes en terre battue.<br \/>\nLe pneu fonctionne au mieux avec une jante \u00e9quip\u00e9e d'un syst\u00e8me de blocage.<br \/>\nCela vous permet de rouler avec une pression de pneu basse, ce qui permet \u00e0 la carcasse flexible de mieux faire son travail.<\/p>\n<p>La circonf\u00e9rence du pneu est d'environ 210 cm, en fonction de la pression du pneu.<\/p>","protected":false},"excerpt":{"rendered":"<p>Pneu adapt\u00e9 aux pistes en terre battue.<br \/>\nLe pneu fonctionne au mieux avec une jante \u00e9quip\u00e9e d'un syst\u00e8me de blocage.<br \/>\nCela vous permet de rouler avec une pression de pneu basse, ce qui permet \u00e0 la carcasse flexible de mieux faire son travail.<\/p>\n<p>La circonf\u00e9rence du pneu est d'environ 220 cm, en fonction de la pression du pneu.<\/p>","protected":false},"featured_media":45440,"template":"","meta":{"_acf_changed":false},"product_brand":[],"product_cat":[2908],"product_tag":[],"class_list":{"0":"post-51543","1":"product","2":"type-product","3":"status-publish","4":"has-post-thumbnail","6":"product_cat-quad-banden-15-inch","7":"product_shipping_class-4016","9":"first","10":"instock","11":"sale","12":"taxable","13":"shipping-taxable","14":"purchasable","15":"product-type-simple"},"acf":[],"yoast_head":"<!-- This site is optimized with the Yoast SEO plugin v27.5 - https:\/\/yoast.com\/product\/yoast-seo-wordpress\/ -->\n<title>Maxxis Ceros 26-9-15 - Hoogstra Autosport<\/title>\n<meta name=\"robots\" content=\"index, follow, max-snippet:-1, max-image-preview:large, max-video-preview:-1\" \/>\n<link rel=\"canonical\" href=\"https:\/\/www.hoogstra-autosport.nl\/fr\/produit\/maxxis-ceros-26-9-15\/\" \/>\n<meta property=\"og:locale\" content=\"fr_FR\" \/>\n<meta property=\"og:type\" content=\"article\" \/>\n<meta property=\"og:title\" content=\"Maxxis Ceros 26-9-15 - Hoogstra Autosport\" \/>\n<meta property=\"og:description\" content=\"Band geschikt voor kleibanen. De band komt het meest tot zijn recht in samenwerking met een velg voorzien van een beat lock systeem. Hiermee kun je een lage bandenspanning rijden waardoor het flexibele karkas meer zijn werk kan doen.  Bandomtrek ongeveer 220cm, dit hangt af van de bandenspanning.\" \/>\n<meta property=\"og:url\" content=\"https:\/\/www.hoogstra-autosport.nl\/fr\/produit\/maxxis-ceros-26-9-15\/\" \/>\n<meta property=\"og:site_name\" content=\"Hoogstra Autosport\" \/>\n<meta property=\"article:modified_time\" content=\"2026-04-14T08:19:29+00:00\" \/>\n<meta property=\"og:image\" content=\"https:\/\/www.hoogstra-autosport.nl\/teamkoen\/wp-content\/uploads\/2022\/03\/Maxxis_Ceros.jpg\" \/>\n\t<meta property=\"og:image:width\" content=\"258\" \/>\n\t<meta property=\"og:image:height\" content=\"297\" \/>\n\t<meta property=\"og:image:type\" content=\"image\/jpeg\" \/>\n<meta name=\"twitter:card\" content=\"summary_large_image\" \/>\n<meta name=\"twitter:label1\" content=\"Dur\u00e9e de lecture estim\u00e9e\" \/>\n\t<meta name=\"twitter:data1\" content=\"1 minute\" \/>\n<script type=\"application\/ld+json\" class=\"yoast-schema-graph\">{\"@context\":\"https:\\\/\\\/schema.org\",\"@graph\":[{\"@type\":\"WebPage\",\"@id\":\"https:\\\/\\\/www.hoogstra-autosport.nl\\\/product\\\/maxxis-ceros-26-9-15\\\/\",\"url\":\"https:\\\/\\\/www.hoogstra-autosport.nl\\\/product\\\/maxxis-ceros-26-9-15\\\/\",\"name\":\"Maxxis Ceros 26-9-15 - Hoogstra Autosport\",\"isPartOf\":{\"@id\":\"https:\\\/\\\/www.hoogstra-autosport.nl\\\/#website\"},\"primaryImageOfPage\":{\"@id\":\"https:\\\/\\\/www.hoogstra-autosport.nl\\\/product\\\/maxxis-ceros-26-9-15\\\/#primaryimage\"},\"image\":{\"@id\":\"https:\\\/\\\/www.hoogstra-autosport.nl\\\/product\\\/maxxis-ceros-26-9-15\\\/#primaryimage\"},\"thumbnailUrl\":\"https:\\\/\\\/www.hoogstra-autosport.nl\\\/teamkoen\\\/wp-content\\\/uploads\\\/2022\\\/03\\\/Maxxis_Ceros.jpg\",\"datePublished\":\"2022-12-27T09:19:39+00:00\",\"dateModified\":\"2026-04-14T08:19:29+00:00\",\"breadcrumb\":{\"@id\":\"https:\\\/\\\/www.hoogstra-autosport.nl\\\/product\\\/maxxis-ceros-26-9-15\\\/#breadcrumb\"},\"inLanguage\":\"fr-FR\",\"potentialAction\":[{\"@type\":\"ReadAction\",\"target\":[\"https:\\\/\\\/www.hoogstra-autosport.nl\\\/product\\\/maxxis-ceros-26-9-15\\\/\"]}]},{\"@type\":\"ImageObject\",\"inLanguage\":\"fr-FR\",\"@id\":\"https:\\\/\\\/www.hoogstra-autosport.nl\\\/product\\\/maxxis-ceros-26-9-15\\\/#primaryimage\",\"url\":\"https:\\\/\\\/www.hoogstra-autosport.nl\\\/teamkoen\\\/wp-content\\\/uploads\\\/2022\\\/03\\\/Maxxis_Ceros.jpg\",\"contentUrl\":\"https:\\\/\\\/www.hoogstra-autosport.nl\\\/teamkoen\\\/wp-content\\\/uploads\\\/2022\\\/03\\\/Maxxis_Ceros.jpg\",\"width\":258,\"height\":297},{\"@type\":\"BreadcrumbList\",\"@id\":\"https:\\\/\\\/www.hoogstra-autosport.nl\\\/product\\\/maxxis-ceros-26-9-15\\\/#breadcrumb\",\"itemListElement\":[{\"@type\":\"ListItem\",\"position\":1,\"name\":\"Home\",\"item\":\"https:\\\/\\\/www.hoogstra-autosport.nl\\\/\"},{\"@type\":\"ListItem\",\"position\":2,\"name\":\"Banden &amp; Velgen\",\"item\":\"https:\\\/\\\/www.hoogstra-autosport.nl\\\/product-categorie\\\/autocrossbanden-en-velgen\\\/\"},{\"@type\":\"ListItem\",\"position\":3,\"name\":\"Autocross Banden\",\"item\":\"https:\\\/\\\/www.hoogstra-autosport.nl\\\/product-categorie\\\/autocrossbanden-en-velgen\\\/autocross-banden\\\/\"},{\"@type\":\"ListItem\",\"position\":4,\"name\":\"Quad Banden Maxxis Duro Kenda Gripper\",\"item\":\"https:\\\/\\\/www.hoogstra-autosport.nl\\\/product-categorie\\\/autocrossbanden-en-velgen\\\/autocross-banden\\\/quad-banden-maxxis-duro-kenda\\\/\"},{\"@type\":\"ListItem\",\"position\":5,\"name\":\"Quad Banden 15 Inch\",\"item\":\"https:\\\/\\\/www.hoogstra-autosport.nl\\\/product-categorie\\\/autocrossbanden-en-velgen\\\/autocross-banden\\\/quad-banden-maxxis-duro-kenda\\\/quad-banden-15-inch\\\/\"},{\"@type\":\"ListItem\",\"position\":6,\"name\":\"Maxxis Ceros 26-9-15\"}]},{\"@type\":\"WebSite\",\"@id\":\"https:\\\/\\\/www.hoogstra-autosport.nl\\\/#website\",\"url\":\"https:\\\/\\\/www.hoogstra-autosport.nl\\\/\",\"name\":\"Hoogstra Autosport\",\"description\":\"Performance Autosport Parts!\",\"potentialAction\":[{\"@type\":\"SearchAction\",\"target\":{\"@type\":\"EntryPoint\",\"urlTemplate\":\"https:\\\/\\\/www.hoogstra-autosport.nl\\\/?s={search_term_string}\"},\"query-input\":{\"@type\":\"PropertyValueSpecification\",\"valueRequired\":true,\"valueName\":\"search_term_string\"}}],\"inLanguage\":\"fr-FR\"}]}<\/script>\n<!-- \/ Yoast SEO plugin. -->","yoast_head_json":{"title":"Maxxis Ceros 26-9-15 - Hoogstra Autosport","robots":{"index":"index","follow":"follow","max-snippet":"max-snippet:-1","max-image-preview":"max-image-preview:large","max-video-preview":"max-video-preview:-1"},"canonical":"https:\/\/www.hoogstra-autosport.nl\/fr\/produit\/maxxis-ceros-26-9-15\/","og_locale":"fr_FR","og_type":"article","og_title":"Maxxis Ceros 26-9-15 - Hoogstra Autosport","og_description":"Band geschikt voor kleibanen. De band komt het meest tot zijn recht in samenwerking met een velg voorzien van een beat lock systeem. Hiermee kun je een lage bandenspanning rijden waardoor het flexibele karkas meer zijn werk kan doen.  Bandomtrek ongeveer 220cm, dit hangt af van de bandenspanning.","og_url":"https:\/\/www.hoogstra-autosport.nl\/fr\/produit\/maxxis-ceros-26-9-15\/","og_site_name":"Hoogstra Autosport","article_modified_time":"2026-04-14T08:19:29+00:00","og_image":[{"width":258,"height":297,"url":"https:\/\/www.hoogstra-autosport.nl\/teamkoen\/wp-content\/uploads\/2022\/03\/Maxxis_Ceros.jpg","type":"image\/jpeg"}],"twitter_card":"summary_large_image","twitter_misc":{"Dur\u00e9e de lecture estim\u00e9e":"1 minute"},"schema":{"@context":"https:\/\/schema.org","@graph":[{"@type":"WebPage","@id":"https:\/\/www.hoogstra-autosport.nl\/product\/maxxis-ceros-26-9-15\/","url":"https:\/\/www.hoogstra-autosport.nl\/product\/maxxis-ceros-26-9-15\/","name":"Maxxis Ceros 26-9-15 - Hoogstra Autosport","isPartOf":{"@id":"https:\/\/www.hoogstra-autosport.nl\/#website"},"primaryImageOfPage":{"@id":"https:\/\/www.hoogstra-autosport.nl\/product\/maxxis-ceros-26-9-15\/#primaryimage"},"image":{"@id":"https:\/\/www.hoogstra-autosport.nl\/product\/maxxis-ceros-26-9-15\/#primaryimage"},"thumbnailUrl":"https:\/\/www.hoogstra-autosport.nl\/teamkoen\/wp-content\/uploads\/2022\/03\/Maxxis_Ceros.jpg","datePublished":"2022-12-27T09:19:39+00:00","dateModified":"2026-04-14T08:19:29+00:00","breadcrumb":{"@id":"https:\/\/www.hoogstra-autosport.nl\/product\/maxxis-ceros-26-9-15\/#breadcrumb"},"inLanguage":"fr-FR","potentialAction":[{"@type":"ReadAction","target":["https:\/\/www.hoogstra-autosport.nl\/product\/maxxis-ceros-26-9-15\/"]}]},{"@type":"ImageObject","inLanguage":"fr-FR","@id":"https:\/\/www.hoogstra-autosport.nl\/product\/maxxis-ceros-26-9-15\/#primaryimage","url":"https:\/\/www.hoogstra-autosport.nl\/teamkoen\/wp-content\/uploads\/2022\/03\/Maxxis_Ceros.jpg","contentUrl":"https:\/\/www.hoogstra-autosport.nl\/teamkoen\/wp-content\/uploads\/2022\/03\/Maxxis_Ceros.jpg","width":258,"height":297},{"@type":"BreadcrumbList","@id":"https:\/\/www.hoogstra-autosport.nl\/product\/maxxis-ceros-26-9-15\/#breadcrumb","itemListElement":[{"@type":"ListItem","position":1,"name":"Home","item":"https:\/\/www.hoogstra-autosport.nl\/"},{"@type":"ListItem","position":2,"name":"Banden &amp; Velgen","item":"https:\/\/www.hoogstra-autosport.nl\/product-categorie\/autocrossbanden-en-velgen\/"},{"@type":"ListItem","position":3,"name":"Autocross Banden","item":"https:\/\/www.hoogstra-autosport.nl\/product-categorie\/autocrossbanden-en-velgen\/autocross-banden\/"},{"@type":"ListItem","position":4,"name":"Quad Banden Maxxis Duro Kenda Gripper","item":"https:\/\/www.hoogstra-autosport.nl\/product-categorie\/autocrossbanden-en-velgen\/autocross-banden\/quad-banden-maxxis-duro-kenda\/"},{"@type":"ListItem","position":5,"name":"Quad Banden 15 Inch","item":"https:\/\/www.hoogstra-autosport.nl\/product-categorie\/autocrossbanden-en-velgen\/autocross-banden\/quad-banden-maxxis-duro-kenda\/quad-banden-15-inch\/"},{"@type":"ListItem","position":6,"name":"Maxxis Ceros 26-9-15"}]},{"@type":"WebSite","@id":"https:\/\/www.hoogstra-autosport.nl\/#website","url":"https:\/\/www.hoogstra-autosport.nl\/","name":"Hoogstra Autosport","description":"Performance Autosport Parts!","potentialAction":[{"@type":"SearchAction","target":{"@type":"EntryPoint","urlTemplate":"https:\/\/www.hoogstra-autosport.nl\/?s={search_term_string}"},"query-input":{"@type":"PropertyValueSpecification","valueRequired":true,"valueName":"search_term_string"}}],"inLanguage":"fr-FR"}]}},"tiered_pricing_type":"fixed","tiered_pricing_fixed_rules":[],"tiered_pricing_product_settings":{"layout":"default","base_unit_name":{"singular":null,"plural":null},"default_variation":null},"tiered_pricing_minimum_quantity":null,"tiered_pricing_roles_data":[],"tiered_pricing_percentage_rules":[],"tiered_pricing_maximum_quantity":null,"tiered_pricing_quantity_step":null,"_links":{"self":[{"href":"https:\/\/www.hoogstra-autosport.nl\/fr\/wp-json\/wp\/v2\/product\/51543","targetHints":{"allow":["GET"]}}],"collection":[{"href":"https:\/\/www.hoogstra-autosport.nl\/fr\/wp-json\/wp\/v2\/product"}],"about":[{"href":"https:\/\/www.hoogstra-autosport.nl\/fr\/wp-json\/wp\/v2\/types\/product"}],"wp:featuredmedia":[{"embeddable":true,"href":"https:\/\/www.hoogstra-autosport.nl\/fr\/wp-json\/wp\/v2\/media\/45440"}],"wp:attachment":[{"href":"https:\/\/www.hoogstra-autosport.nl\/fr\/wp-json\/wp\/v2\/media?parent=51543"}],"wp:term":[{"taxonomy":"product_brand","embeddable":true,"href":"https:\/\/www.hoogstra-autosport.nl\/fr\/wp-json\/wp\/v2\/product_brand?post=51543"},{"taxonomy":"product_cat","embeddable":true,"href":"https:\/\/www.hoogstra-autosport.nl\/fr\/wp-json\/wp\/v2\/product_cat?post=51543"},{"taxonomy":"product_tag","embeddable":true,"href":"https:\/\/www.hoogstra-autosport.nl\/fr\/wp-json\/wp\/v2\/product_tag?post=51543"}],"curies":[{"name":"wp","href":"https:\/\/api.w.org\/{rel}","templated":true}]}}