{"id":50855,"date":"2022-11-21T15:06:35","date_gmt":"2022-11-21T14:06:35","guid":{"rendered":"https:\/\/www.hoogstra-autosport.nl\/?post_type=product&#038;p=50855"},"modified":"2025-01-15T10:44:05","modified_gmt":"2025-01-15T09:44:05","slug":"zeronoise-brave-intercom","status":"publish","type":"product","link":"https:\/\/www.hoogstra-autosport.nl\/fr\/produit\/zeronoise-brave-intercom\/","title":{"rendered":"ZeroNoise Brave Intercom"},"content":{"rendered":"<p>L'amplificateur d'interphone Brave de ZeroNoise est un amplificateur analogique qui offre un rapport qualit\u00e9-prix exceptionnel. Cette derni\u00e8re version est dot\u00e9e d'une \u00e9lectronique am\u00e9lior\u00e9e et d'un double contr\u00f4le du volume pour des performances encore meilleures. L'amplificateur dispose d'un filtrage avanc\u00e9 du bruit et produit un son propre et puissant. Il est prot\u00e9g\u00e9 par un couvercle en silicone anti-chocs et anti-vibrations et est livr\u00e9 avec un support de montage, ce qui permet de l'installer sur le tableau de bord ou sur l'arceau.<\/p>\n<p>Amplification efficace pour une longue dur\u00e9e de vie de la batterie<br \/>\nPas de \"pop\" lors de la connexion ou de la d\u00e9connexion des casques d'\u00e9coute de l'amplificateur<br \/>\nDeux commandes de volume pour un \u00e9quilibre parfait entre le conducteur et le copilote<br \/>\nBatterie interne de 9 V et c\u00e2ble d'alimentation de 12 V \u00e0 connecter au v\u00e9hicule<\/p>\n<p>Lumi\u00e8re LED marche\/arr\u00eat<br \/>\nLa sortie audio permet de connecter une cam\u00e9ra externe<br \/>\nD\u00e9velopp\u00e9 en collaboration avec les casques de course Bell, l'amplificateur ZeroNoise Brave est disponible avec un choix de connecteurs Nexus m\u00e2les ou femelles, ce qui permet de l'utiliser avec une large gamme de casques ou de kits d'\u00e9couteurs.<\/p>\n<p>Version du connecteur m\u00e2le :<\/p>\n<p>Compatible avec tous les casques intercom Bell ainsi que les casques intercom Stilo (WRC) et les casques avec connecteurs Nexus femelles.<\/p>\n<p>Version femelle enfichable :<\/p>\n<p>Compatible avec les casques et \u00e9couteurs intercom Sparco ainsi qu'avec les casques et \u00e9couteurs Peltor \u00e9quip\u00e9s de connecteurs m\u00e2les Nexus.<\/p>\n<p>&nbsp;<\/p>\n<p>&nbsp;<\/p>","protected":false},"excerpt":{"rendered":"<p>De ZeroNoise Brave Intercom Amplifier is een analoge versterker die een uitzonderlijke prijs-kwaliteitverhouding biedt. Deze nieuwste versie is voorzien van verbeterde elektronica en dubbele volumeregeling voor nog betere prestaties. De versterker beschikt over geavanceerde ruisfiltering en produceert een schoon en krachtig geluid. Het wordt beschermd door de anti-shock, anti-vibratie siliconen cover en wordt compleet geleverd [&hellip;]<\/p>\n","protected":false},"featured_media":50863,"template":"","meta":{"_acf_changed":false},"product_brand":[],"product_cat":[4253],"product_tag":[],"class_list":{"0":"post-50855","1":"product","2":"type-product","3":"status-publish","4":"has-post-thumbnail","6":"product_cat-intercom-systemen","7":"product_shipping_class-4016","9":"first","10":"instock","11":"taxable","12":"shipping-taxable","13":"purchasable","14":"product-type-variable"},"acf":[],"yoast_head":"<!-- This site is optimized with the Yoast SEO plugin v27.1.1 - https:\/\/yoast.com\/product\/yoast-seo-wordpress\/ -->\n<title>ZeroNoise Brave Intercom - Hoogstra Autosport<\/title>\n<meta name=\"robots\" content=\"index, follow, max-snippet:-1, max-image-preview:large, max-video-preview:-1\" \/>\n<link rel=\"canonical\" href=\"https:\/\/www.hoogstra-autosport.nl\/fr\/produit\/zeronoise-brave-intercom\/\" \/>\n<meta property=\"og:locale\" content=\"fr_FR\" \/>\n<meta property=\"og:type\" content=\"article\" \/>\n<meta property=\"og:title\" content=\"ZeroNoise Brave Intercom - Hoogstra Autosport\" \/>\n<meta property=\"og:description\" content=\"De ZeroNoise Brave Intercom Amplifier is een analoge versterker die een uitzonderlijke prijs-kwaliteitverhouding biedt. Deze nieuwste versie is voorzien van verbeterde elektronica en dubbele volumeregeling voor nog betere prestaties. De versterker beschikt over geavanceerde ruisfiltering en produceert een schoon en krachtig geluid. Het wordt beschermd door de anti-shock, anti-vibratie siliconen cover en wordt compleet geleverd [&hellip;]\" \/>\n<meta property=\"og:url\" content=\"https:\/\/www.hoogstra-autosport.nl\/fr\/produit\/zeronoise-brave-intercom\/\" \/>\n<meta property=\"og:site_name\" content=\"Hoogstra Autosport\" \/>\n<meta property=\"article:modified_time\" content=\"2025-01-15T09:44:05+00:00\" \/>\n<meta property=\"og:image\" content=\"https:\/\/www.hoogstra-autosport.nl\/teamkoen\/content\/uploads\/2022\/11\/znbravergb-409e_1_1.jpg\" \/>\n\t<meta property=\"og:image:width\" content=\"300\" \/>\n\t<meta property=\"og:image:height\" content=\"300\" \/>\n\t<meta property=\"og:image:type\" content=\"image\/jpeg\" \/>\n<meta name=\"twitter:card\" content=\"summary_large_image\" \/>\n<meta name=\"twitter:label1\" content=\"Dur\u00e9e de lecture estim\u00e9e\" \/>\n\t<meta name=\"twitter:data1\" content=\"1 minute\" \/>\n<script type=\"application\/ld+json\" class=\"yoast-schema-graph\">{\"@context\":\"https:\/\/schema.org\",\"@graph\":[{\"@type\":\"WebPage\",\"@id\":\"https:\/\/www.hoogstra-autosport.nl\/product\/zeronoise-brave-intercom\/\",\"url\":\"https:\/\/www.hoogstra-autosport.nl\/product\/zeronoise-brave-intercom\/\",\"name\":\"ZeroNoise Brave Intercom - Hoogstra Autosport\",\"isPartOf\":{\"@id\":\"https:\/\/www.hoogstra-autosport.nl\/#website\"},\"primaryImageOfPage\":{\"@id\":\"https:\/\/www.hoogstra-autosport.nl\/product\/zeronoise-brave-intercom\/#primaryimage\"},\"image\":{\"@id\":\"https:\/\/www.hoogstra-autosport.nl\/product\/zeronoise-brave-intercom\/#primaryimage\"},\"thumbnailUrl\":\"https:\/\/www.hoogstra-autosport.nl\/teamkoen\/wp-content\/uploads\/2022\/11\/znbravergb-409e_1_1.jpg\",\"datePublished\":\"2022-11-21T14:06:35+00:00\",\"dateModified\":\"2025-01-15T09:44:05+00:00\",\"breadcrumb\":{\"@id\":\"https:\/\/www.hoogstra-autosport.nl\/product\/zeronoise-brave-intercom\/#breadcrumb\"},\"inLanguage\":\"fr-FR\",\"potentialAction\":[{\"@type\":\"ReadAction\",\"target\":[\"https:\/\/www.hoogstra-autosport.nl\/product\/zeronoise-brave-intercom\/\"]}]},{\"@type\":\"ImageObject\",\"inLanguage\":\"fr-FR\",\"@id\":\"https:\/\/www.hoogstra-autosport.nl\/product\/zeronoise-brave-intercom\/#primaryimage\",\"url\":\"https:\/\/www.hoogstra-autosport.nl\/teamkoen\/wp-content\/uploads\/2022\/11\/znbravergb-409e_1_1.jpg\",\"contentUrl\":\"https:\/\/www.hoogstra-autosport.nl\/teamkoen\/wp-content\/uploads\/2022\/11\/znbravergb-409e_1_1.jpg\",\"width\":300,\"height\":300},{\"@type\":\"BreadcrumbList\",\"@id\":\"https:\/\/www.hoogstra-autosport.nl\/product\/zeronoise-brave-intercom\/#breadcrumb\",\"itemListElement\":[{\"@type\":\"ListItem\",\"position\":1,\"name\":\"Home\",\"item\":\"https:\/\/www.hoogstra-autosport.nl\/\"},{\"@type\":\"ListItem\",\"position\":2,\"name\":\"Uitrusting\",\"item\":\"https:\/\/www.hoogstra-autosport.nl\/product-categorie\/autosport-kleding-helmen\/\"},{\"@type\":\"ListItem\",\"position\":3,\"name\":\"Intercoms &amp; Headsets\",\"item\":\"https:\/\/www.hoogstra-autosport.nl\/product-categorie\/autosport-kleding-helmen\/intercoms-heaqsets\/\"},{\"@type\":\"ListItem\",\"position\":4,\"name\":\"Intercom Systemen\",\"item\":\"https:\/\/www.hoogstra-autosport.nl\/product-categorie\/autosport-kleding-helmen\/intercoms-heaqsets\/intercom-systemen\/\"},{\"@type\":\"ListItem\",\"position\":5,\"name\":\"ZeroNoise Brave Intercom\"}]},{\"@type\":\"WebSite\",\"@id\":\"https:\/\/www.hoogstra-autosport.nl\/#website\",\"url\":\"https:\/\/www.hoogstra-autosport.nl\/\",\"name\":\"Hoogstra Autosport\",\"description\":\"Performance Autosport Parts!\",\"potentialAction\":[{\"@type\":\"SearchAction\",\"target\":{\"@type\":\"EntryPoint\",\"urlTemplate\":\"https:\/\/www.hoogstra-autosport.nl\/?s={search_term_string}\"},\"query-input\":{\"@type\":\"PropertyValueSpecification\",\"valueRequired\":true,\"valueName\":\"search_term_string\"}}],\"inLanguage\":\"fr-FR\"}]}<\/script>\n<!-- \/ Yoast SEO plugin. -->","yoast_head_json":{"title":"ZeroNoise Brave Intercom - Hoogstra Autosport","robots":{"index":"index","follow":"follow","max-snippet":"max-snippet:-1","max-image-preview":"max-image-preview:large","max-video-preview":"max-video-preview:-1"},"canonical":"https:\/\/www.hoogstra-autosport.nl\/fr\/produit\/zeronoise-brave-intercom\/","og_locale":"fr_FR","og_type":"article","og_title":"ZeroNoise Brave Intercom - Hoogstra Autosport","og_description":"De ZeroNoise Brave Intercom Amplifier is een analoge versterker die een uitzonderlijke prijs-kwaliteitverhouding biedt. Deze nieuwste versie is voorzien van verbeterde elektronica en dubbele volumeregeling voor nog betere prestaties. De versterker beschikt over geavanceerde ruisfiltering en produceert een schoon en krachtig geluid. Het wordt beschermd door de anti-shock, anti-vibratie siliconen cover en wordt compleet geleverd [&hellip;]","og_url":"https:\/\/www.hoogstra-autosport.nl\/fr\/produit\/zeronoise-brave-intercom\/","og_site_name":"Hoogstra Autosport","article_modified_time":"2025-01-15T09:44:05+00:00","og_image":[{"width":300,"height":300,"url":"https:\/\/www.hoogstra-autosport.nl\/teamkoen\/content\/uploads\/2022\/11\/znbravergb-409e_1_1.jpg","type":"image\/jpeg"}],"twitter_card":"summary_large_image","twitter_misc":{"Dur\u00e9e de lecture estim\u00e9e":"1 minute"},"schema":{"@context":"https:\/\/schema.org","@graph":[{"@type":"WebPage","@id":"https:\/\/www.hoogstra-autosport.nl\/product\/zeronoise-brave-intercom\/","url":"https:\/\/www.hoogstra-autosport.nl\/product\/zeronoise-brave-intercom\/","name":"ZeroNoise Brave Intercom - Hoogstra Autosport","isPartOf":{"@id":"https:\/\/www.hoogstra-autosport.nl\/#website"},"primaryImageOfPage":{"@id":"https:\/\/www.hoogstra-autosport.nl\/product\/zeronoise-brave-intercom\/#primaryimage"},"image":{"@id":"https:\/\/www.hoogstra-autosport.nl\/product\/zeronoise-brave-intercom\/#primaryimage"},"thumbnailUrl":"https:\/\/www.hoogstra-autosport.nl\/teamkoen\/wp-content\/uploads\/2022\/11\/znbravergb-409e_1_1.jpg","datePublished":"2022-11-21T14:06:35+00:00","dateModified":"2025-01-15T09:44:05+00:00","breadcrumb":{"@id":"https:\/\/www.hoogstra-autosport.nl\/product\/zeronoise-brave-intercom\/#breadcrumb"},"inLanguage":"fr-FR","potentialAction":[{"@type":"ReadAction","target":["https:\/\/www.hoogstra-autosport.nl\/product\/zeronoise-brave-intercom\/"]}]},{"@type":"ImageObject","inLanguage":"fr-FR","@id":"https:\/\/www.hoogstra-autosport.nl\/product\/zeronoise-brave-intercom\/#primaryimage","url":"https:\/\/www.hoogstra-autosport.nl\/teamkoen\/wp-content\/uploads\/2022\/11\/znbravergb-409e_1_1.jpg","contentUrl":"https:\/\/www.hoogstra-autosport.nl\/teamkoen\/wp-content\/uploads\/2022\/11\/znbravergb-409e_1_1.jpg","width":300,"height":300},{"@type":"BreadcrumbList","@id":"https:\/\/www.hoogstra-autosport.nl\/product\/zeronoise-brave-intercom\/#breadcrumb","itemListElement":[{"@type":"ListItem","position":1,"name":"Home","item":"https:\/\/www.hoogstra-autosport.nl\/"},{"@type":"ListItem","position":2,"name":"Uitrusting","item":"https:\/\/www.hoogstra-autosport.nl\/product-categorie\/autosport-kleding-helmen\/"},{"@type":"ListItem","position":3,"name":"Intercoms &amp; Headsets","item":"https:\/\/www.hoogstra-autosport.nl\/product-categorie\/autosport-kleding-helmen\/intercoms-heaqsets\/"},{"@type":"ListItem","position":4,"name":"Intercom Systemen","item":"https:\/\/www.hoogstra-autosport.nl\/product-categorie\/autosport-kleding-helmen\/intercoms-heaqsets\/intercom-systemen\/"},{"@type":"ListItem","position":5,"name":"ZeroNoise Brave Intercom"}]},{"@type":"WebSite","@id":"https:\/\/www.hoogstra-autosport.nl\/#website","url":"https:\/\/www.hoogstra-autosport.nl\/","name":"Hoogstra Autosport","description":"Performance Autosport Parts!","potentialAction":[{"@type":"SearchAction","target":{"@type":"EntryPoint","urlTemplate":"https:\/\/www.hoogstra-autosport.nl\/?s={search_term_string}"},"query-input":{"@type":"PropertyValueSpecification","valueRequired":true,"valueName":"search_term_string"}}],"inLanguage":"fr-FR"}]}},"tiered_pricing_type":"fixed","tiered_pricing_fixed_rules":[],"tiered_pricing_product_settings":{"layout":"default","base_unit_name":{"singular":null,"plural":null},"default_variation":null},"tiered_pricing_minimum_quantity":null,"tiered_pricing_roles_data":[],"tiered_pricing_percentage_rules":[],"tiered_pricing_maximum_quantity":null,"tiered_pricing_quantity_step":null,"_links":{"self":[{"href":"https:\/\/www.hoogstra-autosport.nl\/fr\/wp-json\/wp\/v2\/product\/50855","targetHints":{"allow":["GET"]}}],"collection":[{"href":"https:\/\/www.hoogstra-autosport.nl\/fr\/wp-json\/wp\/v2\/product"}],"about":[{"href":"https:\/\/www.hoogstra-autosport.nl\/fr\/wp-json\/wp\/v2\/types\/product"}],"wp:featuredmedia":[{"embeddable":true,"href":"https:\/\/www.hoogstra-autosport.nl\/fr\/wp-json\/wp\/v2\/media\/50863"}],"wp:attachment":[{"href":"https:\/\/www.hoogstra-autosport.nl\/fr\/wp-json\/wp\/v2\/media?parent=50855"}],"wp:term":[{"taxonomy":"product_brand","embeddable":true,"href":"https:\/\/www.hoogstra-autosport.nl\/fr\/wp-json\/wp\/v2\/product_brand?post=50855"},{"taxonomy":"product_cat","embeddable":true,"href":"https:\/\/www.hoogstra-autosport.nl\/fr\/wp-json\/wp\/v2\/product_cat?post=50855"},{"taxonomy":"product_tag","embeddable":true,"href":"https:\/\/www.hoogstra-autosport.nl\/fr\/wp-json\/wp\/v2\/product_tag?post=50855"}],"curies":[{"name":"wp","href":"https:\/\/api.w.org\/{rel}","templated":true}]}}