{"id":50476,"date":"2022-11-01T15:40:51","date_gmt":"2022-11-01T14:40:51","guid":{"rendered":"https:\/\/www.hoogstra-autosport.nl\/?post_type=product&#038;p=50476"},"modified":"2024-06-18T19:31:05","modified_gmt":"2024-06-18T17:31:05","slug":"loncin-g200f-mini-buggy-motor","status":"publish","type":"product","link":"https:\/\/www.hoogstra-autosport.nl\/fr\/produit\/loncin-g200f-mini-buggy-motor\/","title":{"rendered":"Moteur Loncin G200F Mini Buggy"},"content":{"rendered":"<div>La variante la moins ch\u00e8re du moteur Honda GX200.<\/div>\n<div><\/div>\n<div>Moteur Loncin Mini Buggy 200cc<\/div>\n<div>Autoris\u00e9 \u00e0 toutes les courses pour le buggy MINI<\/div>\n<div>Pr\u00eat \u00e0 l'emploi<\/div>\n<ul>\n<li>Type - 1 cylindre \u00e0 4 temps, \u00e0 soupapes en t\u00eate, avec axe du cylindre inclin\u00e9 de 25\u00ba par rapport \u00e0 l'axe horizontal - refroidi par air<\/li>\n<li>Al\u00e9sage et course (mm) - 68 x 54 mm<\/li>\n<li>Cylindr\u00e9e 196 cm3<\/li>\n<li>Allumage - Transistor \u00e9lectronique<\/li>\n<li>Lubrification - lubrification par barbotage<\/li>\n<li><span class=\"Apple-style-span\" style=\"font-size: small;\">Puissance maximale 6,5 HP(4,8kw) \/ 3600 tr\/min<\/span><\/li>\n<li>Couple maximal (Nm \/ tr\/min) - 12,5\/2500<\/li>\n<li>Type d'huile - SAE 15W40<\/li>\n<li>Type de carburant - Sans plomb euro 95, 98, E10<\/li>\n<li>Consommation de carburant 230 g\/heure<\/li>\n<li>Capacit\u00e9 du r\u00e9servoir (litres) - 3,6<\/li>\n<li>Poids net (kg) - 16<\/li>\n<li>Dimensions (mm) - 376 x 312 x 335<\/li>\n<li>Couleur Rouge<\/li>\n<\/ul>","protected":false},"excerpt":{"rendered":"<p>De goedkopere variant van de Honda GX200 motor. Loncin Mini Buggy motor 200cc Toegestaan op alle wedstrijden voor de MINI buggy Gebruiksklaar Type &#8211; 1-cilinder 4-takt, OHV, met cilinder hartlijn kantelen met 25 \u00ba tov de horizontale as &#8211; luchtgekoelde Boring en slag (mm) &#8211; 68 x 54 mm Cilinderinhoud\u00a0196 cm3 Ontsteking &#8211; Transistor eletronic [&hellip;]<\/p>\n","protected":false},"featured_media":63128,"template":"","meta":{"_acf_changed":false},"product_brand":[],"product_cat":[4159,4047],"product_tag":[],"class_list":{"0":"post-50476","1":"product","2":"type-product","3":"status-publish","4":"has-post-thumbnail","6":"product_cat-loncin","7":"product_cat-mini-motoren","8":"product_shipping_class-4018","10":"first","11":"instock","12":"taxable","13":"shipping-taxable","14":"purchasable","15":"product-type-simple"},"acf":[],"yoast_head":"<!-- This site is optimized with the Yoast SEO plugin v27.1.1 - https:\/\/yoast.com\/product\/yoast-seo-wordpress\/ -->\n<title>Loncin G200F Mini Buggy Motor - Hoogstra Autosport<\/title>\n<meta name=\"robots\" content=\"index, follow, max-snippet:-1, max-image-preview:large, max-video-preview:-1\" \/>\n<link rel=\"canonical\" href=\"https:\/\/www.hoogstra-autosport.nl\/fr\/produit\/loncin-g200f-mini-buggy-motor\/\" \/>\n<meta property=\"og:locale\" content=\"fr_FR\" \/>\n<meta property=\"og:type\" content=\"article\" \/>\n<meta property=\"og:title\" content=\"Loncin G200F Mini Buggy Motor - Hoogstra Autosport\" \/>\n<meta property=\"og:description\" content=\"De goedkopere variant van de Honda GX200 motor. Loncin Mini Buggy motor 200cc Toegestaan op alle wedstrijden voor de MINI buggy Gebruiksklaar Type &#8211; 1-cilinder 4-takt, OHV, met cilinder hartlijn kantelen met 25 \u00ba tov de horizontale as &#8211; luchtgekoelde Boring en slag (mm) &#8211; 68 x 54 mm Cilinderinhoud\u00a0196 cm3 Ontsteking &#8211; Transistor eletronic [&hellip;]\" \/>\n<meta property=\"og:url\" content=\"https:\/\/www.hoogstra-autosport.nl\/fr\/produit\/loncin-g200f-mini-buggy-motor\/\" \/>\n<meta property=\"og:site_name\" content=\"Hoogstra Autosport\" \/>\n<meta property=\"article:modified_time\" content=\"2024-06-18T17:31:05+00:00\" \/>\n<meta property=\"og:image\" content=\"https:\/\/www.hoogstra-autosport.nl\/teamkoen\/content\/uploads\/2022\/11\/motor.jpg\" \/>\n\t<meta property=\"og:image:width\" content=\"986\" \/>\n\t<meta property=\"og:image:height\" content=\"986\" \/>\n\t<meta property=\"og:image:type\" content=\"image\/jpeg\" \/>\n<meta name=\"twitter:card\" content=\"summary_large_image\" \/>\n<meta name=\"twitter:label1\" content=\"Dur\u00e9e de lecture estim\u00e9e\" \/>\n\t<meta name=\"twitter:data1\" content=\"1 minute\" \/>\n<script type=\"application\/ld+json\" class=\"yoast-schema-graph\">{\"@context\":\"https:\/\/schema.org\",\"@graph\":[{\"@type\":\"WebPage\",\"@id\":\"https:\/\/www.hoogstra-autosport.nl\/product\/loncin-g200f-mini-buggy-motor\/\",\"url\":\"https:\/\/www.hoogstra-autosport.nl\/product\/loncin-g200f-mini-buggy-motor\/\",\"name\":\"Loncin G200F Mini Buggy Motor - Hoogstra Autosport\",\"isPartOf\":{\"@id\":\"https:\/\/www.hoogstra-autosport.nl\/#website\"},\"primaryImageOfPage\":{\"@id\":\"https:\/\/www.hoogstra-autosport.nl\/product\/loncin-g200f-mini-buggy-motor\/#primaryimage\"},\"image\":{\"@id\":\"https:\/\/www.hoogstra-autosport.nl\/product\/loncin-g200f-mini-buggy-motor\/#primaryimage\"},\"thumbnailUrl\":\"https:\/\/www.hoogstra-autosport.nl\/teamkoen\/wp-content\/uploads\/2022\/11\/motor.jpg\",\"datePublished\":\"2022-11-01T14:40:51+00:00\",\"dateModified\":\"2024-06-18T17:31:05+00:00\",\"breadcrumb\":{\"@id\":\"https:\/\/www.hoogstra-autosport.nl\/product\/loncin-g200f-mini-buggy-motor\/#breadcrumb\"},\"inLanguage\":\"fr-FR\",\"potentialAction\":[{\"@type\":\"ReadAction\",\"target\":[\"https:\/\/www.hoogstra-autosport.nl\/product\/loncin-g200f-mini-buggy-motor\/\"]}]},{\"@type\":\"ImageObject\",\"inLanguage\":\"fr-FR\",\"@id\":\"https:\/\/www.hoogstra-autosport.nl\/product\/loncin-g200f-mini-buggy-motor\/#primaryimage\",\"url\":\"https:\/\/www.hoogstra-autosport.nl\/teamkoen\/wp-content\/uploads\/2022\/11\/motor.jpg\",\"contentUrl\":\"https:\/\/www.hoogstra-autosport.nl\/teamkoen\/wp-content\/uploads\/2022\/11\/motor.jpg\",\"width\":986,\"height\":986},{\"@type\":\"BreadcrumbList\",\"@id\":\"https:\/\/www.hoogstra-autosport.nl\/product\/loncin-g200f-mini-buggy-motor\/#breadcrumb\",\"itemListElement\":[{\"@type\":\"ListItem\",\"position\":1,\"name\":\"Home\",\"item\":\"https:\/\/www.hoogstra-autosport.nl\/\"},{\"@type\":\"ListItem\",\"position\":2,\"name\":\"Carrosserie\",\"item\":\"https:\/\/www.hoogstra-autosport.nl\/product-categorie\/carroserie-bevestiging\/\"},{\"@type\":\"ListItem\",\"position\":3,\"name\":\"MINI BUGGY PARTS\",\"item\":\"https:\/\/www.hoogstra-autosport.nl\/product-categorie\/carroserie-bevestiging\/v-buggy-parts\/\"},{\"@type\":\"ListItem\",\"position\":4,\"name\":\"Mini Buggy Motoren\",\"item\":\"https:\/\/www.hoogstra-autosport.nl\/product-categorie\/carroserie-bevestiging\/v-buggy-parts\/mini-motoren\/\"},{\"@type\":\"ListItem\",\"position\":5,\"name\":\"Loncin G200F Mini Buggy Motor\"}]},{\"@type\":\"WebSite\",\"@id\":\"https:\/\/www.hoogstra-autosport.nl\/#website\",\"url\":\"https:\/\/www.hoogstra-autosport.nl\/\",\"name\":\"Hoogstra Autosport\",\"description\":\"Performance Autosport Parts!\",\"potentialAction\":[{\"@type\":\"SearchAction\",\"target\":{\"@type\":\"EntryPoint\",\"urlTemplate\":\"https:\/\/www.hoogstra-autosport.nl\/?s={search_term_string}\"},\"query-input\":{\"@type\":\"PropertyValueSpecification\",\"valueRequired\":true,\"valueName\":\"search_term_string\"}}],\"inLanguage\":\"fr-FR\"}]}<\/script>\n<!-- \/ Yoast SEO plugin. -->","yoast_head_json":{"title":"Loncin G200F Mini Buggy Motor - Hoogstra Autosport","robots":{"index":"index","follow":"follow","max-snippet":"max-snippet:-1","max-image-preview":"max-image-preview:large","max-video-preview":"max-video-preview:-1"},"canonical":"https:\/\/www.hoogstra-autosport.nl\/fr\/produit\/loncin-g200f-mini-buggy-motor\/","og_locale":"fr_FR","og_type":"article","og_title":"Loncin G200F Mini Buggy Motor - Hoogstra Autosport","og_description":"De goedkopere variant van de Honda GX200 motor. Loncin Mini Buggy motor 200cc Toegestaan op alle wedstrijden voor de MINI buggy Gebruiksklaar Type &#8211; 1-cilinder 4-takt, OHV, met cilinder hartlijn kantelen met 25 \u00ba tov de horizontale as &#8211; luchtgekoelde Boring en slag (mm) &#8211; 68 x 54 mm Cilinderinhoud\u00a0196 cm3 Ontsteking &#8211; Transistor eletronic [&hellip;]","og_url":"https:\/\/www.hoogstra-autosport.nl\/fr\/produit\/loncin-g200f-mini-buggy-motor\/","og_site_name":"Hoogstra Autosport","article_modified_time":"2024-06-18T17:31:05+00:00","og_image":[{"width":986,"height":986,"url":"https:\/\/www.hoogstra-autosport.nl\/teamkoen\/content\/uploads\/2022\/11\/motor.jpg","type":"image\/jpeg"}],"twitter_card":"summary_large_image","twitter_misc":{"Dur\u00e9e de lecture estim\u00e9e":"1 minute"},"schema":{"@context":"https:\/\/schema.org","@graph":[{"@type":"WebPage","@id":"https:\/\/www.hoogstra-autosport.nl\/product\/loncin-g200f-mini-buggy-motor\/","url":"https:\/\/www.hoogstra-autosport.nl\/product\/loncin-g200f-mini-buggy-motor\/","name":"Loncin G200F Mini Buggy Motor - Hoogstra Autosport","isPartOf":{"@id":"https:\/\/www.hoogstra-autosport.nl\/#website"},"primaryImageOfPage":{"@id":"https:\/\/www.hoogstra-autosport.nl\/product\/loncin-g200f-mini-buggy-motor\/#primaryimage"},"image":{"@id":"https:\/\/www.hoogstra-autosport.nl\/product\/loncin-g200f-mini-buggy-motor\/#primaryimage"},"thumbnailUrl":"https:\/\/www.hoogstra-autosport.nl\/teamkoen\/wp-content\/uploads\/2022\/11\/motor.jpg","datePublished":"2022-11-01T14:40:51+00:00","dateModified":"2024-06-18T17:31:05+00:00","breadcrumb":{"@id":"https:\/\/www.hoogstra-autosport.nl\/product\/loncin-g200f-mini-buggy-motor\/#breadcrumb"},"inLanguage":"fr-FR","potentialAction":[{"@type":"ReadAction","target":["https:\/\/www.hoogstra-autosport.nl\/product\/loncin-g200f-mini-buggy-motor\/"]}]},{"@type":"ImageObject","inLanguage":"fr-FR","@id":"https:\/\/www.hoogstra-autosport.nl\/product\/loncin-g200f-mini-buggy-motor\/#primaryimage","url":"https:\/\/www.hoogstra-autosport.nl\/teamkoen\/wp-content\/uploads\/2022\/11\/motor.jpg","contentUrl":"https:\/\/www.hoogstra-autosport.nl\/teamkoen\/wp-content\/uploads\/2022\/11\/motor.jpg","width":986,"height":986},{"@type":"BreadcrumbList","@id":"https:\/\/www.hoogstra-autosport.nl\/product\/loncin-g200f-mini-buggy-motor\/#breadcrumb","itemListElement":[{"@type":"ListItem","position":1,"name":"Home","item":"https:\/\/www.hoogstra-autosport.nl\/"},{"@type":"ListItem","position":2,"name":"Carrosserie","item":"https:\/\/www.hoogstra-autosport.nl\/product-categorie\/carroserie-bevestiging\/"},{"@type":"ListItem","position":3,"name":"MINI BUGGY PARTS","item":"https:\/\/www.hoogstra-autosport.nl\/product-categorie\/carroserie-bevestiging\/v-buggy-parts\/"},{"@type":"ListItem","position":4,"name":"Mini Buggy Motoren","item":"https:\/\/www.hoogstra-autosport.nl\/product-categorie\/carroserie-bevestiging\/v-buggy-parts\/mini-motoren\/"},{"@type":"ListItem","position":5,"name":"Loncin G200F Mini Buggy Motor"}]},{"@type":"WebSite","@id":"https:\/\/www.hoogstra-autosport.nl\/#website","url":"https:\/\/www.hoogstra-autosport.nl\/","name":"Hoogstra Autosport","description":"Performance Autosport Parts!","potentialAction":[{"@type":"SearchAction","target":{"@type":"EntryPoint","urlTemplate":"https:\/\/www.hoogstra-autosport.nl\/?s={search_term_string}"},"query-input":{"@type":"PropertyValueSpecification","valueRequired":true,"valueName":"search_term_string"}}],"inLanguage":"fr-FR"}]}},"tiered_pricing_type":"fixed","tiered_pricing_fixed_rules":[],"tiered_pricing_product_settings":{"layout":"default","base_unit_name":{"singular":null,"plural":null},"default_variation":null},"tiered_pricing_minimum_quantity":null,"tiered_pricing_roles_data":[],"tiered_pricing_percentage_rules":[],"tiered_pricing_maximum_quantity":null,"tiered_pricing_quantity_step":null,"_links":{"self":[{"href":"https:\/\/www.hoogstra-autosport.nl\/fr\/wp-json\/wp\/v2\/product\/50476","targetHints":{"allow":["GET"]}}],"collection":[{"href":"https:\/\/www.hoogstra-autosport.nl\/fr\/wp-json\/wp\/v2\/product"}],"about":[{"href":"https:\/\/www.hoogstra-autosport.nl\/fr\/wp-json\/wp\/v2\/types\/product"}],"wp:featuredmedia":[{"embeddable":true,"href":"https:\/\/www.hoogstra-autosport.nl\/fr\/wp-json\/wp\/v2\/media\/63128"}],"wp:attachment":[{"href":"https:\/\/www.hoogstra-autosport.nl\/fr\/wp-json\/wp\/v2\/media?parent=50476"}],"wp:term":[{"taxonomy":"product_brand","embeddable":true,"href":"https:\/\/www.hoogstra-autosport.nl\/fr\/wp-json\/wp\/v2\/product_brand?post=50476"},{"taxonomy":"product_cat","embeddable":true,"href":"https:\/\/www.hoogstra-autosport.nl\/fr\/wp-json\/wp\/v2\/product_cat?post=50476"},{"taxonomy":"product_tag","embeddable":true,"href":"https:\/\/www.hoogstra-autosport.nl\/fr\/wp-json\/wp\/v2\/product_tag?post=50476"}],"curies":[{"name":"wp","href":"https:\/\/api.w.org\/{rel}","templated":true}]}}