{"id":50405,"date":"2022-11-01T13:18:13","date_gmt":"2022-11-01T12:18:13","guid":{"rendered":"https:\/\/www.hoogstra-autosport.nl\/?post_type=product&#038;p=50405"},"modified":"2024-01-20T13:12:58","modified_gmt":"2024-01-20T12:12:58","slug":"ltec-verbinder-mannelijk-recht-met-snijrand-d6","status":"publish","type":"product","link":"https:\/\/www.hoogstra-autosport.nl\/fr\/produit\/ltec-verbinder-mannelijk-recht-met-snijrand-d6\/","title":{"rendered":"Connecteur LTEC m\u00e2le droit avec ar\u00eate de coupe D6"},"content":{"rendered":"<p>Convient aux tuyaux \u00e0 gaine d'acier en caoutchouc Dash 6<\/p>\n<p>Pas pour les tuyaux en t\u00e9flon !<\/p>","protected":false},"excerpt":{"rendered":"<p>Geschikt voor rubberen staal ommantelde slang Dash\u00a06 slang Dus niet voor teflon leiding!<\/p>","protected":false},"featured_media":50407,"template":"","meta":{"_acf_changed":false},"product_brand":[],"product_cat":[2779,4158],"product_tag":[],"class_list":{"0":"post-50405","1":"product","2":"type-product","3":"status-publish","4":"has-post-thumbnail","6":"product_cat-dash-6-koppelingen","7":"product_cat-ltec","8":"product_shipping_class-4016","10":"first","11":"instock","12":"taxable","13":"shipping-taxable","14":"purchasable","15":"product-type-simple"},"acf":[],"yoast_head":"<!-- This site is optimized with the Yoast SEO plugin v27.1.1 - https:\/\/yoast.com\/product\/yoast-seo-wordpress\/ -->\n<title>LTEC Verbinder Mannelijk Recht met Snijrand D6 - Hoogstra Autosport<\/title>\n<meta name=\"robots\" content=\"index, follow, max-snippet:-1, max-image-preview:large, max-video-preview:-1\" \/>\n<link rel=\"canonical\" href=\"https:\/\/www.hoogstra-autosport.nl\/fr\/produit\/ltec-verbinder-mannelijk-recht-met-snijrand-d6\/\" \/>\n<meta property=\"og:locale\" content=\"fr_FR\" \/>\n<meta property=\"og:type\" content=\"article\" \/>\n<meta property=\"og:title\" content=\"LTEC Verbinder Mannelijk Recht met Snijrand D6 - Hoogstra Autosport\" \/>\n<meta property=\"og:description\" content=\"Geschikt voor rubberen staal ommantelde slang Dash\u00a06 slang Dus niet voor teflon leiding!\" \/>\n<meta property=\"og:url\" content=\"https:\/\/www.hoogstra-autosport.nl\/fr\/produit\/ltec-verbinder-mannelijk-recht-met-snijrand-d6\/\" \/>\n<meta property=\"og:site_name\" content=\"Hoogstra Autosport\" \/>\n<meta property=\"article:modified_time\" content=\"2024-01-20T12:12:58+00:00\" \/>\n<meta property=\"og:image\" content=\"https:\/\/www.hoogstra-autosport.nl\/teamkoen\/content\/uploads\/2022\/11\/ltcut84016web-87f2_1_1.jpg\" \/>\n\t<meta property=\"og:image:width\" content=\"748\" \/>\n\t<meta property=\"og:image:height\" content=\"552\" \/>\n\t<meta property=\"og:image:type\" content=\"image\/jpeg\" \/>\n<meta name=\"twitter:card\" content=\"summary_large_image\" \/>\n<meta name=\"twitter:label1\" content=\"Dur\u00e9e de lecture estim\u00e9e\" \/>\n\t<meta name=\"twitter:data1\" content=\"1 minute\" \/>\n<script type=\"application\/ld+json\" class=\"yoast-schema-graph\">{\"@context\":\"https:\/\/schema.org\",\"@graph\":[{\"@type\":\"WebPage\",\"@id\":\"https:\/\/www.hoogstra-autosport.nl\/product\/ltec-verbinder-mannelijk-recht-met-snijrand-d6\/\",\"url\":\"https:\/\/www.hoogstra-autosport.nl\/product\/ltec-verbinder-mannelijk-recht-met-snijrand-d6\/\",\"name\":\"LTEC Verbinder Mannelijk Recht met Snijrand D6 - Hoogstra Autosport\",\"isPartOf\":{\"@id\":\"https:\/\/www.hoogstra-autosport.nl\/#website\"},\"primaryImageOfPage\":{\"@id\":\"https:\/\/www.hoogstra-autosport.nl\/product\/ltec-verbinder-mannelijk-recht-met-snijrand-d6\/#primaryimage\"},\"image\":{\"@id\":\"https:\/\/www.hoogstra-autosport.nl\/product\/ltec-verbinder-mannelijk-recht-met-snijrand-d6\/#primaryimage\"},\"thumbnailUrl\":\"https:\/\/www.hoogstra-autosport.nl\/teamkoen\/wp-content\/uploads\/2022\/11\/ltcut84016web-87f2_1_1.jpg\",\"datePublished\":\"2022-11-01T12:18:13+00:00\",\"dateModified\":\"2024-01-20T12:12:58+00:00\",\"breadcrumb\":{\"@id\":\"https:\/\/www.hoogstra-autosport.nl\/product\/ltec-verbinder-mannelijk-recht-met-snijrand-d6\/#breadcrumb\"},\"inLanguage\":\"fr-FR\",\"potentialAction\":[{\"@type\":\"ReadAction\",\"target\":[\"https:\/\/www.hoogstra-autosport.nl\/product\/ltec-verbinder-mannelijk-recht-met-snijrand-d6\/\"]}]},{\"@type\":\"ImageObject\",\"inLanguage\":\"fr-FR\",\"@id\":\"https:\/\/www.hoogstra-autosport.nl\/product\/ltec-verbinder-mannelijk-recht-met-snijrand-d6\/#primaryimage\",\"url\":\"https:\/\/www.hoogstra-autosport.nl\/teamkoen\/wp-content\/uploads\/2022\/11\/ltcut84016web-87f2_1_1.jpg\",\"contentUrl\":\"https:\/\/www.hoogstra-autosport.nl\/teamkoen\/wp-content\/uploads\/2022\/11\/ltcut84016web-87f2_1_1.jpg\",\"width\":748,\"height\":552},{\"@type\":\"BreadcrumbList\",\"@id\":\"https:\/\/www.hoogstra-autosport.nl\/product\/ltec-verbinder-mannelijk-recht-met-snijrand-d6\/#breadcrumb\",\"itemListElement\":[{\"@type\":\"ListItem\",\"position\":1,\"name\":\"Home\",\"item\":\"https:\/\/www.hoogstra-autosport.nl\/\"},{\"@type\":\"ListItem\",\"position\":2,\"name\":\"Motorisch\",\"item\":\"https:\/\/www.hoogstra-autosport.nl\/product-categorie\/auto-techniek\/\"},{\"@type\":\"ListItem\",\"position\":3,\"name\":\"Slangen &amp; Dash Nippels\",\"item\":\"https:\/\/www.hoogstra-autosport.nl\/product-categorie\/auto-techniek\/dash-koppelingen\/\"},{\"@type\":\"ListItem\",\"position\":4,\"name\":\"Dash Slang Koppelingen\",\"item\":\"https:\/\/www.hoogstra-autosport.nl\/product-categorie\/auto-techniek\/dash-koppelingen\/dash-nippels-bochten\/\"},{\"@type\":\"ListItem\",\"position\":5,\"name\":\"Dash 6 Koppelingen\",\"item\":\"https:\/\/www.hoogstra-autosport.nl\/product-categorie\/auto-techniek\/dash-koppelingen\/dash-nippels-bochten\/dash-6-koppelingen\/\"},{\"@type\":\"ListItem\",\"position\":6,\"name\":\"LTEC Verbinder Mannelijk Recht met Snijrand D6\"}]},{\"@type\":\"WebSite\",\"@id\":\"https:\/\/www.hoogstra-autosport.nl\/#website\",\"url\":\"https:\/\/www.hoogstra-autosport.nl\/\",\"name\":\"Hoogstra Autosport\",\"description\":\"Performance Autosport Parts!\",\"potentialAction\":[{\"@type\":\"SearchAction\",\"target\":{\"@type\":\"EntryPoint\",\"urlTemplate\":\"https:\/\/www.hoogstra-autosport.nl\/?s={search_term_string}\"},\"query-input\":{\"@type\":\"PropertyValueSpecification\",\"valueRequired\":true,\"valueName\":\"search_term_string\"}}],\"inLanguage\":\"fr-FR\"}]}<\/script>\n<!-- \/ Yoast SEO plugin. -->","yoast_head_json":{"title":"LTEC Verbinder Mannelijk Recht met Snijrand D6 - Hoogstra Autosport","robots":{"index":"index","follow":"follow","max-snippet":"max-snippet:-1","max-image-preview":"max-image-preview:large","max-video-preview":"max-video-preview:-1"},"canonical":"https:\/\/www.hoogstra-autosport.nl\/fr\/produit\/ltec-verbinder-mannelijk-recht-met-snijrand-d6\/","og_locale":"fr_FR","og_type":"article","og_title":"LTEC Verbinder Mannelijk Recht met Snijrand D6 - Hoogstra Autosport","og_description":"Geschikt voor rubberen staal ommantelde slang Dash\u00a06 slang Dus niet voor teflon leiding!","og_url":"https:\/\/www.hoogstra-autosport.nl\/fr\/produit\/ltec-verbinder-mannelijk-recht-met-snijrand-d6\/","og_site_name":"Hoogstra Autosport","article_modified_time":"2024-01-20T12:12:58+00:00","og_image":[{"width":748,"height":552,"url":"https:\/\/www.hoogstra-autosport.nl\/teamkoen\/content\/uploads\/2022\/11\/ltcut84016web-87f2_1_1.jpg","type":"image\/jpeg"}],"twitter_card":"summary_large_image","twitter_misc":{"Dur\u00e9e de lecture estim\u00e9e":"1 minute"},"schema":{"@context":"https:\/\/schema.org","@graph":[{"@type":"WebPage","@id":"https:\/\/www.hoogstra-autosport.nl\/product\/ltec-verbinder-mannelijk-recht-met-snijrand-d6\/","url":"https:\/\/www.hoogstra-autosport.nl\/product\/ltec-verbinder-mannelijk-recht-met-snijrand-d6\/","name":"LTEC Verbinder Mannelijk Recht met Snijrand D6 - Hoogstra Autosport","isPartOf":{"@id":"https:\/\/www.hoogstra-autosport.nl\/#website"},"primaryImageOfPage":{"@id":"https:\/\/www.hoogstra-autosport.nl\/product\/ltec-verbinder-mannelijk-recht-met-snijrand-d6\/#primaryimage"},"image":{"@id":"https:\/\/www.hoogstra-autosport.nl\/product\/ltec-verbinder-mannelijk-recht-met-snijrand-d6\/#primaryimage"},"thumbnailUrl":"https:\/\/www.hoogstra-autosport.nl\/teamkoen\/wp-content\/uploads\/2022\/11\/ltcut84016web-87f2_1_1.jpg","datePublished":"2022-11-01T12:18:13+00:00","dateModified":"2024-01-20T12:12:58+00:00","breadcrumb":{"@id":"https:\/\/www.hoogstra-autosport.nl\/product\/ltec-verbinder-mannelijk-recht-met-snijrand-d6\/#breadcrumb"},"inLanguage":"fr-FR","potentialAction":[{"@type":"ReadAction","target":["https:\/\/www.hoogstra-autosport.nl\/product\/ltec-verbinder-mannelijk-recht-met-snijrand-d6\/"]}]},{"@type":"ImageObject","inLanguage":"fr-FR","@id":"https:\/\/www.hoogstra-autosport.nl\/product\/ltec-verbinder-mannelijk-recht-met-snijrand-d6\/#primaryimage","url":"https:\/\/www.hoogstra-autosport.nl\/teamkoen\/wp-content\/uploads\/2022\/11\/ltcut84016web-87f2_1_1.jpg","contentUrl":"https:\/\/www.hoogstra-autosport.nl\/teamkoen\/wp-content\/uploads\/2022\/11\/ltcut84016web-87f2_1_1.jpg","width":748,"height":552},{"@type":"BreadcrumbList","@id":"https:\/\/www.hoogstra-autosport.nl\/product\/ltec-verbinder-mannelijk-recht-met-snijrand-d6\/#breadcrumb","itemListElement":[{"@type":"ListItem","position":1,"name":"Home","item":"https:\/\/www.hoogstra-autosport.nl\/"},{"@type":"ListItem","position":2,"name":"Motorisch","item":"https:\/\/www.hoogstra-autosport.nl\/product-categorie\/auto-techniek\/"},{"@type":"ListItem","position":3,"name":"Slangen &amp; Dash Nippels","item":"https:\/\/www.hoogstra-autosport.nl\/product-categorie\/auto-techniek\/dash-koppelingen\/"},{"@type":"ListItem","position":4,"name":"Dash Slang Koppelingen","item":"https:\/\/www.hoogstra-autosport.nl\/product-categorie\/auto-techniek\/dash-koppelingen\/dash-nippels-bochten\/"},{"@type":"ListItem","position":5,"name":"Dash 6 Koppelingen","item":"https:\/\/www.hoogstra-autosport.nl\/product-categorie\/auto-techniek\/dash-koppelingen\/dash-nippels-bochten\/dash-6-koppelingen\/"},{"@type":"ListItem","position":6,"name":"LTEC Verbinder Mannelijk Recht met Snijrand D6"}]},{"@type":"WebSite","@id":"https:\/\/www.hoogstra-autosport.nl\/#website","url":"https:\/\/www.hoogstra-autosport.nl\/","name":"Hoogstra Autosport","description":"Performance Autosport Parts!","potentialAction":[{"@type":"SearchAction","target":{"@type":"EntryPoint","urlTemplate":"https:\/\/www.hoogstra-autosport.nl\/?s={search_term_string}"},"query-input":{"@type":"PropertyValueSpecification","valueRequired":true,"valueName":"search_term_string"}}],"inLanguage":"fr-FR"}]}},"tiered_pricing_type":"fixed","tiered_pricing_fixed_rules":[],"tiered_pricing_product_settings":{"layout":"default","base_unit_name":{"singular":null,"plural":null},"default_variation":null},"tiered_pricing_minimum_quantity":null,"tiered_pricing_roles_data":[],"tiered_pricing_percentage_rules":[],"tiered_pricing_maximum_quantity":null,"tiered_pricing_quantity_step":null,"_links":{"self":[{"href":"https:\/\/www.hoogstra-autosport.nl\/fr\/wp-json\/wp\/v2\/product\/50405","targetHints":{"allow":["GET"]}}],"collection":[{"href":"https:\/\/www.hoogstra-autosport.nl\/fr\/wp-json\/wp\/v2\/product"}],"about":[{"href":"https:\/\/www.hoogstra-autosport.nl\/fr\/wp-json\/wp\/v2\/types\/product"}],"wp:featuredmedia":[{"embeddable":true,"href":"https:\/\/www.hoogstra-autosport.nl\/fr\/wp-json\/wp\/v2\/media\/50407"}],"wp:attachment":[{"href":"https:\/\/www.hoogstra-autosport.nl\/fr\/wp-json\/wp\/v2\/media?parent=50405"}],"wp:term":[{"taxonomy":"product_brand","embeddable":true,"href":"https:\/\/www.hoogstra-autosport.nl\/fr\/wp-json\/wp\/v2\/product_brand?post=50405"},{"taxonomy":"product_cat","embeddable":true,"href":"https:\/\/www.hoogstra-autosport.nl\/fr\/wp-json\/wp\/v2\/product_cat?post=50405"},{"taxonomy":"product_tag","embeddable":true,"href":"https:\/\/www.hoogstra-autosport.nl\/fr\/wp-json\/wp\/v2\/product_tag?post=50405"}],"curies":[{"name":"wp","href":"https:\/\/api.w.org\/{rel}","templated":true}]}}