{"id":50144,"date":"2022-10-13T19:28:24","date_gmt":"2022-10-13T17:28:24","guid":{"rendered":"https:\/\/www.hoogstra-autosport.nl\/?post_type=product&#038;p=50144"},"modified":"2024-12-03T19:20:51","modified_gmt":"2024-12-03T18:20:51","slug":"kruisstuk-19x48-mini-buggy","status":"publish","type":"product","link":"https:\/\/www.hoogstra-autosport.nl\/fr\/produit\/kruisstuk-19x48-mini-buggy\/","title":{"rendered":"Pi\u00e8ce crois\u00e9e 19\u00d748 Mini Buggy"},"content":{"rendered":"<p>19\u00d748 joint universel arbre de transmission mini buggy<\/p>","protected":false},"excerpt":{"rendered":"<p>19\u00d748 joint universel arbre de transmission mini buggy<\/p>","protected":false},"featured_media":77511,"template":"","meta":{"_acf_changed":false},"product_brand":[],"product_cat":[4048],"product_tag":[],"class_list":{"0":"post-50144","1":"product","2":"type-product","3":"status-publish","4":"has-post-thumbnail","6":"product_cat-mini-onderdelen","7":"product_shipping_class-4016","9":"first","10":"instock","11":"taxable","12":"shipping-taxable","13":"purchasable","14":"product-type-simple"},"acf":[],"yoast_head":"<!-- This site is optimized with the Yoast SEO plugin v27.1.1 - https:\/\/yoast.com\/product\/yoast-seo-wordpress\/ -->\n<title>Kruisstuk 19x48 Mini Buggy - Hoogstra Autosport<\/title>\n<meta name=\"robots\" content=\"index, follow, max-snippet:-1, max-image-preview:large, max-video-preview:-1\" \/>\n<link rel=\"canonical\" href=\"https:\/\/www.hoogstra-autosport.nl\/fr\/produit\/kruisstuk-19x48-mini-buggy\/\" \/>\n<meta property=\"og:locale\" content=\"fr_FR\" \/>\n<meta property=\"og:type\" content=\"article\" \/>\n<meta property=\"og:title\" content=\"Kruisstuk 19x48 Mini Buggy - Hoogstra Autosport\" \/>\n<meta property=\"og:description\" content=\"19&#215;48 kruisstuk aandrijfas mini buggy\" \/>\n<meta property=\"og:url\" content=\"https:\/\/www.hoogstra-autosport.nl\/fr\/produit\/kruisstuk-19x48-mini-buggy\/\" \/>\n<meta property=\"og:site_name\" content=\"Hoogstra Autosport\" \/>\n<meta property=\"article:modified_time\" content=\"2024-12-03T18:20:51+00:00\" \/>\n<meta property=\"og:image\" content=\"https:\/\/hoogstra-autosport.nl\/teamkoen\/content\/uploads\/2022\/10\/thumbnail_IMG_1522-3.jpg\" \/>\n\t<meta property=\"og:image:width\" content=\"1242\" \/>\n\t<meta property=\"og:image:height\" content=\"1242\" \/>\n\t<meta property=\"og:image:type\" content=\"image\/jpeg\" \/>\n<meta name=\"twitter:card\" content=\"summary_large_image\" \/>\n<meta name=\"twitter:label1\" content=\"Dur\u00e9e de lecture estim\u00e9e\" \/>\n\t<meta name=\"twitter:data1\" content=\"1 minute\" \/>\n<script type=\"application\/ld+json\" class=\"yoast-schema-graph\">{\"@context\":\"https:\/\/schema.org\",\"@graph\":[{\"@type\":\"WebPage\",\"@id\":\"https:\/\/www.hoogstra-autosport.nl\/product\/kruisstuk-19x48-mini-buggy\/\",\"url\":\"https:\/\/www.hoogstra-autosport.nl\/product\/kruisstuk-19x48-mini-buggy\/\",\"name\":\"Kruisstuk 19x48 Mini Buggy - Hoogstra Autosport\",\"isPartOf\":{\"@id\":\"https:\/\/www.hoogstra-autosport.nl\/#website\"},\"primaryImageOfPage\":{\"@id\":\"https:\/\/www.hoogstra-autosport.nl\/product\/kruisstuk-19x48-mini-buggy\/#primaryimage\"},\"image\":{\"@id\":\"https:\/\/www.hoogstra-autosport.nl\/product\/kruisstuk-19x48-mini-buggy\/#primaryimage\"},\"thumbnailUrl\":\"https:\/\/www.hoogstra-autosport.nl\/teamkoen\/wp-content\/uploads\/2022\/10\/thumbnail_IMG_1522-3.jpg\",\"datePublished\":\"2022-10-13T17:28:24+00:00\",\"dateModified\":\"2024-12-03T18:20:51+00:00\",\"breadcrumb\":{\"@id\":\"https:\/\/www.hoogstra-autosport.nl\/product\/kruisstuk-19x48-mini-buggy\/#breadcrumb\"},\"inLanguage\":\"fr-FR\",\"potentialAction\":[{\"@type\":\"ReadAction\",\"target\":[\"https:\/\/www.hoogstra-autosport.nl\/product\/kruisstuk-19x48-mini-buggy\/\"]}]},{\"@type\":\"ImageObject\",\"inLanguage\":\"fr-FR\",\"@id\":\"https:\/\/www.hoogstra-autosport.nl\/product\/kruisstuk-19x48-mini-buggy\/#primaryimage\",\"url\":\"https:\/\/www.hoogstra-autosport.nl\/teamkoen\/wp-content\/uploads\/2022\/10\/thumbnail_IMG_1522-3.jpg\",\"contentUrl\":\"https:\/\/www.hoogstra-autosport.nl\/teamkoen\/wp-content\/uploads\/2022\/10\/thumbnail_IMG_1522-3.jpg\",\"width\":1242,\"height\":1242},{\"@type\":\"BreadcrumbList\",\"@id\":\"https:\/\/www.hoogstra-autosport.nl\/product\/kruisstuk-19x48-mini-buggy\/#breadcrumb\",\"itemListElement\":[{\"@type\":\"ListItem\",\"position\":1,\"name\":\"Home\",\"item\":\"https:\/\/www.hoogstra-autosport.nl\/\"},{\"@type\":\"ListItem\",\"position\":2,\"name\":\"Carrosserie\",\"item\":\"https:\/\/www.hoogstra-autosport.nl\/product-categorie\/carroserie-bevestiging\/\"},{\"@type\":\"ListItem\",\"position\":3,\"name\":\"MINI BUGGY PARTS\",\"item\":\"https:\/\/www.hoogstra-autosport.nl\/product-categorie\/carroserie-bevestiging\/v-buggy-parts\/\"},{\"@type\":\"ListItem\",\"position\":4,\"name\":\"Mini Buggy Onderdelen\",\"item\":\"https:\/\/www.hoogstra-autosport.nl\/product-categorie\/carroserie-bevestiging\/v-buggy-parts\/mini-onderdelen\/\"},{\"@type\":\"ListItem\",\"position\":5,\"name\":\"Kruisstuk 19&#215;48 Mini Buggy\"}]},{\"@type\":\"WebSite\",\"@id\":\"https:\/\/www.hoogstra-autosport.nl\/#website\",\"url\":\"https:\/\/www.hoogstra-autosport.nl\/\",\"name\":\"Hoogstra Autosport\",\"description\":\"Performance Autosport Parts!\",\"potentialAction\":[{\"@type\":\"SearchAction\",\"target\":{\"@type\":\"EntryPoint\",\"urlTemplate\":\"https:\/\/www.hoogstra-autosport.nl\/?s={search_term_string}\"},\"query-input\":{\"@type\":\"PropertyValueSpecification\",\"valueRequired\":true,\"valueName\":\"search_term_string\"}}],\"inLanguage\":\"fr-FR\"}]}<\/script>\n<!-- \/ Yoast SEO plugin. -->","yoast_head_json":{"title":"Kruisstuk 19x48 Mini Buggy - Hoogstra Autosport","robots":{"index":"index","follow":"follow","max-snippet":"max-snippet:-1","max-image-preview":"max-image-preview:large","max-video-preview":"max-video-preview:-1"},"canonical":"https:\/\/www.hoogstra-autosport.nl\/fr\/produit\/kruisstuk-19x48-mini-buggy\/","og_locale":"fr_FR","og_type":"article","og_title":"Kruisstuk 19x48 Mini Buggy - Hoogstra Autosport","og_description":"19&#215;48 kruisstuk aandrijfas mini buggy","og_url":"https:\/\/www.hoogstra-autosport.nl\/fr\/produit\/kruisstuk-19x48-mini-buggy\/","og_site_name":"Hoogstra Autosport","article_modified_time":"2024-12-03T18:20:51+00:00","og_image":[{"width":1242,"height":1242,"url":"https:\/\/hoogstra-autosport.nl\/teamkoen\/content\/uploads\/2022\/10\/thumbnail_IMG_1522-3.jpg","type":"image\/jpeg"}],"twitter_card":"summary_large_image","twitter_misc":{"Dur\u00e9e de lecture estim\u00e9e":"1 minute"},"schema":{"@context":"https:\/\/schema.org","@graph":[{"@type":"WebPage","@id":"https:\/\/www.hoogstra-autosport.nl\/product\/kruisstuk-19x48-mini-buggy\/","url":"https:\/\/www.hoogstra-autosport.nl\/product\/kruisstuk-19x48-mini-buggy\/","name":"Kruisstuk 19x48 Mini Buggy - Hoogstra Autosport","isPartOf":{"@id":"https:\/\/www.hoogstra-autosport.nl\/#website"},"primaryImageOfPage":{"@id":"https:\/\/www.hoogstra-autosport.nl\/product\/kruisstuk-19x48-mini-buggy\/#primaryimage"},"image":{"@id":"https:\/\/www.hoogstra-autosport.nl\/product\/kruisstuk-19x48-mini-buggy\/#primaryimage"},"thumbnailUrl":"https:\/\/www.hoogstra-autosport.nl\/teamkoen\/wp-content\/uploads\/2022\/10\/thumbnail_IMG_1522-3.jpg","datePublished":"2022-10-13T17:28:24+00:00","dateModified":"2024-12-03T18:20:51+00:00","breadcrumb":{"@id":"https:\/\/www.hoogstra-autosport.nl\/product\/kruisstuk-19x48-mini-buggy\/#breadcrumb"},"inLanguage":"fr-FR","potentialAction":[{"@type":"ReadAction","target":["https:\/\/www.hoogstra-autosport.nl\/product\/kruisstuk-19x48-mini-buggy\/"]}]},{"@type":"ImageObject","inLanguage":"fr-FR","@id":"https:\/\/www.hoogstra-autosport.nl\/product\/kruisstuk-19x48-mini-buggy\/#primaryimage","url":"https:\/\/www.hoogstra-autosport.nl\/teamkoen\/wp-content\/uploads\/2022\/10\/thumbnail_IMG_1522-3.jpg","contentUrl":"https:\/\/www.hoogstra-autosport.nl\/teamkoen\/wp-content\/uploads\/2022\/10\/thumbnail_IMG_1522-3.jpg","width":1242,"height":1242},{"@type":"BreadcrumbList","@id":"https:\/\/www.hoogstra-autosport.nl\/product\/kruisstuk-19x48-mini-buggy\/#breadcrumb","itemListElement":[{"@type":"ListItem","position":1,"name":"Home","item":"https:\/\/www.hoogstra-autosport.nl\/"},{"@type":"ListItem","position":2,"name":"Carrosserie","item":"https:\/\/www.hoogstra-autosport.nl\/product-categorie\/carroserie-bevestiging\/"},{"@type":"ListItem","position":3,"name":"MINI BUGGY PARTS","item":"https:\/\/www.hoogstra-autosport.nl\/product-categorie\/carroserie-bevestiging\/v-buggy-parts\/"},{"@type":"ListItem","position":4,"name":"Mini Buggy Onderdelen","item":"https:\/\/www.hoogstra-autosport.nl\/product-categorie\/carroserie-bevestiging\/v-buggy-parts\/mini-onderdelen\/"},{"@type":"ListItem","position":5,"name":"Kruisstuk 19&#215;48 Mini Buggy"}]},{"@type":"WebSite","@id":"https:\/\/www.hoogstra-autosport.nl\/#website","url":"https:\/\/www.hoogstra-autosport.nl\/","name":"Hoogstra Autosport","description":"Performance Autosport Parts!","potentialAction":[{"@type":"SearchAction","target":{"@type":"EntryPoint","urlTemplate":"https:\/\/www.hoogstra-autosport.nl\/?s={search_term_string}"},"query-input":{"@type":"PropertyValueSpecification","valueRequired":true,"valueName":"search_term_string"}}],"inLanguage":"fr-FR"}]}},"tiered_pricing_type":"fixed","tiered_pricing_fixed_rules":[],"tiered_pricing_product_settings":{"layout":"default","base_unit_name":{"singular":null,"plural":null},"default_variation":null},"tiered_pricing_minimum_quantity":null,"tiered_pricing_roles_data":[],"tiered_pricing_percentage_rules":[],"tiered_pricing_maximum_quantity":null,"tiered_pricing_quantity_step":null,"_links":{"self":[{"href":"https:\/\/www.hoogstra-autosport.nl\/fr\/wp-json\/wp\/v2\/product\/50144","targetHints":{"allow":["GET"]}}],"collection":[{"href":"https:\/\/www.hoogstra-autosport.nl\/fr\/wp-json\/wp\/v2\/product"}],"about":[{"href":"https:\/\/www.hoogstra-autosport.nl\/fr\/wp-json\/wp\/v2\/types\/product"}],"wp:featuredmedia":[{"embeddable":true,"href":"https:\/\/www.hoogstra-autosport.nl\/fr\/wp-json\/wp\/v2\/media\/77511"}],"wp:attachment":[{"href":"https:\/\/www.hoogstra-autosport.nl\/fr\/wp-json\/wp\/v2\/media?parent=50144"}],"wp:term":[{"taxonomy":"product_brand","embeddable":true,"href":"https:\/\/www.hoogstra-autosport.nl\/fr\/wp-json\/wp\/v2\/product_brand?post=50144"},{"taxonomy":"product_cat","embeddable":true,"href":"https:\/\/www.hoogstra-autosport.nl\/fr\/wp-json\/wp\/v2\/product_cat?post=50144"},{"taxonomy":"product_tag","embeddable":true,"href":"https:\/\/www.hoogstra-autosport.nl\/fr\/wp-json\/wp\/v2\/product_tag?post=50144"}],"curies":[{"name":"wp","href":"https:\/\/api.w.org\/{rel}","templated":true}]}}